{"id":1025,"date":"2023-04-20T11:47:20","date_gmt":"2023-04-20T11:47:20","guid":{"rendered":"https:\/\/dummy.xtemos.com\/woodmart2\/furniture2-elementor\/?page_id=29"},"modified":"2026-01-13T01:43:56","modified_gmt":"2026-01-13T01:43:56","slug":"contact-us","status":"publish","type":"page","link":"https:\/\/oiovape.com\/da\/contact-us\/","title":{"rendered":"Kontakt os"},"content":{"rendered":"<div data-elementor-type=\"wp-page\" data-elementor-id=\"1025\" class=\"elementor elementor-1025\">\n\t\t\t\t<div class=\"elementor-element elementor-element-dd7500d e-flex e-con-boxed e-con e-parent\" data-id=\"dd7500d\" data-element_type=\"container\" data-e-type=\"container\">\n\t\t\t\t\t<div class=\"e-con-inner\">\n\t\t\t\t<div class=\"elementor-element elementor-element-acd460b elementor-widget__width-initial wd-page-title-el elementor-widget elementor-widget-wd_page_title\" data-id=\"acd460b\" data-element_type=\"widget\" data-e-type=\"widget\" data-widget_type=\"wd_page_title.default\">\n\t\t\t\t<div class=\"elementor-widget-container\">\n\t\t\t\t\t\t\t\t\t<div class=\"wd-page-title page-title  page-title-default title-size-small title-design-default color-scheme-light\" style=\"\">\n\t\t\t\t\t<div class=\"wd-page-title-bg wd-fill\">\n\t\t\t\t\t\t\t\t\t\t\t<\/div>\n\t\t\t\t\t<div class=\"container\">\n\t\t\t\t\t\t\t\t\t\t\t\t\t\t\t\t\t\t\t\t\t<h1 class=\"entry-title title\">\n\t\t\t\t\t\t\t\t\tKontakt os\t\t\t\t\t\t\t\t<\/h1>\n\n\t\t\t\t\t\t\t\t\t\t\t\t\t\t\t\n\t\t\t\t\t\t\t\t\t\t\t\t\t\t\t<nav class=\"wd-breadcrumbs\"><a href=\"https:\/\/oiovape.com\/da\/\">Hjem<\/a><span class=\"wd-delimiter\"><\/span><span class=\"wd-last\">Side<\/span><\/nav>\t\t\t\t\t\t\t\t\t\t\t\t\t\t\t\t\t\t<\/div>\n\t\t\t\t<\/div>\n\t\t\t\t\t\t\t<\/div>\n\t\t\t\t<\/div>\n\t\t\t\t\t<\/div>\n\t\t\t\t<\/div>\n\t\t<div class=\"wd-negative-gap elementor-element elementor-element-182218e e-flex e-con-boxed e-con e-parent\" data-id=\"182218e\" data-element_type=\"container\" data-e-type=\"container\">\n\t\t\t\t\t<div class=\"e-con-inner\">\n\t\t<div class=\"elementor-element elementor-element-6b3eeb6 e-con-full e-flex e-con e-child\" data-id=\"6b3eeb6\" data-element_type=\"container\" data-e-type=\"container\">\n\t\t\t\t<div class=\"elementor-element elementor-element-49b8dfb color-scheme-inherit text-left elementor-widget elementor-widget-text-editor\" data-id=\"49b8dfb\" data-element_type=\"widget\" data-e-type=\"widget\" data-widget_type=\"text-editor.default\">\n\t\t\t\t\t\t\t\t\t<h2 data-start=\"45\" data-end=\"79\">\u00c6gte menneskelig support<\/h2><p data-start=\"81\" data-end=\"315\">Hos <strong data-start=\"84\" data-end=\"95\">OIOVAPE<\/strong>, vil du aldrig skulle h\u00e5ndtere lange telefonmenuer eller e-mails, der forsvinder i en indbakke afgrund. Vi tror p\u00e5 <strong data-start=\"197\" data-end=\"219\">\u00e6gte menneskelig support<\/strong>, og leverer hurtig, professionel og venlig service fra din f\u00f8rste ordre til hver efterf\u00f8lgende ordre.<\/p><h3 data-start=\"317\" data-end=\"336\">Hvordan vi kan hj\u00e6lpe<\/h3><ul data-start=\"337\" data-end=\"556\"><li data-start=\"337\" data-end=\"414\"><p data-start=\"339\" data-end=\"414\"><strong data-start=\"339\" data-end=\"360\">Produktsp\u00f8rgsm\u00e5l<\/strong> \u2013 Fra grundl\u00e6ggende for begyndere til avancerede vaping-foresp\u00f8rgsler<\/p><\/li><li data-start=\"415\" data-end=\"490\"><p data-start=\"417\" data-end=\"490\"><strong data-start=\"417\" data-end=\"440\">Indk\u00f8bsassistance<\/strong> \u2013 Anbefalinger til enheder, smagsvarianter og tilbeh\u00f8r<\/p><\/li><li data-start=\"491\" data-end=\"556\"><p data-start=\"493\" data-end=\"556\"><strong data-start=\"493\" data-end=\"516\">Efter-salgs support<\/strong> \u2013 Ordrer, fragt og brugersupport<\/p><\/li><\/ul><p data-start=\"558\" data-end=\"652\">Vores team modtager regelm\u00e6ssig tr\u00e6ning for at sikre, at du altid f\u00e5r pr\u00e6cise og p\u00e5lidelige oplysninger.<\/p><p data-start=\"829\" data-end=\"897\"><strong data-start=\"829\" data-end=\"840\">OIOVAPE<\/strong> \u2014 Rigtige mennesker. Rigtig st\u00f8tte. En bedre dampoplevelse.<\/p>\t\t\t\t\t\t\t\t<\/div>\n\t\t\t\t<div class=\"elementor-element elementor-element-803d1a9 elementor-widget elementor-widget-image\" data-id=\"803d1a9\" data-element_type=\"widget\" data-e-type=\"widget\" data-widget_type=\"image.default\">\n\t\t\t\t\t\t\t\t\t\t\t\t\t\t\t<img decoding=\"async\" width=\"768\" height=\"468\" src=\"https:\/\/oiovape.com\/wp-content\/uploads\/2026\/01\/VAPE-SHOP-768x468.jpg\" class=\"attachment-medium_large size-medium_large wp-image-3456\" alt=\"VAPE BUTIK\" srcset=\"https:\/\/oiovape.com\/wp-content\/uploads\/2026\/01\/VAPE-SHOP-768x468.jpg 768w, https:\/\/oiovape.com\/wp-content\/uploads\/2026\/01\/VAPE-SHOP-300x183.jpg 300w, https:\/\/oiovape.com\/wp-content\/uploads\/2026\/01\/VAPE-SHOP-1024x624.jpg 1024w, https:\/\/oiovape.com\/wp-content\/uploads\/2026\/01\/VAPE-SHOP-1536x937.jpg 1536w, https:\/\/oiovape.com\/wp-content\/uploads\/2026\/01\/VAPE-SHOP-2048x1249.jpg 2048w, https:\/\/oiovape.com\/wp-content\/uploads\/2026\/01\/VAPE-SHOP-1200x732.jpg 1200w, https:\/\/oiovape.com\/wp-content\/uploads\/2026\/01\/VAPE-SHOP-150x91.jpg 150w\" sizes=\"(max-width: 768px) 100vw, 768px\" \/>\t\t\t\t\t\t\t\t\t\t\t\t\t\t\t<\/div>\n\t\t\t\t<\/div>\n\t\t<div class=\"elementor-element elementor-element-c282c84 e-con-full e-flex e-con e-child\" data-id=\"c282c84\" data-element_type=\"container\" data-e-type=\"container\">\n\t\t<div class=\"elementor-element elementor-element-e1f4ab2 e-con-full e-flex e-con e-child\" data-id=\"e1f4ab2\" data-element_type=\"container\" data-e-type=\"container\">\n\t\t<div class=\"elementor-element elementor-element-6277e6e e-con-full e-flex e-con e-child\" data-id=\"6277e6e\" data-element_type=\"container\" data-e-type=\"container\">\n\t\t<div class=\"elementor-element elementor-element-71568bc e-con-full e-flex e-con e-child\" data-id=\"71568bc\" data-element_type=\"container\" data-e-type=\"container\">\n\t\t\t\t<div class=\"elementor-element elementor-element-a43a76d elementor-widget elementor-widget-heading\" data-id=\"a43a76d\" data-element_type=\"widget\" data-e-type=\"widget\" data-widget_type=\"heading.default\">\n\t\t\t\t\t<h3 class=\"elementor-heading-title elementor-size-default\">E-mail<\/h3>\t\t\t\t<\/div>\n\t\t\t\t<div class=\"elementor-element elementor-element-b40842c color-scheme-inherit text-left elementor-widget elementor-widget-text-editor\" data-id=\"b40842c\" data-element_type=\"widget\" data-e-type=\"widget\" data-widget_type=\"text-editor.default\">\n\t\t\t\t\t\t\t\t\t<p><span style=\"color: #3366ff;\"><a style=\"color: #3366ff;\" href=\"http:\/\/mail.google.com\/\" target=\"_blank\" rel=\"noopener\">info@oiovape.com<\/a><\/span><\/p>\t\t\t\t\t\t\t\t<\/div>\n\t\t\t\t<\/div>\n\t\t<div class=\"elementor-element elementor-element-436b860 e-con-full e-flex e-con e-child\" data-id=\"436b860\" data-element_type=\"container\" data-e-type=\"container\">\n\t\t\t\t<div class=\"elementor-element elementor-element-2e54a01 elementor-widget elementor-widget-heading\" data-id=\"2e54a01\" data-element_type=\"widget\" data-e-type=\"widget\" data-widget_type=\"heading.default\">\n\t\t\t\t\t<h3 class=\"elementor-heading-title elementor-size-default\">WhatsApp<\/h3>\t\t\t\t<\/div>\n\t\t\t\t<div class=\"elementor-element elementor-element-b99fffa color-scheme-inherit text-left elementor-widget elementor-widget-text-editor\" data-id=\"b99fffa\" data-element_type=\"widget\" data-e-type=\"widget\" data-widget_type=\"text-editor.default\">\n\t\t\t\t\t\t\t\t\t<p><span style=\"color: #3366ff;\"><a style=\"color: #3366ff;\" href=\"https:\/\/web.whatsapp.com\/\" target=\"_blank\" rel=\"noopener\">+86 180 2319 6798<\/a><\/span><\/p>\t\t\t\t\t\t\t\t<\/div>\n\t\t\t\t<\/div>\n\t\t\t\t<\/div>\n\t\t<div class=\"elementor-element elementor-element-c9c7ff5 e-con-full e-flex e-con e-child\" data-id=\"c9c7ff5\" data-element_type=\"container\" data-e-type=\"container\">\n\t\t<div class=\"elementor-element elementor-element-dbf61c2 e-con-full e-flex e-con e-child\" data-id=\"dbf61c2\" data-element_type=\"container\" data-e-type=\"container\">\n\t\t\t\t<div class=\"elementor-element elementor-element-a4753de elementor-widget elementor-widget-heading\" data-id=\"a4753de\" data-element_type=\"widget\" data-e-type=\"widget\" data-widget_type=\"heading.default\">\n\t\t\t\t\t<h3 class=\"elementor-heading-title elementor-size-default\">Telegram<\/h3>\t\t\t\t<\/div>\n\t\t\t\t<div class=\"elementor-element elementor-element-4a35e06 color-scheme-inherit text-left elementor-widget elementor-widget-text-editor\" data-id=\"4a35e06\" data-element_type=\"widget\" data-e-type=\"widget\" data-widget_type=\"text-editor.default\">\n\t\t\t\t\t\t\t\t\t<p><span style=\"color: #3366ff;\"><a style=\"color: #3366ff;\" href=\"http:\/\/mail.google.com\/\" target=\"_blank\" rel=\"noopener\">info@oiovape.com<\/a><\/span><\/p>\t\t\t\t\t\t\t\t<\/div>\n\t\t\t\t<\/div>\n\t\t<div class=\"elementor-element elementor-element-fae8da2 e-con-full e-flex e-con e-child\" data-id=\"fae8da2\" data-element_type=\"container\" data-e-type=\"container\">\n\t\t\t\t<div class=\"elementor-element elementor-element-3750f30 elementor-widget elementor-widget-heading\" data-id=\"3750f30\" data-element_type=\"widget\" data-e-type=\"widget\" data-widget_type=\"heading.default\">\n\t\t\t\t\t<h3 class=\"elementor-heading-title elementor-size-default\">Live-Chat<\/h3>\t\t\t\t<\/div>\n\t\t\t\t<div class=\"elementor-element elementor-element-37ed4df color-scheme-inherit text-left elementor-widget elementor-widget-text-editor\" data-id=\"37ed4df\" data-element_type=\"widget\" data-e-type=\"widget\" data-widget_type=\"text-editor.default\">\n\t\t\t\t\t\t\t\t\t<p><span style=\"color: #3366ff;\"><a style=\"color: #3366ff;\" href=\"https:\/\/web.whatsapp.com\/\" target=\"_blank\" rel=\"noopener\">+86 180 2319 6798<\/a><\/span><\/p>\t\t\t\t\t\t\t\t<\/div>\n\t\t\t\t<\/div>\n\t\t\t\t<\/div>\n\t\t\t\t<\/div>\n\t\t<div class=\"elementor-element elementor-element-51c136c e-con-full e-flex e-con e-child\" data-id=\"51c136c\" data-element_type=\"container\" data-e-type=\"container\">\n\t\t\t\t<div class=\"elementor-element elementor-element-f307700 elementor-widget elementor-widget-heading\" data-id=\"f307700\" data-element_type=\"widget\" data-e-type=\"widget\" data-widget_type=\"heading.default\">\n\t\t\t\t\t<h2 class=\"elementor-heading-title elementor-size-default\">Kontaktinformation<\/h2>\t\t\t\t<\/div>\n\t\t\t\t<div class=\"elementor-element elementor-element-74e77af wd-cf7 elementor-widget elementor-widget-wd_contact_form_7\" data-id=\"74e77af\" data-element_type=\"widget\" data-e-type=\"widget\" data-widget_type=\"wd_contact_form_7.default\">\n\t\t\t\t<div class=\"elementor-widget-container\">\n\t\t\t\t\t\n<div class=\"wpcf7 no-js\" id=\"wpcf7-f62-o1\" lang=\"en-US\" dir=\"ltr\" data-wpcf7-id=\"62\">\n<div class=\"screen-reader-response\"><p role=\"status\" aria-live=\"polite\" aria-atomic=\"true\"><\/p> <ul><\/ul><\/div>\n<form action=\"\/da\/wp-json\/wp\/v2\/pages\/1025#wpcf7-f62-o1\" method=\"post\" class=\"wpcf7-form init\" aria-label=\"Contact form\" novalidate=\"novalidate\" data-status=\"init\" data-trp-original-action=\"\/da\/wp-json\/wp\/v2\/pages\/1025#wpcf7-f62-o1\">\n<fieldset class=\"hidden-fields-container\"><input type=\"hidden\" name=\"_wpcf7\" value=\"62\" \/><input type=\"hidden\" name=\"_wpcf7_version\" value=\"6.1.5\" \/><input type=\"hidden\" name=\"_wpcf7_locale\" value=\"en_US\" \/><input type=\"hidden\" name=\"_wpcf7_unit_tag\" value=\"wpcf7-f62-o1\" \/><input type=\"hidden\" name=\"_wpcf7_container_post\" value=\"0\" \/><input type=\"hidden\" name=\"_wpcf7_posted_data_hash\" value=\"\" \/>\n<\/fieldset>\n<p><label> Dit navn<br \/>\n<span class=\"wpcf7-form-control-wrap\" data-name=\"your-name\"><input size=\"40\" maxlength=\"400\" class=\"wpcf7-form-control wpcf7-text wpcf7-validates-as-required\" autocomplete=\"name\" aria-required=\"true\" aria-invalid=\"false\" value=\"\" type=\"text\" name=\"your-name\" \/><\/span> <\/label>\n<\/p>\n<p><label> Din e-mail<br \/>\n<span class=\"wpcf7-form-control-wrap\" data-name=\"your-email\"><input size=\"40\" maxlength=\"400\" class=\"wpcf7-form-control wpcf7-email wpcf7-validates-as-required wpcf7-text wpcf7-validates-as-email\" autocomplete=\"email\" aria-required=\"true\" aria-invalid=\"false\" value=\"\" type=\"email\" name=\"your-email\" \/><\/span> <\/label>\n<\/p>\n<p><label> Emne<br \/>\n<span class=\"wpcf7-form-control-wrap\" data-name=\"your-subject\"><input size=\"40\" maxlength=\"400\" class=\"wpcf7-form-control wpcf7-text wpcf7-validates-as-required\" aria-required=\"true\" aria-invalid=\"false\" value=\"\" type=\"text\" name=\"your-subject\" \/><\/span> <\/label>\n<\/p>\n<p><label> Din besked (valgfri)<br \/>\n<span class=\"wpcf7-form-control-wrap\" data-name=\"your-message\"><textarea cols=\"40\" rows=\"10\" maxlength=\"2000\" class=\"wpcf7-form-control wpcf7-textarea\" aria-invalid=\"false\" name=\"your-message\"><\/textarea><\/span> <\/label>\n<\/p>\n<p><div class=\"cf7-cf-turnstile\" style=\"margin-top: 0px; margin-bottom: -15px;\"> <div id=\"cf-turnstile-cf7-4288352549\" class=\"cf-turnstile\" data-callback=\"turnstileCF7Callback\" data-sitekey=\"0x4AAAAAAB8lTrqYyojvrmBQ\" data-theme=\"light\" data-language=\"auto\" data-size=\"flexible\" data-retry=\"auto\" data-retry-interval=\"1000\" data-refresh-expired=\"auto\" data-action=\"contact-form-7\" data-appearance=\"always\"><\/div> <style>.wpcf7-submit { pointer-events: none; opacity: 0.5; }<\/style> <script>document.addEventListener(\"DOMContentLoaded\", function() { setTimeout(function(){ var e=document.getElementById(\"cf-turnstile-cf7-4288352549\"); e&&!e.innerHTML.trim()&&(turnstile.remove(\"#cf-turnstile-cf7-4288352549\"), turnstile.render(\"#cf-turnstile-cf7-4288352549\", {sitekey:\"0x4AAAAAAB8lTrqYyojvrmBQ\"})); }, 100); });<\/script> <br class=\"cf-turnstile-br cf-turnstile-br-cf7-4288352549\"> <style>#cf-turnstile-cf7-4288352549 { margin-left: -15px; }<\/style> <script>document.addEventListener(\"DOMContentLoaded\",function(){document.querySelectorAll('.wpcf7-form').forEach(function(e){e.addEventListener('submit',function(){if(document.getElementById('cf-turnstile-cf7-4288352549')){setTimeout(function(){turnstile.reset('#cf-turnstile-cf7-4288352549');},1000)}})})});<\/script> <\/div><br\/><input class=\"wpcf7-form-control wpcf7-submit has-spinner\" type=\"submit\" value=\"Indsend\" \/>\n<\/p><p style=\"display: none !important;\" class=\"akismet-fields-container\" data-prefix=\"_wpcf7_ak_\"><label>\u0394<textarea name=\"_wpcf7_ak_hp_textarea\" cols=\"45\" rows=\"8\" maxlength=\"100\"><\/textarea><\/label><input type=\"hidden\" id=\"ak_js_1\" name=\"_wpcf7_ak_js\" value=\"69\"\/><script>document.getElementById( \"ak_js_1\" ).setAttribute( \"value\", ( new Date() ).getTime() );<\/script><\/p><div class=\"wpcf7-response-output\" aria-hidden=\"true\"><\/div>\n<input type=\"hidden\" name=\"trp-form-language\" value=\"da\"\/><\/form>\n<\/div>\n\t\t\t\t<\/div>\n\t\t\t\t<\/div>\n\t\t\t\t<\/div>\n\t\t<div class=\"elementor-element elementor-element-67b9530 e-con-full e-flex e-con e-child\" data-id=\"67b9530\" data-element_type=\"container\" data-e-type=\"container\">\n\t\t\t\t<div class=\"elementor-element elementor-element-88fb751 wd-width-100 elementor-widget elementor-widget-wd_title\" data-id=\"88fb751\" data-element_type=\"widget\" data-e-type=\"widget\" data-widget_type=\"wd_title.default\">\n\t\t\t\t<div class=\"elementor-widget-container\">\n\t\t\t\t\t\t\t<div class=\"title-wrapper wd-set-mb reset-last-child wd-title-color-default wd-title-style-default wd-title-size-large text-left\">\n\n\t\t\t\n\t\t\t<div class=\"liner-continer\">\n\t\t\t\t<h2 class=\"woodmart-title-container title wd-fontsize-xxl\">Ofte stillede sp\u00f8rgsm\u00e5l<\/h2> \n\t\t\t\t\t\t\t<\/div>\n\n\t\t\t\t\t<\/div>\n\t\t\t\t\t\t<\/div>\n\t\t\t\t<\/div>\n\t\t\t\t<div class=\"elementor-element elementor-element-ca5a946 elementor-widget elementor-widget-wd_accordion\" data-id=\"ca5a946\" data-element_type=\"widget\" data-e-type=\"widget\" data-widget_type=\"wd_accordion.default\">\n\t\t\t\t<div class=\"elementor-widget-container\">\n\t\t\t\t\t\n\t\t<div class=\"wd-accordion wd-style-default wd-border-off wd-titles-left wd-opener-pos-right wd-opener-style-arrow\" data-state=\"all_closed\">\n\t\t\t\t\t\t\t\n\t\t\t\t<div class=\"wd-accordion-item\">\n\t\t\t\t\t<div class=\"wd-accordion-title wd-role-btn\" data-accordion-index=\"0\" tabindex=\"0\">\n\t\t\t\t\t\t<div class=\"wd-accordion-title-text\">\n\t\t\t\t\t\t\t\t\t\t\t\t\t\t<span>\n\t\t\t\t\t\t\t\tMin ordre er endnu ikke ankommet. Hvor er den?\t\t\t\t\t\t\t<\/span>\n\t\t\t\t\t\t<\/div>\n\t\t\t\t\t\t<span class=\"wd-accordion-opener\"><\/span>\n\t\t\t\t\t<\/div>\n\n\t\t\t\t\t<div class=\"wd-accordion-content wd-entry-content\" data-accordion-index=\"0\">\n\t\t\t\t\t\t\t\t\t\t\t\t\t\n\t\t\t\t\t\t\t<div class=\"auto-hide-last-sibling-br paragraph-pP9ZLC paragraph-element br-paragraph-space\"><span style=\"color: #000000;\">Vi er kede af at h\u00f8re, at din ordre endnu ikke er n\u00e5et frem! De fleste ordrer afsendes inden for 3\u20135 arbejdsdage og leveres inden for 10\u201318 arbejdsdage (varierer efter region). For at spore din pakke:<\/span><\/div><ul class=\"auto-hide-last-sibling-br\"><li><span style=\"color: #000000;\">Log ind p\u00e5 din konto og tjek sektionen \"Ordrehistorik\" for et sporingsnummer.<\/span><\/li><li><span style=\"color: #000000;\">Ved at bes\u00f8ge <span style=\"color: #0000ff;\"><a style=\"color: #0000ff;\" href=\"https:\/\/www.17track.net\/\" target=\"_blank\" rel=\"noopener\">17track.net<\/a><\/span> og indtaste dine forsendelsesoplysninger kan du se opdateringer om logistik i realtid.<\/span><br \/><div class=\"container-Uxvbjy md-box-line-break wrapper-GYqxgQ undefined\">\u00a0<\/div><p><span style=\"color: #000000;\">Hvis der er problemer med logistikken for din ordre, bedes du sende ordrenummeret til vores kundeservice-e-mail <strong>info@oiovape.com<\/strong>\u00a0og vi vil kontakte dig straks. Vi vil hurtigt tjekke situationen og, hvis n\u00f8dvendigt, arrangere en ny levering eller refundering til dig - din tilfredshed er vores h\u00f8jeste prioritet!<\/span><\/p><\/li><\/ul>\n\t\t\t\t\t\t\t\t\t\t\t\t\t\t\t\t\t\t<\/div>\n\t\t\t\t<\/div>\n\t\t\t\t\t\t\t\n\t\t\t\t<div class=\"wd-accordion-item\">\n\t\t\t\t\t<div class=\"wd-accordion-title wd-role-btn\" data-accordion-index=\"1\" tabindex=\"0\">\n\t\t\t\t\t\t<div class=\"wd-accordion-title-text\">\n\t\t\t\t\t\t\t\t\t\t\t\t\t\t<span>\n\t\t\t\t\t\t\t\tLeverer I p\u00e5 helligdage?\t\t\t\t\t\t\t<\/span>\n\t\t\t\t\t\t<\/div>\n\t\t\t\t\t\t<span class=\"wd-accordion-opener\"><\/span>\n\t\t\t\t\t<\/div>\n\n\t\t\t\t\t<div class=\"wd-accordion-content wd-entry-content\" data-accordion-index=\"1\">\n\t\t\t\t\t\t\t\t\t\t\t\t\t\n\t\t\t\t\t\t\t<p><span style=\"color: #000000;\">Vores lager og logistikpartnere arbejder ikke p\u00e5 store helligdage (f.eks. jul, nyt\u00e5rsdag, thanksgiving, lokale nationale helligdage). Ordrer, der afgives p\u00e5 eller omkring helligdage, vil blive behandlet og afsendt den n\u00e6ste arbejdsdag. Leveringstiderne vil blive forl\u00e6nget i overensstemmelse hermed, s\u00e5 vi anbefaler at afgive ordrer p\u00e5 forh\u00e5nd, hvis du har brug for dem til en specifik dato. Du kan finde en fuld liste over vores helligdagslukningsdatoer p\u00e5 siden \"Forsendelsespolitik\" p\u00e5 vores hjemmeside.<\/span><\/p>\n\t\t\t\t\t\t\t\t\t\t\t\t\t\t\t\t\t\t<\/div>\n\t\t\t\t<\/div>\n\t\t\t\t\t\t\t\n\t\t\t\t<div class=\"wd-accordion-item\">\n\t\t\t\t\t<div class=\"wd-accordion-title wd-role-btn\" data-accordion-index=\"2\" tabindex=\"0\">\n\t\t\t\t\t\t<div class=\"wd-accordion-title-text\">\n\t\t\t\t\t\t\t\t\t\t\t\t\t\t<span>\n\t\t\t\t\t\t\t\tLeverer I til mit postnummer?\t\t\t\t\t\t\t<\/span>\n\t\t\t\t\t\t<\/div>\n\t\t\t\t\t\t<span class=\"wd-accordion-opener\"><\/span>\n\t\t\t\t\t<\/div>\n\n\t\t\t\t\t<div class=\"wd-accordion-content wd-entry-content\" data-accordion-index=\"2\">\n\t\t\t\t\t\t\t\t\t\t\t\t\t\n\t\t\t\t\t\t\t<div class=\"auto-hide-last-sibling-br paragraph-pP9ZLC paragraph-element br-paragraph-space\"><span style=\"color: #000000;\">Vi tilbyder international forsendelse til de fleste lande og regioner verden over! For at bekr\u00e6fte, om vi leverer til dit postnummer:<\/span><\/div><ul class=\"auto-hide-last-sibling-br\"><li><span style=\"color: #000000;\">Indtast dit postnummer i \"Forsendelsesberegneren\" p\u00e5 produkt- eller betalingsside - dette vil straks vise, om levering er tilg\u00e6ngelig.<\/span><\/li><li><span style=\"color: #000000;\">Hvis din placering ikke er angivet, bedes du sende en e-mail <strong>info@oiovape.com<\/strong> med din fulde adresse. Vi udvider konstant vores leveringsnetv\u00e6rk og kan muligvis arrangere forsendelse til dig. Bem\u00e6rk: Nogle fjerntliggende omr\u00e5der kan p\u00e5drage sig et lille ekstra forsendelsesgebyr, som vil blive vist ved kassen.<\/span>t.<\/li><\/ul>\n\t\t\t\t\t\t\t\t\t\t\t\t\t\t\t\t\t\t<\/div>\n\t\t\t\t<\/div>\n\t\t\t\t\t\t\t\n\t\t\t\t<div class=\"wd-accordion-item\">\n\t\t\t\t\t<div class=\"wd-accordion-title wd-role-btn\" data-accordion-index=\"3\" tabindex=\"0\">\n\t\t\t\t\t\t<div class=\"wd-accordion-title-text\">\n\t\t\t\t\t\t\t\t\t\t\t\t\t\t<span>\n\t\t\t\t\t\t\t\tEr levering n\u00e6ste dag tilg\u00e6ngelig for alle ordrer?\t\t\t\t\t\t\t<\/span>\n\t\t\t\t\t\t<\/div>\n\t\t\t\t\t\t<span class=\"wd-accordion-opener\"><\/span>\n\t\t\t\t\t<\/div>\n\n\t\t\t\t\t<div class=\"wd-accordion-content wd-entry-content\" data-accordion-index=\"3\">\n\t\t\t\t\t\t\t\t\t\t\t\t\t\n\t\t\t\t\t\t\t<div class=\"auto-hide-last-sibling-br paragraph-pP9ZLC paragraph-element br-paragraph-space\"><div class=\"auto-hide-last-sibling-br paragraph-pP9ZLC paragraph-element br-paragraph-space\"><span style=\"color: #000000;\">Nej, levering n\u00e6ste dag er i \u00f8jeblikket ikke tilg\u00e6ngelig for nogen OioVape-ordrer. Alle ordrer sendes via vores standard leveringsservice:<\/span><\/div><ul class=\"auto-hide-last-sibling-br\"><li><span style=\"color: #000000;\">Indenlandske ordrer ankommer typisk inden for 3\u20137 arbejdsdage efter afsendelse.<\/span><\/li><li><span style=\"color: #000000;\">Internationale ordrer kan tage 10\u201318 arbejdsdage, afh\u00e6ngigt af destinationslandet\/regionen og lokal toldbehandling.<\/span><br \/><div class=\"container-Uxvbjy md-box-line-break wrapper-GYqxgQ undefined\">\u00a0<\/div><p><span style=\"color: #000000;\">Du kan tjekke den pr\u00e6cise estimerede leveringstid for din placering ved at indtaste dit postnummer ved kassen. Vi samarbejder med p\u00e5lidelige logistikudbydere for at sikre, at din pakke leveres sikkert og til tiden, og du kan spore dens status i realtid via sporingslinket i din forsendelsesbekr\u00e6ftelses-e-mail.<\/span><\/p><\/li><\/ul><\/div>\n\t\t\t\t\t\t\t\t\t\t\t\t\t\t\t\t\t\t<\/div>\n\t\t\t\t<\/div>\n\t\t\t\t\t\t\t\n\t\t\t\t<div class=\"wd-accordion-item\">\n\t\t\t\t\t<div class=\"wd-accordion-title wd-role-btn\" data-accordion-index=\"4\" tabindex=\"0\">\n\t\t\t\t\t\t<div class=\"wd-accordion-title-text\">\n\t\t\t\t\t\t\t\t\t\t\t\t\t\t<span>\n\t\t\t\t\t\t\t\tSkal jeg v\u00e6re til stede for at underskrive ved levering?\t\t\t\t\t\t\t<\/span>\n\t\t\t\t\t\t<\/div>\n\t\t\t\t\t\t<span class=\"wd-accordion-opener\"><\/span>\n\t\t\t\t\t<\/div>\n\n\t\t\t\t\t<div class=\"wd-accordion-content wd-entry-content\" data-accordion-index=\"4\">\n\t\t\t\t\t\t\t\t\t\t\t\t\t\n\t\t\t\t\t\t\t<div class=\"auto-hide-last-sibling-br paragraph-pP9ZLC paragraph-element br-paragraph-space\"><span style=\"color: #000000;\">Ja, en underskrift er p\u00e5kr\u00e6vet for alle leveringer. Dette er for at sikre, at pakken kan leveres sikkert til brugerens h\u00e6nder. Hvis du ikke er tilg\u00e6ngelig for at underskrive:<\/span><\/div><ul class=\"auto-hide-last-sibling-br\"><li><span style=\"color: #000000;\">Vil de fleste bud bringe et \"missed delivery\" kort med instruktioner om at omplanl\u00e6gge levering eller afhente fra et lokalt depot.<\/span><\/li><li><span style=\"color: #000000;\">Du kan ogs\u00e5 give en betroet voksen tilladelse til at underskrive p\u00e5 dine vegne ved at tilf\u00f8je deres navn i sektionen \"Leveringsnoter\" ved kassen.<\/span><br \/><div class=\"container-Uxvbjy md-box-line-break wrapper-GYqxgQ undefined\">\u00a0<\/div><p><span style=\"color: #000000;\">Hvis du har brug for at justere dine leveringspr\u00e6ferencer, skal du kontakte vores supportteam mindst 24 timer f\u00f8r den estimerede leveringsdato, s\u00e5 koordinerer vi med buddet.<\/span><\/p><\/li><\/ul>\n\t\t\t\t\t\t\t\t\t\t\t\t\t\t\t\t\t\t<\/div>\n\t\t\t\t<\/div>\n\t\t\t\t\t<\/div>\n\t\t\t\t\t\t<\/div>\n\t\t\t\t<\/div>\n\t\t\t\t<\/div>\n\t\t\t\t<\/div>\n\t\t\t\t\t<\/div>\n\t\t\t\t<\/div>\n\t\t\t\t<\/div>","protected":false},"excerpt":{"rendered":"<p>Contact us HomePage Real Human Support At OIOVAPE, you\u2019ll never deal with long phone menus or emails that disappear into<\/p>","protected":false},"author":1,"featured_media":0,"parent":0,"menu_order":0,"comment_status":"closed","ping_status":"closed","template":"","meta":{"_acf_changed":false,"inline_featured_image":false,"_sitemap_exclude":false,"_sitemap_priority":"","_sitemap_frequency":"","footnotes":""},"class_list":["post-1025","page","type-page","status-publish","hentry"],"acf":[],"_links":{"self":[{"href":"https:\/\/oiovape.com\/da\/wp-json\/wp\/v2\/pages\/1025","targetHints":{"allow":["GET"]}}],"collection":[{"href":"https:\/\/oiovape.com\/da\/wp-json\/wp\/v2\/pages"}],"about":[{"href":"https:\/\/oiovape.com\/da\/wp-json\/wp\/v2\/types\/page"}],"author":[{"embeddable":true,"href":"https:\/\/oiovape.com\/da\/wp-json\/wp\/v2\/users\/1"}],"replies":[{"embeddable":true,"href":"https:\/\/oiovape.com\/da\/wp-json\/wp\/v2\/comments?post=1025"}],"version-history":[{"count":0,"href":"https:\/\/oiovape.com\/da\/wp-json\/wp\/v2\/pages\/1025\/revisions"}],"wp:attachment":[{"href":"https:\/\/oiovape.com\/da\/wp-json\/wp\/v2\/media?parent=1025"}],"curies":[{"name":"wp","href":"https:\/\/api.w.org\/{rel}","templated":true}]}}