{"id":1674,"date":"2025-12-17T08:28:24","date_gmt":"2025-12-17T08:28:24","guid":{"rendered":"https:\/\/oiovape.com\/?page_id=1674"},"modified":"2026-01-12T02:58:49","modified_gmt":"2026-01-12T02:58:49","slug":"age-policy","status":"publish","type":"page","link":"https:\/\/oiovape.com\/da\/age-policy\/","title":{"rendered":"Alderspolitik"},"content":{"rendered":"<div data-elementor-type=\"wp-page\" data-elementor-id=\"1674\" class=\"elementor elementor-1674\">\n\t\t\t\t<div class=\"wd-negative-gap elementor-element elementor-element-4e56d09 e-flex e-con-boxed e-con e-parent\" data-id=\"4e56d09\" data-element_type=\"container\" data-e-type=\"container\">\n\t\t\t\t\t<div class=\"e-con-inner\">\n\t\t\t\t<div class=\"elementor-element elementor-element-414fd57 elementor-widget elementor-widget-heading\" data-id=\"414fd57\" data-element_type=\"widget\" data-e-type=\"widget\" data-widget_type=\"heading.default\">\n\t\t\t\t\t<h2 class=\"elementor-heading-title elementor-size-default\">OioVape Aldersverifikationspolitik<\/h2>\t\t\t\t<\/div>\n\t\t\t\t<div class=\"elementor-element elementor-element-bf2d23f text-center color-scheme-inherit elementor-widget elementor-widget-text-editor\" data-id=\"bf2d23f\" data-element_type=\"widget\" data-e-type=\"widget\" data-widget_type=\"text-editor.default\">\n\t\t\t\t\t\t\t\t\t<div><span style=\"color: #000000;\">Lovlig alder for k\u00f8b: Du skal v\u00e6re mindst <strong>21 \u00e5r gammel<\/strong> for at k\u00f8be nogen vape produkter fra oiovape i USA. Dette krav er p\u00e5lagt af f\u00f8deral lov (Tobacco 21 lovgivning) og g\u00e6lder for alle vores salgskanaler uden undtagelse.<\/span><\/div><div><span style=\"color: #000000;\">Juridiske konsekvenser af aldersfalsk: At falske din alder for at k\u00f8be vape produkter er en overtr\u00e6delse af f\u00f8deral lov. S\u00e5dan adf\u00e6rd vil resultere i <strong>\u00f8jeblikkelig retlig handling<\/strong>, herunder potentielle b\u00f8der og strafferetlige anklager.<\/span><\/div><div><span style=\"color: #000000;\">Forbud mod k\u00f8b for mindre\u00e5rige: Det er strengt ulovligt at k\u00f8be vape produkter p\u00e5 vegne af nogen under <strong>21 \u00e5r gammel<\/strong>. Enhver, der findes i strid med denne regel, vil st\u00e5 over for alvorlige juridiske sanktioner, og vi forbeholder os retten til at rapportere s\u00e5danne h\u00e6ndelser til de relevante myndigheder.<\/span><\/div><div><span style=\"color: #000000;\">Aldersverifikationsproces: Vi implementerer en <strong>streng aldersverifikationsproces<\/strong> for at sikre overholdelse af f\u00f8derale regler. Du skal angive dit fulde navn, din bop\u00e6lsadresse, f\u00f8dselsdato og de sidste 4 cifre af dit <strong>CPR-nummer (SSN)<\/strong>. Disse oplysninger vil blive krydstjekket med officielle offentlige optegnelser og branchef\u00f8rende tredjepartsverifikationsdatabaser.<\/span><\/div><div><span style=\"color: #000000;\">Ingen SSN eller verifikationsproblemer? Hvis den indledende verifikation mislykkes, eller hvis du ikke har et SSN, skal du uploade et klart foto af et <strong>gyldigt statsligt udstedt ID<\/strong> (pas, k\u00f8rekort eller stats-ID-kort). ID'et skal tydeligt vise din f\u00f8dselsdato og fulde navn for at blive accepteret.<\/span><\/div><div><span style=\"color: #000000;\">Ret til at n\u00e6gte ordre: Vi forbeholder os retten til at annullere <strong>enhver ordre<\/strong> hvis aldersverifikationen ikke kan gennemf\u00f8res med succes. Ingen forhandlinger vil blive taget i betragtning for ordrer, der annulleres p\u00e5 grund af mislykket aldersverifikation.<\/span><\/div><div><span style=\"color: #000000;\">Forpligtelse til at forhindre salg til unge: <strong>At forhindre mindre\u00e5rige i at f\u00e5 adgang til vape-produkter<\/strong> er vores h\u00f8jeste prioritet. Vores strenge verifikationsproces er designet til at sikre, at ingen under 21 kan k\u00f8be vores produkter, i overensstemmelse med vores ansvar for at beskytte unges sundhed.<\/span><\/div><div><span style=\"color: #000000;\">N\u00e6gtelse eller begr\u00e6nsning af service: I visse tilf\u00e6lde kan vi n\u00e6gte eller begr\u00e6nse onlineordrer for at opretholde overholdelse af f\u00f8derale og statslige love. Hvis du mener, at din ordre blev uretf\u00e6rdigt afvist, bedes du kontakte vores kundeserviceteam for assistance.<\/span><\/div><div><span style=\"color: #000000;\">Advarsel p\u00e5 hjemmesiden: En fremtr\u00e6dende advarsel om <strong>21+ k\u00f8bsbetingelse<\/strong> for vape-produkter vises p\u00e5 forsiden af vores hjemmeside. Ved at f\u00e5 adgang til vores side bekr\u00e6fter du, at du har l\u00e6st og forst\u00e5et denne aldersbegr\u00e6nsning.<\/span><\/div><div><span style=\"color: #000000;\">Hos <\/span><span style=\"color: #000000; font-family: 'Work Sans', Arial, Helvetica, sans-serif; font-size: 15px; font-style: normal; font-variant-ligatures: normal; font-variant-caps: normal; font-weight: 400;\">OioVape<\/span><span style=\"color: #000000;\">, <strong>er ansvarligt salg og overholdelse<\/strong> fundamentale for vores drift. Vores strenge aldersverifikationsforanstaltninger er ikke kun lovm\u00e6ssige forpligtelser, men ogs\u00e5 en forpligtelse til sikkerheden for vape-f\u00e6llesskabet. Vi str\u00e6ber efter at fremme et lovligt og ansvarligt vaping-milj\u00f8 for voksne brugere. V\u00e6lg overholdelse, v\u00e6lg <\/span><span style=\"color: #000000; font-family: 'Work Sans', Arial, Helvetica, sans-serif; font-size: 15px; font-style: normal; font-variant-ligatures: normal; font-variant-caps: normal; font-weight: 400;\">OioVape<\/span><span style=\"color: #000000;\">.<\/span><\/div><div><span style=\"color: #000000;\">Vores mission: At betjene kunder, der er <strong>21 \u00e5r eller \u00e6ldre<\/strong>. Vi overholder kompromisl\u00f8st f\u00f8derale Tobacco 21-love og alle relevante regler. Vores verifikationssystem kombinerer krydstjek af personlige oplysninger og ID-verifikation for at eliminere salg til mindre\u00e5rige. At lyve om din alder eller k\u00f8be for mindre\u00e5rige vil resultere i <strong>\u00f8jeblikkelige juridiske konsekvenser<\/strong>\u2014ingen undtagelser.<\/span><\/div><div><span style=\"color: #000000;\">Ingen SSN? Upload dit gyldige ID. Er du i tvivl om din alder? Din ordre vil <strong>ikke blive behandlet<\/strong>. Punktum.<\/span><\/div><div><span style=\"color: #000000;\">Klager over afviste ordrer: For foresp\u00f8rgsler eller klager vedr\u00f8rende afviste ordrer, bedes du sende en e-mail til vores kundeserviceteam. Vi tager alle tilbagemeldinger alvorligt og vil hurtigt gennemg\u00e5 din sag.<\/span><\/div>\t\t\t\t\t\t\t\t<\/div>\n\t\t\t\t\t<\/div>\n\t\t\t\t<\/div>\n\t\t\t\t<\/div>","protected":false},"excerpt":{"rendered":"<p>OioVape Age Verification Policy Legal Age for Purchase: You must be at least 21 years old to buy any vape<\/p>","protected":false},"author":1,"featured_media":0,"parent":0,"menu_order":0,"comment_status":"closed","ping_status":"closed","template":"","meta":{"_acf_changed":false,"inline_featured_image":false,"_sitemap_exclude":false,"_sitemap_priority":"","_sitemap_frequency":"","footnotes":""},"class_list":["post-1674","page","type-page","status-publish","hentry"],"acf":[],"_links":{"self":[{"href":"https:\/\/oiovape.com\/da\/wp-json\/wp\/v2\/pages\/1674","targetHints":{"allow":["GET"]}}],"collection":[{"href":"https:\/\/oiovape.com\/da\/wp-json\/wp\/v2\/pages"}],"about":[{"href":"https:\/\/oiovape.com\/da\/wp-json\/wp\/v2\/types\/page"}],"author":[{"embeddable":true,"href":"https:\/\/oiovape.com\/da\/wp-json\/wp\/v2\/users\/1"}],"replies":[{"embeddable":true,"href":"https:\/\/oiovape.com\/da\/wp-json\/wp\/v2\/comments?post=1674"}],"version-history":[{"count":0,"href":"https:\/\/oiovape.com\/da\/wp-json\/wp\/v2\/pages\/1674\/revisions"}],"wp:attachment":[{"href":"https:\/\/oiovape.com\/da\/wp-json\/wp\/v2\/media?parent=1674"}],"curies":[{"name":"wp","href":"https:\/\/api.w.org\/{rel}","templated":true}]}}