{"id":2277,"date":"2025-12-27T02:34:16","date_gmt":"2025-12-27T02:34:16","guid":{"rendered":"https:\/\/oiovape.com\/?post_type=product&#038;p=2277"},"modified":"2026-04-03T10:11:19","modified_gmt":"2026-04-03T02:11:19","slug":"bang-legend-150000-puffs","status":"publish","type":"product","link":"https:\/\/oiovape.com\/da\/product\/bang-legend-150000-puffs\/","title":{"rendered":"Bang Legend 150000 PUFFS 6 i 1 Smage Langtidsholdbar LED Sk\u00e6rm Genopladelig Vape"},"content":{"rendered":"<div data-page-id=\"UiYCfreMqdGevAcsp34cXRSan1d\" data-lark-html-role=\"root\" data-docx-has-block-data=\"false\">\n<div data-page-id=\"HMW1fYaE9d8tKKcAJkBcZ4u8nIh\" data-lark-html-role=\"root\" data-docx-has-block-data=\"false\">\n<div class=\"auto-hide-last-sibling-br paragraph-pP9ZLC paragraph-element br-paragraph-space\">\n<div data-page-id=\"XTjHfxYPKdiT2ecnyVVcGJUonkd\" data-lark-html-role=\"root\" data-docx-has-block-data=\"true\">\n<div data-page-id=\"GS9hf810HdytlXc33JQcBKqrnre\" data-lark-html-role=\"root\" data-docx-has-block-data=\"false\">\n<div data-page-id=\"QH8EfUreMd0GBxcO7yqcEqXBnde\" data-lark-html-role=\"root\" data-docx-has-block-data=\"false\">\n<div class=\"ace-line ace-line old-record-id-QH8EfUreMd0GBxcO7yqcEqXBnde\">\n<div data-page-id=\"QH8EfUreMd0GBxcO7yqcEqXBnde\" data-lark-html-role=\"root\" data-docx-has-block-data=\"false\">\n<h2 data-path-to-node=\"0\">Bryd den ensartede smagsrutine, tag kontrol over din dampoplevelse \u2014 Bang Legend 150000 pust<\/h2>\n<p data-path-to-node=\"1\">Ikke alles smagsl\u00f8g forbliver p\u00e5 samme frekvens hele dagen. Nogle \u00f8jeblikke kr\u00e6ver den spr\u00f8de s\u00f8dme fra frugt for at v\u00e6kke dine sanser, mens andre l\u00e6nges efter en dybere, rigere kompleksitet. Hvem siger, at en lang dag kun kan h\u00e5ndteres med \u00e9n fast smag? Bang Legend 150000 pust er designet pr\u00e6cist til disse skift i hum\u00f8r og omgivelser. Det fjerner besv\u00e6ret ved at b\u00e6re flere enheder og s\u00e6tter valget direkte tilbage i dine h\u00e6nder. Dette er en dampenhed, der s\u00e6tter fleksibilitet f\u00f8rst, med hvert design sprog centreret omkring \u201cintuitiv interaktion.\u201d<\/p>\n<p data-path-to-node=\"2\">Ved at arve den fremragende afstamning fra Bang-m\u00e6rket introducerer denne enhed et nul-l\u00e6ringskurve 6-i-1 drejepanel. Kombineret med et klart LED-vindue og en solid intern arkitektur er den grundl\u00e6ggende logik i Bang Legend 150000 pust enkel: g\u00f8r friskhed tilg\u00e6ngelig med et tryk, samtidig med at h\u00f8jfrekvent daglig brug forbliver glat og helt stabil.<\/p>\n<h2 data-path-to-node=\"3\">Hvordan hardwarefundamentet underst\u00f8tter fri smagsomskiftning<\/h2>\n<p data-path-to-node=\"4\">Bang Legend 150K er ikke afh\u00e6ngig af en traditionel envejseffektmode. I stedet indbygger den en \u201cOil Tank 3\u201d-struktur og tre parallelle 1.0\u03a9 mesh-coils direkte i sin kerne. I stedet for blot at kalde det en vape, hvorfor ikke se det som et mikro smagsmixerkonsol? Ved at dreje p\u00e5 den \u00f8verste mundstykke flytter du fysisk de interne v\u00e6skekanaler, hvilket giver dig mulighed for pr\u00e6cist at l\u00e5se ind i \u201cPure Flavors Mode\u201d eller krydse over i \u201cFlavors Combination Mode.\u201d De tre coils arbejder i synergi under denne proces\u2014de fungerer som tre uafh\u00e6ngige motorer, der k\u00f8rer fejlfrit. Dette sikrer ikke kun perfekt j\u00e6vn opvarmning for hver dr\u00e5be e-v\u00e6ske, men garanterer ogs\u00e5, at overgange mellem gear er klare og rene. Sig farvel til den kl\u00e6brige, mudrede krydssmag!<\/p>\n<p data-path-to-node=\"5\">Underst\u00f8ttende dette komplekse aromatiske system er et h\u00f8jdensitets 850mAh genopladeligt batteri. I stedet for at lede efter et opladningskabel kun n\u00e5r enheden d\u00f8r, og dampen tyndes ud, hvorfor ikke lade den smarte LED-sk\u00e6rm i bunden give dig svarene med det samme? Ligesom en bils instrumentbr\u00e6t spejler denne sk\u00e6rm dit resterende puffpotentiale og batteristatus i realtid, hvilket overs\u00e6tter skjult forbrug til klare visuelle data og bringer en dyb f\u00f8lelse af sikkerhed til din brug. Til partnere, der \u00f8nsker at udvide deres brand, efterlader dens \u00e5bne OEM\/ODM-muligheder rigelig plads til dyb tilpasning.<\/p>\n<h4 data-path-to-node=\"9\">Bang Legend 150000 pust Detaljeret parameter sammenligningstabel<\/h4>\n<table data-path-to-node=\"10\">\n<thead>\n<tr>\n<td><strong>Kernefunktioner<\/strong><\/td>\n<td><strong>Detaljerede specifikationer<\/strong><\/td>\n<\/tr>\n<\/thead>\n<tbody>\n<tr>\n<td><span data-path-to-node=\"10,1,0,0\"><b data-path-to-node=\"10,1,0,0\" data-index-in-node=\"0\">Puff Kapacitet<\/b><\/span><\/td>\n<td><span data-path-to-node=\"10,1,1,0\">Op til 150000 pust<\/span><\/td>\n<\/tr>\n<tr>\n<td><span data-path-to-node=\"10,2,0,0\"><b data-path-to-node=\"10,2,0,0\" data-index-in-node=\"0\">Batterispecifikationer<\/b><\/span><\/td>\n<td><span data-path-to-node=\"10,2,1,0\">850mAh genopladeligt batteri<\/span><\/td>\n<\/tr>\n<tr>\n<td><span data-path-to-node=\"10,3,0,0\"><b data-path-to-node=\"10,3,0,0\" data-index-in-node=\"0\">Coil-arkitektur<\/b><\/span><\/td>\n<td><span data-path-to-node=\"10,3,1,0\">Triple mesh coils (1.0\u03a9 \u00d7 3)<\/span><\/td>\n<\/tr>\n<tr>\n<td><span data-path-to-node=\"10,4,0,0\"><b data-path-to-node=\"10,4,0,0\" data-index-in-node=\"0\">Opladningsmetode<\/b><\/span><\/td>\n<td><span data-path-to-node=\"10,4,1,0\">Type-C h\u00f8jhastighedsport<\/span><\/td>\n<\/tr>\n<tr>\n<td><span data-path-to-node=\"10,5,0,0\"><b data-path-to-node=\"10,5,0,0\" data-index-in-node=\"0\">Smagssystem<\/b><\/span><\/td>\n<td><span data-path-to-node=\"10,5,1,0\">6-i-1 drejepanel, der underst\u00f8tter enkelt\/kombinationsm\u00e5der<\/span><\/td>\n<\/tr>\n<tr>\n<td><span data-path-to-node=\"10,6,0,0\"><b data-path-to-node=\"10,6,0,0\" data-index-in-node=\"0\">Interaktion<\/b><\/span><\/td>\n<td><span data-path-to-node=\"10,6,1,0\">Smart LED digital sk\u00e6rm<\/span><\/td>\n<\/tr>\n<tr>\n<td><span data-path-to-node=\"10,7,0,0\"><b data-path-to-node=\"10,7,0,0\" data-index-in-node=\"0\">Intern medium<\/b><\/span><\/td>\n<td><span data-path-to-node=\"10,7,1,0\">Forudfyldt premium nikotinsalt e-v\u00e6ske<\/span><\/td>\n<\/tr>\n<tr>\n<td><span data-path-to-node=\"10,8,0,0\"><b data-path-to-node=\"10,8,0,0\" data-index-in-node=\"0\">Tilpasning<\/b><\/span><\/td>\n<td><span data-path-to-node=\"10,8,1,0\">OEM \/ ODM underst\u00f8ttet<\/span><\/td>\n<\/tr>\n<\/tbody>\n<\/table>\n<h2 data-path-to-node=\"11\">Et stort rum til smagsvalg<\/h2>\n<p data-path-to-node=\"12\">Bang Legend 150000 decentraliserer fuldst\u00e6ndigt magten til smagskreation. Hver enkelt enhed indeholder et sammenv\u00e6vet netv\u00e6rk af smage, der kombineres til at danne de f\u00f8lgende 12 store sensoriske matrixer:<\/p>\n<h5 data-path-to-node=\"13\">De 12 kombinationsserie matrixer<\/h5>\n<p>1. Ferskenis \/ Mango Fersken \/ Bl\u00e5b\u00e6r Fersken \/ Ferskenis Mango Fersken \/ Ferskenis Bl\u00e5b\u00e6r Fersken \/ Mango Fersken Bl\u00e5b\u00e6r Fersken<br \/>\n2. Ananasis \/ Ananas Kokosn\u00f8d \/ Kiwi Frugt Ananasis \/ Ananasis Ananas Kokosn\u00f8d \/ Ananasis Kiwi Frugt Ananasis \/ Ananas Kokosn\u00f8d Kiwi Frugt Ananasis<br \/>\n3. Druelis \/ Druer Bublegummi \/ Hindb\u00e6r Druer \/ Druelis Druer Bublegummi \/ Druelis Hindb\u00e6r Druer \/ Druer Bublegummi Hindb\u00e6r Druer<br \/>\n4. Vandmelonis \/ Vandmelon B\u00e6r \/ Jordb\u00e6r Vandmelon \/ Vandmelonis Vandmelon B\u00e6r \/ Vandmelonis Jordb\u00e6r Vandmelon \/ Vandmelon B\u00e6r Jordb\u00e6r Vandmelon<br \/>\n5. Bl\u00e5b\u00e6ris \/ Bl\u00e5b\u00e6r Hindb\u00e6r \/ Bl\u00e5b\u00e6r Traneb\u00e6r Kirseb\u00e6r \/ Bl\u00e5b\u00e6ris Bl\u00e5b\u00e6r Hindb\u00e6r \/ Bl\u00e5b\u00e6ris Bl\u00e5b\u00e6r Traneb\u00e6r Kirseb\u00e6r \/ Bl\u00e5b\u00e6r Hindb\u00e6r Bl\u00e5b\u00e6r Traneb\u00e6r Kirseb\u00e6r<br \/>\n6. Bananis \/ Jordb\u00e6r Banan \/ Citronsyre Appelsin \/ Bananis Jordb\u00e6r Banan \/ Bananis Citronsyre Appelsin \/ Jordb\u00e6r Banan Citronsyre Appelsin<br \/>\n7. \u00c6bleis \/ \u00c6ble Druer \/ Bl\u00e5b\u00e6r Druer \/ \u00c6bleis \u00c6ble Druer \/ \u00c6bleis Bl\u00e5b\u00e6r Druer \/ \u00c6ble Druer Bl\u00e5b\u00e6r Druer<br \/>\n8. Mangois \/ Fersken Mango Vandmelon \/ Gummy Bear \/ Mangois Fersken Mango Vandmelon \/ Mangois Gummy Bear \/ Fersken Mango Vandmelon Gummy Bear<br \/>\n9. Kirseb\u00e6ris \/ Blandede b\u00e6r \/ R\u00f8d Cola \/ Kirseb\u00e6ris Blandede B\u00e6r \/ Kirseb\u00e6ris R\u00f8d Cola \/ Blandede B\u00e6r R\u00f8d Cola<br \/>\n10. Red Bull \/ Vandmelon Bublegummi \/ Love 66 \/ Red Bull Vandmelon Bublegummi \/ Red Bull Love 66 \/ Vandmelon Bublegummi Love 66<br \/>\n11. Jordb\u00e6ris \/ Jordb\u00e6r Kiwi \/ Jordb\u00e6r Litchi \/ Jordb\u00e6ris Jordb\u00e6r Kiwi \/ Jordb\u00e6ris Jordb\u00e6r Litchi \/ Jordb\u00e6r Kiwi Jordb\u00e6r Litchi<br \/>\n12. Fassionate Passionfrugt \/ Guava Lime \/ Passionfrugt Citron \/ Fassionate Passionfrugt Guava Lime \/ Fassionate Passionfrugt Passionfrugt Citron \/ Guava Lime Passionfrugt Citron<\/p>\n<p><img decoding=\"async\" class=\"alignnone wp-image-7940 size-full\" title=\"bang 150k pust smag\" src=\"https:\/\/oiovape.com\/wp-content\/uploads\/2026\/04\/bang-150k-puffs-flavor-scaled.jpg\" alt=\"bang 150k pust smag\" width=\"1061\" height=\"2560\" srcset=\"https:\/\/oiovape.com\/wp-content\/uploads\/2026\/04\/bang-150k-puffs-flavor-scaled.jpg 1061w, https:\/\/oiovape.com\/wp-content\/uploads\/2026\/04\/bang-150k-puffs-flavor-124x300.jpg 124w, https:\/\/oiovape.com\/wp-content\/uploads\/2026\/04\/bang-150k-puffs-flavor-424x1024.jpg 424w, https:\/\/oiovape.com\/wp-content\/uploads\/2026\/04\/bang-150k-puffs-flavor-768x1853.jpg 768w, https:\/\/oiovape.com\/wp-content\/uploads\/2026\/04\/bang-150k-puffs-flavor-637x1536.jpg 637w, https:\/\/oiovape.com\/wp-content\/uploads\/2026\/04\/bang-150k-puffs-flavor-849x2048.jpg 849w, https:\/\/oiovape.com\/wp-content\/uploads\/2026\/04\/bang-150k-puffs-flavor-5x12.jpg 5w, https:\/\/oiovape.com\/wp-content\/uploads\/2026\/04\/bang-150k-puffs-flavor-1200x2895.jpg 1200w, https:\/\/oiovape.com\/wp-content\/uploads\/2026\/04\/bang-150k-puffs-flavor-150x362.jpg 150w\" sizes=\"(max-width: 1061px) 100vw, 1061px\" \/><\/p>\n<h2 data-path-to-node=\"15\">Visuel feedback og chassis interaktionsdesign<\/h2>\n<p data-path-to-node=\"16\">I forhold til visuel udtryk anvender Bang Legend 150000 pust en blank cylindrisk krop. Dens overflade pr\u00e6senterer dristige, street-style totems (som det ikoniske, trendy abe-grafik), der straks fremh\u00e6ver dens mangfoldige, vildskabende produktkerne. Det roterende drejehjul \u00f8verst giver distinkte taktile segmenter. Kombineret med de vejledende pile n\u00e6r mundstykket leverer hver drejning klart fysisk feedback, hvilket g\u00f8r handlingen at skifte smag b\u00e5de naturlig og meget tilfredsstillende. LED-sk\u00e6rmen i bunden er indlejret i den sorte base med sl\u00e5ende tilbageholdenhed\u2014den lyser kun op, n\u00e5r du har brug for information, og undg\u00e5r helt h\u00e5rd visuel rod. Den knapl\u00f8se, tr\u00e6k-aktiverede affyringsmekanisme fjerner risikoen for utilsigtede lommeafbr\u00e6ndinger fra roden, mens den interne triple-coil layout fungerer som et solidt fundament, der underst\u00f8tter enhedens pr\u00e6stationsstabilitet, mens den hurtigt skifter mellem forskellige smagsm\u00e5der.<\/p>\n<h2 data-path-to-node=\"17\">Hverdagsbrug FAQs<\/h2>\n<p data-path-to-node=\"18\"><b data-path-to-node=\"18\" data-index-in-node=\"0\">Hvad er den grundl\u00e6ggende forskel mellem Bang Legend 150000 og standard engangs-enheder?<\/b><\/p>\n<p data-path-to-node=\"18\">Den opgiver begr\u00e6nsningerne ved en enkelt smag. Det indbyggede 6-i-1 drejesystem giver dig mulighed for frit at v\u00e6lge rene, enkle smage eller blande dem inden for den samme enhed, n\u00e6sten som om du bar flere forskellige vapes i lommen.<\/p>\n<p data-path-to-node=\"19\"><b data-path-to-node=\"19\" data-index-in-node=\"0\">Hvor l\u00e6nge kan kapaciteten p\u00e5 150000 pust faktisk vare?<\/b><\/p>\n<p data-path-to-node=\"19\">Dette afh\u00e6nger helt af din personlige brugshyppighed. For tungere brugere (200+ pust om dagen) giver det en solid 1 til 2 m\u00e5neders selskab. For lettere brugere (50-100 pust om dagen) kan dens servicecyklus nemt str\u00e6kke sig til 3 eller 4 m\u00e5neder.<\/p>\n<p data-path-to-node=\"20\"><b data-path-to-node=\"20\" data-index-in-node=\"0\">Hvordan skifter jeg mellem forskellige smage?<\/b><\/p>\n<p data-path-to-node=\"20\">Betjeningen f\u00f8lger fuldst\u00e6ndigt fysisk intuition\u2014f\u00f8lg blot pilindikatorerne \u00f8verst og drej forsigtigt mundstykke modulet for at justere med de forskellige interne olietankkanaler.<\/p>\n<p data-path-to-node=\"21\"><b data-path-to-node=\"21\" data-index-in-node=\"0\">Bliver LED-sk\u00e6rmen i bunden t\u00e6ndt og dr\u00e6ner batteriet?<\/b><\/p>\n<p data-path-to-node=\"21\">Slet ikke. Sk\u00e6rmen er programmeret til kun at aktivere, n\u00e5r du tager et sug, kort pr\u00e6senterer din nuv\u00e6rende batterireserver og driftsstatus, f\u00f8r den automatisk slukker for at spare str\u00f8m.<\/p>\n<p data-path-to-node=\"22\"><b data-path-to-node=\"22\" data-index-in-node=\"0\">Hvad er specifikationerne for de interne opvarmningskomponenter?<\/b><\/p>\n<p data-path-to-node=\"22\">Den bruger ikke en skr\u00f8belig enkeltcoil. I stedet er den udstyret med tre parallelle 1.0\u03a9 mesh-coils, der deler opvarmningsarbejdet, hvilket garanterer b\u00e5de glathed i dampen og enhedens levetid.<\/p>\n<p data-path-to-node=\"23\"><b data-path-to-node=\"23\" data-index-in-node=\"0\">Skal jeg selv genopfylde e-v\u00e6sken?<\/b><\/p>\n<p data-path-to-node=\"23\">Absolut ikke. Den kommer forudfyldt fra fabrikken med premium, f\u00f8devarekvalitet nikotinsalt e-v\u00e6ske\u2014klar til brug lige ud af boksen.<\/p>\n<\/div>\n<\/div>\n<\/div>\n<\/div>\n<\/div>\n<\/div>\n<\/div>\n<\/div>","protected":false},"excerpt":{"rendered":"<div class=\"inter-H_fm37\">\n<div class=\"container-PvPoAn\">\n<div class=\"item-kDun2N\">\n<div class=\"container-SrVXPg chrome70-container\">\n<div class=\"inner-Qo5lJS inner-item-w21SQO\" data-target-id=\"message-box-target-id\" data-testid=\"union_message\">\n<div class=\"message-block-container-PggqdK\" data-testid=\"message-block-container\" data-ui-version=\"samantha\">\n<div class=\"flex flex-row w-full w-full max-w-full s-font-base text-s-color-text-secondary p-0 rounded-s-radius-s bg-transparent group data-[attr=select-mode]:-mt-10 data-[attr=select-mode]:py-10 data-[attr=select-mode]:px-16 data-[attr=select-mode]:sm:p-10 data-[attr=select-mode]:hover:bg-s-color-bg-base data-[attr=select-mode]:hover:rounded-s-radius-xs data-[attr=select-mode]:has-[:checked]:bg-s-color-bg-trans data-[attr=select-mode]:has-[:checked]:rounded-s-radius-xs data-[attr=select-mode]:pointer-events-none\" data-testid=\"receive_message\" data-copy-telemetry=\"right_click_copy\">\n<div class=\"flex flex-col flex-grow max-w-full min-w-0\">\n<div class=\"flex-row flex w-full\" data-testid=\"message_content\" data-message-id=\"33792495904154114\">\n<div class=\"flex w-full flex-col [&amp;&gt;div:not(:last-child):not(:empty)]:mb-20\">\n<div class=\"\" data-render-engine=\"node\" data-plugin-identifier=\"block_type:10000\">\n<div class=\"container-P2rR72 flow-markdown-body mdbox-theme-next theme-samantha-uDexJL\" dir=\"ltr\" data-testid=\"message_text_content\" data-show-indicator=\"false\">\n<div class=\"auto-hide-last-sibling-br paragraph-pP9ZLC paragraph-element br-paragraph-space\">\n<div data-page-id=\"LnPyfMEqWdQ4qfcSii0cKc98nac\" data-lark-html-role=\"root\" data-docx-has-block-data=\"false\">\n<div class=\" old-record-id-Tuwzf4R4adAZ51cRHCnc4oQXnXd\">\n<div data-page-id=\"PlTDfUQRRdRssbcCTaucuJAEnve\" data-lark-html-role=\"root\" data-docx-has-block-data=\"false\">\n<div class=\" old-record-id-Tp64fPX1Ud97nectbiNcfErwnBe\">\n<div data-page-id=\"CBRefD4tod6tEac6tvJcTYYKnze\" data-lark-html-role=\"root\" data-docx-has-block-data=\"false\">\n<div class=\"ace-line ace-line old-record-id-STqDfbVLNdKGaAcTFlecGqEfnPe\">\n<div data-page-id=\"HuGJfyOwSd3xsrciTY0c8065npd\" data-lark-html-role=\"root\" data-docx-has-block-data=\"false\">\n<div class=\" old-record-id-PqEkfCUMSdsV8ycxpYmcbRSPniN\">\n<div data-page-id=\"HuGJfyOwSd3xsrciTY0c8065npd\" data-lark-html-role=\"root\" data-docx-has-block-data=\"false\">\n<div class=\"ace-line ace-line old-record-id-E3E3fCC5QdFCdIcQGICcGbsVnIb\">Bang Legend 150000 Puffs offers diverse flavors from fruity to specialty blends. Equipped with 850mAh battery, 1.0*3 mesh coil and Type-C charging, it features an LED screen for real-time status. Reliable, long-lasting and easy to use, it\u2019s ideal for all vapers seeking great performance.<\/div>\n<\/div>\n<\/div>\n<\/div>\n<\/div>\n<\/div>\n<\/div>\n<\/div>\n<\/div>\n<\/div>\n<\/div>\n<\/div>\n<\/div>\n<\/div>\n<\/div>\n<\/div>\n<\/div>\n<\/div>\n<\/div>\n<\/div>\n<\/div>\n<\/div>\n<\/div>\n","protected":false},"featured_media":2469,"comment_status":"open","ping_status":"closed","template":"","meta":{"_acf_changed":false,"inline_featured_image":false,"_sitemap_exclude":false,"_sitemap_priority":"","_sitemap_frequency":""},"product_brand":[90],"product_cat":[79],"product_tag":[],"class_list":{"0":"post-2277","1":"product","2":"type-product","3":"status-publish","4":"has-post-thumbnail","6":"product_brand-bang","7":"product_cat-bang-puff","9":"first","10":"instock","11":"sale","12":"shipping-taxable","13":"purchasable","14":"product-type-variable","15":"has-default-attributes"},"acf":[],"tiered_pricing_type":"fixed","tiered_pricing_fixed_rules":{"30":8.66,"60":7.89,"100":7.25,"200":6.72},"tiered_pricing_product_settings":{"layout":"default","base_unit_name":{"singular":null,"plural":null},"default_variation":null},"tiered_pricing_minimum_quantity":10,"tiered_pricing_roles_data":[],"tiered_pricing_percentage_rules":[],"tiered_pricing_maximum_quantity":null,"tiered_pricing_quantity_step":"10","_links":{"self":[{"href":"https:\/\/oiovape.com\/da\/wp-json\/wp\/v2\/product\/2277","targetHints":{"allow":["GET"]}}],"collection":[{"href":"https:\/\/oiovape.com\/da\/wp-json\/wp\/v2\/product"}],"about":[{"href":"https:\/\/oiovape.com\/da\/wp-json\/wp\/v2\/types\/product"}],"replies":[{"embeddable":true,"href":"https:\/\/oiovape.com\/da\/wp-json\/wp\/v2\/comments?post=2277"}],"version-history":[{"count":3,"href":"https:\/\/oiovape.com\/da\/wp-json\/wp\/v2\/product\/2277\/revisions"}],"predecessor-version":[{"id":7941,"href":"https:\/\/oiovape.com\/da\/wp-json\/wp\/v2\/product\/2277\/revisions\/7941"}],"wp:featuredmedia":[{"embeddable":true,"href":"https:\/\/oiovape.com\/da\/wp-json\/wp\/v2\/media\/2469"}],"wp:attachment":[{"href":"https:\/\/oiovape.com\/da\/wp-json\/wp\/v2\/media?parent=2277"}],"wp:term":[{"taxonomy":"product_brand","embeddable":true,"href":"https:\/\/oiovape.com\/da\/wp-json\/wp\/v2\/product_brand?post=2277"},{"taxonomy":"product_cat","embeddable":true,"href":"https:\/\/oiovape.com\/da\/wp-json\/wp\/v2\/product_cat?post=2277"},{"taxonomy":"product_tag","embeddable":true,"href":"https:\/\/oiovape.com\/da\/wp-json\/wp\/v2\/product_tag?post=2277"}],"curies":[{"name":"wp","href":"https:\/\/api.w.org\/{rel}","templated":true}]}}