{"id":2385,"date":"2025-12-29T03:27:49","date_gmt":"2025-12-29T03:27:49","guid":{"rendered":"https:\/\/oiovape.com\/?post_type=product&#038;p=2385"},"modified":"2026-01-27T17:30:29","modified_gmt":"2026-01-27T09:30:29","slug":"uzy-triple-flavor-60000-puffs","status":"publish","type":"product","link":"https:\/\/oiovape.com\/da\/product\/uzy-triple-flavor-60000-puffs\/","title":{"rendered":"UZY Triple Flavor 60000 PUFFS 3-i-1 Triple Flavor Smart Screen Dual Mesh Coil E-cigaret"},"content":{"rendered":"<div data-page-id=\"UiYCfreMqdGevAcsp34cXRSan1d\" data-lark-html-role=\"root\" data-docx-has-block-data=\"false\">\n<div data-page-id=\"HMW1fYaE9d8tKKcAJkBcZ4u8nIh\" data-lark-html-role=\"root\" data-docx-has-block-data=\"false\">\n<div class=\"auto-hide-last-sibling-br paragraph-pP9ZLC paragraph-element br-paragraph-space\">\n<div data-page-id=\"XTjHfxYPKdiT2ecnyVVcGJUonkd\" data-lark-html-role=\"root\" data-docx-has-block-data=\"true\">\n<div data-page-id=\"VhGlfX0s4d7V8tc8dVycT6HLnI8\" data-lark-html-role=\"root\" data-docx-has-block-data=\"true\">\n<div data-page-id=\"R27YfXH9MdOaMxcTXrVcIFkvnXr\" data-lark-html-role=\"root\" data-docx-has-block-data=\"false\">\n<div data-page-id=\"L4TPfKRWEdbZPLcpAl5cppg5nwg\" data-lark-html-role=\"root\" data-docx-has-block-data=\"false\">\n<div data-page-id=\"HOcmfxZzEdZvKIcVNHGcQsITnBO\" data-lark-html-role=\"root\" data-docx-has-block-data=\"false\">\n<div data-page-id=\"HF3Df74IId27QtcHbqFc4ll9nx7\" data-lark-html-role=\"root\" data-docx-has-block-data=\"true\">\n<h2 class=\"ace-line ace-line old-record-id-HF3Df74IId27QtcHbqFc4ll9nx7\">UZY Triple Smag 60000 Puffs Produktpr\u00e6sentation<\/h2>\n<div class=\"ace-line ace-line old-record-id-IjrUfGkmkdiIHRcs0sQcHxDWnCf\">UZY Triple Smag 60000 Puffs Elektronisk Cigaret \u2013 En engangs elektronisk cigaret med langvarig batterilevetid, et bredt udvalg af smagsvarianter at v\u00e6lge imellem, og fremragende bekvemmelighed. Med 30 omhyggeligt blandede triple smagskombinationer, topklasse konfiguration og stilfuldt design, kan denne enhed im\u00f8dekomme dine dampbehov.<\/div>\n<h3 class=\"heading-3 ace-line old-record-id-ExamfeJtYdXXbjcSPoNcrAKMnJQ\">Uovertruffen Smagsudvalg: 30 Uimodst\u00e5elige Triple Blandinger<\/h3>\n<div class=\"ace-line ace-line old-record-id-RLlUfq2UEd30nicjgJlcfqtQnlB\">UZY pr\u00e6senterer 10 s\u00e6t af triple smagskombinationer, hver med komplement\u00e6re noter for at skabe en unik og mindev\u00e6rdig smagsoplevelse. Hver puff er en rejse gennem lag af frugtagtige, iskolde og s\u00f8de smagsnuancer, der danser p\u00e5 dine smagsl\u00f8g. Her er vores fulde smagslinje:<\/div>\n<div>\n<table class=\"ace-table\" data-ace-table-col-widths=\"200;200\">\n<colgroup>\n<col width=\"200\" \/>\n<col width=\"200\" \/><\/colgroup>\n<thead>\n<tr>\n<th colspan=\"1\" rowspan=\"1\">\n<div class=\"ace-line ace-line old-record-id-S58dfNBkldwQgaclGSLc8I07nqg\">S\u00e6t<\/div>\n<\/th>\n<th colspan=\"1\" rowspan=\"1\">\n<div class=\"ace-line ace-line old-record-id-AiP1fd5zJdMbyXcgtfOcLKWInWe\">Triple Smagsblandinger<\/div>\n<\/th>\n<\/tr>\n<\/thead>\n<tbody>\n<tr>\n<td colspan=\"1\" rowspan=\"1\">\n<div class=\"ace-line ace-line old-record-id-GFCAfkK0hdpSdWcL2gEcVip2nkd\">1<\/div>\n<\/td>\n<td colspan=\"1\" rowspan=\"1\">\n<div class=\"ace-line ace-line old-record-id-O2SLfZMq4dFJtHctkfIcb69hn1e\">Bl\u00e5b\u00e6r Hindb\u00e6r \/ Jordb\u00e6r Kiwi \/ Citron Lime<\/div>\n<\/td>\n<\/tr>\n<tr>\n<td colspan=\"1\" rowspan=\"1\">\n<div class=\"ace-line ace-line old-record-id-WE8FfregYdWzFpce38Vc3I7FnTf\">2<\/div>\n<\/td>\n<td colspan=\"1\" rowspan=\"1\">\n<div class=\"ace-line ace-line old-record-id-SMWefmqild1OTbc8l2DcGLb3nuc\">Kiwi Passionfrugt Guava \/ Bl\u00e5b\u00e6r Is \/ Fersken Mango<\/div>\n<\/td>\n<\/tr>\n<tr>\n<td colspan=\"1\" rowspan=\"1\">\n<div class=\"ace-line ace-line old-record-id-WUh3fu2qadCqcTcjG3Fcoj4TnZg\">3<\/div>\n<\/td>\n<td colspan=\"1\" rowspan=\"1\">\n<div class=\"ace-line ace-line old-record-id-VWLDfebJJdHiZEcnoaJc9ItnnOf\">Jordb\u00e6r Vandmelon \/ Cola Is \/ Kirseb\u00e6r Cola<\/div>\n<\/td>\n<\/tr>\n<tr>\n<td colspan=\"1\" rowspan=\"1\">\n<div class=\"ace-line ace-line old-record-id-Fq5Rf2S67dJp6Cck4cycGLNYnqb\">4<\/div>\n<\/td>\n<td colspan=\"1\" rowspan=\"1\">\n<div class=\"ace-line ace-line old-record-id-SuJAfh87hdWsmHcQ5E7ci53gnxh\">Fersken Is \/ Jordb\u00e6r Hindb\u00e6r Kirseb\u00e6r Is \/ To \u00c6ble Is<\/div>\n<\/td>\n<\/tr>\n<tr>\n<td colspan=\"1\" rowspan=\"1\">\n<div class=\"ace-line ace-line old-record-id-XluMfRwo0d4gnPcLGNzcVv1NnBh\">5<\/div>\n<\/td>\n<td colspan=\"1\" rowspan=\"1\">\n<div class=\"ace-line ace-line old-record-id-LIq1fW0codUycYcyOgVcMueOn7c\">Drupe Is \/ K\u00e6rlighed666 (Passionfrugt Melon) \/ Jordb\u00e6r Red Bull<\/div>\n<\/td>\n<\/tr>\n<tr>\n<td colspan=\"1\" rowspan=\"1\">\n<div class=\"ace-line ace-line old-record-id-J0FOfVJj4dEFVvcTXbrcGQmanvg\">6<\/div>\n<\/td>\n<td colspan=\"1\" rowspan=\"1\">\n<div class=\"ace-line ace-line old-record-id-R9ouf53eydT3MtcNTJGcxQhunQh\">Hr. Bl\u00e5 \/ Gummy Bear \/ Red Bull Is<\/div>\n<\/td>\n<\/tr>\n<tr>\n<td colspan=\"1\" rowspan=\"1\">\n<div class=\"ace-line ace-line old-record-id-Q9Yzf1o1bdAUTIc2UjLciM8Onzb\">7<\/div>\n<\/td>\n<td colspan=\"1\" rowspan=\"1\">\n<div class=\"ace-line ace-line old-record-id-WDm0fSpcXdNpLicgUzHcdptNnwe\">Fersken Mango Ananas \/ Bl\u00e5 Razz Is \/ Hindb\u00e6r Vandmelon<\/div>\n<\/td>\n<\/tr>\n<tr>\n<td colspan=\"1\" rowspan=\"1\">\n<div class=\"ace-line ace-line old-record-id-SnpsfRjDkdI14OcpKtgcvNyEnwb\">8<\/div>\n<\/td>\n<td colspan=\"1\" rowspan=\"1\">\n<div class=\"ace-line ace-line old-record-id-A9LGf6TOpdGnnEcNLOJckpB4nab\">Vandmelon Is \/ Triple Melon Is \/ Jordb\u00e6r Banan<\/div>\n<\/td>\n<\/tr>\n<tr>\n<td colspan=\"1\" rowspan=\"1\">\n<div class=\"ace-line ace-line old-record-id-EpVsfk1XzdjVfWcFZTtc0tAEn5i\">9<\/div>\n<\/td>\n<td colspan=\"1\" rowspan=\"1\">\n<div class=\"ace-line ace-line old-record-id-HIfYfr0PUdnalzcuvpgcCufgnjb\">Sommer Fersken Is \/ Jordb\u00e6r Is \/ Bl\u00e5 Razz Is<\/div>\n<\/td>\n<\/tr>\n<tr>\n<td colspan=\"1\" rowspan=\"1\">\n<div class=\"ace-line ace-line old-record-id-AKdBflFREd8h9ucFl8LcFB1AnDN\">10<\/div>\n<\/td>\n<td colspan=\"1\" rowspan=\"1\">\n<div class=\"ace-line ace-line old-record-id-B4RNfacDsdioYtcnCeCc9uwenvb\">Kirseb\u00e6r Is \/ Blandet B\u00e6r \/ Sort Drage Is<\/div>\n<\/td>\n<\/tr>\n<\/tbody>\n<\/table>\n<\/div>\n<div class=\"ace-line ace-line old-record-id-ZFYaf9R1rdNs6GcMDZxcyS20nqc\">Fra den forfriskende zing af Citron Lime til den s\u00f8de cremede smag af Gummy Bear, og det iskolde spark fra Bl\u00e5 Razz Is \u2013 der er en smagskombination til enhver stemning. Uanset om du foretr\u00e6kker frugtige, sodavandsinspirerede eller iskolde l\u00e6kkerier, skuffer UZY's triple blandinger aldrig.<\/div>\n<h3 class=\"heading-3 ace-line old-record-id-ObS1f5jm2dT8bHcoaZQcMPBanyf\">Premium Funktioner, Der Forbedrer Din Dampoplevelse<\/h3>\n<div class=\"ace-line ace-line old-record-id-XiwRfAhwTdBjOrcm6lIcOPuvnrd\">Udover sine fantastiske smage er UZY Triple Smag 60000 Puffs fyldt med funktioner designet til bekvemmelighed, ydeevne og kontrol. Lad os bryde ned, hvad der g\u00f8r denne enhed unik:<\/div>\n<h4 class=\"heading-4 ace-line old-record-id-YSIwfvjI4dNcxrcwASOcaa44nFg\">Langvarig ydeevne<\/h4>\n<div class=\"ace-line ace-line old-record-id-FRnPfm0ckdkVeccHffPcJu5xnZg\">Med imponerende 60000 puffs, holder denne engangs vape trit med dine daglige behov \u2013 ingen grund til konstant at udskifte enheder. Den 54ml e-v\u00e6ske kapacitet (18ml x 3 for hver smag) sikrer, at du f\u00e5r den fulde smag af hver triple blanding uden at l\u00f8be t\u00f8r for v\u00e6ske for tidligt.<\/div>\n<h4 class=\"heading-4 ace-line old-record-id-DYCGfT1Jld5RB5cy2zdcV8fdnzJ\">Topklasse Dampeteknologi<\/h4>\n<div class=\"ace-line ace-line old-record-id-PL7gfbQXNduzoIc66yicJmGsnog\">Udstyret med en Dual Mesh Coil, leverer UZY glat, konstant damp og rig smag med hver puff. Coilen opvarmes j\u00e6vnt, hvilket forhindrer br\u00e6ndte smagsnuancer og sikrer en premium oplevelse fra start til slut.<\/div>\n<h4 class=\"heading-4 ace-line old-record-id-XMw3fP0zbdEbdCcGJqSck4fmnzc\">Fleksible Nikotinalternativer &amp; Str\u00f8mkontrol<\/h4>\n<div class=\"ace-line ace-line old-record-id-GMUqfOjotd29wpcYYNNcTMVCnxc\">V\u00e6lg mellem 0%, 2%, 3% eller 5% nikotinstyrke for at matche din pr\u00e6ference \u2013 perfekt til b\u00e5de nye dampere og erfarne brugere. Desuden giver Pro og Max str\u00f8mversioner dig mulighed for at justere dampintensiteten, s\u00e5 du kan tilpasse dit hit hver gang.<\/div>\n<h4 class=\"heading-4 ace-line old-record-id-Qcbzfz8Nyd7i1Wchhs8cRLrdnVe\">Praktisk &amp; Brugervenligt Design<\/h4>\n<div class=\"ace-line ace-line old-record-id-Lk92flyeedjG6UcjpSFchZrhnOL\">Det 850mAh genopladelige batteri (med Type-C opladningsport) betyder, at du aldrig beh\u00f8ver at smide en halvdannet enhed v\u00e6k. Den LED Smart Sk\u00e6rm viser klart batteri- og e-v\u00e6ske niveauer, s\u00e5 du altid er informeret \u2013 ikke mere g\u00e6tteri om, hvorn\u00e5r det er tid til at oplade eller udskifte.<\/div>\n<h3 class=\"heading-3 ace-line old-record-id-BDWTfm91Md75hbcb5L8cJnsWnQb\">N\u00f8glespecifikationer ved et Glance<\/h3>\n<div>\n<table class=\"ace-table\" data-ace-table-col-widths=\"200;200\">\n<colgroup>\n<col width=\"200\" \/>\n<col width=\"200\" \/><\/colgroup>\n<thead>\n<tr>\n<th colspan=\"1\" rowspan=\"1\">\n<div class=\"ace-line ace-line old-record-id-WciMfnU1RdObNIc681icaQDHnCf\">Funktion<\/div>\n<\/th>\n<th colspan=\"1\" rowspan=\"1\">\n<div class=\"ace-line ace-line old-record-id-UnmLfmR8SdDsJUcincrcxmzAnE6\">Detaljer<\/div>\n<\/th>\n<\/tr>\n<\/thead>\n<tbody>\n<tr>\n<td colspan=\"1\" rowspan=\"1\">\n<div class=\"ace-line ace-line old-record-id-VN6ZfyJW1dWdCScGsnPcirayn7e\">Puffs<\/div>\n<\/td>\n<td colspan=\"1\" rowspan=\"1\">\n<div class=\"ace-line ace-line old-record-id-TgfXffsyqddNw9cP89uchjounSd\">60000 Puffs<\/div>\n<\/td>\n<\/tr>\n<tr>\n<td colspan=\"1\" rowspan=\"1\">\n<div class=\"ace-line ace-line old-record-id-DF7ffmUGzdNUFgc4VisceVfkned\">Smagstype<\/div>\n<\/td>\n<td colspan=\"1\" rowspan=\"1\">\n<div class=\"ace-line ace-line old-record-id-A2OnfcES4dDYo4cDMBscpOZknAg\">Triple Smage (30 samlede blandinger)<\/div>\n<\/td>\n<\/tr>\n<tr>\n<td colspan=\"1\" rowspan=\"1\">\n<div class=\"ace-line ace-line old-record-id-PuCjfMZVkdplfAczWNIcPtDHnNb\">Coil<\/div>\n<\/td>\n<td colspan=\"1\" rowspan=\"1\">\n<div class=\"ace-line ace-line old-record-id-J0eFfHotAd9nsfcqBc0cKmuCn1g\">Dobbelt Mesh Coil<\/div>\n<\/td>\n<\/tr>\n<tr>\n<td colspan=\"1\" rowspan=\"1\">\n<div class=\"ace-line ace-line old-record-id-Eb4KfLb4BdYsRwcZ2rPcJPY0nOh\">E-v\u00e6ske kapacitet<\/div>\n<\/td>\n<td colspan=\"1\" rowspan=\"1\">\n<div class=\"ace-line ace-line old-record-id-H3kvfwYVZdfqV3cOCQyciwa9nGb\">\u00c6gte 54ml (18ml + 18ml + 18ml)<\/div>\n<\/td>\n<\/tr>\n<tr>\n<td colspan=\"1\" rowspan=\"1\">\n<div class=\"ace-line ace-line old-record-id-X1AEfwkXHdrjKNcxWdkczZO4n3e\">Nikotinstyrke<\/div>\n<\/td>\n<td colspan=\"1\" rowspan=\"1\">\n<div class=\"ace-line ace-line old-record-id-OqDpfGCMBdJfe0cLp5FcyKHSnsf\">0% \/ 2% \/ 3% \/ 5%<\/div>\n<\/td>\n<\/tr>\n<tr>\n<td colspan=\"1\" rowspan=\"1\">\n<div class=\"ace-line ace-line old-record-id-We77fmWDldZtOlcQnmXcOlkengf\">Batteri<\/div>\n<\/td>\n<td colspan=\"1\" rowspan=\"1\">\n<div class=\"ace-line ace-line old-record-id-LRvWfIXOPdoVndc0tMsc3Nqcnkc\">850mAh (Genopladelig)<\/div>\n<\/td>\n<\/tr>\n<tr>\n<td colspan=\"1\" rowspan=\"1\">\n<div class=\"ace-line ace-line old-record-id-Ld59f75hLdXAkBcjJBpc6xTNnob\">Opladningsport<\/div>\n<\/td>\n<td colspan=\"1\" rowspan=\"1\">\n<div class=\"ace-line ace-line old-record-id-KZy2faUG8dRaowccwfwcAat8nJf\">Type-C<\/div>\n<\/td>\n<\/tr>\n<tr>\n<td colspan=\"1\" rowspan=\"1\">\n<div class=\"ace-line ace-line old-record-id-SpRrf7BgfdLY0ocuOTecEV31n5W\">Display<\/div>\n<\/td>\n<td colspan=\"1\" rowspan=\"1\">\n<div class=\"ace-line ace-line old-record-id-T16Zfrot3dcIKBc2gpEcwXo7nGc\">LED Display (Smart Sk\u00e6rm)<\/div>\n<\/td>\n<\/tr>\n<tr>\n<td colspan=\"1\" rowspan=\"1\">\n<div class=\"ace-line ace-line old-record-id-F1GLfUZtAd54Tbczu5vcm9l0nrh\">Visningsfunktion<\/div>\n<\/td>\n<td colspan=\"1\" rowspan=\"1\">\n<div class=\"ace-line ace-line old-record-id-RJ8rf9K21dcTEZcq0jDc3qImnsd\">Angiver Tydeligt Batteri Og E-v\u00e6ske Niveau<\/div>\n<\/td>\n<\/tr>\n<tr>\n<td colspan=\"1\" rowspan=\"1\">\n<div class=\"ace-line ace-line old-record-id-HCo2fy5F3dLmNcc1dL5ch78vnqd\">Str\u00f8mindstillinger<\/div>\n<\/td>\n<td colspan=\"1\" rowspan=\"1\">\n<div class=\"ace-line ace-line old-record-id-LuXJfLfn8drNzScItL7c41lfnHh\">Pro Og Max Versioner<\/div>\n<\/td>\n<\/tr>\n<\/tbody>\n<\/table>\n<\/div>\n<h3 class=\"heading-3 ace-line old-record-id-Q702fRbH2duFW7cG2fmc5j1Hnnf\">FAQ: Alt Du Beh\u00f8ver At Vide<\/h3>\n<h4 class=\"heading-4 ace-line old-record-id-NdacfMI73dSaukcOtIMcvcO0nag\">Q1: Hvor l\u00e6nge holder UZY 60000 Puffs?<\/h4>\n<div class=\"ace-line ace-line old-record-id-XQmlfByhEdoHF1cE3Jzc2HtYnhf\">A1: Levetiden afh\u00e6nger af dit forbrug, men med 60000 puffs er den designet til at holde i uger \u2013 ideel til tunge dampere. Det genopladelige batteri sikrer, at du kan bruge al e-v\u00e6sken uden at enheden d\u00f8r tidligt.<\/div>\n<h4 class=\"heading-4 ace-line old-record-id-I87sfWth2drvyrc8k06ckcuFn9g\">Q2: Kan jeg nemt skifte mellem de tre smage?<\/h4>\n<div class=\"ace-line ace-line old-record-id-LwsOf9VC9dRfwkcqZpXcuQaanxN\">A2: Ja! Enheden er designet til at lade dig skifte mellem de tre triple blandinger problemfrit, s\u00e5 du kan nyde forskellige smage, n\u00e5r du vil, uden besv\u00e6r.<\/div>\n<h4 class=\"heading-4 ace-line old-record-id-INjcfIOmQdHA1icOzRycOx4WnQg\">Q3: Er Type-C opladeren inkluderet?<\/h4>\n<div class=\"ace-line ace-line old-record-id-M8N8fA5Vdd21lPc0FDFcreaYnNh\">A3: Selvom enheden underst\u00f8tter Type-C opladning, er opladeren ikke inkluderet. Du kan bruge ethvert standard Type-C kabel (almindeligt for de fleste smartphones) til at genoplade den.<\/div>\n<\/div>\n<\/div>\n<\/div>\n<\/div>\n<\/div>\n<\/div>\n<\/div>\n<\/div>\n<\/div>","protected":false},"excerpt":{"rendered":"<p>UZY Triple Flavor 60000 Puffs kombinerer lethed og sjov uden problemer. Ingen rodede genopfyldninger, kun 30 forblandede smagsvarianter, en klar LED-sk\u00e6rm og justerbar effekt. Oplad hurtigt med Type-C, v\u00e6lg din nikotinstyrke, og nyd en konsekvent, rig damp n\u00e5r som helst, hvor som helst.<\/p>","protected":false},"featured_media":4524,"comment_status":"open","ping_status":"closed","template":"","meta":{"_acf_changed":false,"inline_featured_image":false,"_sitemap_exclude":false,"_sitemap_priority":"","_sitemap_frequency":""},"product_brand":[89],"product_cat":[78,239,242,229],"product_tag":[],"class_list":{"0":"post-2385","1":"product","2":"type-product","3":"status-publish","4":"has-post-thumbnail","6":"product_brand-uzy","7":"product_cat-uzy-puff","8":"product_cat-disposable-vape-collection","9":"product_cat-60k-puff","10":"product_cat-ship-from-german","12":"first","13":"instock","14":"sale","15":"shipping-taxable","16":"purchasable","17":"product-type-variable","18":"has-default-attributes"},"acf":[],"tiered_pricing_type":"fixed","tiered_pricing_fixed_rules":{"30":8.99,"60":8.26,"100":7.65,"200":7.06},"tiered_pricing_product_settings":{"layout":"default","base_unit_name":{"singular":null,"plural":null},"default_variation":null},"tiered_pricing_minimum_quantity":10,"tiered_pricing_roles_data":[],"tiered_pricing_percentage_rules":[],"tiered_pricing_maximum_quantity":null,"tiered_pricing_quantity_step":"10","_links":{"self":[{"href":"https:\/\/oiovape.com\/da\/wp-json\/wp\/v2\/product\/2385","targetHints":{"allow":["GET"]}}],"collection":[{"href":"https:\/\/oiovape.com\/da\/wp-json\/wp\/v2\/product"}],"about":[{"href":"https:\/\/oiovape.com\/da\/wp-json\/wp\/v2\/types\/product"}],"replies":[{"embeddable":true,"href":"https:\/\/oiovape.com\/da\/wp-json\/wp\/v2\/comments?post=2385"}],"version-history":[{"count":1,"href":"https:\/\/oiovape.com\/da\/wp-json\/wp\/v2\/product\/2385\/revisions"}],"predecessor-version":[{"id":3637,"href":"https:\/\/oiovape.com\/da\/wp-json\/wp\/v2\/product\/2385\/revisions\/3637"}],"wp:featuredmedia":[{"embeddable":true,"href":"https:\/\/oiovape.com\/da\/wp-json\/wp\/v2\/media\/4524"}],"wp:attachment":[{"href":"https:\/\/oiovape.com\/da\/wp-json\/wp\/v2\/media?parent=2385"}],"wp:term":[{"taxonomy":"product_brand","embeddable":true,"href":"https:\/\/oiovape.com\/da\/wp-json\/wp\/v2\/product_brand?post=2385"},{"taxonomy":"product_cat","embeddable":true,"href":"https:\/\/oiovape.com\/da\/wp-json\/wp\/v2\/product_cat?post=2385"},{"taxonomy":"product_tag","embeddable":true,"href":"https:\/\/oiovape.com\/da\/wp-json\/wp\/v2\/product_tag?post=2385"}],"curies":[{"name":"wp","href":"https:\/\/api.w.org\/{rel}","templated":true}]}}