{"id":2617,"date":"2025-12-30T02:28:31","date_gmt":"2025-12-30T02:28:31","guid":{"rendered":"https:\/\/oiovape.com\/?post_type=product&#038;p=2617"},"modified":"2026-03-03T18:03:43","modified_gmt":"2026-03-03T10:03:43","slug":"uzy-6-in-1-150000-puffs","status":"publish","type":"product","link":"https:\/\/oiovape.com\/da\/product\/uzy-6-in-1-150000-puffs\/","title":{"rendered":"UZY 6 I 1 150000 PUFFS Seks Smagsvarianter 64ml E-v\u00e6ske Genopladelig Engangs Vape Pen"},"content":{"rendered":"<div data-page-id=\"ZVeMfq8uxd7y1ycuKm5cym4LnYd\" data-lark-html-role=\"root\" data-docx-has-block-data=\"false\">\n<div data-page-id=\"Fd41fZ5N9dzRQtcRNoVc2FuDnCh\" data-lark-html-role=\"root\" data-docx-has-block-data=\"true\">\n<h1 class=\"ace-line ace-line old-record-id-Fd41fZ5N9dzRQtcRNoVc2FuDnCh\">UZY 6 IN 1 150000 Puffs Vape: Smagsvarianter &amp; Kernefordele<\/h1>\n<div class=\"ace-line ace-line old-record-id-HWJ0fBetod8vjkcLPCpcFQXZn8e\">UZY 6 IN 1 150000 Puffs vape redefinerer den engangs vape oplevelse med sit rige udvalg af smagsvarianter og praktiske innovative funktioner. Ved at kombinere 6 smagsmuligheder i \u00e9n enhed im\u00f8dekommer den forskellige smagspr\u00e6ferencer, samtidig med at den sikrer langvarig brug og bekvem betjening. Uanset om du foretr\u00e6kker frugtagtig s\u00f8dme, isende friskhed eller unikke blandede noter, har denne vape noget at tilbyde for enhver vaper.<\/div>\n<h2 class=\"heading-2 ace-line old-record-id-UN5ifkGDud8DG2cqSiycG5PhnZf\">Smagsvalg: Forskellige Smage til Hver Pr\u00e6ference<\/h2>\n<div class=\"ace-line ace-line old-record-id-ValrfkqEVdPkfOct7BkcZfp3n0d\">Med 30 forskellige smagsvarianter opdelt i 10 omhyggeligt kuraterede s\u00e6t d\u00e6kker UZY 6 IN 1 vape et bredt spektrum af smagsprofiler. Hvert s\u00e6t kombinerer komplement\u00e6re smage, hvilket g\u00f8r det muligt for brugerne at skifte mellem forskellige smage uden besv\u00e6r. Nedenfor er de detaljerede smagskombinationer:<\/div>\n<h3 class=\"heading-3 ace-line old-record-id-VgEkfvuHTdhjoCc7xPgcX4OTn7e\">Smags S\u00e6t 1<\/h3>\n<h4 class=\"heading-4 ace-line old-record-id-VHHpfRzaRdHLxYcvxmBcVpzEnxw\">Vandmelon Is \/ Jordb\u00e6r Mamba \/ Jordb\u00e6r Vandmelon<\/h4>\n<div class=\"ace-line ace-line old-record-id-AW6sfISzwd9rbecem0WcsLKqnOh\">Et forfriskende frugtrio med den spr\u00f8de s\u00f8dme af vandmelon, den dristige b\u00e6rsmag af jordb\u00e6r mamba, og den perfekte blanding af jordb\u00e6r og vandmelon for en afbalanceret smag.<\/div>\n<h3 class=\"heading-3 ace-line old-record-id-RY5JfjtpAd3zDFcQp8qcNMh6nRb\">Smags S\u00e6t 2<\/h3>\n<h4 class=\"heading-4 ace-line old-record-id-JeNofaDBCdtdCocwpHqcj12tnxb\">Bl\u00e5b\u00e6r Is \/ Hindb\u00e6r Citron \/ Vandmelon Bublegummi<\/h4>\n<div class=\"ace-line ace-line old-record-id-XRbcfbiJwdSqwvclawEc7N6in2d\">Dette s\u00e6t blander isende bl\u00e5b\u00e6rfriskhed, syrlig hindb\u00e6r citron tang, og den nostalgiske s\u00f8dme af vandmelon bublegummi, hvilket tilbyder et alsidigt udvalg af smage fra k\u00f8lig til frugtagtig-s\u00f8d.<\/div>\n<h3 class=\"heading-3 ace-line old-record-id-DgzEfJlJ5dMpKgczZJacuYfnnZb\">Smags S\u00e6t 3<\/h3>\n<h4 class=\"heading-4 ace-line old-record-id-FSvzf36W2dbSyrcQ5C6cR42hnub\">Jordb\u00e6r Kiwi \/ Bl\u00e5b\u00e6r Kokosn\u00f8d \/ Blandet B\u00e6r<\/h4>\n<div class=\"ace-line ace-line old-record-id-Xwbof0GTCdn5a5cUs2acYWX4nud\">Nyd den s\u00f8d-sure kombination af jordb\u00e6r og kiwi, den cremede fusion af bl\u00e5b\u00e6r og kokosn\u00f8d, og en rig blanding af blandede b\u00e6r, der leverer en lagdelt frugtagtig oplevelse.<\/div>\n<h3 class=\"heading-3 ace-line old-record-id-UEw8f0LV7d5gQAc0Zkyc6vFgnmc\">Smags S\u00e6t 4<\/h3>\n<h4 class=\"heading-4 ace-line old-record-id-CKaJfrU3CdlC7Sc5aYYcMqntn7c\">Druemelon Is \/ Mango Fersken \/ Bl\u00e5b\u00e6r Vandmelon<\/h4>\n<div class=\"ace-line ace-line old-record-id-FAORfVINede1VncsG4JcrOOunGg\">Fork\u00e6l dig selv med den k\u00f8lige, s\u00f8de smag af druemelon is, den tropiske blanding af mango og fersken, og den harmoniske blanding af bl\u00e5b\u00e6r og vandmelon for en forfriskende og frugtagtig vape-session.<\/div>\n<h3 class=\"heading-3 ace-line old-record-id-UlMtfxTcXdTPcOctmr5cV3MMn9f\">Smags S\u00e6t 5<\/h3>\n<h4 class=\"heading-4 ace-line old-record-id-SuDWfMyAid5guUcVzIscKv17nLe\">Bl\u00e5b\u00e6r Hindb\u00e6r \/ Triple Melon \/ Jordb\u00e6r Is<\/h4>\n<div class=\"ace-line ace-line old-record-id-A6uYfnRzfdFAaYc92PmcqLWMnvf\">Dette s\u00e6t indeholder den syrlige-s\u00f8de kombination af bl\u00e5b\u00e6r og hindb\u00e6r, en rig triple melon blanding for en saftig smag, og den k\u00f8lende friskhed af jordb\u00e6r is.<\/div>\n<h3 class=\"heading-3 ace-line old-record-id-D2l6fRTmbdWm6xcxAATclc4UnAy\">Smags S\u00e6t 6<\/h3>\n<h4 class=\"heading-4 ace-line old-record-id-Q13Efz3YBdmmh0cpZ2Tcv99nnMf\">Jordb\u00e6r Kiwi \/ Bl\u00e5b\u00e6r Is \/ Kirseb\u00e6r Is<\/h4>\n<div class=\"ace-line ace-line old-record-id-Be49fInwGdAP84c5lfVcknO8nwc\">En blanding af fanfavoritter: det klassiske jordb\u00e6r-kiwi duo, isende bl\u00e5b\u00e6r for et k\u00f8ligt hit, og kirseb\u00e6r is, der kombinerer s\u00f8d kirseb\u00e6r med en forfriskende kulde.<\/div>\n<h3 class=\"heading-3 ace-line old-record-id-Tc36fGOZwdV5lNcfmb9cnZdMnig\">Smags S\u00e6t 7<\/h3>\n<h4 class=\"heading-4 ace-line old-record-id-T8SKf9w4ZdzMaccDlFKchWHOnMh\">Kiwi Passionfrugt Guava \/ Fersken Citron \/ K\u00e6rlighed 66<\/h4>\n<div class=\"ace-line ace-line old-record-id-Eaplf4CCKdLDVbcY4UTc5V3bntf\">Udforsk tropiske smage med kiwi passionfrugt guava, nyd den syrlige s\u00f8dme af fersken citron, eller pr\u00f8v den unikke \u201cK\u00e6rlighed 66\u201d for en enest\u00e5ende smagsoplevelse.<\/div>\n<h3 class=\"heading-3 ace-line old-record-id-Ri0vfCTx3dWtENcfmBycrTwnnLe\">Smags S\u00e6t 8<\/h3>\n<h4 class=\"heading-4 ace-line old-record-id-LKY4fN8aBdFynDcUENQcyEwtnmh\">Jordb\u00e6r Dragefrugt \/ Red Bull \/ Hindb\u00e6r Vandmelon<\/h4>\n<div class=\"ace-line ace-line old-record-id-MAIUf6o55dLhBVcptgzcqC5Anne\">Dette s\u00e6t tilbyder eksotisk jordb\u00e6r dragefrugt, den energigivende smag af Red Bull, og den forfriskende blanding af hindb\u00e6r og vandmelon for en dynamisk smagsrejse.<\/div>\n<h3 class=\"heading-3 ace-line old-record-id-EyeifEbdYd1EHTcNjcSclTjYnzb\">Smags S\u00e6t 9<\/h3>\n<h4 class=\"heading-4 ace-line old-record-id-TNwnfURRHdswJ3cfb0ccno0Gnd3\">Fersken Is \/ To \u00c6ble \/ Triple Mango<\/h4>\n<div class=\"ace-line ace-line old-record-id-FNPdfjxcAdL4ITcmqpuclIp0nGg\">Nyd den k\u00f8lige s\u00f8dme af fersken is, den spr\u00f8de smag af dobbelt \u00e6ble, og den rige, tropiske smag af triple mango, der im\u00f8dekommer frugtelskere.<\/div>\n<h3 class=\"heading-3 ace-line old-record-id-DviZfnkqRdRVFqc2k2RcXGcvnZb\">Smags S\u00e6t 10<\/h3>\n<h4 class=\"heading-4 ace-line old-record-id-POwofEbw8d4TQncIKWvc9AaVnz3\">Blandet B\u00e6r \/ Sprudlende Kirseb\u00e6r \/ Fersken Citron<\/h4>\n<div class=\"ace-line ace-line old-record-id-QKTMf0XMMd1KNpcPJaEcSweWnBh\">Afslut med et brag med en rig blanding af blandede b\u00e6r, den boblende s\u00f8dme af sprudlende kirseb\u00e6r, og den klassiske syrlige kombination af fersken citron.<\/div>\n<h2 class=\"heading-2 ace-line old-record-id-AP96fcg0Bdy7P3cOlMTcPXQQnwc\">N\u00f8glefunktioner &amp; Innovationer<\/h2>\n<div class=\"ace-line ace-line old-record-id-RXeTfBinCdFy2oc8edqcCYbbnzb\">Udover sit imponerende udvalg af smagsvarianter er UZY 6 IN 1 150000 Puffs vape udstyret med praktiske funktioner, der forbedrer den samlede brugeroplevelse. Nedenfor er en detaljeret oversigt over dens kerne specifikationer og innovative teknologier:<\/div>\n<div>\n<table class=\"ace-table\" data-ace-table-col-widths=\"200;200\">\n<colgroup>\n<col width=\"200\" \/>\n<col width=\"200\" \/><\/colgroup>\n<thead>\n<tr>\n<th colspan=\"1\" rowspan=\"1\">\n<div class=\"ace-line ace-line old-record-id-LeQ6fpwj9dpAh9cKFCCcyqb8nlb\">Specifikationer<\/div>\n<\/th>\n<th colspan=\"1\" rowspan=\"1\">\n<div class=\"ace-line ace-line old-record-id-JakDfakNxd8ec4cTdrUcneCqnzc\">Detaljer<\/div>\n<\/th>\n<\/tr>\n<\/thead>\n<tbody>\n<tr>\n<td colspan=\"1\" rowspan=\"1\">\n<div class=\"ace-line ace-line old-record-id-RQ0rfCZZEdWy1icTvlZczIkPnfd\">Puffs<\/div>\n<\/td>\n<td colspan=\"1\" rowspan=\"1\">\n<div class=\"ace-line ace-line old-record-id-OPNHf8neod3VwYcuDblcrNTnn5c\">150000 Puffs<\/div>\n<\/td>\n<\/tr>\n<tr>\n<td colspan=\"1\" rowspan=\"1\">\n<div class=\"ace-line ace-line old-record-id-F01af967ydCmGxc7ADrccFRTnec\">Smagskapacitet<\/div>\n<\/td>\n<td colspan=\"1\" rowspan=\"1\">\n<div class=\"ace-line ace-line old-record-id-RbKLfq036dzWcocJmzccbLHynzh\">6 Smage i 1 Enhed<\/div>\n<\/td>\n<\/tr>\n<tr>\n<td colspan=\"1\" rowspan=\"1\">\n<div class=\"ace-line ace-line old-record-id-NMBtfX5fXdIFe1c9EtgcIUNenQc\">Mesh Coil<\/div>\n<\/td>\n<td colspan=\"1\" rowspan=\"1\">\n<div class=\"ace-line ace-line old-record-id-M3TVf0JY7dWjFncq9Z4cCZCFnug\">1.0 Ohm<\/div>\n<\/td>\n<\/tr>\n<tr>\n<td colspan=\"1\" rowspan=\"1\">\n<div class=\"ace-line ace-line old-record-id-TsFift4Rqd35cscgjRNczF8Fn2c\">E-v\u00e6ske kapacitet<\/div>\n<\/td>\n<td colspan=\"1\" rowspan=\"1\">\n<div class=\"ace-line ace-line old-record-id-VXYwfcZ0KdWivQcXd99cOPj2nMb\">64ml<\/div>\n<\/td>\n<\/tr>\n<tr>\n<td colspan=\"1\" rowspan=\"1\">\n<div class=\"ace-line ace-line old-record-id-Ty3ufMLgZdzpejcYyYfc6J7Ln9f\">Nikotinstyrke<\/div>\n<\/td>\n<td colspan=\"1\" rowspan=\"1\">\n<div class=\"ace-line ace-line old-record-id-CuQJfROWOdoRLlcu7iDcc4Dunkd\">0% \/ 2% \/ 3% \/ 5% (Inklusive Nikotinfri Mulighed)<\/div>\n<\/td>\n<\/tr>\n<tr>\n<td colspan=\"1\" rowspan=\"1\">\n<div class=\"ace-line ace-line old-record-id-HtBzf37NAdIh9CcOg3NcdCsHnac\">Batteri<\/div>\n<\/td>\n<td colspan=\"1\" rowspan=\"1\">\n<div class=\"ace-line ace-line old-record-id-Du7ofrOnzdOKB3c26xRcCmr8ndb\">650mAh<\/div>\n<\/td>\n<\/tr>\n<tr>\n<td colspan=\"1\" rowspan=\"1\">\n<div class=\"ace-line ace-line old-record-id-O30VfJqTNd89FNcSozyclZqTnrg\">Opladningstype<\/div>\n<\/td>\n<td colspan=\"1\" rowspan=\"1\">\n<div class=\"ace-line ace-line old-record-id-LcOGfGhPeddoAKcTE2LcfYzMnjb\">Genopladelig via Type-C<\/div>\n<\/td>\n<\/tr>\n<tr>\n<td colspan=\"1\" rowspan=\"1\">\n<div class=\"ace-line ace-line old-record-id-W3S6f391xdCCaUcbmPZck8ORnrb\">Display<\/div>\n<\/td>\n<td colspan=\"1\" rowspan=\"1\">\n<div class=\"ace-line ace-line old-record-id-TtGtfnvGtdT9GHczDDGcbYWDnEI\">LED Smart Sk\u00e6rm (Real-time Batteri Overv\u00e5gning)<\/div>\n<\/td>\n<\/tr>\n<\/tbody>\n<\/table>\n<\/div>\n<h3 class=\"heading-3 ace-line old-record-id-VNX3fKuKMdMUo0codvIcWHYoncg\">Kerne Innovative Teknologier<\/h3>\n<h4 class=\"heading-4 ace-line old-record-id-AQoOfAxBiddA9AczS9bcBPl6nBd\">Quad-Smag Teknologi<\/h4>\n<div class=\"ace-line ace-line old-record-id-EL3jfgdt9d1gOocJaXzcaKUZn2g\">Denne teknologi g\u00f8r det muligt for enheden at integrere 6 forskellige smage i \u00e9n, hvilket sikrer, at hver smag bevarer sin renhed, mens der muligg\u00f8res problemfrit skift. Det eliminerer behovet for at b\u00e6re flere enheder, hvilket g\u00f8r det praktisk til brug p\u00e5 farten.<\/div>\n<h4 class=\"heading-4 ace-line old-record-id-NBEJfqaiydCdH7cAt5KcpfpqnMe\">Quad Mesh Coils<\/h4>\n<div class=\"ace-line ace-line old-record-id-DSOHfdNZ6dPw8ecDfj6contbnZf\">Udstyret med fire 1.0\u03a9 mesh coils leverer vapen maksimal dampproduktion og konsekvent smagsoutput. Mesh coil-designet sikrer j\u00e6vn opvarmning, hvilket forbedrer glathed i hver puff og forl\u00e6nge enhedens levetid.<\/div>\n<h4 class=\"heading-4 ace-line old-record-id-CNUGfqS9QdMnXBcFSTvcgBL1nIg\">LED Str\u00f8mvisning &amp; Type-C Hurtig Opladning<\/h4>\n<div class=\"ace-line ace-line old-record-id-WccYflhk3dNeq4cVS32clQKFnn9\">Den LED smart sk\u00e6rm giver real-time batteristatus, hvilket g\u00f8r det muligt for brugerne at tjekke str\u00f8mniveauer ved et \u00f8jekast og undg\u00e5 uventede nedlukninger. Type-C hurtig opladningssupport sikrer hurtig genopladning, der matcher 64ml e-v\u00e6ske kapacitet for langvarig brug.<\/div>\n<h4 class=\"heading-4 ace-line old-record-id-BGoxfNB9UdaUoMcicRYcQlt6nbc\">Flere Nikotinalternativer<\/h4>\n<div class=\"ace-line ace-line old-record-id-Ybckf5POOdmfQGcSXKGcxnc4nic\">Med fire nikotinstyrker (inklusive en nikotinfri mulighed) im\u00f8dekommer vapen forskellige brugerbehov - fra begyndere, der foretr\u00e6kker mildere smage, til erfarne vaper, der s\u00f8ger et st\u00e6rkere hit.<\/div>\n<div class=\"ace-line ace-line old-record-id-PQiKfLtXydIfWzcBiMxc0b0OnZb\">Sammenfattende skiller UZY 6 IN 1 150000 Puffs vape sig ud med sit varierede smagsvalg, praktiske innovative funktioner og brugervenlige design. Den balancerer smagsvariation, ydeevne og bekvemmelighed, hvilket g\u00f8r den til et ideelt valg for vaper, der s\u00f8ger en alsidig og langvarig enhed.<\/div>\n<\/div>\n<div data-page-id=\"ZVeMfq8uxd7y1ycuKm5cym4LnYd\" data-lark-html-role=\"root\" data-docx-has-block-data=\"false\"><img decoding=\"async\" class=\"wp-image-2630 size-full\" title=\"UZY 150K VAPE 0Y7A9105\" src=\"https:\/\/oiovape.com\/wp-content\/uploads\/2025\/12\/UZY-150K-VAPE-0Y7A9105-scaled.jpg\" alt=\"UZY 150K VAPE 0Y7A9105\" width=\"2560\" height=\"1240\" srcset=\"https:\/\/oiovape.com\/wp-content\/uploads\/2025\/12\/UZY-150K-VAPE-0Y7A9105-scaled.jpg 2560w, https:\/\/oiovape.com\/wp-content\/uploads\/2025\/12\/UZY-150K-VAPE-0Y7A9105-300x145.jpg 300w, https:\/\/oiovape.com\/wp-content\/uploads\/2025\/12\/UZY-150K-VAPE-0Y7A9105-1024x496.jpg 1024w, https:\/\/oiovape.com\/wp-content\/uploads\/2025\/12\/UZY-150K-VAPE-0Y7A9105-768x372.jpg 768w, https:\/\/oiovape.com\/wp-content\/uploads\/2025\/12\/UZY-150K-VAPE-0Y7A9105-1536x744.jpg 1536w, https:\/\/oiovape.com\/wp-content\/uploads\/2025\/12\/UZY-150K-VAPE-0Y7A9105-2048x992.jpg 2048w, https:\/\/oiovape.com\/wp-content\/uploads\/2025\/12\/UZY-150K-VAPE-0Y7A9105-1200x581.jpg 1200w, https:\/\/oiovape.com\/wp-content\/uploads\/2025\/12\/UZY-150K-VAPE-0Y7A9105-150x73.jpg 150w\" sizes=\"(max-width: 2560px) 100vw, 2560px\" \/><\/div>\n<\/div>","protected":false},"excerpt":{"rendered":"<p>UZY 6 IN 1 150000 Puffs vape indeholder 6 smagsvarianter i \u00e9n, hvilket tilbyder 30 l\u00e6kre muligheder fra frugtagtig til iset. Med 1.0\u03a9 mesh coils, 64ml e-v\u00e6ske og 650mAh genopladeligt batteri via Type-C, leverer den glat damp. LED-displayet holder styr p\u00e5 str\u00f8mmen, mens 0%-5% nikotinalternativerne passer til alle dampere\u2014praktisk, langvarig og perfekt til brug p\u00e5 farten.<\/p>","protected":false},"featured_media":2635,"comment_status":"open","ping_status":"closed","template":"","meta":{"_acf_changed":false,"inline_featured_image":false,"_sitemap_exclude":false,"_sitemap_priority":"","_sitemap_frequency":""},"product_brand":[89],"product_cat":[78,229],"product_tag":[],"class_list":{"0":"post-2617","1":"product","2":"type-product","3":"status-publish","4":"has-post-thumbnail","6":"product_brand-uzy","7":"product_cat-uzy-puff","8":"product_cat-ship-from-german","10":"first","11":"instock","12":"sale","13":"shipping-taxable","14":"purchasable","15":"product-type-variable","16":"has-default-attributes"},"acf":[],"tiered_pricing_type":"fixed","tiered_pricing_fixed_rules":{"30":9.45,"60":8.58,"100":7.98,"200":7.45},"tiered_pricing_product_settings":{"layout":"default","base_unit_name":{"singular":null,"plural":null},"default_variation":null},"tiered_pricing_minimum_quantity":10,"tiered_pricing_roles_data":[],"tiered_pricing_percentage_rules":[],"tiered_pricing_maximum_quantity":null,"tiered_pricing_quantity_step":"10","_links":{"self":[{"href":"https:\/\/oiovape.com\/da\/wp-json\/wp\/v2\/product\/2617","targetHints":{"allow":["GET"]}}],"collection":[{"href":"https:\/\/oiovape.com\/da\/wp-json\/wp\/v2\/product"}],"about":[{"href":"https:\/\/oiovape.com\/da\/wp-json\/wp\/v2\/types\/product"}],"replies":[{"embeddable":true,"href":"https:\/\/oiovape.com\/da\/wp-json\/wp\/v2\/comments?post=2617"}],"version-history":[{"count":0,"href":"https:\/\/oiovape.com\/da\/wp-json\/wp\/v2\/product\/2617\/revisions"}],"wp:featuredmedia":[{"embeddable":true,"href":"https:\/\/oiovape.com\/da\/wp-json\/wp\/v2\/media\/2635"}],"wp:attachment":[{"href":"https:\/\/oiovape.com\/da\/wp-json\/wp\/v2\/media?parent=2617"}],"wp:term":[{"taxonomy":"product_brand","embeddable":true,"href":"https:\/\/oiovape.com\/da\/wp-json\/wp\/v2\/product_brand?post=2617"},{"taxonomy":"product_cat","embeddable":true,"href":"https:\/\/oiovape.com\/da\/wp-json\/wp\/v2\/product_cat?post=2617"},{"taxonomy":"product_tag","embeddable":true,"href":"https:\/\/oiovape.com\/da\/wp-json\/wp\/v2\/product_tag?post=2617"}],"curies":[{"name":"wp","href":"https:\/\/api.w.org\/{rel}","templated":true}]}}