{"id":3684,"date":"2026-01-09T03:22:20","date_gmt":"2026-01-09T03:22:20","guid":{"rendered":"https:\/\/oiovape.com\/?post_type=product&#038;p=3684"},"modified":"2026-03-05T11:01:00","modified_gmt":"2026-03-05T03:01:00","slug":"okso-shisha-max-40000-puffs","status":"publish","type":"product","link":"https:\/\/oiovape.com\/da\/product\/okso-shisha-max-40000-puffs\/","title":{"rendered":"OKSO Shisha Max 40000 PUFFS 36ml E-v\u00e6ske 0%-5% Nikotin engangs vape med effektjustering"},"content":{"rendered":"<div data-page-id=\"ZVeMfq8uxd7y1ycuKm5cym4LnYd\" data-lark-html-role=\"root\" data-docx-has-block-data=\"false\">\n<div data-page-id=\"Fd41fZ5N9dzRQtcRNoVc2FuDnCh\" data-lark-html-role=\"root\" data-docx-has-block-data=\"true\">\n<div data-page-id=\"BdIJfeeijdk1eucGpS8cDCBBn5c\" data-lark-html-role=\"root\" data-docx-has-block-data=\"false\">\n<div data-page-id=\"Zbg9fWx77dUuh2cIYpic25c8nyd\" data-lark-html-role=\"root\" data-docx-has-block-data=\"false\">\n<div data-page-id=\"KaIvfiurhdlCKdc0kyxcX64cnE6\" data-lark-html-role=\"root\" data-docx-has-block-data=\"true\">\n<div data-page-id=\"PbvFfqxqlddUTScRpEYcY5MHnpf\" data-lark-html-role=\"root\" data-docx-has-block-data=\"true\">\n<div data-page-id=\"GZO2f5JeudwY4jc9iJtcdk9Hnxh\" data-lark-html-role=\"root\" data-docx-has-block-data=\"false\">\n<div data-page-id=\"EZVRf2acFduXLGcseZFc4qH2n6e\" data-lark-html-role=\"root\" data-docx-has-block-data=\"false\">\n<div data-page-id=\"B8rHfcqlqdzmH5cCWCncz17Cntb\" data-lark-html-role=\"root\" data-docx-has-block-data=\"false\">\n<div data-page-id=\"B8rHfcqlqdzmH5cCWCncz17Cntb\" data-lark-html-role=\"root\" data-docx-has-block-data=\"false\">\n<div data-page-id=\"B8rHfcqlqdzmH5cCWCncz17Cntb\" data-lark-html-role=\"root\" data-docx-has-block-data=\"true\">\n<div data-page-id=\"HM70f1aoxdD0bMcxJZBcVc7ynZd\" data-lark-html-role=\"root\" data-docx-has-block-data=\"false\">\n<div data-page-id=\"NSrJfN7Ord22i0c1iwZcsF8yn8b\" data-lark-html-role=\"root\" data-docx-has-block-data=\"false\">\n<div data-page-id=\"RXEff4Mskds8o1cqL5HcGEtUnCh\" data-lark-html-role=\"root\" data-docx-has-block-data=\"false\">\n<div data-page-id=\"KJ7gfqkVndMSRJcMseScmvYwnTc\" data-lark-html-role=\"root\" data-docx-has-block-data=\"false\">\n<div class=\"ace-line ace-line old-record-id-QADAfETPudgmudc05YvcTO5fnxe\">\n<div data-page-id=\"KJ7gfqkVndMSRJcMseScmvYwnTc\" data-lark-html-role=\"root\" data-docx-has-block-data=\"false\">\n<div class=\"ace-line ace-line old-record-id-JoRkfpho8dOkiacEOascDyCOncb\">\n<div data-page-id=\"KJ7gfqkVndMSRJcMseScmvYwnTc\" data-lark-html-role=\"root\" data-docx-has-block-data=\"false\">\n<div data-page-id=\"Ju6ofQ3V4dGmePcVvJvc1gmcnZb\" data-lark-html-role=\"root\" data-docx-has-block-data=\"true\">\n<div data-page-id=\"PR9ife5PLdFabccbFgZcWgZOnTc\" data-lark-html-role=\"root\" data-docx-has-block-data=\"false\">\n<div data-page-id=\"INdrfOIGzdaenXcptrcc1BcznQc\" data-lark-html-role=\"root\" data-docx-has-block-data=\"false\">\n<div class=\"ace-line ace-line old-record-id-P0fIf4YaZdoGkbcxt5ackec2nnb\">\n<div data-page-id=\"INdrfOIGzdaenXcptrcc1BcznQc\" data-lark-html-role=\"root\" data-docx-has-block-data=\"false\">\n<div data-page-id=\"MAzCfUB73dMTQscm8eWcougVn1g\" data-lark-html-role=\"root\" data-docx-has-block-data=\"true\">\n<div data-page-id=\"AXfpf7H1odhDvGcKoUOcErN8nV7\" data-lark-html-role=\"root\" data-docx-has-block-data=\"false\">\n<div data-page-id=\"QYTKf5PvLdUNdbce2nBcW9yfnrh\" data-lark-html-role=\"root\" data-docx-has-block-data=\"false\">\n<div data-page-id=\"Pvu1f1CCBdxbjncA9pgcBTpanph\" data-lark-html-role=\"root\" data-docx-has-block-data=\"true\">\n<div data-page-id=\"Axf3fcmY8dDAhtcjVircBcphnPc\" data-lark-html-role=\"root\" data-docx-has-block-data=\"false\">\n<div data-page-id=\"KKj1f9SPmdLhhMc5E2AcNlLen6f\" data-lark-html-role=\"root\" data-docx-has-block-data=\"true\">\n<div data-page-id=\"Rx61fK1sJdXHjPcBuhZcweNhnwc\" data-lark-html-role=\"root\" data-docx-has-block-data=\"false\">\n<div data-page-id=\"L1H9fkG9Mdz45Fcy4WMc5VKXnRe\" data-lark-html-role=\"root\" data-docx-has-block-data=\"false\">\n<div data-page-id=\"L1H9fkG9Mdz45Fcy4WMc5VKXnRe\" data-lark-html-role=\"root\" data-docx-has-block-data=\"false\">\n<div data-page-id=\"D4XLfVBVrdE8mrcaYizczklLnaf\" data-lark-html-role=\"root\" data-docx-has-block-data=\"false\">\n<div data-page-id=\"WVcifIY44d5mhMcXtyEcTsfenGd\" data-lark-html-role=\"root\" data-docx-has-block-data=\"true\">\n<div data-page-id=\"LRknfa6Whd4DWCcUc0FcNKpJnyh\" data-lark-html-role=\"root\" data-docx-has-block-data=\"false\">\n<div data-page-id=\"LRknfa6Whd4DWCcUc0FcNKpJnyh\" data-lark-html-role=\"root\" data-docx-has-block-data=\"false\">\n<h2 class=\"heading-2 ace-line old-record-id-Em9bf1aRydJDDtcA49nc2XSTnsq\">Hvorfor v\u00e6lge OKSO Shisha Max 40000 Puffs?<\/h2>\n<div class=\"ace-line ace-line old-record-id-Fd7lfkU7UdjVxrcSaWkc8DX1nXe\">Med s\u00e5 mange dampenheder p\u00e5 markedet, hvorfor skulle du v\u00e6lge denne? Her er de vigtigste grunde:<\/div>\n<ul class=\"list-bullet1\">\n<li class=\"ace-line ace-line old-record-id-MtPGf0CuSdPr30cUWUJcFjKXn0e\" data-list=\"bullet\">\n<div><strong>Exceptionel Langvarighed<\/strong>: 40000 pust betyder, at du ikke skal udskifte enheden lige med det samme, hvilket giver stor v\u00e6rdi for pengene.<\/div>\n<\/li>\n<li class=\"ace-line ace-line old-record-id-G9wlfLr87dtAOPcBovgcNwLfnMc\" data-list=\"bullet\">\n<div><strong>Forskellige smagsmuligheder<\/strong>: Med 12 unikke smagsvarianter vil du aldrig kede dig - der er noget for hver stemning og pr\u00e6ference.<\/div>\n<\/li>\n<li class=\"ace-line ace-line old-record-id-Lu9gfhdhvdDa2dchsoSc3icHnyP\" data-list=\"bullet\">\n<div><strong>Tilpasselig Oplevelse<\/strong>: Justering af effekt og luftstr\u00f8m giver dig mulighed for at skr\u00e6ddersy din damp til dine pr\u00e6ferencer, i mods\u00e6tning til enhed med \u00e9n st\u00f8rrelse til alle.<\/div>\n<\/li>\n<li class=\"ace-line ace-line old-record-id-PwITfkqHMdY5iecvjtrcTQfSnTZ\" data-list=\"bullet\">\n<div><strong>P\u00e5lidelig og sikker<\/strong>: Mesh-coilen sikrer ensartet damp, mens b\u00f8rnesikringen og LED-displayet tilf\u00f8jer bekvemmelighed og sikkerhed.<\/div>\n<\/li>\n<li class=\"ace-line ace-line old-record-id-OO1hf9Mpvd05UlcGnNicNkSkn5d\" data-list=\"bullet\">\n<div><strong>Bekvem opladning<\/strong>: Type-C opladning g\u00f8r det nemt at genoplade enheden hurtigt, selv p\u00e5 farten.<\/div>\n<\/li>\n<\/ul>\n<\/div>\n<div>\n<div data-page-id=\"LRknfa6Whd4DWCcUc0FcNKpJnyh\" data-lark-html-role=\"root\" data-docx-has-block-data=\"false\">\n<h2 class=\"heading-2 ace-line old-record-id-DaeYf4wfjdcH3UcEiTTctVr5nte\">En Smagsrejse for Hver Pr\u00e6ference<\/h2>\n<div class=\"ace-line ace-line old-record-id-JjKufaFgAdAjy9caQ94cue4qnPc\">\n<p>En af de st\u00f8rste h\u00f8jdepunkter ved OKSO Shisha Max 40000 Puffs er dens utrolige udvalg af smagsvarianter. Uanset om du l\u00e6nges efter s\u00f8de, frugtagtige, mintede eller kraftige noter, er der en variant skr\u00e6ddersyet til dig. Hver smag er fremstillet med h\u00f8j kvalitet e-v\u00e6ske for at sikre en rig, autentisk smag, der lingerer behageligt. \ud83c\udf47\ud83c\udf53<\/p>\n<p><img decoding=\"async\" class=\"wp-image-3700 size-full\" title=\"OKSO Shisha Max 40k Smag\" src=\"https:\/\/oiovape.com\/wp-content\/uploads\/2026\/01\/OKSO-Shisha-Max-40k-Flavor.png\" alt=\"OKSO Shisha Max 40k Smag\" width=\"1060\" height=\"530\" srcset=\"https:\/\/oiovape.com\/wp-content\/uploads\/2026\/01\/OKSO-Shisha-Max-40k-Flavor.png 1060w, https:\/\/oiovape.com\/wp-content\/uploads\/2026\/01\/OKSO-Shisha-Max-40k-Flavor-300x150.png 300w, https:\/\/oiovape.com\/wp-content\/uploads\/2026\/01\/OKSO-Shisha-Max-40k-Flavor-1024x512.png 1024w, https:\/\/oiovape.com\/wp-content\/uploads\/2026\/01\/OKSO-Shisha-Max-40k-Flavor-768x384.png 768w, https:\/\/oiovape.com\/wp-content\/uploads\/2026\/01\/OKSO-Shisha-Max-40k-Flavor-150x75.png 150w\" sizes=\"(max-width: 1060px) 100vw, 1060px\" \/><\/p>\n<\/div>\n<h3 class=\"heading-3 ace-line old-record-id-JbcVfiQ19d6LRbcufApcxtgBnSh\">Udforsk smagsudvalget<\/h3>\n<ul class=\"list-bullet1\">\n<li class=\"ace-line ace-line old-record-id-EwtofzbjndQ7MScdXvicSb7Pnkd\" data-list=\"bullet\">\n<div><strong>To Apple<\/strong>: En spr\u00f8d, saftig dobbelt\u00e6ble-smag, der smager som friskplukkede frugter, perfekt til klassiske frugtelskere.<\/div>\n<\/li>\n<li class=\"ace-line ace-line old-record-id-JcV5fYy68ddWLCcIhz9ctEv9nPe\" data-list=\"bullet\">\n<div><strong>Druemynte<\/strong>: S\u00f8d, moden drue blandet med en k\u00f8lig mintafslutning, der balancerer frugtagtig s\u00f8dme og forfriskende k\u00f8lighed.<\/div>\n<\/li>\n<li class=\"ace-line ace-line old-record-id-CSMPf92LOdKHBHc9F8RcXXOPnbW\" data-list=\"bullet\">\n<div><strong>Kirseb\u00e6r Fiesta<\/strong>: En livlig eksplosion af s\u00f8d-syrlig kirseb\u00e6r, som en festlig frugtfejring i hvert pust.<\/div>\n<\/li>\n<li class=\"ace-line ace-line old-record-id-UHgVfWLXpd3400c4Wbec3pkQnJb\" data-list=\"bullet\">\n<div><strong>Fersken Is<\/strong>: Saftig, aromatisk fersken parret med et strejf af is, der leverer en glat og forfriskende dampoplevelse.<\/div>\n<\/li>\n<li class=\"ace-line ace-line old-record-id-VzB5fwvd8dhM3Tce9EdcV7Swnlc\" data-list=\"bullet\">\n<div><strong>Magisk K\u00e6rlighed<\/strong>: En mystisk og dejlig blanding, der kombinerer s\u00f8de og subtile blomsteragtige noter, perfekt til eventyrlystne dampere.<\/div>\n<\/li>\n<li class=\"ace-line ace-line old-record-id-LRZ6fRHCed741PcOYnjcqQ4ynN6\" data-list=\"bullet\">\n<div><strong>Jordb\u00e6r Punch<\/strong>: Kraftig jordb\u00e6rsmag med et syrligt twist, som en frugtagtig punch, der er b\u00e5de s\u00f8d og opkvikkende.<\/div>\n<\/li>\n<li class=\"ace-line ace-line old-record-id-AYf8fUkmSdzm3vcRTtycbzdVn2d\" data-list=\"bullet\">\n<div><strong>Bl\u00e5 Razz Is<\/strong>: S\u00f8d og sur bl\u00e5 hindb\u00e6r blandet med isende k\u00f8lighed, et popul\u00e6rt valg for dem, der elsker kraftige, frostige smagsvarianter.<\/div>\n<\/li>\n<li class=\"ace-line ace-line old-record-id-UPd2fUM6BdTcUQcsPhyc7MfBnte\" data-list=\"bullet\">\n<div><strong>Lush Ice<\/strong>: En forfriskende blanding af tropiske frugter med en k\u00f8lig afslutning, ideel til varme dage eller n\u00e5r du har brug for et energiboost.<\/div>\n<\/li>\n<li class=\"ace-line ace-line old-record-id-GkI1fE5myd20YVcdSwScZZyTnMc\" data-list=\"bullet\">\n<div><strong>Strawberry Watermelon<\/strong>: Den klassiske kombination af s\u00f8d jordb\u00e6r og saftig vandmelon, en tidl\u00f8s frugtfavorit.<\/div>\n<\/li>\n<li class=\"ace-line ace-line old-record-id-DgooffY6Lda363c9cOKcs5ShnZc\" data-list=\"bullet\">\n<div><strong>Berry Mint<\/strong>: En medley af friske b\u00e6r blandet med k\u00f8lig mint, der tilbyder en afbalanceret blanding af s\u00f8dme og forfriskning.<\/div>\n<\/li>\n<\/ul>\n<h2 class=\"heading-2 ace-line old-record-id-MofiflPAYdEdn1cYKWmcBjTWnhg\">Kraftfuld ydeevne og brugervenlige funktioner<\/h2>\n<div class=\"ace-line ace-line old-record-id-QzKkft6L6dSwsSctpIjcB4sunkh\">Udover sine fantastiske smagsvarianter har OKSO Shisha Max 40000 Puffs imponerende hardware, der l\u00f8fter dampoplevelsen. Hver komponent er designet til at levere p\u00e5lidelighed, bekvemmelighed og tilpasning.<\/div>\n<h3 class=\"heading-3 ace-line old-record-id-NXNzfon6Pdfv9dc18LCcKHSEnvh\">Kerne-specifikationer, der leverer<\/h3>\n<div class=\"ace-line ace-line old-record-id-GM9RfH8TddstTHcBwcRcwvr8noe\">Enheden har en kapacitet p\u00e5 36 ml e-v\u00e6ske, hvilket sikrer, at du kan nyde din yndlingssmag l\u00e6ngere uden hyppige genopfyldninger. Den har en 0,6 ohm mesh-coil, der opvarmes j\u00e6vnt for at producere glat, smagfuld damp ved hver ind\u00e5nding. Det 800 mAh genopladelige batteri holder enheden t\u00e6ndt, og med Type-C opladning kan du hurtigt komme tilbage til dampning, n\u00e5r batteriet er lavt. \ud83d\udd0b<\/div>\n<h3 class=\"heading-3 ace-line old-record-id-KokKfGtIJd2n0rco3jLcouPengg\">Tilpasselig og sikker dampning<\/h3>\n<div class=\"ace-line ace-line old-record-id-EJEzfmL1gdHoarc6GNOc2qaznIW\">OKSO Shisha Max 40000 Puffs giver dig kontrol. Den kommer med effektjustering, s\u00e5 du kan tilpasse dampudgangen til din pr\u00e6ference - uanset om du \u00f8nsker et mildt eller intenst hit. Den justerbare luftstr\u00f8m giver dig mulighed for at tilpasse modstand ved ind\u00e5nding, hvilket sikrer en behagelig ind\u00e5nding hver gang.<\/div>\n<div class=\"ace-line ace-line old-record-id-GMEPf1AyGdyw6IcYErIcJNptnpf\">Sikkerhed er ogs\u00e5 en topprioritet. Enheden inkluderer en b\u00f8rnesikring for at forhindre utilsigtet brug, hvilket giver dig ro i sindet. LED-displayet holder dig informeret om batteriniveauet og effektindstillingerne, s\u00e5 du aldrig l\u00f8ber t\u00f8r for str\u00f8m uventet. \ud83d\udee1\ufe0f<\/div>\n<\/div>\n<\/div>\n<\/div>\n<\/div>\n<\/div>\n<\/div>\n<\/div>\n<\/div>\n<\/div>\n<\/div>\n<\/div>\n<\/div>\n<\/div>\n<\/div>\n<\/div>\n<\/div>\n<\/div>\n<\/div>\n<\/div>\n<\/div>\n<\/div>\n<\/div>\n<\/div>\n<\/div>\n<\/div>\n<\/div>\n<\/div>\n<\/div>\n<\/div>\n<\/div>\n<\/div>\n<\/div>\n<\/div>\n<\/div>\n<\/div>\n<\/div>\n<\/div>\n<\/div>","protected":false},"excerpt":{"rendered":"<div data-page-id=\"RAopf2sw9dtvw4cWYXpcTwo0n8g\" data-lark-html-role=\"root\" data-docx-has-block-data=\"false\">\n<div class=\"ace-line ace-line old-record-id-Uju9f3RXYd8dh2crAJbcBF3Un6M\">OKSO Shisha Max 40000 Puffs tilbyder 10 levende smagsvarianter fra Two Apple til Berry Mint. Den har en 0,6 ohm mesh-coil, 36 ml e-v\u00e6ske og et 800 mAh Type-C genopladeligt batteri. Med justerbar effekt, luftstr\u00f8m, b\u00f8rnesikring og LED-display er det et tilpasseligt, sikkert valg for alle dampere.<\/div>\n<\/div>","protected":false},"featured_media":3690,"comment_status":"open","ping_status":"closed","template":"","meta":{"_acf_changed":false,"inline_featured_image":false,"_sitemap_exclude":false,"_sitemap_priority":"","_sitemap_frequency":""},"product_brand":[230],"product_cat":[231,383,239,244],"product_tag":[],"class_list":{"0":"post-3684","1":"product","2":"type-product","3":"status-publish","4":"has-post-thumbnail","6":"product_brand-okso","7":"product_cat-okso-puff","8":"product_cat-shisha-vape","9":"product_cat-disposable-vape-collection","10":"product_cat-40k-puff","12":"first","13":"instock","14":"sale","15":"shipping-taxable","16":"purchasable","17":"product-type-variable","18":"has-default-attributes"},"acf":[],"tiered_pricing_type":"fixed","tiered_pricing_fixed_rules":{"30":7.99,"60":7.35,"100":6.76,"200":6.29},"tiered_pricing_product_settings":{"layout":"default","base_unit_name":{"singular":null,"plural":null},"default_variation":null},"tiered_pricing_minimum_quantity":10,"tiered_pricing_roles_data":[],"tiered_pricing_percentage_rules":[],"tiered_pricing_maximum_quantity":null,"tiered_pricing_quantity_step":"10","_links":{"self":[{"href":"https:\/\/oiovape.com\/da\/wp-json\/wp\/v2\/product\/3684","targetHints":{"allow":["GET"]}}],"collection":[{"href":"https:\/\/oiovape.com\/da\/wp-json\/wp\/v2\/product"}],"about":[{"href":"https:\/\/oiovape.com\/da\/wp-json\/wp\/v2\/types\/product"}],"replies":[{"embeddable":true,"href":"https:\/\/oiovape.com\/da\/wp-json\/wp\/v2\/comments?post=3684"}],"version-history":[{"count":0,"href":"https:\/\/oiovape.com\/da\/wp-json\/wp\/v2\/product\/3684\/revisions"}],"wp:featuredmedia":[{"embeddable":true,"href":"https:\/\/oiovape.com\/da\/wp-json\/wp\/v2\/media\/3690"}],"wp:attachment":[{"href":"https:\/\/oiovape.com\/da\/wp-json\/wp\/v2\/media?parent=3684"}],"wp:term":[{"taxonomy":"product_brand","embeddable":true,"href":"https:\/\/oiovape.com\/da\/wp-json\/wp\/v2\/product_brand?post=3684"},{"taxonomy":"product_cat","embeddable":true,"href":"https:\/\/oiovape.com\/da\/wp-json\/wp\/v2\/product_cat?post=3684"},{"taxonomy":"product_tag","embeddable":true,"href":"https:\/\/oiovape.com\/da\/wp-json\/wp\/v2\/product_tag?post=3684"}],"curies":[{"name":"wp","href":"https:\/\/api.w.org\/{rel}","templated":true}]}}