{"id":3775,"date":"2026-01-09T07:16:51","date_gmt":"2026-01-09T07:16:51","guid":{"rendered":"https:\/\/oiovape.com\/?post_type=product&#038;p=3775"},"modified":"2026-01-26T11:02:07","modified_gmt":"2026-01-26T03:02:07","slug":"okso-magic-mirror-50000-puffs","status":"publish","type":"product","link":"https:\/\/oiovape.com\/da\/product\/okso-magic-mirror-50000-puffs\/","title":{"rendered":"OKSO Magic Mirror 50000 PUFFS Dual Mesh Coil RGB LED Display Smart Sk\u00e6rm 850mah Batteri Vape"},"content":{"rendered":"<div data-page-id=\"ZVeMfq8uxd7y1ycuKm5cym4LnYd\" data-lark-html-role=\"root\" data-docx-has-block-data=\"false\">\n<div data-page-id=\"Fd41fZ5N9dzRQtcRNoVc2FuDnCh\" data-lark-html-role=\"root\" data-docx-has-block-data=\"true\">\n<div data-page-id=\"BdIJfeeijdk1eucGpS8cDCBBn5c\" data-lark-html-role=\"root\" data-docx-has-block-data=\"false\">\n<div data-page-id=\"Zbg9fWx77dUuh2cIYpic25c8nyd\" data-lark-html-role=\"root\" data-docx-has-block-data=\"false\">\n<div data-page-id=\"KaIvfiurhdlCKdc0kyxcX64cnE6\" data-lark-html-role=\"root\" data-docx-has-block-data=\"true\">\n<div data-page-id=\"PbvFfqxqlddUTScRpEYcY5MHnpf\" data-lark-html-role=\"root\" data-docx-has-block-data=\"true\">\n<div data-page-id=\"GZO2f5JeudwY4jc9iJtcdk9Hnxh\" data-lark-html-role=\"root\" data-docx-has-block-data=\"false\">\n<div data-page-id=\"EZVRf2acFduXLGcseZFc4qH2n6e\" data-lark-html-role=\"root\" data-docx-has-block-data=\"false\">\n<div data-page-id=\"B8rHfcqlqdzmH5cCWCncz17Cntb\" data-lark-html-role=\"root\" data-docx-has-block-data=\"false\">\n<div data-page-id=\"B8rHfcqlqdzmH5cCWCncz17Cntb\" data-lark-html-role=\"root\" data-docx-has-block-data=\"false\">\n<div data-page-id=\"B8rHfcqlqdzmH5cCWCncz17Cntb\" data-lark-html-role=\"root\" data-docx-has-block-data=\"true\">\n<div data-page-id=\"HM70f1aoxdD0bMcxJZBcVc7ynZd\" data-lark-html-role=\"root\" data-docx-has-block-data=\"false\">\n<div data-page-id=\"NSrJfN7Ord22i0c1iwZcsF8yn8b\" data-lark-html-role=\"root\" data-docx-has-block-data=\"false\">\n<div data-page-id=\"RXEff4Mskds8o1cqL5HcGEtUnCh\" data-lark-html-role=\"root\" data-docx-has-block-data=\"false\">\n<div data-page-id=\"KJ7gfqkVndMSRJcMseScmvYwnTc\" data-lark-html-role=\"root\" data-docx-has-block-data=\"false\">\n<div class=\"ace-line ace-line old-record-id-QADAfETPudgmudc05YvcTO5fnxe\">\n<div data-page-id=\"KJ7gfqkVndMSRJcMseScmvYwnTc\" data-lark-html-role=\"root\" data-docx-has-block-data=\"false\">\n<div class=\"ace-line ace-line old-record-id-JoRkfpho8dOkiacEOascDyCOncb\">\n<div data-page-id=\"KJ7gfqkVndMSRJcMseScmvYwnTc\" data-lark-html-role=\"root\" data-docx-has-block-data=\"false\">\n<div data-page-id=\"Ju6ofQ3V4dGmePcVvJvc1gmcnZb\" data-lark-html-role=\"root\" data-docx-has-block-data=\"true\">\n<div data-page-id=\"PR9ife5PLdFabccbFgZcWgZOnTc\" data-lark-html-role=\"root\" data-docx-has-block-data=\"false\">\n<div data-page-id=\"INdrfOIGzdaenXcptrcc1BcznQc\" data-lark-html-role=\"root\" data-docx-has-block-data=\"false\">\n<div class=\"ace-line ace-line old-record-id-P0fIf4YaZdoGkbcxt5ackec2nnb\">\n<div data-page-id=\"INdrfOIGzdaenXcptrcc1BcznQc\" data-lark-html-role=\"root\" data-docx-has-block-data=\"false\">\n<div data-page-id=\"MAzCfUB73dMTQscm8eWcougVn1g\" data-lark-html-role=\"root\" data-docx-has-block-data=\"true\">\n<div data-page-id=\"AXfpf7H1odhDvGcKoUOcErN8nV7\" data-lark-html-role=\"root\" data-docx-has-block-data=\"false\">\n<div data-page-id=\"QYTKf5PvLdUNdbce2nBcW9yfnrh\" data-lark-html-role=\"root\" data-docx-has-block-data=\"false\">\n<div data-page-id=\"Pvu1f1CCBdxbjncA9pgcBTpanph\" data-lark-html-role=\"root\" data-docx-has-block-data=\"true\">\n<div data-page-id=\"Axf3fcmY8dDAhtcjVircBcphnPc\" data-lark-html-role=\"root\" data-docx-has-block-data=\"false\">\n<div data-page-id=\"KKj1f9SPmdLhhMc5E2AcNlLen6f\" data-lark-html-role=\"root\" data-docx-has-block-data=\"true\">\n<div data-page-id=\"Rx61fK1sJdXHjPcBuhZcweNhnwc\" data-lark-html-role=\"root\" data-docx-has-block-data=\"false\">\n<div data-page-id=\"L1H9fkG9Mdz45Fcy4WMc5VKXnRe\" data-lark-html-role=\"root\" data-docx-has-block-data=\"false\">\n<div data-page-id=\"L1H9fkG9Mdz45Fcy4WMc5VKXnRe\" data-lark-html-role=\"root\" data-docx-has-block-data=\"false\">\n<div data-page-id=\"D4XLfVBVrdE8mrcaYizczklLnaf\" data-lark-html-role=\"root\" data-docx-has-block-data=\"false\">\n<div data-page-id=\"WVcifIY44d5mhMcXtyEcTsfenGd\" data-lark-html-role=\"root\" data-docx-has-block-data=\"true\">\n<div data-page-id=\"LRknfa6Whd4DWCcUc0FcNKpJnyh\" data-lark-html-role=\"root\" data-docx-has-block-data=\"false\">\n<div data-page-id=\"LRknfa6Whd4DWCcUc0FcNKpJnyh\" data-lark-html-role=\"root\" data-docx-has-block-data=\"false\">\n<div data-page-id=\"XFRAfkcOEdRWh8cArQ2cJdyRnJf\" data-lark-html-role=\"root\" data-docx-has-block-data=\"true\">\n<div data-page-id=\"OQ3bfjnRddMTDGcC3ouc6xFKnWf\" data-lark-html-role=\"root\" data-docx-has-block-data=\"true\">\n<div data-page-id=\"J0iGfj1hEdjc4rcUdSmc4spMnmZ\" data-lark-html-role=\"root\" data-docx-has-block-data=\"false\">\n<h2 class=\"heading-2 ace-line old-record-id-Kb3ifhdoWdOcY2cJssmcbZPUnkh\">Hvorfor v\u00e6lge OKSO Magic Mirror 50000 Puffs?<\/h2>\n<div class=\"ace-line ace-line old-record-id-CuSpfFt1YdVzUPcHc3Ec9r3mnyd\">Med utallige engangs-vapes p\u00e5 markedet kan det v\u00e6re overv\u00e6ldende at v\u00e6lge den rigtige. Her er de vigtigste grunde til, at OKSO Magic Mirror 50000 Puffs skiller sig ud fra m\u00e6ngden:<\/div>\n<h3 class=\"heading-3 ace-line old-record-id-PJpCfDU8OdAoPbc27Q8cOnyAnWd\">Uovertruffen levetid<\/h3>\n<div class=\"ace-line ace-line old-record-id-Ff0GfxY8tdbcZIcP4GfciMgfnrC\">Med 50000 puff og 40ml e-v\u00e6ske tilbyder denne enhed enest\u00e5ende lang levetid. Du skal ikke ofte udskifte den, hvilket g\u00f8r den til et omkostningseffektivt valg for regelm\u00e6ssige dampere. Det genopladelige batteri p\u00e5 850mAh sikrer, at du kan nyde hver puff uden at l\u00f8be t\u00f8r for str\u00f8m for tidligt.<\/div>\n<h3 class=\"heading-3 ace-line old-record-id-SOO3fBb23d0h1pcBB43c1oPGn72\">Overlegen Smagslevering<\/h3>\n<div class=\"ace-line ace-line old-record-id-W5CGfuqvcdXLn5cH1qocYYfUnAh\">Den dobbelte mesh-coil-teknologi sikrer j\u00e6vn opvarmning og effektiv fordamning af e-v\u00e6sken. Dette overs\u00e6ttes til rig, konsistent smag i hver puff. Uanset om du damper en iskold blanding eller en frugtagtig medley, forbliver smagen sand og livlig fra den f\u00f8rste puff til den sidste.<\/div>\n<h3 class=\"heading-3 ace-line old-record-id-VRj2fNvurdSBnNcY26RctA3Inaf\">Tilpasselig Oplevelse<\/h3>\n<div class=\"ace-line ace-line old-record-id-ZimxfvFo5dfDtAc54mfc8UCDnZd\">Med fire nikotinstyrke muligheder (0% til 5%) kan du skr\u00e6ddersy din dampeoplevelse til dine pr\u00e6ferencer. Uanset om du \u00f8nsker at reducere nikotinaftagelsen eller foretr\u00e6kker et st\u00e6rkere hit, har denne enhed dig d\u00e6kket. Det varierede smagsudvalg betyder ogs\u00e5, at du aldrig vil kede dig.<\/div>\n<h3 class=\"heading-3 ace-line old-record-id-Rnmof0zNwd0q8scUywxcUjRanKd\">Innovativt og brugervenligt design<\/h3>\n<div class=\"ace-line ace-line old-record-id-Vy7Sf0F66d0vb0cdoiHc2VQAnIg\">Det unikke spejldesign tilf\u00f8jer et strejf af stil, hvilket f\u00e5r enheden til at skille sig ud i din h\u00e5nd. RGB LED og LED-display forbedrer brugeroplevelsen ved at give visuel feedback, mens Type-C opladningsporten sikrer hurtig og bekvem genopladning. Mest vigtigt er, at b\u00f8rnesikringen tilf\u00f8jer et ekstra lag af sikkerhed, s\u00e5 du kan have ro i sindet.<\/div>\n<h3 class=\"heading-3 ace-line old-record-id-WosefjFUKdezx0ceumdc3VoGnrf\">P\u00e5lidelig ydeevne<\/h3>\n<div class=\"ace-line ace-line old-record-id-LopdfWmwHdxy3JcTTxyccyuXnMb\">\n<p>Hver OKSO Magic Mirror 50000 Puffs gennemg\u00e5r streng kvalitetskontrol for at sikre ensartet ydeevne. Kombinationen af materialer af h\u00f8j kvalitet og avanceret teknologi resulterer i en enhed, der er p\u00e5lidelig, holdbar og behagelig at bruge.<\/p>\n<div data-page-id=\"J0iGfj1hEdjc4rcUdSmc4spMnmZ\" data-lark-html-role=\"root\" data-docx-has-block-data=\"true\">\n<h2 class=\"heading-2 ace-line old-record-id-GUz4fqDQidVs5dcvZz2cuElQn8e\">Udforsk det varierede smagsudvalg<\/h2>\n<div class=\"ace-line ace-line old-record-id-UPDAfi7tKdxo3lcJzQVcsYXhn3r\">OKSO Magic Mirror 50000 Puffs praler af 10 omhyggeligt fremstillede smagsvarianter, hver designet til at pirre dine smagsl\u00f8g. Fra iskold blandinger til frugtagtige medleys, der er en smag til enhver stemning og pr\u00e6ference. Lad os dykke ned i de unikke egenskaber ved hver mulighed:<\/div>\n<h3 class=\"heading-3 ace-line old-record-id-Ewqif6zYgdRF7gcnMM0cyxnkn3d\">Iskold forn\u00f8jelse<\/h3>\n<ul class=\"list-bullet1\">\n<li class=\"ace-line ace-line old-record-id-W9h8fIHNqd9owDcFpK0cb4jfn8g\" data-list=\"bullet\">\n<div><strong>Bl\u00e5 Razz Is<\/strong>: En perfekt balance mellem s\u00f8d bl\u00e5 hindb\u00e6r og spr\u00f8d menthol. Hver puff leverer et burst af frugts\u00f8dme efterfulgt af en forfriskende iskold afslutning, der k\u00f8ler halsen.<\/div>\n<\/li>\n<li class=\"ace-line ace-line old-record-id-Uh88frAvwdxXPCcS2CrcudmbnNg\" data-list=\"bullet\">\n<div><strong>Lush Ice<\/strong>: Oplev den saftige s\u00f8dme af moden vandmelon parret med et blast af k\u00f8lende menthol. Det er som at bide ind i en kold vandmelon p\u00e5 en varm sommerdag.<\/div>\n<\/li>\n<li class=\"ace-line ace-line old-record-id-YRdTf4H9AdjmGCc5OKBcSMBznxh\" data-list=\"bullet\">\n<div><strong>Jordb\u00e6r Is<\/strong>: Frisk, moden jordb\u00e6rsmag m\u00f8der glat menthol. De s\u00f8de b\u00e6rnoter tager centrum, mens isen tilf\u00f8jer en behagelig k\u00f8lighed, der blidt h\u00e6nger ved.<\/div>\n<\/li>\n<li class=\"ace-line ace-line old-record-id-Vspmfjw0Ad99VLcnHl1cOnqWnuh\" data-list=\"bullet\">\n<div><strong>Grape Ice<\/strong>: Rig, s\u00f8d druesmag blandet med iskold menthol. Det fanger essensen af friske druer og tilf\u00f8jer et k\u00f8lende twist for en dejlig dampeoplevelse.<\/div>\n<\/li>\n<li class=\"ace-line ace-line old-record-id-UOdTfe6dRdYUcMc7aXocgorfneb\" data-list=\"bullet\">\n<div><strong>Mint Ice<\/strong>: Ren, opkvikkende mynte med en st\u00e6rk k\u00f8leeffekt. Ideel til vaper, der foretr\u00e6kker en ren, forfriskende smag, der efterlader munden f\u00f8lende spr\u00f8d.<\/div>\n<\/li>\n<\/ul>\n<h3 class=\"heading-3 ace-line old-record-id-H6PDfneuzdvn1hcdk6sccTzjnle\">Frugtagtige medleys og unikke blandinger<\/h3>\n<ul class=\"list-bullet1\">\n<li class=\"ace-line ace-line old-record-id-QlosfR0xJdDAp4cNPBQcuCp4nic\" data-list=\"bullet\">\n<div><strong>Strawberry Watermelon<\/strong>: En klassisk kombination af s\u00f8d jordb\u00e6r og saftig vandmelon. De to smagsvarianter supplerer hinanden perfekt og skaber en harmonisk og behagelig smag.<\/div>\n<\/li>\n<li class=\"ace-line ace-line old-record-id-IQKwf8kQ5dCZQ4c7OZlcWyBwnYd\" data-list=\"bullet\">\n<div><strong>Kiwi Passion Fruit<\/strong>: Eksotisk og livlig, denne smag blander den syrlige s\u00f8dme af kiwi med den tropiske rigdom af passionsfrugt. Det er et dristigt valg for eventyrlystne vaper.<\/div>\n<\/li>\n<li class=\"ace-line ace-line old-record-id-IRMMfjcNCdnQT1chrq6c5IMInPe\" data-list=\"bullet\">\n<div><strong>Mixed Berries<\/strong>: En l\u00e6kker medley af forskellige b\u00e6r, herunder bl\u00e5b\u00e6r, hindb\u00e6r og bromb\u00e6r. Hver puff tilbyder en kompleks blanding af s\u00f8de og let syrlige noter.<\/div>\n<\/li>\n<li class=\"ace-line ace-line old-record-id-Na2SfieindiMH6cxAUSc321Gnee\" data-list=\"bullet\">\n<div><strong>K\u00c6RLIGHED 66<\/strong>: En mystisk og lokkende blanding, der balancerer s\u00f8dme og dybde. Det er en unik smag, der f\u00e5r dig til at komme tilbage efter mere, perfekt til dem, der elsker et strejf af intrige.<\/div>\n<\/li>\n<li class=\"ace-line ace-line old-record-id-VD3nfHwwAdjfAzc6bW9cdRcHnAd\" data-list=\"bullet\">\n<div><strong>Lady Killa<\/strong>: En sofistikeret og glat smag med subtile s\u00f8de undertoner. Den er designet til vaper, der v\u00e6rds\u00e6tter en raffineret smag, der ikke er overv\u00e6ldende.<\/div>\n<\/li>\n<\/ul>\n<h2 class=\"heading-2 ace-line old-record-id-OuEwfWNm3dD2RlcO2WLcW0AGnmf\">Kerne-specifikationer ved f\u00f8rste \u00f8jekast<\/h2>\n<div class=\"ace-line ace-line old-record-id-UPkRfEkvqdw5LXcxZFkc9xo3noe\">OKSO Magic Mirror 50000 Puffs handler ikke kun om fantastisk smag\u2014den er bygget med h\u00f8jtydende funktioner, der sikrer en ensartet og p\u00e5lidelig oplevelse. Nedenfor er en detaljeret tabel over dens n\u00f8glespecifikationer:<\/div>\n<div>\n<table class=\"ace-table\" data-ace-table-col-widths=\"200;200\">\n<colgroup>\n<col width=\"200\" \/>\n<col width=\"200\" \/><\/colgroup>\n<thead>\n<tr>\n<th colspan=\"1\" rowspan=\"1\">\n<div class=\"ace-line ace-line old-record-id-UsbLfkApWd35Luc5lThcgoRAnVc\">Funktion<\/div>\n<\/th>\n<th colspan=\"1\" rowspan=\"1\">\n<div class=\"ace-line ace-line old-record-id-JR5lfNTnKdTstMcTLUtcSf9knwf\">Specifikation<\/div>\n<\/th>\n<\/tr>\n<\/thead>\n<tbody>\n<tr>\n<td colspan=\"1\" rowspan=\"1\">\n<div class=\"ace-line ace-line old-record-id-MVIqfaCOcdjhxxcTyqJcTOpNnWf\">Puff Kapacitet<\/div>\n<\/td>\n<td colspan=\"1\" rowspan=\"1\">\n<div class=\"ace-line ace-line old-record-id-Q96Bfvw2FdWXTscrYLpc9Oionlg\">din nye bedste ven. Med hele<\/div>\n<\/td>\n<\/tr>\n<tr>\n<td colspan=\"1\" rowspan=\"1\">\n<div class=\"ace-line ace-line old-record-id-CaYHfI7q9dUgJVcZvtkcoawKnVe\">Kerne teknologi<\/div>\n<\/td>\n<td colspan=\"1\" rowspan=\"1\">\n<div class=\"ace-line ace-line old-record-id-JZWmfJKL3dlpswcnXHqcbBWdnoh\">Dobbelt Mesh Coil<\/div>\n<\/td>\n<\/tr>\n<tr>\n<td colspan=\"1\" rowspan=\"1\">\n<div class=\"ace-line ace-line old-record-id-GWy1fX2KYdTSeXcpmMicvDk2nPg\">E-v\u00e6ske kapacitet<\/div>\n<\/td>\n<td colspan=\"1\" rowspan=\"1\">\n<div class=\"ace-line ace-line old-record-id-MD6cfwavgdU1tHcbxnecfrdAnig\">40ml<\/div>\n<\/td>\n<\/tr>\n<tr>\n<td colspan=\"1\" rowspan=\"1\">\n<div class=\"ace-line ace-line old-record-id-O1eJfauw1dvw7Qc2kMzcnjOJnEc\">Nikotinstyrke<\/div>\n<\/td>\n<td colspan=\"1\" rowspan=\"1\">\n<div class=\"ace-line ace-line old-record-id-HDRFfFr1odPLJXcz3EIc0lZlnDf\">0% \/ 2% \/ 3% \/ 5%<\/div>\n<\/td>\n<\/tr>\n<tr>\n<td colspan=\"1\" rowspan=\"1\">\n<div class=\"ace-line ace-line old-record-id-JwPjfTgqXdejpOcVLtycbFYFnlh\">Batterikapacitet<\/div>\n<\/td>\n<td colspan=\"1\" rowspan=\"1\">\n<div class=\"ace-line ace-line old-record-id-PTSaf9d3kdkrjIcKDkUcY9DOnJf\">850mAh<\/div>\n<\/td>\n<\/tr>\n<tr>\n<td colspan=\"1\" rowspan=\"1\">\n<div class=\"ace-line ace-line old-record-id-OBXtfdgbIdAXFKc0JY9cz0Ognlh\">Opladningsmetode<\/div>\n<\/td>\n<td colspan=\"1\" rowspan=\"1\">\n<div class=\"ace-line ace-line old-record-id-YVBBf9r3jdELYncOdP7cjQ6TnTe\">Genopladelig via Type-C<\/div>\n<\/td>\n<\/tr>\n<tr>\n<td colspan=\"1\" rowspan=\"1\">\n<div class=\"ace-line ace-line old-record-id-AdJZfcl9pdBLc2cutHVcvGRVnHc\">S\u00e6rlige funktioner<\/div>\n<\/td>\n<td colspan=\"1\" rowspan=\"1\">\n<div class=\"ace-line ace-line old-record-id-KkkjfHhqIdSNcicRVrHcbyNenDg\">Spejldesign, RGB LED, LED-display, b\u00f8rnesikring<\/div>\n<\/td>\n<\/tr>\n<\/tbody>\n<\/table>\n<\/div>\n<\/div>\n<\/div>\n<\/div>\n<\/div>\n<\/div>\n<\/div>\n<\/div>\n<\/div>\n<\/div>\n<\/div>\n<\/div>\n<\/div>\n<\/div>\n<\/div>\n<\/div>\n<\/div>\n<\/div>\n<\/div>\n<\/div>\n<\/div>\n<\/div>\n<\/div>\n<\/div>\n<\/div>\n<\/div>\n<\/div>\n<\/div>\n<\/div>\n<\/div>\n<\/div>\n<\/div>\n<\/div>\n<\/div>\n<\/div>\n<\/div>\n<\/div>\n<\/div>\n<\/div>\n<\/div>\n<\/div>\n<\/div>\n<\/div>","protected":false},"excerpt":{"rendered":"<div data-page-id=\"RAopf2sw9dtvw4cWYXpcTwo0n8g\" data-lark-html-role=\"root\" data-docx-has-block-data=\"false\">\n<div class=\"ace-line ace-line old-record-id-Uju9f3RXYd8dh2crAJbcBF3Un6M\">OKSO Magic Mirror 50000 Puffs engangs vape skinner med 10 livlige smagsvarianter, fra isende Blue Razz til tropisk Kiwi Passion Fruit. Den har en dual mesh coil, 40ml e-v\u00e6ske og et genopladeligt batteri p\u00e5 850mAh. Derudover g\u00f8r dens spejldesign, RGB LED og b\u00f8rnesikring den b\u00e5de stilfuld og sikker.<\/div>\n<\/div>","protected":false},"featured_media":6111,"comment_status":"open","ping_status":"closed","template":"","meta":{"_acf_changed":false,"inline_featured_image":false,"_sitemap_exclude":false,"_sitemap_priority":"","_sitemap_frequency":""},"product_brand":[230],"product_cat":[231,239,243],"product_tag":[],"class_list":{"0":"post-3775","1":"product","2":"type-product","3":"status-publish","4":"has-post-thumbnail","6":"product_brand-okso","7":"product_cat-okso-puff","8":"product_cat-disposable-vape-collection","9":"product_cat-50k-puff","11":"first","12":"instock","13":"sale","14":"shipping-taxable","15":"purchasable","16":"product-type-variable","17":"has-default-attributes"},"acf":[],"tiered_pricing_type":"fixed","tiered_pricing_fixed_rules":{"30":9.35,"60":8.53,"100":7.89,"200":7.26},"tiered_pricing_product_settings":{"layout":"default","base_unit_name":{"singular":null,"plural":null},"default_variation":null},"tiered_pricing_minimum_quantity":10,"tiered_pricing_roles_data":[],"tiered_pricing_percentage_rules":[],"tiered_pricing_maximum_quantity":null,"tiered_pricing_quantity_step":"13","_links":{"self":[{"href":"https:\/\/oiovape.com\/da\/wp-json\/wp\/v2\/product\/3775","targetHints":{"allow":["GET"]}}],"collection":[{"href":"https:\/\/oiovape.com\/da\/wp-json\/wp\/v2\/product"}],"about":[{"href":"https:\/\/oiovape.com\/da\/wp-json\/wp\/v2\/types\/product"}],"replies":[{"embeddable":true,"href":"https:\/\/oiovape.com\/da\/wp-json\/wp\/v2\/comments?post=3775"}],"version-history":[{"count":0,"href":"https:\/\/oiovape.com\/da\/wp-json\/wp\/v2\/product\/3775\/revisions"}],"wp:featuredmedia":[{"embeddable":true,"href":"https:\/\/oiovape.com\/da\/wp-json\/wp\/v2\/media\/6111"}],"wp:attachment":[{"href":"https:\/\/oiovape.com\/da\/wp-json\/wp\/v2\/media?parent=3775"}],"wp:term":[{"taxonomy":"product_brand","embeddable":true,"href":"https:\/\/oiovape.com\/da\/wp-json\/wp\/v2\/product_brand?post=3775"},{"taxonomy":"product_cat","embeddable":true,"href":"https:\/\/oiovape.com\/da\/wp-json\/wp\/v2\/product_cat?post=3775"},{"taxonomy":"product_tag","embeddable":true,"href":"https:\/\/oiovape.com\/da\/wp-json\/wp\/v2\/product_tag?post=3775"}],"curies":[{"name":"wp","href":"https:\/\/api.w.org\/{rel}","templated":true}]}}