{"id":3977,"date":"2026-01-10T06:00:43","date_gmt":"2026-01-10T06:00:43","guid":{"rendered":"https:\/\/oiovape.com\/?post_type=product&#038;p=3977"},"modified":"2026-04-08T12:00:42","modified_gmt":"2026-04-08T04:00:42","slug":"al-fakher-crown-bar-pro-15000-puffs","status":"publish","type":"product","link":"https:\/\/oiovape.com\/da\/product\/al-fakher-crown-bar-pro-15000-puffs\/","title":{"rendered":"Al Fakher Crown Bar Pro 15000 PUFFS LED Sk\u00e6rm Mesh Coil Batteriniveau Indikator Smart Engangs Vape"},"content":{"rendered":"<div data-page-id=\"ZVeMfq8uxd7y1ycuKm5cym4LnYd\" data-lark-html-role=\"root\" data-docx-has-block-data=\"false\">\n<div data-page-id=\"Fd41fZ5N9dzRQtcRNoVc2FuDnCh\" data-lark-html-role=\"root\" data-docx-has-block-data=\"true\">\n<div data-page-id=\"BdIJfeeijdk1eucGpS8cDCBBn5c\" data-lark-html-role=\"root\" data-docx-has-block-data=\"false\">\n<div data-page-id=\"Zbg9fWx77dUuh2cIYpic25c8nyd\" data-lark-html-role=\"root\" data-docx-has-block-data=\"false\">\n<div data-page-id=\"KaIvfiurhdlCKdc0kyxcX64cnE6\" data-lark-html-role=\"root\" data-docx-has-block-data=\"true\">\n<div data-page-id=\"PbvFfqxqlddUTScRpEYcY5MHnpf\" data-lark-html-role=\"root\" data-docx-has-block-data=\"true\">\n<div data-page-id=\"GZO2f5JeudwY4jc9iJtcdk9Hnxh\" data-lark-html-role=\"root\" data-docx-has-block-data=\"false\">\n<div data-page-id=\"EZVRf2acFduXLGcseZFc4qH2n6e\" data-lark-html-role=\"root\" data-docx-has-block-data=\"false\">\n<div data-page-id=\"B8rHfcqlqdzmH5cCWCncz17Cntb\" data-lark-html-role=\"root\" data-docx-has-block-data=\"false\">\n<div data-page-id=\"B8rHfcqlqdzmH5cCWCncz17Cntb\" data-lark-html-role=\"root\" data-docx-has-block-data=\"false\">\n<div data-page-id=\"B8rHfcqlqdzmH5cCWCncz17Cntb\" data-lark-html-role=\"root\" data-docx-has-block-data=\"true\">\n<div data-page-id=\"HM70f1aoxdD0bMcxJZBcVc7ynZd\" data-lark-html-role=\"root\" data-docx-has-block-data=\"false\">\n<div data-page-id=\"NSrJfN7Ord22i0c1iwZcsF8yn8b\" data-lark-html-role=\"root\" data-docx-has-block-data=\"false\">\n<div data-page-id=\"RXEff4Mskds8o1cqL5HcGEtUnCh\" data-lark-html-role=\"root\" data-docx-has-block-data=\"false\">\n<div data-page-id=\"KJ7gfqkVndMSRJcMseScmvYwnTc\" data-lark-html-role=\"root\" data-docx-has-block-data=\"false\">\n<div class=\"ace-line ace-line old-record-id-QADAfETPudgmudc05YvcTO5fnxe\">\n<div data-page-id=\"KJ7gfqkVndMSRJcMseScmvYwnTc\" data-lark-html-role=\"root\" data-docx-has-block-data=\"false\">\n<div class=\"ace-line ace-line old-record-id-JoRkfpho8dOkiacEOascDyCOncb\">\n<div data-page-id=\"KJ7gfqkVndMSRJcMseScmvYwnTc\" data-lark-html-role=\"root\" data-docx-has-block-data=\"false\">\n<div data-page-id=\"Ju6ofQ3V4dGmePcVvJvc1gmcnZb\" data-lark-html-role=\"root\" data-docx-has-block-data=\"true\">\n<div data-page-id=\"PR9ife5PLdFabccbFgZcWgZOnTc\" data-lark-html-role=\"root\" data-docx-has-block-data=\"false\">\n<div data-page-id=\"INdrfOIGzdaenXcptrcc1BcznQc\" data-lark-html-role=\"root\" data-docx-has-block-data=\"false\">\n<div class=\"ace-line ace-line old-record-id-P0fIf4YaZdoGkbcxt5ackec2nnb\">\n<div data-page-id=\"INdrfOIGzdaenXcptrcc1BcznQc\" data-lark-html-role=\"root\" data-docx-has-block-data=\"false\">\n<div data-page-id=\"MAzCfUB73dMTQscm8eWcougVn1g\" data-lark-html-role=\"root\" data-docx-has-block-data=\"true\">\n<div data-page-id=\"AXfpf7H1odhDvGcKoUOcErN8nV7\" data-lark-html-role=\"root\" data-docx-has-block-data=\"false\">\n<div data-page-id=\"QYTKf5PvLdUNdbce2nBcW9yfnrh\" data-lark-html-role=\"root\" data-docx-has-block-data=\"false\">\n<div data-page-id=\"Pvu1f1CCBdxbjncA9pgcBTpanph\" data-lark-html-role=\"root\" data-docx-has-block-data=\"true\">\n<div data-page-id=\"Axf3fcmY8dDAhtcjVircBcphnPc\" data-lark-html-role=\"root\" data-docx-has-block-data=\"false\">\n<div data-page-id=\"KKj1f9SPmdLhhMc5E2AcNlLen6f\" data-lark-html-role=\"root\" data-docx-has-block-data=\"true\">\n<div data-page-id=\"Rx61fK1sJdXHjPcBuhZcweNhnwc\" data-lark-html-role=\"root\" data-docx-has-block-data=\"false\">\n<div data-page-id=\"L1H9fkG9Mdz45Fcy4WMc5VKXnRe\" data-lark-html-role=\"root\" data-docx-has-block-data=\"false\">\n<div data-page-id=\"L1H9fkG9Mdz45Fcy4WMc5VKXnRe\" data-lark-html-role=\"root\" data-docx-has-block-data=\"false\">\n<div data-page-id=\"D4XLfVBVrdE8mrcaYizczklLnaf\" data-lark-html-role=\"root\" data-docx-has-block-data=\"false\">\n<div data-page-id=\"WVcifIY44d5mhMcXtyEcTsfenGd\" data-lark-html-role=\"root\" data-docx-has-block-data=\"true\">\n<div data-page-id=\"LRknfa6Whd4DWCcUc0FcNKpJnyh\" data-lark-html-role=\"root\" data-docx-has-block-data=\"false\">\n<div data-page-id=\"LRknfa6Whd4DWCcUc0FcNKpJnyh\" data-lark-html-role=\"root\" data-docx-has-block-data=\"false\">\n<div data-page-id=\"XFRAfkcOEdRWh8cArQ2cJdyRnJf\" data-lark-html-role=\"root\" data-docx-has-block-data=\"true\">\n<div data-page-id=\"OQ3bfjnRddMTDGcC3ouc6xFKnWf\" data-lark-html-role=\"root\" data-docx-has-block-data=\"true\">\n<div data-page-id=\"J0iGfj1hEdjc4rcUdSmc4spMnmZ\" data-lark-html-role=\"root\" data-docx-has-block-data=\"false\">\n<div data-page-id=\"P1o7fFyNlduP8tcfZpQcagzbnIf\" data-lark-html-role=\"root\" data-docx-has-block-data=\"false\">\n<div class=\"ace-line ace-line old-record-id-P1o7fFyNlduP8tcfZpQcagzbnIf\">\n<div data-page-id=\"P1o7fFyNlduP8tcfZpQcagzbnIf\" data-lark-html-role=\"root\" data-docx-has-block-data=\"false\">\n<div data-page-id=\"U4iufW38SdttWKcTstMcTtHRnXc\" data-lark-html-role=\"root\" data-docx-has-block-data=\"true\">\n<h2 data-path-to-node=\"0\">En varig storm for at forstyrre dine sanser: Dyb dyk ned i Al Fakher Crown Bar Pro 15000 Puffs<\/h2>\n<p data-path-to-node=\"1\">Hvem siger, at high-puff engangsdispositive enheder er bestemt til at g\u00e5 p\u00e5 kompromis med br\u00e6ndt og kedelig smag i anden halvdel? Al Fakher Crown Bar Pro 15000 Puffs knuser denne fordom med ubestridelig kraft. Det er ikke bare en \u201cydelses maskine\u201d i stand til at ud\u00e5nde forbl\u00f8ffende skyer, men snarere en topklasses, lommest\u00f8rrelse shisha-lounge klar til at \u00e5bne sine d\u00f8re for dig n\u00e5r som helst. For de spillere, der l\u00e6nge er tr\u00e6tte af hyppigt at skifte enheder og t\u00e5le klippe-lignende smag-forringelse, er denne enhed som en co-pilot p\u00e5 en lang tv\u00e6rs-lands rejse, der aldrig klager og altid er fuldt energiseret.<\/p>\n<h2 data-path-to-node=\"2\">Farvel til mediocrity, Den fulde opv\u00e5gning af hardcore-evner<\/h2>\n<p data-path-to-node=\"3\">Hvis vi ser bort fra disse prangende, men ubrugelige RGB-belysnings-tricks, v\u00e6lger Al Fakher 15K Pro at fordoble indsatsen p\u00e5 de kerndetaljer, der p\u00e5virker vape-oplevelsen mest. M\u00e5 vi hj\u00e6lpel\u00f8st g\u00e5 p\u00e5 kompromis midt i batteriangstelighed og inferior smag? Selvf\u00f8lgelig ikke.<\/p>\n<h3 data-path-to-node=\"4\">Energikilden for et ydelses-bestia<\/h3>\n<h4 data-path-to-node=\"5\">Den ultimative ledsagelse af 15000 Puffs<\/h4>\n<p data-path-to-node=\"6\">Det er p\u00e5 ingen m\u00e5de en skydestjerne, der blinker et \u00f8jeblik og hurtigt t\u00f8rrer ud. Den ultra-lange udholdenhed p\u00e5 op til 15000 puffs betyder, at selv hvis du er den mest kr\u00e6vende, tung sky-j\u00e6ger, vil den st\u00f8t ledsage dig gennem lange str\u00e6kninger. Du beh\u00f8ver ikke omhyggeligt at budgettere hver puff; hvad det giver dig, er den absolutte frihed til at \u00f8dslende i skyerne.<\/p>\n<h4 data-path-to-node=\"7\">Det store 22ML e-v\u00e6ske-reserve<\/h4>\n<p data-path-to-node=\"8\">Hvis en mundfuld damp er en sky, s\u00e5 er den massive 22ml kapacitet en vast himmel. Denne forudfyldte matrix af h\u00f8j-kvalitets e-v\u00e6ske kv\u00e6ler direkte besv\u00e6ret med hyppig p\u00e5fyldning, minimerer alle afbrydelser og sikrer, at din fordybende oplevelse forbliver ubrudt.<\/p>\n<h3 data-path-to-node=\"9\">Pr\u00e6cisions-teknologi i fuldst\u00e6ndig kontrol<\/h3>\n<h4 data-path-to-node=\"10\">0,6\u03a9 avanceret mesh-spole<\/h4>\n<p data-path-to-node=\"11\">Lider du stadig under den svingende, nogle gange endda let plastik-smagende, inferior atomisering? Den indbyggede 0,6-ohm mesh-varmesnor fungerer som en mester-parfum\u00f8r med utrolig pr\u00e6cise teknikker. Det sikrer, at hver dr\u00e5be e-v\u00e6ske er j\u00e6vnt og voldsomt v\u00e6kket det \u00f8jeblik, den kommer i kontakt. Fra f\u00f8rste puff til ti tusinde, forbliver dampkoncentrationen lige s\u00e5 konsistent som nogensinde, s\u00e5 rig, at du f\u00f8ler, som om du kunne r\u00f8re det lag af frugtighed med dine h\u00e6nder.<\/p>\n<h4 data-path-to-node=\"12\">Smart LED-statusvindue<\/h4>\n<p data-path-to-node=\"13\">M\u00e5 vi lide den ukendte terror fra et pludseligt batterifald, mens vi nyder fuld-kroppe damp?<\/p>\n<h5 data-path-to-node=\"14\">Pr\u00e6cis dataretur<\/h5>\n<p data-path-to-node=\"15\">Det lyse LED-display p\u00e5 enhedens forside afslutter fuldst\u00e6ndig \u00e6raen med \u201cblind g\u00e6tteri.\u201d Batteri- og e-v\u00e6ske-niveauer er synlige p\u00e5 et \u00f8jeblik, meget som de pr\u00e6cise m\u00e5lere p\u00e5 et sportsbils instrumentbr\u00e6t. Der er ingen pludselige str\u00f8mafbrydelser, kun den uhastet ro ved at have alt fuldst\u00e6ndig under kontrol.<\/p>\n<h4 data-path-to-node=\"16\">600mAh Power Core og ultra-hurtig opladning<\/h4>\n<p data-path-to-node=\"17\">Det robuste 600mAh genopladelige batteri er ansvarligt for stabil, kontinuerlig output. Parret med Type-C hurtig-opladnings-porten ved bunden kan det hurtigt \u201cgenopst\u00e5 til fuldt blod\u201d i den tid, det tager dig at hente en kop kaffe, altid opretholdelse af det peak push-back-f\u00f8lelse.<\/p>\n<h2 data-path-to-node=\"18\">Fordybende DTL vape-oplevelse: Hvorfor er det uimodst\u00e5eligt?<\/h2>\n<p data-path-to-node=\"19\">Dette er absolut ikke den slags kv\u00e6lende oplevelse med massiv tr\u00e6k-modstand, der efterlader dig r\u00f8d i ansigtet. Den \u00e5ben-luftstr\u00f8m specifikt designet til DTL (Direct-to-Lung) g\u00f8r hver tr\u00e6k f\u00f8les som at tage en frisk dyb \u00e5ndedr\u00e6t dybt inden i en tidlig efter\u00e5rs skov\u2014naturlig, ekspansiv og helt fri for t\u00f8rhed. Parret med en 5% nikotinstyrke, spiller det ikke spil med blid sondering; i stedet leverer det et fast og kontrollerbart halstr\u00e6f. Hver puff rammer lige p\u00e5 det s\u00f8de sted, hvilket bringer h\u00e5ndgribelig sensorisk tilfredshed.<\/p>\n<p><img decoding=\"async\" class=\"alignnone wp-image-8117 size-full\" title=\"Al Fakher Crown Bar Pro 15K Disposable Vape\" src=\"https:\/\/oiovape.com\/wp-content\/uploads\/2026\/04\/Al-Fakher-Crown-Bar-Pro-15K-Disposable-Vape.jpg\" alt=\"Al Fakher Crown Bar Pro 15K Disposable Vape\" width=\"1012\" height=\"1012\" srcset=\"https:\/\/oiovape.com\/wp-content\/uploads\/2026\/04\/Al-Fakher-Crown-Bar-Pro-15K-Disposable-Vape.jpg 1012w, https:\/\/oiovape.com\/wp-content\/uploads\/2026\/04\/Al-Fakher-Crown-Bar-Pro-15K-Disposable-Vape-300x300.jpg 300w, https:\/\/oiovape.com\/wp-content\/uploads\/2026\/04\/Al-Fakher-Crown-Bar-Pro-15K-Disposable-Vape-150x150.jpg 150w, https:\/\/oiovape.com\/wp-content\/uploads\/2026\/04\/Al-Fakher-Crown-Bar-Pro-15K-Disposable-Vape-768x768.jpg 768w, https:\/\/oiovape.com\/wp-content\/uploads\/2026\/04\/Al-Fakher-Crown-Bar-Pro-15K-Disposable-Vape-12x12.jpg 12w, https:\/\/oiovape.com\/wp-content\/uploads\/2026\/04\/Al-Fakher-Crown-Bar-Pro-15K-Disposable-Vape-600x600.jpg 600w\" sizes=\"(max-width: 1012px) 100vw, 1012px\" \/><\/p>\n<h2 data-path-to-node=\"20\">Kunstmuseet for smag: Hver smag er et uafh\u00e6ngigt mesterv\u00e6rk<\/h2>\n<p data-path-to-node=\"21\">Al Fakher blander aldrig billig, industriel sukker vand; de konstruerer en pr\u00e6cis arkitektur af lugt og smag. For at lade dig grundigt se dens smag-landskab, nedbryder vi hver enkelt profil:<\/p>\n<p data-path-to-node=\"22\">1.Berry Ice<br \/>\n2.Blackcurrant Ice<br \/>\n3.Blue Razz Lemonade<br \/>\n4.Cherry Raspberry<br \/>\n5.Grape Mint<br \/>\n6.Tyggegummi Smag<br \/>\n7.Tyggegummi Mint<br \/>\n8.Magic Love<br \/>\n9.Simply Mint<br \/>\n10.Sweet Passionfruit<br \/>\n11. Lucid Dream<br \/>\n12. White Flash<\/p>\n<h2 data-path-to-node=\"54\">Minimalistisk \u00c6stetik: Hvordan T\u00e6mmer Man Dette Vaping-B\u00e6st?<\/h2>\n<p data-path-to-node=\"55\">Nydelse skal v\u00e6re en tilbagevenden til instinkt, uden nogen kedelig eller uigennemskuelig trin:<\/p>\n<ol start=\"1\" data-path-to-node=\"56\">\n<li>\n<p data-path-to-node=\"56,0,0\"><b data-path-to-node=\"56,0,0\" data-index-in-node=\"0\">Kast Begr\u00e6nsningerne Af:<\/b> Riv emballagen \u00e5ben, og denne velordnede maskine er allerede p\u00e5 24\/7 standby.<\/p>\n<\/li>\n<li>\n<p data-path-to-node=\"56,1,0\"><b data-path-to-node=\"56,1,0\" data-index-in-node=\"0\">F\u00f8lg Din Instinkt:<\/b> Kass\u00e9r alle un\u00f8dvendige knapper. L\u00e6g dine l\u00e6ber omkring mundstykket, og den pneumatiske sensor vil v\u00e6cke den sovende mesh-spole p\u00e5 millisekunder, og udl\u00f8se \u00f8jeblikkeligt fantastisk energi.<\/p>\n<\/li>\n<li>\n<p data-path-to-node=\"56,2,0\"><b data-path-to-node=\"56,2,0\" data-index-in-node=\"0\">Rolig Genopfyldning:<\/b> N\u00e5r den elegante sk\u00e6rm lyser op med en advarsel om lavt batteri, tilslut Type-C-kablet. I den tid det tager at drikke et glas vand, vil det blive genoplivet.<\/p>\n<\/li>\n<li>\n<p data-path-to-node=\"56,3,0\"><b data-path-to-node=\"56,3,0\" data-index-in-node=\"0\">Et V\u00e6rdigt Farvel:<\/b> Det er sk\u00e6bnen for en engangsenhed. N\u00e5r de 22ml \u201cbr\u00e6ndstof\u201d er helt opbrugt, skal du venligst genbruge det korrekt i henhold til lokale regler, og give denne loyale f\u00f8lgesvend et v\u00e6rdigt hvilested.<\/p>\n<\/li>\n<\/ol>\n<h2 data-path-to-node=\"57\">Knusende Fordel: Hvorfor Ser Det Ned P\u00e5 M\u00e6ngden?<\/h2>\n<p data-path-to-node=\"58\">Markedet er oversv\u00f8mmet med enheder, der pralede med \u201cti tusinde pust,\u201d men de fleste er bare plastikleget\u00f8j, der blindt oppuster deres volumen. Al Fakher Crown Bar 15000 Pro vinder gennem en kunst kaldet \u201ch\u00e5ndv\u00e6rket med m\u00e5dehold.\u201d Det forst\u00e5r bedre end nogen anden, at det, spillerne \u00f8nsker, absolut ikke er overdrevet emballage, men et pr\u00e6cisionsinstrument, der virkelig kan parse smag helt til sidste dr\u00e5be. Det konkurrerer ikke med rivaler p\u00e5 papirspecifikationer; det omdefinerer industriens loft for langvarige DTL-enheder.<\/p>\n<p data-path-to-node=\"59\">Lad dine smagsl\u00f8g ikke forts\u00e6tte med at g\u00e5 p\u00e5 kompromis i middelm\u00e5dighed. Grib det f\u00e6ngslende lilla \u201cGrape Mint\u201d og t\u00e6nde straks din egen sensoriske revolution.<\/p>\n<\/div>\n<\/div>\n<\/div>\n<\/div>\n<\/div>\n<\/div>\n<\/div>\n<\/div>\n<\/div>\n<\/div>\n<\/div>\n<\/div>\n<\/div>\n<\/div>\n<\/div>\n<\/div>\n<\/div>\n<\/div>\n<\/div>\n<\/div>\n<\/div>\n<\/div>\n<\/div>\n<\/div>\n<\/div>\n<\/div>\n<\/div>\n<\/div>\n<\/div>\n<\/div>\n<\/div>\n<\/div>\n<\/div>\n<\/div>\n<\/div>\n<\/div>\n<\/div>\n<\/div>\n<\/div>\n<\/div>\n<\/div>\n<\/div>\n<\/div>\n<\/div>","protected":false},"excerpt":{"rendered":"<div data-page-id=\"RAopf2sw9dtvw4cWYXpcTwo0n8g\" data-lark-html-role=\"root\" data-docx-has-block-data=\"false\">\n<div class=\"ace-line ace-line old-record-id-Uju9f3RXYd8dh2crAJbcBF3Un6M\">Al Fakher Crown Bar Pro 15000 Puffs leverer en glat DTL-dampoplevelse med rige, velafbalancerede smagsnuancer og p\u00e5lidelig ydeevne. Med en mesh-coil, LED-display og stor e-v\u00e6ske kapacitet kombinerer den langvarig brug med klar kontrol, hvilket g\u00f8r hver puff konsekvent, smagfuld og tilfredsstillende.<\/div>\n<\/div>","protected":false},"featured_media":3988,"comment_status":"open","ping_status":"closed","template":"","meta":{"_acf_changed":false,"inline_featured_image":false,"_sitemap_exclude":false,"_sitemap_priority":"","_sitemap_frequency":""},"product_brand":[238],"product_cat":[237,239,246],"product_tag":[],"class_list":{"0":"post-3977","1":"product","2":"type-product","3":"status-publish","4":"has-post-thumbnail","6":"product_brand-al-fakher","7":"product_cat-al-fakher-puff","8":"product_cat-disposable-vape-collection","9":"product_cat-15k-puff","11":"first","12":"instock","13":"sale","14":"shipping-taxable","15":"purchasable","16":"product-type-variable","17":"has-default-attributes"},"acf":[],"tiered_pricing_type":"fixed","tiered_pricing_fixed_rules":{"30":12.05,"60":11.49,"100":10.9,"200":10.56},"tiered_pricing_product_settings":{"layout":"default","base_unit_name":{"singular":null,"plural":null},"default_variation":null},"tiered_pricing_minimum_quantity":10,"tiered_pricing_roles_data":[],"tiered_pricing_percentage_rules":[],"tiered_pricing_maximum_quantity":null,"tiered_pricing_quantity_step":"10","_links":{"self":[{"href":"https:\/\/oiovape.com\/da\/wp-json\/wp\/v2\/product\/3977","targetHints":{"allow":["GET"]}}],"collection":[{"href":"https:\/\/oiovape.com\/da\/wp-json\/wp\/v2\/product"}],"about":[{"href":"https:\/\/oiovape.com\/da\/wp-json\/wp\/v2\/types\/product"}],"replies":[{"embeddable":true,"href":"https:\/\/oiovape.com\/da\/wp-json\/wp\/v2\/comments?post=3977"}],"version-history":[{"count":3,"href":"https:\/\/oiovape.com\/da\/wp-json\/wp\/v2\/product\/3977\/revisions"}],"predecessor-version":[{"id":8118,"href":"https:\/\/oiovape.com\/da\/wp-json\/wp\/v2\/product\/3977\/revisions\/8118"}],"wp:featuredmedia":[{"embeddable":true,"href":"https:\/\/oiovape.com\/da\/wp-json\/wp\/v2\/media\/3988"}],"wp:attachment":[{"href":"https:\/\/oiovape.com\/da\/wp-json\/wp\/v2\/media?parent=3977"}],"wp:term":[{"taxonomy":"product_brand","embeddable":true,"href":"https:\/\/oiovape.com\/da\/wp-json\/wp\/v2\/product_brand?post=3977"},{"taxonomy":"product_cat","embeddable":true,"href":"https:\/\/oiovape.com\/da\/wp-json\/wp\/v2\/product_cat?post=3977"},{"taxonomy":"product_tag","embeddable":true,"href":"https:\/\/oiovape.com\/da\/wp-json\/wp\/v2\/product_tag?post=3977"}],"curies":[{"name":"wp","href":"https:\/\/api.w.org\/{rel}","templated":true}]}}