{"id":4235,"date":"2026-01-12T06:57:39","date_gmt":"2026-01-12T06:57:39","guid":{"rendered":"https:\/\/oiovape.com\/?post_type=product&#038;p=4235"},"modified":"2026-02-04T14:43:50","modified_gmt":"2026-02-04T06:43:50","slug":"vapme-crystal-7000-puffs","status":"publish","type":"product","link":"https:\/\/oiovape.com\/da\/product\/vapme-crystal-7000-puffs\/","title":{"rendered":"VAPME CRYSTAL 7000 PUFFS 0%-5% Nikotin 14mL E-v\u00e6ske Kapacitet Genopladelig Engangs Elektronisk Cigaret"},"content":{"rendered":"<div data-page-id=\"ZVeMfq8uxd7y1ycuKm5cym4LnYd\" data-lark-html-role=\"root\" data-docx-has-block-data=\"false\">\n<div data-page-id=\"Fd41fZ5N9dzRQtcRNoVc2FuDnCh\" data-lark-html-role=\"root\" data-docx-has-block-data=\"true\">\n<div data-page-id=\"BdIJfeeijdk1eucGpS8cDCBBn5c\" data-lark-html-role=\"root\" data-docx-has-block-data=\"false\">\n<div data-page-id=\"Zbg9fWx77dUuh2cIYpic25c8nyd\" data-lark-html-role=\"root\" data-docx-has-block-data=\"false\">\n<div data-page-id=\"KaIvfiurhdlCKdc0kyxcX64cnE6\" data-lark-html-role=\"root\" data-docx-has-block-data=\"true\">\n<div data-page-id=\"PbvFfqxqlddUTScRpEYcY5MHnpf\" data-lark-html-role=\"root\" data-docx-has-block-data=\"true\">\n<div data-page-id=\"GZO2f5JeudwY4jc9iJtcdk9Hnxh\" data-lark-html-role=\"root\" data-docx-has-block-data=\"false\">\n<div data-page-id=\"EZVRf2acFduXLGcseZFc4qH2n6e\" data-lark-html-role=\"root\" data-docx-has-block-data=\"false\">\n<div data-page-id=\"B8rHfcqlqdzmH5cCWCncz17Cntb\" data-lark-html-role=\"root\" data-docx-has-block-data=\"false\">\n<div data-page-id=\"B8rHfcqlqdzmH5cCWCncz17Cntb\" data-lark-html-role=\"root\" data-docx-has-block-data=\"false\">\n<div data-page-id=\"B8rHfcqlqdzmH5cCWCncz17Cntb\" data-lark-html-role=\"root\" data-docx-has-block-data=\"true\">\n<div data-page-id=\"HM70f1aoxdD0bMcxJZBcVc7ynZd\" data-lark-html-role=\"root\" data-docx-has-block-data=\"false\">\n<div data-page-id=\"NSrJfN7Ord22i0c1iwZcsF8yn8b\" data-lark-html-role=\"root\" data-docx-has-block-data=\"false\">\n<div data-page-id=\"RXEff4Mskds8o1cqL5HcGEtUnCh\" data-lark-html-role=\"root\" data-docx-has-block-data=\"false\">\n<div data-page-id=\"KJ7gfqkVndMSRJcMseScmvYwnTc\" data-lark-html-role=\"root\" data-docx-has-block-data=\"false\">\n<div class=\"ace-line ace-line old-record-id-QADAfETPudgmudc05YvcTO5fnxe\">\n<div data-page-id=\"KJ7gfqkVndMSRJcMseScmvYwnTc\" data-lark-html-role=\"root\" data-docx-has-block-data=\"false\">\n<div class=\"ace-line ace-line old-record-id-JoRkfpho8dOkiacEOascDyCOncb\">\n<div data-page-id=\"KJ7gfqkVndMSRJcMseScmvYwnTc\" data-lark-html-role=\"root\" data-docx-has-block-data=\"false\">\n<div data-page-id=\"Ju6ofQ3V4dGmePcVvJvc1gmcnZb\" data-lark-html-role=\"root\" data-docx-has-block-data=\"true\">\n<div data-page-id=\"PR9ife5PLdFabccbFgZcWgZOnTc\" data-lark-html-role=\"root\" data-docx-has-block-data=\"false\">\n<div data-page-id=\"INdrfOIGzdaenXcptrcc1BcznQc\" data-lark-html-role=\"root\" data-docx-has-block-data=\"false\">\n<div class=\"ace-line ace-line old-record-id-P0fIf4YaZdoGkbcxt5ackec2nnb\">\n<div data-page-id=\"INdrfOIGzdaenXcptrcc1BcznQc\" data-lark-html-role=\"root\" data-docx-has-block-data=\"false\">\n<div data-page-id=\"MAzCfUB73dMTQscm8eWcougVn1g\" data-lark-html-role=\"root\" data-docx-has-block-data=\"true\">\n<div data-page-id=\"AXfpf7H1odhDvGcKoUOcErN8nV7\" data-lark-html-role=\"root\" data-docx-has-block-data=\"false\">\n<div data-page-id=\"QYTKf5PvLdUNdbce2nBcW9yfnrh\" data-lark-html-role=\"root\" data-docx-has-block-data=\"false\">\n<div data-page-id=\"Pvu1f1CCBdxbjncA9pgcBTpanph\" data-lark-html-role=\"root\" data-docx-has-block-data=\"true\">\n<div data-page-id=\"Axf3fcmY8dDAhtcjVircBcphnPc\" data-lark-html-role=\"root\" data-docx-has-block-data=\"false\">\n<div data-page-id=\"KKj1f9SPmdLhhMc5E2AcNlLen6f\" data-lark-html-role=\"root\" data-docx-has-block-data=\"true\">\n<div data-page-id=\"Rx61fK1sJdXHjPcBuhZcweNhnwc\" data-lark-html-role=\"root\" data-docx-has-block-data=\"false\">\n<div data-page-id=\"L1H9fkG9Mdz45Fcy4WMc5VKXnRe\" data-lark-html-role=\"root\" data-docx-has-block-data=\"false\">\n<div data-page-id=\"L1H9fkG9Mdz45Fcy4WMc5VKXnRe\" data-lark-html-role=\"root\" data-docx-has-block-data=\"false\">\n<div data-page-id=\"D4XLfVBVrdE8mrcaYizczklLnaf\" data-lark-html-role=\"root\" data-docx-has-block-data=\"false\">\n<div data-page-id=\"WVcifIY44d5mhMcXtyEcTsfenGd\" data-lark-html-role=\"root\" data-docx-has-block-data=\"true\">\n<div data-page-id=\"LRknfa6Whd4DWCcUc0FcNKpJnyh\" data-lark-html-role=\"root\" data-docx-has-block-data=\"false\">\n<div data-page-id=\"LRknfa6Whd4DWCcUc0FcNKpJnyh\" data-lark-html-role=\"root\" data-docx-has-block-data=\"false\">\n<div data-page-id=\"XFRAfkcOEdRWh8cArQ2cJdyRnJf\" data-lark-html-role=\"root\" data-docx-has-block-data=\"true\">\n<div data-page-id=\"OQ3bfjnRddMTDGcC3ouc6xFKnWf\" data-lark-html-role=\"root\" data-docx-has-block-data=\"true\">\n<div data-page-id=\"J0iGfj1hEdjc4rcUdSmc4spMnmZ\" data-lark-html-role=\"root\" data-docx-has-block-data=\"false\">\n<div data-page-id=\"P1o7fFyNlduP8tcfZpQcagzbnIf\" data-lark-html-role=\"root\" data-docx-has-block-data=\"false\">\n<div class=\"ace-line ace-line old-record-id-P1o7fFyNlduP8tcfZpQcagzbnIf\">\n<div data-page-id=\"P1o7fFyNlduP8tcfZpQcagzbnIf\" data-lark-html-role=\"root\" data-docx-has-block-data=\"false\">\n<div data-page-id=\"U4iufW38SdttWKcTstMcTtHRnXc\" data-lark-html-role=\"root\" data-docx-has-block-data=\"true\">\n<div data-page-id=\"ONVMf7VTWddcFtcyATOchCJHnZb\" data-lark-html-role=\"root\" data-docx-has-block-data=\"true\">\n<div data-page-id=\"KoW2fSy0PdLHFlc5kSHcgvWMnYg\" data-lark-html-role=\"root\" data-docx-has-block-data=\"false\">\n<h2 data-start=\"2165\" data-end=\"2207\">Hvorfor v\u00e6lge VAPME CRYSTAL 7000 Puffs<\/h2>\n<ul data-start=\"2209\" data-end=\"2519\">\n<li data-start=\"2209\" data-end=\"2270\">\n<p data-start=\"2211\" data-end=\"2270\">Et bredt udvalg af smagsvarianter, der passer til forskellige smagsl\u00f8g og hum\u00f8r<\/p>\n<\/li>\n<li data-start=\"2271\" data-end=\"2336\">\n<p data-start=\"2273\" data-end=\"2336\">Flere nikotinstyrker, herunder en nul-nikotinv\u00e6lg<\/p>\n<\/li>\n<li data-start=\"2337\" data-end=\"2391\">\n<p data-start=\"2339\" data-end=\"2391\">Langvarig puff-t\u00e6lling for bedre v\u00e6rdi over tid<\/p>\n<\/li>\n<li data-start=\"2392\" data-end=\"2444\">\n<p data-start=\"2394\" data-end=\"2444\">Glat tr\u00e6k og stabil udgang fra mesh-coilen<\/p>\n<\/li>\n<li data-start=\"2445\" data-end=\"2519\">\n<p data-start=\"2447\" data-end=\"2519\">Enkel, vedligeholdelsesfri design, der er velegnet til begyndere og regelm\u00e6ssige brugere<\/p>\n<\/li>\n<\/ul>\n<p data-start=\"2521\" data-end=\"2667\">VAPME CRYSTAL 7000 Puffs fokuserer p\u00e5 praktisk anvendelse og smagskonsistens, hvilket tilbyder en afbalanceret dampoplevelse uden un\u00f8dvendig kompleksitet.<\/p>\n<h3 data-start=\"459\" data-end=\"506\">Smagsvalg skabt til daglig nydelse<\/h3>\n<p data-start=\"508\" data-end=\"750\">Hver smag er blandet for at forblive klar fra det f\u00f8rste puff til det sidste, undg\u00e5else af h\u00e5rde eftersmag eller d\u00e6mpede noter. Frugtprofiler forbliver klare, ismulighederne forbliver spr\u00f8de, og slik-inspirerede blandinger holder deres balance uden at blive overv\u00e6ldende.<\/p>\n<h4 data-start=\"752\" data-end=\"773\">Tilg\u00e6ngelige smagsvarianter<\/h4>\n<ol data-start=\"775\" data-end=\"1192\">\n<li data-start=\"775\" data-end=\"799\">\n<p data-start=\"778\" data-end=\"799\">Blueberry Raspberry<\/p>\n<\/li>\n<li data-start=\"800\" data-end=\"816\">\n<p data-start=\"803\" data-end=\"816\">Druer B\u00e6r<\/p>\n<\/li>\n<li data-start=\"817\" data-end=\"853\">\n<p data-start=\"820\" data-end=\"853\">Jordb\u00e6r Vandmelon Bublegummi<\/p>\n<\/li>\n<li data-start=\"854\" data-end=\"885\">\n<p data-start=\"857\" data-end=\"885\">Jordb\u00e6r Hindb\u00e6r Slik<\/p>\n<\/li>\n<li data-start=\"886\" data-end=\"908\">\n<p data-start=\"889\" data-end=\"908\">Strawberry Banana<\/p>\n<\/li>\n<li data-start=\"909\" data-end=\"930\">\n<p data-start=\"912\" data-end=\"930\">Jordb\u00e6r Mango<\/p>\n<\/li>\n<li data-start=\"931\" data-end=\"957\">\n<p data-start=\"934\" data-end=\"957\">Fersken Mango Ananas<\/p>\n<\/li>\n<li data-start=\"958\" data-end=\"977\">\n<p data-start=\"961\" data-end=\"977\">Watermelon Ice<\/p>\n<\/li>\n<li data-start=\"978\" data-end=\"995\">\n<p data-start=\"981\" data-end=\"995\">Triple Mango<\/p>\n<\/li>\n<li data-start=\"996\" data-end=\"1012\">\n<p data-start=\"1000\" data-end=\"1012\">Cherry Ice<\/p>\n<\/li>\n<li data-start=\"1013\" data-end=\"1041\">\n<p data-start=\"1017\" data-end=\"1041\">Passionsfrugt Melon Is<\/p>\n<\/li>\n<li data-start=\"1042\" data-end=\"1071\">\n<p data-start=\"1046\" data-end=\"1071\">Kiwi Passionsfrugt Guava<\/p>\n<\/li>\n<li data-start=\"1072\" data-end=\"1092\">\n<p data-start=\"1076\" data-end=\"1092\">Jordb\u00e6r Is<\/p>\n<\/li>\n<li data-start=\"1093\" data-end=\"1108\">\n<p data-start=\"1097\" data-end=\"1108\">Fersken Is<\/p>\n<\/li>\n<li data-start=\"1109\" data-end=\"1133\">\n<p data-start=\"1113\" data-end=\"1133\">Bl\u00e5 Razz Lemonade<\/p>\n<\/li>\n<li data-start=\"1134\" data-end=\"1155\">\n<p data-start=\"1138\" data-end=\"1155\">Jordb\u00e6r Kiwi<\/p>\n<\/li>\n<li data-start=\"1156\" data-end=\"1174\">\n<p data-start=\"1160\" data-end=\"1174\">Energidrik<\/p>\n<\/li>\n<li data-start=\"1175\" data-end=\"1192\">\n<p data-start=\"1179\" data-end=\"1192\">Kirseb\u00e6r Cola<\/p>\n<\/li>\n<\/ol>\n<p data-start=\"1194\" data-end=\"1313\">Disse muligheder d\u00e6kker et bredt spektrum af pr\u00e6ferencer, fra friske og iskolde til s\u00f8de, tropiske og drikke-inspirerede profiler.<\/p>\n<h3 data-start=\"1315\" data-end=\"1349\">Kerne-specifikationer ved f\u00f8rste \u00f8jekast<\/h3>\n<div class=\"TyagGW_tableContainer\">\n<div class=\"group TyagGW_tableWrapper flex flex-col-reverse w-fit\" tabindex=\"-1\">\n<table class=\"w-fit min-w-(--thread-content-width)\" data-start=\"1351\" data-end=\"1569\">\n<thead data-start=\"1351\" data-end=\"1372\">\n<tr data-start=\"1351\" data-end=\"1372\">\n<th data-start=\"1351\" data-end=\"1361\" data-col-size=\"sm\">Funktion<\/th>\n<th data-start=\"1361\" data-end=\"1372\" data-col-size=\"sm\">Detaljer<\/th>\n<\/tr>\n<\/thead>\n<tbody data-start=\"1391\" data-end=\"1569\">\n<tr data-start=\"1391\" data-end=\"1419\">\n<td data-start=\"1391\" data-end=\"1404\" data-col-size=\"sm\">Puffantal<\/td>\n<td data-start=\"1404\" data-end=\"1419\" data-col-size=\"sm\">7000+ puffs<\/td>\n<\/tr>\n<tr data-start=\"1420\" data-end=\"1449\">\n<td data-start=\"1420\" data-end=\"1440\" data-col-size=\"sm\">E-v\u00e6ske kapacitet<\/td>\n<td data-start=\"1440\" data-end=\"1449\" data-col-size=\"sm\">14 mL<\/td>\n<\/tr>\n<tr data-start=\"1450\" data-end=\"1491\">\n<td data-start=\"1450\" data-end=\"1470\" data-col-size=\"sm\">Nikotinstyrke<\/td>\n<td data-start=\"1470\" data-end=\"1491\" data-col-size=\"sm\">0% \/ 2% \/ 3% \/ 5%<\/td>\n<\/tr>\n<tr data-start=\"1492\" data-end=\"1513\">\n<td data-start=\"1492\" data-end=\"1502\" data-col-size=\"sm\">Batteri<\/td>\n<td data-start=\"1502\" data-end=\"1513\" data-col-size=\"sm\">650 mAh<\/td>\n<\/tr>\n<tr data-start=\"1514\" data-end=\"1540\">\n<td data-start=\"1514\" data-end=\"1530\" data-col-size=\"sm\">Opladningsport<\/td>\n<td data-start=\"1530\" data-end=\"1540\" data-col-size=\"sm\">Type-C<\/td>\n<\/tr>\n<tr data-start=\"1541\" data-end=\"1569\">\n<td data-start=\"1541\" data-end=\"1548\" data-col-size=\"sm\">Coil<\/td>\n<td data-start=\"1548\" data-end=\"1569\" data-col-size=\"sm\">1.0 ohm mesh coil<\/td>\n<\/tr>\n<\/tbody>\n<\/table>\n<\/div>\n<\/div>\n<h3 data-start=\"1571\" data-end=\"1616\">Designet til glat og stabil ydeevne<\/h3>\n<h4 data-start=\"1618\" data-end=\"1642\">Mesh Coil Oplevelse<\/h4>\n<p data-start=\"1643\" data-end=\"1796\">Den 1.0 ohm mesh coil opvarmes j\u00e6vnt og effektivt. Den fremh\u00e6ver lagdelte smagsnuancer, mens den holder dampen glat og konsistent, selv under l\u00e6ngere sessioner.<\/p>\n<h4 data-start=\"1798\" data-end=\"1837\">P\u00e5lidelig batteri med hurtig opladning<\/h4>\n<p data-start=\"1838\" data-end=\"1982\">Et 650 mAh batteri underst\u00f8tter forl\u00e6nget brug og oplades hurtigt gennem en Type-C port, hvilket reducerer nedetid og holder enheden klar, n\u00e5r den er n\u00f8dvendig.<\/p>\n<h4 data-start=\"1984\" data-end=\"2015\">Stor kapacitet til lang brug<\/h4>\n<p data-start=\"2016\" data-end=\"2163\">Med 14 mL vape juice og over 7000 puffs reducerer enheden behovet for hyppige udskiftninger, hvilket g\u00f8r den velegnet til rejser og daglig transport.<\/p>\n<\/div>\n<\/div>\n<\/div>\n<\/div>\n<\/div>\n<\/div>\n<\/div>\n<\/div>\n<\/div>\n<\/div>\n<\/div>\n<\/div>\n<\/div>\n<\/div>\n<\/div>\n<\/div>\n<\/div>\n<\/div>\n<\/div>\n<\/div>\n<\/div>\n<\/div>\n<\/div>\n<\/div>\n<\/div>\n<\/div>\n<\/div>\n<\/div>\n<\/div>\n<\/div>\n<\/div>\n<\/div>\n<\/div>\n<\/div>\n<\/div>\n<\/div>\n<\/div>\n<\/div>\n<\/div>\n<\/div>\n<\/div>\n<\/div>\n<\/div>\n<\/div>\n<\/div>\n<\/div>","protected":false},"excerpt":{"rendered":"<div data-page-id=\"RAopf2sw9dtvw4cWYXpcTwo0n8g\" data-lark-html-role=\"root\" data-docx-has-block-data=\"false\">\n<div class=\"ace-line ace-line old-record-id-Uju9f3RXYd8dh2crAJbcBF3Un6M\">VAPME CRYSTAL 7000 Puffs leverer langvarig ydeevne med en kapacitet p\u00e5 14 mL e-v\u00e6ske, en glat 1,0 ohm mesh-coil og op til 7000 puffs. Flere nikotinstyrker og forskellige smagsvarianter g\u00f8r det til et p\u00e5lideligt valg til daglig vaping.<\/div>\n<\/div>","protected":false},"featured_media":4246,"comment_status":"open","ping_status":"closed","template":"","meta":{"_acf_changed":false,"inline_featured_image":false,"_sitemap_exclude":false,"_sitemap_priority":"","_sitemap_frequency":""},"product_brand":[96],"product_cat":[81],"product_tag":[],"class_list":{"0":"post-4235","1":"product","2":"type-product","3":"status-publish","4":"has-post-thumbnail","6":"product_brand-vapme","7":"product_cat-vapme-puff","9":"first","10":"instock","11":"sale","12":"shipping-taxable","13":"purchasable","14":"product-type-variable","15":"has-default-attributes"},"acf":[],"tiered_pricing_type":"fixed","tiered_pricing_fixed_rules":{"30":6.25,"60":5.79,"100":5.35,"200":4.99},"tiered_pricing_product_settings":{"layout":"default","base_unit_name":{"singular":null,"plural":null},"default_variation":null},"tiered_pricing_minimum_quantity":10,"tiered_pricing_roles_data":[],"tiered_pricing_percentage_rules":[],"tiered_pricing_maximum_quantity":null,"tiered_pricing_quantity_step":"10","_links":{"self":[{"href":"https:\/\/oiovape.com\/da\/wp-json\/wp\/v2\/product\/4235","targetHints":{"allow":["GET"]}}],"collection":[{"href":"https:\/\/oiovape.com\/da\/wp-json\/wp\/v2\/product"}],"about":[{"href":"https:\/\/oiovape.com\/da\/wp-json\/wp\/v2\/types\/product"}],"replies":[{"embeddable":true,"href":"https:\/\/oiovape.com\/da\/wp-json\/wp\/v2\/comments?post=4235"}],"version-history":[{"count":0,"href":"https:\/\/oiovape.com\/da\/wp-json\/wp\/v2\/product\/4235\/revisions"}],"wp:featuredmedia":[{"embeddable":true,"href":"https:\/\/oiovape.com\/da\/wp-json\/wp\/v2\/media\/4246"}],"wp:attachment":[{"href":"https:\/\/oiovape.com\/da\/wp-json\/wp\/v2\/media?parent=4235"}],"wp:term":[{"taxonomy":"product_brand","embeddable":true,"href":"https:\/\/oiovape.com\/da\/wp-json\/wp\/v2\/product_brand?post=4235"},{"taxonomy":"product_cat","embeddable":true,"href":"https:\/\/oiovape.com\/da\/wp-json\/wp\/v2\/product_cat?post=4235"},{"taxonomy":"product_tag","embeddable":true,"href":"https:\/\/oiovape.com\/da\/wp-json\/wp\/v2\/product_tag?post=4235"}],"curies":[{"name":"wp","href":"https:\/\/api.w.org\/{rel}","templated":true}]}}