{"id":5131,"date":"2026-01-15T08:21:21","date_gmt":"2026-01-15T08:21:21","guid":{"rendered":"https:\/\/oiovape.com\/?post_type=product&#038;p=5131"},"modified":"2026-04-13T14:10:50","modified_gmt":"2026-04-13T06:10:50","slug":"airmez-randm-tornado-25000-puffs","status":"publish","type":"product","link":"https:\/\/oiovape.com\/da\/product\/airmez-randm-tornado-25000-puffs\/","title":{"rendered":"Airmez RandM Tornado 25000 PUFFS 5% Nikotin Mesh Coil Genopladelig Engangselektronisk Cigaret"},"content":{"rendered":"<div data-page-id=\"ZVeMfq8uxd7y1ycuKm5cym4LnYd\" data-lark-html-role=\"root\" data-docx-has-block-data=\"false\">\n<div data-page-id=\"Fd41fZ5N9dzRQtcRNoVc2FuDnCh\" data-lark-html-role=\"root\" data-docx-has-block-data=\"true\">\n<div data-page-id=\"BdIJfeeijdk1eucGpS8cDCBBn5c\" data-lark-html-role=\"root\" data-docx-has-block-data=\"false\">\n<div data-page-id=\"Zbg9fWx77dUuh2cIYpic25c8nyd\" data-lark-html-role=\"root\" data-docx-has-block-data=\"false\">\n<div data-page-id=\"KaIvfiurhdlCKdc0kyxcX64cnE6\" data-lark-html-role=\"root\" data-docx-has-block-data=\"true\">\n<div data-page-id=\"PbvFfqxqlddUTScRpEYcY5MHnpf\" data-lark-html-role=\"root\" data-docx-has-block-data=\"true\">\n<div data-page-id=\"GZO2f5JeudwY4jc9iJtcdk9Hnxh\" data-lark-html-role=\"root\" data-docx-has-block-data=\"false\">\n<div data-page-id=\"EZVRf2acFduXLGcseZFc4qH2n6e\" data-lark-html-role=\"root\" data-docx-has-block-data=\"false\">\n<div data-page-id=\"B8rHfcqlqdzmH5cCWCncz17Cntb\" data-lark-html-role=\"root\" data-docx-has-block-data=\"false\">\n<div data-page-id=\"B8rHfcqlqdzmH5cCWCncz17Cntb\" data-lark-html-role=\"root\" data-docx-has-block-data=\"false\">\n<div data-page-id=\"B8rHfcqlqdzmH5cCWCncz17Cntb\" data-lark-html-role=\"root\" data-docx-has-block-data=\"true\">\n<div data-page-id=\"HM70f1aoxdD0bMcxJZBcVc7ynZd\" data-lark-html-role=\"root\" data-docx-has-block-data=\"false\">\n<div data-page-id=\"NSrJfN7Ord22i0c1iwZcsF8yn8b\" data-lark-html-role=\"root\" data-docx-has-block-data=\"false\">\n<div data-page-id=\"RXEff4Mskds8o1cqL5HcGEtUnCh\" data-lark-html-role=\"root\" data-docx-has-block-data=\"false\">\n<div data-page-id=\"KJ7gfqkVndMSRJcMseScmvYwnTc\" data-lark-html-role=\"root\" data-docx-has-block-data=\"false\">\n<div class=\"ace-line ace-line old-record-id-QADAfETPudgmudc05YvcTO5fnxe\">\n<div data-page-id=\"KJ7gfqkVndMSRJcMseScmvYwnTc\" data-lark-html-role=\"root\" data-docx-has-block-data=\"false\">\n<div class=\"ace-line ace-line old-record-id-JoRkfpho8dOkiacEOascDyCOncb\">\n<div data-page-id=\"KJ7gfqkVndMSRJcMseScmvYwnTc\" data-lark-html-role=\"root\" data-docx-has-block-data=\"false\">\n<div data-page-id=\"Ju6ofQ3V4dGmePcVvJvc1gmcnZb\" data-lark-html-role=\"root\" data-docx-has-block-data=\"true\">\n<div data-page-id=\"PR9ife5PLdFabccbFgZcWgZOnTc\" data-lark-html-role=\"root\" data-docx-has-block-data=\"false\">\n<div data-page-id=\"INdrfOIGzdaenXcptrcc1BcznQc\" data-lark-html-role=\"root\" data-docx-has-block-data=\"false\">\n<div class=\"ace-line ace-line old-record-id-P0fIf4YaZdoGkbcxt5ackec2nnb\">\n<div data-page-id=\"INdrfOIGzdaenXcptrcc1BcznQc\" data-lark-html-role=\"root\" data-docx-has-block-data=\"false\">\n<div data-page-id=\"MAzCfUB73dMTQscm8eWcougVn1g\" data-lark-html-role=\"root\" data-docx-has-block-data=\"true\">\n<div data-page-id=\"AXfpf7H1odhDvGcKoUOcErN8nV7\" data-lark-html-role=\"root\" data-docx-has-block-data=\"false\">\n<div data-page-id=\"QYTKf5PvLdUNdbce2nBcW9yfnrh\" data-lark-html-role=\"root\" data-docx-has-block-data=\"false\">\n<div data-page-id=\"Pvu1f1CCBdxbjncA9pgcBTpanph\" data-lark-html-role=\"root\" data-docx-has-block-data=\"true\">\n<div data-page-id=\"Axf3fcmY8dDAhtcjVircBcphnPc\" data-lark-html-role=\"root\" data-docx-has-block-data=\"false\">\n<div data-page-id=\"KKj1f9SPmdLhhMc5E2AcNlLen6f\" data-lark-html-role=\"root\" data-docx-has-block-data=\"true\">\n<div data-page-id=\"Rx61fK1sJdXHjPcBuhZcweNhnwc\" data-lark-html-role=\"root\" data-docx-has-block-data=\"false\">\n<div data-page-id=\"L1H9fkG9Mdz45Fcy4WMc5VKXnRe\" data-lark-html-role=\"root\" data-docx-has-block-data=\"false\">\n<div data-page-id=\"L1H9fkG9Mdz45Fcy4WMc5VKXnRe\" data-lark-html-role=\"root\" data-docx-has-block-data=\"false\">\n<div data-page-id=\"D4XLfVBVrdE8mrcaYizczklLnaf\" data-lark-html-role=\"root\" data-docx-has-block-data=\"false\">\n<div data-page-id=\"WVcifIY44d5mhMcXtyEcTsfenGd\" data-lark-html-role=\"root\" data-docx-has-block-data=\"true\">\n<div data-page-id=\"LRknfa6Whd4DWCcUc0FcNKpJnyh\" data-lark-html-role=\"root\" data-docx-has-block-data=\"false\">\n<div data-page-id=\"LRknfa6Whd4DWCcUc0FcNKpJnyh\" data-lark-html-role=\"root\" data-docx-has-block-data=\"false\">\n<div data-page-id=\"XFRAfkcOEdRWh8cArQ2cJdyRnJf\" data-lark-html-role=\"root\" data-docx-has-block-data=\"true\">\n<div data-page-id=\"OQ3bfjnRddMTDGcC3ouc6xFKnWf\" data-lark-html-role=\"root\" data-docx-has-block-data=\"true\">\n<div data-page-id=\"J0iGfj1hEdjc4rcUdSmc4spMnmZ\" data-lark-html-role=\"root\" data-docx-has-block-data=\"false\">\n<div data-page-id=\"P1o7fFyNlduP8tcfZpQcagzbnIf\" data-lark-html-role=\"root\" data-docx-has-block-data=\"false\">\n<div class=\"ace-line ace-line old-record-id-P1o7fFyNlduP8tcfZpQcagzbnIf\">\n<div data-page-id=\"P1o7fFyNlduP8tcfZpQcagzbnIf\" data-lark-html-role=\"root\" data-docx-has-block-data=\"false\">\n<div data-page-id=\"U4iufW38SdttWKcTstMcTtHRnXc\" data-lark-html-role=\"root\" data-docx-has-block-data=\"true\">\n<div data-page-id=\"ONVMf7VTWddcFtcyATOchCJHnZb\" data-lark-html-role=\"root\" data-docx-has-block-data=\"true\">\n<div data-page-id=\"KoW2fSy0PdLHFlc5kSHcgvWMnYg\" data-lark-html-role=\"root\" data-docx-has-block-data=\"false\">\n<div data-page-id=\"KoW2fSy0PdLHFlc5kSHcgvWMnYg\" data-lark-html-role=\"root\" data-docx-has-block-data=\"false\">\n<div data-page-id=\"OLGhfzxC7d7EFIcLEj9cRT5ynZf\" data-lark-html-role=\"root\" data-docx-has-block-data=\"false\">\n<div data-page-id=\"DdnnfrLjzdqrFIc9Il9c7pA2noc\" data-lark-html-role=\"root\" data-docx-has-block-data=\"true\">\n<div data-page-id=\"KNzcf2o0oddkJOcztTVcqPdlnth\" data-lark-html-role=\"root\" data-docx-has-block-data=\"false\">\n<div data-page-id=\"LBU7fg5SEdkWhecGJoxca3xvnCe\" data-lark-html-role=\"root\" data-docx-has-block-data=\"false\">\n<div data-page-id=\"EB70fooS3d69bMcgWB7c5qb9n8g\" data-lark-html-role=\"root\" data-docx-has-block-data=\"false\">\n<h2 data-path-to-node=\"0\">Airmez RandM Tornado 25000 Puffs: Legenden vender tilbage, v\u00e6k din smagsknogle karneval<\/h2>\n<p data-path-to-node=\"1\">Udyret er fuldt v\u00e5gnet! Holder du stadig ud med hyppig opladning og kedelig, smagl\u00f8s traditionelle enheder? Det <b data-path-to-node=\"1\" data-index-in-node=\"125\">Airmez Tornado 25000<\/b> <strong>Puffs<\/strong> styrter ind p\u00e5 scenen, perfekt blander legendarisk ultimativ ydeevne med Airmez's topkvalitetskontrol. Med det ikoniske <b data-path-to-node=\"1\" data-index-in-node=\"281\">Street-Art Monkey<\/b> grafik og en forbl\u00f8ffende <b data-path-to-node=\"1\" data-index-in-node=\"324\">25ml jumbo tank<\/b>\u2014er dette virkelig bare en engangsvape? Nej, det er en modeerkl\u00e6ring lige i din h\u00e5nd!<\/p>\n<p data-path-to-node=\"2\">Drej bunden for \u00f8jeblikkeligt at l\u00e5se op for stigende kraft. Takket v\u00e6re dets unikke <b data-path-to-node=\"2\" data-index-in-node=\"71\">360\u00b0 panoramisk luftstr\u00f8msreguleringssystem<\/b>, vil du have et stramt, raffineret tr\u00e6k eller sp\u00e6ndingen ved at jage massive skyer? Du har fuld kontrol!<\/p>\n<p><img decoding=\"async\" class=\"alignnone wp-image-8248 size-full\" title=\"Airmez RandM Tornado 25K Vape\" src=\"https:\/\/oiovape.com\/wp-content\/uploads\/2026\/04\/Airmez-RandM-Tornado-25K-Vape.jpg\" alt=\"Airmez RandM Tornado 25K Vape\" width=\"1759\" height=\"733\" srcset=\"https:\/\/oiovape.com\/wp-content\/uploads\/2026\/04\/Airmez-RandM-Tornado-25K-Vape.jpg 1759w, https:\/\/oiovape.com\/wp-content\/uploads\/2026\/04\/Airmez-RandM-Tornado-25K-Vape-300x125.jpg 300w, https:\/\/oiovape.com\/wp-content\/uploads\/2026\/04\/Airmez-RandM-Tornado-25K-Vape-1024x427.jpg 1024w, https:\/\/oiovape.com\/wp-content\/uploads\/2026\/04\/Airmez-RandM-Tornado-25K-Vape-768x320.jpg 768w, https:\/\/oiovape.com\/wp-content\/uploads\/2026\/04\/Airmez-RandM-Tornado-25K-Vape-1536x640.jpg 1536w, https:\/\/oiovape.com\/wp-content\/uploads\/2026\/04\/Airmez-RandM-Tornado-25K-Vape-18x8.jpg 18w, https:\/\/oiovape.com\/wp-content\/uploads\/2026\/04\/Airmez-RandM-Tornado-25K-Vape-1200x500.jpg 1200w, https:\/\/oiovape.com\/wp-content\/uploads\/2026\/04\/Airmez-RandM-Tornado-25K-Vape-150x63.jpg 150w\" sizes=\"(max-width: 1759px) 100vw, 1759px\" \/><\/p>\n<h2 data-path-to-node=\"3\">\ud83d\udd25 Hardcore Core Features: Definerer den ultimative Vaping Experience<\/h2>\n<p data-path-to-node=\"4\">\ud83c\udf2a\ufe0f <b data-path-to-node=\"4\" data-index-in-node=\"4\">360\u00b0 trinl\u00f8s luftstr\u00f8msregulering:<\/b> Bekymrer du dig stadig om ikke at finde det rigtige tr\u00e6k? Pr\u00e6cisions-bundluftstr\u00f8mstyringssystemet er lige ved dine fingerspidser. Drej blot den nederste mekaniske ring for at finjustere dit luftindtag. Hvert \u00e5ndedrag matcher perfekt dit eksklusive rytme.<\/p>\n<p data-path-to-node=\"5\">\ud83d\udc35 <b data-path-to-node=\"5\" data-index-in-node=\"3\">Ikonisk Abe Collectible Design:<\/b> Tr\u00e6t af det samme gamle monotone udseende? Vi har bragt den globalt popul\u00e6re \u201cBored Ape\u201d stil gadekunst direkte til enheden! Hver smag svarer til en unik, ultra-cool abe grafik. At holde det handler ikke kun om vaping; det er et \u00f8jnefaldende modeaccessorie.<\/p>\n<p data-path-to-node=\"6\">\ud83d\udd0b <b data-path-to-node=\"6\" data-index-in-node=\"3\">850mAh st\u00e6rk kraft og Type-C hurtig opladning:<\/b> Bekymret altid om at l\u00f8be t\u00f8r for batteri n\u00e5r du er ude? Det 850mAh h\u00f8jtydende genopladelig batteri giver p\u00e5lidelig hele dagen udholdenhed. Kombineret med en lynhurtig Type-C port, kan du vende tilbage til fuld kraft p\u00e5 blot br\u00f8kdele af din tid. Hvem siger at stor kapacitet betyder at udholde ulejligheden ved et d\u00f8dt batteri?<\/p>\n<p data-path-to-node=\"7\">\ud83e\uddea <b data-path-to-node=\"7\" data-index-in-node=\"3\">25ML Jumbo kapacitet (massive 25000 Puffs):<\/b> For meget besv\u00e6r med at skifte enheder hyppigt? En fuld 25ml af premium forudfyldt e-v\u00e6ske l\u00e5ser op for en forbl\u00f8ffende 25.000 puffs af langvarig gl\u00e6de. Kombineret med avanceret <b data-path-to-node=\"7\" data-index-in-node=\"215\">Mesh Coil<\/b> teknologi, sikrer det, at fra det allerf\u00f8rste pust til det sidste, smagen forbliver lige s\u00e5 rig og bl\u00f8d som k\u00e6rlighed ved f\u00f8rste \u00f8jekast, uden nogen br\u00e6ndt smag!<\/p>\n<h3 data-path-to-node=\"8\">\u2699\ufe0f Core Device Specifications at a Glance<\/h3>\n<ul data-path-to-node=\"9\">\n<li>\n<p data-path-to-node=\"9,0,0\"><b data-path-to-node=\"9,0,0\" data-index-in-node=\"0\">Model:<\/b> Airmez Tornado 25000<\/p>\n<\/li>\n<li>\n<p data-path-to-node=\"9,1,0\"><b data-path-to-node=\"9,1,0\" data-index-in-node=\"0\">E-V\u00e6ske Kapacitet:<\/b> 25ml (Ekstra-stor pr\u00e6-fyldt)<\/p>\n<\/li>\n<li>\n<p data-path-to-node=\"9,2,0\"><b data-path-to-node=\"9,2,0\" data-index-in-node=\"0\">Batterikapacitet:<\/b> 850 mAh (Genopladelig hurtiglading underst\u00f8ttet)<\/p>\n<\/li>\n<li>\n<p data-path-to-node=\"9,3,0\"><b data-path-to-node=\"9,3,0\" data-index-in-node=\"0\">Opladningsport:<\/b> USB Type-C<\/p>\n<\/li>\n<li>\n<p data-path-to-node=\"9,4,0\"><b data-path-to-node=\"9,4,0\" data-index-in-node=\"0\">Luftflow-kontrol:<\/b> Bund 360\u00b0 trinl\u00f8s justerbar<\/p>\n<\/li>\n<li>\n<p data-path-to-node=\"9,5,0\"><b data-path-to-node=\"9,5,0\" data-index-in-node=\"0\">Kernkomponent:<\/b> 0.9\u03a9 Premium Mesh Coil<\/p>\n<\/li>\n<\/ul>\n<h3 data-path-to-node=\"10\">\ud83c\udf49 15 Himmelske smagsvarianter<\/h3>\n<ul data-path-to-node=\"11\">\n<li>\n<p data-path-to-node=\"11,0,0\">\ud83c\udf47\ud83e\uddca Grape Ice<\/p>\n<\/li>\n<li>\n<p data-path-to-node=\"11,1,0\">\ud83e\uded0\ud83e\uddca Blueberry On Ice<\/p>\n<\/li>\n<li>\n<p data-path-to-node=\"11,2,0\">\ud83c\udf53\ud83e\uddca Strawberry Ice<\/p>\n<\/li>\n<li>\n<p data-path-to-node=\"11,3,0\">\ud83c\udf49\ud83e\uddca Lush Ice<\/p>\n<\/li>\n<li>\n<p data-path-to-node=\"11,4,0\">\ud83c\udf51\ud83e\uddca Peach Ice<\/p>\n<\/li>\n<li>\n<p data-path-to-node=\"11,5,0\">\ud83c\udf51\ud83e\udd6d Peach Mango<\/p>\n<\/li>\n<li>\n<p data-path-to-node=\"11,6,0\">\ud83e\udd5d\ud83e\udd6d Kiwi Passion Fruit Guava<\/p>\n<\/li>\n<li>\n<p data-path-to-node=\"11,7,0\">\ud83c\udf53\ud83c\udf49 Strawberry Watermelon<\/p>\n<\/li>\n<li>\n<p data-path-to-node=\"11,8,0\">\ud83c\udf52 Classic Cherry<\/p>\n<\/li>\n<li>\n<p data-path-to-node=\"11,9,0\">\ud83c\udf4b Lemon &amp; Lime<\/p>\n<\/li>\n<li>\n<p data-path-to-node=\"11,10,0\">\ud83c\udf4f Sour Apple<\/p>\n<\/li>\n<li>\n<p data-path-to-node=\"11,11,0\">\ud83c\udf47\ud83c\udf53 Mixed Berries<\/p>\n<\/li>\n<li>\n<p data-path-to-node=\"11,12,0\">\ud83e\udd64 Berry Lemonade<\/p>\n<\/li>\n<li>\n<p data-path-to-node=\"11,13,0\">\ud83d\udc09\ud83e\uddca Dragon Fruit Ice<\/p>\n<\/li>\n<li>\n<p data-path-to-node=\"11,14,0\">\ud83e\uded0\ud83c\udf52 Triple Berry<\/p>\n<\/li>\n<\/ul>\n<h2 data-path-to-node=\"13\">\ud83e\udd14 Airmez RandM Tornado 25000 Puffs Sp\u00f8rgsm\u00e5l og svar: Alt hvad du gerne vil vide er lige her!<\/h2>\n<p data-path-to-node=\"14\"><b data-path-to-node=\"14\" data-index-in-node=\"0\">Sp\u00f8rgsm\u00e5l: Er 25000 puffs virkeligt? Hvor l\u00e6nge kan det faktisk holde?<\/b> <b data-path-to-node=\"14\" data-index-in-node=\"60\">A:<\/b> Absolut \u00e6gte! Ville vi virkelig pr\u00f8ve at narre dig med en lille kapacitet? Enheden er fyldt med imponerende 25ml forudfyldt e-v\u00e6ske. Afh\u00e6ngigt af din personlige dampningsfrekvens og varighed, er denne \u201cydelsesbest\u201d mere end nok til at f\u00f8lge dig i uger, s\u00e5 du helt kan sige farvel til besv\u00e6ret med hyppigt at k\u00f8be nye enheder!<\/p>\n<p data-path-to-node=\"15\"><b data-path-to-node=\"15\" data-index-in-node=\"0\">Sp: Hvad bruges rotationsringen i bunden til? Er det let at betjene?<\/b> <b data-path-to-node=\"15\" data-index-in-node=\"76\">A:<\/b> Det er din eksklusive \u201csmag-fjernbetjening\u201d! Gennem det nederste 360\u00b0 trinl\u00f8se luftstr\u00f8msreguleringssystem kan du kontrollere luftindtaget efter dit hjerte. Vil du have et stramt tr\u00e6k med et rigt halstr\u00e6f? Eller foretr\u00e6kker du den glatte, massive skyr\u00e6kke fra et direkte lungekast? Bare en blid drejning, og din dampningsstil skifter \u00f8jeblikkeligt.<\/p>\n<p data-path-to-node=\"16\"><b data-path-to-node=\"16\" data-index-in-node=\"0\">Sp: Vil der v\u00e6re en br\u00e6ndt smag, eller vil smagen falme mod slutningen?<\/b> <b data-path-to-node=\"16\" data-index-in-node=\"72\">A:<\/b> Hvordan kunne vi lade det ske? Vi har udstyret det med topklasses 0,9\u03a9 Mesh Coil-kerneteknik, der giver et st\u00f8rre og mere j\u00e6vnt opvarmningsomr\u00e5de. Dette betyder, at fra dit l\u00e6nge ventede f\u00f8rste tr\u00e6k til dit vedvarende sidste, vil dampproduktionen og smagens trov\u00e6rdighed forblive konsistent og ren helt til slutningen!<\/p>\n<p data-path-to-node=\"17\"><b data-path-to-node=\"17\" data-index-in-node=\"0\">Sp: Hvad hvis det l\u00f8ber t\u00f8r for str\u00f8m? Er opladningshastigheden hurtig nok?<\/b> <b data-path-to-node=\"17\" data-index-in-node=\"68\">A:<\/b> Genopliv til fuld sundhed, n\u00e5r som helst, hvor som helst! Siden af enheden har en mainstream Type-C hurtigopladningsport. S\u00e5 l\u00e6nge du har et kabel, er en br\u00f8kdel af din tid alt, hvad der skal til for at injicere fuld vitalitet tilbage i det kraftfulde 850mAh-batteri. Vi vil aldrig lade str\u00f8m blive en hindring for din l\u00e6kre nydelse.<\/p>\n<p data-path-to-node=\"18\"><b data-path-to-node=\"18\" data-index-in-node=\"0\">Sp: Hvor kan jeg k\u00f8be dette autentiske blockbuster-produkt?<\/b> <b data-path-to-node=\"18\" data-index-in-node=\"55\">A:<\/b> Kig bare efter OioVape! Som dit mest p\u00e5lidelige damparmatur lover vi at give dig en 100% officiel Airmez autenticitetsgaranti. Uanset om det er det mest trendy Bored Ape-design eller de mest eftertragtede himmelske smage, kan du f\u00e5 det hele gjort her p\u00e5 \u00e9t sted. T\u00f8v ikke l\u00e6ngere, skynd dig og v\u00e6lg din eksklusive \u201cbest\u201d og start dette smagsl\u00f8g-karneval!<\/p>\n<\/div>\n<\/div>\n<\/div>\n<\/div>\n<\/div>\n<\/div>\n<\/div>\n<\/div>\n<\/div>\n<\/div>\n<\/div>\n<\/div>\n<\/div>\n<\/div>\n<\/div>\n<\/div>\n<\/div>\n<\/div>\n<\/div>\n<\/div>\n<\/div>\n<\/div>\n<\/div>\n<\/div>\n<\/div>\n<\/div>\n<\/div>\n<\/div>\n<\/div>\n<\/div>\n<\/div>\n<\/div>\n<\/div>\n<\/div>\n<\/div>\n<\/div>\n<\/div>\n<\/div>\n<\/div>\n<\/div>\n<\/div>\n<\/div>\n<\/div>\n<\/div>\n<\/div>\n<\/div>\n<\/div>\n<\/div>\n<\/div>\n<\/div>\n<\/div>\n<\/div>","protected":false},"excerpt":{"rendered":"<div data-page-id=\"RAopf2sw9dtvw4cWYXpcTwo0n8g\" data-lark-html-role=\"root\" data-docx-has-block-data=\"false\">\n<div class=\"ace-line ace-line old-record-id-Uju9f3RXYd8dh2crAJbcBF3Un6M\">Airmez RandM Tornado 25000 Puffs tilbyder 15 levende smagsvarianter, fra frugtig Strawberry Watermelon til iskoldt Grape Ice. Den indeholder 25ml e-v\u00e6ske, en mesh-spole, Type-C-opladning og et 850mAh-batteri. Glat damp og langvarig nydelse g\u00f8r den perfekt for vape-elskere p\u00e5 farten.<\/div>\n<\/div>","protected":false},"featured_media":5143,"comment_status":"open","ping_status":"closed","template":"","meta":{"_acf_changed":false,"inline_featured_image":false,"_sitemap_exclude":false,"_sitemap_priority":"","_sitemap_frequency":""},"product_brand":[92],"product_cat":[86,239,263,229],"product_tag":[],"class_list":{"0":"post-5131","1":"product","2":"type-product","3":"status-publish","4":"has-post-thumbnail","6":"product_brand-airmez","7":"product_cat-airmez-puff","8":"product_cat-disposable-vape-collection","9":"product_cat-25k-puffs","10":"product_cat-ship-from-german","12":"first","13":"instock","14":"sale","15":"shipping-taxable","16":"purchasable","17":"product-type-variable","18":"has-default-attributes"},"acf":[],"tiered_pricing_type":"fixed","tiered_pricing_fixed_rules":{"30":7.97,"60":7.26,"100":6.88,"200":6.39},"tiered_pricing_product_settings":{"layout":"default","base_unit_name":{"singular":null,"plural":null},"default_variation":null},"tiered_pricing_minimum_quantity":10,"tiered_pricing_roles_data":[],"tiered_pricing_percentage_rules":[],"tiered_pricing_maximum_quantity":null,"tiered_pricing_quantity_step":"10","_links":{"self":[{"href":"https:\/\/oiovape.com\/da\/wp-json\/wp\/v2\/product\/5131","targetHints":{"allow":["GET"]}}],"collection":[{"href":"https:\/\/oiovape.com\/da\/wp-json\/wp\/v2\/product"}],"about":[{"href":"https:\/\/oiovape.com\/da\/wp-json\/wp\/v2\/types\/product"}],"replies":[{"embeddable":true,"href":"https:\/\/oiovape.com\/da\/wp-json\/wp\/v2\/comments?post=5131"}],"version-history":[{"count":3,"href":"https:\/\/oiovape.com\/da\/wp-json\/wp\/v2\/product\/5131\/revisions"}],"predecessor-version":[{"id":8250,"href":"https:\/\/oiovape.com\/da\/wp-json\/wp\/v2\/product\/5131\/revisions\/8250"}],"wp:featuredmedia":[{"embeddable":true,"href":"https:\/\/oiovape.com\/da\/wp-json\/wp\/v2\/media\/5143"}],"wp:attachment":[{"href":"https:\/\/oiovape.com\/da\/wp-json\/wp\/v2\/media?parent=5131"}],"wp:term":[{"taxonomy":"product_brand","embeddable":true,"href":"https:\/\/oiovape.com\/da\/wp-json\/wp\/v2\/product_brand?post=5131"},{"taxonomy":"product_cat","embeddable":true,"href":"https:\/\/oiovape.com\/da\/wp-json\/wp\/v2\/product_cat?post=5131"},{"taxonomy":"product_tag","embeddable":true,"href":"https:\/\/oiovape.com\/da\/wp-json\/wp\/v2\/product_tag?post=5131"}],"curies":[{"name":"wp","href":"https:\/\/api.w.org\/{rel}","templated":true}]}}