{"id":5214,"date":"2026-01-16T03:04:11","date_gmt":"2026-01-16T03:04:11","guid":{"rendered":"https:\/\/oiovape.com\/?post_type=product&#038;p=5214"},"modified":"2026-02-10T11:14:37","modified_gmt":"2026-02-10T03:14:37","slug":"airmez-fox-80000-puffs","status":"publish","type":"product","link":"https:\/\/oiovape.com\/da\/product\/airmez-fox-80000-puffs\/","title":{"rendered":"Airmez Fox 80000 PUFFS 2 I 1 Dobbelt Smag Genopladelig Engangs Elektronisk Cigarett Med Mesh Coil"},"content":{"rendered":"<div data-page-id=\"ZVeMfq8uxd7y1ycuKm5cym4LnYd\" data-lark-html-role=\"root\" data-docx-has-block-data=\"false\">\n<div data-page-id=\"Fd41fZ5N9dzRQtcRNoVc2FuDnCh\" data-lark-html-role=\"root\" data-docx-has-block-data=\"true\">\n<div data-page-id=\"BdIJfeeijdk1eucGpS8cDCBBn5c\" data-lark-html-role=\"root\" data-docx-has-block-data=\"false\">\n<div data-page-id=\"Zbg9fWx77dUuh2cIYpic25c8nyd\" data-lark-html-role=\"root\" data-docx-has-block-data=\"false\">\n<div data-page-id=\"KaIvfiurhdlCKdc0kyxcX64cnE6\" data-lark-html-role=\"root\" data-docx-has-block-data=\"true\">\n<div data-page-id=\"PbvFfqxqlddUTScRpEYcY5MHnpf\" data-lark-html-role=\"root\" data-docx-has-block-data=\"true\">\n<div data-page-id=\"GZO2f5JeudwY4jc9iJtcdk9Hnxh\" data-lark-html-role=\"root\" data-docx-has-block-data=\"false\">\n<div data-page-id=\"EZVRf2acFduXLGcseZFc4qH2n6e\" data-lark-html-role=\"root\" data-docx-has-block-data=\"false\">\n<div data-page-id=\"B8rHfcqlqdzmH5cCWCncz17Cntb\" data-lark-html-role=\"root\" data-docx-has-block-data=\"false\">\n<div data-page-id=\"B8rHfcqlqdzmH5cCWCncz17Cntb\" data-lark-html-role=\"root\" data-docx-has-block-data=\"false\">\n<div data-page-id=\"B8rHfcqlqdzmH5cCWCncz17Cntb\" data-lark-html-role=\"root\" data-docx-has-block-data=\"true\">\n<div data-page-id=\"HM70f1aoxdD0bMcxJZBcVc7ynZd\" data-lark-html-role=\"root\" data-docx-has-block-data=\"false\">\n<div data-page-id=\"NSrJfN7Ord22i0c1iwZcsF8yn8b\" data-lark-html-role=\"root\" data-docx-has-block-data=\"false\">\n<div data-page-id=\"RXEff4Mskds8o1cqL5HcGEtUnCh\" data-lark-html-role=\"root\" data-docx-has-block-data=\"false\">\n<div data-page-id=\"KJ7gfqkVndMSRJcMseScmvYwnTc\" data-lark-html-role=\"root\" data-docx-has-block-data=\"false\">\n<div class=\"ace-line ace-line old-record-id-QADAfETPudgmudc05YvcTO5fnxe\">\n<div data-page-id=\"KJ7gfqkVndMSRJcMseScmvYwnTc\" data-lark-html-role=\"root\" data-docx-has-block-data=\"false\">\n<div class=\"ace-line ace-line old-record-id-JoRkfpho8dOkiacEOascDyCOncb\">\n<div data-page-id=\"KJ7gfqkVndMSRJcMseScmvYwnTc\" data-lark-html-role=\"root\" data-docx-has-block-data=\"false\">\n<div data-page-id=\"Ju6ofQ3V4dGmePcVvJvc1gmcnZb\" data-lark-html-role=\"root\" data-docx-has-block-data=\"true\">\n<div data-page-id=\"PR9ife5PLdFabccbFgZcWgZOnTc\" data-lark-html-role=\"root\" data-docx-has-block-data=\"false\">\n<div data-page-id=\"INdrfOIGzdaenXcptrcc1BcznQc\" data-lark-html-role=\"root\" data-docx-has-block-data=\"false\">\n<div class=\"ace-line ace-line old-record-id-P0fIf4YaZdoGkbcxt5ackec2nnb\">\n<div data-page-id=\"INdrfOIGzdaenXcptrcc1BcznQc\" data-lark-html-role=\"root\" data-docx-has-block-data=\"false\">\n<div data-page-id=\"MAzCfUB73dMTQscm8eWcougVn1g\" data-lark-html-role=\"root\" data-docx-has-block-data=\"true\">\n<div data-page-id=\"AXfpf7H1odhDvGcKoUOcErN8nV7\" data-lark-html-role=\"root\" data-docx-has-block-data=\"false\">\n<div data-page-id=\"QYTKf5PvLdUNdbce2nBcW9yfnrh\" data-lark-html-role=\"root\" data-docx-has-block-data=\"false\">\n<div data-page-id=\"Pvu1f1CCBdxbjncA9pgcBTpanph\" data-lark-html-role=\"root\" data-docx-has-block-data=\"true\">\n<div data-page-id=\"Axf3fcmY8dDAhtcjVircBcphnPc\" data-lark-html-role=\"root\" data-docx-has-block-data=\"false\">\n<div data-page-id=\"KKj1f9SPmdLhhMc5E2AcNlLen6f\" data-lark-html-role=\"root\" data-docx-has-block-data=\"true\">\n<div data-page-id=\"Rx61fK1sJdXHjPcBuhZcweNhnwc\" data-lark-html-role=\"root\" data-docx-has-block-data=\"false\">\n<div data-page-id=\"L1H9fkG9Mdz45Fcy4WMc5VKXnRe\" data-lark-html-role=\"root\" data-docx-has-block-data=\"false\">\n<div data-page-id=\"L1H9fkG9Mdz45Fcy4WMc5VKXnRe\" data-lark-html-role=\"root\" data-docx-has-block-data=\"false\">\n<div data-page-id=\"D4XLfVBVrdE8mrcaYizczklLnaf\" data-lark-html-role=\"root\" data-docx-has-block-data=\"false\">\n<div data-page-id=\"WVcifIY44d5mhMcXtyEcTsfenGd\" data-lark-html-role=\"root\" data-docx-has-block-data=\"true\">\n<div data-page-id=\"LRknfa6Whd4DWCcUc0FcNKpJnyh\" data-lark-html-role=\"root\" data-docx-has-block-data=\"false\">\n<div data-page-id=\"LRknfa6Whd4DWCcUc0FcNKpJnyh\" data-lark-html-role=\"root\" data-docx-has-block-data=\"false\">\n<div data-page-id=\"XFRAfkcOEdRWh8cArQ2cJdyRnJf\" data-lark-html-role=\"root\" data-docx-has-block-data=\"true\">\n<div data-page-id=\"OQ3bfjnRddMTDGcC3ouc6xFKnWf\" data-lark-html-role=\"root\" data-docx-has-block-data=\"true\">\n<div data-page-id=\"J0iGfj1hEdjc4rcUdSmc4spMnmZ\" data-lark-html-role=\"root\" data-docx-has-block-data=\"false\">\n<div data-page-id=\"P1o7fFyNlduP8tcfZpQcagzbnIf\" data-lark-html-role=\"root\" data-docx-has-block-data=\"false\">\n<div class=\"ace-line ace-line old-record-id-P1o7fFyNlduP8tcfZpQcagzbnIf\">\n<div data-page-id=\"P1o7fFyNlduP8tcfZpQcagzbnIf\" data-lark-html-role=\"root\" data-docx-has-block-data=\"false\">\n<div data-page-id=\"U4iufW38SdttWKcTstMcTtHRnXc\" data-lark-html-role=\"root\" data-docx-has-block-data=\"true\">\n<div data-page-id=\"ONVMf7VTWddcFtcyATOchCJHnZb\" data-lark-html-role=\"root\" data-docx-has-block-data=\"true\">\n<div data-page-id=\"KoW2fSy0PdLHFlc5kSHcgvWMnYg\" data-lark-html-role=\"root\" data-docx-has-block-data=\"false\">\n<div data-page-id=\"KoW2fSy0PdLHFlc5kSHcgvWMnYg\" data-lark-html-role=\"root\" data-docx-has-block-data=\"false\">\n<div data-page-id=\"OLGhfzxC7d7EFIcLEj9cRT5ynZf\" data-lark-html-role=\"root\" data-docx-has-block-data=\"false\">\n<div data-page-id=\"DdnnfrLjzdqrFIc9Il9c7pA2noc\" data-lark-html-role=\"root\" data-docx-has-block-data=\"true\">\n<div data-page-id=\"KNzcf2o0oddkJOcztTVcqPdlnth\" data-lark-html-role=\"root\" data-docx-has-block-data=\"false\">\n<div data-page-id=\"LBU7fg5SEdkWhecGJoxca3xvnCe\" data-lark-html-role=\"root\" data-docx-has-block-data=\"false\">\n<div data-page-id=\"EB70fooS3d69bMcgWB7c5qb9n8g\" data-lark-html-role=\"root\" data-docx-has-block-data=\"false\">\n<div data-page-id=\"AogwfsZCadB6t0cAvF0cK4JLnvf\" data-lark-html-role=\"root\" data-docx-has-block-data=\"false\">\n<div data-page-id=\"AogwfsZCadB6t0cAvF0cK4JLnvf\" data-lark-html-role=\"root\" data-docx-has-block-data=\"false\">\n<div data-page-id=\"JMZIflNGddQuU0c5JZocSqlvnle\" data-lark-html-role=\"root\" data-docx-has-block-data=\"false\">\n<h2 class=\"heading-2 ace-line old-record-id-TvNtfmW8XdjQ56cMCVDcv7MDnYb\">Hvorfor v\u00e6lge Airmez Fox 80000 puffs?<\/h2>\n<div class=\"ace-line ace-line old-record-id-KjgFfktzTdnzuJcJG8JcCqlrnxd\">\n<p>Airmez Fox 80000 puffs samler alt, hvad dampere s\u00f8ger i en enhed: forskellige smagsmuligheder, langvarig brug, p\u00e5lidelig ydeevne og brugervenlige funktioner. Dens dobbelt-smagsdesign adskiller den fra andre enheder og tilbyder mere alsidighed og nydelse. Uanset om du er nybegynder, der s\u00f8ger en nem at bruge enhed, eller en erfaren damper, der s\u00f8ger nye smagsoplevelser, er Airmez Fox 80000 puffs et fantastisk valg.<\/p>\n<p><img decoding=\"async\" class=\"wp-image-5229 size-full\" title=\"Airmez FOX 80K banner\" src=\"https:\/\/oiovape.com\/wp-content\/uploads\/2026\/01\/Airmez-FOX-80K-banner.png\" alt=\"Airmez FOX 80K banner\" width=\"1400\" height=\"1980\" srcset=\"https:\/\/oiovape.com\/wp-content\/uploads\/2026\/01\/Airmez-FOX-80K-banner.png 1400w, https:\/\/oiovape.com\/wp-content\/uploads\/2026\/01\/Airmez-FOX-80K-banner-150x212.png 150w, https:\/\/oiovape.com\/wp-content\/uploads\/2026\/01\/Airmez-FOX-80K-banner-1200x1697.png 1200w, https:\/\/oiovape.com\/wp-content\/uploads\/2026\/01\/Airmez-FOX-80K-banner-212x300.png 212w, https:\/\/oiovape.com\/wp-content\/uploads\/2026\/01\/Airmez-FOX-80K-banner-724x1024.png 724w, https:\/\/oiovape.com\/wp-content\/uploads\/2026\/01\/Airmez-FOX-80K-banner-768x1086.png 768w, https:\/\/oiovape.com\/wp-content\/uploads\/2026\/01\/Airmez-FOX-80K-banner-1086x1536.png 1086w, https:\/\/oiovape.com\/wp-content\/uploads\/2026\/01\/Airmez-FOX-80K-banner-8x12.png 8w\" sizes=\"(max-width: 1400px) 100vw, 1400px\" \/><\/p>\n<div data-page-id=\"JMZIflNGddQuU0c5JZocSqlvnle\" data-lark-html-role=\"root\" data-docx-has-block-data=\"true\">\n<h3 class=\"heading-2 ace-line old-record-id-Fz4BfRZ8HdCgH7c8WYLc0jj0n0d\">Et regnbue af smagsvarianter: Dobbelt gl\u00e6de<\/h3>\n<div class=\"ace-line ace-line old-record-id-Cw7ZfDIDZd7ko3cUUG9cfy8gnhc\">Airmez Fox 80000 puffs tager smag til n\u00e6ste niveau med sit dobbelt-smagssetup. Hver enhed parrer to komplement\u00e6re smagsvarianter, s\u00e5 du kan skifte mellem eller nyde blandingen af dine yndlingsfrugter, iskolde eller syrlige noter. Nedenfor er den komplette liste over smagskombinationer, hver skabt til at levere en glat og autentisk smagsoplevelse:<\/div>\n<div>\n<table class=\"ace-table\" data-ace-table-col-widths=\"200;200\">\n<colgroup>\n<col width=\"200\" \/>\n<col width=\"200\" \/><\/colgroup>\n<thead>\n<tr>\n<th colspan=\"1\" rowspan=\"1\">\n<div class=\"ace-line ace-line old-record-id-JMmxfjSdudQ1nZc05GJcTARpnec\">Nr.<\/div>\n<\/th>\n<th colspan=\"1\" rowspan=\"1\">\n<div class=\"ace-line ace-line old-record-id-SPDPfLHkrdN2lictekAcnwEfnId\">Smagskombination<\/div>\n<\/th>\n<\/tr>\n<\/thead>\n<tbody>\n<tr>\n<td colspan=\"1\" rowspan=\"1\">\n<div class=\"ace-line ace-line old-record-id-QB3jfq1DIdbVYZcwCsOcXch0nvh\">1<\/div>\n<\/td>\n<td colspan=\"1\" rowspan=\"1\">\n<div class=\"ace-line ace-line old-record-id-QNsnfiZXKdk3m2ceS3sc3ubJnM5\">Jordb\u00e6r Vandmelon, Jordb\u00e6r Hindb\u00e6r<\/div>\n<\/td>\n<\/tr>\n<tr>\n<td colspan=\"1\" rowspan=\"1\">\n<div class=\"ace-line ace-line old-record-id-EdcifxqYydv9ricNKAMcLn6ZnBd\">2<\/div>\n<\/td>\n<td colspan=\"1\" rowspan=\"1\">\n<div class=\"ace-line ace-line old-record-id-KSYRfzgIsd5LFycOD32cfoK4nEf\">Bl\u00e5 Razz Lemonade, Bl\u00e5 Razz<\/div>\n<\/td>\n<\/tr>\n<tr>\n<td colspan=\"1\" rowspan=\"1\">\n<div class=\"ace-line ace-line old-record-id-IdyrfhlQSdwXHic3IDHcvjGXnhf\">3<\/div>\n<\/td>\n<td colspan=\"1\" rowspan=\"1\">\n<div class=\"ace-line ace-line old-record-id-SCUJfgu3AdOO6sctPLfc8VBrnab\">Bl\u00e5b\u00e6r P\u00e5 Is, Bl\u00e5b\u00e6r Hindb\u00e6r<\/div>\n<\/td>\n<\/tr>\n<tr>\n<td colspan=\"1\" rowspan=\"1\">\n<div class=\"ace-line ace-line old-record-id-MFpIfYgxzdXYX7cC30ZcHNvIntb\">4<\/div>\n<\/td>\n<td colspan=\"1\" rowspan=\"1\">\n<div class=\"ace-line ace-line old-record-id-Geuafsdx9dJYxccRNSscX1yvnxg\">Jordb\u00e6r Kiwi, Jordb\u00e6r Is<\/div>\n<\/td>\n<\/tr>\n<tr>\n<td colspan=\"1\" rowspan=\"1\">\n<div class=\"ace-line ace-line old-record-id-MWAvfAN2mdpQiwcbKwJcVxTKnye\">5<\/div>\n<\/td>\n<td colspan=\"1\" rowspan=\"1\">\n<div class=\"ace-line ace-line old-record-id-PLh7fO45LdlJBgcxUfYcRHH0n7d\">Vandmelon Is, Hindb\u00e6r Vandmelon<\/div>\n<\/td>\n<\/tr>\n<tr>\n<td colspan=\"1\" rowspan=\"1\">\n<div class=\"ace-line ace-line old-record-id-A3D5fTpAndAUdjcreUxcaa8wngc\">6<\/div>\n<\/td>\n<td colspan=\"1\" rowspan=\"1\">\n<div class=\"ace-line ace-line old-record-id-FwX4fMnZmdblnxc1B0hcNgPznJJ\">B\u00e6r Lemonade, Citron Lime<\/div>\n<\/td>\n<\/tr>\n<tr>\n<td colspan=\"1\" rowspan=\"1\">\n<div class=\"ace-line ace-line old-record-id-CdXJf9yNpdbaQycsqticstO5nWf\">7<\/div>\n<\/td>\n<td colspan=\"1\" rowspan=\"1\">\n<div class=\"ace-line ace-line old-record-id-MiyZfNNecdH8VHcTsUPcIkgXn5b\">Tropisk Frugt, K\u00e6rlighed 66<\/div>\n<\/td>\n<\/tr>\n<tr>\n<td colspan=\"1\" rowspan=\"1\">\n<div class=\"ace-line ace-line old-record-id-Nj1qfuzbkdRtoOcdgAaciu82n7c\">8<\/div>\n<\/td>\n<td colspan=\"1\" rowspan=\"1\">\n<div class=\"ace-line ace-line old-record-id-GExafn6qqdmjSGcuuRIc2jQcnpZ\">Fersken Is, Mango Fersken<\/div>\n<\/td>\n<\/tr>\n<tr>\n<td colspan=\"1\" rowspan=\"1\">\n<div class=\"ace-line ace-line old-record-id-HPzBfZ62kdPdyWcunYRcrH41ngd\">9<\/div>\n<\/td>\n<td colspan=\"1\" rowspan=\"1\">\n<div class=\"ace-line ace-line old-record-id-J6JVfWCGTdsJ6GcXQa3cpS29nLa\">Blandede B\u00e6r, Dr Blue<\/div>\n<\/td>\n<\/tr>\n<tr>\n<td colspan=\"1\" rowspan=\"1\">\n<div class=\"ace-line ace-line old-record-id-YriWfsqhedQ4OKcx9T6c32i5n1g\">10<\/div>\n<\/td>\n<td colspan=\"1\" rowspan=\"1\">\n<div class=\"ace-line ace-line old-record-id-Jh0Lf5RbgdTwE8cMV8Icei3mnCh\">Druer Is, Sort Is<\/div>\n<\/td>\n<\/tr>\n<\/tbody>\n<\/table>\n<\/div>\n<div class=\"ace-line ace-line old-record-id-PWiHfx0dmdR3TccSZjLcMsIvnOc\">Fra den s\u00f8de og saftige blanding af Jordb\u00e6r Vandmelon til det k\u00f8lige, forfriskende spark af Druer Is, im\u00f8dekommer hver smagskombination forskellige smagspr\u00e6ferencer. Uanset om du elsker frugtagtig s\u00f8dme, syrlig citrus eller isende friskhed, har Airmez Fox 80000 puffs noget for dig. \ud83c\udf53\ud83c\udf49\ud83c\udf4b<\/div>\n<h3 class=\"heading-2 ace-line old-record-id-PGvtf21BId1w4LcUlO9cMfOZnTg\">Premium funktioner for en overlegen dampeoplevelse<\/h3>\n<div class=\"ace-line ace-line old-record-id-E2DGfGZw5d8CQ9cyjVAczmlong4\">Udover sit imponerende smagsudvalg, har Airmez Fox 80000 puffs topklasse funktioner, der sikrer ensartet ydeevne og bekvemmelighed. Lad os bryde de vigtigste komponenter ned, der g\u00f8r denne enhed til en fremtr\u00e6dende:<\/div>\n<h4 class=\"heading-3 ace-line old-record-id-CZOofIHdYdZ7kBcq6WDcPrf7nFe\">Rummelig E-Liquid kapacitet for langvarig dampning<\/h4>\n<div class=\"ace-line ace-line old-record-id-FezcfFbG1dPcscc1PgJcJT02nJd\">Enheden leveres med 15ML*2 e-v\u00e6ske, hvilket giver rigelig kapacitet til at underst\u00f8tte op til 80.000 puffs. Det betyder, at du ikke beh\u00f8ver at bekymre dig om hyppige genopfyldninger eller at l\u00f8be t\u00f8r for din yndlingssmag midt i brugen. Det store e-v\u00e6ske reservoir sikrer en j\u00e6vn forsyning af smag fra det f\u00f8rste puff til det sidste. \ud83d\udce6<\/div>\n<h4 class=\"heading-3 ace-line old-record-id-H0dHfwQ9SdRRILcnE9sc1ZfWnad\">Mesh Coil for glat, rig damp<\/h4>\n<div class=\"ace-line ace-line old-record-id-ZFTlfc0hmd3md3cSY7sceR94nCc\">Udstyret med en h\u00f8j kvalitet mesh coil, leverer Airmez Fox 80000 puffs glat, t\u00e6t damp og forbedrer smagsintensiteten. Mesh coils varmer j\u00e6vnt, hvilket sikrer, at hvert puff b\u00e6rer hele dybden af smagsprofilen. De har ogs\u00e5 en l\u00e6ngere levetid sammenlignet med traditionelle coils, hvilket reducerer behovet for hyppige udskiftninger.<\/div>\n<h4 class=\"heading-3 ace-line old-record-id-PYI6fOkG7dnPSscXbTIc3bg5nMf\">Type-C port for hurtig, bekvem opladning<\/h4>\n<div class=\"ace-line ace-line old-record-id-ZLNqf8fd8dMBIWcf4lZcLW6Hnpd\">Enheden har en Type-C opladningsport, der tilbyder hurtig og problemfri opladning. Type-C kabler er bredt kompatible, s\u00e5 du nemt kan oplade din enhed ved hj\u00e6lp af en telefonoplader, powerbank eller b\u00e6rbar computer. Dette sikrer, at du hurtigt kan komme tilbage til dampning, n\u00e5r batteriet er lavt. \ud83d\udd0c<\/div>\n<h4 class=\"heading-3 ace-line old-record-id-IGUPf88Kcd6OHjcsAU3cfqDVngc\">650mAh batteri for p\u00e5lidelig ydeevne<\/h4>\n<div class=\"ace-line ace-line old-record-id-CbIjfgkD8dWDZuceGdZc24cUn3b\">Drevet af et 650mAh batteri, giver Airmez Fox 80000 puffs p\u00e5lidelig ydeevne hele dagen. Batteriet er designet til at h\u00e5ndtere det h\u00f8je puffantal, hvilket sikrer ensartet str\u00f8mlevering og dampproduktion. Du kan nyde forl\u00e6ngede dampesessioner uden at bekymre dig om pludselig batteriafbrydelse.<\/div>\n<\/div>\n<\/div>\n<\/div>\n<\/div>\n<\/div>\n<\/div>\n<\/div>\n<\/div>\n<\/div>\n<\/div>\n<\/div>\n<\/div>\n<\/div>\n<\/div>\n<\/div>\n<\/div>\n<\/div>\n<\/div>\n<\/div>\n<\/div>\n<\/div>\n<\/div>\n<\/div>\n<\/div>\n<\/div>\n<\/div>\n<\/div>\n<\/div>\n<\/div>\n<\/div>\n<\/div>\n<\/div>\n<\/div>\n<\/div>\n<\/div>\n<\/div>\n<\/div>\n<\/div>\n<\/div>\n<\/div>\n<\/div>\n<\/div>\n<\/div>\n<\/div>\n<\/div>\n<\/div>\n<\/div>\n<\/div>\n<\/div>\n<\/div>\n<\/div>\n<\/div>\n<\/div>\n<\/div>\n<\/div>\n<\/div>\n<\/div>","protected":false},"excerpt":{"rendered":"<div data-page-id=\"RAopf2sw9dtvw4cWYXpcTwo0n8g\" data-lark-html-role=\"root\" data-docx-has-block-data=\"false\">\n<div class=\"ace-line ace-line old-record-id-Uju9f3RXYd8dh2crAJbcBF3Un6M\">Airmez Fox 80000 Puffs tilbyder 10 dobbelt-smagskombinationer, fra frugtagtig jordb\u00e6r vandmelon til iskold drueis. Den indeholder 15ML*2 e-v\u00e6ske, en mesh-coil, Type-C opladning og et 650mAh batteri. Perfekt til dampere, der s\u00f8ger rige smagsoplevelser og langvarig, bekvem ydeevne.<\/div>\n<\/div>","protected":false},"featured_media":5230,"comment_status":"open","ping_status":"closed","template":"","meta":{"_acf_changed":false,"inline_featured_image":false,"_sitemap_exclude":false,"_sitemap_priority":"","_sitemap_frequency":""},"product_brand":[92],"product_cat":[86,239,245,229],"product_tag":[],"class_list":{"0":"post-5214","1":"product","2":"type-product","3":"status-publish","4":"has-post-thumbnail","6":"product_brand-airmez","7":"product_cat-airmez-puff","8":"product_cat-disposable-vape-collection","9":"product_cat-80k-puff","10":"product_cat-ship-from-german","12":"first","13":"instock","14":"sale","15":"shipping-taxable","16":"purchasable","17":"product-type-variable","18":"has-default-attributes"},"acf":[],"tiered_pricing_type":"fixed","tiered_pricing_fixed_rules":{"30":9.36,"60":8.35,"100":7.79,"200":7.39},"tiered_pricing_product_settings":{"layout":"default","base_unit_name":{"singular":null,"plural":null},"default_variation":null},"tiered_pricing_minimum_quantity":10,"tiered_pricing_roles_data":[],"tiered_pricing_percentage_rules":[],"tiered_pricing_maximum_quantity":null,"tiered_pricing_quantity_step":"10","_links":{"self":[{"href":"https:\/\/oiovape.com\/da\/wp-json\/wp\/v2\/product\/5214","targetHints":{"allow":["GET"]}}],"collection":[{"href":"https:\/\/oiovape.com\/da\/wp-json\/wp\/v2\/product"}],"about":[{"href":"https:\/\/oiovape.com\/da\/wp-json\/wp\/v2\/types\/product"}],"replies":[{"embeddable":true,"href":"https:\/\/oiovape.com\/da\/wp-json\/wp\/v2\/comments?post=5214"}],"version-history":[{"count":0,"href":"https:\/\/oiovape.com\/da\/wp-json\/wp\/v2\/product\/5214\/revisions"}],"wp:featuredmedia":[{"embeddable":true,"href":"https:\/\/oiovape.com\/da\/wp-json\/wp\/v2\/media\/5230"}],"wp:attachment":[{"href":"https:\/\/oiovape.com\/da\/wp-json\/wp\/v2\/media?parent=5214"}],"wp:term":[{"taxonomy":"product_brand","embeddable":true,"href":"https:\/\/oiovape.com\/da\/wp-json\/wp\/v2\/product_brand?post=5214"},{"taxonomy":"product_cat","embeddable":true,"href":"https:\/\/oiovape.com\/da\/wp-json\/wp\/v2\/product_cat?post=5214"},{"taxonomy":"product_tag","embeddable":true,"href":"https:\/\/oiovape.com\/da\/wp-json\/wp\/v2\/product_tag?post=5214"}],"curies":[{"name":"wp","href":"https:\/\/api.w.org\/{rel}","templated":true}]}}