{"id":5325,"date":"2026-01-17T03:21:58","date_gmt":"2026-01-17T03:21:58","guid":{"rendered":"https:\/\/oiovape.com\/?post_type=product&#038;p=5325"},"modified":"2026-01-26T10:47:32","modified_gmt":"2026-01-26T02:47:32","slug":"elf-world-i15-pro-12000-puffs","status":"publish","type":"product","link":"https:\/\/oiovape.com\/da\/product\/elf-world-i15-pro-12000-puffs\/","title":{"rendered":"Elf World i15 Pro 12000 PUFFS 0%-5% Nikotin Digitalt Display Sk\u00e6rm Vape Med Luftstr\u00f8m Justerbar"},"content":{"rendered":"<div data-page-id=\"ZVeMfq8uxd7y1ycuKm5cym4LnYd\" data-lark-html-role=\"root\" data-docx-has-block-data=\"false\">\n<div data-page-id=\"Fd41fZ5N9dzRQtcRNoVc2FuDnCh\" data-lark-html-role=\"root\" data-docx-has-block-data=\"true\">\n<div data-page-id=\"BdIJfeeijdk1eucGpS8cDCBBn5c\" data-lark-html-role=\"root\" data-docx-has-block-data=\"false\">\n<div data-page-id=\"Zbg9fWx77dUuh2cIYpic25c8nyd\" data-lark-html-role=\"root\" data-docx-has-block-data=\"false\">\n<div data-page-id=\"KaIvfiurhdlCKdc0kyxcX64cnE6\" data-lark-html-role=\"root\" data-docx-has-block-data=\"true\">\n<div data-page-id=\"PbvFfqxqlddUTScRpEYcY5MHnpf\" data-lark-html-role=\"root\" data-docx-has-block-data=\"true\">\n<div data-page-id=\"GZO2f5JeudwY4jc9iJtcdk9Hnxh\" data-lark-html-role=\"root\" data-docx-has-block-data=\"false\">\n<div data-page-id=\"EZVRf2acFduXLGcseZFc4qH2n6e\" data-lark-html-role=\"root\" data-docx-has-block-data=\"false\">\n<div data-page-id=\"B8rHfcqlqdzmH5cCWCncz17Cntb\" data-lark-html-role=\"root\" data-docx-has-block-data=\"false\">\n<div data-page-id=\"B8rHfcqlqdzmH5cCWCncz17Cntb\" data-lark-html-role=\"root\" data-docx-has-block-data=\"false\">\n<div data-page-id=\"B8rHfcqlqdzmH5cCWCncz17Cntb\" data-lark-html-role=\"root\" data-docx-has-block-data=\"true\">\n<div data-page-id=\"HM70f1aoxdD0bMcxJZBcVc7ynZd\" data-lark-html-role=\"root\" data-docx-has-block-data=\"false\">\n<div data-page-id=\"NSrJfN7Ord22i0c1iwZcsF8yn8b\" data-lark-html-role=\"root\" data-docx-has-block-data=\"false\">\n<div data-page-id=\"RXEff4Mskds8o1cqL5HcGEtUnCh\" data-lark-html-role=\"root\" data-docx-has-block-data=\"false\">\n<div data-page-id=\"KJ7gfqkVndMSRJcMseScmvYwnTc\" data-lark-html-role=\"root\" data-docx-has-block-data=\"false\">\n<div class=\"ace-line ace-line old-record-id-QADAfETPudgmudc05YvcTO5fnxe\">\n<div data-page-id=\"KJ7gfqkVndMSRJcMseScmvYwnTc\" data-lark-html-role=\"root\" data-docx-has-block-data=\"false\">\n<div class=\"ace-line ace-line old-record-id-JoRkfpho8dOkiacEOascDyCOncb\">\n<div data-page-id=\"KJ7gfqkVndMSRJcMseScmvYwnTc\" data-lark-html-role=\"root\" data-docx-has-block-data=\"false\">\n<div data-page-id=\"Ju6ofQ3V4dGmePcVvJvc1gmcnZb\" data-lark-html-role=\"root\" data-docx-has-block-data=\"true\">\n<div data-page-id=\"PR9ife5PLdFabccbFgZcWgZOnTc\" data-lark-html-role=\"root\" data-docx-has-block-data=\"false\">\n<div data-page-id=\"INdrfOIGzdaenXcptrcc1BcznQc\" data-lark-html-role=\"root\" data-docx-has-block-data=\"false\">\n<div class=\"ace-line ace-line old-record-id-P0fIf4YaZdoGkbcxt5ackec2nnb\">\n<div data-page-id=\"INdrfOIGzdaenXcptrcc1BcznQc\" data-lark-html-role=\"root\" data-docx-has-block-data=\"false\">\n<div data-page-id=\"MAzCfUB73dMTQscm8eWcougVn1g\" data-lark-html-role=\"root\" data-docx-has-block-data=\"true\">\n<div data-page-id=\"AXfpf7H1odhDvGcKoUOcErN8nV7\" data-lark-html-role=\"root\" data-docx-has-block-data=\"false\">\n<div data-page-id=\"QYTKf5PvLdUNdbce2nBcW9yfnrh\" data-lark-html-role=\"root\" data-docx-has-block-data=\"false\">\n<div data-page-id=\"Pvu1f1CCBdxbjncA9pgcBTpanph\" data-lark-html-role=\"root\" data-docx-has-block-data=\"true\">\n<div data-page-id=\"Axf3fcmY8dDAhtcjVircBcphnPc\" data-lark-html-role=\"root\" data-docx-has-block-data=\"false\">\n<div data-page-id=\"KKj1f9SPmdLhhMc5E2AcNlLen6f\" data-lark-html-role=\"root\" data-docx-has-block-data=\"true\">\n<div data-page-id=\"Rx61fK1sJdXHjPcBuhZcweNhnwc\" data-lark-html-role=\"root\" data-docx-has-block-data=\"false\">\n<div data-page-id=\"L1H9fkG9Mdz45Fcy4WMc5VKXnRe\" data-lark-html-role=\"root\" data-docx-has-block-data=\"false\">\n<div data-page-id=\"L1H9fkG9Mdz45Fcy4WMc5VKXnRe\" data-lark-html-role=\"root\" data-docx-has-block-data=\"false\">\n<div data-page-id=\"D4XLfVBVrdE8mrcaYizczklLnaf\" data-lark-html-role=\"root\" data-docx-has-block-data=\"false\">\n<div data-page-id=\"WVcifIY44d5mhMcXtyEcTsfenGd\" data-lark-html-role=\"root\" data-docx-has-block-data=\"true\">\n<div data-page-id=\"LRknfa6Whd4DWCcUc0FcNKpJnyh\" data-lark-html-role=\"root\" data-docx-has-block-data=\"false\">\n<div data-page-id=\"LRknfa6Whd4DWCcUc0FcNKpJnyh\" data-lark-html-role=\"root\" data-docx-has-block-data=\"false\">\n<div data-page-id=\"XFRAfkcOEdRWh8cArQ2cJdyRnJf\" data-lark-html-role=\"root\" data-docx-has-block-data=\"true\">\n<div data-page-id=\"OQ3bfjnRddMTDGcC3ouc6xFKnWf\" data-lark-html-role=\"root\" data-docx-has-block-data=\"true\">\n<div data-page-id=\"J0iGfj1hEdjc4rcUdSmc4spMnmZ\" data-lark-html-role=\"root\" data-docx-has-block-data=\"false\">\n<div data-page-id=\"P1o7fFyNlduP8tcfZpQcagzbnIf\" data-lark-html-role=\"root\" data-docx-has-block-data=\"false\">\n<div class=\"ace-line ace-line old-record-id-P1o7fFyNlduP8tcfZpQcagzbnIf\">\n<div data-page-id=\"P1o7fFyNlduP8tcfZpQcagzbnIf\" data-lark-html-role=\"root\" data-docx-has-block-data=\"false\">\n<div data-page-id=\"U4iufW38SdttWKcTstMcTtHRnXc\" data-lark-html-role=\"root\" data-docx-has-block-data=\"true\">\n<div data-page-id=\"ONVMf7VTWddcFtcyATOchCJHnZb\" data-lark-html-role=\"root\" data-docx-has-block-data=\"true\">\n<div data-page-id=\"KoW2fSy0PdLHFlc5kSHcgvWMnYg\" data-lark-html-role=\"root\" data-docx-has-block-data=\"false\">\n<div data-page-id=\"KoW2fSy0PdLHFlc5kSHcgvWMnYg\" data-lark-html-role=\"root\" data-docx-has-block-data=\"false\">\n<div data-page-id=\"OLGhfzxC7d7EFIcLEj9cRT5ynZf\" data-lark-html-role=\"root\" data-docx-has-block-data=\"false\">\n<div data-page-id=\"DdnnfrLjzdqrFIc9Il9c7pA2noc\" data-lark-html-role=\"root\" data-docx-has-block-data=\"true\">\n<div data-page-id=\"KNzcf2o0oddkJOcztTVcqPdlnth\" data-lark-html-role=\"root\" data-docx-has-block-data=\"false\">\n<div data-page-id=\"LBU7fg5SEdkWhecGJoxca3xvnCe\" data-lark-html-role=\"root\" data-docx-has-block-data=\"false\">\n<div data-page-id=\"EB70fooS3d69bMcgWB7c5qb9n8g\" data-lark-html-role=\"root\" data-docx-has-block-data=\"false\">\n<div data-page-id=\"AogwfsZCadB6t0cAvF0cK4JLnvf\" data-lark-html-role=\"root\" data-docx-has-block-data=\"false\">\n<div data-page-id=\"AogwfsZCadB6t0cAvF0cK4JLnvf\" data-lark-html-role=\"root\" data-docx-has-block-data=\"false\">\n<div data-page-id=\"JMZIflNGddQuU0c5JZocSqlvnle\" data-lark-html-role=\"root\" data-docx-has-block-data=\"false\">\n<div data-page-id=\"JMZIflNGddQuU0c5JZocSqlvnle\" data-lark-html-role=\"root\" data-docx-has-block-data=\"true\">\n<div data-page-id=\"HtEafjjRIdPAlMc9zgYcsGy6nOe\" data-lark-html-role=\"root\" data-docx-has-block-data=\"false\">\n<h2 data-start=\"42\" data-end=\"92\">Elf World i15 Pro 12000 Puffs \u2014 Et N\u00e6rmere Kig<\/h2>\n<p data-start=\"93\" data-end=\"427\">Elf World i15 Pro er bygget til folk, der v\u00e6rds\u00e6tter konsistens og valg. Med op til 12.000 puffs, en klar digital sk\u00e6rm og justerbar luftstr\u00f8m, fokuserer den p\u00e5 daglig brug frem for prangende l\u00f8fter. Sig det klart: dette er en enhed designet til at holde, f\u00f8les stabil i h\u00e5nden, og leverer smag uden konstant besv\u00e6r.<\/p>\n<p data-start=\"429\" data-end=\"594\">Faktisk er det balancen, der f\u00f8rst st\u00e5r klart. Tr\u00e6kket er ikke for stramt, dampen er ikke overdreven, og enheden fors\u00f8ger ikke at genopfinde dampning \u2014 den forfiner det blot.<\/p>\n<p><img decoding=\"async\" class=\"wp-image-5328 size-full\" title=\"Elf world i15 PRO 12k puff plakat\" src=\"https:\/\/oiovape.com\/wp-content\/uploads\/2026\/01\/Elf-wold-i15-PRO-12k-puff-poster-scaled.jpg\" alt=\"Elf world i15 PRO 12k puff plakat\" width=\"2560\" height=\"1707\" srcset=\"https:\/\/oiovape.com\/wp-content\/uploads\/2026\/01\/Elf-wold-i15-PRO-12k-puff-poster-scaled.jpg 2560w, https:\/\/oiovape.com\/wp-content\/uploads\/2026\/01\/Elf-wold-i15-PRO-12k-puff-poster-scaled-150x100.jpg 150w, https:\/\/oiovape.com\/wp-content\/uploads\/2026\/01\/Elf-wold-i15-PRO-12k-puff-poster-scaled-1200x800.jpg 1200w, https:\/\/oiovape.com\/wp-content\/uploads\/2026\/01\/Elf-wold-i15-PRO-12k-puff-poster-300x200.jpg 300w, https:\/\/oiovape.com\/wp-content\/uploads\/2026\/01\/Elf-wold-i15-PRO-12k-puff-poster-1024x683.jpg 1024w, https:\/\/oiovape.com\/wp-content\/uploads\/2026\/01\/Elf-wold-i15-PRO-12k-puff-poster-768x512.jpg 768w, https:\/\/oiovape.com\/wp-content\/uploads\/2026\/01\/Elf-wold-i15-PRO-12k-puff-poster-1536x1024.jpg 1536w, https:\/\/oiovape.com\/wp-content\/uploads\/2026\/01\/Elf-wold-i15-PRO-12k-puff-poster-2048x1365.jpg 2048w, https:\/\/oiovape.com\/wp-content\/uploads\/2026\/01\/Elf-wold-i15-PRO-12k-puff-poster-18x12.jpg 18w\" sizes=\"(max-width: 2560px) 100vw, 2560px\" \/><\/p>\n<hr data-start=\"596\" data-end=\"599\" \/>\n<h2 data-start=\"601\" data-end=\"628\">Design &amp; Kernefunktioner<\/h2>\n<h3 data-start=\"629\" data-end=\"664\">Praktiske detaljer, der betyder noget<\/h3>\n<p data-start=\"665\" data-end=\"857\">Den integrerede digitale sk\u00e6rm giver hurtig feedback om batteri- og e-v\u00e6ske niveauer. Du beh\u00f8ver ikke at g\u00e6tte, hvorn\u00e5r det er tid til at oplade eller tage det roligt \u2014 alt forbliver synligt ved et hurtigt blik.<\/p>\n<p data-start=\"859\" data-end=\"1038\">Justering af luftstr\u00f8m g\u00f8r det muligt for brugerne at finjustere tr\u00e6kket. I de fleste tilf\u00e6lde fremh\u00e6ver en lidt l\u00f8sere luftstr\u00f8m frugtnoter, mens et strammere tr\u00e6k fungerer bedre til tobaks- eller cremede smagsvarianter.<\/p>\n<p data-start=\"1040\" data-end=\"1229\">Det genopladelige 600mAh batteri, parret med Type-C opladning, holder nedetiden kort. Med 18ml e-v\u00e6ske og en mesh-coil indeni, forbliver smagsleveringen j\u00e6vn fra det f\u00f8rste puff til det sidste.<\/p>\n<p data-start=\"1231\" data-end=\"1252\"><strong data-start=\"1231\" data-end=\"1250\">N\u00f8glepunkter:<\/strong><\/p>\n<ul data-start=\"1253\" data-end=\"1500\">\n<li data-start=\"1253\" data-end=\"1298\">\n<p data-start=\"1255\" data-end=\"1298\">\ud83d\udd0b Integreret 600mAh genopladeligt batteri<\/p>\n<\/li>\n<li data-start=\"1299\" data-end=\"1325\">\n<p data-start=\"1301\" data-end=\"1325\">\u26a1 Type-C hurtig opladning<\/p>\n<\/li>\n<li data-start=\"1326\" data-end=\"1355\">\n<p data-start=\"1328\" data-end=\"1355\">\ud83d\udcdf Digital sk\u00e6rm<\/p>\n<\/li>\n<li data-start=\"1356\" data-end=\"1389\">\n<p data-start=\"1358\" data-end=\"1389\">\ud83c\udf2c Justerbar luftstr\u00f8mskontrol<\/p>\n<\/li>\n<li data-start=\"1390\" data-end=\"1419\">\n<p data-start=\"1392\" data-end=\"1419\">\ud83e\uddea 18ml e-v\u00e6ske kapacitet<\/p>\n<\/li>\n<li data-start=\"1420\" data-end=\"1454\">\n<p data-start=\"1422\" data-end=\"1454\">\ud83d\udd25 Mesh-coil for stabil smag<\/p>\n<\/li>\n<li data-start=\"1455\" data-end=\"1500\">\n<p data-start=\"1457\" data-end=\"1500\">\ud83d\udca7 Nikotinsalt muligheder: 0%, 2%, 3%, eller 5%<\/p>\n<\/li>\n<\/ul>\n<hr data-start=\"1502\" data-end=\"1505\" \/>\n<h2 data-start=\"1507\" data-end=\"1528\">Smagsvalg<\/h2>\n<h3 data-start=\"1529\" data-end=\"1567\">Et bredt udvalg, fra frisk til rig<\/h3>\n<p data-start=\"1568\" data-end=\"1758\">Smagspreferencer er personlige, s\u00e5 i15 Pro serien sp\u00e6nder bredt snarere end smalt. Afh\u00e6ngigt af markedet er op til 10 smagsvarianter typisk tilg\u00e6ngelige pr. batch, trukket fra mulighederne nedenfor.<\/p>\n<div class=\"TyagGW_tableContainer\">\n<div class=\"group TyagGW_tableWrapper flex flex-col-reverse w-fit\" tabindex=\"-1\">\n<table class=\"w-fit min-w-(--thread-content-width)\" data-start=\"1760\" data-end=\"2151\">\n<thead data-start=\"1760\" data-end=\"1776\">\n<tr data-start=\"1760\" data-end=\"1776\">\n<th data-start=\"1760\" data-end=\"1766\" data-col-size=\"sm\">Nr.<\/th>\n<th data-start=\"1766\" data-end=\"1776\" data-col-size=\"sm\">Smag<\/th>\n<\/tr>\n<\/thead>\n<tbody data-start=\"1787\" data-end=\"2151\">\n<tr data-start=\"1787\" data-end=\"1809\">\n<td data-start=\"1787\" data-end=\"1791\" data-col-size=\"sm\">1<\/td>\n<td data-start=\"1791\" data-end=\"1809\" data-col-size=\"sm\">Vandmelon is<\/td>\n<\/tr>\n<tr data-start=\"1810\" data-end=\"1831\">\n<td data-start=\"1810\" data-end=\"1814\" data-col-size=\"sm\">2<\/td>\n<td data-start=\"1814\" data-end=\"1831\" data-col-size=\"sm\">Bl\u00e5 razz is<\/td>\n<\/tr>\n<tr data-start=\"1832\" data-end=\"1854\">\n<td data-start=\"1832\" data-end=\"1836\" data-col-size=\"sm\">3<\/td>\n<td data-start=\"1836\" data-end=\"1854\" data-col-size=\"sm\">Strawberry ice<\/td>\n<\/tr>\n<tr data-start=\"1855\" data-end=\"1884\">\n<td data-start=\"1855\" data-end=\"1859\" data-col-size=\"sm\">4<\/td>\n<td data-start=\"1859\" data-end=\"1884\" data-col-size=\"sm\">Vanilje casta tobak<\/td>\n<\/tr>\n<tr data-start=\"1885\" data-end=\"1911\">\n<td data-start=\"1885\" data-end=\"1889\" data-col-size=\"sm\">5<\/td>\n<td data-start=\"1889\" data-end=\"1911\" data-col-size=\"sm\">Dragefrugt b\u00e6r<\/td>\n<\/tr>\n<tr data-start=\"1912\" data-end=\"1932\">\n<td data-start=\"1912\" data-end=\"1916\" data-col-size=\"sm\">6<\/td>\n<td data-start=\"1916\" data-end=\"1932\" data-col-size=\"sm\">Sakura drue<\/td>\n<\/tr>\n<tr data-start=\"1933\" data-end=\"1952\">\n<td data-start=\"1933\" data-end=\"1937\" data-col-size=\"sm\">7<\/td>\n<td data-start=\"1937\" data-end=\"1952\" data-col-size=\"sm\">Fersken mango<\/td>\n<\/tr>\n<tr data-start=\"1953\" data-end=\"1974\">\n<td data-start=\"1953\" data-end=\"1957\" data-col-size=\"sm\">8<\/td>\n<td data-start=\"1957\" data-end=\"1974\" data-col-size=\"sm\">Slik regnbue<\/td>\n<\/tr>\n<tr data-start=\"1975\" data-end=\"1987\">\n<td data-start=\"1975\" data-end=\"1979\" data-col-size=\"sm\">9<\/td>\n<td data-start=\"1979\" data-end=\"1987\" data-col-size=\"sm\">Mynte<\/td>\n<\/tr>\n<tr data-start=\"1988\" data-end=\"2009\">\n<td data-start=\"1988\" data-end=\"1992\" data-col-size=\"sm\">10<\/td>\n<td data-start=\"1992\" data-end=\"2009\" data-col-size=\"sm\">Blandede b\u00e6r<\/td>\n<\/tr>\n<tr data-start=\"2010\" data-end=\"2039\">\n<td data-start=\"2010\" data-end=\"2014\" data-col-size=\"sm\">11<\/td>\n<td data-start=\"2014\" data-end=\"2039\" data-col-size=\"sm\">Vandmelon bubble gum<\/td>\n<\/tr>\n<tr data-start=\"2040\" data-end=\"2072\">\n<td data-start=\"2040\" data-end=\"2044\" data-col-size=\"sm\">12<\/td>\n<td data-start=\"2044\" data-end=\"2072\" data-col-size=\"sm\">Kiwi passionsfrugt guava<\/td>\n<\/tr>\n<tr data-start=\"2073\" data-end=\"2101\">\n<td data-start=\"2073\" data-end=\"2077\" data-col-size=\"sm\">13<\/td>\n<td data-start=\"2077\" data-end=\"2101\" data-col-size=\"sm\">Hindb\u00e6r vandmelon<\/td>\n<\/tr>\n<tr data-start=\"2102\" data-end=\"2122\">\n<td data-start=\"2102\" data-end=\"2106\" data-col-size=\"sm\">14<\/td>\n<td data-start=\"2106\" data-end=\"2122\" data-col-size=\"sm\">Dobbelt \u00e6ble<\/td>\n<\/tr>\n<tr data-start=\"2123\" data-end=\"2151\">\n<td data-start=\"2123\" data-end=\"2127\" data-col-size=\"sm\">15<\/td>\n<td data-start=\"2127\" data-end=\"2151\" data-col-size=\"sm\">Jordb\u00e6r is<\/td>\n<\/tr>\n<\/tbody>\n<\/table>\n<\/div>\n<\/div>\n<p data-start=\"2153\" data-end=\"2332\">\ud83c\udf53 Frugtagtige blandinger forbliver lyse og rene, uden at blive skarpe.<br data-start=\"2215\" data-end=\"2218\" \/>\ud83c\udf43 Mynte- og isprofiler f\u00f8les k\u00f8lige, men kontrollerede.<br data-start=\"2268\" data-end=\"2271\" \/>\ud83c\udf66 Cremede og tobaksnoter kommer igennem glattere, ikke tunge.<\/p>\n<p><img decoding=\"async\" class=\"wp-image-5331 size-full\" title=\"Elf world i15 PRO 12k smag\" src=\"https:\/\/oiovape.com\/wp-content\/uploads\/2026\/01\/Elf-world-i15-PRO-12k-flavor-scaled.jpg\" alt=\"Elf world i15 PRO 12k smag\" width=\"2560\" height=\"2560\" srcset=\"https:\/\/oiovape.com\/wp-content\/uploads\/2026\/01\/Elf-world-i15-PRO-12k-flavor-scaled.jpg 2560w, https:\/\/oiovape.com\/wp-content\/uploads\/2026\/01\/Elf-world-i15-PRO-12k-flavor-scaled-600x600.jpg 600w, https:\/\/oiovape.com\/wp-content\/uploads\/2026\/01\/Elf-world-i15-PRO-12k-flavor-150x150.jpg 150w, https:\/\/oiovape.com\/wp-content\/uploads\/2026\/01\/Elf-world-i15-PRO-12k-flavor-scaled-1200x1200.jpg 1200w, https:\/\/oiovape.com\/wp-content\/uploads\/2026\/01\/Elf-world-i15-PRO-12k-flavor-300x300.jpg 300w, https:\/\/oiovape.com\/wp-content\/uploads\/2026\/01\/Elf-world-i15-PRO-12k-flavor-1024x1024.jpg 1024w, https:\/\/oiovape.com\/wp-content\/uploads\/2026\/01\/Elf-world-i15-PRO-12k-flavor-768x768.jpg 768w, https:\/\/oiovape.com\/wp-content\/uploads\/2026\/01\/Elf-world-i15-PRO-12k-flavor-1536x1536.jpg 1536w, https:\/\/oiovape.com\/wp-content\/uploads\/2026\/01\/Elf-world-i15-PRO-12k-flavor-2048x2048.jpg 2048w, https:\/\/oiovape.com\/wp-content\/uploads\/2026\/01\/Elf-world-i15-PRO-12k-flavor-12x12.jpg 12w\" sizes=\"(max-width: 2560px) 100vw, 2560px\" \/><\/p>\n<hr data-start=\"2334\" data-end=\"2337\" \/>\n<h2 data-start=\"2339\" data-end=\"2363\">Daglig erfaring<\/h2>\n<h3 data-start=\"2364\" data-end=\"2395\">Hvordan det f\u00f8les at bruge<\/h3>\n<p data-start=\"2396\" data-end=\"2634\">I daglig brug holder i15 Pro tingene enkle. Mesh-coilen hj\u00e6lper med at undg\u00e5 pludselige smagsfald, og luftstr\u00f8mskontrollen g\u00f8r sm\u00e5 justeringer m\u00e6rkbare. Den passer til b\u00e5de korte sessioner og l\u00e6ngere str\u00e6k uden overophedning eller udtoning.<\/p>\n<p data-start=\"2636\" data-end=\"2782\">M\u00e5ske er den st\u00f8rste fordel forudsigelighed. Du ved, hvad du f\u00e5r hver gang, hvilket \u2014 n\u00e5r du t\u00e6nker over det \u2014 ofte er det, brugerne v\u00e6rds\u00e6tter mest.<\/p>\n<hr data-start=\"2784\" data-end=\"2787\" \/>\n<h2 data-start=\"2789\" data-end=\"2808\">Afsluttende tanker<\/h2>\n<p data-start=\"2809\" data-end=\"3130\">Elf World i15 Pro 12000 Puffs stoler ikke p\u00e5 overdrevne p\u00e5stande. I stedet tilbyder den stabil ydeevne, fleksible nikotinmuligheder og et smagsudvalg, der d\u00e6kker de fleste pr\u00e6ferencer. Den er m\u00e5ske ikke perfekt for alle, men for brugere, der s\u00f8ger en p\u00e5lidelig, funktionsrig engangsmodel, opfylder den de vigtige krav. \ud83d\ude42<\/p>\n<\/div>\n<\/div>\n<\/div>\n<\/div>\n<\/div>\n<\/div>\n<\/div>\n<\/div>\n<\/div>\n<\/div>\n<\/div>\n<\/div>\n<\/div>\n<\/div>\n<\/div>\n<\/div>\n<\/div>\n<\/div>\n<\/div>\n<\/div>\n<\/div>\n<\/div>\n<\/div>\n<\/div>\n<\/div>\n<\/div>\n<\/div>\n<\/div>\n<\/div>\n<\/div>\n<\/div>\n<\/div>\n<\/div>\n<\/div>\n<\/div>\n<\/div>\n<\/div>\n<\/div>\n<\/div>\n<\/div>\n<\/div>\n<\/div>\n<\/div>\n<\/div>\n<\/div>\n<\/div>\n<\/div>\n<\/div>\n<\/div>\n<\/div>\n<\/div>\n<\/div>\n<\/div>\n<\/div>\n<\/div>\n<\/div>\n<\/div>","protected":false},"excerpt":{"rendered":"<div data-page-id=\"RAopf2sw9dtvw4cWYXpcTwo0n8g\" data-lark-html-role=\"root\" data-docx-has-block-data=\"false\">\n<div class=\"ace-line ace-line old-record-id-Uju9f3RXYd8dh2crAJbcBF3Un6M\">Elf World i15 Pro 12000 Puffs fokuserer p\u00e5 balance frem for overflod. Med op til 12000 puffs, justerbar luftstr\u00f8m og et klart digitalt display leverer den stabil ydeevne. Mesh-coilen holder smagen konsistent, mens flere nikotinstyrker og varierede smagsvarianter passer til forskellige daglige dampvaner.<\/div>\n<\/div>","protected":false},"featured_media":5338,"comment_status":"open","ping_status":"closed","template":"","meta":{"_acf_changed":false,"inline_featured_image":false,"_sitemap_exclude":false,"_sitemap_priority":"","_sitemap_frequency":""},"product_brand":[93],"product_cat":[85],"product_tag":[],"class_list":{"0":"post-5325","1":"product","2":"type-product","3":"status-publish","4":"has-post-thumbnail","6":"product_brand-elf-world","7":"product_cat-elf-world-puff","9":"first","10":"instock","11":"sale","12":"shipping-taxable","13":"purchasable","14":"product-type-variable","15":"has-default-attributes"},"acf":[],"tiered_pricing_type":"fixed","tiered_pricing_fixed_rules":{"30":10.53,"60":9.98,"100":9.32,"200":7.99},"tiered_pricing_product_settings":{"layout":"default","base_unit_name":{"singular":null,"plural":null},"default_variation":null},"tiered_pricing_minimum_quantity":10,"tiered_pricing_roles_data":[],"tiered_pricing_percentage_rules":[],"tiered_pricing_maximum_quantity":null,"tiered_pricing_quantity_step":"10","_links":{"self":[{"href":"https:\/\/oiovape.com\/da\/wp-json\/wp\/v2\/product\/5325","targetHints":{"allow":["GET"]}}],"collection":[{"href":"https:\/\/oiovape.com\/da\/wp-json\/wp\/v2\/product"}],"about":[{"href":"https:\/\/oiovape.com\/da\/wp-json\/wp\/v2\/types\/product"}],"replies":[{"embeddable":true,"href":"https:\/\/oiovape.com\/da\/wp-json\/wp\/v2\/comments?post=5325"}],"version-history":[{"count":0,"href":"https:\/\/oiovape.com\/da\/wp-json\/wp\/v2\/product\/5325\/revisions"}],"wp:featuredmedia":[{"embeddable":true,"href":"https:\/\/oiovape.com\/da\/wp-json\/wp\/v2\/media\/5338"}],"wp:attachment":[{"href":"https:\/\/oiovape.com\/da\/wp-json\/wp\/v2\/media?parent=5325"}],"wp:term":[{"taxonomy":"product_brand","embeddable":true,"href":"https:\/\/oiovape.com\/da\/wp-json\/wp\/v2\/product_brand?post=5325"},{"taxonomy":"product_cat","embeddable":true,"href":"https:\/\/oiovape.com\/da\/wp-json\/wp\/v2\/product_cat?post=5325"},{"taxonomy":"product_tag","embeddable":true,"href":"https:\/\/oiovape.com\/da\/wp-json\/wp\/v2\/product_tag?post=5325"}],"curies":[{"name":"wp","href":"https:\/\/api.w.org\/{rel}","templated":true}]}}