{"id":5707,"date":"2026-01-21T08:09:24","date_gmt":"2026-01-21T08:09:24","guid":{"rendered":"https:\/\/oiovape.com\/?post_type=product&#038;p=5707"},"modified":"2026-04-14T15:40:27","modified_gmt":"2026-04-14T07:40:27","slug":"jnr-big-mac-shisha-80000-puffs","status":"publish","type":"product","link":"https:\/\/oiovape.com\/da\/product\/jnr-big-mac-shisha-80000-puffs\/","title":{"rendered":"JNR Big Mac Shisha 80000 PUFFS Quad Mesh Coil DTL Engangs Vaping Med Justerbar Luftstr\u00f8m"},"content":{"rendered":"<div data-page-id=\"ZVeMfq8uxd7y1ycuKm5cym4LnYd\" data-lark-html-role=\"root\" data-docx-has-block-data=\"false\">\n<div data-page-id=\"Fd41fZ5N9dzRQtcRNoVc2FuDnCh\" data-lark-html-role=\"root\" data-docx-has-block-data=\"true\">\n<div data-page-id=\"BdIJfeeijdk1eucGpS8cDCBBn5c\" data-lark-html-role=\"root\" data-docx-has-block-data=\"false\">\n<div data-page-id=\"Zbg9fWx77dUuh2cIYpic25c8nyd\" data-lark-html-role=\"root\" data-docx-has-block-data=\"false\">\n<div data-page-id=\"KaIvfiurhdlCKdc0kyxcX64cnE6\" data-lark-html-role=\"root\" data-docx-has-block-data=\"true\">\n<div data-page-id=\"PbvFfqxqlddUTScRpEYcY5MHnpf\" data-lark-html-role=\"root\" data-docx-has-block-data=\"true\">\n<div data-page-id=\"GZO2f5JeudwY4jc9iJtcdk9Hnxh\" data-lark-html-role=\"root\" data-docx-has-block-data=\"false\">\n<div data-page-id=\"EZVRf2acFduXLGcseZFc4qH2n6e\" data-lark-html-role=\"root\" data-docx-has-block-data=\"false\">\n<div data-page-id=\"B8rHfcqlqdzmH5cCWCncz17Cntb\" data-lark-html-role=\"root\" data-docx-has-block-data=\"false\">\n<div data-page-id=\"B8rHfcqlqdzmH5cCWCncz17Cntb\" data-lark-html-role=\"root\" data-docx-has-block-data=\"false\">\n<div data-page-id=\"B8rHfcqlqdzmH5cCWCncz17Cntb\" data-lark-html-role=\"root\" data-docx-has-block-data=\"true\">\n<div data-page-id=\"HM70f1aoxdD0bMcxJZBcVc7ynZd\" data-lark-html-role=\"root\" data-docx-has-block-data=\"false\">\n<div data-page-id=\"NSrJfN7Ord22i0c1iwZcsF8yn8b\" data-lark-html-role=\"root\" data-docx-has-block-data=\"false\">\n<div data-page-id=\"RXEff4Mskds8o1cqL5HcGEtUnCh\" data-lark-html-role=\"root\" data-docx-has-block-data=\"false\">\n<div data-page-id=\"KJ7gfqkVndMSRJcMseScmvYwnTc\" data-lark-html-role=\"root\" data-docx-has-block-data=\"false\">\n<div class=\"ace-line ace-line old-record-id-QADAfETPudgmudc05YvcTO5fnxe\">\n<div data-page-id=\"KJ7gfqkVndMSRJcMseScmvYwnTc\" data-lark-html-role=\"root\" data-docx-has-block-data=\"false\">\n<div class=\"ace-line ace-line old-record-id-JoRkfpho8dOkiacEOascDyCOncb\">\n<div data-page-id=\"KJ7gfqkVndMSRJcMseScmvYwnTc\" data-lark-html-role=\"root\" data-docx-has-block-data=\"false\">\n<div data-page-id=\"Ju6ofQ3V4dGmePcVvJvc1gmcnZb\" data-lark-html-role=\"root\" data-docx-has-block-data=\"true\">\n<div data-page-id=\"PR9ife5PLdFabccbFgZcWgZOnTc\" data-lark-html-role=\"root\" data-docx-has-block-data=\"false\">\n<div data-page-id=\"INdrfOIGzdaenXcptrcc1BcznQc\" data-lark-html-role=\"root\" data-docx-has-block-data=\"false\">\n<div class=\"ace-line ace-line old-record-id-P0fIf4YaZdoGkbcxt5ackec2nnb\">\n<div data-page-id=\"INdrfOIGzdaenXcptrcc1BcznQc\" data-lark-html-role=\"root\" data-docx-has-block-data=\"false\">\n<div data-page-id=\"MAzCfUB73dMTQscm8eWcougVn1g\" data-lark-html-role=\"root\" data-docx-has-block-data=\"true\">\n<div data-page-id=\"AXfpf7H1odhDvGcKoUOcErN8nV7\" data-lark-html-role=\"root\" data-docx-has-block-data=\"false\">\n<div data-page-id=\"QYTKf5PvLdUNdbce2nBcW9yfnrh\" data-lark-html-role=\"root\" data-docx-has-block-data=\"false\">\n<div data-page-id=\"Pvu1f1CCBdxbjncA9pgcBTpanph\" data-lark-html-role=\"root\" data-docx-has-block-data=\"true\">\n<div data-page-id=\"Axf3fcmY8dDAhtcjVircBcphnPc\" data-lark-html-role=\"root\" data-docx-has-block-data=\"false\">\n<div data-page-id=\"KKj1f9SPmdLhhMc5E2AcNlLen6f\" data-lark-html-role=\"root\" data-docx-has-block-data=\"true\">\n<div data-page-id=\"Rx61fK1sJdXHjPcBuhZcweNhnwc\" data-lark-html-role=\"root\" data-docx-has-block-data=\"false\">\n<div data-page-id=\"L1H9fkG9Mdz45Fcy4WMc5VKXnRe\" data-lark-html-role=\"root\" data-docx-has-block-data=\"false\">\n<div data-page-id=\"L1H9fkG9Mdz45Fcy4WMc5VKXnRe\" data-lark-html-role=\"root\" data-docx-has-block-data=\"false\">\n<div data-page-id=\"D4XLfVBVrdE8mrcaYizczklLnaf\" data-lark-html-role=\"root\" data-docx-has-block-data=\"false\">\n<div data-page-id=\"WVcifIY44d5mhMcXtyEcTsfenGd\" data-lark-html-role=\"root\" data-docx-has-block-data=\"true\">\n<div data-page-id=\"LRknfa6Whd4DWCcUc0FcNKpJnyh\" data-lark-html-role=\"root\" data-docx-has-block-data=\"false\">\n<div data-page-id=\"LRknfa6Whd4DWCcUc0FcNKpJnyh\" data-lark-html-role=\"root\" data-docx-has-block-data=\"false\">\n<div data-page-id=\"XFRAfkcOEdRWh8cArQ2cJdyRnJf\" data-lark-html-role=\"root\" data-docx-has-block-data=\"true\">\n<div data-page-id=\"OQ3bfjnRddMTDGcC3ouc6xFKnWf\" data-lark-html-role=\"root\" data-docx-has-block-data=\"true\">\n<div data-page-id=\"J0iGfj1hEdjc4rcUdSmc4spMnmZ\" data-lark-html-role=\"root\" data-docx-has-block-data=\"false\">\n<div data-page-id=\"P1o7fFyNlduP8tcfZpQcagzbnIf\" data-lark-html-role=\"root\" data-docx-has-block-data=\"false\">\n<div class=\"ace-line ace-line old-record-id-P1o7fFyNlduP8tcfZpQcagzbnIf\">\n<div data-page-id=\"P1o7fFyNlduP8tcfZpQcagzbnIf\" data-lark-html-role=\"root\" data-docx-has-block-data=\"false\">\n<div data-page-id=\"U4iufW38SdttWKcTstMcTtHRnXc\" data-lark-html-role=\"root\" data-docx-has-block-data=\"true\">\n<div data-page-id=\"ONVMf7VTWddcFtcyATOchCJHnZb\" data-lark-html-role=\"root\" data-docx-has-block-data=\"true\">\n<div data-page-id=\"KoW2fSy0PdLHFlc5kSHcgvWMnYg\" data-lark-html-role=\"root\" data-docx-has-block-data=\"false\">\n<div data-page-id=\"KoW2fSy0PdLHFlc5kSHcgvWMnYg\" data-lark-html-role=\"root\" data-docx-has-block-data=\"false\">\n<div data-page-id=\"OLGhfzxC7d7EFIcLEj9cRT5ynZf\" data-lark-html-role=\"root\" data-docx-has-block-data=\"false\">\n<div data-page-id=\"DdnnfrLjzdqrFIc9Il9c7pA2noc\" data-lark-html-role=\"root\" data-docx-has-block-data=\"true\">\n<div data-page-id=\"KNzcf2o0oddkJOcztTVcqPdlnth\" data-lark-html-role=\"root\" data-docx-has-block-data=\"false\">\n<div data-page-id=\"LBU7fg5SEdkWhecGJoxca3xvnCe\" data-lark-html-role=\"root\" data-docx-has-block-data=\"false\">\n<div data-page-id=\"EB70fooS3d69bMcgWB7c5qb9n8g\" data-lark-html-role=\"root\" data-docx-has-block-data=\"false\">\n<div data-page-id=\"AogwfsZCadB6t0cAvF0cK4JLnvf\" data-lark-html-role=\"root\" data-docx-has-block-data=\"false\">\n<div data-page-id=\"AogwfsZCadB6t0cAvF0cK4JLnvf\" data-lark-html-role=\"root\" data-docx-has-block-data=\"false\">\n<div data-page-id=\"JMZIflNGddQuU0c5JZocSqlvnle\" data-lark-html-role=\"root\" data-docx-has-block-data=\"false\">\n<div data-page-id=\"JMZIflNGddQuU0c5JZocSqlvnle\" data-lark-html-role=\"root\" data-docx-has-block-data=\"true\">\n<div data-page-id=\"HtEafjjRIdPAlMc9zgYcsGy6nOe\" data-lark-html-role=\"root\" data-docx-has-block-data=\"false\">\n<div data-page-id=\"Rhnafz0WTdDeT9c43xxczsbVnJo\" data-lark-html-role=\"root\" data-docx-has-block-data=\"false\">\n<div data-page-id=\"WY0CfKdcTdf4hVcZl67ct5LGncf\" data-lark-html-role=\"root\" data-docx-has-block-data=\"true\">\n<div data-page-id=\"MkB5fF4AVdchovcoPEpc7LqvnOd\" data-lark-html-role=\"root\" data-docx-has-block-data=\"true\">\n<div data-page-id=\"MfbjfZhbhdJdA8cH1dAckqF0n6g\" data-lark-html-role=\"root\" data-docx-has-block-data=\"false\">\n<div class=\"ace-line ace-line old-record-id-W2AHfJLnjd7ugjcRLs1c8BdhnNh\">\n<div data-page-id=\"MfbjfZhbhdJdA8cH1dAckqF0n6g\" data-lark-html-role=\"root\" data-docx-has-block-data=\"false\">\n<div class=\"old-record-id-XXd1feeCZdR2hJc6evocxnh1nOg\">\n<div data-page-id=\"MfbjfZhbhdJdA8cH1dAckqF0n6g\" data-lark-html-role=\"root\" data-docx-has-block-data=\"false\">\n<div data-page-id=\"DE51fYUmxdT3ekcHzc3cGrVQnsc\" data-lark-html-role=\"root\" data-docx-has-block-data=\"false\">\n<h2 data-path-to-node=\"0\">Leder du efter uendelige skyer uden besv\u00e6r? M\u00f8de JNR Big Mac ShiSha 80000 Puffs<\/h2>\n<p data-path-to-node=\"1\">Tr\u00e6t af enheder, der forsvinder f\u00f8r weekenden er engang forbi? Med utrolige 80000 puffs pakket ind i en solid, lommevenllig ramme, ender JNR Big Mac ShiSha 80K effektivt den kedelige cyklus med konstante udskiftninger. Drevet af et kraftigt 1200mAh batteri og et enormt 55ml e-v\u00e6ske reservoir, leverer det rig, shisha-inspireret intensitet fra det allerf\u00f8rste tr\u00e6k helt ned til det fjerne sidste. Hvorfor n\u00f8jes med en hurtig dryp, n\u00e5r du kan fremkalde en konsistent, smagfuld storm? Med intelligent sk\u00e6rmoverv\u00e5gning, tilpasseligt luftflow og en pr\u00e6mium metalkrop, efterlader denne vape de skr\u00f8belige plastikkneb bag sig for at fokusere helt p\u00e5 det, der betyder noget: daglig p\u00e5lidelighed.<\/p>\n<p><img decoding=\"async\" class=\"alignnone wp-image-8326 size-full\" title=\"JNR Big Mac Shisha 80K Plakat\" src=\"https:\/\/oiovape.com\/wp-content\/uploads\/2026\/04\/JNR-Big-Mac-Shisha-80K-Poster.jpg\" alt=\"JNR Big Mac Shisha 80K Plakat\" width=\"1896\" height=\"1067\" srcset=\"https:\/\/oiovape.com\/wp-content\/uploads\/2026\/04\/JNR-Big-Mac-Shisha-80K-Poster.jpg 1896w, https:\/\/oiovape.com\/wp-content\/uploads\/2026\/04\/JNR-Big-Mac-Shisha-80K-Poster-300x169.jpg 300w, https:\/\/oiovape.com\/wp-content\/uploads\/2026\/04\/JNR-Big-Mac-Shisha-80K-Poster-1024x576.jpg 1024w, https:\/\/oiovape.com\/wp-content\/uploads\/2026\/04\/JNR-Big-Mac-Shisha-80K-Poster-768x432.jpg 768w, https:\/\/oiovape.com\/wp-content\/uploads\/2026\/04\/JNR-Big-Mac-Shisha-80K-Poster-1536x864.jpg 1536w, https:\/\/oiovape.com\/wp-content\/uploads\/2026\/04\/JNR-Big-Mac-Shisha-80K-Poster-18x10.jpg 18w, https:\/\/oiovape.com\/wp-content\/uploads\/2026\/04\/JNR-Big-Mac-Shisha-80K-Poster-1200x675.jpg 1200w, https:\/\/oiovape.com\/wp-content\/uploads\/2026\/04\/JNR-Big-Mac-Shisha-80K-Poster-150x84.jpg 150w\" sizes=\"(max-width: 1896px) 100vw, 1896px\" \/><\/p>\n<h2 data-path-to-node=\"2\">Hvorfor du vil elske JNR Big Mac ShiSha 80000 Puffs<\/h2>\n<ul data-path-to-node=\"3\">\n<li>\n<p data-path-to-node=\"3,0,0\"><b data-path-to-node=\"3,0,0\" data-index-in-node=\"0\">Marathon Udholdenhed:<\/b> Forudindl\u00e6st med 55ml e-v\u00e6ske til op til 80000 puffs. Du m\u00e5ler dens levetid i uger, ikke dage.<\/p>\n<\/li>\n<li>\n<p data-path-to-node=\"3,1,0\"><b data-path-to-node=\"3,1,0\" data-index-in-node=\"0\">Tungt Batteri:<\/b> 1200mAh USB-C genopladelig kerne holder lyset t\u00e6ndt og de massive skyer ruller uden hyppige stop.<\/p>\n<\/li>\n<li>\n<p data-path-to-node=\"3,2,0\"><b data-path-to-node=\"3,2,0\" data-index-in-node=\"0\">Panserkl\u00e6dt Holdbarhed:<\/b> Indpakket i en pr\u00e6mium metalkrop, der f\u00f8les som et avanceret v\u00e6rkt\u00f8j i din h\u00e5nd, modst\u00e5r slid og misfarvning fra daglig brug.<\/p>\n<\/li>\n<li>\n<p data-path-to-node=\"3,3,0\"><b data-path-to-node=\"3,3,0\" data-index-in-node=\"0\">Nul G\u00e6tteri:<\/b> En klar smart sk\u00e6rm fort\u00e6ller dig pr\u00e6cis, hvor dine batteri- og v\u00e6skeniveauer st\u00e5r.<\/p>\n<\/li>\n<li>\n<p data-path-to-node=\"3,4,0\"><b data-path-to-node=\"3,4,0\" data-index-in-node=\"0\">Dit Vind, Dine Regler:<\/b> Justerbart luftflow lader dig indstille det perfekte tr\u00e6k \u00f8jeblikkeligt.<\/p>\n<\/li>\n<li>\n<p data-path-to-node=\"3,5,0\"><b data-path-to-node=\"3,5,0\" data-index-in-node=\"0\">\u00d8jeblikkelig Tilfredsstillelse:<\/b> Fuldt aktiveret ved tr\u00e6k. Bare ind\u00e5nde for at v\u00e6kke det \u2013 ingen ops\u00e6tning, ingen knapper, ingen frustration.<\/p>\n<\/li>\n<\/ul>\n<h2 data-path-to-node=\"4\">Ud over det grundl\u00e6ggende: Hvad f\u00e5r det til at virke?<\/h2>\n<h3 data-path-to-node=\"5\">Dampemotoren<\/h3>\n<h4 data-path-to-node=\"6\">Quad Mesh Coil Dynamik<\/h4>\n<p data-path-to-node=\"7\">Hvorfor stole p\u00e5 en enkelt, k\u00e6mpende varmetr\u00e5d, n\u00e5r du kan k\u00f8re p\u00e5 en fire-sporet vej af smag? Quad mesh coil-ops\u00e6tningen fungerer som et h\u00f8jydelses-udst\u00f8dningssystem. Det fordamper e-v\u00e6ske med brutal effektivitet, hvilket sikrer, at varmen er perfekt fordelt, s\u00e5 hver subtil note af din valgte smag rammer din gane uden at smage br\u00e6ndt eller falmet.<\/p>\n<h5 data-path-to-node=\"8\">Mestrer DTL-oplevelsen<\/h5>\n<p data-path-to-node=\"9\">Hvis standard vapes er en blid, begr\u00e6nset brise, er denne Direct-to-Lung (DTL) ops\u00e6tning en vindtunnel. Den \u00e5bner helt op for tr\u00e6k, s\u00e5 du kan inhalere direkte ind i dine lunger for massive, t\u00e6tte skyer, der b\u00e6rer en seri\u00f8s smagsm\u00e6ngde.<\/p>\n<h3 data-path-to-node=\"10\">Kommandocentret<\/h3>\n<h4 data-path-to-node=\"11\">Smart Sk\u00e6rmoverv\u00e5gning<\/h4>\n<p data-path-to-node=\"12\">Har du nogensinde pr\u00f8vet at k\u00f8re en bil uden et instrumentbr\u00e6t? Det er s\u00e5dan det f\u00f8les at bruge en gammeldags engangsvape. Den indbyggede smart sk\u00e6rm tr\u00e6kker dig ud af m\u00f8rketiden og giver dig vigtige statistikker p\u00e5 et \u00f8jeblik, s\u00e5 du aldrig bliver overrasket af et d\u00f8dt batteri.<\/p>\n<h5 data-path-to-node=\"13\">Den Perfekte Justering<\/h5>\n<p data-path-to-node=\"14\">Parret med den justerbare luftstr\u00f8m g\u00f8r det at finjustere dit tr\u00e6k som at stemme en high-end guitar. En br\u00f8kdel af en millimeter p\u00e5 skyderen \u00e6ndrer hele oplevelsen\u2014og tager dig fra et stramt, koncentreret tr\u00e6k til en \u00e5ben skydannelse p\u00e5 et sekund.<\/p>\n<h2 data-path-to-node=\"15\">JNR BigMac ShiSha 80000 Specifikationer<\/h2>\n<table data-path-to-node=\"16\">\n<thead>\n<tr>\n<td><strong>Funktion<\/strong><\/td>\n<td><strong>Detaljer<\/strong><\/td>\n<\/tr>\n<\/thead>\n<tbody>\n<tr>\n<td><span data-path-to-node=\"16,1,0,0\"><b data-path-to-node=\"16,1,0,0\" data-index-in-node=\"0\">Puffantal<\/b><\/span><\/td>\n<td><span data-path-to-node=\"16,1,1,0\">Op til 80000 Puffs<\/span><\/td>\n<\/tr>\n<tr>\n<td><span data-path-to-node=\"16,2,0,0\"><b data-path-to-node=\"16,2,0,0\" data-index-in-node=\"0\">Batteri<\/b><\/span><\/td>\n<td><span data-path-to-node=\"16,2,1,0\">1200mAh Genopladelig Batteri<\/span><\/td>\n<\/tr>\n<tr>\n<td><span data-path-to-node=\"16,3,0,0\"><b data-path-to-node=\"16,3,0,0\" data-index-in-node=\"0\">Opladningsport<\/b><\/span><\/td>\n<td><span data-path-to-node=\"16,3,1,0\">Type-C Hurtig Opladning<\/span><\/td>\n<\/tr>\n<tr>\n<td><span data-path-to-node=\"16,4,0,0\"><b data-path-to-node=\"16,4,0,0\" data-index-in-node=\"0\">E-v\u00e6ske<\/b><\/span><\/td>\n<td><span data-path-to-node=\"16,4,1,0\">55ml Forudfyldt Kapacitet<\/span><\/td>\n<\/tr>\n<tr>\n<td><span data-path-to-node=\"16,5,0,0\"><b data-path-to-node=\"16,5,0,0\" data-index-in-node=\"0\">Coil Teknologi<\/b><\/span><\/td>\n<td><span data-path-to-node=\"16,5,1,0\">Quad Mesh Coil<\/span><\/td>\n<\/tr>\n<tr>\n<td><span data-path-to-node=\"16,6,0,0\"><b data-path-to-node=\"16,6,0,0\" data-index-in-node=\"0\">Dampestil<\/b><\/span><\/td>\n<td><span data-path-to-node=\"16,6,1,0\">Direct-to-Lung (DTL)<\/span><\/td>\n<\/tr>\n<tr>\n<td><span data-path-to-node=\"16,7,0,0\"><b data-path-to-node=\"16,7,0,0\" data-index-in-node=\"0\">Kropsmateriale<\/b><\/span><\/td>\n<td><span data-path-to-node=\"16,7,1,0\">Premium Metal<\/span><\/td>\n<\/tr>\n<tr>\n<td><span data-path-to-node=\"16,8,0,0\"><b data-path-to-node=\"16,8,0,0\" data-index-in-node=\"0\">Display &amp; Kontrol<\/b><\/span><\/td>\n<td><span data-path-to-node=\"16,8,1,0\">Smart Sk\u00e6rm &amp; Justerbar Luftstr\u00f8m<\/span><\/td>\n<\/tr>\n<\/tbody>\n<\/table>\n<h2 data-path-to-node=\"17\">Smagsmuligheder<\/h2>\n<p data-path-to-node=\"18\">V\u00e6lg blandt 15 intensivt udformede profiler. Uanset om du \u00f8nsker isens skarpe snap eller tropiske frugters lagdelte s\u00f8de smag, venter der en blanding p\u00e5 dig.<\/p>\n<table data-path-to-node=\"19\">\n<thead>\n<tr>\n<td><strong>Frisk &amp; Mintbaseret<\/strong><\/td>\n<td><strong>Frugtige &amp; S\u00f8de Blandinger<\/strong><\/td>\n<td><strong>Signatur &amp; Eksotiske Profiler<\/strong><\/td>\n<\/tr>\n<\/thead>\n<tbody>\n<tr>\n<td><span data-path-to-node=\"19,1,0,0\">1. Mint<\/span><\/td>\n<td><span data-path-to-node=\"19,1,1,0\">6. Strawberry Punch<\/span><\/td>\n<td><span data-path-to-node=\"19,1,2,0\">11. Lady Killa<\/span><\/td>\n<\/tr>\n<tr>\n<td><span data-path-to-node=\"19,2,0,0\">2. Gum Mint<\/span><\/td>\n<td><span data-path-to-node=\"19,2,1,0\">7. Strawberry Cherry<\/span><\/td>\n<td><span data-path-to-node=\"19,2,2,0\">12. Magic Love<\/span><\/td>\n<\/tr>\n<tr>\n<td><span data-path-to-node=\"19,3,0,0\">3. Menthol<\/span><\/td>\n<td><span data-path-to-node=\"19,3,1,0\">8. Mixed Berries<\/span><\/td>\n<td><span data-path-to-node=\"19,3,2,0\">13. Love 66<\/span><\/td>\n<\/tr>\n<tr>\n<td><span data-path-to-node=\"19,4,0,0\">4. Spearmint<\/span><\/td>\n<td><span data-path-to-node=\"19,4,1,0\">9. Cherry Fiesta<\/span><\/td>\n<td><span data-path-to-node=\"19,4,2,0\">14. Mango Pineapple<\/span><\/td>\n<\/tr>\n<tr>\n<td><span data-path-to-node=\"19,5,0,0\">5. Lemon Mint<\/span><\/td>\n<td><span data-path-to-node=\"19,5,1,0\">10. Summer Peaches<\/span><\/td>\n<td><span data-path-to-node=\"19,5,2,0\">15. Two Apple<\/span><\/td>\n<\/tr>\n<\/tbody>\n<\/table>\n<div style=\"width: 1920px;\" class=\"wp-video\"><video class=\"wp-video-shortcode\" id=\"video-5707-1\" width=\"1920\" height=\"1080\" preload=\"metadata\" controls=\"controls\"><source type=\"video\/mp4\" src=\"https:\/\/oiovape.com\/wp-content\/uploads\/2026\/04\/JNR-Big-Mac-Shisha-80K-Video.mp4?_=1\" \/><a href=\"https:\/\/oiovape.com\/wp-content\/uploads\/2026\/04\/JNR-Big-Mac-Shisha-80K-Video.mp4\">https:\/\/oiovape.com\/wp-content\/uploads\/2026\/04\/JNR-Big-Mac-Shisha-80K-Video.mp4<\/a><\/video><\/div>\n<h2 data-path-to-node=\"20\">JNR Big Mac Shisha 80000 Puffs \u2013 Almindelige Sp\u00f8rgsm\u00e5l (FAQ)<\/h2>\n<p data-path-to-node=\"21\"><b data-path-to-node=\"21\" data-index-in-node=\"0\">Holder batteriet faktisk l\u00e6nge?<\/b><\/p>\n<p data-path-to-node=\"21\">Absolut. Med en 1200mAh tank er det en marathonl\u00f8ber sammenlignet med de standard 600mAh-enheder derude. N\u00e5r den l\u00f8ber t\u00f8r, fylder Type-C-porten den hurtigt op igen.<\/p>\n<p data-path-to-node=\"22\"><b data-path-to-node=\"22\" data-index-in-node=\"0\">Hvordan ved jeg, hvorn\u00e5r jeg skal oplade den?<\/b><\/p>\n<p data-path-to-node=\"22\">Ikke mere g\u00e6tteri! Det smarte display viser dit realtids-batteriliv, s\u00e5 du ved pr\u00e6cis hvorn\u00e5r det er tid til at tilslutte.<\/p>\n<p data-path-to-node=\"23\"><b data-path-to-node=\"23\" data-index-in-node=\"0\">Kan jeg kontrollere hvor store skyerne er?<\/b><\/p>\n<p data-path-to-node=\"23\">Ja. Bare skub den justerbare luftstr\u00f8msregulator. Vil du have massive DTL-skyer? \u00c5bn den helt. Foretr\u00e6kker du et lidt t\u00e6ttere, varmere hit? Luk den lidt op.<\/p>\n<p data-path-to-node=\"24\"><b data-path-to-node=\"24\" data-index-in-node=\"0\">Er smagen konsistent selv efter tusindvis af drag?<\/b><\/p>\n<p data-path-to-node=\"24\">Ja. Takket v\u00e6re den massive 55ml kapacitet og quad mesh-spolen forbliver opvarmningen utrolig j\u00e6vn. Den n\u00e6gter at lade smagen falde ned ad en klippe, hvilket holder den levende fra start til slut.<\/p>\n<p data-path-to-node=\"25\"><b data-path-to-node=\"25\" data-index-in-node=\"0\">Er det kompliceret at bruge?<\/b><\/p>\n<p data-path-to-node=\"25\">Slet ikke. P\u00e5 trods af den massive kapacitet og det smarte display forbliver det draw-aktiveret. Der er ingen menuer at navigere \u2013 bare inhal\u00e9r og lad enheden g\u00f8re det tunge arbejde.<\/p>\n<div class=\"TyagGW_tableContainer\"><\/div>\n<\/div>\n<\/div>\n<\/div>\n<\/div>\n<\/div>\n<\/div>\n<\/div>\n<\/div>\n<\/div>\n<\/div>\n<\/div>\n<\/div>\n<\/div>\n<\/div>\n<\/div>\n<\/div>\n<\/div>\n<\/div>\n<\/div>\n<\/div>\n<\/div>\n<\/div>\n<\/div>\n<\/div>\n<\/div>\n<\/div>\n<\/div>\n<\/div>\n<\/div>\n<\/div>\n<\/div>\n<\/div>\n<\/div>\n<\/div>\n<\/div>\n<\/div>\n<\/div>\n<\/div>\n<\/div>\n<\/div>\n<\/div>\n<\/div>\n<\/div>\n<\/div>\n<\/div>\n<\/div>\n<\/div>\n<\/div>\n<\/div>\n<\/div>\n<\/div>\n<\/div>\n<\/div>\n<\/div>\n<\/div>\n<\/div>\n<\/div>\n<\/div>\n<\/div>\n<\/div>\n<\/div>\n<\/div>\n<\/div>\n<\/div>\n<\/div>\n<\/div>","protected":false},"excerpt":{"rendered":"<div data-page-id=\"RAopf2sw9dtvw4cWYXpcTwo0n8g\" data-lark-html-role=\"root\" data-docx-has-block-data=\"false\">\n<div class=\"ace-line ace-line old-record-id-Uju9f3RXYd8dh2crAJbcBF3Un6M\">JNR Big Mac Shisha 80000 Puffs kombinerer langvarig ydeevne med konsekvent smagsudgang. Med en kapacitet p\u00e5 55 ml e-v\u00e6ske, kvadratiske mesh-coils, justerbar luftstr\u00f8m og en holdbar metallegeme, passer den til brugere, der \u00f8nsker p\u00e5lidelig DTL-dampning uden hyppige udskiftninger.<\/div>\n<\/div>","protected":false},"featured_media":5719,"comment_status":"open","ping_status":"closed","template":"","meta":{"_acf_changed":false,"inline_featured_image":false,"_sitemap_exclude":false,"_sitemap_priority":"","_sitemap_frequency":""},"product_brand":[88],"product_cat":[77,383,239,245],"product_tag":[],"class_list":{"0":"post-5707","1":"product","2":"type-product","3":"status-publish","4":"has-post-thumbnail","6":"product_brand-jnr","7":"product_cat-jnr-puff","8":"product_cat-shisha-vape","9":"product_cat-disposable-vape-collection","10":"product_cat-80k-puff","12":"first","13":"instock","14":"sale","15":"shipping-taxable","16":"purchasable","17":"product-type-variable","18":"has-default-attributes"},"acf":[],"tiered_pricing_type":"fixed","tiered_pricing_fixed_rules":{"30":9.42,"60":8.69,"100":8.02,"200":7.53},"tiered_pricing_product_settings":{"layout":"default","base_unit_name":{"singular":null,"plural":null},"default_variation":null},"tiered_pricing_minimum_quantity":10,"tiered_pricing_roles_data":[],"tiered_pricing_percentage_rules":[],"tiered_pricing_maximum_quantity":null,"tiered_pricing_quantity_step":"10","_links":{"self":[{"href":"https:\/\/oiovape.com\/da\/wp-json\/wp\/v2\/product\/5707","targetHints":{"allow":["GET"]}}],"collection":[{"href":"https:\/\/oiovape.com\/da\/wp-json\/wp\/v2\/product"}],"about":[{"href":"https:\/\/oiovape.com\/da\/wp-json\/wp\/v2\/types\/product"}],"replies":[{"embeddable":true,"href":"https:\/\/oiovape.com\/da\/wp-json\/wp\/v2\/comments?post=5707"}],"version-history":[{"count":2,"href":"https:\/\/oiovape.com\/da\/wp-json\/wp\/v2\/product\/5707\/revisions"}],"predecessor-version":[{"id":8328,"href":"https:\/\/oiovape.com\/da\/wp-json\/wp\/v2\/product\/5707\/revisions\/8328"}],"wp:featuredmedia":[{"embeddable":true,"href":"https:\/\/oiovape.com\/da\/wp-json\/wp\/v2\/media\/5719"}],"wp:attachment":[{"href":"https:\/\/oiovape.com\/da\/wp-json\/wp\/v2\/media?parent=5707"}],"wp:term":[{"taxonomy":"product_brand","embeddable":true,"href":"https:\/\/oiovape.com\/da\/wp-json\/wp\/v2\/product_brand?post=5707"},{"taxonomy":"product_cat","embeddable":true,"href":"https:\/\/oiovape.com\/da\/wp-json\/wp\/v2\/product_cat?post=5707"},{"taxonomy":"product_tag","embeddable":true,"href":"https:\/\/oiovape.com\/da\/wp-json\/wp\/v2\/product_tag?post=5707"}],"curies":[{"name":"wp","href":"https:\/\/api.w.org\/{rel}","templated":true}]}}