{"id":5796,"date":"2026-01-22T11:12:33","date_gmt":"2026-01-22T03:12:33","guid":{"rendered":"https:\/\/oiovape.com\/?post_type=product&#038;p=5796"},"modified":"2026-04-14T17:37:14","modified_gmt":"2026-04-14T09:37:14","slug":"jnr-quads-4-in-1-120000-puffs","status":"publish","type":"product","link":"https:\/\/oiovape.com\/da\/product\/jnr-quads-4-in-1-120000-puffs\/","title":{"rendered":"JNR Quads 4 in 1 120000 PUFFS Smart Screen Display Disposable Vape With Quad Mesh Coil"},"content":{"rendered":"<div data-page-id=\"ZVeMfq8uxd7y1ycuKm5cym4LnYd\" data-lark-html-role=\"root\" data-docx-has-block-data=\"false\">\n<div data-page-id=\"Fd41fZ5N9dzRQtcRNoVc2FuDnCh\" data-lark-html-role=\"root\" data-docx-has-block-data=\"true\">\n<div data-page-id=\"BdIJfeeijdk1eucGpS8cDCBBn5c\" data-lark-html-role=\"root\" data-docx-has-block-data=\"false\">\n<div data-page-id=\"Zbg9fWx77dUuh2cIYpic25c8nyd\" data-lark-html-role=\"root\" data-docx-has-block-data=\"false\">\n<div data-page-id=\"KaIvfiurhdlCKdc0kyxcX64cnE6\" data-lark-html-role=\"root\" data-docx-has-block-data=\"true\">\n<div data-page-id=\"PbvFfqxqlddUTScRpEYcY5MHnpf\" data-lark-html-role=\"root\" data-docx-has-block-data=\"true\">\n<div data-page-id=\"GZO2f5JeudwY4jc9iJtcdk9Hnxh\" data-lark-html-role=\"root\" data-docx-has-block-data=\"false\">\n<div data-page-id=\"EZVRf2acFduXLGcseZFc4qH2n6e\" data-lark-html-role=\"root\" data-docx-has-block-data=\"false\">\n<div data-page-id=\"B8rHfcqlqdzmH5cCWCncz17Cntb\" data-lark-html-role=\"root\" data-docx-has-block-data=\"false\">\n<div data-page-id=\"B8rHfcqlqdzmH5cCWCncz17Cntb\" data-lark-html-role=\"root\" data-docx-has-block-data=\"false\">\n<div data-page-id=\"B8rHfcqlqdzmH5cCWCncz17Cntb\" data-lark-html-role=\"root\" data-docx-has-block-data=\"true\">\n<div data-page-id=\"HM70f1aoxdD0bMcxJZBcVc7ynZd\" data-lark-html-role=\"root\" data-docx-has-block-data=\"false\">\n<div data-page-id=\"NSrJfN7Ord22i0c1iwZcsF8yn8b\" data-lark-html-role=\"root\" data-docx-has-block-data=\"false\">\n<div data-page-id=\"RXEff4Mskds8o1cqL5HcGEtUnCh\" data-lark-html-role=\"root\" data-docx-has-block-data=\"false\">\n<div data-page-id=\"KJ7gfqkVndMSRJcMseScmvYwnTc\" data-lark-html-role=\"root\" data-docx-has-block-data=\"false\">\n<div class=\"ace-line ace-line old-record-id-QADAfETPudgmudc05YvcTO5fnxe\">\n<div data-page-id=\"KJ7gfqkVndMSRJcMseScmvYwnTc\" data-lark-html-role=\"root\" data-docx-has-block-data=\"false\">\n<div class=\"ace-line ace-line old-record-id-JoRkfpho8dOkiacEOascDyCOncb\">\n<div data-page-id=\"KJ7gfqkVndMSRJcMseScmvYwnTc\" data-lark-html-role=\"root\" data-docx-has-block-data=\"false\">\n<div data-page-id=\"Ju6ofQ3V4dGmePcVvJvc1gmcnZb\" data-lark-html-role=\"root\" data-docx-has-block-data=\"true\">\n<div data-page-id=\"PR9ife5PLdFabccbFgZcWgZOnTc\" data-lark-html-role=\"root\" data-docx-has-block-data=\"false\">\n<div data-page-id=\"INdrfOIGzdaenXcptrcc1BcznQc\" data-lark-html-role=\"root\" data-docx-has-block-data=\"false\">\n<div class=\"ace-line ace-line old-record-id-P0fIf4YaZdoGkbcxt5ackec2nnb\">\n<div data-page-id=\"INdrfOIGzdaenXcptrcc1BcznQc\" data-lark-html-role=\"root\" data-docx-has-block-data=\"false\">\n<div data-page-id=\"MAzCfUB73dMTQscm8eWcougVn1g\" data-lark-html-role=\"root\" data-docx-has-block-data=\"true\">\n<div data-page-id=\"AXfpf7H1odhDvGcKoUOcErN8nV7\" data-lark-html-role=\"root\" data-docx-has-block-data=\"false\">\n<div data-page-id=\"QYTKf5PvLdUNdbce2nBcW9yfnrh\" data-lark-html-role=\"root\" data-docx-has-block-data=\"false\">\n<div data-page-id=\"Pvu1f1CCBdxbjncA9pgcBTpanph\" data-lark-html-role=\"root\" data-docx-has-block-data=\"true\">\n<div data-page-id=\"Axf3fcmY8dDAhtcjVircBcphnPc\" data-lark-html-role=\"root\" data-docx-has-block-data=\"false\">\n<div data-page-id=\"KKj1f9SPmdLhhMc5E2AcNlLen6f\" data-lark-html-role=\"root\" data-docx-has-block-data=\"true\">\n<div data-page-id=\"Rx61fK1sJdXHjPcBuhZcweNhnwc\" data-lark-html-role=\"root\" data-docx-has-block-data=\"false\">\n<div data-page-id=\"L1H9fkG9Mdz45Fcy4WMc5VKXnRe\" data-lark-html-role=\"root\" data-docx-has-block-data=\"false\">\n<div data-page-id=\"L1H9fkG9Mdz45Fcy4WMc5VKXnRe\" data-lark-html-role=\"root\" data-docx-has-block-data=\"false\">\n<div data-page-id=\"D4XLfVBVrdE8mrcaYizczklLnaf\" data-lark-html-role=\"root\" data-docx-has-block-data=\"false\">\n<div data-page-id=\"WVcifIY44d5mhMcXtyEcTsfenGd\" data-lark-html-role=\"root\" data-docx-has-block-data=\"true\">\n<div data-page-id=\"LRknfa6Whd4DWCcUc0FcNKpJnyh\" data-lark-html-role=\"root\" data-docx-has-block-data=\"false\">\n<div data-page-id=\"LRknfa6Whd4DWCcUc0FcNKpJnyh\" data-lark-html-role=\"root\" data-docx-has-block-data=\"false\">\n<div data-page-id=\"XFRAfkcOEdRWh8cArQ2cJdyRnJf\" data-lark-html-role=\"root\" data-docx-has-block-data=\"true\">\n<div data-page-id=\"OQ3bfjnRddMTDGcC3ouc6xFKnWf\" data-lark-html-role=\"root\" data-docx-has-block-data=\"true\">\n<div data-page-id=\"J0iGfj1hEdjc4rcUdSmc4spMnmZ\" data-lark-html-role=\"root\" data-docx-has-block-data=\"false\">\n<div data-page-id=\"P1o7fFyNlduP8tcfZpQcagzbnIf\" data-lark-html-role=\"root\" data-docx-has-block-data=\"false\">\n<div class=\"ace-line ace-line old-record-id-P1o7fFyNlduP8tcfZpQcagzbnIf\">\n<div data-page-id=\"P1o7fFyNlduP8tcfZpQcagzbnIf\" data-lark-html-role=\"root\" data-docx-has-block-data=\"false\">\n<div data-page-id=\"U4iufW38SdttWKcTstMcTtHRnXc\" data-lark-html-role=\"root\" data-docx-has-block-data=\"true\">\n<div data-page-id=\"ONVMf7VTWddcFtcyATOchCJHnZb\" data-lark-html-role=\"root\" data-docx-has-block-data=\"true\">\n<div data-page-id=\"KoW2fSy0PdLHFlc5kSHcgvWMnYg\" data-lark-html-role=\"root\" data-docx-has-block-data=\"false\">\n<div data-page-id=\"KoW2fSy0PdLHFlc5kSHcgvWMnYg\" data-lark-html-role=\"root\" data-docx-has-block-data=\"false\">\n<div data-page-id=\"OLGhfzxC7d7EFIcLEj9cRT5ynZf\" data-lark-html-role=\"root\" data-docx-has-block-data=\"false\">\n<div data-page-id=\"DdnnfrLjzdqrFIc9Il9c7pA2noc\" data-lark-html-role=\"root\" data-docx-has-block-data=\"true\">\n<div data-page-id=\"KNzcf2o0oddkJOcztTVcqPdlnth\" data-lark-html-role=\"root\" data-docx-has-block-data=\"false\">\n<div data-page-id=\"LBU7fg5SEdkWhecGJoxca3xvnCe\" data-lark-html-role=\"root\" data-docx-has-block-data=\"false\">\n<div data-page-id=\"EB70fooS3d69bMcgWB7c5qb9n8g\" data-lark-html-role=\"root\" data-docx-has-block-data=\"false\">\n<div data-page-id=\"AogwfsZCadB6t0cAvF0cK4JLnvf\" data-lark-html-role=\"root\" data-docx-has-block-data=\"false\">\n<div data-page-id=\"AogwfsZCadB6t0cAvF0cK4JLnvf\" data-lark-html-role=\"root\" data-docx-has-block-data=\"false\">\n<div data-page-id=\"JMZIflNGddQuU0c5JZocSqlvnle\" data-lark-html-role=\"root\" data-docx-has-block-data=\"false\">\n<div data-page-id=\"JMZIflNGddQuU0c5JZocSqlvnle\" data-lark-html-role=\"root\" data-docx-has-block-data=\"true\">\n<div data-page-id=\"HtEafjjRIdPAlMc9zgYcsGy6nOe\" data-lark-html-role=\"root\" data-docx-has-block-data=\"false\">\n<div data-page-id=\"Rhnafz0WTdDeT9c43xxczsbVnJo\" data-lark-html-role=\"root\" data-docx-has-block-data=\"false\">\n<div data-page-id=\"WY0CfKdcTdf4hVcZl67ct5LGncf\" data-lark-html-role=\"root\" data-docx-has-block-data=\"true\">\n<div data-page-id=\"MkB5fF4AVdchovcoPEpc7LqvnOd\" data-lark-html-role=\"root\" data-docx-has-block-data=\"true\">\n<div data-page-id=\"MfbjfZhbhdJdA8cH1dAckqF0n6g\" data-lark-html-role=\"root\" data-docx-has-block-data=\"false\">\n<div class=\"ace-line ace-line old-record-id-W2AHfJLnjd7ugjcRLs1c8BdhnNh\">\n<div data-page-id=\"MfbjfZhbhdJdA8cH1dAckqF0n6g\" data-lark-html-role=\"root\" data-docx-has-block-data=\"false\">\n<div class=\"old-record-id-XXd1feeCZdR2hJc6evocxnh1nOg\">\n<div data-page-id=\"MfbjfZhbhdJdA8cH1dAckqF0n6g\" data-lark-html-role=\"root\" data-docx-has-block-data=\"false\">\n<div data-page-id=\"DE51fYUmxdT3ekcHzc3cGrVQnsc\" data-lark-html-role=\"root\" data-docx-has-block-data=\"false\">\n<div data-page-id=\"YSKdfaZ08dRej3ci5CccQBuOncc\" data-lark-html-role=\"root\" data-docx-has-block-data=\"true\">\n<div data-page-id=\"K6mofQmledamEFcgp1EcVobmnYd\" data-lark-html-role=\"root\" data-docx-has-block-data=\"false\">\n<h2 data-path-to-node=\"0\">JNR QUADS 4 in 1 120000 Puffs Disposable Vape<\/h2>\n<p data-path-to-node=\"1\">Har du nogensinde f\u00f8lt, at dine smagsl\u00f8g er fanget i et kedeligt, monogamt forhold til en enkelt vape-smag? Hvorfor forpligte dig til kun \u00e9n vibe, n\u00e5r du kan have en hel menu i lommen? Oplev det ultimative smag-skiftende b\u00e6st med JNR Quads 4in1 120K Puffs. Med et forbl\u00f8ffende, hidtil uset 120000 puffs fordelt p\u00e5 fire forskellige smagsprofiler i en enkelt enhed, er dette ikke bare en vape\u2014det er en lomme-st\u00f8rrelse forlystelsespark for dine sanser. \ud83c\udf53\u2728<\/p>\n<p><img decoding=\"async\" class=\"alignnone wp-image-5818 size-full\" title=\"JNR Quads Flavor 4 i 1 120k Detalje Plakat\" src=\"https:\/\/oiovape.com\/wp-content\/uploads\/2026\/01\/JNR-Quads-Flavor-4-in-1-120k-Detail-Poster-scaled.jpg\" alt=\"JNR Quads Flavor 4 i 1 120k Detalje Plakat\" width=\"2560\" height=\"1440\" srcset=\"https:\/\/oiovape.com\/wp-content\/uploads\/2026\/01\/JNR-Quads-Flavor-4-in-1-120k-Detail-Poster-scaled.jpg 2560w, https:\/\/oiovape.com\/wp-content\/uploads\/2026\/01\/JNR-Quads-Flavor-4-in-1-120k-Detail-Poster-scaled-150x84.jpg 150w, https:\/\/oiovape.com\/wp-content\/uploads\/2026\/01\/JNR-Quads-Flavor-4-in-1-120k-Detail-Poster-scaled-1200x675.jpg 1200w, https:\/\/oiovape.com\/wp-content\/uploads\/2026\/01\/JNR-Quads-Flavor-4-in-1-120k-Detail-Poster-300x169.jpg 300w, https:\/\/oiovape.com\/wp-content\/uploads\/2026\/01\/JNR-Quads-Flavor-4-in-1-120k-Detail-Poster-1024x576.jpg 1024w, https:\/\/oiovape.com\/wp-content\/uploads\/2026\/01\/JNR-Quads-Flavor-4-in-1-120k-Detail-Poster-768x432.jpg 768w, https:\/\/oiovape.com\/wp-content\/uploads\/2026\/01\/JNR-Quads-Flavor-4-in-1-120k-Detail-Poster-1536x864.jpg 1536w, https:\/\/oiovape.com\/wp-content\/uploads\/2026\/01\/JNR-Quads-Flavor-4-in-1-120k-Detail-Poster-2048x1152.jpg 2048w, https:\/\/oiovape.com\/wp-content\/uploads\/2026\/01\/JNR-Quads-Flavor-4-in-1-120k-Detail-Poster-18x10.jpg 18w\" sizes=\"(max-width: 2560px) 100vw, 2560px\" \/><\/p>\n<h2 data-path-to-node=\"2\">Nydelsens arkitektur: Dybdeg\u00e5ende dyk ned i funktioner<\/h2>\n<h3 data-path-to-node=\"3\">\ud83d\udca1 Innovation: 4 in 1 smag-drejeskive<\/h3>\n<p data-path-to-node=\"4\">T\u00e6nk p\u00e5 den roterende mundstykke som en DJ's drejeskive, men i stedet for at dreje vinyler, glider du problemfrit ind i din n\u00e6ste sensoriske oplevelse. Du er ikke l\u00e6ngere holdt som gidsel af smagstr\u00e6thhed. Med en simpel, tilfredsstillende drejning af toppen glider du mellem fire massive, uafh\u00e6ngige tanke (4x15ml). Ubesv\u00e6ret? Absolut.<\/p>\n<h4 data-path-to-node=\"5\">\ud83d\udcf1 Kommandocentralen: Smart sk\u00e6rm-overv\u00e5gning<\/h4>\n<p data-path-to-node=\"6\">Hvem nyder at spille \u201cg\u00e6t batteriets levetid\u201d roulette lige f\u00f8r en aften ud? Ingen. Bliv fuldst\u00e6ndig informeret med en klar, realtids smart sk\u00e6rm-display. Det fungerer som et miniature-dashboard, der giver \u00f8jeblikkelig, h\u00f8j-opl\u00f8snings feedback p\u00e5 dine str\u00f8mniveauer og e-v\u00e6ske-kapacitet. Ingen flere t\u00f8rre hits, og ingen flere pludselige, tragiske batterid\u00f8de. Du er altid ved rattet.<\/p>\n<h5 data-path-to-node=\"7\">\ud83c\udf00 Motoren: Quad Mesh Coil-teknologi<\/h5>\n<p data-path-to-node=\"8\">I stedet for en enkelt solist, der k\u00e6mper for at holde en melodi, bruger JNR Quads 4 in 1 120000 Puffs en barbershop-kvartet af varmelementer. Quad Mesh Coil-systemet arbejder i perfekt termisk harmoni for at levere utrolig t\u00e6t damp og ultra-rig smagsprofiler. Fra din allerf\u00f8rste tr\u00e6k til dit 120.000'te puff forbliver smag-trov\u00e6rdigheden voldsomt pr\u00e6cis. Tilf\u00f8j det ergonomiske greb designet til at smelte ind i din h\u00e5ndplade, og et kompromisl\u00f8st 1000mAh batteri, og du har et mesterv\u00e6rk af daglig udholdenhed.<\/p>\n<h2 data-path-to-node=\"10\">\ud83c\udfa8 Tilg\u00e6ngelige smag-valg<\/h2>\n<ol start=\"1\" data-path-to-node=\"11\">\n<li>\n<p data-path-to-node=\"11,0,0\">Summer Peaches + Strawberry Ice + Watermelon Ice + Black Ice<\/p>\n<\/li>\n<li>\n<p data-path-to-node=\"11,1,0\">Mixed Berry + Blueberry Cherry Cranberry + Blueberry Sour Raspberry + Cherry Berry<\/p>\n<\/li>\n<li>\n<p data-path-to-node=\"11,2,0\">Passion Fruit Kiwi + Peach Mango Pineapple + Strawberry Kiwi + Blueberry Kiwi<\/p>\n<\/li>\n<li>\n<p data-path-to-node=\"11,3,0\">Kiwi Watermelon Ice + Strawberry Watermelon Ice + Black Dragon Ice + Strawberry Kiwi<\/p>\n<\/li>\n<li>\n<p data-path-to-node=\"11,4,0\">Raspberry Orange + Blueberry Sour Raspberry + JNR VC Boost + JNR Red Punch<\/p>\n<\/li>\n<li>\n<p data-path-to-node=\"11,5,0\">Double Apple + Triple Melon + Watermelon Bubblegum + Strawberry Banana<\/p>\n<\/li>\n<li>\n<p data-path-to-node=\"11,6,0\">Blue Razz Cherry + Blue Razz Ice + Black Ice + Strawberry Ice<\/p>\n<\/li>\n<li>\n<p data-path-to-node=\"11,7,0\">Peach Mango Pineapple + Passion Fruit Kiwi + Cola Ice + Summer Peaches<\/p>\n<\/li>\n<li>\n<p data-path-to-node=\"11,8,0\">Tiger Blood + Passion Fruit Kiwi + Double Apple + Fizzy Cherry Cola<\/p>\n<\/li>\n<li>\n<p data-path-to-node=\"11,9,0\">Watermelon Ice + Triple Melon + Strawberry Watermelon Ice + Kiwi Watermelon Ice<\/p>\n<\/li>\n<\/ol>\n<h2 data-path-to-node=\"13\">\ud83d\udcca Teknisk specifikationsanalyse<\/h2>\n<table data-path-to-node=\"14\">\n<thead>\n<tr>\n<td><strong>Funktion<\/strong><\/td>\n<td><strong>JNR QUADS 4 in 1 120000 Puffs<\/strong><\/td>\n<\/tr>\n<\/thead>\n<tbody>\n<tr>\n<td><span data-path-to-node=\"14,1,0,0\"><b data-path-to-node=\"14,1,0,0\" data-index-in-node=\"0\">Puff Kapacitet<\/b><\/span><\/td>\n<td><span data-path-to-node=\"14,1,1,0\">Op til 120000 Puffs (ultimativ variation)<\/span><\/td>\n<\/tr>\n<tr>\n<td><span data-path-to-node=\"14,2,0,0\"><b data-path-to-node=\"14,2,0,0\" data-index-in-node=\"0\">E-Liquid Kapacitet<\/b><\/span><\/td>\n<td><span data-path-to-node=\"14,2,1,0\">60ml i alt (4 x 15ml uafh\u00e6ngige tanke)<\/span><\/td>\n<\/tr>\n<tr>\n<td><span data-path-to-node=\"14,3,0,0\"><b data-path-to-node=\"14,3,0,0\" data-index-in-node=\"0\">Tank-system<\/b><\/span><\/td>\n<td><span data-path-to-node=\"14,3,1,0\">4-i-1 Seamless Rotating Mechanism<\/span><\/td>\n<\/tr>\n<tr>\n<td><span data-path-to-node=\"14,4,0,0\"><b data-path-to-node=\"14,4,0,0\" data-index-in-node=\"0\">Coil Teknologi<\/b><\/span><\/td>\n<td><span data-path-to-node=\"14,4,1,0\">High-Performance Quad Mesh Coil<\/span><\/td>\n<\/tr>\n<tr>\n<td><span data-path-to-node=\"14,5,0,0\"><b data-path-to-node=\"14,5,0,0\" data-index-in-node=\"0\">Monitoring<\/b><\/span><\/td>\n<td><span data-path-to-node=\"14,5,1,0\">Smart Digital Display (Battery &amp; Juice)<\/span><\/td>\n<\/tr>\n<tr>\n<td><span data-path-to-node=\"14,6,0,0\"><b data-path-to-node=\"14,6,0,0\" data-index-in-node=\"0\">Batteri &amp; Opladning<\/b><\/span><\/td>\n<td><span data-path-to-node=\"14,6,1,0\">Robust 1000mAh \/ Type-C Fast Charging Port<\/span><\/td>\n<\/tr>\n<tr>\n<td><span data-path-to-node=\"14,7,0,0\"><b data-path-to-node=\"14,7,0,0\" data-index-in-node=\"0\">Nikotinstyrke<\/b><\/span><\/td>\n<td><span data-path-to-node=\"14,7,1,0\">2% Nikotin<\/span><\/td>\n<\/tr>\n<\/tbody>\n<\/table>\n<div style=\"width: 1920px;\" class=\"wp-video\"><video class=\"wp-video-shortcode\" id=\"video-5796-1\" width=\"1920\" height=\"1080\" preload=\"metadata\" controls=\"controls\"><source type=\"video\/mp4\" src=\"https:\/\/oiovape.com\/wp-content\/uploads\/2026\/04\/JNR-Quads-4-in-1-120K-Video.mp4?_=1\" \/><a href=\"https:\/\/oiovape.com\/wp-content\/uploads\/2026\/04\/JNR-Quads-4-in-1-120K-Video.mp4\">https:\/\/oiovape.com\/wp-content\/uploads\/2026\/04\/JNR-Quads-4-in-1-120K-Video.mp4<\/a><\/video><\/div>\n<h2 data-path-to-node=\"16\">JNR Quads 4 in 1 120000 Puffs \u2013 Ofte stillede sp\u00f8rgsm\u00e5l \ud83d\ude4b\u200d\u2640\ufe0f<\/h2>\n<p data-path-to-node=\"17\"><b data-path-to-node=\"17\" data-index-in-node=\"0\">Sp: Er det besv\u00e6rligt at skifte mellem smagsvarianter?<\/b><\/p>\n<p data-path-to-node=\"17\"><b data-path-to-node=\"17\" data-index-in-node=\"42\">A:<\/b> Slet ikke! Mekanismen er fuldst\u00e6ndig problemfri. Drej blot mundstyksdelen, indtil du f\u00f8ler et tilfredsstillende klik; dette justerer perfekt den nye smakstank med spolen. Ingen knapper, ingen menuer \u2013 bare en \u00f8jeblikkelig smags\u00e6ndring efter behov.<\/p>\n<p data-path-to-node=\"18\"><b data-path-to-node=\"18\" data-index-in-node=\"0\">Sp: Hvordan kan en enkelt enhed muligvis holde til 120000 pust?<\/b><\/p>\n<p data-path-to-node=\"18\"><b data-path-to-node=\"18\" data-index-in-node=\"56\">A:<\/b> Det handler om det massive 60ml samlet saftreservoir (opdelt i fire 15ml tanke) underst\u00f8ttet af et meget effektivt, genopladeligt 1000mAh batteri. Mens levetiden afh\u00e6nger af, hvor dybt du tr\u00e6kker, vil denne enhed for langt de fleste brugere holde i uger eller endda m\u00e5neder uden problemer.<\/p>\n<p data-path-to-node=\"19\"><b data-path-to-node=\"19\" data-index-in-node=\"0\">Sp: Skal jeg v\u00e6re en vape-ekspert for at bruge dette?<\/b><\/p>\n<p data-path-to-node=\"19\"><b data-path-to-node=\"19\" data-index-in-node=\"46\">A:<\/b> Skal du have en grad i ingeni\u00f8rkunst for at t\u00e6nde for et lys? Absolut ikke! P\u00e5 trods af sin avancerede teknologi forbliver det en sand engangsenhed. Der kr\u00e6ves ingen rodet p\u00e5fyldning eller spoleskift. Pak det ud, drej til din \u00f8nskede smag, og lad enheden g\u00f8re det tunge arbejde.<\/p>\n<p data-path-to-node=\"20\"><b data-path-to-node=\"20\" data-index-in-node=\"0\">Sp: Skal jeg v\u00e6re en vape-ekspert for at bruge denne enhed?<\/b> <b data-path-to-node=\"20\" data-index-in-node=\"53\">A:<\/b> Skal du have en grad i ingeni\u00f8rkunst for at t\u00e6nde for et lys? Absolut ikke! P\u00e5 trods af sin avancerede teknologi forbliver det en sand engangsenhed. Der kr\u00e6ves ingen rodet p\u00e5fyldning eller spoleskift. Pak det ud, drej til din \u00f8nskede smag, og lad enheden g\u00f8re det tunge arbejde.<\/p>\n<p data-path-to-node=\"21\"><b data-path-to-node=\"21\" data-index-in-node=\"0\">Sp: Hvorfor skal jeg k\u00f8be JNR QUADS 4 in 1 120K til min virksomhed gennem OioVape?<\/b> <b data-path-to-node=\"21\" data-index-in-node=\"70\">A:<\/b> OioVape er din premier B2B-partner for det europ\u00e6iske marked. Vi tilbyder usl\u00e5elige fabriksdirekte bulkpriser og sender alle engrosordrer direkte fra vores tyske logistikcentral. Dette garanterer hurtig, sikker og problemfri forsendelse til Frankrig, Italien, Spanien og resten af EU, hvilket holder dine hylder fyldt og dine kunder glade.<\/p>\n<\/div>\n<\/div>\n<\/div>\n<\/div>\n<\/div>\n<\/div>\n<\/div>\n<\/div>\n<\/div>\n<\/div>\n<\/div>\n<\/div>\n<\/div>\n<\/div>\n<\/div>\n<\/div>\n<\/div>\n<\/div>\n<\/div>\n<\/div>\n<\/div>\n<\/div>\n<\/div>\n<\/div>\n<\/div>\n<\/div>\n<\/div>\n<\/div>\n<\/div>\n<\/div>\n<\/div>\n<\/div>\n<\/div>\n<\/div>\n<\/div>\n<\/div>\n<\/div>\n<\/div>\n<\/div>\n<\/div>\n<\/div>\n<\/div>\n<\/div>\n<\/div>\n<\/div>\n<\/div>\n<\/div>\n<\/div>\n<\/div>\n<\/div>\n<\/div>\n<\/div>\n<\/div>\n<\/div>\n<\/div>\n<\/div>\n<\/div>\n<\/div>\n<\/div>\n<\/div>\n<\/div>\n<\/div>\n<\/div>\n<\/div>\n<\/div>\n<\/div>\n<\/div>\n<\/div>","protected":false},"excerpt":{"rendered":"<div data-page-id=\"RAopf2sw9dtvw4cWYXpcTwo0n8g\" data-lark-html-role=\"root\" data-docx-has-block-data=\"false\">\n<div class=\"ace-line ace-line old-record-id-Uju9f3RXYd8dh2crAJbcBF3Un6M\">JNR Quads 4 i 1 120000 pust Engangsvape med 10 episke smag kombinationer. Roter mundstykket for at skifte smag uden besv\u00e6r, og quad mesh-spolen l\u00e5ser op for t\u00e6t damp og dristig smag. En smart sk\u00e6rm viser statistikker i realtid, og dens ergonomiske greb f\u00f8les fantastisk hele dagen \u2013 ideelt til smag-s\u00f8gende vapere!<\/div>\n<\/div>","protected":false},"featured_media":5833,"comment_status":"open","ping_status":"closed","template":"","meta":{"_acf_changed":false,"inline_featured_image":false,"_sitemap_exclude":false,"_sitemap_priority":"","_sitemap_frequency":""},"product_brand":[88],"product_cat":[77,239,241],"product_tag":[],"class_list":{"0":"post-5796","1":"product","2":"type-product","3":"status-publish","4":"has-post-thumbnail","6":"product_brand-jnr","7":"product_cat-jnr-puff","8":"product_cat-disposable-vape-collection","9":"product_cat-120k-puff","11":"first","12":"instock","13":"sale","14":"shipping-taxable","15":"purchasable","16":"product-type-variable","17":"has-default-attributes"},"acf":[],"tiered_pricing_type":"fixed","tiered_pricing_fixed_rules":{"30":9.92,"60":9.05,"100":8.45,"200":7.86},"tiered_pricing_product_settings":{"layout":"default","base_unit_name":{"singular":null,"plural":null},"default_variation":null},"tiered_pricing_minimum_quantity":10,"tiered_pricing_roles_data":[],"tiered_pricing_percentage_rules":[],"tiered_pricing_maximum_quantity":null,"tiered_pricing_quantity_step":"10","_links":{"self":[{"href":"https:\/\/oiovape.com\/da\/wp-json\/wp\/v2\/product\/5796","targetHints":{"allow":["GET"]}}],"collection":[{"href":"https:\/\/oiovape.com\/da\/wp-json\/wp\/v2\/product"}],"about":[{"href":"https:\/\/oiovape.com\/da\/wp-json\/wp\/v2\/types\/product"}],"replies":[{"embeddable":true,"href":"https:\/\/oiovape.com\/da\/wp-json\/wp\/v2\/comments?post=5796"}],"version-history":[{"count":6,"href":"https:\/\/oiovape.com\/da\/wp-json\/wp\/v2\/product\/5796\/revisions"}],"predecessor-version":[{"id":8338,"href":"https:\/\/oiovape.com\/da\/wp-json\/wp\/v2\/product\/5796\/revisions\/8338"}],"wp:featuredmedia":[{"embeddable":true,"href":"https:\/\/oiovape.com\/da\/wp-json\/wp\/v2\/media\/5833"}],"wp:attachment":[{"href":"https:\/\/oiovape.com\/da\/wp-json\/wp\/v2\/media?parent=5796"}],"wp:term":[{"taxonomy":"product_brand","embeddable":true,"href":"https:\/\/oiovape.com\/da\/wp-json\/wp\/v2\/product_brand?post=5796"},{"taxonomy":"product_cat","embeddable":true,"href":"https:\/\/oiovape.com\/da\/wp-json\/wp\/v2\/product_cat?post=5796"},{"taxonomy":"product_tag","embeddable":true,"href":"https:\/\/oiovape.com\/da\/wp-json\/wp\/v2\/product_tag?post=5796"}],"curies":[{"name":"wp","href":"https:\/\/api.w.org\/{rel}","templated":true}]}}