{"id":5910,"date":"2026-01-23T10:21:46","date_gmt":"2026-01-23T02:21:46","guid":{"rendered":"https:\/\/oiovape.com\/?post_type=product&#038;p=5910"},"modified":"2026-04-15T17:17:29","modified_gmt":"2026-04-15T09:17:29","slug":"fizzy-nova-20000-puffs","status":"publish","type":"product","link":"https:\/\/oiovape.com\/da\/product\/fizzy-nova-20000-puffs\/","title":{"rendered":"Fizzy Nova 20000 PUFFS Dual Mesh Coil Engangs Elektronisk Cigaret Med LCD Smart Sk\u00e6rm"},"content":{"rendered":"<div data-page-id=\"ZVeMfq8uxd7y1ycuKm5cym4LnYd\" data-lark-html-role=\"root\" data-docx-has-block-data=\"false\">\n<div data-page-id=\"Fd41fZ5N9dzRQtcRNoVc2FuDnCh\" data-lark-html-role=\"root\" data-docx-has-block-data=\"true\">\n<div data-page-id=\"BdIJfeeijdk1eucGpS8cDCBBn5c\" data-lark-html-role=\"root\" data-docx-has-block-data=\"false\">\n<div data-page-id=\"Zbg9fWx77dUuh2cIYpic25c8nyd\" data-lark-html-role=\"root\" data-docx-has-block-data=\"false\">\n<div data-page-id=\"KaIvfiurhdlCKdc0kyxcX64cnE6\" data-lark-html-role=\"root\" data-docx-has-block-data=\"true\">\n<div data-page-id=\"PbvFfqxqlddUTScRpEYcY5MHnpf\" data-lark-html-role=\"root\" data-docx-has-block-data=\"true\">\n<div data-page-id=\"GZO2f5JeudwY4jc9iJtcdk9Hnxh\" data-lark-html-role=\"root\" data-docx-has-block-data=\"false\">\n<div data-page-id=\"EZVRf2acFduXLGcseZFc4qH2n6e\" data-lark-html-role=\"root\" data-docx-has-block-data=\"false\">\n<div data-page-id=\"B8rHfcqlqdzmH5cCWCncz17Cntb\" data-lark-html-role=\"root\" data-docx-has-block-data=\"false\">\n<div data-page-id=\"B8rHfcqlqdzmH5cCWCncz17Cntb\" data-lark-html-role=\"root\" data-docx-has-block-data=\"false\">\n<div data-page-id=\"B8rHfcqlqdzmH5cCWCncz17Cntb\" data-lark-html-role=\"root\" data-docx-has-block-data=\"true\">\n<div data-page-id=\"HM70f1aoxdD0bMcxJZBcVc7ynZd\" data-lark-html-role=\"root\" data-docx-has-block-data=\"false\">\n<div data-page-id=\"NSrJfN7Ord22i0c1iwZcsF8yn8b\" data-lark-html-role=\"root\" data-docx-has-block-data=\"false\">\n<div data-page-id=\"RXEff4Mskds8o1cqL5HcGEtUnCh\" data-lark-html-role=\"root\" data-docx-has-block-data=\"false\">\n<div data-page-id=\"KJ7gfqkVndMSRJcMseScmvYwnTc\" data-lark-html-role=\"root\" data-docx-has-block-data=\"false\">\n<div class=\"ace-line ace-line old-record-id-QADAfETPudgmudc05YvcTO5fnxe\">\n<div data-page-id=\"KJ7gfqkVndMSRJcMseScmvYwnTc\" data-lark-html-role=\"root\" data-docx-has-block-data=\"false\">\n<div class=\"ace-line ace-line old-record-id-JoRkfpho8dOkiacEOascDyCOncb\">\n<div data-page-id=\"KJ7gfqkVndMSRJcMseScmvYwnTc\" data-lark-html-role=\"root\" data-docx-has-block-data=\"false\">\n<div data-page-id=\"Ju6ofQ3V4dGmePcVvJvc1gmcnZb\" data-lark-html-role=\"root\" data-docx-has-block-data=\"true\">\n<div data-page-id=\"PR9ife5PLdFabccbFgZcWgZOnTc\" data-lark-html-role=\"root\" data-docx-has-block-data=\"false\">\n<div data-page-id=\"INdrfOIGzdaenXcptrcc1BcznQc\" data-lark-html-role=\"root\" data-docx-has-block-data=\"false\">\n<div class=\"ace-line ace-line old-record-id-P0fIf4YaZdoGkbcxt5ackec2nnb\">\n<div data-page-id=\"INdrfOIGzdaenXcptrcc1BcznQc\" data-lark-html-role=\"root\" data-docx-has-block-data=\"false\">\n<div data-page-id=\"MAzCfUB73dMTQscm8eWcougVn1g\" data-lark-html-role=\"root\" data-docx-has-block-data=\"true\">\n<div data-page-id=\"AXfpf7H1odhDvGcKoUOcErN8nV7\" data-lark-html-role=\"root\" data-docx-has-block-data=\"false\">\n<div data-page-id=\"QYTKf5PvLdUNdbce2nBcW9yfnrh\" data-lark-html-role=\"root\" data-docx-has-block-data=\"false\">\n<div data-page-id=\"Pvu1f1CCBdxbjncA9pgcBTpanph\" data-lark-html-role=\"root\" data-docx-has-block-data=\"true\">\n<div data-page-id=\"Axf3fcmY8dDAhtcjVircBcphnPc\" data-lark-html-role=\"root\" data-docx-has-block-data=\"false\">\n<div data-page-id=\"KKj1f9SPmdLhhMc5E2AcNlLen6f\" data-lark-html-role=\"root\" data-docx-has-block-data=\"true\">\n<div data-page-id=\"Rx61fK1sJdXHjPcBuhZcweNhnwc\" data-lark-html-role=\"root\" data-docx-has-block-data=\"false\">\n<div data-page-id=\"L1H9fkG9Mdz45Fcy4WMc5VKXnRe\" data-lark-html-role=\"root\" data-docx-has-block-data=\"false\">\n<div data-page-id=\"L1H9fkG9Mdz45Fcy4WMc5VKXnRe\" data-lark-html-role=\"root\" data-docx-has-block-data=\"false\">\n<div data-page-id=\"D4XLfVBVrdE8mrcaYizczklLnaf\" data-lark-html-role=\"root\" data-docx-has-block-data=\"false\">\n<div data-page-id=\"WVcifIY44d5mhMcXtyEcTsfenGd\" data-lark-html-role=\"root\" data-docx-has-block-data=\"true\">\n<div data-page-id=\"LRknfa6Whd4DWCcUc0FcNKpJnyh\" data-lark-html-role=\"root\" data-docx-has-block-data=\"false\">\n<div data-page-id=\"LRknfa6Whd4DWCcUc0FcNKpJnyh\" data-lark-html-role=\"root\" data-docx-has-block-data=\"false\">\n<div data-page-id=\"XFRAfkcOEdRWh8cArQ2cJdyRnJf\" data-lark-html-role=\"root\" data-docx-has-block-data=\"true\">\n<div data-page-id=\"OQ3bfjnRddMTDGcC3ouc6xFKnWf\" data-lark-html-role=\"root\" data-docx-has-block-data=\"true\">\n<div data-page-id=\"J0iGfj1hEdjc4rcUdSmc4spMnmZ\" data-lark-html-role=\"root\" data-docx-has-block-data=\"false\">\n<div data-page-id=\"P1o7fFyNlduP8tcfZpQcagzbnIf\" data-lark-html-role=\"root\" data-docx-has-block-data=\"false\">\n<div class=\"ace-line ace-line old-record-id-P1o7fFyNlduP8tcfZpQcagzbnIf\">\n<div data-page-id=\"P1o7fFyNlduP8tcfZpQcagzbnIf\" data-lark-html-role=\"root\" data-docx-has-block-data=\"false\">\n<div data-page-id=\"U4iufW38SdttWKcTstMcTtHRnXc\" data-lark-html-role=\"root\" data-docx-has-block-data=\"true\">\n<div data-page-id=\"ONVMf7VTWddcFtcyATOchCJHnZb\" data-lark-html-role=\"root\" data-docx-has-block-data=\"true\">\n<div data-page-id=\"KoW2fSy0PdLHFlc5kSHcgvWMnYg\" data-lark-html-role=\"root\" data-docx-has-block-data=\"false\">\n<div data-page-id=\"KoW2fSy0PdLHFlc5kSHcgvWMnYg\" data-lark-html-role=\"root\" data-docx-has-block-data=\"false\">\n<div data-page-id=\"OLGhfzxC7d7EFIcLEj9cRT5ynZf\" data-lark-html-role=\"root\" data-docx-has-block-data=\"false\">\n<div data-page-id=\"DdnnfrLjzdqrFIc9Il9c7pA2noc\" data-lark-html-role=\"root\" data-docx-has-block-data=\"true\">\n<div data-page-id=\"KNzcf2o0oddkJOcztTVcqPdlnth\" data-lark-html-role=\"root\" data-docx-has-block-data=\"false\">\n<div data-page-id=\"LBU7fg5SEdkWhecGJoxca3xvnCe\" data-lark-html-role=\"root\" data-docx-has-block-data=\"false\">\n<div data-page-id=\"EB70fooS3d69bMcgWB7c5qb9n8g\" data-lark-html-role=\"root\" data-docx-has-block-data=\"false\">\n<div data-page-id=\"AogwfsZCadB6t0cAvF0cK4JLnvf\" data-lark-html-role=\"root\" data-docx-has-block-data=\"false\">\n<div data-page-id=\"AogwfsZCadB6t0cAvF0cK4JLnvf\" data-lark-html-role=\"root\" data-docx-has-block-data=\"false\">\n<div data-page-id=\"JMZIflNGddQuU0c5JZocSqlvnle\" data-lark-html-role=\"root\" data-docx-has-block-data=\"false\">\n<div data-page-id=\"JMZIflNGddQuU0c5JZocSqlvnle\" data-lark-html-role=\"root\" data-docx-has-block-data=\"true\">\n<div data-page-id=\"HtEafjjRIdPAlMc9zgYcsGy6nOe\" data-lark-html-role=\"root\" data-docx-has-block-data=\"false\">\n<div data-page-id=\"Rhnafz0WTdDeT9c43xxczsbVnJo\" data-lark-html-role=\"root\" data-docx-has-block-data=\"false\">\n<div data-page-id=\"WY0CfKdcTdf4hVcZl67ct5LGncf\" data-lark-html-role=\"root\" data-docx-has-block-data=\"true\">\n<div data-page-id=\"MkB5fF4AVdchovcoPEpc7LqvnOd\" data-lark-html-role=\"root\" data-docx-has-block-data=\"true\">\n<div data-page-id=\"MfbjfZhbhdJdA8cH1dAckqF0n6g\" data-lark-html-role=\"root\" data-docx-has-block-data=\"false\">\n<div class=\"ace-line ace-line old-record-id-W2AHfJLnjd7ugjcRLs1c8BdhnNh\">\n<div data-page-id=\"MfbjfZhbhdJdA8cH1dAckqF0n6g\" data-lark-html-role=\"root\" data-docx-has-block-data=\"false\">\n<div class=\"old-record-id-XXd1feeCZdR2hJc6evocxnh1nOg\">\n<div data-page-id=\"MfbjfZhbhdJdA8cH1dAckqF0n6g\" data-lark-html-role=\"root\" data-docx-has-block-data=\"false\">\n<div data-page-id=\"DE51fYUmxdT3ekcHzc3cGrVQnsc\" data-lark-html-role=\"root\" data-docx-has-block-data=\"false\">\n<div data-page-id=\"YSKdfaZ08dRej3ci5CccQBuOncc\" data-lark-html-role=\"root\" data-docx-has-block-data=\"true\">\n<div data-page-id=\"K6mofQmledamEFcgp1EcVobmnYd\" data-lark-html-role=\"root\" data-docx-has-block-data=\"false\">\n<h2 data-path-to-node=\"0\">Fizzy Nova 20000 Puffs Dual Mesh Disposable Vape:<\/h2>\n<p data-path-to-node=\"1\">Tr\u00e6t af enheder, der forsvinder lige n\u00e5r smagen topper? T\u00e6nk p\u00e5 din standard engangsvape som en skr\u00f8belig papirkop\u2014funktionel for et \u00f8jeblik, men i sidste ende kortvarig. Fizzy Nova 20000 Puffs fungerer mere som en lomme-kraftpakke, bygget til at modst\u00e5 uger med intensiv brug uden at miste sin kant. Med et massivt 28ml e-v\u00e6ske-reservoir og op til 20000 puffs, bygger denne enhed bro mellem bekvemmeligheden ved en engangsvape og varigheden af et pod-system. Du k\u00f8ber ikke bare et hurtigt nikotinfix; du investerer i en langsigtet, h\u00f8jkapacitets-f\u00f8lgesvend, der n\u00e6gter at give op f\u00f8r du g\u00f8r.<\/p>\n<h2 data-path-to-node=\"2\">Et metallisk l\u00e6rred bygget til daglig slid<\/h2>\n<p data-path-to-node=\"3\">Hvorfor n\u00f8jes med et billigt plastikskrog, n\u00e5r du kan gribe koldt, skabt metal? Fizzy Nova 20K kasserer konkurrenternes leget\u00f8jsagtige \u00e6stetik til fordel for en solid, metalmalet finish, der faktisk f\u00f8les v\u00e6sentlig i din h\u00e5nd. Det handler ikke kun om at se skarpt ud\u2014selvom det levende, fingeraftryksafvisende bel\u00e6gning helt sikkert fanger \u00f8jet\u2014det handler om at overleve det kaotiske virkelighed i dagligdagen. Uanset om det tumler rundt i en rodet taske eller glider over et bildashboard, absorberer det robuste chassis slid og misfarvning uden besv\u00e6r. Kombineret med et robust 850mAh-batteri, der kan genoplades via en hurtig Type-C-port, sikrer denne enhed, at dit str\u00f8mforsyning er lige s\u00e5 vedvarende som dens pansererede ydre.<\/p>\n<h3 data-path-to-node=\"4\">Dobbelt hjerte der sl\u00e5r: The Dynamic Mesh Engine<\/h3>\n<p data-path-to-node=\"5\">Hvad gavner et massivt tank, hvis smagen falder fladt halvvejs gennem? I kernen af Fizzy Nova ligger et avanceret Dual Mesh Coil-system, der opvarmer hver dr\u00e5be e-v\u00e6ske med ubarmhjertig konsistens. I stedet for at smagen falmer til en mat, br\u00e6ndt hvisken, forbliver hver tr\u00e6k lige s\u00e5 kraftig som den f\u00f8rste. Desuden s\u00e6tter denne motor dig i f\u00f8rerens s\u00e6de med dobbelt vapemodi. Vil du str\u00e6kke dit batterilevetid til en lang weekendtur? Eco-tilstand sutter din e-v\u00e6ske blidt for at maksimere levetiden. L\u00e6nges du efter en tykkere, mere intens sky? Skift til Turbo-tilstand og \u00e5bn sluserne. Det tilpasser sig dit hum\u00f8r \u00f8jeblikkeligt\u2014ingen stejl l\u00e6ringskurve p\u00e5kr\u00e6vet.<\/p>\n<h4 data-path-to-node=\"6\">Ikke mere g\u00e6tteri: The Smart LCD Dashboard<\/h4>\n<p data-path-to-node=\"7\">Har du nogensinde spillet batteriroulette med en gammel engangsvape og h\u00e5bet p\u00e5, at den ikke ville d\u00f8 p\u00e5 en aften ud? Fizzy Nova 20000 Puffs eliminerer helt denne angst. Det klare LCD-sk\u00e6rm, der sidder ved bunden af enheden, er ikke bare en glinsende motorhjelm; det er et vitalt dashboardur, der holder dig v\u00e6k fra r\u00f8dt omr\u00e5de. Det viser tydeligt b\u00e5de din n\u00f8jagtige batteriprocent og dine resterende e-v\u00e6ske-niveauer i realtid. Du ved altid pr\u00e6cis, hvor du st\u00e5r, s\u00e5 du kan lade op f\u00f8r du forlader huset i stedet for at blive overrasket af et pludseligt, blinkende d\u00f8dslys.<\/p>\n<h5 data-path-to-node=\"8\">Smag-profiler, der aldrig for\u00e5rsager tr\u00e6thed<\/h5>\n<p data-path-to-node=\"9\">At finde en smag, der ikke overv\u00e6lder din gane efter tusind puffs, er en udfordring, ikke? Fizzy Nova's smag-lineup l\u00f8ser dette ved at l\u00e6ne sig tungt op ad krispet, fizzy-inspirerede frugtblandinger, der prioriterer klarhed over klistret s\u00f8dt. Forestil dig en perfekt stemt akustisk guitar, hvor hver note lyder sandt\u2014det er s\u00e5dan disse profiler rammer. Uanset om du jagter det skarpe bid af Lemon Lime eller den glat, cremede ud\u00e5nding af Blueberry Coconut, forbliver smagen levende og ren. Det er designet specifikt til marathon-vaping, hvilket sikrer, at du ikke bliver tr\u00e6t af din valgte blanding selv uger senere.<\/p>\n<h2 data-path-to-node=\"11\">Puff 20K Fizzy Nova Disposable Vape vigtige funktioner:<\/h2>\n<ul data-path-to-node=\"12\">\n<li>\n<p data-path-to-node=\"12,0,0\"><b data-path-to-node=\"12,0,0\" data-index-in-node=\"0\">Puffantal:<\/b> Op til 20000 puffs<\/p>\n<\/li>\n<li>\n<p data-path-to-node=\"12,1,0\"><b data-path-to-node=\"12,1,0\" data-index-in-node=\"0\">E-v\u00e6skekapacitet:<\/b> Massivt 28ml reservoir<\/p>\n<\/li>\n<li>\n<p data-path-to-node=\"12,2,0\"><b data-path-to-node=\"12,2,0\" data-index-in-node=\"0\">Batteri:<\/b> 850mAh, genopladelig til l\u00e6ngere sessioner<\/p>\n<\/li>\n<li>\n<p data-path-to-node=\"12,3,0\"><b data-path-to-node=\"12,3,0\" data-index-in-node=\"0\">Opladning:<\/b> Hurtig-opladning Type-C-port<\/p>\n<\/li>\n<li>\n<p data-path-to-node=\"12,4,0\"><b data-path-to-node=\"12,4,0\" data-index-in-node=\"0\">Coil:<\/b> Dual Mesh Coil til konsistent, glat smag-output<\/p>\n<\/li>\n<li>\n<p data-path-to-node=\"12,5,0\"><b data-path-to-node=\"12,5,0\" data-index-in-node=\"0\">Dynamiske tilstande:<\/b> Eco-tilstand for varighed, Turbo-tilstand for t\u00e6t damp<\/p>\n<\/li>\n<li>\n<p data-path-to-node=\"12,6,0\"><b data-path-to-node=\"12,6,0\" data-index-in-node=\"0\">Konstruktion:<\/b> Premium metalmalet finish for ultimativ holdbarhed<\/p>\n<\/li>\n<li>\n<p data-path-to-node=\"12,7,0\"><b data-path-to-node=\"12,7,0\" data-index-in-node=\"0\">Sk\u00e6rm:<\/b> Klart LCD-sk\u00e6rm, der sporer b\u00e5de batteri- og e-v\u00e6ske-procenter<\/p>\n<\/li>\n<\/ul>\n<p><img decoding=\"async\" class=\"alignnone wp-image-5912 size-full\" title=\"FIZZY NOVA 20k smag\" src=\"https:\/\/oiovape.com\/wp-content\/uploads\/2026\/01\/FIZZY-NOVA-20k-flavor.jpg\" alt=\"FIZZY NOVA 20k smag\" width=\"1379\" height=\"1920\" srcset=\"https:\/\/oiovape.com\/wp-content\/uploads\/2026\/01\/FIZZY-NOVA-20k-flavor.jpg 1379w, https:\/\/oiovape.com\/wp-content\/uploads\/2026\/01\/FIZZY-NOVA-20k-flavor-150x209.jpg 150w, https:\/\/oiovape.com\/wp-content\/uploads\/2026\/01\/FIZZY-NOVA-20k-flavor-1200x1671.jpg 1200w, https:\/\/oiovape.com\/wp-content\/uploads\/2026\/01\/FIZZY-NOVA-20k-flavor-215x300.jpg 215w, https:\/\/oiovape.com\/wp-content\/uploads\/2026\/01\/FIZZY-NOVA-20k-flavor-735x1024.jpg 735w, https:\/\/oiovape.com\/wp-content\/uploads\/2026\/01\/FIZZY-NOVA-20k-flavor-768x1069.jpg 768w, https:\/\/oiovape.com\/wp-content\/uploads\/2026\/01\/FIZZY-NOVA-20k-flavor-1103x1536.jpg 1103w, https:\/\/oiovape.com\/wp-content\/uploads\/2026\/01\/FIZZY-NOVA-20k-flavor-9x12.jpg 9w\" sizes=\"(max-width: 1379px) 100vw, 1379px\" \/><\/p>\n<h3 data-path-to-node=\"13\">Fizzy Nova 20k 20000 Puffs Dual Mesh Disposable Vape Smag-liste\uff1a<\/h3>\n<ul data-path-to-node=\"14\">\n<li>\n<p data-path-to-node=\"14,0,0\">Lemon Lime<\/p>\n<\/li>\n<li>\n<p data-path-to-node=\"14,1,0\">Brusende Kirseb\u00e6r<\/p>\n<\/li>\n<li>\n<p data-path-to-node=\"14,2,0\">Blandet B\u00e6r<\/p>\n<\/li>\n<li>\n<p data-path-to-node=\"14,3,0\">Jordb\u00e6r Kiwi<\/p>\n<\/li>\n<li>\n<p data-path-to-node=\"14,4,0\">Vandmelon<\/p>\n<\/li>\n<li>\n<p data-path-to-node=\"14,5,0\">Pink Lemonade<\/p>\n<\/li>\n<li>\n<p data-path-to-node=\"14,6,0\">Jordb\u00e6r<\/p>\n<\/li>\n<li>\n<p data-path-to-node=\"14,7,0\">Fersken<\/p>\n<\/li>\n<li>\n<p data-path-to-node=\"14,8,0\">Bl\u00e5b\u00e6r<\/p>\n<\/li>\n<li>\n<p data-path-to-node=\"14,9,0\">Druer<\/p>\n<\/li>\n<li>\n<p data-path-to-node=\"14,10,0\">Bl\u00e5b\u00e6r Kokosn\u00f8d<\/p>\n<\/li>\n<li>\n<p data-path-to-node=\"14,11,0\">Hindb\u00e6r Citron<\/p>\n<\/li>\n<\/ul>\n<h2 data-path-to-node=\"15\">Hvorfor v\u00e6lge Fizzy Nova 20000 pust?<\/h2>\n<p data-path-to-node=\"16\">Fizzy Nova 20000 Puffs Disposable Vape omdefinerer fuldst\u00e6ndigt, hvad en h\u00f8jkapacitets-enhed burde f\u00f8les som. Det tilbyder en kompromisl\u00f8s blanding af et massivt puff-antal, sl\u00e5ende holdbarhed og h\u00f8jt tilpasseligt damp-output. Ved at integrere en smart sk\u00e6rm og et tilpasningsbart dual-mesh-system i en premium metallisk krop, leverer det en p\u00e5lidelig, top-tier-oplevelse, der virkelig ikke f\u00f8les engangsvape overhovedet.<\/p>\n<h3 data-path-to-node=\"17\">Perfekt til:<\/h3>\n<ul data-path-to-node=\"18\">\n<li>\n<p data-path-to-node=\"18,0,0\">Vapere, der kr\u00e6ver en robust enhed, der varer uger uden at have brug for en erstatning<\/p>\n<\/li>\n<li>\n<p data-path-to-node=\"18,1,0\">Sky-jagere, der \u00f8nsker fleksibilitet til at skifte mellem glat sipping og t\u00e6t damp-hits<\/p>\n<\/li>\n<li>\n<p data-path-to-node=\"18,2,0\">Alle, der er tr\u00e6t af g\u00e6tteriet og har brug for en klar sk\u00e6rm til at overv\u00e5ge deres v\u00e6ske og batteri<\/p>\n<\/li>\n<li>\n<p data-path-to-node=\"18,3,0\">Brugere, der foretr\u00e6kker rene, konsistente frugtsmagsvarianter, der ikke bliver for s\u00f8de over tid<\/p>\n<\/li>\n<\/ul>\n<\/div>\n<\/div>\n<\/div>\n<\/div>\n<\/div>\n<\/div>\n<\/div>\n<\/div>\n<\/div>\n<\/div>\n<\/div>\n<\/div>\n<\/div>\n<\/div>\n<\/div>\n<\/div>\n<\/div>\n<\/div>\n<\/div>\n<\/div>\n<\/div>\n<\/div>\n<\/div>\n<\/div>\n<\/div>\n<\/div>\n<\/div>\n<\/div>\n<\/div>\n<\/div>\n<\/div>\n<\/div>\n<\/div>\n<\/div>\n<\/div>\n<\/div>\n<\/div>\n<\/div>\n<\/div>\n<\/div>\n<\/div>\n<\/div>\n<\/div>\n<\/div>\n<\/div>\n<\/div>\n<\/div>\n<\/div>\n<\/div>\n<\/div>\n<\/div>\n<\/div>\n<\/div>\n<\/div>\n<\/div>\n<\/div>\n<\/div>\n<\/div>\n<\/div>\n<\/div>\n<\/div>\n<\/div>\n<\/div>\n<\/div>\n<\/div>\n<\/div>\n<\/div>\n<\/div>","protected":false},"excerpt":{"rendered":"<div data-page-id=\"RAopf2sw9dtvw4cWYXpcTwo0n8g\" data-lark-html-role=\"root\" data-docx-has-block-data=\"false\">\n<div class=\"ace-line ace-line old-record-id-Uju9f3RXYd8dh2crAJbcBF3Un6M\">Fizzy Nova 20000 Puffs leverer en stabil smag med en dual mesh-coil og smarte Eco- eller Turbo-tilstande. Et 850mAh batteri, klar LCD-sk\u00e6rm og metalfinish underst\u00f8tter langvarig, glat vaping p\u00e5 tv\u00e6rs af forskellige frugtige smagsvarianter, designet til daglig brug uden un\u00f8dvendig kompleksitet og ensartet ydeevne over tid.<\/div>\n<\/div>","protected":false},"featured_media":5922,"comment_status":"open","ping_status":"closed","template":"","meta":{"_acf_changed":false,"inline_featured_image":false,"_sitemap_exclude":false,"_sitemap_priority":"","_sitemap_frequency":""},"product_brand":[297],"product_cat":[298,239,249],"product_tag":[],"class_list":{"0":"post-5910","1":"product","2":"type-product","3":"status-publish","4":"has-post-thumbnail","6":"product_brand-fizzy","7":"product_cat-fizzy-puff","8":"product_cat-disposable-vape-collection","9":"product_cat-20k-puffs","11":"first","12":"instock","13":"sale","14":"shipping-taxable","15":"purchasable","16":"product-type-variable","17":"has-default-attributes"},"acf":[],"tiered_pricing_type":"fixed","tiered_pricing_fixed_rules":{"30":10.66,"60":8.45,"100":7.58,"200":7.17},"tiered_pricing_product_settings":{"layout":"default","base_unit_name":{"singular":null,"plural":null},"default_variation":null},"tiered_pricing_minimum_quantity":null,"tiered_pricing_roles_data":[],"tiered_pricing_percentage_rules":[],"tiered_pricing_maximum_quantity":null,"tiered_pricing_quantity_step":"10","_links":{"self":[{"href":"https:\/\/oiovape.com\/da\/wp-json\/wp\/v2\/product\/5910","targetHints":{"allow":["GET"]}}],"collection":[{"href":"https:\/\/oiovape.com\/da\/wp-json\/wp\/v2\/product"}],"about":[{"href":"https:\/\/oiovape.com\/da\/wp-json\/wp\/v2\/types\/product"}],"replies":[{"embeddable":true,"href":"https:\/\/oiovape.com\/da\/wp-json\/wp\/v2\/comments?post=5910"}],"version-history":[{"count":2,"href":"https:\/\/oiovape.com\/da\/wp-json\/wp\/v2\/product\/5910\/revisions"}],"predecessor-version":[{"id":5927,"href":"https:\/\/oiovape.com\/da\/wp-json\/wp\/v2\/product\/5910\/revisions\/5927"}],"wp:featuredmedia":[{"embeddable":true,"href":"https:\/\/oiovape.com\/da\/wp-json\/wp\/v2\/media\/5922"}],"wp:attachment":[{"href":"https:\/\/oiovape.com\/da\/wp-json\/wp\/v2\/media?parent=5910"}],"wp:term":[{"taxonomy":"product_brand","embeddable":true,"href":"https:\/\/oiovape.com\/da\/wp-json\/wp\/v2\/product_brand?post=5910"},{"taxonomy":"product_cat","embeddable":true,"href":"https:\/\/oiovape.com\/da\/wp-json\/wp\/v2\/product_cat?post=5910"},{"taxonomy":"product_tag","embeddable":true,"href":"https:\/\/oiovape.com\/da\/wp-json\/wp\/v2\/product_tag?post=5910"}],"curies":[{"name":"wp","href":"https:\/\/api.w.org\/{rel}","templated":true}]}}