{"id":5939,"date":"2026-01-23T11:13:20","date_gmt":"2026-01-23T03:13:20","guid":{"rendered":"https:\/\/oiovape.com\/?post_type=product&#038;p=5939"},"modified":"2026-04-15T17:38:18","modified_gmt":"2026-04-15T09:38:18","slug":"fizzy-twins-50000-puffs","status":"publish","type":"product","link":"https:\/\/oiovape.com\/da\/product\/fizzy-twins-50000-puffs\/","title":{"rendered":"Fizzy Twins 50000 PUFFS 2 i 1 Smag LED Display 850mAh Batteri Genopladelig Engangs Vape Pen"},"content":{"rendered":"<div data-page-id=\"ZVeMfq8uxd7y1ycuKm5cym4LnYd\" data-lark-html-role=\"root\" data-docx-has-block-data=\"false\">\n<div data-page-id=\"Fd41fZ5N9dzRQtcRNoVc2FuDnCh\" data-lark-html-role=\"root\" data-docx-has-block-data=\"true\">\n<div data-page-id=\"BdIJfeeijdk1eucGpS8cDCBBn5c\" data-lark-html-role=\"root\" data-docx-has-block-data=\"false\">\n<div data-page-id=\"Zbg9fWx77dUuh2cIYpic25c8nyd\" data-lark-html-role=\"root\" data-docx-has-block-data=\"false\">\n<div data-page-id=\"KaIvfiurhdlCKdc0kyxcX64cnE6\" data-lark-html-role=\"root\" data-docx-has-block-data=\"true\">\n<div data-page-id=\"PbvFfqxqlddUTScRpEYcY5MHnpf\" data-lark-html-role=\"root\" data-docx-has-block-data=\"true\">\n<div data-page-id=\"GZO2f5JeudwY4jc9iJtcdk9Hnxh\" data-lark-html-role=\"root\" data-docx-has-block-data=\"false\">\n<div data-page-id=\"EZVRf2acFduXLGcseZFc4qH2n6e\" data-lark-html-role=\"root\" data-docx-has-block-data=\"false\">\n<div data-page-id=\"B8rHfcqlqdzmH5cCWCncz17Cntb\" data-lark-html-role=\"root\" data-docx-has-block-data=\"false\">\n<div data-page-id=\"B8rHfcqlqdzmH5cCWCncz17Cntb\" data-lark-html-role=\"root\" data-docx-has-block-data=\"false\">\n<div data-page-id=\"B8rHfcqlqdzmH5cCWCncz17Cntb\" data-lark-html-role=\"root\" data-docx-has-block-data=\"true\">\n<div data-page-id=\"HM70f1aoxdD0bMcxJZBcVc7ynZd\" data-lark-html-role=\"root\" data-docx-has-block-data=\"false\">\n<div data-page-id=\"NSrJfN7Ord22i0c1iwZcsF8yn8b\" data-lark-html-role=\"root\" data-docx-has-block-data=\"false\">\n<div data-page-id=\"RXEff4Mskds8o1cqL5HcGEtUnCh\" data-lark-html-role=\"root\" data-docx-has-block-data=\"false\">\n<div data-page-id=\"KJ7gfqkVndMSRJcMseScmvYwnTc\" data-lark-html-role=\"root\" data-docx-has-block-data=\"false\">\n<div class=\"ace-line ace-line old-record-id-QADAfETPudgmudc05YvcTO5fnxe\">\n<div data-page-id=\"KJ7gfqkVndMSRJcMseScmvYwnTc\" data-lark-html-role=\"root\" data-docx-has-block-data=\"false\">\n<div class=\"ace-line ace-line old-record-id-JoRkfpho8dOkiacEOascDyCOncb\">\n<div data-page-id=\"KJ7gfqkVndMSRJcMseScmvYwnTc\" data-lark-html-role=\"root\" data-docx-has-block-data=\"false\">\n<div data-page-id=\"Ju6ofQ3V4dGmePcVvJvc1gmcnZb\" data-lark-html-role=\"root\" data-docx-has-block-data=\"true\">\n<div data-page-id=\"PR9ife5PLdFabccbFgZcWgZOnTc\" data-lark-html-role=\"root\" data-docx-has-block-data=\"false\">\n<div data-page-id=\"INdrfOIGzdaenXcptrcc1BcznQc\" data-lark-html-role=\"root\" data-docx-has-block-data=\"false\">\n<div class=\"ace-line ace-line old-record-id-P0fIf4YaZdoGkbcxt5ackec2nnb\">\n<div data-page-id=\"INdrfOIGzdaenXcptrcc1BcznQc\" data-lark-html-role=\"root\" data-docx-has-block-data=\"false\">\n<div data-page-id=\"MAzCfUB73dMTQscm8eWcougVn1g\" data-lark-html-role=\"root\" data-docx-has-block-data=\"true\">\n<div data-page-id=\"AXfpf7H1odhDvGcKoUOcErN8nV7\" data-lark-html-role=\"root\" data-docx-has-block-data=\"false\">\n<div data-page-id=\"QYTKf5PvLdUNdbce2nBcW9yfnrh\" data-lark-html-role=\"root\" data-docx-has-block-data=\"false\">\n<div data-page-id=\"Pvu1f1CCBdxbjncA9pgcBTpanph\" data-lark-html-role=\"root\" data-docx-has-block-data=\"true\">\n<div data-page-id=\"Axf3fcmY8dDAhtcjVircBcphnPc\" data-lark-html-role=\"root\" data-docx-has-block-data=\"false\">\n<div data-page-id=\"KKj1f9SPmdLhhMc5E2AcNlLen6f\" data-lark-html-role=\"root\" data-docx-has-block-data=\"true\">\n<div data-page-id=\"Rx61fK1sJdXHjPcBuhZcweNhnwc\" data-lark-html-role=\"root\" data-docx-has-block-data=\"false\">\n<div data-page-id=\"L1H9fkG9Mdz45Fcy4WMc5VKXnRe\" data-lark-html-role=\"root\" data-docx-has-block-data=\"false\">\n<div data-page-id=\"L1H9fkG9Mdz45Fcy4WMc5VKXnRe\" data-lark-html-role=\"root\" data-docx-has-block-data=\"false\">\n<div data-page-id=\"D4XLfVBVrdE8mrcaYizczklLnaf\" data-lark-html-role=\"root\" data-docx-has-block-data=\"false\">\n<div data-page-id=\"WVcifIY44d5mhMcXtyEcTsfenGd\" data-lark-html-role=\"root\" data-docx-has-block-data=\"true\">\n<div data-page-id=\"LRknfa6Whd4DWCcUc0FcNKpJnyh\" data-lark-html-role=\"root\" data-docx-has-block-data=\"false\">\n<div data-page-id=\"LRknfa6Whd4DWCcUc0FcNKpJnyh\" data-lark-html-role=\"root\" data-docx-has-block-data=\"false\">\n<div data-page-id=\"XFRAfkcOEdRWh8cArQ2cJdyRnJf\" data-lark-html-role=\"root\" data-docx-has-block-data=\"true\">\n<div data-page-id=\"OQ3bfjnRddMTDGcC3ouc6xFKnWf\" data-lark-html-role=\"root\" data-docx-has-block-data=\"true\">\n<div data-page-id=\"J0iGfj1hEdjc4rcUdSmc4spMnmZ\" data-lark-html-role=\"root\" data-docx-has-block-data=\"false\">\n<div data-page-id=\"P1o7fFyNlduP8tcfZpQcagzbnIf\" data-lark-html-role=\"root\" data-docx-has-block-data=\"false\">\n<div class=\"ace-line ace-line old-record-id-P1o7fFyNlduP8tcfZpQcagzbnIf\">\n<div data-page-id=\"P1o7fFyNlduP8tcfZpQcagzbnIf\" data-lark-html-role=\"root\" data-docx-has-block-data=\"false\">\n<div data-page-id=\"U4iufW38SdttWKcTstMcTtHRnXc\" data-lark-html-role=\"root\" data-docx-has-block-data=\"true\">\n<div data-page-id=\"ONVMf7VTWddcFtcyATOchCJHnZb\" data-lark-html-role=\"root\" data-docx-has-block-data=\"true\">\n<div data-page-id=\"KoW2fSy0PdLHFlc5kSHcgvWMnYg\" data-lark-html-role=\"root\" data-docx-has-block-data=\"false\">\n<div data-page-id=\"KoW2fSy0PdLHFlc5kSHcgvWMnYg\" data-lark-html-role=\"root\" data-docx-has-block-data=\"false\">\n<div data-page-id=\"OLGhfzxC7d7EFIcLEj9cRT5ynZf\" data-lark-html-role=\"root\" data-docx-has-block-data=\"false\">\n<div data-page-id=\"DdnnfrLjzdqrFIc9Il9c7pA2noc\" data-lark-html-role=\"root\" data-docx-has-block-data=\"true\">\n<div data-page-id=\"KNzcf2o0oddkJOcztTVcqPdlnth\" data-lark-html-role=\"root\" data-docx-has-block-data=\"false\">\n<div data-page-id=\"LBU7fg5SEdkWhecGJoxca3xvnCe\" data-lark-html-role=\"root\" data-docx-has-block-data=\"false\">\n<div data-page-id=\"EB70fooS3d69bMcgWB7c5qb9n8g\" data-lark-html-role=\"root\" data-docx-has-block-data=\"false\">\n<div data-page-id=\"AogwfsZCadB6t0cAvF0cK4JLnvf\" data-lark-html-role=\"root\" data-docx-has-block-data=\"false\">\n<div data-page-id=\"AogwfsZCadB6t0cAvF0cK4JLnvf\" data-lark-html-role=\"root\" data-docx-has-block-data=\"false\">\n<div data-page-id=\"JMZIflNGddQuU0c5JZocSqlvnle\" data-lark-html-role=\"root\" data-docx-has-block-data=\"false\">\n<div data-page-id=\"JMZIflNGddQuU0c5JZocSqlvnle\" data-lark-html-role=\"root\" data-docx-has-block-data=\"true\">\n<div data-page-id=\"HtEafjjRIdPAlMc9zgYcsGy6nOe\" data-lark-html-role=\"root\" data-docx-has-block-data=\"false\">\n<div data-page-id=\"Rhnafz0WTdDeT9c43xxczsbVnJo\" data-lark-html-role=\"root\" data-docx-has-block-data=\"false\">\n<div data-page-id=\"WY0CfKdcTdf4hVcZl67ct5LGncf\" data-lark-html-role=\"root\" data-docx-has-block-data=\"true\">\n<div data-page-id=\"MkB5fF4AVdchovcoPEpc7LqvnOd\" data-lark-html-role=\"root\" data-docx-has-block-data=\"true\">\n<div data-page-id=\"MfbjfZhbhdJdA8cH1dAckqF0n6g\" data-lark-html-role=\"root\" data-docx-has-block-data=\"false\">\n<div class=\"ace-line ace-line old-record-id-W2AHfJLnjd7ugjcRLs1c8BdhnNh\">\n<div data-page-id=\"MfbjfZhbhdJdA8cH1dAckqF0n6g\" data-lark-html-role=\"root\" data-docx-has-block-data=\"false\">\n<div class=\"old-record-id-XXd1feeCZdR2hJc6evocxnh1nOg\">\n<div data-page-id=\"MfbjfZhbhdJdA8cH1dAckqF0n6g\" data-lark-html-role=\"root\" data-docx-has-block-data=\"false\">\n<div data-page-id=\"DE51fYUmxdT3ekcHzc3cGrVQnsc\" data-lark-html-role=\"root\" data-docx-has-block-data=\"false\">\n<div data-page-id=\"YSKdfaZ08dRej3ci5CccQBuOncc\" data-lark-html-role=\"root\" data-docx-has-block-data=\"true\">\n<div data-page-id=\"K6mofQmledamEFcgp1EcVobmnYd\" data-lark-html-role=\"root\" data-docx-has-block-data=\"false\">\n<div data-page-id=\"VTgsfVLdCd9q1ucYcwRcCM0Hnof\" data-lark-html-role=\"root\" data-docx-has-block-data=\"true\">\n<div data-page-id=\"WucKfzp8RdNy8rcMJHncz4Knnac\" data-lark-html-role=\"root\" data-docx-has-block-data=\"true\">\n<h2 data-path-to-node=\"0\">Hvem siger, at du skal v\u00e6re tro mod \u00e9n smag?<\/h2>\n<h3 data-path-to-node=\"1\">Fizzy Twins 50000 Puffs: Indgang til \u201cSmag-Fission\u201d \u00c6raen\u201d<\/h3>\n<p data-path-to-node=\"2\">N\u00e5r du stadig er usikker p\u00e5, hvilken smag du skal v\u00e6lge til din n\u00e6ste vape, <b data-path-to-node=\"2\" data-index-in-node=\"83\">Fizzy Twins 50000<\/b> <strong>Puffs<\/strong> har allerede l\u00f8st dilemmaet. Hvorfor skal din gane v\u00e6re begr\u00e6nset til \u00e9n smag? Dette er ikke bare en disposable vape; det er din b\u00e6rbare mixologi-station, der giver dine smagsl\u00f8g mulighed for at skifte mellem to helt forskellige sensoriske oplevelser. Det er \u201calter ego'et\u201d inden for vaping, der virkelig forst\u00e5r dine skiftende hum\u00f8r.<\/p>\n<div style=\"width: 1920px;\" class=\"wp-video\"><video class=\"wp-video-shortcode\" id=\"video-5939-1\" width=\"1920\" height=\"1080\" preload=\"metadata\" controls=\"controls\"><source type=\"video\/mp4\" src=\"https:\/\/oiovape.com\/wp-content\/uploads\/2026\/04\/Fizzy-Twins-50K-Video.mp4?_=1\" \/><a href=\"https:\/\/oiovape.com\/wp-content\/uploads\/2026\/04\/Fizzy-Twins-50K-Video.mp4\">https:\/\/oiovape.com\/wp-content\/uploads\/2026\/04\/Fizzy-Twins-50K-Video.mp4<\/a><\/video><\/div>\n<h2 data-path-to-node=\"4\">\ud83c\udfd7\ufe0f Hardware-ambition: Et 50-kilometer \u201csmag-maraton\u201d<\/h2>\n<p data-path-to-node=\"5\">F\u00f8dslen af denne enhed f\u00f8les som en udfordring til gr\u00e6nserne for disposable-holdbarhed. <b data-path-to-node=\"5\" data-index-in-node=\"92\">din nye bedste ven. Med hele<\/b> er ikke blot en statistik; det betyder, at det, du holder i h\u00e5nden, ikke l\u00e6ngere er en kortvarig forbrugsvare, men en langsigtet kamerat, der vil v\u00e6re hos dig i uger, hvis ikke m\u00e5neder.<\/p>\n<h3 data-path-to-node=\"6\">\ud83d\udca7 Dual-Tank-arkitektur: Smagens suver\u00e6ne territorier<\/h3>\n<p data-path-to-node=\"7\">Inde i Fizzy Twins ligger to helt uafh\u00e6ngige <b data-path-to-node=\"7\" data-index-in-node=\"54\">25ml<\/b> reservoirer. Forestil dig at have friskhed fra en for\u00e5rmorgen i din venstre h\u00e5nd og rig intensitet fra en midnatsmys i din h\u00f8jre. Med et enkelt tryk skifter du mellem to helt forskellige sj\u00e6le.<\/p>\n<h4 data-path-to-node=\"8\">1. \u201cTankbil\u201d-kapaciteten p\u00e5 50ml<\/h4>\n<p data-path-to-node=\"9\">Med en imponerende total p\u00e5 <b data-path-to-node=\"9\" data-index-in-node=\"27\">50ml<\/b> e-v\u00e6ske er dette effektivt \u201ctankbilen\u201d i vapingverdenen. Det eliminerer \u201cp\u00e5fyldningsangst\u201d fuldst\u00e6ndigt og sikrer, at hver tr\u00e6k er lige s\u00e5 kraftfuld og oprigtig som den f\u00f8rste.<\/p>\n<h4 data-path-to-node=\"10\">2. Mesh Coil-teknologi: Pr\u00e6cisions-sculpting af hver sky<\/h4>\n<p data-path-to-node=\"11\">Udstyret med dual Mesh Coils fungerer denne teknologi som en pr\u00e6cisions-rustning for din e-v\u00e6ske. Ved at opvarme v\u00e6sken med kirurgisk ensartethed sikrer det, at fra puff #1 til puff #50.000 forbliver smagen levende \u2013 uden at give efter for den frustrerende br\u00e6ndt smag, n\u00e5r v\u00e6sken l\u00f8ber t\u00f8r.<\/p>\n<h2 data-path-to-node=\"13\">\ud83c\udfae Kontrolfreak'ens fingerspids-fantasi: Dyb tilpasning<\/h2>\n<p data-path-to-node=\"14\">Hvad er pointen med teknologi, hvis du ikke kan kommandere den? Fizzy Twins 50000 Puffs Dual Flavors Disposable Vape giver dig fuldst\u00e6ndig kontrol over din oplevelse, hvilket g\u00f8r hver tr\u00e6k til et ritual, der minder om at k\u00f8re en h\u00f8jtydende supercar.<\/p>\n<h3 data-path-to-node=\"15\">\ud83c\udfce\ufe0f Str\u00f8mmodi: Fra en \u201cblid spadsering\u201d til en \u201cvild sprint\u201d<\/h3>\n<p data-path-to-node=\"16\">Denne enhed har en integreret <b data-path-to-node=\"16\" data-index-in-node=\"35\">2-Mode Change<\/b>. Har du lyst til, at dampen skal have mere \u201cbid\u201d? Skift til <b data-path-to-node=\"16\" data-index-in-node=\"103\">Boost-tilstand<\/b> for at frigive det fulde potentiale i varmeelement, hvilket \u00f8jeblikkeligt fordobler skyt\u00e6theden og smakvirkningen.<\/p>\n<h4 data-path-to-node=\"17\">\ud83c\udf9a\ufe0f Uafh\u00e6ngig luftstr\u00f8mskontrol<\/h4>\n<p data-path-to-node=\"18\">Skyderene ved basen er ikke bare til pynt. L\u00e6nges du efter det stramme, restriktive tr\u00e6k (MTL), der efterligner en traditionel cigarette? Eller vil du \u00e5bne portene helt op for en skyet DTL (Direct-to-Lung) oplevelse? Skub skyderet, og luftens rytme er din at kommandere.<\/p>\n<h3 data-path-to-node=\"19\">\ud83d\udcca LED Smart Cockpit: Ikke mere \u201cG\u00e6tteri\u201d Vaping<\/h3>\n<p data-path-to-node=\"20\">Chassiets forside har en h\u00f8jopl\u00f8snings-LED-sk\u00e6rm. Vaping er ikke l\u00e6ngere et gissingsspil. Dit <b data-path-to-node=\"20\" data-index-in-node=\"106\">batteriprocent<\/b>, <b data-path-to-node=\"20\" data-index-in-node=\"126\">aktive smag<\/b>, <b data-path-to-node=\"20\" data-index-in-node=\"141\">str\u00f8m-tilstand<\/b>, og selv den resterende levetid pr\u00e6senteres i klar, digital detalje.<\/p>\n<h5 data-path-to-node=\"21\">\ud83d\udd0b 850mAh \u201cHjertet\u201d med Type-C Hurtig Genopladning<\/h5>\n<p data-path-to-node=\"22\">Drevet af et h\u00f8jkapacitets <b data-path-to-node=\"22\" data-index-in-node=\"27\">850mAh<\/b> lithium-batteri og en mainstream Type-C-port, selv hvis du l\u00f8ber t\u00f8r, kan du opn\u00e5 en \u201cfuldblods-opstandelse\u201d p\u00e5 det tidspunkt, det tager at spise frokost.<\/p>\n<h2 data-path-to-node=\"24\">\ud83c\udf79 12 Eksperimenter i \u201cKonflikt og Fusion\u201d \u2013 Fizzy Twins 50000 Puffs<\/h2>\n<p data-path-to-node=\"25\">Vi har kurateret 12 dobbelt-smag-parringer, hver en omhyggeligt koreograferet duet for dine sanser.<\/p>\n<ol start=\"1\" data-path-to-node=\"26\">\n<li>\n<p data-path-to-node=\"26,0,0\"><b data-path-to-node=\"26,0,0\" data-index-in-node=\"0\">Vandmelon Is &amp; Jordb\u00e6r Kiwi<\/b> \u2013 Det spr\u00f8de kn\u00e6k af frossen vandmelon m\u00f8der det s\u00f8dtsurt slag af jordb\u00e6r-kiwi.<\/p>\n<\/li>\n<li>\n<p data-path-to-node=\"26,1,0\"><b data-path-to-node=\"26,1,0\" data-index-in-node=\"0\">Jordb\u00e6r Kiwi Granat\u00e6ble &amp; Red Bull<\/b> \u2013 En frugt-trio m\u00f8der en kemisk reaktion med det ikoniske energi-kick.<\/p>\n<\/li>\n<li>\n<p data-path-to-node=\"26,2,0\"><b data-path-to-node=\"26,2,0\" data-index-in-node=\"0\">Bl\u00e5b\u00e6r Kokos &amp; Drupe Is<\/b> \u2013 Cremede bl\u00e5b\u00e6r-kokos skifter problemfrit til en kold, line\u00e6r drueverden.<\/p>\n<\/li>\n<li>\n<p data-path-to-node=\"26,3,0\"><b data-path-to-node=\"26,3,0\" data-index-in-node=\"0\">Bl\u00e5 Razz Lemonade &amp; Triple Melon<\/b> \u2013 Syrligheden af bl\u00e5 razz-limonade v\u00e6vet sammen med en honningfuld tre-melon-melodi.<\/p>\n<\/li>\n<li>\n<p data-path-to-node=\"26,4,0\"><b data-path-to-node=\"26,4,0\" data-index-in-node=\"0\">Jordb\u00e6r Vandmelon &amp; Bl\u00e5b\u00e6r Is<\/b> \u2013 En klassisk pink romance m\u00f8der en dyb-bl\u00e5 frossen tundra.<\/p>\n<\/li>\n<li>\n<p data-path-to-node=\"26,5,0\"><b data-path-to-node=\"26,5,0\" data-index-in-node=\"0\">Fersken Mango Vandmelon &amp; Jordb\u00e6r Banan<\/b> \u2013 En tropisk storm fusioneret med den silkebl\u00f8de, cremede tekstur af jordb\u00e6r-banan.<\/p>\n<\/li>\n<li>\n<p data-path-to-node=\"26,6,0\"><b data-path-to-node=\"26,6,0\" data-index-in-node=\"0\">Hindb\u00e6r Vandmelon &amp; Kiwi Passionsfrugt Guava<\/b> \u2013 Vilde b\u00e6r-energi stillet over for eksotisk tropisk royalitet.<\/p>\n<\/li>\n<li>\n<p data-path-to-node=\"26,7,0\"><b data-path-to-node=\"26,7,0\" data-index-in-node=\"0\">Ananas Fersken Passionsfrugt &amp; Bl\u00e5b\u00e6r Hindb\u00e6r<\/b> \u2013 Solbeskinnede gyldne frugter der ser hen over lilla skovskatte.<\/p>\n<\/li>\n<li>\n<p data-path-to-node=\"26,8,0\"><b data-path-to-node=\"26,8,0\" data-index-in-node=\"0\">Vandmelon Is &amp; Citron Lime<\/b> \u2013 Ren frossen vandmelon parret med et opv\u00e5gnings-kald af frisk citron-lime.<\/p>\n<\/li>\n<li>\n<p data-path-to-node=\"26,9,0\"><b data-path-to-node=\"26,9,0\" data-index-in-node=\"0\">Blandet B\u00e6r &amp; Fersken Is<\/b> \u2013 Et vildt b\u00e6r-karnaval blomstrende under et lag af s\u00f8dt, iskoldt fersken.<\/p>\n<\/li>\n<li>\n<p data-path-to-node=\"26,10,0\"><b data-path-to-node=\"26,10,0\" data-index-in-node=\"0\">Jordb\u00e6r Is &amp; Sprudlende Kirseb\u00e6r<\/b> \u2013 Iskoldt jordb\u00e6r og kulsyret kirseb\u00e6r: i bund og grund en sommersodavand i damperform.<\/p>\n<\/li>\n<li>\n<p data-path-to-node=\"26,11,0\"><b data-path-to-node=\"26,11,0\" data-index-in-node=\"0\">Hindb\u00e6r Lemonade &amp; Jordb\u00e6r Is<\/b> \u2013 Et frisk hindb\u00e6r-citrus-slag efterfulgt af en glat, jordb\u00e6r-is-afslutning.<\/p>\n<\/li>\n<\/ol>\n<h2 data-path-to-node=\"28\">\ud83d\udee0\ufe0f Master Specifikationer: Hardcore-Spillerens Referencev\u00e6rk<\/h2>\n<table data-path-to-node=\"29\">\n<thead>\n<tr>\n<td><strong>Funktion<\/strong><\/td>\n<td><strong>Tekniske detaljer<\/strong><\/td>\n<\/tr>\n<\/thead>\n<tbody>\n<tr>\n<td><span data-path-to-node=\"29,1,0,0\"><b data-path-to-node=\"29,1,0,0\" data-index-in-node=\"0\">Samlede Puffs<\/b><\/span><\/td>\n<td><span data-path-to-node=\"29,1,1,0\">Ca. 50000 Pust (Afh\u00e6nger af brugen)<\/span><\/td>\n<\/tr>\n<tr>\n<td><span data-path-to-node=\"29,2,0,0\"><b data-path-to-node=\"29,2,0,0\" data-index-in-node=\"0\">Total E-v\u00e6ske<\/b><\/span><\/td>\n<td><span data-path-to-node=\"29,2,1,0\">50ml (Dual 25ml tanke)<\/span><\/td>\n<\/tr>\n<tr>\n<td><span data-path-to-node=\"29,3,0,0\"><b data-path-to-node=\"29,3,0,0\" data-index-in-node=\"0\">Batterikapacitet<\/b><\/span><\/td>\n<td><span data-path-to-node=\"29,3,1,0\">850mAh genopladeligt<\/span><\/td>\n<\/tr>\n<tr>\n<td><span data-path-to-node=\"29,4,0,0\"><b data-path-to-node=\"29,4,0,0\" data-index-in-node=\"0\">Nikotinstyrke<\/b><\/span><\/td>\n<td><span data-path-to-node=\"29,4,1,0\">2% \/ 5% muligheder<\/span><\/td>\n<\/tr>\n<tr>\n<td><span data-path-to-node=\"29,5,0,0\"><b data-path-to-node=\"29,5,0,0\" data-index-in-node=\"0\">Opladningsport<\/b><\/span><\/td>\n<td><span data-path-to-node=\"29,5,1,0\">High-Speed Type-C<\/span><\/td>\n<\/tr>\n<tr>\n<td><span data-path-to-node=\"29,6,0,0\"><b data-path-to-node=\"29,6,0,0\" data-index-in-node=\"0\">Varmeelement<\/b><\/span><\/td>\n<td><span data-path-to-node=\"29,6,1,0\">Ultimate Dual Mesh Coil<\/span><\/td>\n<\/tr>\n<tr>\n<td><span data-path-to-node=\"29,7,0,0\"><b data-path-to-node=\"29,7,0,0\" data-index-in-node=\"0\">Gr\u00e6nseflade<\/b><\/span><\/td>\n<td><span data-path-to-node=\"29,7,1,0\">HD fuldfarve LED Smart sk\u00e6rm<\/span><\/td>\n<\/tr>\n<tr>\n<td><span data-path-to-node=\"29,8,0,0\"><b data-path-to-node=\"29,8,0,0\" data-index-in-node=\"0\">Luftstr\u00f8mskontrol<\/b><\/span><\/td>\n<td><span data-path-to-node=\"29,8,1,0\">Uafh\u00e6ngige Dual Side-Sliders<\/span><\/td>\n<\/tr>\n<\/tbody>\n<\/table>\n<div class=\"mceTemp\"><\/div>\n<p><img decoding=\"async\" class=\"alignnone wp-image-5941 size-full\" title=\"SPRUDLENDE Tvillinger 50k specifikation\" src=\"https:\/\/oiovape.com\/wp-content\/uploads\/2026\/01\/FIZZY-Twins-50k-specification-scaled.jpg\" alt=\"SPRUDLENDE Tvillinger 50k specifikation\" width=\"1647\" height=\"2560\" srcset=\"https:\/\/oiovape.com\/wp-content\/uploads\/2026\/01\/FIZZY-Twins-50k-specification-scaled.jpg 1647w, https:\/\/oiovape.com\/wp-content\/uploads\/2026\/01\/FIZZY-Twins-50k-specification-scaled-150x233.jpg 150w, https:\/\/oiovape.com\/wp-content\/uploads\/2026\/01\/FIZZY-Twins-50k-specification-scaled-1200x1865.jpg 1200w, https:\/\/oiovape.com\/wp-content\/uploads\/2026\/01\/FIZZY-Twins-50k-specification-193x300.jpg 193w, https:\/\/oiovape.com\/wp-content\/uploads\/2026\/01\/FIZZY-Twins-50k-specification-659x1024.jpg 659w, https:\/\/oiovape.com\/wp-content\/uploads\/2026\/01\/FIZZY-Twins-50k-specification-768x1194.jpg 768w, https:\/\/oiovape.com\/wp-content\/uploads\/2026\/01\/FIZZY-Twins-50k-specification-988x1536.jpg 988w, https:\/\/oiovape.com\/wp-content\/uploads\/2026\/01\/FIZZY-Twins-50k-specification-1318x2048.jpg 1318w, https:\/\/oiovape.com\/wp-content\/uploads\/2026\/01\/FIZZY-Twins-50k-specification-8x12.jpg 8w\" sizes=\"(max-width: 1647px) 100vw, 1647px\" \/><\/p>\n<h2 data-path-to-node=\"31\">\ud83e\udd14 Ofte stillede sp\u00f8rgsm\u00e5l: Alt hvad du skal vide<\/h2>\n<h4 data-path-to-node=\"32\">Sp1: Blandes smagene, n\u00e5r jeg skifter?<\/h4>\n<p data-path-to-node=\"33\">Absolut ikke. Fizzy Twins 50K bruger fuldst\u00e6ndig isolerede dampruter og separate reservoirer. Du kan skifte kanaler \u00f8jeblikkeligt og g\u00e5 fra det ene ekstrem til det andet uden nogen smag blanding.<\/p>\n<h4 data-path-to-node=\"34\">Sp2: Kan 50000 pust virkelig vare s\u00e5 l\u00e6nge?<\/h4>\n<p data-path-to-node=\"35\">Det afh\u00e6nger af, hvor meget du \u201cpiner\u201d det. For en casual dampere kan det nemt vare over en m\u00e5ned; selv for en cloud-chaser g\u00f8r dens udholdenhed de fleste konkurrenter til amat\u00f8rer.<\/p>\n<h4 data-path-to-node=\"36\">Sp3: Dr\u00e6ner \u201cBoost Mode\u201d v\u00e6sken hurtigere?<\/h4>\n<p data-path-to-node=\"37\">Ja. Boost Mode giver et mere intensivt halstr\u00e6k og st\u00f8rre skyer, hvilket naturligt \u00f8ger e-v\u00e6skeforbrug. Vi anbefaler at bruge det, n\u00e5r du har brug for det ekstra \u201ckick\u201d og holde dig til Normal mode til hele dagen.<\/p>\n<h4 data-path-to-node=\"38\">Sp4: Er denne enhed for kompleks for en begynder?<\/h4>\n<p data-path-to-node=\"39\">T\u00e6nk p\u00e5 det som en luksus bil med automatisk transmission. Selvom funktionerne er avancerede, er betjeningen intuitiv. Draw-activated mekanismen betyder, at du ikke engang beh\u00f8ver at trykke p\u00e5 en knap for at dampe. Bare inhal\u00e9r og g\u00e5.<\/p>\n<blockquote data-path-to-node=\"41\">\n<p data-path-to-node=\"41,0\"><b data-path-to-node=\"41,0\" data-index-in-node=\"0\">Fizzy Twins 50000 Puffs<\/b>: Stop med at g\u00f8re kompromisser. Hvis du kan f\u00e5 det hele, hvorfor n\u00f8jes med halvdelen? Kom og find din \u201csj\u00e6lebror\u201d (eller to) i dag!<\/p>\n<\/blockquote>\n<\/div>\n<\/div>\n<\/div>\n<\/div>\n<\/div>\n<\/div>\n<\/div>\n<\/div>\n<\/div>\n<\/div>\n<\/div>\n<\/div>\n<\/div>\n<\/div>\n<\/div>\n<\/div>\n<\/div>\n<\/div>\n<\/div>\n<\/div>\n<\/div>\n<\/div>\n<\/div>\n<\/div>\n<\/div>\n<\/div>\n<\/div>\n<\/div>\n<\/div>\n<\/div>\n<\/div>\n<\/div>\n<\/div>\n<\/div>\n<\/div>\n<\/div>\n<\/div>\n<\/div>\n<\/div>\n<\/div>\n<\/div>\n<\/div>\n<\/div>\n<\/div>\n<\/div>\n<\/div>\n<\/div>\n<\/div>\n<\/div>\n<\/div>\n<\/div>\n<\/div>\n<\/div>\n<\/div>\n<\/div>\n<\/div>\n<\/div>\n<\/div>\n<\/div>\n<\/div>\n<\/div>\n<\/div>\n<\/div>\n<\/div>\n<\/div>\n<\/div>\n<\/div>\n<\/div>\n<\/div>\n<\/div>","protected":false},"excerpt":{"rendered":"<div data-page-id=\"RAopf2sw9dtvw4cWYXpcTwo0n8g\" data-lark-html-role=\"root\" data-docx-has-block-data=\"false\">\n<div class=\"ace-line ace-line old-record-id-Uju9f3RXYd8dh2crAJbcBF3Un6M\">Fizzy Twins 50000 Puffs redefinerer dual-smags vaping med 12 uds\u00f8gte frugt- og isblandinger. Den har en mesh-coil, 2 tilstande, 2 luftstr\u00f8mme og et Type-C genopladeligt 850mAh batteri med LED-display. 50ml e-v\u00e6ske, 2%\/5% nikotinalternativer giver langvarig, tilpasselig og glat vaping gl\u00e6de for enhver smag.<\/div>\n<\/div>","protected":false},"featured_media":5953,"comment_status":"open","ping_status":"closed","template":"","meta":{"_acf_changed":false,"inline_featured_image":false,"_sitemap_exclude":false,"_sitemap_priority":"","_sitemap_frequency":""},"product_brand":[297],"product_cat":[298,239,243,229],"product_tag":[],"class_list":{"0":"post-5939","1":"product","2":"type-product","3":"status-publish","4":"has-post-thumbnail","6":"product_brand-fizzy","7":"product_cat-fizzy-puff","8":"product_cat-disposable-vape-collection","9":"product_cat-50k-puff","10":"product_cat-ship-from-german","12":"first","13":"instock","14":"sale","15":"shipping-taxable","16":"purchasable","17":"product-type-variable","18":"has-default-attributes"},"acf":[],"tiered_pricing_type":"fixed","tiered_pricing_fixed_rules":{"30":10.85,"60":9.6,"100":8.99,"200":8.37},"tiered_pricing_product_settings":{"layout":"default","base_unit_name":{"singular":null,"plural":null},"default_variation":null},"tiered_pricing_minimum_quantity":null,"tiered_pricing_roles_data":[],"tiered_pricing_percentage_rules":[],"tiered_pricing_maximum_quantity":null,"tiered_pricing_quantity_step":"10","_links":{"self":[{"href":"https:\/\/oiovape.com\/da\/wp-json\/wp\/v2\/product\/5939","targetHints":{"allow":["GET"]}}],"collection":[{"href":"https:\/\/oiovape.com\/da\/wp-json\/wp\/v2\/product"}],"about":[{"href":"https:\/\/oiovape.com\/da\/wp-json\/wp\/v2\/types\/product"}],"replies":[{"embeddable":true,"href":"https:\/\/oiovape.com\/da\/wp-json\/wp\/v2\/comments?post=5939"}],"version-history":[{"count":3,"href":"https:\/\/oiovape.com\/da\/wp-json\/wp\/v2\/product\/5939\/revisions"}],"predecessor-version":[{"id":8373,"href":"https:\/\/oiovape.com\/da\/wp-json\/wp\/v2\/product\/5939\/revisions\/8373"}],"wp:featuredmedia":[{"embeddable":true,"href":"https:\/\/oiovape.com\/da\/wp-json\/wp\/v2\/media\/5953"}],"wp:attachment":[{"href":"https:\/\/oiovape.com\/da\/wp-json\/wp\/v2\/media?parent=5939"}],"wp:term":[{"taxonomy":"product_brand","embeddable":true,"href":"https:\/\/oiovape.com\/da\/wp-json\/wp\/v2\/product_brand?post=5939"},{"taxonomy":"product_cat","embeddable":true,"href":"https:\/\/oiovape.com\/da\/wp-json\/wp\/v2\/product_cat?post=5939"},{"taxonomy":"product_tag","embeddable":true,"href":"https:\/\/oiovape.com\/da\/wp-json\/wp\/v2\/product_tag?post=5939"}],"curies":[{"name":"wp","href":"https:\/\/api.w.org\/{rel}","templated":true}]}}