{"id":5987,"date":"2026-01-24T10:40:06","date_gmt":"2026-01-24T02:40:06","guid":{"rendered":"https:\/\/oiovape.com\/?post_type=product&#038;p=5987"},"modified":"2026-04-15T17:52:54","modified_gmt":"2026-04-15T09:52:54","slug":"fizzy-max-iii-60000-puffs","status":"publish","type":"product","link":"https:\/\/oiovape.com\/da\/product\/fizzy-max-iii-60000-puffs\/","title":{"rendered":"Fizzy MAX III 60000 PUFFS 6 in 1 Smag 850mAh Batteri Genopladelig Disposable Vape Med Mesh Coil"},"content":{"rendered":"<div data-page-id=\"ZVeMfq8uxd7y1ycuKm5cym4LnYd\" data-lark-html-role=\"root\" data-docx-has-block-data=\"false\">\n<div data-page-id=\"Fd41fZ5N9dzRQtcRNoVc2FuDnCh\" data-lark-html-role=\"root\" data-docx-has-block-data=\"true\">\n<div data-page-id=\"BdIJfeeijdk1eucGpS8cDCBBn5c\" data-lark-html-role=\"root\" data-docx-has-block-data=\"false\">\n<div data-page-id=\"Zbg9fWx77dUuh2cIYpic25c8nyd\" data-lark-html-role=\"root\" data-docx-has-block-data=\"false\">\n<div data-page-id=\"KaIvfiurhdlCKdc0kyxcX64cnE6\" data-lark-html-role=\"root\" data-docx-has-block-data=\"true\">\n<div data-page-id=\"PbvFfqxqlddUTScRpEYcY5MHnpf\" data-lark-html-role=\"root\" data-docx-has-block-data=\"true\">\n<div data-page-id=\"GZO2f5JeudwY4jc9iJtcdk9Hnxh\" data-lark-html-role=\"root\" data-docx-has-block-data=\"false\">\n<div data-page-id=\"EZVRf2acFduXLGcseZFc4qH2n6e\" data-lark-html-role=\"root\" data-docx-has-block-data=\"false\">\n<div data-page-id=\"B8rHfcqlqdzmH5cCWCncz17Cntb\" data-lark-html-role=\"root\" data-docx-has-block-data=\"false\">\n<div data-page-id=\"B8rHfcqlqdzmH5cCWCncz17Cntb\" data-lark-html-role=\"root\" data-docx-has-block-data=\"false\">\n<div data-page-id=\"B8rHfcqlqdzmH5cCWCncz17Cntb\" data-lark-html-role=\"root\" data-docx-has-block-data=\"true\">\n<div data-page-id=\"HM70f1aoxdD0bMcxJZBcVc7ynZd\" data-lark-html-role=\"root\" data-docx-has-block-data=\"false\">\n<div data-page-id=\"NSrJfN7Ord22i0c1iwZcsF8yn8b\" data-lark-html-role=\"root\" data-docx-has-block-data=\"false\">\n<div data-page-id=\"RXEff4Mskds8o1cqL5HcGEtUnCh\" data-lark-html-role=\"root\" data-docx-has-block-data=\"false\">\n<div data-page-id=\"KJ7gfqkVndMSRJcMseScmvYwnTc\" data-lark-html-role=\"root\" data-docx-has-block-data=\"false\">\n<div class=\"ace-line ace-line old-record-id-QADAfETPudgmudc05YvcTO5fnxe\">\n<div data-page-id=\"KJ7gfqkVndMSRJcMseScmvYwnTc\" data-lark-html-role=\"root\" data-docx-has-block-data=\"false\">\n<div class=\"ace-line ace-line old-record-id-JoRkfpho8dOkiacEOascDyCOncb\">\n<div data-page-id=\"KJ7gfqkVndMSRJcMseScmvYwnTc\" data-lark-html-role=\"root\" data-docx-has-block-data=\"false\">\n<div data-page-id=\"Ju6ofQ3V4dGmePcVvJvc1gmcnZb\" data-lark-html-role=\"root\" data-docx-has-block-data=\"true\">\n<div data-page-id=\"PR9ife5PLdFabccbFgZcWgZOnTc\" data-lark-html-role=\"root\" data-docx-has-block-data=\"false\">\n<div data-page-id=\"INdrfOIGzdaenXcptrcc1BcznQc\" data-lark-html-role=\"root\" data-docx-has-block-data=\"false\">\n<div class=\"ace-line ace-line old-record-id-P0fIf4YaZdoGkbcxt5ackec2nnb\">\n<div data-page-id=\"INdrfOIGzdaenXcptrcc1BcznQc\" data-lark-html-role=\"root\" data-docx-has-block-data=\"false\">\n<div data-page-id=\"MAzCfUB73dMTQscm8eWcougVn1g\" data-lark-html-role=\"root\" data-docx-has-block-data=\"true\">\n<div data-page-id=\"AXfpf7H1odhDvGcKoUOcErN8nV7\" data-lark-html-role=\"root\" data-docx-has-block-data=\"false\">\n<div data-page-id=\"QYTKf5PvLdUNdbce2nBcW9yfnrh\" data-lark-html-role=\"root\" data-docx-has-block-data=\"false\">\n<div data-page-id=\"Pvu1f1CCBdxbjncA9pgcBTpanph\" data-lark-html-role=\"root\" data-docx-has-block-data=\"true\">\n<div data-page-id=\"Axf3fcmY8dDAhtcjVircBcphnPc\" data-lark-html-role=\"root\" data-docx-has-block-data=\"false\">\n<div data-page-id=\"KKj1f9SPmdLhhMc5E2AcNlLen6f\" data-lark-html-role=\"root\" data-docx-has-block-data=\"true\">\n<div data-page-id=\"Rx61fK1sJdXHjPcBuhZcweNhnwc\" data-lark-html-role=\"root\" data-docx-has-block-data=\"false\">\n<div data-page-id=\"L1H9fkG9Mdz45Fcy4WMc5VKXnRe\" data-lark-html-role=\"root\" data-docx-has-block-data=\"false\">\n<div data-page-id=\"L1H9fkG9Mdz45Fcy4WMc5VKXnRe\" data-lark-html-role=\"root\" data-docx-has-block-data=\"false\">\n<div data-page-id=\"D4XLfVBVrdE8mrcaYizczklLnaf\" data-lark-html-role=\"root\" data-docx-has-block-data=\"false\">\n<div data-page-id=\"WVcifIY44d5mhMcXtyEcTsfenGd\" data-lark-html-role=\"root\" data-docx-has-block-data=\"true\">\n<div data-page-id=\"LRknfa6Whd4DWCcUc0FcNKpJnyh\" data-lark-html-role=\"root\" data-docx-has-block-data=\"false\">\n<div data-page-id=\"LRknfa6Whd4DWCcUc0FcNKpJnyh\" data-lark-html-role=\"root\" data-docx-has-block-data=\"false\">\n<div data-page-id=\"XFRAfkcOEdRWh8cArQ2cJdyRnJf\" data-lark-html-role=\"root\" data-docx-has-block-data=\"true\">\n<div data-page-id=\"OQ3bfjnRddMTDGcC3ouc6xFKnWf\" data-lark-html-role=\"root\" data-docx-has-block-data=\"true\">\n<div data-page-id=\"J0iGfj1hEdjc4rcUdSmc4spMnmZ\" data-lark-html-role=\"root\" data-docx-has-block-data=\"false\">\n<div data-page-id=\"P1o7fFyNlduP8tcfZpQcagzbnIf\" data-lark-html-role=\"root\" data-docx-has-block-data=\"false\">\n<div class=\"ace-line ace-line old-record-id-P1o7fFyNlduP8tcfZpQcagzbnIf\">\n<div data-page-id=\"P1o7fFyNlduP8tcfZpQcagzbnIf\" data-lark-html-role=\"root\" data-docx-has-block-data=\"false\">\n<div data-page-id=\"U4iufW38SdttWKcTstMcTtHRnXc\" data-lark-html-role=\"root\" data-docx-has-block-data=\"true\">\n<div data-page-id=\"ONVMf7VTWddcFtcyATOchCJHnZb\" data-lark-html-role=\"root\" data-docx-has-block-data=\"true\">\n<div data-page-id=\"KoW2fSy0PdLHFlc5kSHcgvWMnYg\" data-lark-html-role=\"root\" data-docx-has-block-data=\"false\">\n<div data-page-id=\"KoW2fSy0PdLHFlc5kSHcgvWMnYg\" data-lark-html-role=\"root\" data-docx-has-block-data=\"false\">\n<div data-page-id=\"OLGhfzxC7d7EFIcLEj9cRT5ynZf\" data-lark-html-role=\"root\" data-docx-has-block-data=\"false\">\n<div data-page-id=\"DdnnfrLjzdqrFIc9Il9c7pA2noc\" data-lark-html-role=\"root\" data-docx-has-block-data=\"true\">\n<div data-page-id=\"KNzcf2o0oddkJOcztTVcqPdlnth\" data-lark-html-role=\"root\" data-docx-has-block-data=\"false\">\n<div data-page-id=\"LBU7fg5SEdkWhecGJoxca3xvnCe\" data-lark-html-role=\"root\" data-docx-has-block-data=\"false\">\n<div data-page-id=\"EB70fooS3d69bMcgWB7c5qb9n8g\" data-lark-html-role=\"root\" data-docx-has-block-data=\"false\">\n<div data-page-id=\"AogwfsZCadB6t0cAvF0cK4JLnvf\" data-lark-html-role=\"root\" data-docx-has-block-data=\"false\">\n<div data-page-id=\"AogwfsZCadB6t0cAvF0cK4JLnvf\" data-lark-html-role=\"root\" data-docx-has-block-data=\"false\">\n<div data-page-id=\"JMZIflNGddQuU0c5JZocSqlvnle\" data-lark-html-role=\"root\" data-docx-has-block-data=\"false\">\n<div data-page-id=\"JMZIflNGddQuU0c5JZocSqlvnle\" data-lark-html-role=\"root\" data-docx-has-block-data=\"true\">\n<div data-page-id=\"HtEafjjRIdPAlMc9zgYcsGy6nOe\" data-lark-html-role=\"root\" data-docx-has-block-data=\"false\">\n<div data-page-id=\"Rhnafz0WTdDeT9c43xxczsbVnJo\" data-lark-html-role=\"root\" data-docx-has-block-data=\"false\">\n<div data-page-id=\"WY0CfKdcTdf4hVcZl67ct5LGncf\" data-lark-html-role=\"root\" data-docx-has-block-data=\"true\">\n<div data-page-id=\"MkB5fF4AVdchovcoPEpc7LqvnOd\" data-lark-html-role=\"root\" data-docx-has-block-data=\"true\">\n<div data-page-id=\"MfbjfZhbhdJdA8cH1dAckqF0n6g\" data-lark-html-role=\"root\" data-docx-has-block-data=\"false\">\n<div class=\"ace-line ace-line old-record-id-W2AHfJLnjd7ugjcRLs1c8BdhnNh\">\n<div data-page-id=\"MfbjfZhbhdJdA8cH1dAckqF0n6g\" data-lark-html-role=\"root\" data-docx-has-block-data=\"false\">\n<div class=\"old-record-id-XXd1feeCZdR2hJc6evocxnh1nOg\">\n<div data-page-id=\"MfbjfZhbhdJdA8cH1dAckqF0n6g\" data-lark-html-role=\"root\" data-docx-has-block-data=\"false\">\n<div data-page-id=\"DE51fYUmxdT3ekcHzc3cGrVQnsc\" data-lark-html-role=\"root\" data-docx-has-block-data=\"false\">\n<div data-page-id=\"YSKdfaZ08dRej3ci5CccQBuOncc\" data-lark-html-role=\"root\" data-docx-has-block-data=\"true\">\n<div data-page-id=\"K6mofQmledamEFcgp1EcVobmnYd\" data-lark-html-role=\"root\" data-docx-has-block-data=\"false\">\n<div data-page-id=\"VTgsfVLdCd9q1ucYcwRcCM0Hnof\" data-lark-html-role=\"root\" data-docx-has-block-data=\"true\">\n<div data-page-id=\"WucKfzp8RdNy8rcMJHncz4Knnac\" data-lark-html-role=\"root\" data-docx-has-block-data=\"true\">\n<div data-page-id=\"IfZ9fDIBLd9b9hcJiqGcLw9Pnmh\" data-lark-html-role=\"root\" data-docx-has-block-data=\"false\">\n<h2 data-path-to-node=\"0\">Fizzy MAX III 60000 Puffs: Den evige sensoriske gala, der kroner udholdelsekongen<\/h2>\n<p data-path-to-node=\"1\">I det omfattende landskab af nikotinmuligheder, har du nogensinde lidt af \u201cflavor FOMO\u201d\u2014holdt fast i en vape mens du l\u00e6ngtes efter en andens sj\u00e6l? Eller f\u00f8lt den kolde priklen af angst, n\u00e5r dit batteri blinker r\u00f8dt midt i en lang rejse? Den <b data-path-to-node=\"1\" data-index-in-node=\"253\">Fizzy MAX III 60000 Puffs<\/b> er ikke bare her for at bryde rekorder; den er her for at afslutte \u00e6raen med kompromisser. T\u00e6nk p\u00e5 det som en lomme-jukebox, men i stedet for at afspille vinyl, spinner den en levende melodi af smage designet til at ramme din gane med kirurgisk pr\u00e6cision.<\/p>\n<p><img decoding=\"async\" class=\"alignnone wp-image-5989 size-full\" title=\"Fizzy MAX III 60k plakat\" src=\"https:\/\/oiovape.com\/wp-content\/uploads\/2026\/01\/Fizzy-MAX-III-60k-poster.jpg\" alt=\"Fizzy MAX III 60k plakat\" width=\"1920\" height=\"1245\" srcset=\"https:\/\/oiovape.com\/wp-content\/uploads\/2026\/01\/Fizzy-MAX-III-60k-poster.jpg 1920w, https:\/\/oiovape.com\/wp-content\/uploads\/2026\/01\/Fizzy-MAX-III-60k-poster-150x97.jpg 150w, https:\/\/oiovape.com\/wp-content\/uploads\/2026\/01\/Fizzy-MAX-III-60k-poster-1200x778.jpg 1200w, https:\/\/oiovape.com\/wp-content\/uploads\/2026\/01\/Fizzy-MAX-III-60k-poster-300x195.jpg 300w, https:\/\/oiovape.com\/wp-content\/uploads\/2026\/01\/Fizzy-MAX-III-60k-poster-1024x664.jpg 1024w, https:\/\/oiovape.com\/wp-content\/uploads\/2026\/01\/Fizzy-MAX-III-60k-poster-768x498.jpg 768w, https:\/\/oiovape.com\/wp-content\/uploads\/2026\/01\/Fizzy-MAX-III-60k-poster-1536x996.jpg 1536w, https:\/\/oiovape.com\/wp-content\/uploads\/2026\/01\/Fizzy-MAX-III-60k-poster-18x12.jpg 18w\" sizes=\"(max-width: 1920px) 100vw, 1920px\" \/><\/p>\n<h2 data-path-to-node=\"3\">Hvorfor er Fizzy MAX III din personlige \u201cFlavor Maestro\u201d?<\/h2>\n<p data-path-to-node=\"4\">Hvis en almindelig vape er en solooptr\u00e6den, er <b data-path-to-node=\"4\" data-index-in-node=\"47\">Fizzy MAX III<\/b> <strong>60000 Puffs<\/strong> et fuldskala filharmonisk orkester. Det n\u00e6gter at n\u00f8jes med blot levetid; det str\u00e6ber efter at give dig en billet til en anden dimension med hver ind\u00e5nding.<\/p>\n<h3 data-path-to-node=\"5\">Et 60000 Puff Marathon: Den loyale f\u00f8lgesvend for den lange rejse<\/h3>\n<p data-path-to-node=\"6\">Mens de fleste engangsvapes blot er turister i dit liv, er Fizzy MAX III 60000 Puffs den standhaftige allierede, der g\u00e5r med dig over bjerge og have. En forbl\u00f8ffende <b data-path-to-node=\"6\" data-index-in-node=\"157\">60000 puff<\/b> kapacitet betyder, at du kan holde op med at s\u00f8ge efter vape-butikker og holde op med at fylde din taske med \u201cbare-for-at-v\u00e6re-sikker\u201d reservedele. Det er en b\u00e6rbar mineral\u00e5re af energi\u2014altid der, altid klar, n\u00e5r lysten melder sig.<\/p>\n<h3 data-path-to-node=\"7\">6-i-1 Dial-to-Switch Magi: Et tryllekunstnertrick ved dine fingerspidser<\/h3>\n<p data-path-to-node=\"8\">Hvorfor b\u00e6re en kuffert af enheder, n\u00e5r du kan b\u00e6re et mesterv\u00e6rk? Ved at bruge en <b data-path-to-node=\"8\" data-index-in-node=\"80\">klassisk trekantet stabilitetskonstruktion<\/b>, roterer du simpelthen mundstykket for at glide mellem seks forskellige verdener. Denne mekaniske feedback giver mere end blot en smaks\u00e6ndring; det tilbyder et taktilt ritual for afslapning. Frisk citrus til at starte morgenen, fl\u00f8jlsagtig fl\u00f8de til eftermiddagstumpen, og en k\u00f8lig b\u00e6rfrisk brise til midnattsm\u00e5nen\u2014det er en enhed, der udvikler sig lige s\u00e5 hurtigt som dit hum\u00f8r.<\/p>\n<h2 data-path-to-node=\"10\">Pr\u00e6cisionsingeni\u00f8rarbejde: Den hardcore sj\u00e6l under neonprismen<\/h2>\n<p data-path-to-node=\"11\">\u00c6gte luksus handler ikke kun om et flashy ydre; det handler om, hvad der sker i skyggen. Fizzy Max III 6 i 1 60000 Puffs g\u00e5r dybere ned i de \u201cusynlige\u201d detaljer for at sikre, at hver puff smager lige s\u00e5 ren som den f\u00f8rste.<\/p>\n<h4 data-path-to-node=\"12\">Unik tankpartitionering: Ikke mere \u201cFlavor Trespassing\u201d<\/h4>\n<p data-path-to-node=\"13\">Det st\u00f8rste hjertesorg ved multi-smags-enheder er smaksbl\u00f8dning\u2014hvor alt til sidst smager som en mudret blanding af kemikalier. Fizzy MAX III l\u00f8ser dette med et <b data-path-to-node=\"13\" data-index-in-node=\"170\">banebrydende uafh\u00e6ngigt partitionsdesign<\/b>. Dets 60ml reservoir er opdelt i seks private \u201clejligheder,\u201d der l\u00e5ser hver essens v\u00e6k. Jordb\u00e6r bliver ved med at v\u00e6re jordb\u00e6r, og citron bliver ved med at v\u00e6re citron. Det er smaksadskillelse i sin smukkeste form.<\/p>\n<h4 data-path-to-node=\"14\">Tredje generation Mesh Coil: Giver dampen en silkebl\u00f8dt sj\u00e6l<\/h4>\n<p data-path-to-node=\"15\">Hvis e-v\u00e6sken er blodet, er mesh coilen hjertet. Det professionelt klassificerede mesh-varmeelement \u00f8ger overfladearealet for at omdanne v\u00e6ske til damp, der er s\u00e5 glat som silke. Dette er ikke blot \u201cdamp\u201d; det er en fin, mikroskopisk t\u00e5ge, der f\u00f8les som morgenluft, der ruller over din tunge\u2014t\u00e6t, konsistent og up\u00e5klagelig raffineret.<\/p>\n<h4 data-path-to-node=\"16\">Den smarte LED-cockpit: Absolut suver\u00e6nitet over din session<\/h4>\n<p data-path-to-node=\"17\">Er du tr\u00e6t af at blive overrasket af et d\u00f8dt batteri? H\u00f8jopl\u00f8snings-LED-sk\u00e6rmen ved bunden fungerer som dit flyved\u00e6k og overv\u00e5ger <b data-path-to-node=\"17\" data-index-in-node=\"139\">batteriprocent<\/b> og <b data-path-to-node=\"17\" data-index-in-node=\"162\">v\u00e6skeniveauer<\/b> i realtid. Dette er ikke g\u00e6tteri; det er datadrevet afslapning. Kombineret med <b data-path-to-node=\"17\" data-index-in-node=\"258\">Type-C hurtigladeport<\/b>, vender det tilbage til fuld kraft p\u00e5 et \u00f8jeblik og erkl\u00e6rer krig mod \u201cstr\u00f8mangst.\u201d<\/p>\n<h3 data-path-to-node=\"19\">Navigation gennem de 10 smag-konstellationer: Hvilken bane er du p\u00e5?<\/h3>\n<p data-path-to-node=\"20\">Vores mixologer har dekonstrueret frugt-, frost- og dessertelementer for at kurere ti unikke 6-i-1-matricer. Hvilken taler til din sj\u00e6l?<\/p>\n<ul>\n<li>Mulighed 1: Jordb\u00e6r Vandmelon \/ Citron Lime \/ Bl\u00e5b\u00e6r Kokos<\/li>\n<li>Mulighed 2: Bl\u00e5b\u00e6r Is \/ Fizzy Kirseb\u00e6r \/ Hindb\u00e6r Citron<\/li>\n<li>Mulighed 3: Vandmelon Is \/ Jordb\u00e6r Vanilje Kola \/ Blandede B\u00e6r<\/li>\n<li>Mulighed 4: Jordb\u00e6r Drage Frugt \/ Red Bull \/ Hindb\u00e6r Vandmelon<\/li>\n<li>Mulighed 5: Jordb\u00e6r Hindb\u00e6r \/ Mango Fersken \/ Bl\u00e5b\u00e6r Vandmelon<\/li>\n<li>Mulighed 6: Jordb\u00e6r Drue \/ Bl\u00e5b\u00e6r Kokos \/ Fersken Citron<\/li>\n<li>Mulighed 7: Bl\u00e5b\u00e6r Hindb\u00e6r \/ Tredobbelt Melon \/ Jordb\u00e6r Is<\/li>\n<li>Mulighed 8: Blandede B\u00e6r \/ Kiwi Passionsfrugt Guava \/ Jordb\u00e6r Vandmelon<\/li>\n<li>Mulighed 9: Jordb\u00e6r Kiwi \/ Bl\u00e5b\u00e6r Is \/ Vandmelon Is<\/li>\n<li>Mulighed 10: Bl\u00e5 Razz Is \/ Jordb\u00e6r Kiwi \/ Sur Ananas Orange<\/li>\n<\/ul>\n<div style=\"width: 1920px;\" class=\"wp-video\"><video class=\"wp-video-shortcode\" id=\"video-5987-1\" width=\"1920\" height=\"1080\" preload=\"metadata\" controls=\"controls\"><source type=\"video\/mp4\" src=\"https:\/\/oiovape.com\/wp-content\/uploads\/2026\/04\/Fizzy-MAX-III-60K-Video.mp4?_=1\" \/><a href=\"https:\/\/oiovape.com\/wp-content\/uploads\/2026\/04\/Fizzy-MAX-III-60K-Video.mp4\">https:\/\/oiovape.com\/wp-content\/uploads\/2026\/04\/Fizzy-MAX-III-60K-Video.mp4<\/a><\/video><\/div>\n<h3 data-path-to-node=\"28\">Fizzy MAX III 60K Performance Blueprints<\/h3>\n<table data-path-to-node=\"29\">\n<thead>\n<tr>\n<td><strong>Funktion<\/strong><\/td>\n<td><strong>Detaljeret Specifikation<\/strong><\/td>\n<\/tr>\n<\/thead>\n<tbody>\n<tr>\n<td><span data-path-to-node=\"29,1,0,0\"><b data-path-to-node=\"29,1,0,0\" data-index-in-node=\"0\">Teoretisk Puff-antal<\/b><\/span><\/td>\n<td><span data-path-to-node=\"29,1,1,0\">60000 Puffs<\/span><\/td>\n<\/tr>\n<tr>\n<td><span data-path-to-node=\"29,2,0,0\"><b data-path-to-node=\"29,2,0,0\" data-index-in-node=\"0\">Samlet E-v\u00e6ske kapacitet<\/b><\/span><\/td>\n<td><span data-path-to-node=\"29,2,1,0\">60ml (Uafh\u00e6ngig partitioneret opbevaring)<\/span><\/td>\n<\/tr>\n<tr>\n<td><span data-path-to-node=\"29,3,0,0\"><b data-path-to-node=\"29,3,0,0\" data-index-in-node=\"0\">Kerne teknologi<\/b><\/span><\/td>\n<td><span data-path-to-node=\"29,3,1,0\">6 i 1 mekanisk kontakt \/ Premium mesh-spole<\/span><\/td>\n<\/tr>\n<tr>\n<td><span data-path-to-node=\"29,4,0,0\"><b data-path-to-node=\"29,4,0,0\" data-index-in-node=\"0\">Str\u00f8mkilde<\/b><\/span><\/td>\n<td><span data-path-to-node=\"29,4,1,0\">850mAh h\u00f8j-densitet kobolt \/ Type-C hurtiglader<\/span><\/td>\n<\/tr>\n<tr>\n<td><span data-path-to-node=\"29,5,0,0\"><b data-path-to-node=\"29,5,0,0\" data-index-in-node=\"0\">Nikotinstyrke<\/b><\/span><\/td>\n<td><span data-path-to-node=\"29,5,1,0\">2% &amp; 5% (Tilg\u00e6ngelige niveauer)<\/span><\/td>\n<\/tr>\n<tr>\n<td><span data-path-to-node=\"29,6,0,0\"><b data-path-to-node=\"29,6,0,0\" data-index-in-node=\"0\">Interaktionsdesign<\/b><\/span><\/td>\n<td><span data-path-to-node=\"29,6,1,0\">Smart digital display (batteri\/v\u00e6ske)<\/span><\/td>\n<\/tr>\n<\/tbody>\n<\/table>\n<h2 data-path-to-node=\"31\">Almindelige sp\u00f8rgsm\u00e5l: Alt hvad du skal vide<\/h2>\n<h4 data-path-to-node=\"32\">Hvordan skifter jeg faktisk mellem de 6 smage?<\/h4>\n<p data-path-to-node=\"33\">Det er lige s\u00e5 intuitivt som at dreje en knap. Drej blot den \u00f8verste mundstyksdel rundt. Du vil f\u00f8le et tilfredsstillende mekanisk \u201cklik\u201d, n\u00e5r det justeres med den n\u00e6ste uafh\u00e6ngige olietank. Ingen knapper, ingen menuer \u2013 bare ren mekanisk enkelhed.<\/p>\n<h4 data-path-to-node=\"34\">Er 60.000 drag realistisk?<\/h4>\n<p data-path-to-node=\"35\">Ja, ved konstruktion. Med et massivt 60ml e-v\u00e6ske-reservoir og en h\u00f8jeffektiv mesh-spole er enheden bygget til det lange l\u00f8b. Selvom varigheden af hvert drag varierer, er den enorme m\u00e6ngde v\u00e6ske og det 850mAh genopladelige batteri designet til at holde dette maraton.<\/p>\n<h4 data-path-to-node=\"36\">Er enheden p\u00e5fyldelig, eller kan spolen udskiftes?<\/h4>\n<p data-path-to-node=\"37\">Fizzy MAX III 6 in 1 60K er en h\u00f8j-kapacitets engangsenhed designet til ultimativ bekvemmelighed. For at bevare integriteten af 6-tank-partitionen og det l\u00e6kaget\u00e6t forseglet system, er systemet lukket. N\u00e5r de 60ml v\u00e6ske er brugt op, er det tid til at v\u00e6lge dit n\u00e6ste eventyr.<\/p>\n<h4 data-path-to-node=\"38\">Hvor lang tid tager det at oplade?<\/h4>\n<p data-path-to-node=\"39\">Takket v\u00e6re Type-C hurtigopladningsintegration n\u00e5r 850mAh-batteriet typisk en funktionel ladning inden for 60\u201390 minutter. LED-displayet holder dig opdateret om fremgangen, s\u00e5 du aldrig bliver efterladt i m\u00f8rket.<\/p>\n<h4 data-path-to-node=\"40\">Blandes smagene, hvis jeg lader det ligge p\u00e5 siden?<\/h4>\n<p data-path-to-node=\"41\">Slet ikke. Det interne partition er vakuumforsegl\u00e9t. Uanset om det er i din lomme, taske eller p\u00e5 et bord, vil Blueberry Ice ikke g\u00e5 \u201cp\u00e5 bes\u00f8g\u201d hos Strawberry Vanilla Coke.<\/p>\n<\/div>\n<\/div>\n<\/div>\n<\/div>\n<\/div>\n<\/div>\n<\/div>\n<\/div>\n<\/div>\n<\/div>\n<\/div>\n<\/div>\n<\/div>\n<\/div>\n<\/div>\n<\/div>\n<\/div>\n<\/div>\n<\/div>\n<\/div>\n<\/div>\n<\/div>\n<\/div>\n<\/div>\n<\/div>\n<\/div>\n<\/div>\n<\/div>\n<\/div>\n<\/div>\n<\/div>\n<\/div>\n<\/div>\n<\/div>\n<\/div>\n<\/div>\n<\/div>\n<\/div>\n<\/div>\n<\/div>\n<\/div>\n<\/div>\n<\/div>\n<\/div>\n<\/div>\n<\/div>\n<\/div>\n<\/div>\n<\/div>\n<\/div>\n<\/div>\n<\/div>\n<\/div>\n<\/div>\n<\/div>\n<\/div>\n<\/div>\n<\/div>\n<\/div>\n<\/div>\n<\/div>\n<\/div>\n<\/div>\n<\/div>\n<\/div>\n<\/div>\n<\/div>\n<\/div>\n<\/div>\n<\/div>\n<\/div>","protected":false},"excerpt":{"rendered":"<div data-page-id=\"RAopf2sw9dtvw4cWYXpcTwo0n8g\" data-lark-html-role=\"root\" data-docx-has-block-data=\"false\">\n<div class=\"ace-line ace-line old-record-id-Uju9f3RXYd8dh2crAJbcBF3Un6M\">Fizzy MAX III 60000 Puffs giver en ultimativ dampoplevelse med 10 varianter af 6-i-1 smagsvarianter, hver kapitaliseret for autentisk smag. Den har en premium mesh-coil, 850mAh Type-C genopladeligt batteri, LED-display, 60ml e-v\u00e6ske og 2%\/5% nikotinalternativer. Massive puffs og forskellige frugtagtige, iskolde blandinger g\u00f8r den perfekt til alle dampere.<\/div>\n<\/div>","protected":false},"featured_media":5999,"comment_status":"open","ping_status":"closed","template":"","meta":{"_acf_changed":false,"inline_featured_image":false,"_sitemap_exclude":false,"_sitemap_priority":"","_sitemap_frequency":""},"product_brand":[297],"product_cat":[298,239,242,229],"product_tag":[],"class_list":{"0":"post-5987","1":"product","2":"type-product","3":"status-publish","4":"has-post-thumbnail","6":"product_brand-fizzy","7":"product_cat-fizzy-puff","8":"product_cat-disposable-vape-collection","9":"product_cat-60k-puff","10":"product_cat-ship-from-german","12":"first","13":"instock","14":"sale","15":"shipping-taxable","16":"purchasable","17":"product-type-variable","18":"has-default-attributes"},"acf":[],"tiered_pricing_type":"fixed","tiered_pricing_fixed_rules":{"30":11.35,"60":10.12,"100":9.45,"200":8.96},"tiered_pricing_product_settings":{"layout":"default","base_unit_name":{"singular":null,"plural":null},"default_variation":null},"tiered_pricing_minimum_quantity":null,"tiered_pricing_roles_data":[],"tiered_pricing_percentage_rules":[],"tiered_pricing_maximum_quantity":null,"tiered_pricing_quantity_step":"10","_links":{"self":[{"href":"https:\/\/oiovape.com\/da\/wp-json\/wp\/v2\/product\/5987","targetHints":{"allow":["GET"]}}],"collection":[{"href":"https:\/\/oiovape.com\/da\/wp-json\/wp\/v2\/product"}],"about":[{"href":"https:\/\/oiovape.com\/da\/wp-json\/wp\/v2\/types\/product"}],"replies":[{"embeddable":true,"href":"https:\/\/oiovape.com\/da\/wp-json\/wp\/v2\/comments?post=5987"}],"version-history":[{"count":2,"href":"https:\/\/oiovape.com\/da\/wp-json\/wp\/v2\/product\/5987\/revisions"}],"predecessor-version":[{"id":8376,"href":"https:\/\/oiovape.com\/da\/wp-json\/wp\/v2\/product\/5987\/revisions\/8376"}],"wp:featuredmedia":[{"embeddable":true,"href":"https:\/\/oiovape.com\/da\/wp-json\/wp\/v2\/media\/5999"}],"wp:attachment":[{"href":"https:\/\/oiovape.com\/da\/wp-json\/wp\/v2\/media?parent=5987"}],"wp:term":[{"taxonomy":"product_brand","embeddable":true,"href":"https:\/\/oiovape.com\/da\/wp-json\/wp\/v2\/product_brand?post=5987"},{"taxonomy":"product_cat","embeddable":true,"href":"https:\/\/oiovape.com\/da\/wp-json\/wp\/v2\/product_cat?post=5987"},{"taxonomy":"product_tag","embeddable":true,"href":"https:\/\/oiovape.com\/da\/wp-json\/wp\/v2\/product_tag?post=5987"}],"curies":[{"name":"wp","href":"https:\/\/api.w.org\/{rel}","templated":true}]}}