{"id":6040,"date":"2026-01-26T09:24:58","date_gmt":"2026-01-26T01:24:58","guid":{"rendered":"https:\/\/oiovape.com\/?post_type=product&#038;p=6040"},"modified":"2026-04-16T11:51:44","modified_gmt":"2026-04-16T03:51:44","slug":"uwin-crystal-10000-puffs","status":"publish","type":"product","link":"https:\/\/oiovape.com\/da\/product\/uwin-crystal-10000-puffs\/","title":{"rendered":"Uwin Crystal 10000 PUFFS 0-5% Nikotin Mesh Coil Engangs Elektroniske Cigaretter Med RGB Lys"},"content":{"rendered":"<div data-page-id=\"ZVeMfq8uxd7y1ycuKm5cym4LnYd\" data-lark-html-role=\"root\" data-docx-has-block-data=\"false\">\n<div data-page-id=\"Fd41fZ5N9dzRQtcRNoVc2FuDnCh\" data-lark-html-role=\"root\" data-docx-has-block-data=\"true\">\n<div data-page-id=\"BdIJfeeijdk1eucGpS8cDCBBn5c\" data-lark-html-role=\"root\" data-docx-has-block-data=\"false\">\n<div data-page-id=\"Zbg9fWx77dUuh2cIYpic25c8nyd\" data-lark-html-role=\"root\" data-docx-has-block-data=\"false\">\n<div data-page-id=\"KaIvfiurhdlCKdc0kyxcX64cnE6\" data-lark-html-role=\"root\" data-docx-has-block-data=\"true\">\n<div data-page-id=\"PbvFfqxqlddUTScRpEYcY5MHnpf\" data-lark-html-role=\"root\" data-docx-has-block-data=\"true\">\n<div data-page-id=\"GZO2f5JeudwY4jc9iJtcdk9Hnxh\" data-lark-html-role=\"root\" data-docx-has-block-data=\"false\">\n<div data-page-id=\"EZVRf2acFduXLGcseZFc4qH2n6e\" data-lark-html-role=\"root\" data-docx-has-block-data=\"false\">\n<div data-page-id=\"B8rHfcqlqdzmH5cCWCncz17Cntb\" data-lark-html-role=\"root\" data-docx-has-block-data=\"false\">\n<div data-page-id=\"B8rHfcqlqdzmH5cCWCncz17Cntb\" data-lark-html-role=\"root\" data-docx-has-block-data=\"false\">\n<div data-page-id=\"B8rHfcqlqdzmH5cCWCncz17Cntb\" data-lark-html-role=\"root\" data-docx-has-block-data=\"true\">\n<div data-page-id=\"HM70f1aoxdD0bMcxJZBcVc7ynZd\" data-lark-html-role=\"root\" data-docx-has-block-data=\"false\">\n<div data-page-id=\"NSrJfN7Ord22i0c1iwZcsF8yn8b\" data-lark-html-role=\"root\" data-docx-has-block-data=\"false\">\n<div data-page-id=\"RXEff4Mskds8o1cqL5HcGEtUnCh\" data-lark-html-role=\"root\" data-docx-has-block-data=\"false\">\n<div data-page-id=\"KJ7gfqkVndMSRJcMseScmvYwnTc\" data-lark-html-role=\"root\" data-docx-has-block-data=\"false\">\n<div class=\"ace-line ace-line old-record-id-QADAfETPudgmudc05YvcTO5fnxe\">\n<div data-page-id=\"KJ7gfqkVndMSRJcMseScmvYwnTc\" data-lark-html-role=\"root\" data-docx-has-block-data=\"false\">\n<div class=\"ace-line ace-line old-record-id-JoRkfpho8dOkiacEOascDyCOncb\">\n<div data-page-id=\"KJ7gfqkVndMSRJcMseScmvYwnTc\" data-lark-html-role=\"root\" data-docx-has-block-data=\"false\">\n<div data-page-id=\"Ju6ofQ3V4dGmePcVvJvc1gmcnZb\" data-lark-html-role=\"root\" data-docx-has-block-data=\"true\">\n<div data-page-id=\"PR9ife5PLdFabccbFgZcWgZOnTc\" data-lark-html-role=\"root\" data-docx-has-block-data=\"false\">\n<div data-page-id=\"INdrfOIGzdaenXcptrcc1BcznQc\" data-lark-html-role=\"root\" data-docx-has-block-data=\"false\">\n<div class=\"ace-line ace-line old-record-id-P0fIf4YaZdoGkbcxt5ackec2nnb\">\n<div data-page-id=\"INdrfOIGzdaenXcptrcc1BcznQc\" data-lark-html-role=\"root\" data-docx-has-block-data=\"false\">\n<div data-page-id=\"MAzCfUB73dMTQscm8eWcougVn1g\" data-lark-html-role=\"root\" data-docx-has-block-data=\"true\">\n<div data-page-id=\"AXfpf7H1odhDvGcKoUOcErN8nV7\" data-lark-html-role=\"root\" data-docx-has-block-data=\"false\">\n<div data-page-id=\"QYTKf5PvLdUNdbce2nBcW9yfnrh\" data-lark-html-role=\"root\" data-docx-has-block-data=\"false\">\n<div data-page-id=\"Pvu1f1CCBdxbjncA9pgcBTpanph\" data-lark-html-role=\"root\" data-docx-has-block-data=\"true\">\n<div data-page-id=\"Axf3fcmY8dDAhtcjVircBcphnPc\" data-lark-html-role=\"root\" data-docx-has-block-data=\"false\">\n<div data-page-id=\"KKj1f9SPmdLhhMc5E2AcNlLen6f\" data-lark-html-role=\"root\" data-docx-has-block-data=\"true\">\n<div data-page-id=\"Rx61fK1sJdXHjPcBuhZcweNhnwc\" data-lark-html-role=\"root\" data-docx-has-block-data=\"false\">\n<div data-page-id=\"L1H9fkG9Mdz45Fcy4WMc5VKXnRe\" data-lark-html-role=\"root\" data-docx-has-block-data=\"false\">\n<div data-page-id=\"L1H9fkG9Mdz45Fcy4WMc5VKXnRe\" data-lark-html-role=\"root\" data-docx-has-block-data=\"false\">\n<div data-page-id=\"D4XLfVBVrdE8mrcaYizczklLnaf\" data-lark-html-role=\"root\" data-docx-has-block-data=\"false\">\n<div data-page-id=\"WVcifIY44d5mhMcXtyEcTsfenGd\" data-lark-html-role=\"root\" data-docx-has-block-data=\"true\">\n<div data-page-id=\"LRknfa6Whd4DWCcUc0FcNKpJnyh\" data-lark-html-role=\"root\" data-docx-has-block-data=\"false\">\n<div data-page-id=\"LRknfa6Whd4DWCcUc0FcNKpJnyh\" data-lark-html-role=\"root\" data-docx-has-block-data=\"false\">\n<div data-page-id=\"XFRAfkcOEdRWh8cArQ2cJdyRnJf\" data-lark-html-role=\"root\" data-docx-has-block-data=\"true\">\n<div data-page-id=\"OQ3bfjnRddMTDGcC3ouc6xFKnWf\" data-lark-html-role=\"root\" data-docx-has-block-data=\"true\">\n<div data-page-id=\"J0iGfj1hEdjc4rcUdSmc4spMnmZ\" data-lark-html-role=\"root\" data-docx-has-block-data=\"false\">\n<div data-page-id=\"P1o7fFyNlduP8tcfZpQcagzbnIf\" data-lark-html-role=\"root\" data-docx-has-block-data=\"false\">\n<div class=\"ace-line ace-line old-record-id-P1o7fFyNlduP8tcfZpQcagzbnIf\">\n<div data-page-id=\"P1o7fFyNlduP8tcfZpQcagzbnIf\" data-lark-html-role=\"root\" data-docx-has-block-data=\"false\">\n<div data-page-id=\"U4iufW38SdttWKcTstMcTtHRnXc\" data-lark-html-role=\"root\" data-docx-has-block-data=\"true\">\n<div data-page-id=\"ONVMf7VTWddcFtcyATOchCJHnZb\" data-lark-html-role=\"root\" data-docx-has-block-data=\"true\">\n<div data-page-id=\"KoW2fSy0PdLHFlc5kSHcgvWMnYg\" data-lark-html-role=\"root\" data-docx-has-block-data=\"false\">\n<div data-page-id=\"KoW2fSy0PdLHFlc5kSHcgvWMnYg\" data-lark-html-role=\"root\" data-docx-has-block-data=\"false\">\n<div data-page-id=\"OLGhfzxC7d7EFIcLEj9cRT5ynZf\" data-lark-html-role=\"root\" data-docx-has-block-data=\"false\">\n<div data-page-id=\"DdnnfrLjzdqrFIc9Il9c7pA2noc\" data-lark-html-role=\"root\" data-docx-has-block-data=\"true\">\n<div data-page-id=\"KNzcf2o0oddkJOcztTVcqPdlnth\" data-lark-html-role=\"root\" data-docx-has-block-data=\"false\">\n<div data-page-id=\"LBU7fg5SEdkWhecGJoxca3xvnCe\" data-lark-html-role=\"root\" data-docx-has-block-data=\"false\">\n<div data-page-id=\"EB70fooS3d69bMcgWB7c5qb9n8g\" data-lark-html-role=\"root\" data-docx-has-block-data=\"false\">\n<div data-page-id=\"AogwfsZCadB6t0cAvF0cK4JLnvf\" data-lark-html-role=\"root\" data-docx-has-block-data=\"false\">\n<div data-page-id=\"AogwfsZCadB6t0cAvF0cK4JLnvf\" data-lark-html-role=\"root\" data-docx-has-block-data=\"false\">\n<div data-page-id=\"JMZIflNGddQuU0c5JZocSqlvnle\" data-lark-html-role=\"root\" data-docx-has-block-data=\"false\">\n<div data-page-id=\"JMZIflNGddQuU0c5JZocSqlvnle\" data-lark-html-role=\"root\" data-docx-has-block-data=\"true\">\n<div data-page-id=\"HtEafjjRIdPAlMc9zgYcsGy6nOe\" data-lark-html-role=\"root\" data-docx-has-block-data=\"false\">\n<div data-page-id=\"Rhnafz0WTdDeT9c43xxczsbVnJo\" data-lark-html-role=\"root\" data-docx-has-block-data=\"false\">\n<div data-page-id=\"WY0CfKdcTdf4hVcZl67ct5LGncf\" data-lark-html-role=\"root\" data-docx-has-block-data=\"true\">\n<div data-page-id=\"MkB5fF4AVdchovcoPEpc7LqvnOd\" data-lark-html-role=\"root\" data-docx-has-block-data=\"true\">\n<div data-page-id=\"MfbjfZhbhdJdA8cH1dAckqF0n6g\" data-lark-html-role=\"root\" data-docx-has-block-data=\"false\">\n<div class=\"ace-line ace-line old-record-id-W2AHfJLnjd7ugjcRLs1c8BdhnNh\">\n<div data-page-id=\"MfbjfZhbhdJdA8cH1dAckqF0n6g\" data-lark-html-role=\"root\" data-docx-has-block-data=\"false\">\n<div class=\"old-record-id-XXd1feeCZdR2hJc6evocxnh1nOg\">\n<div data-page-id=\"MfbjfZhbhdJdA8cH1dAckqF0n6g\" data-lark-html-role=\"root\" data-docx-has-block-data=\"false\">\n<div data-page-id=\"DE51fYUmxdT3ekcHzc3cGrVQnsc\" data-lark-html-role=\"root\" data-docx-has-block-data=\"false\">\n<div data-page-id=\"YSKdfaZ08dRej3ci5CccQBuOncc\" data-lark-html-role=\"root\" data-docx-has-block-data=\"true\">\n<div data-page-id=\"K6mofQmledamEFcgp1EcVobmnYd\" data-lark-html-role=\"root\" data-docx-has-block-data=\"false\">\n<div data-page-id=\"VTgsfVLdCd9q1ucYcwRcCM0Hnof\" data-lark-html-role=\"root\" data-docx-has-block-data=\"true\">\n<div data-page-id=\"WucKfzp8RdNy8rcMJHncz4Knnac\" data-lark-html-role=\"root\" data-docx-has-block-data=\"true\">\n<div data-page-id=\"IfZ9fDIBLd9b9hcJiqGcLw9Pnmh\" data-lark-html-role=\"root\" data-docx-has-block-data=\"false\">\n<div data-page-id=\"JeU6f3Yq5dbdEHcZDptc5ikcn5c\" data-lark-html-role=\"root\" data-docx-has-block-data=\"true\">\n<div style=\"width: 720px;\" class=\"wp-video\"><video class=\"wp-video-shortcode\" id=\"video-6040-1\" width=\"720\" height=\"1280\" preload=\"metadata\" controls=\"controls\"><source type=\"video\/mp4\" src=\"https:\/\/oiovape.com\/wp-content\/uploads\/2026\/01\/Uwin-Crystal-10k-Video.mp4?_=1\" \/><a href=\"https:\/\/oiovape.com\/wp-content\/uploads\/2026\/01\/Uwin-Crystal-10k-Video.mp4\">https:\/\/oiovape.com\/wp-content\/uploads\/2026\/01\/Uwin-Crystal-10k-Video.mp4<\/a><\/video><\/div>\n<h2 data-path-to-node=\"0\">Uwin Crystal 10000 Puffs: Hvor Cyber-Chic m\u00f8der Flavor-Marathonen<\/h2>\n<p data-path-to-node=\"1\">Tr\u00e6t af vapes, der holder op f\u00f8r weekenden overhovedet starter? Den <b data-path-to-node=\"1\" data-index-in-node=\"61\">Uwin Crystal 10000 Puffs<\/b> er ikke bare endnu en engangsvape; det er en h\u00f8jkapacitets-kraftpakke pakket ind i et fantastisk transparent chassis. Designet til dem, der kr\u00e6ver b\u00e5de \u00e6stetisk stil og utr\u00e6ttelig ydeevne, bygger denne enhed bro mellem et elegant tilbeh\u00f8r og en kraftig vapemaskine. Uanset om du navigerer gennem en travl arbejdsdag eller er tabt i rytmen af en festival, sikrer Uwin Crystal, at din smag forbliver lige s\u00e5 levende som dens RGB-gl\u00f8d.<\/p>\n<h2 data-path-to-node=\"3\">Anatomien p\u00e5 en moderne legende: Ydeelseskarakteristika<\/h2>\n<p data-path-to-node=\"4\">Uwin Crystal 10k er ikke bare et p\u00e6nt ansigt. Under dens gennemsigtige skal ligger en r\u00e6kke ingeni\u00f8rm\u00e6ssige valg designet til at holde din oplevelse glat fra f\u00f8rste tr\u00e6k til ti-tusinde.<\/p>\n<h3 data-path-to-node=\"5\">Hjerteslag: 0.8\u03a9 Mesh Coil-teknologi<\/h3>\n<p data-path-to-node=\"6\">Glem den br\u00e6ndte smag fra i g\u00e5r. Den integrerede <b data-path-to-node=\"6\" data-index-in-node=\"52\">0.8\u03a9 mesh coil<\/b> fungerer som en pr\u00e6cisions-indstillet radiator, der opvarmer e-v\u00e6sken j\u00e6vnt over et st\u00f8rre overfladeareal. Dette resulterer i en \u201ctykkere\u201d mundf\u00f8ling og en smag, der forbliver frisk og lagdelt i stedet for flad.<\/p>\n<h3 data-path-to-node=\"7\">Et reservoir, der ikke holder op: 18ml kapacitet<\/h3>\n<p data-path-to-node=\"8\">Med en massiv <b data-path-to-node=\"8\" data-index-in-node=\"15\">18ml e-v\u00e6ske tank<\/b>, er denne enhed marathonl\u00f8beren i engangsvape-verden. Den er bygget til at g\u00e5 hele vejen, hvilket sparer dig fra det konstante behov for at s\u00f8ge efter en erstatning.<\/p>\n<h3 data-path-to-node=\"9\">Kraft efter behov: 650mAh og Type-C-opladning<\/h3>\n<p data-path-to-node=\"10\">Der er intet v\u00e6rre end et d\u00f8dt batteri, n\u00e5r tanken stadig er halvfyldt. Den <b data-path-to-node=\"10\" data-index-in-node=\"81\">650mAh kobolt-batteri<\/b> giver konsistent sp\u00e6nding, og n\u00e5r det endelig falder, f\u00e5r <b data-path-to-node=\"10\" data-index-in-node=\"162\">Type-C hurtigladeport<\/b> ved bunden dig tilbage i skyerne p\u00e5 ingen tid.<\/p>\n<h2 data-path-to-node=\"12\">En visuelt kaotisk oplevelse: Crystal-designet og RGB-auraen<\/h2>\n<p data-path-to-node=\"13\">Uwin Crystal lever op til sit navn med et \u201cdual-shell\u201d-design.<\/p>\n<h4 data-path-to-node=\"14\">Urban kunst m\u00f8der transparens<\/h4>\n<p data-path-to-node=\"15\">Det indre omslag har dristige, urbant inspirerede grafik\u2014fra street-art-spr\u00f8jt til cyberpunk-karakterdesign\u2014alt sammen beskyttet af et krystalklart ydre lag, der f\u00f8les pr\u00e6mium i h\u00e5nden.<\/p>\n<h5 data-path-to-node=\"16\">Illuminering i hvert \u00f8jeblik<\/h5>\n<p data-path-to-node=\"17\">Den indbyggede <b data-path-to-node=\"17\" data-index-in-node=\"13\">RGB-belysning<\/b> giver liv til enheden med hver tr\u00e6k. Det er ikke bare en vape; det er en samtalestarter, der gl\u00f8d med sin egen personlighed, hvilket g\u00f8r det til det perfekte ledsageri til natteliv.<\/p>\n<h2 data-path-to-node=\"19\">Uwin Crystal 10000 Puffs Flavor Vault: 30 m\u00e5der at t\u00e6nde dine sanser<\/h2>\n<p data-path-to-node=\"20\">Variation er livets krydderi, og Uwin leverer et helt bibliotek med 30 smage. Hver enkelt er et flydende postkort fra et andet hj\u00f8rne af smags-verden.<\/p>\n<h3 data-path-to-node=\"21\">Udforsk det komplette sortiment:<\/h3>\n<ol start=\"1\" data-path-to-node=\"22\">\n<li>\n<p data-path-to-node=\"22,0,0\"><b data-path-to-node=\"22,0,0\" data-index-in-node=\"0\">Blueberry Raspberry<\/b><\/p>\n<\/li>\n<li>\n<p data-path-to-node=\"22,1,0\"><b data-path-to-node=\"22,1,0\" data-index-in-node=\"0\">Grape Ice<\/b><\/p>\n<\/li>\n<li>\n<p data-path-to-node=\"22,2,0\"><b data-path-to-node=\"22,2,0\" data-index-in-node=\"0\">Strawberry Watermelon<\/b><\/p>\n<\/li>\n<li>\n<p data-path-to-node=\"22,3,0\"><b data-path-to-node=\"22,3,0\" data-index-in-node=\"0\">Blueberry On Ice<\/b><\/p>\n<\/li>\n<li>\n<p data-path-to-node=\"22,4,0\"><b data-path-to-node=\"22,4,0\" data-index-in-node=\"0\">Watermelon Ice<\/b><\/p>\n<\/li>\n<li>\n<p data-path-to-node=\"22,5,0\"><b data-path-to-node=\"22,5,0\" data-index-in-node=\"0\">Cherry Ice<\/b><\/p>\n<\/li>\n<li>\n<p data-path-to-node=\"22,6,0\"><b data-path-to-node=\"22,6,0\" data-index-in-node=\"0\">Strawberry Raspberry Cherry<\/b><\/p>\n<\/li>\n<li>\n<p data-path-to-node=\"22,7,0\"><b data-path-to-node=\"22,7,0\" data-index-in-node=\"0\">Kiwi Passion Fruit Guava<\/b><\/p>\n<\/li>\n<li>\n<p data-path-to-node=\"22,8,0\"><b data-path-to-node=\"22,8,0\" data-index-in-node=\"0\">Jordb\u00e6r Is<\/b><\/p>\n<\/li>\n<li>\n<p data-path-to-node=\"22,9,0\"><b data-path-to-node=\"22,9,0\" data-index-in-node=\"0\">Fersken Is<\/b><\/p>\n<\/li>\n<li>\n<p data-path-to-node=\"22,10,0\"><b data-path-to-node=\"22,10,0\" data-index-in-node=\"0\">Jordb\u00e6r Kiwi<\/b><\/p>\n<\/li>\n<li>\n<p data-path-to-node=\"22,11,0\"><b data-path-to-node=\"22,11,0\" data-index-in-node=\"0\">Fersken B\u00e6r<\/b><\/p>\n<\/li>\n<li>\n<p data-path-to-node=\"22,12,0\"><b data-path-to-node=\"22,12,0\" data-index-in-node=\"0\">Kirseb\u00e6r Cola<\/b><\/p>\n<\/li>\n<li>\n<p data-path-to-node=\"22,13,0\"><b data-path-to-node=\"22,13,0\" data-index-in-node=\"0\">Blandet B\u00e6r<\/b><\/p>\n<\/li>\n<li>\n<p data-path-to-node=\"22,14,0\"><b data-path-to-node=\"22,14,0\" data-index-in-node=\"0\">Mr Blue<\/b><\/p>\n<\/li>\n<li>\n<p data-path-to-node=\"22,15,0\"><b data-path-to-node=\"22,15,0\" data-index-in-node=\"0\">Lady Killa<\/b><\/p>\n<\/li>\n<li>\n<p data-path-to-node=\"22,16,0\"><b data-path-to-node=\"22,16,0\" data-index-in-node=\"0\">Love 66<\/b><\/p>\n<\/li>\n<li>\n<p data-path-to-node=\"22,17,0\"><b data-path-to-node=\"22,17,0\" data-index-in-node=\"0\">Jordb\u00e6r Traneb\u00e6r Kirseb\u00e6r<\/b><\/p>\n<\/li>\n<li>\n<p data-path-to-node=\"22,18,0\"><b data-path-to-node=\"22,18,0\" data-index-in-node=\"0\">Strawberry Banana<\/b><\/p>\n<\/li>\n<li>\n<p data-path-to-node=\"22,19,0\"><b data-path-to-node=\"22,19,0\" data-index-in-node=\"0\">Fersken Mango Ananas<\/b><\/p>\n<\/li>\n<li>\n<p data-path-to-node=\"22,20,0\"><b data-path-to-node=\"22,20,0\" data-index-in-node=\"0\">Bl\u00e5 Razz Lemonade<\/b><\/p>\n<\/li>\n<li>\n<p data-path-to-node=\"22,21,0\"><b data-path-to-node=\"22,21,0\" data-index-in-node=\"0\">Red Bull<\/b><\/p>\n<\/li>\n<li>\n<p data-path-to-node=\"22,22,0\"><b data-path-to-node=\"22,22,0\" data-index-in-node=\"0\">Jordb\u00e6r Drue<\/b><\/p>\n<\/li>\n<li>\n<p data-path-to-node=\"22,23,0\"><b data-path-to-node=\"22,23,0\" data-index-in-node=\"0\">Kirseb\u00e6r B\u00e6r<\/b><\/p>\n<\/li>\n<li>\n<p data-path-to-node=\"22,24,0\"><b data-path-to-node=\"22,24,0\" data-index-in-node=\"0\">Miami Mint<\/b><\/p>\n<\/li>\n<li>\n<p data-path-to-node=\"22,25,0\"><b data-path-to-node=\"22,25,0\" data-index-in-node=\"0\">Cola Is<\/b><\/p>\n<\/li>\n<li>\n<p data-path-to-node=\"22,26,0\"><b data-path-to-node=\"22,26,0\" data-index-in-node=\"0\">To Apple<\/b><\/p>\n<\/li>\n<li>\n<p data-path-to-node=\"22,27,0\"><b data-path-to-node=\"22,27,0\" data-index-in-node=\"0\">Vanilje Is<\/b><\/p>\n<\/li>\n<li>\n<p data-path-to-node=\"22,28,0\"><b data-path-to-node=\"22,28,0\" data-index-in-node=\"0\">Passionfrugt Is<\/b><\/p>\n<\/li>\n<li>\n<p data-path-to-node=\"22,29,0\"><b data-path-to-node=\"22,29,0\" data-index-in-node=\"0\">Lemon Lime<\/b><\/p>\n<\/li>\n<\/ol>\n<p><img decoding=\"async\" class=\"alignnone wp-image-6054 size-full\" title=\"Uwin Crystal 10000 produktinformation\" src=\"https:\/\/oiovape.com\/wp-content\/uploads\/2026\/01\/Uwin-Crystal-10000-product-information.jpg\" alt=\"Uwin Crystal 10000 produktinformation\" width=\"1165\" height=\"1622\" srcset=\"https:\/\/oiovape.com\/wp-content\/uploads\/2026\/01\/Uwin-Crystal-10000-product-information.jpg 1165w, https:\/\/oiovape.com\/wp-content\/uploads\/2026\/01\/Uwin-Crystal-10000-product-information-215x300.jpg 215w, https:\/\/oiovape.com\/wp-content\/uploads\/2026\/01\/Uwin-Crystal-10000-product-information-735x1024.jpg 735w, https:\/\/oiovape.com\/wp-content\/uploads\/2026\/01\/Uwin-Crystal-10000-product-information-768x1069.jpg 768w, https:\/\/oiovape.com\/wp-content\/uploads\/2026\/01\/Uwin-Crystal-10000-product-information-1103x1536.jpg 1103w, https:\/\/oiovape.com\/wp-content\/uploads\/2026\/01\/Uwin-Crystal-10000-product-information-9x12.jpg 9w, https:\/\/oiovape.com\/wp-content\/uploads\/2026\/01\/Uwin-Crystal-10000-product-information-150x209.jpg 150w\" sizes=\"(max-width: 1165px) 100vw, 1165px\" \/><\/p>\n<h2 data-path-to-node=\"24\">Hvorfor Uwin Crystal 10k er dit n\u00e6ste daglige valg<\/h2>\n<p data-path-to-node=\"25\">Hos <b data-path-to-node=\"25\" data-index-in-node=\"3\">OioVape<\/b>, vi kuraterer enheder, der tilbyder mere end blot nikotinlevering. Vi leder efter hardware, der forbedrer din livsstil.<\/p>\n<ul data-path-to-node=\"26\">\n<li>\n<p data-path-to-node=\"26,0,0\"><b data-path-to-node=\"26,0,0\" data-index-in-node=\"0\">Tilpasset intensitet:<\/b> Med nikotinmuligheder fra <b data-path-to-node=\"26,0,0\" data-index-in-node=\"55\">0% til 5%<\/b>, kontrollerer du effekten.<\/p>\n<\/li>\n<li>\n<p data-path-to-node=\"26,1,0\"><b data-path-to-node=\"26,1,0\" data-index-in-node=\"0\">Design uden l\u00e6kage:<\/b> Den strukturelle integritet af krystalskal sikrer, at de 18ml saft forbliver i tanken, ikke i din lomme.<\/p>\n<\/li>\n<li>\n<p data-path-to-node=\"26,2,0\"><b data-path-to-node=\"26,2,0\" data-index-in-node=\"0\">Ergonomisk mundstykke:<\/b> Det klare \u201cand\u201d-fl\u00f8jtespids er udformet til at passe naturligt, hvilket g\u00f8r lange sessioner ubesv\u00e6ret.<\/p>\n<\/li>\n<\/ul>\n<h2 data-path-to-node=\"28\">Ofte stillede sp\u00f8rgsm\u00e5l<\/h2>\n<p data-path-to-node=\"29\"><b data-path-to-node=\"29\" data-index-in-node=\"0\">Sp1: Hvordan ved jeg, hvorn\u00e5r de 10000 drag er faktisk f\u00e6rdige?<\/b><\/p>\n<p data-path-to-node=\"29\">S: Du vil bem\u00e6rke et betydeligt fald i dampprodukionen og en \u00e6ndring i smagsprofilen, n\u00e5r de 18ml e-v\u00e6ske er opbrugt. Da batteriet er genopladeligt, beh\u00f8ver du aldrig at bekymre dig om, at str\u00f8mmen l\u00f8ber ud, f\u00f8r v\u00e6sken er v\u00e6k.<\/p>\n<p data-path-to-node=\"30\"><b data-path-to-node=\"30\" data-index-in-node=\"0\">Sp2: Lyser Uwin Crystal 10000 Puffs op hver gang jeg tager et drag?<\/b><\/p>\n<p data-path-to-node=\"30\">S: Ja! RGB-belysningen er aktiveret ved tr\u00e6k. Det giver vibrant visuelt feedback hver gang du inhalerer, hvilket ogs\u00e5 fungerer som batteriindikator for nogle modeller.<\/p>\n<p data-path-to-node=\"31\"><b data-path-to-node=\"31\" data-index-in-node=\"0\">Sp3: Hvor l\u00e6nge skal jeg oplade enheden?<\/b><\/p>\n<p data-path-to-node=\"31\">S: Takket v\u00e6re Type-C-porten er en hurtig opladning p\u00e5 20-30 minutter normalt nok til at f\u00e5 dig gennem dagen. Vi anbefaler ikke at lade den v\u00e6re tilsluttet natten over for at bevare 650mAh-batteriets levetid.<\/p>\n<p data-path-to-node=\"32\"><b data-path-to-node=\"32\" data-index-in-node=\"0\">Sp4: Er 0.8\u03a9 mesh-spolen bedre end almindelige spoler?<\/b><\/p>\n<p data-path-to-node=\"32\">S: Absolut. Almindelige spoler har ofte \u201cvarme punkter\u201d, men 0.8\u03a9 mesh-spolen fordeler varmen perfekt. Dette forhindrer den \u201cbr\u00e6ndt\u201d smag og g\u00f8r smage som <i data-path-to-node=\"32\" data-index-in-node=\"213\">Kiwi Passion Fruit Guava<\/i> smage pr\u00e6cis som det rigtige frugt.<\/p>\n<p data-path-to-node=\"33\"><b data-path-to-node=\"33\" data-index-in-node=\"0\">Sp5: Kan jeg v\u00e6lge en version uden nikotin?<\/b><\/p>\n<p data-path-to-node=\"33\">S: Ja! Uwin Crystal 10000 Puffs er tilg\u00e6ngelig i 0% nikotin for dem, der nyder ritualet og smagen uden stimulansen, samt 2%, 3% og 5% for dem, der foretr\u00e6kker et st\u00e6rkere halstr\u00e6k.<\/p>\n<\/div>\n<\/div>\n<\/div>\n<\/div>\n<\/div>\n<\/div>\n<\/div>\n<\/div>\n<\/div>\n<\/div>\n<\/div>\n<\/div>\n<\/div>\n<\/div>\n<\/div>\n<\/div>\n<\/div>\n<\/div>\n<\/div>\n<\/div>\n<\/div>\n<\/div>\n<\/div>\n<\/div>\n<\/div>\n<\/div>\n<\/div>\n<\/div>\n<\/div>\n<\/div>\n<\/div>\n<\/div>\n<\/div>\n<\/div>\n<\/div>\n<\/div>\n<\/div>\n<\/div>\n<\/div>\n<\/div>\n<\/div>\n<\/div>\n<\/div>\n<\/div>\n<\/div>\n<\/div>\n<\/div>\n<\/div>\n<\/div>\n<\/div>\n<\/div>\n<\/div>\n<\/div>\n<\/div>\n<\/div>\n<\/div>\n<\/div>\n<\/div>\n<\/div>\n<\/div>\n<\/div>\n<\/div>\n<\/div>\n<\/div>\n<\/div>\n<\/div>\n<\/div>\n<\/div>\n<\/div>\n<\/div>\n<\/div>\n<\/div>","protected":false},"excerpt":{"rendered":"<div data-page-id=\"RAopf2sw9dtvw4cWYXpcTwo0n8g\" data-lark-html-role=\"root\" data-docx-has-block-data=\"false\">\n<div class=\"ace-line ace-line old-record-id-Uju9f3RXYd8dh2crAJbcBF3Un6M\">Uwin Crystal 10000 Puffs er en fremragende engangs vape med 30 forskellige smagsvarianter, fra frugtagtige blandinger til kolde slurke og drikkevare-inspirerede smage. Den har 10K puffs, 18ml e-v\u00e6ske, et genopladeligt 650mAh Type-C batteri og mesh coil. Med 0%-5% nikotinalternativer er den perfekt til vapers p\u00e5 farten p\u00e5 alle niveauer.<\/div>\n<\/div>","protected":false},"featured_media":6065,"comment_status":"open","ping_status":"closed","template":"","meta":{"_acf_changed":false,"inline_featured_image":false,"_sitemap_exclude":false,"_sitemap_priority":"","_sitemap_frequency":""},"product_brand":[309],"product_cat":[310,239,250],"product_tag":[],"class_list":{"0":"post-6040","1":"product","2":"type-product","3":"status-publish","4":"has-post-thumbnail","6":"product_brand-uwin","7":"product_cat-uwin-puff","8":"product_cat-disposable-vape-collection","9":"product_cat-10k-puffs","11":"first","12":"instock","13":"sale","14":"shipping-taxable","15":"purchasable","16":"product-type-variable","17":"has-default-attributes"},"acf":[],"tiered_pricing_type":"fixed","tiered_pricing_fixed_rules":{"30":5.95,"60":4.79,"100":4.23,"200":3.99},"tiered_pricing_product_settings":{"layout":"default","base_unit_name":{"singular":null,"plural":null},"default_variation":null},"tiered_pricing_minimum_quantity":10,"tiered_pricing_roles_data":[],"tiered_pricing_percentage_rules":[],"tiered_pricing_maximum_quantity":null,"tiered_pricing_quantity_step":"10","_links":{"self":[{"href":"https:\/\/oiovape.com\/da\/wp-json\/wp\/v2\/product\/6040","targetHints":{"allow":["GET"]}}],"collection":[{"href":"https:\/\/oiovape.com\/da\/wp-json\/wp\/v2\/product"}],"about":[{"href":"https:\/\/oiovape.com\/da\/wp-json\/wp\/v2\/types\/product"}],"replies":[{"embeddable":true,"href":"https:\/\/oiovape.com\/da\/wp-json\/wp\/v2\/comments?post=6040"}],"version-history":[{"count":2,"href":"https:\/\/oiovape.com\/da\/wp-json\/wp\/v2\/product\/6040\/revisions"}],"predecessor-version":[{"id":8381,"href":"https:\/\/oiovape.com\/da\/wp-json\/wp\/v2\/product\/6040\/revisions\/8381"}],"wp:featuredmedia":[{"embeddable":true,"href":"https:\/\/oiovape.com\/da\/wp-json\/wp\/v2\/media\/6065"}],"wp:attachment":[{"href":"https:\/\/oiovape.com\/da\/wp-json\/wp\/v2\/media?parent=6040"}],"wp:term":[{"taxonomy":"product_brand","embeddable":true,"href":"https:\/\/oiovape.com\/da\/wp-json\/wp\/v2\/product_brand?post=6040"},{"taxonomy":"product_cat","embeddable":true,"href":"https:\/\/oiovape.com\/da\/wp-json\/wp\/v2\/product_cat?post=6040"},{"taxonomy":"product_tag","embeddable":true,"href":"https:\/\/oiovape.com\/da\/wp-json\/wp\/v2\/product_tag?post=6040"}],"curies":[{"name":"wp","href":"https:\/\/api.w.org\/{rel}","templated":true}]}}