{"id":6257,"date":"2026-01-27T15:55:08","date_gmt":"2026-01-27T07:55:08","guid":{"rendered":"https:\/\/oiovape.com\/?post_type=product&#038;p=6257"},"modified":"2026-04-16T14:44:43","modified_gmt":"2026-04-16T06:44:43","slug":"uwin-randm-twins-crystal-40000-puffs","status":"publish","type":"product","link":"https:\/\/oiovape.com\/da\/product\/uwin-randm-twins-crystal-40000-puffs\/","title":{"rendered":"Uwin RandM Twins Crystal 40000 PUFFS Mesh Coil 650mAh Genopladelig Vape Med Engrosk\u00f8b"},"content":{"rendered":"<div data-page-id=\"ZVeMfq8uxd7y1ycuKm5cym4LnYd\" data-lark-html-role=\"root\" data-docx-has-block-data=\"false\">\n<div data-page-id=\"Fd41fZ5N9dzRQtcRNoVc2FuDnCh\" data-lark-html-role=\"root\" data-docx-has-block-data=\"true\">\n<div data-page-id=\"BdIJfeeijdk1eucGpS8cDCBBn5c\" data-lark-html-role=\"root\" data-docx-has-block-data=\"false\">\n<div data-page-id=\"Zbg9fWx77dUuh2cIYpic25c8nyd\" data-lark-html-role=\"root\" data-docx-has-block-data=\"false\">\n<div data-page-id=\"KaIvfiurhdlCKdc0kyxcX64cnE6\" data-lark-html-role=\"root\" data-docx-has-block-data=\"true\">\n<div data-page-id=\"PbvFfqxqlddUTScRpEYcY5MHnpf\" data-lark-html-role=\"root\" data-docx-has-block-data=\"true\">\n<div data-page-id=\"GZO2f5JeudwY4jc9iJtcdk9Hnxh\" data-lark-html-role=\"root\" data-docx-has-block-data=\"false\">\n<div data-page-id=\"EZVRf2acFduXLGcseZFc4qH2n6e\" data-lark-html-role=\"root\" data-docx-has-block-data=\"false\">\n<div data-page-id=\"B8rHfcqlqdzmH5cCWCncz17Cntb\" data-lark-html-role=\"root\" data-docx-has-block-data=\"false\">\n<div data-page-id=\"B8rHfcqlqdzmH5cCWCncz17Cntb\" data-lark-html-role=\"root\" data-docx-has-block-data=\"false\">\n<div data-page-id=\"B8rHfcqlqdzmH5cCWCncz17Cntb\" data-lark-html-role=\"root\" data-docx-has-block-data=\"true\">\n<div data-page-id=\"HM70f1aoxdD0bMcxJZBcVc7ynZd\" data-lark-html-role=\"root\" data-docx-has-block-data=\"false\">\n<div data-page-id=\"NSrJfN7Ord22i0c1iwZcsF8yn8b\" data-lark-html-role=\"root\" data-docx-has-block-data=\"false\">\n<div data-page-id=\"RXEff4Mskds8o1cqL5HcGEtUnCh\" data-lark-html-role=\"root\" data-docx-has-block-data=\"false\">\n<div data-page-id=\"KJ7gfqkVndMSRJcMseScmvYwnTc\" data-lark-html-role=\"root\" data-docx-has-block-data=\"false\">\n<div class=\"ace-line ace-line old-record-id-QADAfETPudgmudc05YvcTO5fnxe\">\n<div data-page-id=\"KJ7gfqkVndMSRJcMseScmvYwnTc\" data-lark-html-role=\"root\" data-docx-has-block-data=\"false\">\n<div class=\"ace-line ace-line old-record-id-JoRkfpho8dOkiacEOascDyCOncb\">\n<div data-page-id=\"KJ7gfqkVndMSRJcMseScmvYwnTc\" data-lark-html-role=\"root\" data-docx-has-block-data=\"false\">\n<div data-page-id=\"Ju6ofQ3V4dGmePcVvJvc1gmcnZb\" data-lark-html-role=\"root\" data-docx-has-block-data=\"true\">\n<div data-page-id=\"PR9ife5PLdFabccbFgZcWgZOnTc\" data-lark-html-role=\"root\" data-docx-has-block-data=\"false\">\n<div data-page-id=\"INdrfOIGzdaenXcptrcc1BcznQc\" data-lark-html-role=\"root\" data-docx-has-block-data=\"false\">\n<div class=\"ace-line ace-line old-record-id-P0fIf4YaZdoGkbcxt5ackec2nnb\">\n<div data-page-id=\"INdrfOIGzdaenXcptrcc1BcznQc\" data-lark-html-role=\"root\" data-docx-has-block-data=\"false\">\n<div data-page-id=\"MAzCfUB73dMTQscm8eWcougVn1g\" data-lark-html-role=\"root\" data-docx-has-block-data=\"true\">\n<div data-page-id=\"AXfpf7H1odhDvGcKoUOcErN8nV7\" data-lark-html-role=\"root\" data-docx-has-block-data=\"false\">\n<div data-page-id=\"QYTKf5PvLdUNdbce2nBcW9yfnrh\" data-lark-html-role=\"root\" data-docx-has-block-data=\"false\">\n<div data-page-id=\"Pvu1f1CCBdxbjncA9pgcBTpanph\" data-lark-html-role=\"root\" data-docx-has-block-data=\"true\">\n<div data-page-id=\"Axf3fcmY8dDAhtcjVircBcphnPc\" data-lark-html-role=\"root\" data-docx-has-block-data=\"false\">\n<div data-page-id=\"KKj1f9SPmdLhhMc5E2AcNlLen6f\" data-lark-html-role=\"root\" data-docx-has-block-data=\"true\">\n<div data-page-id=\"Rx61fK1sJdXHjPcBuhZcweNhnwc\" data-lark-html-role=\"root\" data-docx-has-block-data=\"false\">\n<div data-page-id=\"L1H9fkG9Mdz45Fcy4WMc5VKXnRe\" data-lark-html-role=\"root\" data-docx-has-block-data=\"false\">\n<div data-page-id=\"L1H9fkG9Mdz45Fcy4WMc5VKXnRe\" data-lark-html-role=\"root\" data-docx-has-block-data=\"false\">\n<div data-page-id=\"D4XLfVBVrdE8mrcaYizczklLnaf\" data-lark-html-role=\"root\" data-docx-has-block-data=\"false\">\n<div data-page-id=\"WVcifIY44d5mhMcXtyEcTsfenGd\" data-lark-html-role=\"root\" data-docx-has-block-data=\"true\">\n<div data-page-id=\"LRknfa6Whd4DWCcUc0FcNKpJnyh\" data-lark-html-role=\"root\" data-docx-has-block-data=\"false\">\n<div data-page-id=\"LRknfa6Whd4DWCcUc0FcNKpJnyh\" data-lark-html-role=\"root\" data-docx-has-block-data=\"false\">\n<div data-page-id=\"XFRAfkcOEdRWh8cArQ2cJdyRnJf\" data-lark-html-role=\"root\" data-docx-has-block-data=\"true\">\n<div data-page-id=\"OQ3bfjnRddMTDGcC3ouc6xFKnWf\" data-lark-html-role=\"root\" data-docx-has-block-data=\"true\">\n<div data-page-id=\"J0iGfj1hEdjc4rcUdSmc4spMnmZ\" data-lark-html-role=\"root\" data-docx-has-block-data=\"false\">\n<div data-page-id=\"P1o7fFyNlduP8tcfZpQcagzbnIf\" data-lark-html-role=\"root\" data-docx-has-block-data=\"false\">\n<div class=\"ace-line ace-line old-record-id-P1o7fFyNlduP8tcfZpQcagzbnIf\">\n<div data-page-id=\"P1o7fFyNlduP8tcfZpQcagzbnIf\" data-lark-html-role=\"root\" data-docx-has-block-data=\"false\">\n<div data-page-id=\"U4iufW38SdttWKcTstMcTtHRnXc\" data-lark-html-role=\"root\" data-docx-has-block-data=\"true\">\n<div data-page-id=\"ONVMf7VTWddcFtcyATOchCJHnZb\" data-lark-html-role=\"root\" data-docx-has-block-data=\"true\">\n<div data-page-id=\"KoW2fSy0PdLHFlc5kSHcgvWMnYg\" data-lark-html-role=\"root\" data-docx-has-block-data=\"false\">\n<div data-page-id=\"KoW2fSy0PdLHFlc5kSHcgvWMnYg\" data-lark-html-role=\"root\" data-docx-has-block-data=\"false\">\n<div data-page-id=\"OLGhfzxC7d7EFIcLEj9cRT5ynZf\" data-lark-html-role=\"root\" data-docx-has-block-data=\"false\">\n<div data-page-id=\"DdnnfrLjzdqrFIc9Il9c7pA2noc\" data-lark-html-role=\"root\" data-docx-has-block-data=\"true\">\n<div data-page-id=\"KNzcf2o0oddkJOcztTVcqPdlnth\" data-lark-html-role=\"root\" data-docx-has-block-data=\"false\">\n<div data-page-id=\"LBU7fg5SEdkWhecGJoxca3xvnCe\" data-lark-html-role=\"root\" data-docx-has-block-data=\"false\">\n<div data-page-id=\"EB70fooS3d69bMcgWB7c5qb9n8g\" data-lark-html-role=\"root\" data-docx-has-block-data=\"false\">\n<div data-page-id=\"AogwfsZCadB6t0cAvF0cK4JLnvf\" data-lark-html-role=\"root\" data-docx-has-block-data=\"false\">\n<div data-page-id=\"AogwfsZCadB6t0cAvF0cK4JLnvf\" data-lark-html-role=\"root\" data-docx-has-block-data=\"false\">\n<div data-page-id=\"JMZIflNGddQuU0c5JZocSqlvnle\" data-lark-html-role=\"root\" data-docx-has-block-data=\"false\">\n<div data-page-id=\"JMZIflNGddQuU0c5JZocSqlvnle\" data-lark-html-role=\"root\" data-docx-has-block-data=\"true\">\n<div data-page-id=\"HtEafjjRIdPAlMc9zgYcsGy6nOe\" data-lark-html-role=\"root\" data-docx-has-block-data=\"false\">\n<div data-page-id=\"Rhnafz0WTdDeT9c43xxczsbVnJo\" data-lark-html-role=\"root\" data-docx-has-block-data=\"false\">\n<div data-page-id=\"WY0CfKdcTdf4hVcZl67ct5LGncf\" data-lark-html-role=\"root\" data-docx-has-block-data=\"true\">\n<div data-page-id=\"MkB5fF4AVdchovcoPEpc7LqvnOd\" data-lark-html-role=\"root\" data-docx-has-block-data=\"true\">\n<div data-page-id=\"MfbjfZhbhdJdA8cH1dAckqF0n6g\" data-lark-html-role=\"root\" data-docx-has-block-data=\"false\">\n<div class=\"ace-line ace-line old-record-id-W2AHfJLnjd7ugjcRLs1c8BdhnNh\">\n<div data-page-id=\"MfbjfZhbhdJdA8cH1dAckqF0n6g\" data-lark-html-role=\"root\" data-docx-has-block-data=\"false\">\n<div class=\"old-record-id-XXd1feeCZdR2hJc6evocxnh1nOg\">\n<div data-page-id=\"MfbjfZhbhdJdA8cH1dAckqF0n6g\" data-lark-html-role=\"root\" data-docx-has-block-data=\"false\">\n<div data-page-id=\"DE51fYUmxdT3ekcHzc3cGrVQnsc\" data-lark-html-role=\"root\" data-docx-has-block-data=\"false\">\n<div data-page-id=\"YSKdfaZ08dRej3ci5CccQBuOncc\" data-lark-html-role=\"root\" data-docx-has-block-data=\"true\">\n<div data-page-id=\"K6mofQmledamEFcgp1EcVobmnYd\" data-lark-html-role=\"root\" data-docx-has-block-data=\"false\">\n<div data-page-id=\"VTgsfVLdCd9q1ucYcwRcCM0Hnof\" data-lark-html-role=\"root\" data-docx-has-block-data=\"true\">\n<div data-page-id=\"WucKfzp8RdNy8rcMJHncz4Knnac\" data-lark-html-role=\"root\" data-docx-has-block-data=\"true\">\n<div data-page-id=\"IfZ9fDIBLd9b9hcJiqGcLw9Pnmh\" data-lark-html-role=\"root\" data-docx-has-block-data=\"false\">\n<div data-page-id=\"JeU6f3Yq5dbdEHcZDptc5ikcn5c\" data-lark-html-role=\"root\" data-docx-has-block-data=\"true\">\n<div data-page-id=\"E1YjfnB4Jdmtsfc2ZObcu04Un6c\" data-lark-html-role=\"root\" data-docx-has-block-data=\"false\">\n<div data-page-id=\"RQVEfdiOzdqTQKcRcnxcG0Y7nce\" data-lark-html-role=\"root\" data-docx-has-block-data=\"true\">\n<h2 data-path-to-node=\"2\">Uwin RandM Twins Crystal 40000 Puff: Tr\u00e6t af Din Engangsvape, Der Giver Op for Hurtigt?<\/h2>\n<p data-path-to-node=\"3\">Uwin RandM Twins Crystal 40000 Puff omskriver fuldst\u00e6ndigt forventningerne til, hvor l\u00e6nge en enhed skal holde, og hvordan den skal fungere. Med fed, gateart-inspireret \u00e6stetik omkring robust hardware er denne enhed bygget til vapere, der kr\u00e6ver seri\u00f8s holdbarhed uden at ofre smakskvalitet.<\/p>\n<p><img decoding=\"async\" class=\"alignnone wp-image-6269 size-full\" title=\"Uwin RandM Twins Crystal 40000 Puffs Banner\" src=\"https:\/\/oiovape.com\/wp-content\/uploads\/2026\/01\/Uwin-RandM-Twins-Crystal-40000-Puffs-Banner.jpg\" alt=\"Uwin RandM Twins Crystal 40000 Puffs Banner\" width=\"2400\" height=\"820\" srcset=\"https:\/\/oiovape.com\/wp-content\/uploads\/2026\/01\/Uwin-RandM-Twins-Crystal-40000-Puffs-Banner.jpg 2400w, https:\/\/oiovape.com\/wp-content\/uploads\/2026\/01\/Uwin-RandM-Twins-Crystal-40000-Puffs-Banner-300x103.jpg 300w, https:\/\/oiovape.com\/wp-content\/uploads\/2026\/01\/Uwin-RandM-Twins-Crystal-40000-Puffs-Banner-1024x350.jpg 1024w, https:\/\/oiovape.com\/wp-content\/uploads\/2026\/01\/Uwin-RandM-Twins-Crystal-40000-Puffs-Banner-768x262.jpg 768w, https:\/\/oiovape.com\/wp-content\/uploads\/2026\/01\/Uwin-RandM-Twins-Crystal-40000-Puffs-Banner-1536x525.jpg 1536w, https:\/\/oiovape.com\/wp-content\/uploads\/2026\/01\/Uwin-RandM-Twins-Crystal-40000-Puffs-Banner-2048x700.jpg 2048w, https:\/\/oiovape.com\/wp-content\/uploads\/2026\/01\/Uwin-RandM-Twins-Crystal-40000-Puffs-Banner-18x6.jpg 18w, https:\/\/oiovape.com\/wp-content\/uploads\/2026\/01\/Uwin-RandM-Twins-Crystal-40000-Puffs-Banner-1200x410.jpg 1200w, https:\/\/oiovape.com\/wp-content\/uploads\/2026\/01\/Uwin-RandM-Twins-Crystal-40000-Puffs-Banner-150x51.jpg 150w\" sizes=\"(max-width: 2400px) 100vw, 2400px\" \/><\/p>\n<h2 data-path-to-node=\"4\">Et Absolut Maraton: 40000 Puff og Dual Mesh Engineering<\/h2>\n<p data-path-to-node=\"5\">De fleste engangsvaper er sprints; Uwin Twins Crystal 40K er et udholdenhedsl\u00f8b. Med en massiv <b data-path-to-node=\"5\" data-index-in-node=\"96\">32ml e-v\u00e6ske kapacitet<\/b>, fungerer denne enhed som et dybtvirkende smaksreservoir, der konsekvent leverer op til <b data-path-to-node=\"5\" data-index-in-node=\"200\">ogs\u00e5:<\/b>. Hemmeligheden bag dens udholdenhed er det integrerede dual mesh coil-system. I stedet for at falme eller smage br\u00e6ndt, n\u00e5r v\u00e6sken bliver mindre, fungerer mesh'en som en fintjusteret motor, der garanterer, at dit sidste tr\u00e6k f\u00f8les lige s\u00e5 t\u00e6t og levende som dit allerf\u00f8rste.<\/p>\n<h3 data-path-to-node=\"6\">To Smagsvarianter i \u00c9n Enhed: Hvorfor Begr\u00e6nse Dine Lyster?<\/h3>\n<p data-path-to-node=\"7\">Ganetr\u00e6thed sker for os alle, s\u00e5 hvorfor n\u00f8jes med en enkelt smag, n\u00e5r du kan have en dual-channel menu i lommen? Det innovative <b data-path-to-node=\"7\" data-index-in-node=\"145\">\u201c2 Smagsvarianter i 1\u201d<\/b> design lader dig skifte mellem to premium, forudindl\u00e6ste blandinger p\u00e5 et splitsekund. T\u00e6nk p\u00e5 det som at have to forskellige soundtracks til din dag\u2014skift problemfrit fra den skarpe kulde af Blueberry On Ice til den lyse s\u00f8de af Summer Peach Ice med et simpelt tryk. Du har fuld kontrol over stemningen.<\/p>\n<h4 data-path-to-node=\"8\">Uafbrudt Ydeevne: 850mAh Kraftcenter &amp; Smart LED-display<\/h4>\n<p data-path-to-node=\"9\">At g\u00e6tte p\u00e5, hvor meget v\u00e6ske du har tilbage, er fortid. Uwin RandM Crystal Twins 40000 Puff har et h\u00f8jopl\u00f8snings <b data-path-to-node=\"9\" data-index-in-node=\"111\">Smart LED Display<\/b> som fungerer som dit personlige dashboard, der viser batteri- og e-v\u00e6skeniveauer i realtid. Drevet af en robust <b data-path-to-node=\"9\" data-index-in-node=\"243\">850mAh genopladeligt batteri<\/b>\u2014en stor opgradering fra standard engangsceller\u2014og hurtig <b data-path-to-node=\"9\" data-index-in-node=\"328\">Type-C opladnings<\/b>, er den konstrueret til at f\u00f8lge med p\u00e5 dine travleste dage uden at misse et slag.<\/p>\n<h5 data-path-to-node=\"10\">Tilpasset Nikotinlevering: 0% til 5% Muligheder<\/h5>\n<p data-path-to-node=\"11\">Fordi dine vapevaner er helt dine egne, b\u00f8r nikotinstyrken ikke tvinges p\u00e5 dig. Vi tilbyder fuldst\u00e6ndig fleksibilitet med flere saltnikotinkoncentrationer: <b data-path-to-node=\"11\" data-index-in-node=\"174\">0%, 2%, 3%, og 5%<\/b>. Uanset om du gradvist reducerer nikotinindtaget helt, jagter ren sky og smag, eller leder efter det skarpe, tilfredsstillende halstr\u00e6k, er der en konfiguration tilpasset pr\u00e6cis til din livsstil.<\/p>\n<h3 data-path-to-node=\"13\">Specifikationstabel<\/h3>\n<table data-path-to-node=\"14\">\n<thead>\n<tr>\n<td><strong>Funktion<\/strong><\/td>\n<td><strong>Detaljer<\/strong><\/td>\n<\/tr>\n<\/thead>\n<tbody>\n<tr>\n<td><span data-path-to-node=\"14,1,0,0\"><b data-path-to-node=\"14,1,0,0\" data-index-in-node=\"0\">Puffantal<\/b><\/span><\/td>\n<td><span data-path-to-node=\"14,1,1,0\">Op til 40000 Puffs<\/span><\/td>\n<\/tr>\n<tr>\n<td><span data-path-to-node=\"14,2,0,0\"><b data-path-to-node=\"14,2,0,0\" data-index-in-node=\"0\">E-v\u00e6ske kapacitet<\/b><\/span><\/td>\n<td><span data-path-to-node=\"14,2,1,0\">32ml<\/span><\/td>\n<\/tr>\n<tr>\n<td><span data-path-to-node=\"14,3,0,0\"><b data-path-to-node=\"14,3,0,0\" data-index-in-node=\"0\">Batteri<\/b><\/span><\/td>\n<td><span data-path-to-node=\"14,3,1,0\">850mAh (Genopladelig)<\/span><\/td>\n<\/tr>\n<tr>\n<td><span data-path-to-node=\"14,4,0,0\"><b data-path-to-node=\"14,4,0,0\" data-index-in-node=\"0\">Opladningsport<\/b><\/span><\/td>\n<td><span data-path-to-node=\"14,4,1,0\">Type-C<\/span><\/td>\n<\/tr>\n<tr>\n<td><span data-path-to-node=\"14,5,0,0\"><b data-path-to-node=\"14,5,0,0\" data-index-in-node=\"0\">Smaksindstilling<\/b><\/span><\/td>\n<td><span data-path-to-node=\"14,5,1,0\">2 Smagsvarianter i 1 Enhed<\/span><\/td>\n<\/tr>\n<tr>\n<td><span data-path-to-node=\"14,6,0,0\"><b data-path-to-node=\"14,6,0,0\" data-index-in-node=\"0\">Nikotinstyrke<\/b><\/span><\/td>\n<td><span data-path-to-node=\"14,6,1,0\">0% \/ 2% \/ 3% \/ 5%<\/span><\/td>\n<\/tr>\n<tr>\n<td><span data-path-to-node=\"14,7,0,0\"><b data-path-to-node=\"14,7,0,0\" data-index-in-node=\"0\">Coil Type<\/b><\/span><\/td>\n<td><span data-path-to-node=\"14,7,1,0\">Dobbelt Mesh Coil<\/span><\/td>\n<\/tr>\n<\/tbody>\n<\/table>\n<h3 data-path-to-node=\"16\">Uwin RandM Twins Crystal 40000 Puff Smaksudvalg (Dual Kombinationer)<\/h3>\n<ul data-path-to-node=\"17\">\n<li>\n<p data-path-to-node=\"17,0,0\"><b data-path-to-node=\"17,0,0\" data-index-in-node=\"0\">Bl\u00e5b\u00e6r P\u00e5 Is \/ Sommer Fersken Is<\/b><\/p>\n<\/li>\n<li>\n<p data-path-to-node=\"17,1,0\"><b data-path-to-node=\"17,1,0\" data-index-in-node=\"0\">Fersken Mango Ananas \/ Red Bull<\/b><\/p>\n<\/li>\n<li>\n<p data-path-to-node=\"17,2,0\"><b data-path-to-node=\"17,2,0\" data-index-in-node=\"0\">Jordb\u00e6r Vandmelon \/ Lemon Lime<\/b><\/p>\n<\/li>\n<li>\n<p data-path-to-node=\"17,3,0\"><b data-path-to-node=\"17,3,0\" data-index-in-node=\"0\">Vandmelon Is \/ Blandede B\u00e6r<\/b><\/p>\n<\/li>\n<li>\n<p data-path-to-node=\"17,4,0\"><b data-path-to-node=\"17,4,0\" data-index-in-node=\"0\">Kiwi Passionfrugt Guava \/ To \u00c6bler<\/b><\/p>\n<\/li>\n<li>\n<p data-path-to-node=\"17,5,0\"><b data-path-to-node=\"17,5,0\" data-index-in-node=\"0\">Jordb\u00e6r Hindb\u00e6r Kirseb\u00e6r \/ Mr Blue<\/b><\/p>\n<\/li>\n<li>\n<p data-path-to-node=\"17,6,0\"><b data-path-to-node=\"17,6,0\" data-index-in-node=\"0\">Jordb\u00e6r Kiwi \/ Druemix Is<\/b><\/p>\n<\/li>\n<li>\n<p data-path-to-node=\"17,7,0\"><b data-path-to-node=\"17,7,0\" data-index-in-node=\"0\">Strawberry Banana \/ Love 66<\/b><\/p>\n<\/li>\n<li>\n<p data-path-to-node=\"17,8,0\"><b data-path-to-node=\"17,8,0\" data-index-in-node=\"0\">Bl\u00e5b\u00e6r Hindb\u00e6r \/ Kirseb\u00e6r Is<\/b><\/p>\n<\/li>\n<li>\n<p data-path-to-node=\"17,9,0\"><b data-path-to-node=\"17,9,0\" data-index-in-node=\"0\">Kiwi Passionfrugt Guava \/ Bl\u00e5b\u00e6r Hindb\u00e6r<\/b><\/p>\n<\/li>\n<\/ul>\n<p><img decoding=\"async\" class=\"alignnone wp-image-8385 size-full\" title=\"Uwin Twins Crystal 40K Smage\" src=\"https:\/\/oiovape.com\/wp-content\/uploads\/2026\/04\/Uwin-Twins-Crystal-40K-Flavors.jpg\" alt=\"Uwin Twins Crystal 40K Smage\" width=\"1041\" height=\"1179\" srcset=\"https:\/\/oiovape.com\/wp-content\/uploads\/2026\/04\/Uwin-Twins-Crystal-40K-Flavors.jpg 1041w, https:\/\/oiovape.com\/wp-content\/uploads\/2026\/04\/Uwin-Twins-Crystal-40K-Flavors-265x300.jpg 265w, https:\/\/oiovape.com\/wp-content\/uploads\/2026\/04\/Uwin-Twins-Crystal-40K-Flavors-904x1024.jpg 904w, https:\/\/oiovape.com\/wp-content\/uploads\/2026\/04\/Uwin-Twins-Crystal-40K-Flavors-768x870.jpg 768w, https:\/\/oiovape.com\/wp-content\/uploads\/2026\/04\/Uwin-Twins-Crystal-40K-Flavors-11x12.jpg 11w, https:\/\/oiovape.com\/wp-content\/uploads\/2026\/04\/Uwin-Twins-Crystal-40K-Flavors-150x170.jpg 150w\" sizes=\"(max-width: 1041px) 100vw, 1041px\" \/><\/p>\n<\/div>\n<\/div>\n<\/div>\n<\/div>\n<\/div>\n<\/div>\n<\/div>\n<\/div>\n<\/div>\n<\/div>\n<\/div>\n<\/div>\n<\/div>\n<\/div>\n<\/div>\n<\/div>\n<\/div>\n<\/div>\n<\/div>\n<\/div>\n<\/div>\n<\/div>\n<\/div>\n<\/div>\n<\/div>\n<\/div>\n<\/div>\n<\/div>\n<\/div>\n<\/div>\n<\/div>\n<\/div>\n<\/div>\n<\/div>\n<\/div>\n<\/div>\n<\/div>\n<\/div>\n<\/div>\n<\/div>\n<\/div>\n<\/div>\n<\/div>\n<\/div>\n<\/div>\n<\/div>\n<\/div>\n<\/div>\n<\/div>\n<\/div>\n<\/div>\n<\/div>\n<\/div>\n<\/div>\n<\/div>\n<\/div>\n<\/div>\n<\/div>\n<\/div>\n<\/div>\n<\/div>\n<\/div>\n<\/div>\n<\/div>\n<\/div>\n<\/div>\n<\/div>\n<\/div>\n<\/div>\n<\/div>\n<\/div>\n<\/div>\n<\/div>\n<\/div>","protected":false},"excerpt":{"rendered":"<div data-page-id=\"RAopf2sw9dtvw4cWYXpcTwo0n8g\" data-lark-html-role=\"root\" data-docx-has-block-data=\"false\">\n<div class=\"ace-line ace-line old-record-id-Uju9f3RXYd8dh2crAJbcBF3Un6M\">Uwin RandM Twins Crystal 40000 Puffs har 15 s\u00e6t med dual-smag med frugtige og isede smage, alle i 0%-5% nikotinalternativer. Den har 32ml e-v\u00e6ske, et 650mAh Type-C genopladeligt batteri og mesh-coil for en glat damp. Pakke med 10stk\/\u00e6ske, 200stk\/karton, det er perfekt til dampere p\u00e5 alle niveauer med langvarige 40K puffs.<\/div>\n<\/div>","protected":false},"featured_media":6259,"comment_status":"open","ping_status":"closed","template":"","meta":{"_acf_changed":false,"inline_featured_image":false,"_sitemap_exclude":false,"_sitemap_priority":"","_sitemap_frequency":""},"product_brand":[309],"product_cat":[310,239,244],"product_tag":[],"class_list":{"0":"post-6257","1":"product","2":"type-product","3":"status-publish","4":"has-post-thumbnail","6":"product_brand-uwin","7":"product_cat-uwin-puff","8":"product_cat-disposable-vape-collection","9":"product_cat-40k-puff","11":"first","12":"instock","13":"sale","14":"shipping-taxable","15":"purchasable","16":"product-type-variable","17":"has-default-attributes"},"acf":[],"tiered_pricing_type":"fixed","tiered_pricing_fixed_rules":{"30":7.68,"60":6.35,"100":6.08,"200":5.68},"tiered_pricing_product_settings":{"layout":"default","base_unit_name":{"singular":null,"plural":null},"default_variation":null},"tiered_pricing_minimum_quantity":10,"tiered_pricing_roles_data":[],"tiered_pricing_percentage_rules":[],"tiered_pricing_maximum_quantity":null,"tiered_pricing_quantity_step":"10","_links":{"self":[{"href":"https:\/\/oiovape.com\/da\/wp-json\/wp\/v2\/product\/6257","targetHints":{"allow":["GET"]}}],"collection":[{"href":"https:\/\/oiovape.com\/da\/wp-json\/wp\/v2\/product"}],"about":[{"href":"https:\/\/oiovape.com\/da\/wp-json\/wp\/v2\/types\/product"}],"replies":[{"embeddable":true,"href":"https:\/\/oiovape.com\/da\/wp-json\/wp\/v2\/comments?post=6257"}],"version-history":[{"count":2,"href":"https:\/\/oiovape.com\/da\/wp-json\/wp\/v2\/product\/6257\/revisions"}],"predecessor-version":[{"id":8386,"href":"https:\/\/oiovape.com\/da\/wp-json\/wp\/v2\/product\/6257\/revisions\/8386"}],"wp:featuredmedia":[{"embeddable":true,"href":"https:\/\/oiovape.com\/da\/wp-json\/wp\/v2\/media\/6259"}],"wp:attachment":[{"href":"https:\/\/oiovape.com\/da\/wp-json\/wp\/v2\/media?parent=6257"}],"wp:term":[{"taxonomy":"product_brand","embeddable":true,"href":"https:\/\/oiovape.com\/da\/wp-json\/wp\/v2\/product_brand?post=6257"},{"taxonomy":"product_cat","embeddable":true,"href":"https:\/\/oiovape.com\/da\/wp-json\/wp\/v2\/product_cat?post=6257"},{"taxonomy":"product_tag","embeddable":true,"href":"https:\/\/oiovape.com\/da\/wp-json\/wp\/v2\/product_tag?post=6257"}],"curies":[{"name":"wp","href":"https:\/\/api.w.org\/{rel}","templated":true}]}}