{"id":6317,"date":"2026-01-29T13:59:15","date_gmt":"2026-01-29T05:59:15","guid":{"rendered":"https:\/\/oiovape.com\/?post_type=product&#038;p=6317"},"modified":"2026-04-16T15:36:23","modified_gmt":"2026-04-16T07:36:23","slug":"uwin-digital-box-68000-puffs","status":"publish","type":"product","link":"https:\/\/oiovape.com\/da\/product\/uwin-digital-box-68000-puffs\/","title":{"rendered":"Uwin Digital Box 68000 PUFFS 10 Smagsvarianter Tilg\u00e6ngelige Mesh Coil Str\u00f8mindikator Engangs Elektronisk Cigaret"},"content":{"rendered":"<div data-page-id=\"ZVeMfq8uxd7y1ycuKm5cym4LnYd\" data-lark-html-role=\"root\" data-docx-has-block-data=\"false\">\n<div data-page-id=\"Fd41fZ5N9dzRQtcRNoVc2FuDnCh\" data-lark-html-role=\"root\" data-docx-has-block-data=\"true\">\n<div data-page-id=\"BdIJfeeijdk1eucGpS8cDCBBn5c\" data-lark-html-role=\"root\" data-docx-has-block-data=\"false\">\n<div data-page-id=\"Zbg9fWx77dUuh2cIYpic25c8nyd\" data-lark-html-role=\"root\" data-docx-has-block-data=\"false\">\n<div data-page-id=\"KaIvfiurhdlCKdc0kyxcX64cnE6\" data-lark-html-role=\"root\" data-docx-has-block-data=\"true\">\n<div data-page-id=\"PbvFfqxqlddUTScRpEYcY5MHnpf\" data-lark-html-role=\"root\" data-docx-has-block-data=\"true\">\n<div data-page-id=\"GZO2f5JeudwY4jc9iJtcdk9Hnxh\" data-lark-html-role=\"root\" data-docx-has-block-data=\"false\">\n<div data-page-id=\"EZVRf2acFduXLGcseZFc4qH2n6e\" data-lark-html-role=\"root\" data-docx-has-block-data=\"false\">\n<div data-page-id=\"B8rHfcqlqdzmH5cCWCncz17Cntb\" data-lark-html-role=\"root\" data-docx-has-block-data=\"false\">\n<div data-page-id=\"B8rHfcqlqdzmH5cCWCncz17Cntb\" data-lark-html-role=\"root\" data-docx-has-block-data=\"false\">\n<div data-page-id=\"B8rHfcqlqdzmH5cCWCncz17Cntb\" data-lark-html-role=\"root\" data-docx-has-block-data=\"true\">\n<div data-page-id=\"HM70f1aoxdD0bMcxJZBcVc7ynZd\" data-lark-html-role=\"root\" data-docx-has-block-data=\"false\">\n<div data-page-id=\"NSrJfN7Ord22i0c1iwZcsF8yn8b\" data-lark-html-role=\"root\" data-docx-has-block-data=\"false\">\n<div data-page-id=\"RXEff4Mskds8o1cqL5HcGEtUnCh\" data-lark-html-role=\"root\" data-docx-has-block-data=\"false\">\n<div data-page-id=\"KJ7gfqkVndMSRJcMseScmvYwnTc\" data-lark-html-role=\"root\" data-docx-has-block-data=\"false\">\n<div class=\"ace-line ace-line old-record-id-QADAfETPudgmudc05YvcTO5fnxe\">\n<div data-page-id=\"KJ7gfqkVndMSRJcMseScmvYwnTc\" data-lark-html-role=\"root\" data-docx-has-block-data=\"false\">\n<div class=\"ace-line ace-line old-record-id-JoRkfpho8dOkiacEOascDyCOncb\">\n<div data-page-id=\"KJ7gfqkVndMSRJcMseScmvYwnTc\" data-lark-html-role=\"root\" data-docx-has-block-data=\"false\">\n<div data-page-id=\"Ju6ofQ3V4dGmePcVvJvc1gmcnZb\" data-lark-html-role=\"root\" data-docx-has-block-data=\"true\">\n<div data-page-id=\"PR9ife5PLdFabccbFgZcWgZOnTc\" data-lark-html-role=\"root\" data-docx-has-block-data=\"false\">\n<div data-page-id=\"INdrfOIGzdaenXcptrcc1BcznQc\" data-lark-html-role=\"root\" data-docx-has-block-data=\"false\">\n<div class=\"ace-line ace-line old-record-id-P0fIf4YaZdoGkbcxt5ackec2nnb\">\n<div data-page-id=\"INdrfOIGzdaenXcptrcc1BcznQc\" data-lark-html-role=\"root\" data-docx-has-block-data=\"false\">\n<div data-page-id=\"MAzCfUB73dMTQscm8eWcougVn1g\" data-lark-html-role=\"root\" data-docx-has-block-data=\"true\">\n<div data-page-id=\"AXfpf7H1odhDvGcKoUOcErN8nV7\" data-lark-html-role=\"root\" data-docx-has-block-data=\"false\">\n<div data-page-id=\"QYTKf5PvLdUNdbce2nBcW9yfnrh\" data-lark-html-role=\"root\" data-docx-has-block-data=\"false\">\n<div data-page-id=\"Pvu1f1CCBdxbjncA9pgcBTpanph\" data-lark-html-role=\"root\" data-docx-has-block-data=\"true\">\n<div data-page-id=\"Axf3fcmY8dDAhtcjVircBcphnPc\" data-lark-html-role=\"root\" data-docx-has-block-data=\"false\">\n<div data-page-id=\"KKj1f9SPmdLhhMc5E2AcNlLen6f\" data-lark-html-role=\"root\" data-docx-has-block-data=\"true\">\n<div data-page-id=\"Rx61fK1sJdXHjPcBuhZcweNhnwc\" data-lark-html-role=\"root\" data-docx-has-block-data=\"false\">\n<div data-page-id=\"L1H9fkG9Mdz45Fcy4WMc5VKXnRe\" data-lark-html-role=\"root\" data-docx-has-block-data=\"false\">\n<div data-page-id=\"L1H9fkG9Mdz45Fcy4WMc5VKXnRe\" data-lark-html-role=\"root\" data-docx-has-block-data=\"false\">\n<div data-page-id=\"D4XLfVBVrdE8mrcaYizczklLnaf\" data-lark-html-role=\"root\" data-docx-has-block-data=\"false\">\n<div data-page-id=\"WVcifIY44d5mhMcXtyEcTsfenGd\" data-lark-html-role=\"root\" data-docx-has-block-data=\"true\">\n<div data-page-id=\"LRknfa6Whd4DWCcUc0FcNKpJnyh\" data-lark-html-role=\"root\" data-docx-has-block-data=\"false\">\n<div data-page-id=\"LRknfa6Whd4DWCcUc0FcNKpJnyh\" data-lark-html-role=\"root\" data-docx-has-block-data=\"false\">\n<div data-page-id=\"XFRAfkcOEdRWh8cArQ2cJdyRnJf\" data-lark-html-role=\"root\" data-docx-has-block-data=\"true\">\n<div data-page-id=\"OQ3bfjnRddMTDGcC3ouc6xFKnWf\" data-lark-html-role=\"root\" data-docx-has-block-data=\"true\">\n<div data-page-id=\"J0iGfj1hEdjc4rcUdSmc4spMnmZ\" data-lark-html-role=\"root\" data-docx-has-block-data=\"false\">\n<div data-page-id=\"P1o7fFyNlduP8tcfZpQcagzbnIf\" data-lark-html-role=\"root\" data-docx-has-block-data=\"false\">\n<div class=\"ace-line ace-line old-record-id-P1o7fFyNlduP8tcfZpQcagzbnIf\">\n<div data-page-id=\"P1o7fFyNlduP8tcfZpQcagzbnIf\" data-lark-html-role=\"root\" data-docx-has-block-data=\"false\">\n<div data-page-id=\"U4iufW38SdttWKcTstMcTtHRnXc\" data-lark-html-role=\"root\" data-docx-has-block-data=\"true\">\n<div data-page-id=\"ONVMf7VTWddcFtcyATOchCJHnZb\" data-lark-html-role=\"root\" data-docx-has-block-data=\"true\">\n<div data-page-id=\"KoW2fSy0PdLHFlc5kSHcgvWMnYg\" data-lark-html-role=\"root\" data-docx-has-block-data=\"false\">\n<div data-page-id=\"KoW2fSy0PdLHFlc5kSHcgvWMnYg\" data-lark-html-role=\"root\" data-docx-has-block-data=\"false\">\n<div data-page-id=\"OLGhfzxC7d7EFIcLEj9cRT5ynZf\" data-lark-html-role=\"root\" data-docx-has-block-data=\"false\">\n<div data-page-id=\"DdnnfrLjzdqrFIc9Il9c7pA2noc\" data-lark-html-role=\"root\" data-docx-has-block-data=\"true\">\n<div data-page-id=\"KNzcf2o0oddkJOcztTVcqPdlnth\" data-lark-html-role=\"root\" data-docx-has-block-data=\"false\">\n<div data-page-id=\"LBU7fg5SEdkWhecGJoxca3xvnCe\" data-lark-html-role=\"root\" data-docx-has-block-data=\"false\">\n<div data-page-id=\"EB70fooS3d69bMcgWB7c5qb9n8g\" data-lark-html-role=\"root\" data-docx-has-block-data=\"false\">\n<div data-page-id=\"AogwfsZCadB6t0cAvF0cK4JLnvf\" data-lark-html-role=\"root\" data-docx-has-block-data=\"false\">\n<div data-page-id=\"AogwfsZCadB6t0cAvF0cK4JLnvf\" data-lark-html-role=\"root\" data-docx-has-block-data=\"false\">\n<div data-page-id=\"JMZIflNGddQuU0c5JZocSqlvnle\" data-lark-html-role=\"root\" data-docx-has-block-data=\"false\">\n<div data-page-id=\"JMZIflNGddQuU0c5JZocSqlvnle\" data-lark-html-role=\"root\" data-docx-has-block-data=\"true\">\n<div data-page-id=\"HtEafjjRIdPAlMc9zgYcsGy6nOe\" data-lark-html-role=\"root\" data-docx-has-block-data=\"false\">\n<div data-page-id=\"Rhnafz0WTdDeT9c43xxczsbVnJo\" data-lark-html-role=\"root\" data-docx-has-block-data=\"false\">\n<div data-page-id=\"WY0CfKdcTdf4hVcZl67ct5LGncf\" data-lark-html-role=\"root\" data-docx-has-block-data=\"true\">\n<div data-page-id=\"MkB5fF4AVdchovcoPEpc7LqvnOd\" data-lark-html-role=\"root\" data-docx-has-block-data=\"true\">\n<div data-page-id=\"MfbjfZhbhdJdA8cH1dAckqF0n6g\" data-lark-html-role=\"root\" data-docx-has-block-data=\"false\">\n<div class=\"ace-line ace-line old-record-id-W2AHfJLnjd7ugjcRLs1c8BdhnNh\">\n<div data-page-id=\"MfbjfZhbhdJdA8cH1dAckqF0n6g\" data-lark-html-role=\"root\" data-docx-has-block-data=\"false\">\n<div class=\"old-record-id-XXd1feeCZdR2hJc6evocxnh1nOg\">\n<div data-page-id=\"MfbjfZhbhdJdA8cH1dAckqF0n6g\" data-lark-html-role=\"root\" data-docx-has-block-data=\"false\">\n<div data-page-id=\"DE51fYUmxdT3ekcHzc3cGrVQnsc\" data-lark-html-role=\"root\" data-docx-has-block-data=\"false\">\n<div data-page-id=\"YSKdfaZ08dRej3ci5CccQBuOncc\" data-lark-html-role=\"root\" data-docx-has-block-data=\"true\">\n<div data-page-id=\"K6mofQmledamEFcgp1EcVobmnYd\" data-lark-html-role=\"root\" data-docx-has-block-data=\"false\">\n<div data-page-id=\"VTgsfVLdCd9q1ucYcwRcCM0Hnof\" data-lark-html-role=\"root\" data-docx-has-block-data=\"true\">\n<div data-page-id=\"WucKfzp8RdNy8rcMJHncz4Knnac\" data-lark-html-role=\"root\" data-docx-has-block-data=\"true\">\n<div data-page-id=\"IfZ9fDIBLd9b9hcJiqGcLw9Pnmh\" data-lark-html-role=\"root\" data-docx-has-block-data=\"false\">\n<div data-page-id=\"JeU6f3Yq5dbdEHcZDptc5ikcn5c\" data-lark-html-role=\"root\" data-docx-has-block-data=\"true\">\n<div data-page-id=\"E1YjfnB4Jdmtsfc2ZObcu04Un6c\" data-lark-html-role=\"root\" data-docx-has-block-data=\"false\">\n<div data-page-id=\"RQVEfdiOzdqTQKcRcnxcG0Y7nce\" data-lark-html-role=\"root\" data-docx-has-block-data=\"true\">\n<div data-page-id=\"NKc7fbZi9dnOXocdHcScVsXdnmh\" data-lark-html-role=\"root\" data-docx-has-block-data=\"false\">\n<div data-page-id=\"DaE3fgNEwdnbQVc62iqcBK4lnte\" data-lark-html-role=\"root\" data-docx-has-block-data=\"false\">\n<div data-page-id=\"DaE3fgNEwdnbQVc62iqcBK4lnte\" data-lark-html-role=\"root\" data-docx-has-block-data=\"false\">\n<div data-page-id=\"KyZ4fb9NeduIEZch0Slc4KKdnIh\" data-lark-html-role=\"root\" data-docx-has-block-data=\"true\">\n<h2 data-path-to-node=\"0\">Uwin Digital Box 68000 Puffs: Er dette slutningen p\u00e5 vapings monotoni?<\/h2>\n<p data-path-to-node=\"1\">Den <b data-path-to-node=\"1\" data-index-in-node=\"4\">Uwin Digital Box 68K<\/b> er mere end blot en h\u00f8jkapacitets-engangsvape; det er en langtidsstr\u00f8mstation for dine sanser. Med en forbl\u00f8ffende <b data-path-to-node=\"1\" data-index-in-node=\"137\">68000 puff<\/b> levetid redefinerer denne enhed begrebet \u201cengangsvape.\u201d Ved at kombinere friheden fra massiv kapacitet med digital pr\u00e6cision, sikrer den integrerede <b data-path-to-node=\"1\" data-index-in-node=\"293\">Smart Juice &amp; Power Display<\/b> dig fuldst\u00e6ndig kontrol over hver tr\u00e6k \u2013 og eliminerer effektivt angsten for \u201cuventet tom.\u201d.<\/p>\n<p data-path-to-node=\"2\">Uanset om du er en forhandler, der s\u00f8ger en konsistent bestseller, eller en tung bruger, der er tr\u00e6t af den konstante udskiftningscyklus, bruger Uwin 68K avanceret <b data-path-to-node=\"2\" data-index-in-node=\"154\">Mesh Coil<\/b> teknologi til at sikre, at smagen fra f\u00f8rste til sidste tr\u00e6k forbliver s\u00e5 glat som silke.<\/p>\n<h2 data-path-to-node=\"4\">Kernespesifikationer: Styrken i tallene<\/h2>\n<p data-path-to-node=\"5\">Uwin Digital Box 68K blev konstrueret til at g\u00f8re ydeevne synlig. Inden for dens lette 95g-ramme ligger nok udholdenhed til at vare uger eller endda m\u00e5neder med konstant brug.<\/p>\n<table data-path-to-node=\"6\">\n<thead>\n<tr>\n<td><strong>Vare<\/strong><\/td>\n<td><strong>Detaljer<\/strong><\/td>\n<\/tr>\n<\/thead>\n<tbody>\n<tr>\n<td><span data-path-to-node=\"6,1,0,0\"><b data-path-to-node=\"6,1,0,0\" data-index-in-node=\"0\">Puffantal<\/b><\/span><\/td>\n<td><span data-path-to-node=\"6,1,1,0\">68000 Puffs (68K)<\/span><\/td>\n<\/tr>\n<tr>\n<td><span data-path-to-node=\"6,2,0,0\"><b data-path-to-node=\"6,2,0,0\" data-index-in-node=\"0\">Smagsvalg<\/b><\/span><\/td>\n<td><span data-path-to-node=\"6,2,1,0\">10 Mestrligt h\u00e5ndv\u00e6rkede blandinger<\/span><\/td>\n<\/tr>\n<tr>\n<td><span data-path-to-node=\"6,3,0,0\"><b data-path-to-node=\"6,3,0,0\" data-index-in-node=\"0\">Atomiseringskerne<\/b><\/span><\/td>\n<td><span data-path-to-node=\"6,3,1,0\">Premium Mesh Coil<\/span><\/td>\n<\/tr>\n<tr>\n<td><span data-path-to-node=\"6,4,0,0\"><b data-path-to-node=\"6,4,0,0\" data-index-in-node=\"0\">Smart overv\u00e5gning<\/b><\/span><\/td>\n<td><span data-path-to-node=\"6,4,1,0\">Realtids digital Juice &amp; Power-indikator<\/span><\/td>\n<\/tr>\n<tr>\n<td><span data-path-to-node=\"6,5,0,0\"><b data-path-to-node=\"6,5,0,0\" data-index-in-node=\"0\">Nikotinstyrke<\/b><\/span><\/td>\n<td><span data-path-to-node=\"6,5,1,0\">0% \/ 2% \/ 3% \/ 5% (Flere Muligheder)<\/span><\/td>\n<\/tr>\n<tr>\n<td><span data-path-to-node=\"6,6,0,0\"><b data-path-to-node=\"6,6,0,0\" data-index-in-node=\"0\">Enhedsv\u00e6gt<\/b><\/span><\/td>\n<td><span data-path-to-node=\"6,6,1,0\">95g<\/span><\/td>\n<\/tr>\n<tr>\n<td><span data-path-to-node=\"6,7,0,0\"><b data-path-to-node=\"6,7,0,0\" data-index-in-node=\"0\">Engrosminimum<\/b><\/span><\/td>\n<td><span data-path-to-node=\"6,7,1,0\">50 enheder<\/span><\/td>\n<\/tr>\n<\/tbody>\n<\/table>\n<h3 data-path-to-node=\"8\">Et festm\u00e5ltid af smage: 10 profiler bygget som kunst<\/h3>\n<p data-path-to-node=\"9\">Hvorfor n\u00f8jes med middelm\u00e5dige smage? Uwin Digital Box 68000 Puffs R&amp;D-laboratoriet har transformeret naturens rigdomme til dampens kunst, hvilket g\u00f8r hver smag til en miniature sensorisk flugt.<\/p>\n<ol start=\"1\" data-path-to-node=\"10\">\n<li>\n<p data-path-to-node=\"10,0,0\"><b data-path-to-node=\"10,0,0\" data-index-in-node=\"0\">Blueberry Raspberry:<\/b> En skovb\u00e6r-symfoni, hvor s\u00f8dt og surt danser p\u00e5 tungen.<\/p>\n<\/li>\n<li>\n<p data-path-to-node=\"10,1,0\"><b data-path-to-node=\"10,1,0\" data-index-in-node=\"0\">Strawberry Watermelon:<\/b> Den ultimative sommeranthem \u2013 solmodne jordb\u00e6r-s\u00f8de m\u00f8der frisk vandmelon-hydrering.<\/p>\n<\/li>\n<li>\n<p data-path-to-node=\"10,2,0\"><b data-path-to-node=\"10,2,0\" data-index-in-node=\"0\">Vandmelon Is:<\/b> Som en melonstykke trukket direkte fra en seng af knust is; \u00f8jeblikkelig lindring fra varmen.<\/p>\n<\/li>\n<li>\n<p data-path-to-node=\"10,3,0\"><b data-path-to-node=\"10,3,0\" data-index-in-node=\"0\">Kirseb\u00e6r Is:<\/b> En dristig, m\u00f8rk kirseb\u00e6rnektar afsluttet med en skarp, pol\u00e6r kulde.<\/p>\n<\/li>\n<li>\n<p data-path-to-node=\"10,4,0\"><b data-path-to-node=\"10,4,0\" data-index-in-node=\"0\">Kiwi Passion Fruit Guava:<\/b> En tropisk trio med forskellige lag, der transporterer dig til en \u00f8ens frugthave.<\/p>\n<\/li>\n<li>\n<p data-path-to-node=\"10,5,0\"><b data-path-to-node=\"10,5,0\" data-index-in-node=\"0\">Summer Peach Ice:<\/b> Fl\u00f8jlsagtige, saftige ferskner omsluttet af et delikat frostlag.<\/p>\n<\/li>\n<li>\n<p data-path-to-node=\"10,6,0\"><b data-path-to-node=\"10,6,0\" data-index-in-node=\"0\">Jordb\u00e6r Kiwi:<\/b> En balance mellem s\u00f8dt og syrligt, der giver et levende, forfriskende pust.<\/p>\n<\/li>\n<li>\n<p data-path-to-node=\"10,7,0\"><b data-path-to-node=\"10,7,0\" data-index-in-node=\"0\">Blandede b\u00e6r:<\/b> En dyb fusion af forskellige b\u00e6r, der tilbyder en rig og sofistikeret profil, som aldrig bliver kedelig.<\/p>\n<\/li>\n<li>\n<p data-path-to-node=\"10,8,0\"><b data-path-to-node=\"10,8,0\" data-index-in-node=\"0\">Mr Blue:<\/b> En mystisk, k\u00f8lig aroma for dem, der foretr\u00e6kker deres skyer med et hint af intrigue.<\/p>\n<\/li>\n<li>\n<p data-path-to-node=\"10,9,0\"><b data-path-to-node=\"10,9,0\" data-index-in-node=\"0\">Red Bull:<\/b> Fanger perfekt energidrikken's karakteristiske zing for at give dit hum\u00f8r et spiritfuldt l\u00f8ft.<\/p>\n<\/li>\n<\/ol>\n<p><img decoding=\"async\" class=\"alignnone wp-image-6329 size-full\" title=\"Uwin Digital Box 68K Smag\" src=\"https:\/\/oiovape.com\/wp-content\/uploads\/2026\/01\/Uwin-Digital-Box-68K-Flavor.png\" alt=\"Uwin Digital Box 68K Smag\" width=\"1000\" height=\"1000\" srcset=\"https:\/\/oiovape.com\/wp-content\/uploads\/2026\/01\/Uwin-Digital-Box-68K-Flavor.png 1000w, https:\/\/oiovape.com\/wp-content\/uploads\/2026\/01\/Uwin-Digital-Box-68K-Flavor-300x300.png 300w, https:\/\/oiovape.com\/wp-content\/uploads\/2026\/01\/Uwin-Digital-Box-68K-Flavor-150x150.png 150w, https:\/\/oiovape.com\/wp-content\/uploads\/2026\/01\/Uwin-Digital-Box-68K-Flavor-768x768.png 768w, https:\/\/oiovape.com\/wp-content\/uploads\/2026\/01\/Uwin-Digital-Box-68K-Flavor-12x12.png 12w, https:\/\/oiovape.com\/wp-content\/uploads\/2026\/01\/Uwin-Digital-Box-68K-Flavor-600x600.png 600w\" sizes=\"(max-width: 1000px) 100vw, 1000px\" \/><\/p>\n<h3 data-path-to-node=\"12\">What Makes the Uwin Digital Box 68000 Puffs Stand Out?<\/h3>\n<h4 data-path-to-node=\"13\">Hvorfor spille \u201cblind box\u201d-spil med din enheds levetid?<\/h4>\n<p data-path-to-node=\"14\">Traditionelle engangsprodukter svigter dig ofte uden varsel. Uwin Digital Box 68K fungerer dog som din mest \u00e6rlige f\u00f8lgesvend.<\/p>\n<ul data-path-to-node=\"15\">\n<li>\n<p data-path-to-node=\"15,0,0\"><b data-path-to-node=\"15,0,0\" data-index-in-node=\"0\">Ending the \u201cDry Hit\u201d Ambush:<\/b> Den realtids-juicemonitor giver dig mulighed for at forudsige enhedens slutning med kirurgisk pr\u00e6cision. Du kan skifte til en ny enhed elegant i stedet for at blive overrasket af en pludselig br\u00e6ndt smag.<\/p>\n<\/li>\n<li>\n<p data-path-to-node=\"15,1,0\"><b data-path-to-node=\"15,1,0\" data-index-in-node=\"0\">Flavor Evolution via Physics:<\/b> Den <b data-path-to-node=\"15,1,0\" data-index-in-node=\"34\">Mesh Coil<\/b> fungerer som et fint v\u00e6vet net, der sikrer, at hver dr\u00e5be e-v\u00e6ske opvarmes j\u00e6vnt og grundigt. Den resulterende damp er ikke bare r\u00f8g; det er en tekstur s\u00e5 fin som silke.<\/p>\n<\/li>\n<li>\n<p data-path-to-node=\"15,2,0\"><b data-path-to-node=\"15,2,0\" data-index-in-node=\"0\">The Wholesale Powerhouse:<\/b> Denne h\u00f8j-puff-konfiguration s\u00e6nker betydeligt \u201ccost-per-puff\u201d for slutbrugeren, hvilket g\u00f8r den til en \u201cheavy hitter\u201d p\u00e5 engrosmarkedet, der driver gentagen forretning.<\/p>\n<\/li>\n<\/ul>\n<h2 data-path-to-node=\"17\">Frequently Asked Questions (FAQ) \u2013 Uwin Digital Box 68000 Puffs<\/h2>\n<h5 data-path-to-node=\"18\">Hvad betyder en kapacitet p\u00e5 68000 puff faktisk for brugeren?<\/h5>\n<p data-path-to-node=\"19\">Det betyder f\u00e6rre kassationer, lavere indk\u00f8bsfrekvens og en mere str\u00f8mlinet vane. For en tung bruger kan \u00e9n Uwin 68K udf\u00f8re arbejdet for flere standardenheder, hvilket g\u00f8r den til den ubestridt \u201cEndurance King.\u201d<\/p>\n<h5 data-path-to-node=\"20\">Er der forskellige nikotinstyrker tilg\u00e6ngelige?<\/h5>\n<p data-path-to-node=\"21\">Ja. Vi tilbyder et alsidigt sortiment fra <b data-path-to-node=\"21\" data-index-in-node=\"39\">0% (Nikotinfri) til 5%<\/b> for at overholde regionale regler og personlige pr\u00e6ferencer. Hvis du er usikker p\u00e5, hvilken styrke der passer til dit m\u00e5lmarked, kan vi give datadrevne anbefalinger.<\/p>\n<h5 data-path-to-node=\"22\">Vil det smarte display dr\u00e6ne batteriet hurtigt?<\/h5>\n<p data-path-to-node=\"23\">Slet ikke. Displayet bruger lavenergi-digitale komponenter, der kun aktiveres under brug for at give n\u00f8dvendig feedback. Dets indvirkning p\u00e5 det samlede batterilevetid er ubetydelig.<\/p>\n<h5 data-path-to-node=\"24\">Hvordan forbliver smagen frisk i s\u00e5dan en stor enhed?<\/h5>\n<p data-path-to-node=\"25\">Det er her Mesh Coil-teknologi skinner. Ved at \u00f8ge opvarmningsfladen forhindrer det kulstofopbygning (gunking), som ofte plager \u00e6ldre spoltyper, og sikrer smakkonsistens fra pust 1 til pust 68000.<\/p>\n<h5 data-path-to-node=\"26\">Hvad er specifikationerne for bulkforsendelse?<\/h5>\n<p data-path-to-node=\"27\">For at sikre sikker transport og let lagerhold bruger vi standardiseret industriel emballage: <b data-path-to-node=\"27\" data-index-in-node=\"87\">10 enheder pr. displayboks, 200 enheder pr. masterkartong<\/b>. Kartonen m\u00e5ler 61,5<i data-path-to-node=\"27\" data-index-in-node=\"166\">30.8<\/i>27,5cm med en samlet v\u00e6gt p\u00e5 cirka 20,65KG.<\/p>\n<\/div>\n<\/div>\n<\/div>\n<\/div>\n<\/div>\n<\/div>\n<\/div>\n<\/div>\n<\/div>\n<\/div>\n<\/div>\n<\/div>\n<\/div>\n<\/div>\n<\/div>\n<\/div>\n<\/div>\n<\/div>\n<\/div>\n<\/div>\n<\/div>\n<\/div>\n<\/div>\n<\/div>\n<\/div>\n<\/div>\n<\/div>\n<\/div>\n<\/div>\n<\/div>\n<\/div>\n<\/div>\n<\/div>\n<\/div>\n<\/div>\n<\/div>\n<\/div>\n<\/div>\n<\/div>\n<\/div>\n<\/div>\n<\/div>\n<\/div>\n<\/div>\n<\/div>\n<\/div>\n<\/div>\n<\/div>\n<\/div>\n<\/div>\n<\/div>\n<\/div>\n<\/div>\n<\/div>\n<\/div>\n<\/div>\n<\/div>\n<\/div>\n<\/div>\n<\/div>\n<\/div>\n<\/div>\n<\/div>\n<\/div>\n<\/div>\n<\/div>\n<\/div>\n<\/div>\n<\/div>\n<\/div>\n<\/div>\n<\/div>\n<\/div>\n<\/div>\n<\/div>\n<\/div>\n<\/div>\n<\/div>","protected":false},"excerpt":{"rendered":"<div data-page-id=\"RAopf2sw9dtvw4cWYXpcTwo0n8g\" data-lark-html-role=\"root\" data-docx-has-block-data=\"false\">\n<div class=\"ace-line ace-line old-record-id-Uju9f3RXYd8dh2crAJbcBF3Un6M\">Uwin Digital Box 68000 Puffs bringer 10 distinkte, h\u00e5ndlavede smagsvarianter og fleksible 0%-5% nikotinalternativer. Dens premium mesh-coil l\u00e5ser den rige, konsistente smag inde, mens saft- og str\u00f8mindikatorer forenkler brugen. Den vejer kun 95g, hvilket g\u00f8r den ultra-portabel med et massivt 68K puffantal. Praktisk emballage passer ogs\u00e5 til alle dampbehov for entusiaster.<\/div>\n<\/div>","protected":false},"featured_media":6319,"comment_status":"open","ping_status":"closed","template":"","meta":{"_acf_changed":false,"inline_featured_image":false,"_sitemap_exclude":false,"_sitemap_priority":"","_sitemap_frequency":""},"product_brand":[309],"product_cat":[310],"product_tag":[],"class_list":{"0":"post-6317","1":"product","2":"type-product","3":"status-publish","4":"has-post-thumbnail","6":"product_brand-uwin","7":"product_cat-uwin-puff","9":"first","10":"instock","11":"sale","12":"shipping-taxable","13":"purchasable","14":"product-type-variable","15":"has-default-attributes"},"acf":[],"tiered_pricing_type":"fixed","tiered_pricing_fixed_rules":{"30":8.22,"60":7.57,"100":6.99,"200":6.43},"tiered_pricing_product_settings":{"layout":"default","base_unit_name":{"singular":null,"plural":null},"default_variation":null},"tiered_pricing_minimum_quantity":10,"tiered_pricing_roles_data":[],"tiered_pricing_percentage_rules":[],"tiered_pricing_maximum_quantity":null,"tiered_pricing_quantity_step":"10","_links":{"self":[{"href":"https:\/\/oiovape.com\/da\/wp-json\/wp\/v2\/product\/6317","targetHints":{"allow":["GET"]}}],"collection":[{"href":"https:\/\/oiovape.com\/da\/wp-json\/wp\/v2\/product"}],"about":[{"href":"https:\/\/oiovape.com\/da\/wp-json\/wp\/v2\/types\/product"}],"replies":[{"embeddable":true,"href":"https:\/\/oiovape.com\/da\/wp-json\/wp\/v2\/comments?post=6317"}],"version-history":[{"count":0,"href":"https:\/\/oiovape.com\/da\/wp-json\/wp\/v2\/product\/6317\/revisions"}],"wp:featuredmedia":[{"embeddable":true,"href":"https:\/\/oiovape.com\/da\/wp-json\/wp\/v2\/media\/6319"}],"wp:attachment":[{"href":"https:\/\/oiovape.com\/da\/wp-json\/wp\/v2\/media?parent=6317"}],"wp:term":[{"taxonomy":"product_brand","embeddable":true,"href":"https:\/\/oiovape.com\/da\/wp-json\/wp\/v2\/product_brand?post=6317"},{"taxonomy":"product_cat","embeddable":true,"href":"https:\/\/oiovape.com\/da\/wp-json\/wp\/v2\/product_cat?post=6317"},{"taxonomy":"product_tag","embeddable":true,"href":"https:\/\/oiovape.com\/da\/wp-json\/wp\/v2\/product_tag?post=6317"}],"curies":[{"name":"wp","href":"https:\/\/api.w.org\/{rel}","templated":true}]}}