{"id":6630,"date":"2026-02-02T14:46:51","date_gmt":"2026-02-02T06:46:51","guid":{"rendered":"https:\/\/oiovape.com\/?post_type=product&#038;p=6630"},"modified":"2026-04-16T16:04:49","modified_gmt":"2026-04-16T08:04:49","slug":"bang-leader-stoll-300000-puffs-2","status":"publish","type":"product","link":"https:\/\/oiovape.com\/da\/product\/bang-leader-stoll-300000-puffs-2\/","title":{"rendered":"Bang Leader Stoll 300000 PUFFS 6 i 1 Smag Stor kapacitet E-v\u00e6ske Engangs Vape Engros Bulk K\u00f8b"},"content":{"rendered":"<div data-page-id=\"ZVeMfq8uxd7y1ycuKm5cym4LnYd\" data-lark-html-role=\"root\" data-docx-has-block-data=\"false\">\n<div data-page-id=\"Fd41fZ5N9dzRQtcRNoVc2FuDnCh\" data-lark-html-role=\"root\" data-docx-has-block-data=\"true\">\n<div data-page-id=\"BdIJfeeijdk1eucGpS8cDCBBn5c\" data-lark-html-role=\"root\" data-docx-has-block-data=\"false\">\n<div data-page-id=\"Zbg9fWx77dUuh2cIYpic25c8nyd\" data-lark-html-role=\"root\" data-docx-has-block-data=\"false\">\n<div data-page-id=\"KaIvfiurhdlCKdc0kyxcX64cnE6\" data-lark-html-role=\"root\" data-docx-has-block-data=\"true\">\n<div data-page-id=\"PbvFfqxqlddUTScRpEYcY5MHnpf\" data-lark-html-role=\"root\" data-docx-has-block-data=\"true\">\n<div data-page-id=\"GZO2f5JeudwY4jc9iJtcdk9Hnxh\" data-lark-html-role=\"root\" data-docx-has-block-data=\"false\">\n<div data-page-id=\"EZVRf2acFduXLGcseZFc4qH2n6e\" data-lark-html-role=\"root\" data-docx-has-block-data=\"false\">\n<div data-page-id=\"B8rHfcqlqdzmH5cCWCncz17Cntb\" data-lark-html-role=\"root\" data-docx-has-block-data=\"false\">\n<div data-page-id=\"B8rHfcqlqdzmH5cCWCncz17Cntb\" data-lark-html-role=\"root\" data-docx-has-block-data=\"false\">\n<div data-page-id=\"B8rHfcqlqdzmH5cCWCncz17Cntb\" data-lark-html-role=\"root\" data-docx-has-block-data=\"true\">\n<div data-page-id=\"HM70f1aoxdD0bMcxJZBcVc7ynZd\" data-lark-html-role=\"root\" data-docx-has-block-data=\"false\">\n<div data-page-id=\"NSrJfN7Ord22i0c1iwZcsF8yn8b\" data-lark-html-role=\"root\" data-docx-has-block-data=\"false\">\n<div data-page-id=\"RXEff4Mskds8o1cqL5HcGEtUnCh\" data-lark-html-role=\"root\" data-docx-has-block-data=\"false\">\n<div data-page-id=\"KJ7gfqkVndMSRJcMseScmvYwnTc\" data-lark-html-role=\"root\" data-docx-has-block-data=\"false\">\n<div class=\"ace-line ace-line old-record-id-QADAfETPudgmudc05YvcTO5fnxe\">\n<div data-page-id=\"KJ7gfqkVndMSRJcMseScmvYwnTc\" data-lark-html-role=\"root\" data-docx-has-block-data=\"false\">\n<div class=\"ace-line ace-line old-record-id-JoRkfpho8dOkiacEOascDyCOncb\">\n<div data-page-id=\"KJ7gfqkVndMSRJcMseScmvYwnTc\" data-lark-html-role=\"root\" data-docx-has-block-data=\"false\">\n<div data-page-id=\"Ju6ofQ3V4dGmePcVvJvc1gmcnZb\" data-lark-html-role=\"root\" data-docx-has-block-data=\"true\">\n<div data-page-id=\"PR9ife5PLdFabccbFgZcWgZOnTc\" data-lark-html-role=\"root\" data-docx-has-block-data=\"false\">\n<div data-page-id=\"INdrfOIGzdaenXcptrcc1BcznQc\" data-lark-html-role=\"root\" data-docx-has-block-data=\"false\">\n<div class=\"ace-line ace-line old-record-id-P0fIf4YaZdoGkbcxt5ackec2nnb\">\n<div data-page-id=\"INdrfOIGzdaenXcptrcc1BcznQc\" data-lark-html-role=\"root\" data-docx-has-block-data=\"false\">\n<div data-page-id=\"MAzCfUB73dMTQscm8eWcougVn1g\" data-lark-html-role=\"root\" data-docx-has-block-data=\"true\">\n<div data-page-id=\"AXfpf7H1odhDvGcKoUOcErN8nV7\" data-lark-html-role=\"root\" data-docx-has-block-data=\"false\">\n<div data-page-id=\"QYTKf5PvLdUNdbce2nBcW9yfnrh\" data-lark-html-role=\"root\" data-docx-has-block-data=\"false\">\n<div data-page-id=\"Pvu1f1CCBdxbjncA9pgcBTpanph\" data-lark-html-role=\"root\" data-docx-has-block-data=\"true\">\n<div data-page-id=\"Axf3fcmY8dDAhtcjVircBcphnPc\" data-lark-html-role=\"root\" data-docx-has-block-data=\"false\">\n<div data-page-id=\"KKj1f9SPmdLhhMc5E2AcNlLen6f\" data-lark-html-role=\"root\" data-docx-has-block-data=\"true\">\n<div data-page-id=\"Rx61fK1sJdXHjPcBuhZcweNhnwc\" data-lark-html-role=\"root\" data-docx-has-block-data=\"false\">\n<div data-page-id=\"L1H9fkG9Mdz45Fcy4WMc5VKXnRe\" data-lark-html-role=\"root\" data-docx-has-block-data=\"false\">\n<div data-page-id=\"L1H9fkG9Mdz45Fcy4WMc5VKXnRe\" data-lark-html-role=\"root\" data-docx-has-block-data=\"false\">\n<div data-page-id=\"D4XLfVBVrdE8mrcaYizczklLnaf\" data-lark-html-role=\"root\" data-docx-has-block-data=\"false\">\n<div data-page-id=\"WVcifIY44d5mhMcXtyEcTsfenGd\" data-lark-html-role=\"root\" data-docx-has-block-data=\"true\">\n<div data-page-id=\"LRknfa6Whd4DWCcUc0FcNKpJnyh\" data-lark-html-role=\"root\" data-docx-has-block-data=\"false\">\n<div data-page-id=\"LRknfa6Whd4DWCcUc0FcNKpJnyh\" data-lark-html-role=\"root\" data-docx-has-block-data=\"false\">\n<div data-page-id=\"XFRAfkcOEdRWh8cArQ2cJdyRnJf\" data-lark-html-role=\"root\" data-docx-has-block-data=\"true\">\n<div data-page-id=\"OQ3bfjnRddMTDGcC3ouc6xFKnWf\" data-lark-html-role=\"root\" data-docx-has-block-data=\"true\">\n<div data-page-id=\"J0iGfj1hEdjc4rcUdSmc4spMnmZ\" data-lark-html-role=\"root\" data-docx-has-block-data=\"false\">\n<div data-page-id=\"P1o7fFyNlduP8tcfZpQcagzbnIf\" data-lark-html-role=\"root\" data-docx-has-block-data=\"false\">\n<div class=\"ace-line ace-line old-record-id-P1o7fFyNlduP8tcfZpQcagzbnIf\">\n<div data-page-id=\"P1o7fFyNlduP8tcfZpQcagzbnIf\" data-lark-html-role=\"root\" data-docx-has-block-data=\"false\">\n<div data-page-id=\"U4iufW38SdttWKcTstMcTtHRnXc\" data-lark-html-role=\"root\" data-docx-has-block-data=\"true\">\n<div data-page-id=\"ONVMf7VTWddcFtcyATOchCJHnZb\" data-lark-html-role=\"root\" data-docx-has-block-data=\"true\">\n<div data-page-id=\"KoW2fSy0PdLHFlc5kSHcgvWMnYg\" data-lark-html-role=\"root\" data-docx-has-block-data=\"false\">\n<div data-page-id=\"KoW2fSy0PdLHFlc5kSHcgvWMnYg\" data-lark-html-role=\"root\" data-docx-has-block-data=\"false\">\n<div data-page-id=\"OLGhfzxC7d7EFIcLEj9cRT5ynZf\" data-lark-html-role=\"root\" data-docx-has-block-data=\"false\">\n<div data-page-id=\"DdnnfrLjzdqrFIc9Il9c7pA2noc\" data-lark-html-role=\"root\" data-docx-has-block-data=\"true\">\n<div data-page-id=\"KNzcf2o0oddkJOcztTVcqPdlnth\" data-lark-html-role=\"root\" data-docx-has-block-data=\"false\">\n<div data-page-id=\"LBU7fg5SEdkWhecGJoxca3xvnCe\" data-lark-html-role=\"root\" data-docx-has-block-data=\"false\">\n<div data-page-id=\"EB70fooS3d69bMcgWB7c5qb9n8g\" data-lark-html-role=\"root\" data-docx-has-block-data=\"false\">\n<div data-page-id=\"AogwfsZCadB6t0cAvF0cK4JLnvf\" data-lark-html-role=\"root\" data-docx-has-block-data=\"false\">\n<div data-page-id=\"AogwfsZCadB6t0cAvF0cK4JLnvf\" data-lark-html-role=\"root\" data-docx-has-block-data=\"false\">\n<div data-page-id=\"JMZIflNGddQuU0c5JZocSqlvnle\" data-lark-html-role=\"root\" data-docx-has-block-data=\"false\">\n<div data-page-id=\"JMZIflNGddQuU0c5JZocSqlvnle\" data-lark-html-role=\"root\" data-docx-has-block-data=\"true\">\n<div data-page-id=\"HtEafjjRIdPAlMc9zgYcsGy6nOe\" data-lark-html-role=\"root\" data-docx-has-block-data=\"false\">\n<div data-page-id=\"Rhnafz0WTdDeT9c43xxczsbVnJo\" data-lark-html-role=\"root\" data-docx-has-block-data=\"false\">\n<div data-page-id=\"WY0CfKdcTdf4hVcZl67ct5LGncf\" data-lark-html-role=\"root\" data-docx-has-block-data=\"true\">\n<div data-page-id=\"MkB5fF4AVdchovcoPEpc7LqvnOd\" data-lark-html-role=\"root\" data-docx-has-block-data=\"true\">\n<div data-page-id=\"MfbjfZhbhdJdA8cH1dAckqF0n6g\" data-lark-html-role=\"root\" data-docx-has-block-data=\"false\">\n<div class=\"ace-line ace-line old-record-id-W2AHfJLnjd7ugjcRLs1c8BdhnNh\">\n<div data-page-id=\"MfbjfZhbhdJdA8cH1dAckqF0n6g\" data-lark-html-role=\"root\" data-docx-has-block-data=\"false\">\n<div class=\"old-record-id-XXd1feeCZdR2hJc6evocxnh1nOg\">\n<div data-page-id=\"MfbjfZhbhdJdA8cH1dAckqF0n6g\" data-lark-html-role=\"root\" data-docx-has-block-data=\"false\">\n<div data-page-id=\"DE51fYUmxdT3ekcHzc3cGrVQnsc\" data-lark-html-role=\"root\" data-docx-has-block-data=\"false\">\n<div data-page-id=\"YSKdfaZ08dRej3ci5CccQBuOncc\" data-lark-html-role=\"root\" data-docx-has-block-data=\"true\">\n<div data-page-id=\"K6mofQmledamEFcgp1EcVobmnYd\" data-lark-html-role=\"root\" data-docx-has-block-data=\"false\">\n<div data-page-id=\"VTgsfVLdCd9q1ucYcwRcCM0Hnof\" data-lark-html-role=\"root\" data-docx-has-block-data=\"true\">\n<div data-page-id=\"WucKfzp8RdNy8rcMJHncz4Knnac\" data-lark-html-role=\"root\" data-docx-has-block-data=\"true\">\n<div data-page-id=\"IfZ9fDIBLd9b9hcJiqGcLw9Pnmh\" data-lark-html-role=\"root\" data-docx-has-block-data=\"false\">\n<div data-page-id=\"JeU6f3Yq5dbdEHcZDptc5ikcn5c\" data-lark-html-role=\"root\" data-docx-has-block-data=\"true\">\n<div data-page-id=\"E1YjfnB4Jdmtsfc2ZObcu04Un6c\" data-lark-html-role=\"root\" data-docx-has-block-data=\"false\">\n<div data-page-id=\"RQVEfdiOzdqTQKcRcnxcG0Y7nce\" data-lark-html-role=\"root\" data-docx-has-block-data=\"true\">\n<div data-page-id=\"NKc7fbZi9dnOXocdHcScVsXdnmh\" data-lark-html-role=\"root\" data-docx-has-block-data=\"false\">\n<div data-page-id=\"DaE3fgNEwdnbQVc62iqcBK4lnte\" data-lark-html-role=\"root\" data-docx-has-block-data=\"false\">\n<div data-page-id=\"DaE3fgNEwdnbQVc62iqcBK4lnte\" data-lark-html-role=\"root\" data-docx-has-block-data=\"false\">\n<div class=\"container\">\n<div id=\"model-response-message-contentr_fae531c0e914f92d\" class=\"markdown markdown-main-panel stronger enable-updated-hr-color\" dir=\"ltr\" aria-live=\"off\" aria-busy=\"false\">\n<div style=\"width: 720px;\" class=\"wp-video\"><video class=\"wp-video-shortcode\" id=\"video-6630-1\" width=\"720\" height=\"1280\" preload=\"metadata\" controls=\"controls\"><source type=\"video\/mp4\" src=\"https:\/\/oiovape.com\/wp-content\/uploads\/2026\/03\/Bang-300k-Video.mp4?_=1\" \/><a href=\"https:\/\/oiovape.com\/wp-content\/uploads\/2026\/03\/Bang-300k-Video.mp4\">https:\/\/oiovape.com\/wp-content\/uploads\/2026\/03\/Bang-300k-Video.mp4<\/a><\/video><\/div>\n<h2 data-path-to-node=\"0\">Bang Leader Stoll 300000 Puffs: Det ultimative 6 i 1 smag-bibliotek<\/h2>\n<p data-path-to-node=\"1\">Tr\u00e6t af at v\u00e6re bundet til en enkelt smag i uger? Bang Leader Stoll 300K <b data-path-to-node=\"1\" data-index-in-node=\"58\">Bang Leader Stoll 300K<\/b> er ikke bare endnu en elektronisk cigaret; det er en fuldst\u00e6ndig smagsfestival pakket ind i \u00e9t elegant chassis. Designet til dem, der kr\u00e6ver variation uden rodet med flere enheder, introducerer denne kraftmaskine en <b data-path-to-node=\"1\" data-index-in-node=\"297\">6 i 1 uafh\u00e6ngigt smaksystem<\/b>. Forestil dig at have et andet hum\u00f8r for hver time p\u00e5 dagen\u2014fra en iskold morgenstart til en s\u00f8d sliksolnedgang\u2014alt tilg\u00e6ngeligt med et enkelt klik.<\/p>\n<p data-path-to-node=\"2\">Med et enormt <b data-path-to-node=\"2\" data-index-in-node=\"18\">300000 totale puffs<\/b>, s\u00e6tter denne enhed en ny guldstandard for <b data-path-to-node=\"2\" data-index-in-node=\"84\">big puff<\/b> kategorien, hvilket sikrer, at din dampningsrejse varer m\u00e5neder i stedet for dage.<\/p>\n<h2 data-path-to-node=\"4\">Hvorfor forpligte sig til \u00e9n, n\u00e5r du kan have seks?<\/h2>\n<h3 data-path-to-node=\"5\">L\u00e6nges din gane efter en revolution?<\/h3>\n<p data-path-to-node=\"6\">De fleste engangseneheder tvinger dig ind i et langsigtet forhold til \u00e9n smag. Bang Leader Stoll 300000 Puffs bryder denne cyklus. Ved at huse seks separate e-v\u00e6ske-kammer forhindrer det \u201csmagstr\u00e6theden.\u201d Det uafh\u00e6ngige tankdesign sikrer, at din \u201cBlueberry Ice\u201d aldrig smager som et sp\u00f8gelse af \u201cStrawberry Kiwi\u201d, som du havde for ti minutter siden. Det er rent, isoleret og \u00f8jeblikkeligt.<\/p>\n<h3 data-path-to-node=\"8\">Ingeni\u00f8rarbejdet bag skyen<\/h3>\n<h4 data-path-to-node=\"9\">\ud83d\udd0b Kraft, der n\u00e6gter at give op<\/h4>\n<p data-path-to-node=\"10\">A <b data-path-to-node=\"10\" data-index-in-node=\"2\">big puff<\/b> count er meningsl\u00f8s, hvis batteriet d\u00f8r halvvejs gennem. Bang Leader 300K har en robust 650 mAh genopladelig kerne. Parret med en <b data-path-to-node=\"10\" data-index-in-node=\"138\">Type-C-opladningsport<\/b>, det lades op lige s\u00e5 hurtigt som en moderne smartphone, hvilket sikrer, at du kan f\u00e5 hver sidste dr\u00e5be af 300000 puffs kapaciteten.<\/p>\n<h4 data-path-to-node=\"11\">\u26a1 Pr\u00e6cision Mesh Coil-teknologi<\/h4>\n<p data-path-to-node=\"12\">I hjerte af enheden ligger en <b data-path-to-node=\"12\" data-index-in-node=\"34\">1.0-ohm mesh coil<\/b>. I mods\u00e6tning til traditionelle coils, der varmer ujevnt, fungerer dette mesh-gitter som et fintuneret instrument, der fordamper v\u00e6sken over et st\u00f8rre overfladeareal. Resultatet? En glat, t\u00e6t sky, der fanger de nuancerede overtoner fra hver frugt- og drikkeblandning.<\/p>\n<h4 data-path-to-node=\"13\">\ud83d\udee0\ufe0f Ergonomisk og l\u00e6kagebeskyttet h\u00e5ndv\u00e6rk<\/h4>\n<p data-path-to-node=\"14\">At holde Bang Leader Stoll 300000 Puffs f\u00f8les naturligt. P\u00e5 trods af dens massive interne kapacitet, passer den <b data-path-to-node=\"14\" data-index-in-node=\"76\">ergonomiske form<\/b> komfortabelt i h\u00e5ndfladen. Vigtigst af alt, den <b data-path-to-node=\"14\" data-index-in-node=\"141\">l\u00e6kagebeskyttende design<\/b> fungerer som en f\u00e6stning for dit juice, holder dine lommer rene og dit fokus p\u00e5 smagen.<\/p>\n<h2 data-path-to-node=\"16\">Specifikationer: Et hurtigt overblik<\/h2>\n<div class=\"horizontal-scroll-wrapper\">\n<div class=\"table-block-component\">\n<div class=\"table-block has-export-button new-table-style is-at-scroll-start is-at-scroll-end\">\n<div class=\"table-content\" data-hveid=\"0\" data-ved=\"0CAAQ3ecQahgKEwjtvoDR8vGTAxUAAAAAHQAAAAAQngI\">\n<table data-path-to-node=\"17\">\n<thead>\n<tr>\n<th><span data-path-to-node=\"17,0,0,0\">Funktion<\/span><\/th>\n<th><span data-path-to-node=\"17,0,1,0\">Teknisk detalje<\/span><\/th>\n<\/tr>\n<\/thead>\n<tbody>\n<tr>\n<td><span data-path-to-node=\"17,1,0,0\"><b data-path-to-node=\"17,1,0,0\" data-index-in-node=\"0\">Total Puffantal<\/b><\/span><\/td>\n<td><span data-path-to-node=\"17,1,1,0\">Op til 300000 Puffs<\/span><\/td>\n<\/tr>\n<tr>\n<td><span data-path-to-node=\"17,2,0,0\"><b data-path-to-node=\"17,2,0,0\" data-index-in-node=\"0\">Smagssystem<\/b><\/span><\/td>\n<td><span data-path-to-node=\"17,2,1,0\">6 i 1 uafh\u00e6ngige roterende kamre<\/span><\/td>\n<\/tr>\n<tr>\n<td><span data-path-to-node=\"17,3,0,0\"><b data-path-to-node=\"17,3,0,0\" data-index-in-node=\"0\">Coil Type<\/b><\/span><\/td>\n<td><span data-path-to-node=\"17,3,1,0\">1.0 ohm avanceret mesh-spole<\/span><\/td>\n<\/tr>\n<tr>\n<td><span data-path-to-node=\"17,4,0,0\"><b data-path-to-node=\"17,4,0,0\" data-index-in-node=\"0\">Batterikapacitet<\/b><\/span><\/td>\n<td><span data-path-to-node=\"17,4,1,0\">650 mAh (genopladelig)<\/span><\/td>\n<\/tr>\n<tr>\n<td><span data-path-to-node=\"17,5,0,0\"><b data-path-to-node=\"17,5,0,0\" data-index-in-node=\"0\">Opladning<\/b><\/span><\/td>\n<td><span data-path-to-node=\"17,5,1,0\">Type-C hurtiglading<\/span><\/td>\n<\/tr>\n<tr>\n<td><span data-path-to-node=\"17,6,0,0\"><b data-path-to-node=\"17,6,0,0\" data-index-in-node=\"0\">Nikotinalternativer<\/b><\/span><\/td>\n<td><span data-path-to-node=\"17,6,1,0\">0% \/ 2% \/ 3% \/ 5%<\/span><\/td>\n<\/tr>\n<tr>\n<td><span data-path-to-node=\"17,7,0,0\"><b data-path-to-node=\"17,7,0,0\" data-index-in-node=\"0\">Konstruktion<\/b><\/span><\/td>\n<td><span data-path-to-node=\"17,7,1,0\">L\u00e6kaget\u00e6t, ergonomisk skal<\/span><\/td>\n<\/tr>\n<\/tbody>\n<\/table>\n<\/div>\n<\/div>\n<\/div>\n<\/div>\n<h2 data-path-to-node=\"19\">Smakbiblioteket: 12 mesterv\u00e6rk-serier<\/h2>\n<p data-path-to-node=\"20\">Bang Leader Stoll 300000 Puffs tilbyder 12 forskellige \u201cSamlinger.\u201d Hver samling indeholder seks unikke smage. Uanset om du leder efter en <b data-path-to-node=\"20\" data-index-in-node=\"131\">engros vape<\/b> l\u00f8sning eller en personlig forr\u00e5d, d\u00e6kker disse kuraterede blandinger hele det sensoriske spektrum.<\/p>\n<h4 data-path-to-node=\"21\">Serie 1 til 3: Frugtb\u00f8nderne<\/h4>\n<ul data-path-to-node=\"22\">\n<li>\n<p data-path-to-node=\"22,0,0\"><b data-path-to-node=\"22,0,0\" data-index-in-node=\"0\">Serie 1:<\/b> Vandmelon is, Red bull, Jordb\u00e6r kiwi, Bl\u00e5b\u00e6r is, Citron lime, Jordb\u00e6r vandmelon.<\/p>\n<\/li>\n<li>\n<p data-path-to-node=\"22,1,0\"><b data-path-to-node=\"22,1,0\" data-index-in-node=\"0\">Serie 2:<\/b> Jordb\u00e6r banan, Dobbelt \u00e6ble, Hindb\u00e6r vandmelon, Sur mango ananas, Tropisk frugt, Citron fersken.<\/p>\n<\/li>\n<li>\n<p data-path-to-node=\"22,2,0\"><b data-path-to-node=\"22,2,0\" data-index-in-node=\"0\">Serie 3:<\/b> Ananas kokos, Blue razz, Blandede b\u00e6r, Mango fersken, Bl\u00e5b\u00e6r hindb\u00e6r, Jordb\u00e6r vanilje cola.<\/p>\n<\/li>\n<\/ul>\n<h4 data-path-to-node=\"23\">Serie 4 til 6: Dristige og eksotiske udforsknigner<\/h4>\n<ul data-path-to-node=\"24\">\n<li>\n<p data-path-to-node=\"24,0,0\"><b data-path-to-node=\"24,0,0\" data-index-in-node=\"0\">Serie 4:<\/b> Fersken b\u00e6r, Tredobbelt melon, Drue is, Sort drage is, Fizzy kirseb\u00e6r is, Gummibj\u00f8rn.<\/p>\n<\/li>\n<li>\n<p data-path-to-node=\"24,1,0\"><b data-path-to-node=\"24,1,0\" data-index-in-node=\"0\">Serie 5:<\/b> Regnbue slik, Kirseb\u00e6r cola is, Love 666, Mango is, Bl\u00e5b\u00e6r bomuldsslik, Fersken is.<\/p>\n<\/li>\n<li>\n<p data-path-to-node=\"24,2,0\"><b data-path-to-node=\"24,2,0\" data-index-in-node=\"0\">Serie 6:<\/b> Aloe litchi is, Pink citron, Gletsjer is, Furen\u00e5l mynte, Sort ribs is, Vandmelon citron.<\/p>\n<\/li>\n<\/ul>\n<h4 data-path-to-node=\"25\">Serie 7 til 9: Sommerf\u00f8lelse og energi-hits<\/h4>\n<ul data-path-to-node=\"26\">\n<li>\n<p data-path-to-node=\"26,0,0\"><b data-path-to-node=\"26,0,0\" data-index-in-node=\"0\">Serie 7:<\/b> Vandmelon is, Blandede b\u00e6r, \u00c6ble p\u00e6re, Bl\u00e5b\u00e6r mynte, Sommertid, Fersken.<\/p>\n<\/li>\n<li>\n<p data-path-to-node=\"26,1,0\"><b data-path-to-node=\"26,1,0\" data-index-in-node=\"0\">Serie 8:<\/b> Energidrik, Fersken is, Mango is, Goji b\u00e6r, Solb\u00e6r, Mamba.<\/p>\n<\/li>\n<li>\n<p data-path-to-node=\"26,2,0\"><b data-path-to-node=\"26,2,0\" data-index-in-node=\"0\">Serie 9:<\/b> Kirseb\u00e6r cola, Bl\u00e5b\u00e6r hindb\u00e6r, Sort drage is, Regnbue slik, Fuji is, Vandmelon sur fersken.<\/p>\n<\/li>\n<\/ul>\n<h4 data-path-to-node=\"27\">Serie 10 til 12: The Beverage Connoisseur<\/h4>\n<ul data-path-to-node=\"28\">\n<li>\n<p data-path-to-node=\"28,0,0\"><b data-path-to-node=\"28,0,0\" data-index-in-node=\"0\">Serie 10:<\/b> Redbull, Jordb\u00e6r kiwi, Jordb\u00e6r banan, Litchi is, Vandmelon b\u00e6r, Passionsfrugt mango.<\/p>\n<\/li>\n<li>\n<p data-path-to-node=\"28,1,0\"><b data-path-to-node=\"28,1,0\" data-index-in-node=\"0\">Serie 11:<\/b> Red bull cola is, Jordb\u00e6r hindb\u00e6r kirseb\u00e6r, Bl\u00e5b\u00e6r drage frugt, Citron lime, Hindb\u00e6r pomp, Vandmelon kiwi.<\/p>\n<\/li>\n<li>\n<p data-path-to-node=\"28,2,0\"><b data-path-to-node=\"28,2,0\" data-index-in-node=\"0\">Serie 12:<\/b> Cola is, Energidrik, Kirseb\u00e6r is, Melon passionsfrugt, Bl\u00e5b\u00e6r is, \u00c6ble kiwi.<\/p>\n<\/li>\n<\/ul>\n<p><img decoding=\"async\" class=\"alignnone wp-image-6642 size-full\" title=\"Bang Leader Stoll 300k smag\" src=\"https:\/\/oiovape.com\/wp-content\/uploads\/2026\/02\/Bang-Leader-Stoll-300k-flavor-scaled.png\" alt=\"Bang Leader Stoll 300k smag\" width=\"1370\" height=\"2560\" srcset=\"https:\/\/oiovape.com\/wp-content\/uploads\/2026\/02\/Bang-Leader-Stoll-300k-flavor-scaled.png 1370w, https:\/\/oiovape.com\/wp-content\/uploads\/2026\/02\/Bang-Leader-Stoll-300k-flavor-161x300.png 161w, https:\/\/oiovape.com\/wp-content\/uploads\/2026\/02\/Bang-Leader-Stoll-300k-flavor-548x1024.png 548w, https:\/\/oiovape.com\/wp-content\/uploads\/2026\/02\/Bang-Leader-Stoll-300k-flavor-768x1435.png 768w, https:\/\/oiovape.com\/wp-content\/uploads\/2026\/02\/Bang-Leader-Stoll-300k-flavor-822x1536.png 822w, https:\/\/oiovape.com\/wp-content\/uploads\/2026\/02\/Bang-Leader-Stoll-300k-flavor-1096x2048.png 1096w, https:\/\/oiovape.com\/wp-content\/uploads\/2026\/02\/Bang-Leader-Stoll-300k-flavor-6x12.png 6w, https:\/\/oiovape.com\/wp-content\/uploads\/2026\/02\/Bang-Leader-Stoll-300k-flavor-1200x2242.png 1200w, https:\/\/oiovape.com\/wp-content\/uploads\/2026\/02\/Bang-Leader-Stoll-300k-flavor-150x280.png 150w\" sizes=\"(max-width: 1370px) 100vw, 1370px\" \/><\/p>\n<h2 data-path-to-node=\"30\">Ofte Stillede Sp\u00f8rgsm\u00e5l (FAQ)<\/h2>\n<h5 data-path-to-node=\"31\">1. Hvordan fungerer smag-skiftet 6 i 1?<\/h5>\n<p data-path-to-node=\"32\">Enheden er konstrueret med seks isolerede interne tanke. Ved at bruge den eksterne v\u00e6lger kan du skifte mellem smage \u00f8jeblikkeligt. Fordi luftstr\u00f8mmene og kamrene er separate, er der nul smag blanding eller \u201ceftersmag\u201d fra det tidligere valg.<\/p>\n<h5 data-path-to-node=\"33\">2. Er de 300000 puff for hver individuel smag?<\/h5>\n<p data-path-to-node=\"34\">Nej, de 300000 puff repr\u00e6senterer den <b data-path-to-node=\"34\" data-index-in-node=\"36\">samlede kapacitet<\/b> af hele enheden. Denne total er fordelt p\u00e5 de seks smag kamre, hvilket giver en massiv levetid, der langt overstiger standard engangsvaper.<\/p>\n<h5 data-path-to-node=\"35\">3. Skal jeg k\u00f8be specielle kabler til opladning?<\/h5>\n<p data-path-to-node=\"36\">Slet ikke. Bang Leader Stoll bruger en universel <b data-path-to-node=\"36\" data-index-in-node=\"51\">Type-C-opladningsport<\/b>, den samme standard, der bruges af de fleste moderne elektronik. Dette sikrer, at du nemt kan holde enheden str\u00f8m, indtil hver sidste puff nyder.<\/p>\n<h5 data-path-to-node=\"37\">4. Hvorfor v\u00e6lge en mesh-spole til en s\u00e5 stor kapacitetsenhed?<\/h5>\n<p data-path-to-node=\"38\">Mesh-spolen p\u00e5 1,0 ohm er designet til holdbarhed og smag renhed. Det giver en st\u00f8rre varmeoverflade, som forhindrer \u201cbr\u00e6ndt smag\u201d, der ofte findes i h\u00f8j-kapacitets vaper n\u00e6r slutningen af deres levetid, hvilket sikrer, at 300000. puff er lige s\u00e5 god som den f\u00f8rste.<\/p>\n<h5 data-path-to-node=\"39\">5. Er denne enhed egnet til engros eller bulkordrer?<\/h5>\n<p data-path-to-node=\"40\">Absolut. P\u00e5 grund af dets unikke 6-i-1-funktion og rekordsl\u00e5ende puffantal er det et topvalg for <b data-path-to-node=\"40\" data-index-in-node=\"109\">engros vape<\/b> markedet, der tilbyder forbrugerne mere v\u00e6rdi og variation i et enkelt k\u00f8b end traditionelle modeller.<\/p>\n<\/div>\n<\/div>\n<\/div>\n<\/div>\n<\/div>\n<\/div>\n<\/div>\n<\/div>\n<\/div>\n<\/div>\n<\/div>\n<\/div>\n<\/div>\n<\/div>\n<\/div>\n<\/div>\n<\/div>\n<\/div>\n<\/div>\n<\/div>\n<\/div>\n<\/div>\n<\/div>\n<\/div>\n<\/div>\n<\/div>\n<\/div>\n<\/div>\n<\/div>\n<\/div>\n<\/div>\n<\/div>\n<\/div>\n<\/div>\n<\/div>\n<\/div>\n<\/div>\n<\/div>\n<\/div>\n<\/div>\n<\/div>\n<\/div>\n<\/div>\n<\/div>\n<\/div>\n<\/div>\n<\/div>\n<\/div>\n<\/div>\n<\/div>\n<\/div>\n<\/div>\n<\/div>\n<\/div>\n<\/div>\n<\/div>\n<\/div>\n<\/div>\n<\/div>\n<\/div>\n<\/div>\n<\/div>\n<\/div>\n<\/div>\n<\/div>\n<\/div>\n<\/div>\n<\/div>\n<\/div>\n<\/div>\n<\/div>\n<\/div>\n<\/div>\n<\/div>\n<\/div>\n<\/div>\n<\/div>\n<\/div>\n<\/div>","protected":false},"excerpt":{"rendered":"<div data-page-id=\"RAopf2sw9dtvw4cWYXpcTwo0n8g\" data-lark-html-role=\"root\" data-docx-has-block-data=\"false\">\n<div class=\"ace-line ace-line old-record-id-Uju9f3RXYd8dh2crAJbcBF3Un6M\">M\u00f8d Bang Leader Stoll 300000 Puffs vape. Den indeholder 72 forskellige smagsvarianter fordelt p\u00e5 12 serier, fra frugtagtige fusioner til iskolde l\u00e6kkerier. Udstyret med et 650 mAh batteri, Type C opladning og 1,0 ohm modstand, leverer den glatte, langvarige damp hits til enhver smagselsker.<\/div>\n<\/div>","protected":false},"featured_media":6643,"comment_status":"open","ping_status":"closed","template":"","meta":{"_acf_changed":false,"inline_featured_image":false,"_sitemap_exclude":false,"_sitemap_priority":"","_sitemap_frequency":""},"product_brand":[90],"product_cat":[79],"product_tag":[],"class_list":{"0":"post-6630","1":"product","2":"type-product","3":"status-publish","4":"has-post-thumbnail","6":"product_brand-bang","7":"product_cat-bang-puff","9":"first","10":"instock","11":"sale","12":"shipping-taxable","13":"purchasable","14":"product-type-variable","15":"has-default-attributes"},"acf":[],"tiered_pricing_type":"fixed","tiered_pricing_fixed_rules":{"30":9.36,"60":8.58,"100":7.96,"200":7.35},"tiered_pricing_product_settings":{"layout":"default","base_unit_name":{"singular":null,"plural":null},"default_variation":null},"tiered_pricing_minimum_quantity":10,"tiered_pricing_roles_data":[],"tiered_pricing_percentage_rules":[],"tiered_pricing_maximum_quantity":null,"tiered_pricing_quantity_step":"10","_links":{"self":[{"href":"https:\/\/oiovape.com\/da\/wp-json\/wp\/v2\/product\/6630","targetHints":{"allow":["GET"]}}],"collection":[{"href":"https:\/\/oiovape.com\/da\/wp-json\/wp\/v2\/product"}],"about":[{"href":"https:\/\/oiovape.com\/da\/wp-json\/wp\/v2\/types\/product"}],"replies":[{"embeddable":true,"href":"https:\/\/oiovape.com\/da\/wp-json\/wp\/v2\/comments?post=6630"}],"version-history":[{"count":2,"href":"https:\/\/oiovape.com\/da\/wp-json\/wp\/v2\/product\/6630\/revisions"}],"predecessor-version":[{"id":8399,"href":"https:\/\/oiovape.com\/da\/wp-json\/wp\/v2\/product\/6630\/revisions\/8399"}],"wp:featuredmedia":[{"embeddable":true,"href":"https:\/\/oiovape.com\/da\/wp-json\/wp\/v2\/media\/6643"}],"wp:attachment":[{"href":"https:\/\/oiovape.com\/da\/wp-json\/wp\/v2\/media?parent=6630"}],"wp:term":[{"taxonomy":"product_brand","embeddable":true,"href":"https:\/\/oiovape.com\/da\/wp-json\/wp\/v2\/product_brand?post=6630"},{"taxonomy":"product_cat","embeddable":true,"href":"https:\/\/oiovape.com\/da\/wp-json\/wp\/v2\/product_cat?post=6630"},{"taxonomy":"product_tag","embeddable":true,"href":"https:\/\/oiovape.com\/da\/wp-json\/wp\/v2\/product_tag?post=6630"}],"curies":[{"name":"wp","href":"https:\/\/api.w.org\/{rel}","templated":true}]}}