{"id":6785,"date":"2026-02-06T14:09:44","date_gmt":"2026-02-06T06:09:44","guid":{"rendered":"https:\/\/oiovape.com\/?post_type=product&#038;p=6785"},"modified":"2026-02-10T11:14:32","modified_gmt":"2026-02-10T03:14:32","slug":"elf-bar-gh-23000-puffs","status":"publish","type":"product","link":"https:\/\/oiovape.com\/da\/product\/elf-bar-gh-23000-puffs\/","title":{"rendered":"Elf Bar GH 23000 PUFFS 5% Nikotindisposable Elektronisk Cigaret Med Dual Mesh Coil"},"content":{"rendered":"<div data-page-id=\"ZVeMfq8uxd7y1ycuKm5cym4LnYd\" data-lark-html-role=\"root\" data-docx-has-block-data=\"false\">\n<div data-page-id=\"Fd41fZ5N9dzRQtcRNoVc2FuDnCh\" data-lark-html-role=\"root\" data-docx-has-block-data=\"true\">\n<div data-page-id=\"BdIJfeeijdk1eucGpS8cDCBBn5c\" data-lark-html-role=\"root\" data-docx-has-block-data=\"false\">\n<div data-page-id=\"Zbg9fWx77dUuh2cIYpic25c8nyd\" data-lark-html-role=\"root\" data-docx-has-block-data=\"false\">\n<div data-page-id=\"KaIvfiurhdlCKdc0kyxcX64cnE6\" data-lark-html-role=\"root\" data-docx-has-block-data=\"true\">\n<div data-page-id=\"PbvFfqxqlddUTScRpEYcY5MHnpf\" data-lark-html-role=\"root\" data-docx-has-block-data=\"true\">\n<div data-page-id=\"GZO2f5JeudwY4jc9iJtcdk9Hnxh\" data-lark-html-role=\"root\" data-docx-has-block-data=\"false\">\n<div data-page-id=\"EZVRf2acFduXLGcseZFc4qH2n6e\" data-lark-html-role=\"root\" data-docx-has-block-data=\"false\">\n<div data-page-id=\"B8rHfcqlqdzmH5cCWCncz17Cntb\" data-lark-html-role=\"root\" data-docx-has-block-data=\"false\">\n<div data-page-id=\"B8rHfcqlqdzmH5cCWCncz17Cntb\" data-lark-html-role=\"root\" data-docx-has-block-data=\"false\">\n<div data-page-id=\"B8rHfcqlqdzmH5cCWCncz17Cntb\" data-lark-html-role=\"root\" data-docx-has-block-data=\"true\">\n<div data-page-id=\"HM70f1aoxdD0bMcxJZBcVc7ynZd\" data-lark-html-role=\"root\" data-docx-has-block-data=\"false\">\n<div data-page-id=\"NSrJfN7Ord22i0c1iwZcsF8yn8b\" data-lark-html-role=\"root\" data-docx-has-block-data=\"false\">\n<div data-page-id=\"RXEff4Mskds8o1cqL5HcGEtUnCh\" data-lark-html-role=\"root\" data-docx-has-block-data=\"false\">\n<div data-page-id=\"KJ7gfqkVndMSRJcMseScmvYwnTc\" data-lark-html-role=\"root\" data-docx-has-block-data=\"false\">\n<div class=\"ace-line ace-line old-record-id-QADAfETPudgmudc05YvcTO5fnxe\">\n<div data-page-id=\"KJ7gfqkVndMSRJcMseScmvYwnTc\" data-lark-html-role=\"root\" data-docx-has-block-data=\"false\">\n<div class=\"ace-line ace-line old-record-id-JoRkfpho8dOkiacEOascDyCOncb\">\n<div data-page-id=\"KJ7gfqkVndMSRJcMseScmvYwnTc\" data-lark-html-role=\"root\" data-docx-has-block-data=\"false\">\n<div data-page-id=\"Ju6ofQ3V4dGmePcVvJvc1gmcnZb\" data-lark-html-role=\"root\" data-docx-has-block-data=\"true\">\n<div data-page-id=\"PR9ife5PLdFabccbFgZcWgZOnTc\" data-lark-html-role=\"root\" data-docx-has-block-data=\"false\">\n<div data-page-id=\"INdrfOIGzdaenXcptrcc1BcznQc\" data-lark-html-role=\"root\" data-docx-has-block-data=\"false\">\n<div class=\"ace-line ace-line old-record-id-P0fIf4YaZdoGkbcxt5ackec2nnb\">\n<div data-page-id=\"INdrfOIGzdaenXcptrcc1BcznQc\" data-lark-html-role=\"root\" data-docx-has-block-data=\"false\">\n<div data-page-id=\"MAzCfUB73dMTQscm8eWcougVn1g\" data-lark-html-role=\"root\" data-docx-has-block-data=\"true\">\n<div data-page-id=\"AXfpf7H1odhDvGcKoUOcErN8nV7\" data-lark-html-role=\"root\" data-docx-has-block-data=\"false\">\n<div data-page-id=\"QYTKf5PvLdUNdbce2nBcW9yfnrh\" data-lark-html-role=\"root\" data-docx-has-block-data=\"false\">\n<div data-page-id=\"Pvu1f1CCBdxbjncA9pgcBTpanph\" data-lark-html-role=\"root\" data-docx-has-block-data=\"true\">\n<div data-page-id=\"Axf3fcmY8dDAhtcjVircBcphnPc\" data-lark-html-role=\"root\" data-docx-has-block-data=\"false\">\n<div data-page-id=\"KKj1f9SPmdLhhMc5E2AcNlLen6f\" data-lark-html-role=\"root\" data-docx-has-block-data=\"true\">\n<div data-page-id=\"Rx61fK1sJdXHjPcBuhZcweNhnwc\" data-lark-html-role=\"root\" data-docx-has-block-data=\"false\">\n<div data-page-id=\"L1H9fkG9Mdz45Fcy4WMc5VKXnRe\" data-lark-html-role=\"root\" data-docx-has-block-data=\"false\">\n<div data-page-id=\"L1H9fkG9Mdz45Fcy4WMc5VKXnRe\" data-lark-html-role=\"root\" data-docx-has-block-data=\"false\">\n<div data-page-id=\"D4XLfVBVrdE8mrcaYizczklLnaf\" data-lark-html-role=\"root\" data-docx-has-block-data=\"false\">\n<div data-page-id=\"WVcifIY44d5mhMcXtyEcTsfenGd\" data-lark-html-role=\"root\" data-docx-has-block-data=\"true\">\n<div data-page-id=\"LRknfa6Whd4DWCcUc0FcNKpJnyh\" data-lark-html-role=\"root\" data-docx-has-block-data=\"false\">\n<div data-page-id=\"LRknfa6Whd4DWCcUc0FcNKpJnyh\" data-lark-html-role=\"root\" data-docx-has-block-data=\"false\">\n<div data-page-id=\"XFRAfkcOEdRWh8cArQ2cJdyRnJf\" data-lark-html-role=\"root\" data-docx-has-block-data=\"true\">\n<div data-page-id=\"OQ3bfjnRddMTDGcC3ouc6xFKnWf\" data-lark-html-role=\"root\" data-docx-has-block-data=\"true\">\n<div data-page-id=\"J0iGfj1hEdjc4rcUdSmc4spMnmZ\" data-lark-html-role=\"root\" data-docx-has-block-data=\"false\">\n<div data-page-id=\"P1o7fFyNlduP8tcfZpQcagzbnIf\" data-lark-html-role=\"root\" data-docx-has-block-data=\"false\">\n<div class=\"ace-line ace-line old-record-id-P1o7fFyNlduP8tcfZpQcagzbnIf\">\n<div data-page-id=\"P1o7fFyNlduP8tcfZpQcagzbnIf\" data-lark-html-role=\"root\" data-docx-has-block-data=\"false\">\n<div data-page-id=\"U4iufW38SdttWKcTstMcTtHRnXc\" data-lark-html-role=\"root\" data-docx-has-block-data=\"true\">\n<div data-page-id=\"ONVMf7VTWddcFtcyATOchCJHnZb\" data-lark-html-role=\"root\" data-docx-has-block-data=\"true\">\n<div data-page-id=\"KoW2fSy0PdLHFlc5kSHcgvWMnYg\" data-lark-html-role=\"root\" data-docx-has-block-data=\"false\">\n<div data-page-id=\"KoW2fSy0PdLHFlc5kSHcgvWMnYg\" data-lark-html-role=\"root\" data-docx-has-block-data=\"false\">\n<div data-page-id=\"OLGhfzxC7d7EFIcLEj9cRT5ynZf\" data-lark-html-role=\"root\" data-docx-has-block-data=\"false\">\n<div data-page-id=\"DdnnfrLjzdqrFIc9Il9c7pA2noc\" data-lark-html-role=\"root\" data-docx-has-block-data=\"true\">\n<div data-page-id=\"KNzcf2o0oddkJOcztTVcqPdlnth\" data-lark-html-role=\"root\" data-docx-has-block-data=\"false\">\n<div data-page-id=\"LBU7fg5SEdkWhecGJoxca3xvnCe\" data-lark-html-role=\"root\" data-docx-has-block-data=\"false\">\n<div data-page-id=\"EB70fooS3d69bMcgWB7c5qb9n8g\" data-lark-html-role=\"root\" data-docx-has-block-data=\"false\">\n<div data-page-id=\"AogwfsZCadB6t0cAvF0cK4JLnvf\" data-lark-html-role=\"root\" data-docx-has-block-data=\"false\">\n<div data-page-id=\"AogwfsZCadB6t0cAvF0cK4JLnvf\" data-lark-html-role=\"root\" data-docx-has-block-data=\"false\">\n<div data-page-id=\"JMZIflNGddQuU0c5JZocSqlvnle\" data-lark-html-role=\"root\" data-docx-has-block-data=\"false\">\n<div data-page-id=\"JMZIflNGddQuU0c5JZocSqlvnle\" data-lark-html-role=\"root\" data-docx-has-block-data=\"true\">\n<div data-page-id=\"HtEafjjRIdPAlMc9zgYcsGy6nOe\" data-lark-html-role=\"root\" data-docx-has-block-data=\"false\">\n<div data-page-id=\"Rhnafz0WTdDeT9c43xxczsbVnJo\" data-lark-html-role=\"root\" data-docx-has-block-data=\"false\">\n<div data-page-id=\"WY0CfKdcTdf4hVcZl67ct5LGncf\" data-lark-html-role=\"root\" data-docx-has-block-data=\"true\">\n<div data-page-id=\"MkB5fF4AVdchovcoPEpc7LqvnOd\" data-lark-html-role=\"root\" data-docx-has-block-data=\"true\">\n<div data-page-id=\"MfbjfZhbhdJdA8cH1dAckqF0n6g\" data-lark-html-role=\"root\" data-docx-has-block-data=\"false\">\n<div class=\"ace-line ace-line old-record-id-W2AHfJLnjd7ugjcRLs1c8BdhnNh\">\n<div data-page-id=\"MfbjfZhbhdJdA8cH1dAckqF0n6g\" data-lark-html-role=\"root\" data-docx-has-block-data=\"false\">\n<div class=\"old-record-id-XXd1feeCZdR2hJc6evocxnh1nOg\">\n<div data-page-id=\"MfbjfZhbhdJdA8cH1dAckqF0n6g\" data-lark-html-role=\"root\" data-docx-has-block-data=\"false\">\n<div data-page-id=\"DE51fYUmxdT3ekcHzc3cGrVQnsc\" data-lark-html-role=\"root\" data-docx-has-block-data=\"false\">\n<div data-page-id=\"YSKdfaZ08dRej3ci5CccQBuOncc\" data-lark-html-role=\"root\" data-docx-has-block-data=\"true\">\n<div data-page-id=\"K6mofQmledamEFcgp1EcVobmnYd\" data-lark-html-role=\"root\" data-docx-has-block-data=\"false\">\n<div data-page-id=\"VTgsfVLdCd9q1ucYcwRcCM0Hnof\" data-lark-html-role=\"root\" data-docx-has-block-data=\"true\">\n<div data-page-id=\"WucKfzp8RdNy8rcMJHncz4Knnac\" data-lark-html-role=\"root\" data-docx-has-block-data=\"true\">\n<div data-page-id=\"IfZ9fDIBLd9b9hcJiqGcLw9Pnmh\" data-lark-html-role=\"root\" data-docx-has-block-data=\"false\">\n<div data-page-id=\"JeU6f3Yq5dbdEHcZDptc5ikcn5c\" data-lark-html-role=\"root\" data-docx-has-block-data=\"true\">\n<div data-page-id=\"E1YjfnB4Jdmtsfc2ZObcu04Un6c\" data-lark-html-role=\"root\" data-docx-has-block-data=\"false\">\n<div data-page-id=\"RQVEfdiOzdqTQKcRcnxcG0Y7nce\" data-lark-html-role=\"root\" data-docx-has-block-data=\"true\">\n<div data-page-id=\"NKc7fbZi9dnOXocdHcScVsXdnmh\" data-lark-html-role=\"root\" data-docx-has-block-data=\"false\">\n<div data-page-id=\"DaE3fgNEwdnbQVc62iqcBK4lnte\" data-lark-html-role=\"root\" data-docx-has-block-data=\"false\">\n<div data-page-id=\"DaE3fgNEwdnbQVc62iqcBK4lnte\" data-lark-html-role=\"root\" data-docx-has-block-data=\"false\">\n<div data-page-id=\"NqSRfcp5SdFQ6ucdStXcbvManpc\" data-lark-html-role=\"root\" data-docx-has-block-data=\"false\">\n<div data-page-id=\"KydBfoEuudJNYhcgRdAc3aeUn7c\" data-lark-html-role=\"root\" data-docx-has-block-data=\"true\">\n<div data-page-id=\"SIqXfR5ipd7jWpczA5RcYkWInfd\" data-lark-html-role=\"root\" data-docx-has-block-data=\"false\">\n<div data-page-id=\"Y06XfUzydd0aVicBtPKcZlS8nJf\" data-lark-html-role=\"root\" data-docx-has-block-data=\"true\">\n<h2 class=\"heading-2 ace-line old-record-id-Usi2fE4krdCBbccm2vBc6MKCncy\">N\u00f8glefunktioner ved Elf Bar GH 23000 Puffs<\/h2>\n<div class=\"ace-line ace-line old-record-id-SPKhfsaFDd8F2DcVcUec7dKtnMe\">Elf Bar GH 23000 Puffs handler ikke kun om m\u00e6ngde\u2014det handler ogs\u00e5 om kvalitet. Hver detalje er designet til at forbedre din vapingoplevelse, fra det genopladelige batteri til det glatte coil-system. Her er en klar opdeling af dens kernefunktioner:<\/div>\n<div>\n<table class=\"ace-table\" data-ace-table-col-widths=\"200;200\">\n<colgroup>\n<col width=\"200\" \/>\n<col width=\"200\" \/><\/colgroup>\n<thead>\n<tr>\n<th colspan=\"1\" rowspan=\"1\">\n<div class=\"ace-line ace-line old-record-id-K50ffSwcldDbOIcsChKc6Q3dnab\">Funktion<\/div>\n<\/th>\n<th colspan=\"1\" rowspan=\"1\">\n<div class=\"ace-line ace-line old-record-id-KgOWfKgqMdC3dUc2SXScGNo7nhc\">Detaljer<\/div>\n<\/th>\n<\/tr>\n<\/thead>\n<tbody>\n<tr>\n<td colspan=\"1\" rowspan=\"1\">\n<div class=\"ace-line ace-line old-record-id-QDk4f2ESNdyrHacRwGoc9r4nnGN\">Nikotinstyrke<\/div>\n<\/td>\n<td colspan=\"1\" rowspan=\"1\">\n<div class=\"ace-line ace-line old-record-id-YoSFfOOfpdolGcchqGXcUumanvc\">5% Nikotin (perfekt til at tilfredsstille trang)<\/div>\n<\/td>\n<\/tr>\n<tr>\n<td colspan=\"1\" rowspan=\"1\">\n<div class=\"ace-line ace-line old-record-id-NONkfrnW9dysvQc5p4bcoU61nac\">E-v\u00e6ske kapacitet<\/div>\n<\/td>\n<td colspan=\"1\" rowspan=\"1\">\n<div class=\"ace-line ace-line old-record-id-UvgdfbxNLd2szac6tg5cKe15ndg\">23ML premium e-v\u00e6ske<\/div>\n<\/td>\n<\/tr>\n<tr>\n<td colspan=\"1\" rowspan=\"1\">\n<div class=\"ace-line ace-line old-record-id-OUONfo415dFwY6cYgWsc7owdnvh\">Puffantal<\/div>\n<\/td>\n<td colspan=\"1\" rowspan=\"1\">\n<div class=\"ace-line ace-line old-record-id-HafFfetZ9dVVyAcrqVccJ0kknnd\">23000 puffs\u2014langtidsholdbar i ugevis<\/div>\n<\/td>\n<\/tr>\n<tr>\n<td colspan=\"1\" rowspan=\"1\">\n<div class=\"ace-line ace-line old-record-id-PJUef0eFsdckfRcgsrjcSyaonZe\">Smagsmuligheder<\/div>\n<\/td>\n<td colspan=\"1\" rowspan=\"1\">\n<div class=\"ace-line ace-line old-record-id-Y5BifgoNWdp2FncvRl8cpy8Unfc\">15 unikke og l\u00e6kre smagsvarianter<\/div>\n<\/td>\n<\/tr>\n<tr>\n<td colspan=\"1\" rowspan=\"1\">\n<div class=\"ace-line ace-line old-record-id-MuJOfFRa0dDmuOc3riVcpUS0n0d\">Batteri<\/div>\n<\/td>\n<td colspan=\"1\" rowspan=\"1\">\n<div class=\"ace-line ace-line old-record-id-A2v1fxQ3od8nRScmp5qcYdTwny1\">850mAh genopladeligt batteri (ingen grund til at smide det v\u00e6k tidligt)<\/div>\n<\/td>\n<\/tr>\n<tr>\n<td colspan=\"1\" rowspan=\"1\">\n<div class=\"ace-line ace-line old-record-id-XLPGfj0aJdolyMcc1BJcYeJJnee\">Matcher perfekt 40K puffs; ingen pludselige str\u00f8msvigt; stabil pr\u00e6station selv ved tung brug; hurtig opladning<\/div>\n<\/td>\n<td colspan=\"1\" rowspan=\"1\">\n<div class=\"ace-line ace-line old-record-id-ViaQf4yLedbnuIcjCTLcOX7snCU\">Dual Mesh Coil for glat, ensartet damp og smag<\/div>\n<\/td>\n<\/tr>\n<tr>\n<td colspan=\"1\" rowspan=\"1\">\n<div class=\"ace-line ace-line old-record-id-ZM4TfFx4adqHwJcxMQNcJHwrnRb\">Opladningsport<\/div>\n<\/td>\n<td colspan=\"1\" rowspan=\"1\">\n<div class=\"ace-line ace-line old-record-id-O9oQfMScydPQSfcl9J7cbKDJnuc\">Type-C port\u2014hurtig og bekvem opladning<\/div>\n<\/td>\n<\/tr>\n<tr>\n<td colspan=\"1\" rowspan=\"1\">\n<div class=\"ace-line ace-line old-record-id-Qpcbff8esd7ZcYcGu7fcseLhnjg\">Emballage<\/div>\n<\/td>\n<td colspan=\"1\" rowspan=\"1\">\n<div class=\"ace-line ace-line old-record-id-KcOBfz16Cd7yjScIXpTc3ZzAn8f\">200PCS pr. karton; Kartonv\u00e6gt: 20.82KG; Kartonst\u00f8rrelse: 650 x 348 x 270 mm<\/div>\n<\/td>\n<\/tr>\n<\/tbody>\n<\/table>\n<\/div>\n<h2 class=\"heading-2 ace-line old-record-id-PooAfzGkgd3zefcFoWkcJY9nnJd\">Alle 15 Smagsvarianter af Elf Bar GH 23000 Puffs<\/h2>\n<div class=\"ace-line ace-line old-record-id-OxEJfqf4HdZJmccsBwzcrs9rnpf\">En af de st\u00f8rste h\u00f8jdepunkter ved Elf Bar GH 23000 Puffs er dens mangfoldige smagslinje. Uanset om du foretr\u00e6kker frugtagtige, mintede eller s\u00f8de muligheder, er der noget her for enhver smag. Hver smag er skabt til at levere en kraftig, autentisk smag med hver puff. Lad os udforske hver enkelt:<\/div>\n<h3 class=\"heading-3 ace-line old-record-id-X12ef2Y2UdE3IAcgvsCc16Fznxe\">Frugtagtige Smagsvarianter (Friske &amp; Livlige)<\/h3>\n<h4 class=\"heading-4 ace-line old-record-id-LYKSfM0DNdVg4Fce3G5ciBLEnGg\">1. Vandmelon Is<\/h4>\n<div class=\"ace-line ace-line old-record-id-Hh3zfFTGvdaYJRcMurCccZzhn2e\">Spr\u00f8d, saftig vandmelon m\u00f8der en k\u00f8lig, forfriskende isafslutning. Det smager som at bide ind i en moden vandmelon p\u00e5 en varm dag\u2014s\u00f8dt, hydrerende og perfekt afbalanceret med et strejf af kulde. \u2744\ufe0f<\/div>\n<h4 class=\"heading-4 ace-line old-record-id-Rfp3fQIMYdYDZ9csteUcyKh2nXc\">2. Sur Vandmelon Slik<\/h4>\n<div class=\"ace-line ace-line old-record-id-ATTnftobVdCcercu6esci4CznHc\">En sjov drejning p\u00e5 den klassiske vandmelon smag. Denne mulighed har den s\u00f8de smag af vandmelon slik med et syrligt, surt spark, der tilf\u00f8jer sp\u00e6nding til hver puff. Fantastisk for alle, der elsker sur-s\u00f8de godbidder.<\/div>\n<h4 class=\"heading-4 ace-line old-record-id-Lr4tfdVsQdVldac7FPac8qEPnPd\">3. Hindb\u00e6r Vandmelon Citron<\/h4>\n<div class=\"ace-line ace-line old-record-id-XemUfS7tvdHZt8cI9PkcUcssnwf\">Tre frugtagtige favoritter i \u00e9n! Saftig hindb\u00e6r, s\u00f8d vandmelon og syrlig citron blander sig s\u00f8ml\u00f8st. Citronsmagen tilf\u00f8jer en lys, forfriskende kant, der f\u00e5r denne smag til at f\u00f8les let og livlig.<\/div>\n<h4 class=\"heading-4 ace-line old-record-id-SEz6fLypqdoRrHcYJEucF9Cun9e\">4. Gr\u00f8n Plomme Sur Lime<\/h4>\n<div class=\"ace-line ace-line old-record-id-PyMffjxridMf7fcZGlWcnIt7n5g\">Syrlig gr\u00f8n plomme kombineres med skarp, forfriskende sur lime for en kraftig, citrusagtig oplevelse. Den er syrlig, lys og fuld af smag\u2014ideel for alle, der elsker spr\u00f8de, frugtagtige vapes.<\/div>\n<h4 class=\"heading-4 ace-line old-record-id-VxOuf6CYWdGPWIcOVDRcwMgWnsc\">5. Gr\u00f8n \u00c6ble Is<\/h4>\n<div class=\"ace-line ace-line old-record-id-VJqZfwkItdGiRhcitm1cQrEXnhf\">Spr\u00f8d, syrlig gr\u00f8n \u00e6ble f\u00e5r et k\u00f8ligt isboost. \u00c6blesmagen er autentisk (ingen kunstig eftersmag!) og isen tilf\u00f8jer en forfriskende afslutning, der f\u00e5r dig til at komme tilbage efter mere.<\/div>\n<h4 class=\"heading-4 ace-line old-record-id-Upgkf9by7d58ylcKzTec9bl2nPf\">6. Druer Is<\/h4>\n<div class=\"ace-line ace-line old-record-id-XtpbfiHlcd8nVlcrgrYciyDxnyh\">S\u00f8de, saftige druesmag med et k\u00f8ligt, iset twist. Det smager som friske druer direkte fra vinrankerne, med en kulde, der fremh\u00e6ver frugtens naturlige s\u00f8dme. \ud83c\udf47<\/div>\n<h4 class=\"heading-4 ace-line old-record-id-IdigfQleYdQGkTcWEmJcINxxnwc\">7. Bl\u00e5 Razz Is<\/h4>\n<div class=\"ace-line ace-line old-record-id-MZRuf5Gq4dnNEEcGYhhcXVThnNh\">Kraftig bl\u00e5 hindb\u00e6rsmag m\u00f8der en forfriskende isafslutning. Den er s\u00f8d, let syrlig, og har den klassiske bl\u00e5 hindb\u00e6rsmag, du kender og elsker\u2014med et k\u00f8ligt spark for at holde det let.<\/div>\n<h4 class=\"heading-4 ace-line old-record-id-KbPifFbx5dU9v3ct0FBcQU8onuc\">8. \u00c6ble P\u00e6re<\/h4>\n<div class=\"ace-line ace-line old-record-id-U0mafMAFVdlc4ycYBJ6ceMFFnEf\">En glat blanding af spr\u00f8d \u00e6ble og saftig p\u00e6re. Begge frugter skinner perfekt igennem\u2014s\u00f8de, let syrlige og fulde af naturlig frugtsmag. Ingen kunstig eftersmag her!<\/div>\n<h4 class=\"heading-4 ace-line old-record-id-LSCXfnhzHd6nQKc2H59cdv6Un8f\">9. Vandmelon Kirseb\u00e6r<\/h4>\n<div class=\"ace-line ace-line old-record-id-NdBufttwidaq5mcZFPucoAMEnQf\">S\u00f8de vandmelon og modne kirseb\u00e6r g\u00e5r sammen for en frugtagtig, l\u00e6kker kombination. Vandmelonen tilf\u00f8jer s\u00f8dme, mens kirseb\u00e6ret tilf\u00f8jer en let syrlighed\u2014perfekt afbalanceret til hele dagens vaping.<\/div>\n<h4 class=\"heading-4 ace-line old-record-id-KoYxfGk9ideUqNciBsmcTXzMnaf\">10. Jordb\u00e6r Vandmelon Bublegummi<\/h4>\n<div class=\"ace-line ace-line old-record-id-A0w6f2J8ddX39HcLHjacIo4Pnec\">En sjov, nostalgisk smag! Saftig jordb\u00e6r, s\u00f8d vandmelon og klassisk bublegummi blander sig til en s\u00f8d, legesyg smag. Det er som at tygge p\u00e5 dit yndlingsbublegummi\u2014uden rod. \ud83c\udf53<\/div>\n<h4 class=\"heading-4 ace-line old-record-id-AwO5ffehCd5v0EcQtjacPUM1nzf\">11. Jordb\u00e6r Banan<\/h4>\n<div class=\"ace-line ace-line old-record-id-C8RWfHHrdd74nScjyaFcvLA2ndb\">Cremet banan og s\u00f8d jordb\u00e6r giver en glat, l\u00e6kker smag. Bananen tilf\u00f8jer cremede noter, mens jordb\u00e6ret tilf\u00f8jer et friskt, frugtagtigt pr\u00e6g\u2014perfekt for alle, der elsker cremede frugtagtige vapes.<\/div>\n<h4 class=\"heading-4 ace-line old-record-id-Af5LfHsiDdDpBpcCqtBcXzvjntc\">12. Kirseb\u00e6r Cola<\/h4>\n<div class=\"ace-line ace-line old-record-id-Jc17fIXOSdIdAYcBJUCc8EAgnad\">Klassisk cola smag med et strejf af moden kirseb\u00e6r. Det smager som din yndlingscola, med et s\u00f8dt kirseb\u00e6r twist, der tilf\u00f8jer dybde og smag. Forfriskende og tilfredsstillende for colaelskere! \ud83e\udd64<\/div>\n<h3 class=\"heading-3 ace-line old-record-id-Y7n7fg3aOd73i1czZbkcXlSynmf\">Mintede Smagsvarianter (K\u00f8lige &amp; Forfriskende)<\/h3>\n<h4 class=\"heading-4 ace-line old-record-id-BMlgfTwYYdQIgoc6ecAc4r6OnPH\">13. Polar Mint<\/h4>\n<div class=\"ace-line ace-line old-record-id-Qw9LfxleHdoMnvcxnWhcDhzin5d\">En klassisk, opkvikkende mintsmag. Den er k\u00f8lig, spr\u00f8d og forfriskende\u2014som et pust af frisk luft. Perfekt for alle, der elsker enkle, rene mintvapes, eller til at parre med frugtagtige smagsvarianter.<\/div>\n<h4 class=\"heading-4 ace-line old-record-id-Il93fvsofde3UDcJpaxcRVjEnZc\">14. Lilla Mint<\/h4>\n<div class=\"ace-line ace-line old-record-id-WgfsfF4RLddEINcpLSScY9d3nDe\">\n<p>En unik drejning p\u00e5 klassisk mint. Denne smag har en subtil, s\u00f8d undertone, der komplementerer den k\u00f8lige mint perfekt. Den er ikke for st\u00e6rk, men leverer stadig det forfriskende minty spark, du l\u00e6nges efter.<\/p>\n<p><img decoding=\"async\" class=\"wp-image-6788 size-full\" title=\"Elf Bar GH 23000 Puffs Smag\" src=\"https:\/\/oiovape.com\/wp-content\/uploads\/2026\/02\/Elf-Bar-GH-23000-Puffs-Flavor.webp\" alt=\"Elf Bar GH 23000 Puffs Smag\" width=\"554\" height=\"554\" srcset=\"https:\/\/oiovape.com\/wp-content\/uploads\/2026\/02\/Elf-Bar-GH-23000-Puffs-Flavor.webp 554w, https:\/\/oiovape.com\/wp-content\/uploads\/2026\/02\/Elf-Bar-GH-23000-Puffs-Flavor-300x300.webp 300w, https:\/\/oiovape.com\/wp-content\/uploads\/2026\/02\/Elf-Bar-GH-23000-Puffs-Flavor-150x150.webp 150w, https:\/\/oiovape.com\/wp-content\/uploads\/2026\/02\/Elf-Bar-GH-23000-Puffs-Flavor-12x12.webp 12w\" sizes=\"(max-width: 554px) 100vw, 554px\" \/><\/div>\n<h2 class=\"heading-2 ace-line old-record-id-DLHCf6ZV4d422ecx1Qscfjdun1b\">Q&amp;A: Almindelige Sp\u00f8rgsm\u00e5l Om Elf Bar GH 23000 Puffs<\/h2>\n<div class=\"ace-line ace-line old-record-id-M1HLfNiYcd1MGAciAqpcJZ2kngc\">Vi har samlet de mest almindelige sp\u00f8rgsm\u00e5l om Elf Bar GH 23000 Puffs for at hj\u00e6lpe dig med at tr\u00e6ffe en informeret beslutning. Her er de svar, du har brug for:<\/div>\n<h3 class=\"heading-3 ace-line old-record-id-K7oLfnDQmdXca9ccgPlcpuRpnIe\">Q1: Hvor l\u00e6nge holder Elf Bar GH 23000 Puffs?<\/h3>\n<div class=\"ace-line ace-line old-record-id-QnlfflemadwxhAcKbSicNY1Xnzb\">A1: Med 23000 puffs holder enheden betydeligt l\u00e6ngere end de fleste engangs vapes. For afslappede vaper (10-15 puffs om dagen) kan den holde op til 6 m\u00e5neder. For tungere vaper (30-40 puffs om dagen) holder den stadig 2-3 m\u00e5neder\u2014ingen grund til at udskifte den ofte.<\/div>\n<h3 class=\"heading-3 ace-line old-record-id-GNgofJor9daKTEcfb5lcNeAEnPg\">Q2: Er Elf Bar GH 23000 Puffs genopladelig?<\/h3>\n<div class=\"ace-line ace-line old-record-id-JHMZfHU5Ud6z0ZcJEpxcVKO1nVg\">A2: Ja! Den leveres med et 850mAh genopladeligt batteri og en Type-C opladningsport. N\u00e5r batteriet er lavt, skal du blot tilslutte det med et Type-C kabel (ikke inkluderet), og det vil oplade hurtigt\u2014s\u00e5 du ikke beh\u00f8ver at smide en halvdannet enhed v\u00e6k.<\/div>\n<h3 class=\"heading-3 ace-line old-record-id-PFYQfkItUdYkAccKGAvcc5nNngl\">Q3: Hvad g\u00f8r Dual Mesh Coil bedre?<\/h3>\n<div class=\"ace-line ace-line old-record-id-ReYKf0pZodpdnBcMwuRcHiJ0n0e\">A3: Dual Mesh Coil har et st\u00f8rre overfladeareal end traditionelle coils. Dette betyder, at den opvarmer e-v\u00e6sken mere j\u00e6vnt, hvilket producerer glattere damp og mere intens smag. Den forhindrer ogs\u00e5 br\u00e6ndte smagsoplevelser og sikrer ensartet ydeevne fra den f\u00f8rste puff til den sidste.<\/div>\n<\/div>\n<\/div>\n<\/div>\n<\/div>\n<\/div>\n<\/div>\n<\/div>\n<\/div>\n<\/div>\n<\/div>\n<\/div>\n<\/div>\n<\/div>\n<\/div>\n<\/div>\n<\/div>\n<\/div>\n<\/div>\n<\/div>\n<\/div>\n<\/div>\n<\/div>\n<\/div>\n<\/div>\n<\/div>\n<\/div>\n<\/div>\n<\/div>\n<\/div>\n<\/div>\n<\/div>\n<\/div>\n<\/div>\n<\/div>\n<\/div>\n<\/div>\n<\/div>\n<\/div>\n<\/div>\n<\/div>\n<\/div>\n<\/div>\n<\/div>\n<\/div>\n<\/div>\n<\/div>\n<\/div>\n<\/div>\n<\/div>\n<\/div>\n<\/div>\n<\/div>\n<\/div>\n<\/div>\n<\/div>\n<\/div>\n<\/div>\n<\/div>\n<\/div>\n<\/div>\n<\/div>\n<\/div>\n<\/div>\n<\/div>\n<\/div>\n<\/div>\n<\/div>\n<\/div>\n<\/div>\n<\/div>\n<\/div>\n<\/div>\n<\/div>\n<\/div>\n<\/div>\n<\/div>\n<\/div>\n<\/div>\n<\/div>\n<\/div>\n<\/div>","protected":false},"excerpt":{"rendered":"<div data-page-id=\"RAopf2sw9dtvw4cWYXpcTwo0n8g\" data-lark-html-role=\"root\" data-docx-has-block-data=\"false\">\n<div class=\"ace-line ace-line old-record-id-Uju9f3RXYd8dh2crAJbcBF3Un6M\">\n<div data-page-id=\"Dd8gfe2wRdT66jcgnqtcUwg5ndh\" data-lark-html-role=\"root\" data-docx-has-block-data=\"false\">\n<div class=\"ace-line ace-line old-record-id-FiRZf3qXpdK0RqcHt8wcxPTon8b\">Elf Bar GH 23000 Puffs er en topklasse engangs vape med 23000 puff, 23ML e-v\u00e6ske og 5% nikotin. Dens 850mAh genopladelige Type-C batteri og Dual Mesh Coil leverer glat damp og rig smag. Med 15 forskellige smagsvarianter\u2014frugtagtig, mintet og s\u00f8d\u2014passer den til alle smagsl\u00f8g og holder i flere m\u00e5neder for b\u00e5de afslappede og tunge dampere.<\/div>\n<\/div>\n<\/div>\n<\/div>","protected":false},"featured_media":6797,"comment_status":"open","ping_status":"closed","template":"","meta":{"_acf_changed":false,"inline_featured_image":false,"_sitemap_exclude":false,"_sitemap_priority":"","_sitemap_frequency":""},"product_brand":[333],"product_cat":[332],"product_tag":[],"class_list":{"0":"post-6785","1":"product","2":"type-product","3":"status-publish","4":"has-post-thumbnail","6":"product_brand-elf-bar","7":"product_cat-elf-bar","9":"first","10":"instock","11":"sale","12":"shipping-taxable","13":"purchasable","14":"product-type-variable","15":"has-default-attributes"},"acf":[],"tiered_pricing_type":"fixed","tiered_pricing_fixed_rules":{"30":10.78,"60":10.56,"100":10.14,"200":9.57},"tiered_pricing_product_settings":{"layout":"default","base_unit_name":{"singular":null,"plural":null},"default_variation":null},"tiered_pricing_minimum_quantity":10,"tiered_pricing_roles_data":[],"tiered_pricing_percentage_rules":[],"tiered_pricing_maximum_quantity":null,"tiered_pricing_quantity_step":"10","_links":{"self":[{"href":"https:\/\/oiovape.com\/da\/wp-json\/wp\/v2\/product\/6785","targetHints":{"allow":["GET"]}}],"collection":[{"href":"https:\/\/oiovape.com\/da\/wp-json\/wp\/v2\/product"}],"about":[{"href":"https:\/\/oiovape.com\/da\/wp-json\/wp\/v2\/types\/product"}],"replies":[{"embeddable":true,"href":"https:\/\/oiovape.com\/da\/wp-json\/wp\/v2\/comments?post=6785"}],"version-history":[{"count":0,"href":"https:\/\/oiovape.com\/da\/wp-json\/wp\/v2\/product\/6785\/revisions"}],"wp:featuredmedia":[{"embeddable":true,"href":"https:\/\/oiovape.com\/da\/wp-json\/wp\/v2\/media\/6797"}],"wp:attachment":[{"href":"https:\/\/oiovape.com\/da\/wp-json\/wp\/v2\/media?parent=6785"}],"wp:term":[{"taxonomy":"product_brand","embeddable":true,"href":"https:\/\/oiovape.com\/da\/wp-json\/wp\/v2\/product_brand?post=6785"},{"taxonomy":"product_cat","embeddable":true,"href":"https:\/\/oiovape.com\/da\/wp-json\/wp\/v2\/product_cat?post=6785"},{"taxonomy":"product_tag","embeddable":true,"href":"https:\/\/oiovape.com\/da\/wp-json\/wp\/v2\/product_tag?post=6785"}],"curies":[{"name":"wp","href":"https:\/\/api.w.org\/{rel}","templated":true}]}}