{"id":6822,"date":"2026-02-07T11:03:24","date_gmt":"2026-02-07T03:03:24","guid":{"rendered":"https:\/\/oiovape.com\/?post_type=product&#038;p=6822"},"modified":"2026-03-05T10:58:56","modified_gmt":"2026-03-05T02:58:56","slug":"jnr-shisha-ultra-45000-puffs","status":"publish","type":"product","link":"https:\/\/oiovape.com\/da\/product\/jnr-shisha-ultra-45000-puffs\/","title":{"rendered":"JNR SHISHA ULTRA 45000 PUFFS Triple Mesh Muligheder Engangs DTL Vape Med Justerbar Luftstr\u00f8m"},"content":{"rendered":"<div data-page-id=\"ZVeMfq8uxd7y1ycuKm5cym4LnYd\" data-lark-html-role=\"root\" data-docx-has-block-data=\"false\">\n<div data-page-id=\"Fd41fZ5N9dzRQtcRNoVc2FuDnCh\" data-lark-html-role=\"root\" data-docx-has-block-data=\"true\">\n<div data-page-id=\"BdIJfeeijdk1eucGpS8cDCBBn5c\" data-lark-html-role=\"root\" data-docx-has-block-data=\"false\">\n<div data-page-id=\"Zbg9fWx77dUuh2cIYpic25c8nyd\" data-lark-html-role=\"root\" data-docx-has-block-data=\"false\">\n<div data-page-id=\"KaIvfiurhdlCKdc0kyxcX64cnE6\" data-lark-html-role=\"root\" data-docx-has-block-data=\"true\">\n<div data-page-id=\"PbvFfqxqlddUTScRpEYcY5MHnpf\" data-lark-html-role=\"root\" data-docx-has-block-data=\"true\">\n<div data-page-id=\"GZO2f5JeudwY4jc9iJtcdk9Hnxh\" data-lark-html-role=\"root\" data-docx-has-block-data=\"false\">\n<div data-page-id=\"EZVRf2acFduXLGcseZFc4qH2n6e\" data-lark-html-role=\"root\" data-docx-has-block-data=\"false\">\n<div data-page-id=\"B8rHfcqlqdzmH5cCWCncz17Cntb\" data-lark-html-role=\"root\" data-docx-has-block-data=\"false\">\n<div data-page-id=\"B8rHfcqlqdzmH5cCWCncz17Cntb\" data-lark-html-role=\"root\" data-docx-has-block-data=\"false\">\n<div data-page-id=\"B8rHfcqlqdzmH5cCWCncz17Cntb\" data-lark-html-role=\"root\" data-docx-has-block-data=\"true\">\n<div data-page-id=\"HM70f1aoxdD0bMcxJZBcVc7ynZd\" data-lark-html-role=\"root\" data-docx-has-block-data=\"false\">\n<div data-page-id=\"NSrJfN7Ord22i0c1iwZcsF8yn8b\" data-lark-html-role=\"root\" data-docx-has-block-data=\"false\">\n<div data-page-id=\"RXEff4Mskds8o1cqL5HcGEtUnCh\" data-lark-html-role=\"root\" data-docx-has-block-data=\"false\">\n<div data-page-id=\"KJ7gfqkVndMSRJcMseScmvYwnTc\" data-lark-html-role=\"root\" data-docx-has-block-data=\"false\">\n<div class=\"ace-line ace-line old-record-id-QADAfETPudgmudc05YvcTO5fnxe\">\n<div data-page-id=\"KJ7gfqkVndMSRJcMseScmvYwnTc\" data-lark-html-role=\"root\" data-docx-has-block-data=\"false\">\n<div class=\"ace-line ace-line old-record-id-JoRkfpho8dOkiacEOascDyCOncb\">\n<div data-page-id=\"KJ7gfqkVndMSRJcMseScmvYwnTc\" data-lark-html-role=\"root\" data-docx-has-block-data=\"false\">\n<div data-page-id=\"Ju6ofQ3V4dGmePcVvJvc1gmcnZb\" data-lark-html-role=\"root\" data-docx-has-block-data=\"true\">\n<div data-page-id=\"PR9ife5PLdFabccbFgZcWgZOnTc\" data-lark-html-role=\"root\" data-docx-has-block-data=\"false\">\n<div data-page-id=\"INdrfOIGzdaenXcptrcc1BcznQc\" data-lark-html-role=\"root\" data-docx-has-block-data=\"false\">\n<div class=\"ace-line ace-line old-record-id-P0fIf4YaZdoGkbcxt5ackec2nnb\">\n<div data-page-id=\"INdrfOIGzdaenXcptrcc1BcznQc\" data-lark-html-role=\"root\" data-docx-has-block-data=\"false\">\n<div data-page-id=\"MAzCfUB73dMTQscm8eWcougVn1g\" data-lark-html-role=\"root\" data-docx-has-block-data=\"true\">\n<div data-page-id=\"AXfpf7H1odhDvGcKoUOcErN8nV7\" data-lark-html-role=\"root\" data-docx-has-block-data=\"false\">\n<div data-page-id=\"QYTKf5PvLdUNdbce2nBcW9yfnrh\" data-lark-html-role=\"root\" data-docx-has-block-data=\"false\">\n<div data-page-id=\"Pvu1f1CCBdxbjncA9pgcBTpanph\" data-lark-html-role=\"root\" data-docx-has-block-data=\"true\">\n<div data-page-id=\"Axf3fcmY8dDAhtcjVircBcphnPc\" data-lark-html-role=\"root\" data-docx-has-block-data=\"false\">\n<div data-page-id=\"KKj1f9SPmdLhhMc5E2AcNlLen6f\" data-lark-html-role=\"root\" data-docx-has-block-data=\"true\">\n<div data-page-id=\"Rx61fK1sJdXHjPcBuhZcweNhnwc\" data-lark-html-role=\"root\" data-docx-has-block-data=\"false\">\n<div data-page-id=\"L1H9fkG9Mdz45Fcy4WMc5VKXnRe\" data-lark-html-role=\"root\" data-docx-has-block-data=\"false\">\n<div data-page-id=\"L1H9fkG9Mdz45Fcy4WMc5VKXnRe\" data-lark-html-role=\"root\" data-docx-has-block-data=\"false\">\n<div data-page-id=\"D4XLfVBVrdE8mrcaYizczklLnaf\" data-lark-html-role=\"root\" data-docx-has-block-data=\"false\">\n<div data-page-id=\"WVcifIY44d5mhMcXtyEcTsfenGd\" data-lark-html-role=\"root\" data-docx-has-block-data=\"true\">\n<div data-page-id=\"LRknfa6Whd4DWCcUc0FcNKpJnyh\" data-lark-html-role=\"root\" data-docx-has-block-data=\"false\">\n<div data-page-id=\"LRknfa6Whd4DWCcUc0FcNKpJnyh\" data-lark-html-role=\"root\" data-docx-has-block-data=\"false\">\n<div data-page-id=\"XFRAfkcOEdRWh8cArQ2cJdyRnJf\" data-lark-html-role=\"root\" data-docx-has-block-data=\"true\">\n<div data-page-id=\"OQ3bfjnRddMTDGcC3ouc6xFKnWf\" data-lark-html-role=\"root\" data-docx-has-block-data=\"true\">\n<div data-page-id=\"J0iGfj1hEdjc4rcUdSmc4spMnmZ\" data-lark-html-role=\"root\" data-docx-has-block-data=\"false\">\n<div data-page-id=\"P1o7fFyNlduP8tcfZpQcagzbnIf\" data-lark-html-role=\"root\" data-docx-has-block-data=\"false\">\n<div class=\"ace-line ace-line old-record-id-P1o7fFyNlduP8tcfZpQcagzbnIf\">\n<div data-page-id=\"P1o7fFyNlduP8tcfZpQcagzbnIf\" data-lark-html-role=\"root\" data-docx-has-block-data=\"false\">\n<div data-page-id=\"U4iufW38SdttWKcTstMcTtHRnXc\" data-lark-html-role=\"root\" data-docx-has-block-data=\"true\">\n<div data-page-id=\"ONVMf7VTWddcFtcyATOchCJHnZb\" data-lark-html-role=\"root\" data-docx-has-block-data=\"true\">\n<div data-page-id=\"KoW2fSy0PdLHFlc5kSHcgvWMnYg\" data-lark-html-role=\"root\" data-docx-has-block-data=\"false\">\n<div data-page-id=\"KoW2fSy0PdLHFlc5kSHcgvWMnYg\" data-lark-html-role=\"root\" data-docx-has-block-data=\"false\">\n<div data-page-id=\"OLGhfzxC7d7EFIcLEj9cRT5ynZf\" data-lark-html-role=\"root\" data-docx-has-block-data=\"false\">\n<div data-page-id=\"DdnnfrLjzdqrFIc9Il9c7pA2noc\" data-lark-html-role=\"root\" data-docx-has-block-data=\"true\">\n<div data-page-id=\"KNzcf2o0oddkJOcztTVcqPdlnth\" data-lark-html-role=\"root\" data-docx-has-block-data=\"false\">\n<div data-page-id=\"LBU7fg5SEdkWhecGJoxca3xvnCe\" data-lark-html-role=\"root\" data-docx-has-block-data=\"false\">\n<div data-page-id=\"EB70fooS3d69bMcgWB7c5qb9n8g\" data-lark-html-role=\"root\" data-docx-has-block-data=\"false\">\n<div data-page-id=\"AogwfsZCadB6t0cAvF0cK4JLnvf\" data-lark-html-role=\"root\" data-docx-has-block-data=\"false\">\n<div data-page-id=\"AogwfsZCadB6t0cAvF0cK4JLnvf\" data-lark-html-role=\"root\" data-docx-has-block-data=\"false\">\n<div data-page-id=\"JMZIflNGddQuU0c5JZocSqlvnle\" data-lark-html-role=\"root\" data-docx-has-block-data=\"false\">\n<div data-page-id=\"JMZIflNGddQuU0c5JZocSqlvnle\" data-lark-html-role=\"root\" data-docx-has-block-data=\"true\">\n<div data-page-id=\"HtEafjjRIdPAlMc9zgYcsGy6nOe\" data-lark-html-role=\"root\" data-docx-has-block-data=\"false\">\n<div data-page-id=\"Rhnafz0WTdDeT9c43xxczsbVnJo\" data-lark-html-role=\"root\" data-docx-has-block-data=\"false\">\n<div data-page-id=\"WY0CfKdcTdf4hVcZl67ct5LGncf\" data-lark-html-role=\"root\" data-docx-has-block-data=\"true\">\n<div data-page-id=\"MkB5fF4AVdchovcoPEpc7LqvnOd\" data-lark-html-role=\"root\" data-docx-has-block-data=\"true\">\n<div data-page-id=\"MfbjfZhbhdJdA8cH1dAckqF0n6g\" data-lark-html-role=\"root\" data-docx-has-block-data=\"false\">\n<div class=\"ace-line ace-line old-record-id-W2AHfJLnjd7ugjcRLs1c8BdhnNh\">\n<div data-page-id=\"MfbjfZhbhdJdA8cH1dAckqF0n6g\" data-lark-html-role=\"root\" data-docx-has-block-data=\"false\">\n<div class=\"old-record-id-XXd1feeCZdR2hJc6evocxnh1nOg\">\n<div data-page-id=\"MfbjfZhbhdJdA8cH1dAckqF0n6g\" data-lark-html-role=\"root\" data-docx-has-block-data=\"false\">\n<div data-page-id=\"DE51fYUmxdT3ekcHzc3cGrVQnsc\" data-lark-html-role=\"root\" data-docx-has-block-data=\"false\">\n<div data-page-id=\"YSKdfaZ08dRej3ci5CccQBuOncc\" data-lark-html-role=\"root\" data-docx-has-block-data=\"true\">\n<div data-page-id=\"K6mofQmledamEFcgp1EcVobmnYd\" data-lark-html-role=\"root\" data-docx-has-block-data=\"false\">\n<div data-page-id=\"VTgsfVLdCd9q1ucYcwRcCM0Hnof\" data-lark-html-role=\"root\" data-docx-has-block-data=\"true\">\n<div data-page-id=\"WucKfzp8RdNy8rcMJHncz4Knnac\" data-lark-html-role=\"root\" data-docx-has-block-data=\"true\">\n<div data-page-id=\"IfZ9fDIBLd9b9hcJiqGcLw9Pnmh\" data-lark-html-role=\"root\" data-docx-has-block-data=\"false\">\n<div data-page-id=\"JeU6f3Yq5dbdEHcZDptc5ikcn5c\" data-lark-html-role=\"root\" data-docx-has-block-data=\"true\">\n<div data-page-id=\"E1YjfnB4Jdmtsfc2ZObcu04Un6c\" data-lark-html-role=\"root\" data-docx-has-block-data=\"false\">\n<div data-page-id=\"RQVEfdiOzdqTQKcRcnxcG0Y7nce\" data-lark-html-role=\"root\" data-docx-has-block-data=\"true\">\n<div data-page-id=\"NKc7fbZi9dnOXocdHcScVsXdnmh\" data-lark-html-role=\"root\" data-docx-has-block-data=\"false\">\n<div data-page-id=\"DaE3fgNEwdnbQVc62iqcBK4lnte\" data-lark-html-role=\"root\" data-docx-has-block-data=\"false\">\n<div data-page-id=\"DaE3fgNEwdnbQVc62iqcBK4lnte\" data-lark-html-role=\"root\" data-docx-has-block-data=\"false\">\n<div data-page-id=\"NqSRfcp5SdFQ6ucdStXcbvManpc\" data-lark-html-role=\"root\" data-docx-has-block-data=\"false\">\n<div data-page-id=\"KydBfoEuudJNYhcgRdAc3aeUn7c\" data-lark-html-role=\"root\" data-docx-has-block-data=\"true\">\n<div data-page-id=\"SIqXfR5ipd7jWpczA5RcYkWInfd\" data-lark-html-role=\"root\" data-docx-has-block-data=\"false\">\n<div data-page-id=\"Y06XfUzydd0aVicBtPKcZlS8nJf\" data-lark-html-role=\"root\" data-docx-has-block-data=\"true\">\n<div data-page-id=\"E2ZvfNrVNdEHKickexPcvdXVnrc\" data-lark-html-role=\"root\" data-docx-has-block-data=\"false\">\n<div data-page-id=\"DqGzfq5S4d9GdAcOQVIcIdPhn2c\" data-lark-html-role=\"root\" data-docx-has-block-data=\"false\">\n<h2 class=\"heading-2 ace-line old-record-id-K327f1CG3dZgv0cVs3Tc5SyXn4d\">Hvad g\u00f8r JNR SHISHA ULTRA 45000 PUFFS unik?<\/h2>\n<div class=\"ace-line ace-line old-record-id-CzKJfeNXqdche9ctjnVca1gNngf\">Denne engangs DTL (Direct to Lung) enhed er ikke bare et andet vaping produkt \u2014 den er fremstillet med opm\u00e6rksomhed p\u00e5 hver detalje, fra dens premium ydre til dens kraftfulde interne komponenter. Lad os gennemg\u00e5 dens n\u00f8glefunktioner, der g\u00f8r den til et topvalg for dampere p\u00e5 alle niveauer.<\/div>\n<h3 class=\"heading-3 ace-line old-record-id-SUFPfmFuodKypPcH99NcD1bSnJd\">Elegant Design &amp; Premium F\u00f8lelse<\/h3>\n<div class=\"ace-line ace-line old-record-id-VslqfCuk0dLnHbcaDvrcY9HPnMf\">Glem klodsede, billigt udseende engangsprodukter. JNR SHISHA ULTRA 45000 PUFFS har et l\u00e6deragtigt ydre, der f\u00f8les luksuri\u00f8st i h\u00e5nden og tilf\u00f8jer et strejf af sofistikation. Det handler dog ikke kun om udseendet \u2014 det kompakte, ergonomiske design g\u00f8r den nem at have med i lommen eller tasken, s\u00e5 du kan nyde dine yndlingssmage hvor som helst, n\u00e5r som helst. \u2728<\/div>\n<h3 class=\"heading-3 ace-line old-record-id-OegOfPsEqdl5kvcswsOcOu1dn0c\">Langvarig Nydelse Uden Besv\u00e6r<\/h3>\n<div class=\"ace-line ace-line old-record-id-C9qofZfAtdV4hucTDyscs78xnDe\">En af de st\u00f8rste frustrationer med engangs vape er at l\u00f8be t\u00f8r for e-v\u00e6ske eller batteri for tidligt. Denne enhed l\u00f8ser det med en gener\u00f8s 40ml e-v\u00e6ske, der leverer op til 45.000 puffs \u2014 det er uger med konstant vaping uden behov for at udskifte enheden. \ud83c\udf89<\/div>\n<h3 class=\"heading-3 ace-line old-record-id-NNHJfX5U2dgRkKcIMrTcIBNKn0b\">Kraftfuldt batteri &amp; Hurtig opladning<\/h3>\n<div class=\"ace-line ace-line old-record-id-XJ8bfAGNyd4xe1cEo5HcVaPpnac\">Udstyret med et 1100mAh batteri leverer JNR SHISHA ULTRA 45000 PUFFS st\u00e6rk, stabil damp fra start til slut. Og n\u00e5r du har brug for en opladning, sikrer Type-C porten hurtig, bekvem opladning \u2014 ikke mere ventetid i timevis for at komme tilbage til vaping. \ud83d\udd0b<\/div>\n<h3 class=\"heading-3 ace-line old-record-id-PmDXfGqDgdrkvzcpybMcbeLcn6f\">Rig Damp &amp; Tilpasselig Oplevelse<\/h3>\n<div class=\"ace-line ace-line old-record-id-CeFkfqp48dNmCOc4X0tcz3jNnMd\">Enheden har en 1.20 mesh coil, med triple mesh muligheder tilg\u00e6ngelige, for at producere rig, glat damp, der fremh\u00e6ver den fulde smag af hver e-v\u00e6ske. Den har ogs\u00e5 justerbar luftstr\u00f8m, s\u00e5 du kan tilpasse draget til dine pr\u00e6ferencer \u2014 uanset om du kan lide et stramt, koncentreret hit eller et glat, luftigt drag. Plus, det synlige e-v\u00e6ske vindue lader dig tjekke, hvor meget der er tilbage med et enkelt blik, s\u00e5 du aldrig l\u00f8ber t\u00f8r uventet. \ud83c\udf2c\ufe0f<\/div>\n<h3 class=\"heading-3 ace-line old-record-id-CVPXf63SzdJljCcwgIscSyH8nWf\">Smart Batteri Display for Ro i Sindet<\/h3>\n<div class=\"ace-line ace-line old-record-id-FYI4fP00IdgEfbcv6uxcQoFTnah\">Undrer du dig over, hvor meget batteri du har tilbage? Det smarte batteri display viser realtids str\u00f8m niveauer, s\u00e5 du altid ved, hvorn\u00e5r det er tid til at oplade. Ikke mere g\u00e6tterier eller at blive taget p\u00e5 sengen med en d\u00f8d enhed. \ud83d\udcca<br \/>\n<img decoding=\"async\" class=\"wp-image-6834 size-full\" title=\"JNRPUFF SHISHA ULTRA 45K POST\" src=\"https:\/\/oiovape.com\/wp-content\/uploads\/2026\/02\/JNRPUFF-SHISHA-ULTRA-45K-POST.jpg\" alt=\"JNRPUFF SHISHA ULTRA 45K POST\" width=\"1920\" height=\"1080\" srcset=\"https:\/\/oiovape.com\/wp-content\/uploads\/2026\/02\/JNRPUFF-SHISHA-ULTRA-45K-POST.jpg 1920w, https:\/\/oiovape.com\/wp-content\/uploads\/2026\/02\/JNRPUFF-SHISHA-ULTRA-45K-POST-300x169.jpg 300w, https:\/\/oiovape.com\/wp-content\/uploads\/2026\/02\/JNRPUFF-SHISHA-ULTRA-45K-POST-1024x576.jpg 1024w, https:\/\/oiovape.com\/wp-content\/uploads\/2026\/02\/JNRPUFF-SHISHA-ULTRA-45K-POST-768x432.jpg 768w, https:\/\/oiovape.com\/wp-content\/uploads\/2026\/02\/JNRPUFF-SHISHA-ULTRA-45K-POST-1536x864.jpg 1536w, https:\/\/oiovape.com\/wp-content\/uploads\/2026\/02\/JNRPUFF-SHISHA-ULTRA-45K-POST-18x10.jpg 18w, https:\/\/oiovape.com\/wp-content\/uploads\/2026\/02\/JNRPUFF-SHISHA-ULTRA-45K-POST-1200x675.jpg 1200w, https:\/\/oiovape.com\/wp-content\/uploads\/2026\/02\/JNRPUFF-SHISHA-ULTRA-45K-POST-150x84.jpg 150w\" sizes=\"(max-width: 1920px) 100vw, 1920px\" \/><\/div>\n<h2 class=\"heading-2 ace-line old-record-id-Fj4GfjVePdpaARcVfY0cplumnRH\">Hvorfor V\u00e6lge JNR SHISHA ULTRA 45000 PUFFS?<\/h2>\n<div class=\"ace-line ace-line old-record-id-ZTmnfWhzGd0903cnMJXcWK33nOb\">Med s\u00e5 mange engangs vapes p\u00e5 markedet, undrer du dig m\u00e5ske over, hvad der adskiller denne fra de andre. Her er hvorfor det er det perfekte valg for dig:<\/div>\n<ul class=\"list-bullet1\">\n<li class=\"ace-line ace-line old-record-id-CoaffcrFpdUnm9c4tdfcyPv1nmg\" data-list=\"bullet\">\n<div>Ingen besv\u00e6r: Det er en engangs enhed, s\u00e5 du pakker den bare ud, begynder at vape, og smider den v\u00e6k, n\u00e5r du er f\u00e6rdig \u2014 ingen genopfyldning, ingen coil \u00e6ndringer, ingen vedligeholdelse.<\/div>\n<\/li>\n<li class=\"ace-line ace-line old-record-id-FM8mfZJ8WdzhomcYQDPciNKQn4c\" data-list=\"bullet\">\n<div>Langvarig: 45000 puffs betyder, at du ikke konstant skal udskifte den, hvilket sparer dig tid og penge.<\/div>\n<\/li>\n<li class=\"ace-line ace-line old-record-id-CpEhfDf1Kdpbg7cYa5ac5tpJn5c\" data-list=\"bullet\">\n<div>Premium kvalitet: Fra det l\u00e6deragtige ydre til mesh coils, er hver del designet til holdbarhed og ydeevne.<\/div>\n<\/li>\n<li class=\"ace-line ace-line old-record-id-EPxcf5BaTdMGfFcWgUDcSiLenBm\" data-list=\"bullet\">\n<div>Tilpasselig: Justerbar luftstr\u00f8m og triple mesh muligheder lader dig skr\u00e6ddersy din vaping oplevelse til din smag.<\/div>\n<\/li>\n<li class=\"ace-line ace-line old-record-id-XxxnfVPFAdtSGAcJUOicf1ernFb\" data-list=\"bullet\">\n<div>Bekvem: Hurtig Type-C opladning, synlig e-v\u00e6ske, og et smart batteri display g\u00f8r det nemt at bruge hver dag.<\/div>\n<\/li>\n<\/ul>\n<h2 class=\"heading-2 ace-line old-record-id-QSuafoyRDdLhRIcffGEcYuQInkc\">Udforsk de L\u00e6kre Smage<\/h2>\n<div class=\"ace-line ace-line old-record-id-K9KofmZY3dKcIqcagHUceNDankf\">JNR SHISHA ULTRA 45000 PUFFS kommer i 16 l\u00e6kre smage, hver designet til at levere en bold, autentisk smag. Hver smagsnavn starter med stort bogstav, mens resten er med sm\u00e5 bogstaver \u2014 perfekt til at finde din nye favorit:<\/div>\n<h4 class=\"heading-4 ace-line old-record-id-PG97fmxX0d33EfcyjS8chD6Xnye\">Forfriskende Minty Smage<\/h4>\n<div class=\"ace-line ace-line old-record-id-MWCYfIJRGdl7e4cePancDDndn4c\">Ideel til dampere, der elsker et spr\u00f8dt, k\u00f8lende hit, disse minty muligheder er perfekte til enhver tid p\u00e5 dagen:<\/div>\n<ul class=\"list-bullet1\">\n<li class=\"ace-line ace-line old-record-id-O9FIfWMaQd5PHkcnopWcoa7bn0u\" data-list=\"bullet\">\n<div>Mint: En klassisk, ren mint smag, der k\u00f8ler din gane med hver puff. \u2744\ufe0f<\/div>\n<\/li>\n<li class=\"ace-line ace-line old-record-id-XFTIfLXeBdSCbNcj19Lcbo6lnCg\" data-list=\"bullet\">\n<div>Gum Mint: Den friske, boblende smag af mintgummi, med en subtil s\u00f8dme og k\u00f8lende finish.<\/div>\n<\/li>\n<li class=\"ace-line ace-line old-record-id-ZKFjf2EybdutVtcGZFOcnsCcnbh\" data-list=\"bullet\">\n<div>Blueberry Mint: Saftig bl\u00e5b\u00e6r m\u00f8der spr\u00f8d mint, for en s\u00f8d og forfriskende kombination.<\/div>\n<\/li>\n<li class=\"ace-line ace-line old-record-id-YoBUfEkisdXhH4chtBaceZ5Gn5g\" data-list=\"bullet\">\n<div>Lemon Mint: Zesty citron parret med k\u00f8lende mint, lys og opkvikkende.<\/div>\n<\/li>\n<li class=\"ace-line ace-line old-record-id-WEwof69zjdzJ6NcywOjcbgUfnIL\" data-list=\"bullet\">\n<div>Menthol: En st\u00e6rk, glat menthol smag, der leverer en tilfredsstillende k\u00f8lighed.<\/div>\n<\/li>\n<li class=\"ace-line ace-line old-record-id-OeFvfTI6Wdem2TctlTrcwfEkneg\" data-list=\"bullet\">\n<div>Spearmint: Frisk spearmint med et let, urteagtigt pr\u00e6g, perfekt til en mildere mint l\u00f8sning.<\/div>\n<\/li>\n<\/ul>\n<h4 class=\"heading-4 ace-line old-record-id-LLm8fQ7x8dgHs8c5jDNc3gRZnsh\">S\u00f8de &amp; Frugtagtige Smage<\/h4>\n<div class=\"ace-line ace-line old-record-id-MF4HfaBCldAo8ecmuyacq1AgnXc\">Spr\u00e6ngfyldt med friske frugtsmage, disse muligheder er s\u00f8de, livlige og fulde af karakter:<\/div>\n<ul class=\"list-bullet1\">\n<li class=\"ace-line ace-line old-record-id-KHCEfMPH3dzSLDc1P9scSURFngc\" data-list=\"bullet\">\n<div>Strawberry Punch: S\u00f8de, modne jordb\u00e6r blandet med en syrlig punch, frugtagtig og forfriskende.<\/div>\n<\/li>\n<li class=\"ace-line ace-line old-record-id-Cwu6fVsPsd5UNmcHpLqcvhaRnJc\" data-list=\"bullet\">\n<div>Peach Ice: Saftig, moden fersken parret med et strejf af is, for en s\u00f8d og k\u00f8lende godbid.<\/div>\n<\/li>\n<li class=\"ace-line ace-line old-record-id-T4ylf6KzHdXiT9c9f3KcQLvgnsg\" data-list=\"bullet\">\n<div>Blueberry Raspberry: Fyldige bl\u00e5b\u00e6r og syrlige hindb\u00e6r, en bold, b\u00e6rfyldt smag.<\/div>\n<\/li>\n<li class=\"ace-line ace-line old-record-id-WaBHfA7kOd2lmEcTzSrcIYdMn9f\" data-list=\"bullet\">\n<div>Strawberry Cherry: S\u00f8de jordb\u00e6r og saftige kirseb\u00e6r, en klassisk, frugtagtig kombination.<\/div>\n<\/li>\n<li class=\"ace-line ace-line old-record-id-UsZIfqV0wdKZPtcTVQdcvKGWnch\" data-list=\"bullet\">\n<div>Mixed Berries: En blanding af friske b\u00e6r \u2014 s\u00f8de, syrlige, og perfekt afbalancerede.<\/div>\n<\/li>\n<li class=\"ace-line ace-line old-record-id-NfZMfP3ZBdYZOvcH2VacHAESn6c\" data-list=\"bullet\">\n<div>Mango Pineapple: Tropisk mango og s\u00f8d ananas, en solrig, frugtagtig flugt.<\/div>\n<\/li>\n<li class=\"ace-line ace-line old-record-id-Bs7GfwcjYduyzHcB6ggcoKNXnGl\" data-list=\"bullet\">\n<div>Cherry Fiesta: Saftige, modne kirseb\u00e6r med et strejf af s\u00f8dme, bold og l\u00e6kker.<\/div>\n<\/li>\n<li class=\"ace-line ace-line old-record-id-VimDfRWMud1Vnqcajecca86DnPb\" data-list=\"bullet\">\n<div>Summer Peaches: Friske, modne ferskner med en let, sommerlig stemning, s\u00f8de og glatte.<\/div>\n<\/li>\n<\/ul>\n<h4 class=\"heading-4 ace-line old-record-id-JfNKfpkjJdvvhHcQAjmciYWNnvU\">Unik &amp; Uimodst\u00e5elig<\/h4>\n<div class=\"ace-line ace-line old-record-id-NvHufiuNUdjISUcmIF3caYirn3c\">For dampere, der elsker noget lidt anderledes, vil denne smag helt sikkert imponere:<\/div>\n<ul class=\"list-bullet1\">\n<li class=\"ace-line ace-line old-record-id-XlWSfsGz9d8K57c8HnpcAoHLn7f\" data-list=\"bullet\">\n<div>Magic Love: En unik, s\u00f8d blanding, der er sv\u00e6r at modst\u00e5 \u2014 varm, tr\u00f8stende, og fuld af smag. \u2764\ufe0f<\/div>\n<\/li>\n<li class=\"ace-line ace-line old-record-id-Bw3UfbOs3d80PGcRNRVc5wSMnlh\" data-list=\"bullet\">\n<div>Summer Dream: En let, frugtagtig blanding, der f\u00f8les som en sommerbrise \u2014 frisk, s\u00f8d, og opl\u00f8ftende.<\/div>\n<\/li>\n<\/ul>\n<\/div>\n<div class=\"ace-line ace-line old-record-id-C7fMf0jNDdroeRcGED7c9IQbnUo\">\n<div data-page-id=\"E2ZvfNrVNdEHKickexPcvdXVnrc\" data-lark-html-role=\"root\" data-docx-has-block-data=\"true\"><\/div>\n<\/div>\n<\/div>\n<\/div>\n<\/div>\n<\/div>\n<\/div>\n<\/div>\n<\/div>\n<\/div>\n<\/div>\n<\/div>\n<\/div>\n<\/div>\n<\/div>\n<\/div>\n<\/div>\n<\/div>\n<\/div>\n<\/div>\n<\/div>\n<\/div>\n<\/div>\n<\/div>\n<\/div>\n<\/div>\n<\/div>\n<\/div>\n<\/div>\n<\/div>\n<\/div>\n<\/div>\n<\/div>\n<\/div>\n<\/div>\n<\/div>\n<\/div>\n<\/div>\n<\/div>\n<\/div>\n<\/div>\n<\/div>\n<\/div>\n<\/div>\n<\/div>\n<\/div>\n<\/div>\n<\/div>\n<\/div>\n<\/div>\n<\/div>\n<\/div>\n<\/div>\n<\/div>\n<\/div>\n<\/div>\n<\/div>\n<\/div>\n<\/div>\n<\/div>\n<\/div>\n<\/div>\n<\/div>\n<\/div>\n<\/div>\n<\/div>\n<\/div>\n<\/div>\n<\/div>\n<\/div>\n<\/div>\n<\/div>\n<\/div>\n<\/div>\n<\/div>\n<\/div>\n<\/div>\n<\/div>\n<\/div>\n<\/div>\n<\/div>\n<\/div>\n<\/div>\n<\/div>","protected":false},"excerpt":{"rendered":"<div data-page-id=\"RAopf2sw9dtvw4cWYXpcTwo0n8g\" data-lark-html-role=\"root\" data-docx-has-block-data=\"false\">\n<div class=\"ace-line ace-line old-record-id-Uju9f3RXYd8dh2crAJbcBF3Un6M\">\n<div data-page-id=\"Dd8gfe2wRdT66jcgnqtcUwg5ndh\" data-lark-html-role=\"root\" data-docx-has-block-data=\"false\">\n<div class=\"ace-line ace-line old-record-id-FiRZf3qXpdK0RqcHt8wcxPTon8b\">JNR SHISHA ULTRA 45000 Puffs er en premium engangs DTL vape med et elegant l\u00e6derudseende og 40 ml e-v\u00e6ske til 45K puffs. Den har et 1100mAh Type-C genopladeligt batteri, justerbar luftstr\u00f8m, mesh coils og en smart batteriindikator. 16 velsmagende smagsvarianter sp\u00e6nder fra mintet til frugtagtig, hvilket passer til alle dampers smag for en problemfri, tilpasselig oplevelse.<\/div>\n<\/div>\n<\/div>\n<\/div>","protected":false},"featured_media":6833,"comment_status":"open","ping_status":"closed","template":"","meta":{"_acf_changed":false,"inline_featured_image":false,"_sitemap_exclude":false,"_sitemap_priority":"","_sitemap_frequency":""},"product_brand":[88],"product_cat":[77,383],"product_tag":[],"class_list":{"0":"post-6822","1":"product","2":"type-product","3":"status-publish","4":"has-post-thumbnail","6":"product_brand-jnr","7":"product_cat-jnr-puff","8":"product_cat-shisha-vape","10":"first","11":"instock","12":"sale","13":"shipping-taxable","14":"purchasable","15":"product-type-variable","16":"has-default-attributes"},"acf":[],"tiered_pricing_type":"fixed","tiered_pricing_fixed_rules":{"30":9.47,"60":8.59,"100":7.99,"200":7.46},"tiered_pricing_product_settings":{"layout":"default","base_unit_name":{"singular":null,"plural":null},"default_variation":null},"tiered_pricing_minimum_quantity":10,"tiered_pricing_roles_data":[],"tiered_pricing_percentage_rules":[],"tiered_pricing_maximum_quantity":null,"tiered_pricing_quantity_step":"10","_links":{"self":[{"href":"https:\/\/oiovape.com\/da\/wp-json\/wp\/v2\/product\/6822","targetHints":{"allow":["GET"]}}],"collection":[{"href":"https:\/\/oiovape.com\/da\/wp-json\/wp\/v2\/product"}],"about":[{"href":"https:\/\/oiovape.com\/da\/wp-json\/wp\/v2\/types\/product"}],"replies":[{"embeddable":true,"href":"https:\/\/oiovape.com\/da\/wp-json\/wp\/v2\/comments?post=6822"}],"version-history":[{"count":0,"href":"https:\/\/oiovape.com\/da\/wp-json\/wp\/v2\/product\/6822\/revisions"}],"wp:featuredmedia":[{"embeddable":true,"href":"https:\/\/oiovape.com\/da\/wp-json\/wp\/v2\/media\/6833"}],"wp:attachment":[{"href":"https:\/\/oiovape.com\/da\/wp-json\/wp\/v2\/media?parent=6822"}],"wp:term":[{"taxonomy":"product_brand","embeddable":true,"href":"https:\/\/oiovape.com\/da\/wp-json\/wp\/v2\/product_brand?post=6822"},{"taxonomy":"product_cat","embeddable":true,"href":"https:\/\/oiovape.com\/da\/wp-json\/wp\/v2\/product_cat?post=6822"},{"taxonomy":"product_tag","embeddable":true,"href":"https:\/\/oiovape.com\/da\/wp-json\/wp\/v2\/product_tag?post=6822"}],"curies":[{"name":"wp","href":"https:\/\/api.w.org\/{rel}","templated":true}]}}