{"id":6837,"date":"2026-02-07T14:12:14","date_gmt":"2026-02-07T06:12:14","guid":{"rendered":"https:\/\/oiovape.com\/?post_type=product&#038;p=6837"},"modified":"2026-02-10T11:14:41","modified_gmt":"2026-02-10T03:14:41","slug":"jnr-windwhip-44000-puffs","status":"publish","type":"product","link":"https:\/\/oiovape.com\/da\/product\/jnr-windwhip-44000-puffs\/","title":{"rendered":"JNR WindWhip 44000 PUFFS 2 i 1 Smag Smart Sk\u00e6rm Genopladelig Engangs Vape"},"content":{"rendered":"<div data-page-id=\"ZVeMfq8uxd7y1ycuKm5cym4LnYd\" data-lark-html-role=\"root\" data-docx-has-block-data=\"false\">\n<div data-page-id=\"Fd41fZ5N9dzRQtcRNoVc2FuDnCh\" data-lark-html-role=\"root\" data-docx-has-block-data=\"true\">\n<div data-page-id=\"BdIJfeeijdk1eucGpS8cDCBBn5c\" data-lark-html-role=\"root\" data-docx-has-block-data=\"false\">\n<div data-page-id=\"Zbg9fWx77dUuh2cIYpic25c8nyd\" data-lark-html-role=\"root\" data-docx-has-block-data=\"false\">\n<div data-page-id=\"KaIvfiurhdlCKdc0kyxcX64cnE6\" data-lark-html-role=\"root\" data-docx-has-block-data=\"true\">\n<div data-page-id=\"PbvFfqxqlddUTScRpEYcY5MHnpf\" data-lark-html-role=\"root\" data-docx-has-block-data=\"true\">\n<div data-page-id=\"GZO2f5JeudwY4jc9iJtcdk9Hnxh\" data-lark-html-role=\"root\" data-docx-has-block-data=\"false\">\n<div data-page-id=\"EZVRf2acFduXLGcseZFc4qH2n6e\" data-lark-html-role=\"root\" data-docx-has-block-data=\"false\">\n<div data-page-id=\"B8rHfcqlqdzmH5cCWCncz17Cntb\" data-lark-html-role=\"root\" data-docx-has-block-data=\"false\">\n<div data-page-id=\"B8rHfcqlqdzmH5cCWCncz17Cntb\" data-lark-html-role=\"root\" data-docx-has-block-data=\"false\">\n<div data-page-id=\"B8rHfcqlqdzmH5cCWCncz17Cntb\" data-lark-html-role=\"root\" data-docx-has-block-data=\"true\">\n<div data-page-id=\"HM70f1aoxdD0bMcxJZBcVc7ynZd\" data-lark-html-role=\"root\" data-docx-has-block-data=\"false\">\n<div data-page-id=\"NSrJfN7Ord22i0c1iwZcsF8yn8b\" data-lark-html-role=\"root\" data-docx-has-block-data=\"false\">\n<div data-page-id=\"RXEff4Mskds8o1cqL5HcGEtUnCh\" data-lark-html-role=\"root\" data-docx-has-block-data=\"false\">\n<div data-page-id=\"KJ7gfqkVndMSRJcMseScmvYwnTc\" data-lark-html-role=\"root\" data-docx-has-block-data=\"false\">\n<div class=\"ace-line ace-line old-record-id-QADAfETPudgmudc05YvcTO5fnxe\">\n<div data-page-id=\"KJ7gfqkVndMSRJcMseScmvYwnTc\" data-lark-html-role=\"root\" data-docx-has-block-data=\"false\">\n<div class=\"ace-line ace-line old-record-id-JoRkfpho8dOkiacEOascDyCOncb\">\n<div data-page-id=\"KJ7gfqkVndMSRJcMseScmvYwnTc\" data-lark-html-role=\"root\" data-docx-has-block-data=\"false\">\n<div data-page-id=\"Ju6ofQ3V4dGmePcVvJvc1gmcnZb\" data-lark-html-role=\"root\" data-docx-has-block-data=\"true\">\n<div data-page-id=\"PR9ife5PLdFabccbFgZcWgZOnTc\" data-lark-html-role=\"root\" data-docx-has-block-data=\"false\">\n<div data-page-id=\"INdrfOIGzdaenXcptrcc1BcznQc\" data-lark-html-role=\"root\" data-docx-has-block-data=\"false\">\n<div class=\"ace-line ace-line old-record-id-P0fIf4YaZdoGkbcxt5ackec2nnb\">\n<div data-page-id=\"INdrfOIGzdaenXcptrcc1BcznQc\" data-lark-html-role=\"root\" data-docx-has-block-data=\"false\">\n<div data-page-id=\"MAzCfUB73dMTQscm8eWcougVn1g\" data-lark-html-role=\"root\" data-docx-has-block-data=\"true\">\n<div data-page-id=\"AXfpf7H1odhDvGcKoUOcErN8nV7\" data-lark-html-role=\"root\" data-docx-has-block-data=\"false\">\n<div data-page-id=\"QYTKf5PvLdUNdbce2nBcW9yfnrh\" data-lark-html-role=\"root\" data-docx-has-block-data=\"false\">\n<div data-page-id=\"Pvu1f1CCBdxbjncA9pgcBTpanph\" data-lark-html-role=\"root\" data-docx-has-block-data=\"true\">\n<div data-page-id=\"Axf3fcmY8dDAhtcjVircBcphnPc\" data-lark-html-role=\"root\" data-docx-has-block-data=\"false\">\n<div data-page-id=\"KKj1f9SPmdLhhMc5E2AcNlLen6f\" data-lark-html-role=\"root\" data-docx-has-block-data=\"true\">\n<div data-page-id=\"Rx61fK1sJdXHjPcBuhZcweNhnwc\" data-lark-html-role=\"root\" data-docx-has-block-data=\"false\">\n<div data-page-id=\"L1H9fkG9Mdz45Fcy4WMc5VKXnRe\" data-lark-html-role=\"root\" data-docx-has-block-data=\"false\">\n<div data-page-id=\"L1H9fkG9Mdz45Fcy4WMc5VKXnRe\" data-lark-html-role=\"root\" data-docx-has-block-data=\"false\">\n<div data-page-id=\"D4XLfVBVrdE8mrcaYizczklLnaf\" data-lark-html-role=\"root\" data-docx-has-block-data=\"false\">\n<div data-page-id=\"WVcifIY44d5mhMcXtyEcTsfenGd\" data-lark-html-role=\"root\" data-docx-has-block-data=\"true\">\n<div data-page-id=\"LRknfa6Whd4DWCcUc0FcNKpJnyh\" data-lark-html-role=\"root\" data-docx-has-block-data=\"false\">\n<div data-page-id=\"LRknfa6Whd4DWCcUc0FcNKpJnyh\" data-lark-html-role=\"root\" data-docx-has-block-data=\"false\">\n<div data-page-id=\"XFRAfkcOEdRWh8cArQ2cJdyRnJf\" data-lark-html-role=\"root\" data-docx-has-block-data=\"true\">\n<div data-page-id=\"OQ3bfjnRddMTDGcC3ouc6xFKnWf\" data-lark-html-role=\"root\" data-docx-has-block-data=\"true\">\n<div data-page-id=\"J0iGfj1hEdjc4rcUdSmc4spMnmZ\" data-lark-html-role=\"root\" data-docx-has-block-data=\"false\">\n<div data-page-id=\"P1o7fFyNlduP8tcfZpQcagzbnIf\" data-lark-html-role=\"root\" data-docx-has-block-data=\"false\">\n<div class=\"ace-line ace-line old-record-id-P1o7fFyNlduP8tcfZpQcagzbnIf\">\n<div data-page-id=\"P1o7fFyNlduP8tcfZpQcagzbnIf\" data-lark-html-role=\"root\" data-docx-has-block-data=\"false\">\n<div data-page-id=\"U4iufW38SdttWKcTstMcTtHRnXc\" data-lark-html-role=\"root\" data-docx-has-block-data=\"true\">\n<div data-page-id=\"ONVMf7VTWddcFtcyATOchCJHnZb\" data-lark-html-role=\"root\" data-docx-has-block-data=\"true\">\n<div data-page-id=\"KoW2fSy0PdLHFlc5kSHcgvWMnYg\" data-lark-html-role=\"root\" data-docx-has-block-data=\"false\">\n<div data-page-id=\"KoW2fSy0PdLHFlc5kSHcgvWMnYg\" data-lark-html-role=\"root\" data-docx-has-block-data=\"false\">\n<div data-page-id=\"OLGhfzxC7d7EFIcLEj9cRT5ynZf\" data-lark-html-role=\"root\" data-docx-has-block-data=\"false\">\n<div data-page-id=\"DdnnfrLjzdqrFIc9Il9c7pA2noc\" data-lark-html-role=\"root\" data-docx-has-block-data=\"true\">\n<div data-page-id=\"KNzcf2o0oddkJOcztTVcqPdlnth\" data-lark-html-role=\"root\" data-docx-has-block-data=\"false\">\n<div data-page-id=\"LBU7fg5SEdkWhecGJoxca3xvnCe\" data-lark-html-role=\"root\" data-docx-has-block-data=\"false\">\n<div data-page-id=\"EB70fooS3d69bMcgWB7c5qb9n8g\" data-lark-html-role=\"root\" data-docx-has-block-data=\"false\">\n<div data-page-id=\"AogwfsZCadB6t0cAvF0cK4JLnvf\" data-lark-html-role=\"root\" data-docx-has-block-data=\"false\">\n<div data-page-id=\"AogwfsZCadB6t0cAvF0cK4JLnvf\" data-lark-html-role=\"root\" data-docx-has-block-data=\"false\">\n<div data-page-id=\"JMZIflNGddQuU0c5JZocSqlvnle\" data-lark-html-role=\"root\" data-docx-has-block-data=\"false\">\n<div data-page-id=\"JMZIflNGddQuU0c5JZocSqlvnle\" data-lark-html-role=\"root\" data-docx-has-block-data=\"true\">\n<div data-page-id=\"HtEafjjRIdPAlMc9zgYcsGy6nOe\" data-lark-html-role=\"root\" data-docx-has-block-data=\"false\">\n<div data-page-id=\"Rhnafz0WTdDeT9c43xxczsbVnJo\" data-lark-html-role=\"root\" data-docx-has-block-data=\"false\">\n<div data-page-id=\"WY0CfKdcTdf4hVcZl67ct5LGncf\" data-lark-html-role=\"root\" data-docx-has-block-data=\"true\">\n<div data-page-id=\"MkB5fF4AVdchovcoPEpc7LqvnOd\" data-lark-html-role=\"root\" data-docx-has-block-data=\"true\">\n<div data-page-id=\"MfbjfZhbhdJdA8cH1dAckqF0n6g\" data-lark-html-role=\"root\" data-docx-has-block-data=\"false\">\n<div class=\"ace-line ace-line old-record-id-W2AHfJLnjd7ugjcRLs1c8BdhnNh\">\n<div data-page-id=\"MfbjfZhbhdJdA8cH1dAckqF0n6g\" data-lark-html-role=\"root\" data-docx-has-block-data=\"false\">\n<div class=\"old-record-id-XXd1feeCZdR2hJc6evocxnh1nOg\">\n<div data-page-id=\"MfbjfZhbhdJdA8cH1dAckqF0n6g\" data-lark-html-role=\"root\" data-docx-has-block-data=\"false\">\n<div data-page-id=\"DE51fYUmxdT3ekcHzc3cGrVQnsc\" data-lark-html-role=\"root\" data-docx-has-block-data=\"false\">\n<div data-page-id=\"YSKdfaZ08dRej3ci5CccQBuOncc\" data-lark-html-role=\"root\" data-docx-has-block-data=\"true\">\n<div data-page-id=\"K6mofQmledamEFcgp1EcVobmnYd\" data-lark-html-role=\"root\" data-docx-has-block-data=\"false\">\n<div data-page-id=\"VTgsfVLdCd9q1ucYcwRcCM0Hnof\" data-lark-html-role=\"root\" data-docx-has-block-data=\"true\">\n<div data-page-id=\"WucKfzp8RdNy8rcMJHncz4Knnac\" data-lark-html-role=\"root\" data-docx-has-block-data=\"true\">\n<div data-page-id=\"IfZ9fDIBLd9b9hcJiqGcLw9Pnmh\" data-lark-html-role=\"root\" data-docx-has-block-data=\"false\">\n<div data-page-id=\"JeU6f3Yq5dbdEHcZDptc5ikcn5c\" data-lark-html-role=\"root\" data-docx-has-block-data=\"true\">\n<div data-page-id=\"E1YjfnB4Jdmtsfc2ZObcu04Un6c\" data-lark-html-role=\"root\" data-docx-has-block-data=\"false\">\n<div data-page-id=\"RQVEfdiOzdqTQKcRcnxcG0Y7nce\" data-lark-html-role=\"root\" data-docx-has-block-data=\"true\">\n<div data-page-id=\"NKc7fbZi9dnOXocdHcScVsXdnmh\" data-lark-html-role=\"root\" data-docx-has-block-data=\"false\">\n<div data-page-id=\"DaE3fgNEwdnbQVc62iqcBK4lnte\" data-lark-html-role=\"root\" data-docx-has-block-data=\"false\">\n<div data-page-id=\"DaE3fgNEwdnbQVc62iqcBK4lnte\" data-lark-html-role=\"root\" data-docx-has-block-data=\"false\">\n<div data-page-id=\"NqSRfcp5SdFQ6ucdStXcbvManpc\" data-lark-html-role=\"root\" data-docx-has-block-data=\"false\">\n<div data-page-id=\"KydBfoEuudJNYhcgRdAc3aeUn7c\" data-lark-html-role=\"root\" data-docx-has-block-data=\"true\">\n<div data-page-id=\"SIqXfR5ipd7jWpczA5RcYkWInfd\" data-lark-html-role=\"root\" data-docx-has-block-data=\"false\">\n<div data-page-id=\"Y06XfUzydd0aVicBtPKcZlS8nJf\" data-lark-html-role=\"root\" data-docx-has-block-data=\"true\">\n<div data-page-id=\"E2ZvfNrVNdEHKickexPcvdXVnrc\" data-lark-html-role=\"root\" data-docx-has-block-data=\"false\">\n<div data-page-id=\"DqGzfq5S4d9GdAcOQVIcIdPhn2c\" data-lark-html-role=\"root\" data-docx-has-block-data=\"false\">\n<div data-page-id=\"HsKcfE4WLdET7ScRm72cTZ96nPb\" data-lark-html-role=\"root\" data-docx-has-block-data=\"false\">\n<h2 class=\"ace-line ace-line old-record-id-HsKcfE4WLdET7ScRm72cTZ96nPb\">JNR WindWhip 44000 Puffs Engangs Vape: Dobbelt Smag &amp; Ultra-Lang Ydeevne<\/h2>\n<div class=\"ace-line ace-line old-record-id-JJh6flqPydr02icUdOCcCSGCnob\">JNR WindWhip 44000 Puffs er en dobbelt-smags kraftpakke designet til at l\u00f8fte hver puff, med uovertruffen holdbarhed, smarte funktioner og et slankt design, der skiller sig ud fra m\u00e6ngden. Uanset om du er en smagsj\u00e6ger, en afslappet vaper, eller en der hader konstante enhedsudskiftninger, opfylder JNR WindWhip 44K alle krav. \u2728<\/p>\n<div id=\"attachment_6850\" style=\"width: 2570px\" class=\"wp-caption alignnone\"><img decoding=\"async\" aria-describedby=\"caption-attachment-6850\" class=\"wp-image-6850 size-full\" title=\"JNR WindWhip Katalog\" src=\"https:\/\/oiovape.com\/wp-content\/uploads\/2026\/02\/JNR-WindWhip-Catalog-scaled.jpg\" alt=\"JNR WindWhip Katalog\" width=\"2560\" height=\"1440\" srcset=\"https:\/\/oiovape.com\/wp-content\/uploads\/2026\/02\/JNR-WindWhip-Catalog-scaled.jpg 2560w, https:\/\/oiovape.com\/wp-content\/uploads\/2026\/02\/JNR-WindWhip-Catalog-300x169.jpg 300w, https:\/\/oiovape.com\/wp-content\/uploads\/2026\/02\/JNR-WindWhip-Catalog-1024x576.jpg 1024w, https:\/\/oiovape.com\/wp-content\/uploads\/2026\/02\/JNR-WindWhip-Catalog-768x432.jpg 768w, https:\/\/oiovape.com\/wp-content\/uploads\/2026\/02\/JNR-WindWhip-Catalog-1536x864.jpg 1536w, https:\/\/oiovape.com\/wp-content\/uploads\/2026\/02\/JNR-WindWhip-Catalog-2048x1152.jpg 2048w, https:\/\/oiovape.com\/wp-content\/uploads\/2026\/02\/JNR-WindWhip-Catalog-18x10.jpg 18w, https:\/\/oiovape.com\/wp-content\/uploads\/2026\/02\/JNR-WindWhip-Catalog-1200x675.jpg 1200w, https:\/\/oiovape.com\/wp-content\/uploads\/2026\/02\/JNR-WindWhip-Catalog-150x84.jpg 150w\" sizes=\"(max-width: 2560px) 100vw, 2560px\" \/><p id=\"caption-attachment-6850\" class=\"wp-caption-text\">\u00a0<\/p><\/div>\n<\/div>\n<h2 class=\"heading-2 ace-line old-record-id-FQ3Mf3uT8dOxT9cX9YxcExbxnZc\">Hvorfor V\u00e6lge JNR WindWhip 44000 Puffs?<\/h2>\n<div class=\"ace-line ace-line old-record-id-V0IcfnyaSdi2p0ciXoPceqaZnEe\">Med s\u00e5 mange engangs vapes p\u00e5 markedet, kan du undre dig over, hvad der adskiller JNR WindWhip 44000 Puffs fra de andre. Svaret er enkelt: den er bygget til bekvemmelighed, smag og holdbarhed\u2014alt sammen i \u00e9n kompakt enhed. Her er grunden til, at den fortjener en plads i din lomme:<\/div>\n<ul class=\"list-bullet1\">\n<li class=\"ace-line ace-line old-record-id-FpjVfLutkdiokGclar6cyvBhn8g\" data-list=\"bullet\">\n<div>Ingen grund til at skifte enheder for forskellige smage\u2014hver WindWhip pakker to distinkte, premium smage i \u00e9n.<\/div>\n<\/li>\n<li class=\"ace-line ace-line old-record-id-ObTXfN79rdenMVcL6PacvSPqnqh\" data-list=\"bullet\">\n<div>Med op til 44000 puffs, overg\u00e5r den de fleste engangs vapes, hvilket sparer dig tid og penge p\u00e5 hyppige udskiftninger.<\/div>\n<\/li>\n<li class=\"ace-line ace-line old-record-id-Q89ff8maod1Gkwc6VOLcXbA3nde\" data-list=\"bullet\">\n<div>Smarte funktioner som en realtidsdisplay og justerbar luftstr\u00f8m lader dig tilpasse din vapingoplevelse uden besv\u00e6r.<\/div>\n<\/li>\n<li class=\"ace-line ace-line old-record-id-Qv6PfVj35deO2tcF1CucYEN0nHQ\" data-list=\"bullet\">\n<div>Dens ergonomiske greb og premium metallegeme g\u00f8r den behagelig at holde og bygget til at modst\u00e5 daglig brug, mens det dynamiske \u00e5ndedragslys tilf\u00f8jer et sjovt, stilfuldt pr\u00e6g.<\/div>\n<\/li>\n<\/ul>\n<h2 class=\"heading-2 ace-line old-record-id-YHqlfLA5rdBn1zcQ4mMcTGrPndb\">Udforsk de Uimodst\u00e5elige 2-i-1 Smagskombinationer<\/h2>\n<div class=\"ace-line ace-line old-record-id-Y7bwfLx9GdgYw7cN5MOcsF0ynPc\">JNR WindWhip 44000 Puffs skinner med sine 10 unikke dobbelt-smagsparringer\u2014hver designet til at levere en glat, afbalanceret smag, der f\u00e5r dig til at komme tilbage efter mere. Hvert smagenavn f\u00f8lger reglen: f\u00f8rste bogstav stort, resten sm\u00e5t. Lad os udforske hver enkelt \ud83c\udf6c\u2744\ufe0f<\/div>\n<h3 class=\"heading-3 ace-line old-record-id-NJIXfc9TBdcNkLc7vhmcoSlAndg\">Frugtige &amp; Forfriskende Valg<\/h3>\n<h4 class=\"heading-4 ace-line old-record-id-JUuKfxZFId1fNycHmKcc8h50nw2\">1. Blue Razz Cherry + Cherry<\/h4>\n<div class=\"ace-line ace-line old-record-id-EhwtfyRSKd0TnEc2lnqcrtlYnXO\">Start med et spr\u00f8dt blue razz cherry kick, og g\u00e5 derefter over til en s\u00f8d, moden kirseb\u00e6rfinish. Det er den perfekte blanding af syrligt og s\u00f8dt, uden h\u00e5rd eftersmag.<\/div>\n<h4 class=\"heading-4 ace-line old-record-id-PkYkfPczedkbxQc5LRecVdjonuh\">2. Mixed Berry + White Peach Razz<\/h4>\n<div class=\"ace-line ace-line old-record-id-AJyCftBsGdzxb3c75pKc4qH1nHh\">En medley af saftige blandede b\u00e6r leder an, efterfulgt af en bl\u00f8d hvid fersken razz note, der tilf\u00f8jer en cremet, frugtagtig drejning. Let og forfriskende, perfekt til daglig vaping.<\/div>\n<h4 class=\"heading-4 ace-line old-record-id-EnI6fpTq9dlGEXcURL9cPzp3nAc\">3. Fresh Strawberry Ice + Blueberry Sour Raspberry<\/h4>\n<div class=\"ace-line ace-line old-record-id-RIHXf9kwXdi85Gcbw3gczKBUnyd\">Spr\u00f8d, frisk jordb\u00e6ris k\u00f8ler din gane f\u00f8rst, og giver derefter plads til en syrlig bl\u00e5b\u00e6r sour raspberry, der tilf\u00f8jer et sjovt, spr\u00f8dt pift. Perfekt til varme dage.<\/div>\n<h4 class=\"heading-4 ace-line old-record-id-YOJkfkOoad613ycfBT6cVgivnYf\">4. Watermelon Ice + Watermelon Bubblegum<\/h4>\n<div class=\"ace-line ace-line old-record-id-EZYbfvPtUdgtACcBoSQcuzwun6c\">Kold, saftig vandmelonis forfrisker dig straks, og skifter derefter til en nostalgisk vandmelon bubblegum smag, der er s\u00f8d og legesyg\u2014som en barndomsgodte med et forfriskende twist.<\/div>\n<h4 class=\"heading-4 ace-line old-record-id-H908fHnnhdNDuAcop8fcv3eanqg\">5. Kiwi Watermelon Ice + Strawberry Kiwi<\/h4>\n<div class=\"ace-line ace-line old-record-id-WHNxfHKUjdEY3icAszOcg86OnKf\">S\u00f8d kiwi vandmelonis bringer en tropisk, iset forfriskning, efterfulgt af en glat jordb\u00e6r kiwi blanding, der er frugtagtig og livlig, med lige den rette antydning af s\u00f8dme.<\/div>\n<h4 class=\"heading-4 ace-line old-record-id-KYZCfDU5LdonZXcerSfcDXv7npl\">6. Strawberry Watermelon Ice + Strawberry Banana<\/h4>\n<div class=\"ace-line ace-line old-record-id-GiHJfQ0XsduftWcBK3MchMxJnUh\">Cremet jordb\u00e6r vandmelonis s\u00e6tter tonen, og g\u00e5r derefter over til en rig jordb\u00e6r banan, der er glat og overd\u00e5dig\u2014som en frugtagtig smoothie i vape-form.<\/div>\n<h3 class=\"heading-3 ace-line old-record-id-GhvHfFqgwducwzcoVuXcJcDYnzf\">S\u00f8de &amp; Kraftige Favoritter<\/h3>\n<h4 class=\"heading-4 ace-line old-record-id-VuQxfVdnwdGZdJc0JzjcpAKvnwD\">7. Cherry Cola + Summer Peaches<\/h4>\n<div class=\"ace-line ace-line old-record-id-MHHhf46rtdOKrFcVq4QcL2dxn5e\">En klassisk kirseb\u00e6r cola smag (kraftig og boblende) leder, og skifter derefter til s\u00f8de sommerferskner, der tilf\u00f8jer en frugtagtig, forfriskende balance\u2014perfekt for cola-elskere, der \u00f8nsker et strejf af frugt.<\/div>\n<h4 class=\"heading-4 ace-line old-record-id-UDlxfki7Yd7P5NcE674crwiHnTb\">8. Love 66 + Hawaii<\/h4>\n<div class=\"ace-line ace-line old-record-id-BvTzfx5Uld8BFBcdHGMcBWW1n8f\">Mysteriske og s\u00f8de Love 66 tager f\u00f8ringen, efterfulgt af en tropisk Hawaii smag, der er lys og frugtagtig, med hints af ananas og kokosn\u00f8d for en feriestemning.<\/div>\n<h4 class=\"heading-4 ace-line old-record-id-ZxwtfGdgXdJDg4cvvf8clJTIndd\">9. Double Apple + Green Apple Peach Pear<\/h4>\n<div class=\"ace-line ace-line old-record-id-KPZcf0u3NdgJcNcyVUncDq1Tn8e\">Rig, spr\u00f8d double apple leverer en kraftig \u00e6blesmag f\u00f8rst, og g\u00e5r derefter over til en spr\u00f8d gr\u00f8n \u00e6ble fersken p\u00e6re blanding, der er frugtagtig, frisk og perfekt afbalanceret.<\/div>\n<h4 class=\"heading-4 ace-line old-record-id-KDsqffJuUdw363cOZRsc9WUan5d\">10. Black Ice + Black Dragon Ice<\/h4>\n<div class=\"ace-line ace-line old-record-id-YA8AfemO7dwaP7cnfszcV8d9nNe\">Kold, kraftig black ice giver en \u00f8jeblikkelig forfriskning, og skifter derefter til en glat black dragon ice, der er let s\u00f8d med et iset kick\u2014ideel for vapers, der elsker st\u00e6rke, k\u00f8lende smage.<\/p>\n<div id=\"attachment_6849\" style=\"width: 1610px\" class=\"wp-caption alignnone\"><img decoding=\"async\" aria-describedby=\"caption-attachment-6849\" class=\"wp-image-6849 size-full\" title=\"JNR WindWhip 44K Smage\" src=\"https:\/\/oiovape.com\/wp-content\/uploads\/2026\/02\/JNR-WindWhip-44K-Flavors.jpg\" alt=\"JNR WindWhip 44K Smage\" width=\"1600\" height=\"1600\" srcset=\"https:\/\/oiovape.com\/wp-content\/uploads\/2026\/02\/JNR-WindWhip-44K-Flavors.jpg 1600w, https:\/\/oiovape.com\/wp-content\/uploads\/2026\/02\/JNR-WindWhip-44K-Flavors-300x300.jpg 300w, https:\/\/oiovape.com\/wp-content\/uploads\/2026\/02\/JNR-WindWhip-44K-Flavors-1024x1024.jpg 1024w, https:\/\/oiovape.com\/wp-content\/uploads\/2026\/02\/JNR-WindWhip-44K-Flavors-150x150.jpg 150w, https:\/\/oiovape.com\/wp-content\/uploads\/2026\/02\/JNR-WindWhip-44K-Flavors-768x768.jpg 768w, https:\/\/oiovape.com\/wp-content\/uploads\/2026\/02\/JNR-WindWhip-44K-Flavors-1536x1536.jpg 1536w, https:\/\/oiovape.com\/wp-content\/uploads\/2026\/02\/JNR-WindWhip-44K-Flavors-12x12.jpg 12w, https:\/\/oiovape.com\/wp-content\/uploads\/2026\/02\/JNR-WindWhip-44K-Flavors-600x600.jpg 600w, https:\/\/oiovape.com\/wp-content\/uploads\/2026\/02\/JNR-WindWhip-44K-Flavors-1200x1200.jpg 1200w\" sizes=\"(max-width: 1600px) 100vw, 1600px\" \/><p id=\"caption-attachment-6849\" class=\"wp-caption-text\">\u00a0<\/p><\/div>\n<\/div>\n<h2 class=\"heading-2 ace-line old-record-id-QeoUfwfKEdP8o0cEyY1ciiuTnNd\">N\u00f8glefunktioner, der G\u00f8r en Forskel<\/h2>\n<div class=\"ace-line ace-line old-record-id-PrR0fBHRdd1YOLcOS6DcDRugnzf\">Udover sine fantastiske smage, har JNR WindWhip 44000 Puffs funktioner, der g\u00f8r den til en fremtr\u00e6dende engangs vape. Hver funktion er designet med brugeren i tankerne, ingen un\u00f8dvendige dikkedarer\u2014bare ren funktionalitet og stil:<\/div>\n<ul class=\"list-bullet1\">\n<li class=\"ace-line ace-line old-record-id-L1fYf41yAdm4pAcHtq9c02c8nCf\" data-list=\"bullet\">\n<div><strong>2-i-1 Dobbelt Smag<\/strong>: Nyd to premium smage i \u00e9n enhed, ingen grund til at b\u00e6re flere engangs vapes.<\/div>\n<\/li>\n<li class=\"ace-line ace-line old-record-id-Qpj1forIadBpSacgtdLcdvObn9e\" data-list=\"bullet\">\n<div><strong>40ml Total E-Liquid<\/strong>: 2x20ml e-v\u00e6ske kapacitet betyder dobbelt s\u00e5 meget smag og tilfredsstillelse, uden hyppige genopfyldninger (det er engangs, s\u00e5 ingen genopfyldning n\u00f8dvendig overhovedet!).<\/div>\n<\/li>\n<li class=\"ace-line ace-line old-record-id-BndJfguModGwtRcX8AucvFSYnNe\" data-list=\"bullet\">\n<div><strong>44000 Ultra-Lange Puffs<\/strong>: Overg\u00e5r de fleste engangs vapes p\u00e5 markedet, perfekt til lange rejser, travle tidsplaner, eller enhver der hader at udskifte enheder ofte.<\/div>\n<\/li>\n<li class=\"ace-line ace-line old-record-id-WVINfVcwUd7GkgcmORcchIjKnYb\" data-list=\"bullet\">\n<div><strong>Smart Sk\u00e6rm<\/strong>: Realtidsdisplay viser dit puffantal og batteriniveau, s\u00e5 du altid ved, hvorn\u00e5r du er ved at l\u00f8be t\u00f8r.<\/div>\n<\/li>\n<li class=\"ace-line ace-line old-record-id-P98ofwUuNdUfsbcWfymcSwoqnCL\" data-list=\"bullet\">\n<div><strong>Ergonomisk &amp; Holdbar<\/strong>: Ergonomisk greb passer komfortabelt i din h\u00e5nd, mens det premium metallegeme sikrer, at det er robust og langtidsholdbart.<\/div>\n<\/li>\n<li class=\"ace-line ace-line old-record-id-ZLztfck4XdbG7zcEnoscSyWZncb\" data-list=\"bullet\">\n<div><strong>Dynamisk \u00c5ndedragslys<\/strong>: Lyser op med hver puff, hvilket tilf\u00f8jer et stilfuldt, sjovt pr\u00e6g til din vapingoplevelse.<\/div>\n<\/li>\n<li class=\"ace-line ace-line old-record-id-NvknfvOuqdt1pgcbZmQcoecOnah\" data-list=\"bullet\">\n<div><strong>Justerbar Luftstr\u00f8m<\/strong>: Tilpas dit sug\u2014uanset om du foretr\u00e6kker en stram, koncentreret puff eller en glat, luftig en, er det nemt at justere.<\/div>\n<\/li>\n<\/ul>\n<h2 class=\"heading-2 ace-line old-record-id-ObP4fgz6JdiMsPcsFlXcH8rnnqf\">Q&amp;A: Dine Sp\u00f8rgsm\u00e5l Besvaret<\/h2>\n<div class=\"ace-line ace-line old-record-id-TBKifYvyCdeqoCcZRsHcymk8nHf\">Vi ved, at du m\u00e5ske har sp\u00f8rgsm\u00e5l om JNR WindWhip 44000 Puffs\u2014her er de mest almindelige, besvaret klart og \u00e6rligt \u2753<\/div>\n<h4 class=\"heading-4 ace-line old-record-id-YdjNf55opdBuUOcICeRcQNO8n7d\">Q: Er JNR WindWhip 44000 Puffs nem at bruge?<\/h4>\n<div class=\"ace-line ace-line old-record-id-J3q3f0XS5dIz18cmdywchlERnvh\">A: Absolut! Det er en engangs enhed, s\u00e5 der er ingen opladning, genopfyldning eller kompliceret ops\u00e6tning. Bare pak den ud, tag en puff, og nyd. Den justerbare luftstr\u00f8m er enkel at justere, selv for f\u00f8rstegangs vapers.<\/div>\n<h4 class=\"heading-4 ace-line old-record-id-EzojfJyoddslt8c8Lihcbhzlnsf\">Q: Hvor l\u00e6nge holder de 44000 puffs?<\/h4>\n<div class=\"ace-line ace-line old-record-id-ABBIfUyGtdQMI3c8A6VcbAs0nsb\">A: Det afh\u00e6nger af dine vapingvaner, men for de fleste afslappede vapers kan den holde i flere uger. Tunge vapers kan f\u00e5 1-2 uger brug\u2014uanset hvad, er det langt l\u00e6ngere end standard engangs vapes (som typisk tilbyder 5000-10000 puffs).<\/div>\n<h4 class=\"heading-4 ace-line old-record-id-Mixwff40wd5l4jcEZY5cNRIcnyd\">Q: Er smagene st\u00e6rke eller d\u00e6mpede?<\/h4>\n<div class=\"ace-line ace-line old-record-id-AXgXfMKdWd3UEpcPYqTcpQGXnSb\">A: Smagene er kraftige og distinkte, men ikke overv\u00e6ldende. Hver dobbelt-smagsparring er afbalanceret, s\u00e5 du kan smage begge smage klart uden nogen h\u00e5rdhed. De er glatte nok til daglig vaping.<\/div>\n<\/div>\n<\/div>\n<\/div>\n<\/div>\n<\/div>\n<\/div>\n<\/div>\n<\/div>\n<\/div>\n<\/div>\n<\/div>\n<\/div>\n<\/div>\n<\/div>\n<\/div>\n<\/div>\n<\/div>\n<\/div>\n<\/div>\n<\/div>\n<\/div>\n<\/div>\n<\/div>\n<\/div>\n<\/div>\n<\/div>\n<\/div>\n<\/div>\n<\/div>\n<\/div>\n<\/div>\n<\/div>\n<\/div>\n<\/div>\n<\/div>\n<\/div>\n<\/div>\n<\/div>\n<\/div>\n<\/div>\n<\/div>\n<\/div>\n<\/div>\n<\/div>\n<\/div>\n<\/div>\n<\/div>\n<\/div>\n<\/div>\n<\/div>\n<\/div>\n<\/div>\n<\/div>\n<\/div>\n<\/div>\n<\/div>\n<\/div>\n<\/div>\n<\/div>\n<\/div>\n<\/div>\n<\/div>\n<\/div>\n<\/div>\n<\/div>\n<\/div>\n<\/div>\n<\/div>\n<\/div>\n<\/div>\n<\/div>\n<\/div>\n<\/div>\n<\/div>\n<\/div>\n<\/div>\n<\/div>\n<\/div>\n<\/div>\n<\/div>\n<\/div>\n<\/div>\n<\/div>\n<\/div>","protected":false},"excerpt":{"rendered":"<div data-page-id=\"RAopf2sw9dtvw4cWYXpcTwo0n8g\" data-lark-html-role=\"root\" data-docx-has-block-data=\"false\">\n<div class=\"ace-line ace-line old-record-id-Uju9f3RXYd8dh2crAJbcBF3Un6M\">\n<div data-page-id=\"Dd8gfe2wRdT66jcgnqtcUwg5ndh\" data-lark-html-role=\"root\" data-docx-has-block-data=\"false\">\n<div class=\"ace-line ace-line old-record-id-FiRZf3qXpdK0RqcHt8wcxPTon8b\">JNR WindWhip 44000 Puffs engangs vape leverer dobbelte smagsvarianter og ultra-lang ydeevne. Den rummer 2\u00d720ml e-v\u00e6ske til op til 44000 puffs, med en smart sk\u00e6rm, justerbar luftstr\u00f8m og premium metalbygning. Ti rige dobbeltsmagsmuligheder tilfredsstiller enhver smag, hvilket g\u00f8r den praktisk, holdbar og ideel til daglig brug og vaping p\u00e5 farten.<\/div>\n<\/div>\n<\/div>\n<\/div>","protected":false},"featured_media":6848,"comment_status":"open","ping_status":"closed","template":"","meta":{"_acf_changed":false,"inline_featured_image":false,"_sitemap_exclude":false,"_sitemap_priority":"","_sitemap_frequency":""},"product_brand":[88],"product_cat":[77],"product_tag":[],"class_list":{"0":"post-6837","1":"product","2":"type-product","3":"status-publish","4":"has-post-thumbnail","6":"product_brand-jnr","7":"product_cat-jnr-puff","9":"first","10":"instock","11":"sale","12":"shipping-taxable","13":"purchasable","14":"product-type-variable","15":"has-default-attributes"},"acf":[],"tiered_pricing_type":"fixed","tiered_pricing_fixed_rules":{"30":9.59,"60":8.7,"100":8.11,"200":7.65},"tiered_pricing_product_settings":{"layout":"default","base_unit_name":{"singular":null,"plural":null},"default_variation":null},"tiered_pricing_minimum_quantity":10,"tiered_pricing_roles_data":[],"tiered_pricing_percentage_rules":[],"tiered_pricing_maximum_quantity":null,"tiered_pricing_quantity_step":"10","_links":{"self":[{"href":"https:\/\/oiovape.com\/da\/wp-json\/wp\/v2\/product\/6837","targetHints":{"allow":["GET"]}}],"collection":[{"href":"https:\/\/oiovape.com\/da\/wp-json\/wp\/v2\/product"}],"about":[{"href":"https:\/\/oiovape.com\/da\/wp-json\/wp\/v2\/types\/product"}],"replies":[{"embeddable":true,"href":"https:\/\/oiovape.com\/da\/wp-json\/wp\/v2\/comments?post=6837"}],"version-history":[{"count":0,"href":"https:\/\/oiovape.com\/da\/wp-json\/wp\/v2\/product\/6837\/revisions"}],"wp:featuredmedia":[{"embeddable":true,"href":"https:\/\/oiovape.com\/da\/wp-json\/wp\/v2\/media\/6848"}],"wp:attachment":[{"href":"https:\/\/oiovape.com\/da\/wp-json\/wp\/v2\/media?parent=6837"}],"wp:term":[{"taxonomy":"product_brand","embeddable":true,"href":"https:\/\/oiovape.com\/da\/wp-json\/wp\/v2\/product_brand?post=6837"},{"taxonomy":"product_cat","embeddable":true,"href":"https:\/\/oiovape.com\/da\/wp-json\/wp\/v2\/product_cat?post=6837"},{"taxonomy":"product_tag","embeddable":true,"href":"https:\/\/oiovape.com\/da\/wp-json\/wp\/v2\/product_tag?post=6837"}],"curies":[{"name":"wp","href":"https:\/\/api.w.org\/{rel}","templated":true}]}}