{"id":6852,"date":"2026-02-07T15:00:25","date_gmt":"2026-02-07T07:00:25","guid":{"rendered":"https:\/\/oiovape.com\/?post_type=product&#038;p=6852"},"modified":"2026-02-10T11:14:42","modified_gmt":"2026-02-10T03:14:42","slug":"jnr-lionking-42000-puffs","status":"publish","type":"product","link":"https:\/\/oiovape.com\/da\/product\/jnr-lionking-42000-puffs\/","title":{"rendered":"JNR LionKing 42000 PUFFS Dual Mesh Coil Smart Display Sk\u00e6rm Genopladelig Engangs Vape Pen"},"content":{"rendered":"<div data-page-id=\"ZVeMfq8uxd7y1ycuKm5cym4LnYd\" data-lark-html-role=\"root\" data-docx-has-block-data=\"false\">\n<div data-page-id=\"Fd41fZ5N9dzRQtcRNoVc2FuDnCh\" data-lark-html-role=\"root\" data-docx-has-block-data=\"true\">\n<div data-page-id=\"BdIJfeeijdk1eucGpS8cDCBBn5c\" data-lark-html-role=\"root\" data-docx-has-block-data=\"false\">\n<div data-page-id=\"Zbg9fWx77dUuh2cIYpic25c8nyd\" data-lark-html-role=\"root\" data-docx-has-block-data=\"false\">\n<div data-page-id=\"KaIvfiurhdlCKdc0kyxcX64cnE6\" data-lark-html-role=\"root\" data-docx-has-block-data=\"true\">\n<div data-page-id=\"PbvFfqxqlddUTScRpEYcY5MHnpf\" data-lark-html-role=\"root\" data-docx-has-block-data=\"true\">\n<div data-page-id=\"GZO2f5JeudwY4jc9iJtcdk9Hnxh\" data-lark-html-role=\"root\" data-docx-has-block-data=\"false\">\n<div data-page-id=\"EZVRf2acFduXLGcseZFc4qH2n6e\" data-lark-html-role=\"root\" data-docx-has-block-data=\"false\">\n<div data-page-id=\"B8rHfcqlqdzmH5cCWCncz17Cntb\" data-lark-html-role=\"root\" data-docx-has-block-data=\"false\">\n<div data-page-id=\"B8rHfcqlqdzmH5cCWCncz17Cntb\" data-lark-html-role=\"root\" data-docx-has-block-data=\"false\">\n<div data-page-id=\"B8rHfcqlqdzmH5cCWCncz17Cntb\" data-lark-html-role=\"root\" data-docx-has-block-data=\"true\">\n<div data-page-id=\"HM70f1aoxdD0bMcxJZBcVc7ynZd\" data-lark-html-role=\"root\" data-docx-has-block-data=\"false\">\n<div data-page-id=\"NSrJfN7Ord22i0c1iwZcsF8yn8b\" data-lark-html-role=\"root\" data-docx-has-block-data=\"false\">\n<div data-page-id=\"RXEff4Mskds8o1cqL5HcGEtUnCh\" data-lark-html-role=\"root\" data-docx-has-block-data=\"false\">\n<div data-page-id=\"KJ7gfqkVndMSRJcMseScmvYwnTc\" data-lark-html-role=\"root\" data-docx-has-block-data=\"false\">\n<div class=\"ace-line ace-line old-record-id-QADAfETPudgmudc05YvcTO5fnxe\">\n<div data-page-id=\"KJ7gfqkVndMSRJcMseScmvYwnTc\" data-lark-html-role=\"root\" data-docx-has-block-data=\"false\">\n<div class=\"ace-line ace-line old-record-id-JoRkfpho8dOkiacEOascDyCOncb\">\n<div data-page-id=\"KJ7gfqkVndMSRJcMseScmvYwnTc\" data-lark-html-role=\"root\" data-docx-has-block-data=\"false\">\n<div data-page-id=\"Ju6ofQ3V4dGmePcVvJvc1gmcnZb\" data-lark-html-role=\"root\" data-docx-has-block-data=\"true\">\n<div data-page-id=\"PR9ife5PLdFabccbFgZcWgZOnTc\" data-lark-html-role=\"root\" data-docx-has-block-data=\"false\">\n<div data-page-id=\"INdrfOIGzdaenXcptrcc1BcznQc\" data-lark-html-role=\"root\" data-docx-has-block-data=\"false\">\n<div class=\"ace-line ace-line old-record-id-P0fIf4YaZdoGkbcxt5ackec2nnb\">\n<div data-page-id=\"INdrfOIGzdaenXcptrcc1BcznQc\" data-lark-html-role=\"root\" data-docx-has-block-data=\"false\">\n<div data-page-id=\"MAzCfUB73dMTQscm8eWcougVn1g\" data-lark-html-role=\"root\" data-docx-has-block-data=\"true\">\n<div data-page-id=\"AXfpf7H1odhDvGcKoUOcErN8nV7\" data-lark-html-role=\"root\" data-docx-has-block-data=\"false\">\n<div data-page-id=\"QYTKf5PvLdUNdbce2nBcW9yfnrh\" data-lark-html-role=\"root\" data-docx-has-block-data=\"false\">\n<div data-page-id=\"Pvu1f1CCBdxbjncA9pgcBTpanph\" data-lark-html-role=\"root\" data-docx-has-block-data=\"true\">\n<div data-page-id=\"Axf3fcmY8dDAhtcjVircBcphnPc\" data-lark-html-role=\"root\" data-docx-has-block-data=\"false\">\n<div data-page-id=\"KKj1f9SPmdLhhMc5E2AcNlLen6f\" data-lark-html-role=\"root\" data-docx-has-block-data=\"true\">\n<div data-page-id=\"Rx61fK1sJdXHjPcBuhZcweNhnwc\" data-lark-html-role=\"root\" data-docx-has-block-data=\"false\">\n<div data-page-id=\"L1H9fkG9Mdz45Fcy4WMc5VKXnRe\" data-lark-html-role=\"root\" data-docx-has-block-data=\"false\">\n<div data-page-id=\"L1H9fkG9Mdz45Fcy4WMc5VKXnRe\" data-lark-html-role=\"root\" data-docx-has-block-data=\"false\">\n<div data-page-id=\"D4XLfVBVrdE8mrcaYizczklLnaf\" data-lark-html-role=\"root\" data-docx-has-block-data=\"false\">\n<div data-page-id=\"WVcifIY44d5mhMcXtyEcTsfenGd\" data-lark-html-role=\"root\" data-docx-has-block-data=\"true\">\n<div data-page-id=\"LRknfa6Whd4DWCcUc0FcNKpJnyh\" data-lark-html-role=\"root\" data-docx-has-block-data=\"false\">\n<div data-page-id=\"LRknfa6Whd4DWCcUc0FcNKpJnyh\" data-lark-html-role=\"root\" data-docx-has-block-data=\"false\">\n<div data-page-id=\"XFRAfkcOEdRWh8cArQ2cJdyRnJf\" data-lark-html-role=\"root\" data-docx-has-block-data=\"true\">\n<div data-page-id=\"OQ3bfjnRddMTDGcC3ouc6xFKnWf\" data-lark-html-role=\"root\" data-docx-has-block-data=\"true\">\n<div data-page-id=\"J0iGfj1hEdjc4rcUdSmc4spMnmZ\" data-lark-html-role=\"root\" data-docx-has-block-data=\"false\">\n<div data-page-id=\"P1o7fFyNlduP8tcfZpQcagzbnIf\" data-lark-html-role=\"root\" data-docx-has-block-data=\"false\">\n<div class=\"ace-line ace-line old-record-id-P1o7fFyNlduP8tcfZpQcagzbnIf\">\n<div data-page-id=\"P1o7fFyNlduP8tcfZpQcagzbnIf\" data-lark-html-role=\"root\" data-docx-has-block-data=\"false\">\n<div data-page-id=\"U4iufW38SdttWKcTstMcTtHRnXc\" data-lark-html-role=\"root\" data-docx-has-block-data=\"true\">\n<div data-page-id=\"ONVMf7VTWddcFtcyATOchCJHnZb\" data-lark-html-role=\"root\" data-docx-has-block-data=\"true\">\n<div data-page-id=\"KoW2fSy0PdLHFlc5kSHcgvWMnYg\" data-lark-html-role=\"root\" data-docx-has-block-data=\"false\">\n<div data-page-id=\"KoW2fSy0PdLHFlc5kSHcgvWMnYg\" data-lark-html-role=\"root\" data-docx-has-block-data=\"false\">\n<div data-page-id=\"OLGhfzxC7d7EFIcLEj9cRT5ynZf\" data-lark-html-role=\"root\" data-docx-has-block-data=\"false\">\n<div data-page-id=\"DdnnfrLjzdqrFIc9Il9c7pA2noc\" data-lark-html-role=\"root\" data-docx-has-block-data=\"true\">\n<div data-page-id=\"KNzcf2o0oddkJOcztTVcqPdlnth\" data-lark-html-role=\"root\" data-docx-has-block-data=\"false\">\n<div data-page-id=\"LBU7fg5SEdkWhecGJoxca3xvnCe\" data-lark-html-role=\"root\" data-docx-has-block-data=\"false\">\n<div data-page-id=\"EB70fooS3d69bMcgWB7c5qb9n8g\" data-lark-html-role=\"root\" data-docx-has-block-data=\"false\">\n<div data-page-id=\"AogwfsZCadB6t0cAvF0cK4JLnvf\" data-lark-html-role=\"root\" data-docx-has-block-data=\"false\">\n<div data-page-id=\"AogwfsZCadB6t0cAvF0cK4JLnvf\" data-lark-html-role=\"root\" data-docx-has-block-data=\"false\">\n<div data-page-id=\"JMZIflNGddQuU0c5JZocSqlvnle\" data-lark-html-role=\"root\" data-docx-has-block-data=\"false\">\n<div data-page-id=\"JMZIflNGddQuU0c5JZocSqlvnle\" data-lark-html-role=\"root\" data-docx-has-block-data=\"true\">\n<div data-page-id=\"HtEafjjRIdPAlMc9zgYcsGy6nOe\" data-lark-html-role=\"root\" data-docx-has-block-data=\"false\">\n<div data-page-id=\"Rhnafz0WTdDeT9c43xxczsbVnJo\" data-lark-html-role=\"root\" data-docx-has-block-data=\"false\">\n<div data-page-id=\"WY0CfKdcTdf4hVcZl67ct5LGncf\" data-lark-html-role=\"root\" data-docx-has-block-data=\"true\">\n<div data-page-id=\"MkB5fF4AVdchovcoPEpc7LqvnOd\" data-lark-html-role=\"root\" data-docx-has-block-data=\"true\">\n<div data-page-id=\"MfbjfZhbhdJdA8cH1dAckqF0n6g\" data-lark-html-role=\"root\" data-docx-has-block-data=\"false\">\n<div class=\"ace-line ace-line old-record-id-W2AHfJLnjd7ugjcRLs1c8BdhnNh\">\n<div data-page-id=\"MfbjfZhbhdJdA8cH1dAckqF0n6g\" data-lark-html-role=\"root\" data-docx-has-block-data=\"false\">\n<div class=\"old-record-id-XXd1feeCZdR2hJc6evocxnh1nOg\">\n<div data-page-id=\"MfbjfZhbhdJdA8cH1dAckqF0n6g\" data-lark-html-role=\"root\" data-docx-has-block-data=\"false\">\n<div data-page-id=\"DE51fYUmxdT3ekcHzc3cGrVQnsc\" data-lark-html-role=\"root\" data-docx-has-block-data=\"false\">\n<div data-page-id=\"YSKdfaZ08dRej3ci5CccQBuOncc\" data-lark-html-role=\"root\" data-docx-has-block-data=\"true\">\n<div data-page-id=\"K6mofQmledamEFcgp1EcVobmnYd\" data-lark-html-role=\"root\" data-docx-has-block-data=\"false\">\n<div data-page-id=\"VTgsfVLdCd9q1ucYcwRcCM0Hnof\" data-lark-html-role=\"root\" data-docx-has-block-data=\"true\">\n<div data-page-id=\"WucKfzp8RdNy8rcMJHncz4Knnac\" data-lark-html-role=\"root\" data-docx-has-block-data=\"true\">\n<div data-page-id=\"IfZ9fDIBLd9b9hcJiqGcLw9Pnmh\" data-lark-html-role=\"root\" data-docx-has-block-data=\"false\">\n<div data-page-id=\"JeU6f3Yq5dbdEHcZDptc5ikcn5c\" data-lark-html-role=\"root\" data-docx-has-block-data=\"true\">\n<div data-page-id=\"E1YjfnB4Jdmtsfc2ZObcu04Un6c\" data-lark-html-role=\"root\" data-docx-has-block-data=\"false\">\n<div data-page-id=\"RQVEfdiOzdqTQKcRcnxcG0Y7nce\" data-lark-html-role=\"root\" data-docx-has-block-data=\"true\">\n<div data-page-id=\"NKc7fbZi9dnOXocdHcScVsXdnmh\" data-lark-html-role=\"root\" data-docx-has-block-data=\"false\">\n<div data-page-id=\"DaE3fgNEwdnbQVc62iqcBK4lnte\" data-lark-html-role=\"root\" data-docx-has-block-data=\"false\">\n<div data-page-id=\"DaE3fgNEwdnbQVc62iqcBK4lnte\" data-lark-html-role=\"root\" data-docx-has-block-data=\"false\">\n<div data-page-id=\"NqSRfcp5SdFQ6ucdStXcbvManpc\" data-lark-html-role=\"root\" data-docx-has-block-data=\"false\">\n<div data-page-id=\"KydBfoEuudJNYhcgRdAc3aeUn7c\" data-lark-html-role=\"root\" data-docx-has-block-data=\"true\">\n<div data-page-id=\"SIqXfR5ipd7jWpczA5RcYkWInfd\" data-lark-html-role=\"root\" data-docx-has-block-data=\"false\">\n<div data-page-id=\"Y06XfUzydd0aVicBtPKcZlS8nJf\" data-lark-html-role=\"root\" data-docx-has-block-data=\"true\">\n<div data-page-id=\"E2ZvfNrVNdEHKickexPcvdXVnrc\" data-lark-html-role=\"root\" data-docx-has-block-data=\"false\">\n<div data-page-id=\"DqGzfq5S4d9GdAcOQVIcIdPhn2c\" data-lark-html-role=\"root\" data-docx-has-block-data=\"false\">\n<div data-page-id=\"HsKcfE4WLdET7ScRm72cTZ96nPb\" data-lark-html-role=\"root\" data-docx-has-block-data=\"false\">\n<div data-page-id=\"MvWFfuF4Edx69KcRSmmcvS2LndG\" data-lark-html-role=\"root\" data-docx-has-block-data=\"true\">\n<h2 class=\"ace-line ace-line old-record-id-MvWFfuF4Edx69KcRSmmcvS2LndG\">JNR LionKing 42000 Puffs: F\u00f8lgesvend med 20 Uimodst\u00e5elige Smage<\/h2>\n<div class=\"ace-line ace-line old-record-id-AI1Hfe8P8dXjthcTkxccyYWSnng\">M\u00f8d JNR LionKing 42000 Puffs \u2014 en game-changer designet til at levere konstant tilfredsstillelse, uanset om du er p\u00e5 farten eller slapper af derhjemme. Fyldt med 20 unikke smage, topklasse funktioner og et brugervenligt design, opfylder denne enhed alle krav for b\u00e5de afslappede og ivrige dampere.<\/div>\n<h2 class=\"heading-2 ace-line old-record-id-L3j0fu4M5di29qcTMaOc6Aa8nmd\">Hvad G\u00f8r JNR LionKing 42000 Puffs Til Et Must-Try?<\/h2>\n<div class=\"ace-line ace-line old-record-id-NRa2fNjjad4Y8Yc92CDcRNqenZe\">Dette er ikke bare endnu en engangs vape \u2014 det er en gennemt\u00e6nkt enhed bygget til at h\u00e6ve din dampoplevelse. Fra dens forl\u00e6ngede levetid til dens glatte dampproduktion, arbejder hver funktion sammen for at g\u00f8re dine sessioner behagelige og problemfri. Her er et n\u00e6rmere kig p\u00e5 dens n\u00f8glefunktioner, organiseret for klarhed:<\/div>\n<h3 class=\"heading-3 ace-line old-record-id-YNWcf3Eixd5l3RcuANmcOUCqnsI\">N\u00f8glefunktioner ved Et \u00d8jekast \ud83d\udccb<\/h3>\n<div>\n<table class=\"ace-table\" data-ace-table-col-widths=\"200;200;200\">\n<colgroup>\n<col width=\"200\" \/>\n<col width=\"200\" \/>\n<col width=\"200\" \/><\/colgroup>\n<thead>\n<tr>\n<th colspan=\"1\" rowspan=\"1\">\n<div class=\"ace-line ace-line old-record-id-ZapJfhUbTdDIqFccVDIc2PR3nBf\">Funktion<\/div>\n<\/th>\n<th colspan=\"1\" rowspan=\"1\">\n<div class=\"ace-line ace-line old-record-id-XJu3faWoOdjKePc9C1pcxkTcnzb\">Detaljer<\/div>\n<\/th>\n<th colspan=\"1\" rowspan=\"1\">\n<div class=\"ace-line ace-line old-record-id-DFZBfUPggdtu5tcR82qcr0ysnwb\">Fordel<\/div>\n<\/th>\n<\/tr>\n<\/thead>\n<tbody>\n<tr>\n<td colspan=\"1\" rowspan=\"1\">\n<div class=\"ace-line ace-line old-record-id-StL4fRgE7dcMvZc34Kgc1NhHntc\">E-Liquid Kapacitet<\/div>\n<\/td>\n<td colspan=\"1\" rowspan=\"1\">\n<div class=\"ace-line ace-line old-record-id-D172fy8rodoQE4c1mASc4VM0nnC\">42ml<\/div>\n<\/td>\n<td colspan=\"1\" rowspan=\"1\">\n<div class=\"ace-line ace-line old-record-id-CKmbf0KTXdmH5SckdAJcukxunle\">Ingen hyppige genopfyldninger, langvarig brug<\/div>\n<\/td>\n<\/tr>\n<tr>\n<td colspan=\"1\" rowspan=\"1\">\n<div class=\"ace-line ace-line old-record-id-JixEfzvZYdtsYQcflYCcDVFWnld\">Puffantal<\/div>\n<\/td>\n<td colspan=\"1\" rowspan=\"1\">\n<div class=\"ace-line ace-line old-record-id-D4xOfI953dxdEOcVt3gcoFfinke\">Op til 42000 Puffs<\/div>\n<\/td>\n<td colspan=\"1\" rowspan=\"1\">\n<div class=\"ace-line ace-line old-record-id-Rt4pfyfRtdUstxc3F36cofV3njf\">Holder i uger, perfekt til daglig brug<\/div>\n<\/td>\n<\/tr>\n<tr>\n<td colspan=\"1\" rowspan=\"1\">\n<div class=\"ace-line ace-line old-record-id-KNhxfHaRWdxQuKcJrd8cgejGnxb\">Coil Type<\/div>\n<\/td>\n<td colspan=\"1\" rowspan=\"1\">\n<div class=\"ace-line ace-line old-record-id-Bknifm0hRdXp6zc8A5pcWuqjnyd\">Dobbelt Mesh Coil<\/div>\n<\/td>\n<td colspan=\"1\" rowspan=\"1\">\n<div class=\"ace-line ace-line old-record-id-AJZEfrINCdvbDIcURopcLMxnngd\">Glat damp, rig og konsekvent smag<\/div>\n<\/td>\n<\/tr>\n<tr>\n<td colspan=\"1\" rowspan=\"1\">\n<div class=\"ace-line ace-line old-record-id-SzSJfvYVzd8hU5cWczOcdLE3nAd\">Design<\/div>\n<\/td>\n<td colspan=\"1\" rowspan=\"1\">\n<div class=\"ace-line ace-line old-record-id-Wv2dfiCOZdtG49cO5DYcZYpnn6e\">Kompakt &amp; B\u00e6rbar<\/div>\n<\/td>\n<td colspan=\"1\" rowspan=\"1\">\n<div class=\"ace-line ace-line old-record-id-F2j4fX2gYdNDhec2mZkcanXunhh\">Passer i lommer\/tasker, nem at tage med overalt<\/div>\n<\/td>\n<\/tr>\n<tr>\n<td colspan=\"1\" rowspan=\"1\">\n<div class=\"ace-line ace-line old-record-id-KIHGfEaMPdtXd7cuquOc9eQynHd\">Display<\/div>\n<\/td>\n<td colspan=\"1\" rowspan=\"1\">\n<div class=\"ace-line ace-line old-record-id-DFnSf4sXQdabEic87Apcgk9QnvY\">Sk\u00e6rm<\/div>\n<\/td>\n<td colspan=\"1\" rowspan=\"1\">\n<div class=\"ace-line ace-line old-record-id-XQrGfOeJvdzhKMcKl3ec9KhAng8\">Real-time damp info (puffs tilbage, batteri), let at l\u00e6se<\/div>\n<\/td>\n<\/tr>\n<\/tbody>\n<\/table>\n<\/div>\n<h3 class=\"heading-3 ace-line old-record-id-Wa0mfmgwadGeFPc1OArcczL4nzd\">Hvorfor disse funktioner betyder noget<\/h3>\n<div class=\"ace-line ace-line old-record-id-P0wufQ3g2dKw0Wc34WucVhaknDN\">JNR LionKing 42000 Puffs l\u00f8ser almindelige smertepunkter for dampere. Dens 42ml e-v\u00e6ske kapacitet og 42000 puff t\u00e6lling betyder, at du ikke konstant skal udskifte eller genopfylde enheden \u2014 den er p\u00e5lidelig til lange rejser, travle arbejdsuger eller dovne weekender. Den dobbelte mesh-coil skiller sig ogs\u00e5 ud; den varmer j\u00e6vnt for at l\u00e5se op for hver note af din valgte smag, s\u00e5 du f\u00e5r et glat hit hver gang, uden skarphed eller br\u00e6ndt smag.<\/div>\n<div class=\"ace-line ace-line old-record-id-MSbPfKNGOdhkTecRQgVc2NObnJA\">Det kompakte design tilf\u00f8jer bekvemmelighed: du kan glide den ind i din lomme, taske eller rygs\u00e6k uden at tage plads. Og det smarte display fjerner g\u00e6tteriet fra dampning \u2014 du vil altid vide, hvor mange puffs du har tilbage, og hvorn\u00e5r du skal oplade, s\u00e5 du aldrig l\u00f8ber t\u00f8r uventet.<\/div>\n<h2 class=\"heading-2 ace-line old-record-id-On2RfWkNdd5JPvctD2ucpN1Snjb\">Udforsk de 20 L\u00e6kre Smage \ud83c\udf53\ud83c\udf49\ud83e\udd64<\/h2>\n<div class=\"ace-line ace-line old-record-id-WBLlfr5H2d4TmGchBGFcOr0fnGh\">En af de bedste ting ved JNR LionKing 42000 Puffs er dens brede udvalg af smage. Uanset om du elsker frugtagtige, iskolde, s\u00f8de eller klassiske muligheder, er der noget her for enhver smag. Hver smag er skabt til at v\u00e6re dristig, men glat, uden kunstig eftersmag. Nedenfor er hver smag, med en hurtig oversigt over, hvad du kan forvente:<\/div>\n<h3 class=\"heading-3 ace-line old-record-id-JS3afxch4dezsYcSBPMcu7T3nWh\">Frugtagtige Favoritter (Ingen Is)<\/h3>\n<ul class=\"list-bullet1\">\n<li class=\"ace-line ace-line old-record-id-IvQ2f3DTGdNfk1c2gqdcKevNnWf\" data-list=\"bullet\">\n<div><strong>Bl\u00e5 Razz Kirseb\u00e6r<\/strong>: En perfekt blanding af syrlig bl\u00e5 hindb\u00e6r og s\u00f8d kirseb\u00e6r \u2014 lys, frugtagtig og tilfredsstillende.<\/div>\n<\/li>\n<li class=\"ace-line ace-line old-record-id-Cn5cfp7WZdkFMScP6ktcxs83nXf\" data-list=\"bullet\">\n<div><strong>Blandet B\u00e6r<\/strong>: En medley af friske b\u00e6r (jordb\u00e6r, bl\u00e5b\u00e6r, hindb\u00e6r) for et saftigt, velafbalanceret hit.<\/div>\n<\/li>\n<li class=\"ace-line ace-line old-record-id-AGABfNgJhdEFQjcM2joc6z51nQb\" data-list=\"bullet\">\n<div><strong>Blueberry Raspberry<\/strong>: Syrlig hindb\u00e6r kombineret med s\u00f8d bl\u00e5b\u00e6r, hvilket skaber en livlig og forfriskende smag.<\/div>\n<\/li>\n<li class=\"ace-line ace-line old-record-id-RyjTf6HnedGkxncLEwvcjl4qnXf\" data-list=\"bullet\">\n<div><strong>Jordb\u00e6r Kiwi<\/strong>: S\u00f8d, moden jordb\u00e6r m\u00f8der tropisk kiwi \u2014 cremet, frugtagtig og let.<\/div>\n<\/li>\n<li class=\"ace-line ace-line old-record-id-XihpfGcr7duWFAcr90acJVqWnQc\" data-list=\"bullet\">\n<div><strong>Tropisk frugt<\/strong>: En blanding af mango, ananas og papaya \u2014 som en tropisk ferie i hver puff.<\/div>\n<\/li>\n<li class=\"ace-line ace-line old-record-id-SGUVfHThldf25BcGXyncqlslnVc\" data-list=\"bullet\">\n<div><strong>Hubba Bubba Jordb\u00e6r<\/strong>: Den klassiske bubblegum smag, du elsker, med et s\u00f8dt jordb\u00e6r twist \u2014 nostalgisk og sjovt.<\/div>\n<\/li>\n<li class=\"ace-line ace-line old-record-id-Rw5dfXhgLdeHcuccKPzcY9Jdnjg\" data-list=\"bullet\">\n<div><strong>Fersken B\u00e6r<\/strong>: Saftig fersken kombineret med blandede b\u00e6r, for en s\u00f8d og let syrlig godbid.<\/div>\n<\/li>\n<li class=\"ace-line ace-line old-record-id-LBbVfHj0ed7hIZcz8bCc9P7cnAg\" data-list=\"bullet\">\n<div><strong>Dragefrugt<\/strong>: Eksotisk og mild, med subtil s\u00f8dme og et strejf af friskhed \u2014 unik og l\u00e6kker.<\/div>\n<\/li>\n<li class=\"ace-line ace-line old-record-id-J6OSfdrMYdN63ic6711cKo49nXg\" data-list=\"bullet\">\n<div><strong>Vandmelon Bublegummi<\/strong>: S\u00f8d vandmelon smag blandet med klassisk bubblegum \u2014 legende og forfriskende.<\/div>\n<\/li>\n<li class=\"ace-line ace-line old-record-id-Prt2ft0Ivd5RZwcxNwjcLbLRnmh\" data-list=\"bullet\">\n<div><strong>Love 66<\/strong>: En hemmelig blanding af s\u00f8de frugter, med en glat afslutning der f\u00e5r dig til at komme tilbage for mere.<\/div>\n<\/li>\n<li class=\"ace-line ace-line old-record-id-Ul3SfS2DudrfEecaYrDcjRuGn2N\" data-list=\"bullet\">\n<div><strong>Hawaii<\/strong>: En tropisk blanding af ananas, kokosn\u00f8d og mango \u2014 lys, saftig og perfekt til varme dage.<\/div>\n<\/li>\n<\/ul>\n<h3 class=\"heading-3 ace-line old-record-id-MwNhfEfatd1neicIvR5c2TOCnTd\">Iskolde Smage (Med en Forfriskende Chill)<\/h3>\n<ul class=\"list-bullet1\">\n<li class=\"ace-line ace-line old-record-id-GESJf64cgdE5j7cMN0BcxXzVnPb\" data-list=\"bullet\">\n<div><strong>Jordb\u00e6r hindb\u00e6r kirseb\u00e6ris<\/strong>: En trio af s\u00f8de b\u00e6r (jordb\u00e6r, hindb\u00e6r, kirseb\u00e6r) med en spr\u00f8d, iset afslutning \u2014 forfriskende og dristig.<\/div>\n<\/li>\n<li class=\"ace-line ace-line old-record-id-ShKefyZ4tdnOp0cOUIWcXj34nRg\" data-list=\"bullet\">\n<div><strong>Jordb\u00e6r Is<\/strong>: Moden jordb\u00e6r smag med et blast af k\u00f8lig menthol \u2014 simpel, klassisk og altid tilfredsstillende.<\/div>\n<\/li>\n<li class=\"ace-line ace-line old-record-id-Kn22fyO60dymeycKxGecj9DonFg\" data-list=\"bullet\">\n<div><strong>Watermelon Ice<\/strong>: Frisk, s\u00f8d vandmelon parret med iset menthol \u2014 den ultimative sommer vape.<\/div>\n<\/li>\n<li class=\"ace-line ace-line old-record-id-PZpIf2t6BdvGnYcgyRmcFgvInhc\" data-list=\"bullet\">\n<div><strong>Cola Is<\/strong>: Klassisk cola smag med et k\u00f8ligt twist \u2014 rig, boblende og forfriskende.<\/div>\n<\/li>\n<li class=\"ace-line ace-line old-record-id-BZo0fjGkmdcdrQc8HuScXAlunTe\" data-list=\"bullet\">\n<div><strong>Summer Peach Ice<\/strong>: Saftig fersken smag med en spr\u00f8d, iset chill \u2014 s\u00f8d, frugtagtig og perfekt til varme dage.<\/div>\n<\/li>\n<li class=\"ace-line ace-line old-record-id-JsUwfUIsBd3Ld7cEbu4cXWHMndc\" data-list=\"bullet\">\n<div><strong>Sort Is<\/strong>: En dristig blanding af bromb\u00e6r og menthol \u2014 syrlig, s\u00f8d og iset p\u00e5 \u00e9n gang.<\/div>\n<\/li>\n<li class=\"ace-line ace-line old-record-id-U047f3NHydIphocM3iQcnGEknrb\" data-list=\"bullet\">\n<div><strong>Cherry Ice<\/strong>: S\u00f8d kirseb\u00e6r smag med et blast af k\u00f8lig menthol \u2014 glat og forfriskende, uden skarphed.<\/div>\n<\/li>\n<li class=\"ace-line ace-line old-record-id-Br3Lf2UtOdwQk9caUj6cRqunn2d\" data-list=\"bullet\">\n<div><strong>Jordb\u00e6r Vandmelon is<\/strong>: S\u00f8d jordb\u00e6r og saftig vandmelon, blandet med iset menthol \u2014 en frugtagtig, forfriskende kombination.<\/div>\n<\/li>\n<\/ul>\n<h3 class=\"heading-3 ace-line old-record-id-KKxzfk2ymdrW4HcCw8Fc2Hvlnsb\">Klassiske &amp; Dristige Smage<\/h3>\n<ul class=\"list-bullet1\">\n<li class=\"ace-line ace-line old-record-id-C3YKfhNh8dCNs7cHV4icTpyAnLc\" data-list=\"bullet\">\n<div><strong>Fizzy kirseb\u00e6r cola<\/strong>: Boblende cola med et s\u00f8dt kirseb\u00e6r kick \u2014 dristig, smagfuld og mindev\u00e6rdig om din yndlings sodavand.<\/div>\n<\/li>\n<\/ul>\n<h2 class=\"heading-2 ace-line old-record-id-LMN3fJGLgdgG2Uck2ALc8T5OngA\">FAQs: Alt Du Beh\u00f8ver At Vide \u2753<\/h2>\n<h3 class=\"heading-3 ace-line old-record-id-OJ8wfOswkdAQLhceGBHc1WngnDV\">Q: Hvor l\u00e6nge holder JNR LionKing 42000 Puffs?<\/h3>\n<div class=\"ace-line ace-line old-record-id-EaaLfCUoEdGVDlcUTJucJ3c2nOb\">A: Den leverer op til 42000 puffs, hvilket varierer lidt baseret p\u00e5 dine dampvaner. For de fleste afslappede dampere holder den 2-4 uger; ivrige dampere kan f\u00e5 1-2 uger af brug.<\/div>\n<h3 class=\"heading-3 ace-line old-record-id-Pb9afXHcEdGr0dcEp9iclMvjnIg\">Q: Er enheden nem at bruge?<\/h3>\n<div class=\"ace-line ace-line old-record-id-ArmMfTfYzdf7X4cDaZFcN1i7nxh\">A: Absolut! Det er en engangs enhed \u2014 ingen opladning, genopfyldning eller ops\u00e6tning kr\u00e6ves. Bare pak den ud, tag et puff, og nyd. Det smarte display er let at l\u00e6se, s\u00e5 du altid ved status p\u00e5 din enhed.<\/div>\n<div data-page-id=\"MvWFfuF4Edx69KcRSmmcvS2LndG\" data-lark-html-role=\"root\" data-docx-has-block-data=\"false\">\n<h3 class=\"heading-3 ace-line old-record-id-PxocfKm92dk6iYcAeuWcIGAknfk\">Q: Er enheden b\u00e6rbar nok til daglig brug?<\/h3>\n<div class=\"ace-line ace-line old-record-id-AYkXftWaPdBSvCcTTXpcFq4Jn4e\">A: Ja! Dens kompakte, lette design passer nemt i lommer, tasker eller rygs\u00e6kke. Du kan tage den med overalt uden at f\u00f8le dig klodset eller ubelejlig.<\/div>\n<\/div>\n<\/div>\n<\/div>\n<\/div>\n<\/div>\n<\/div>\n<\/div>\n<\/div>\n<\/div>\n<\/div>\n<\/div>\n<\/div>\n<\/div>\n<\/div>\n<\/div>\n<\/div>\n<\/div>\n<\/div>\n<\/div>\n<\/div>\n<\/div>\n<\/div>\n<\/div>\n<\/div>\n<\/div>\n<\/div>\n<\/div>\n<\/div>\n<\/div>\n<\/div>\n<\/div>\n<\/div>\n<\/div>\n<\/div>\n<\/div>\n<\/div>\n<\/div>\n<\/div>\n<\/div>\n<\/div>\n<\/div>\n<\/div>\n<\/div>\n<\/div>\n<\/div>\n<\/div>\n<\/div>\n<\/div>\n<\/div>\n<\/div>\n<\/div>\n<\/div>\n<\/div>\n<\/div>\n<\/div>\n<\/div>\n<\/div>\n<\/div>\n<\/div>\n<\/div>\n<\/div>\n<\/div>\n<\/div>\n<\/div>\n<\/div>\n<\/div>\n<\/div>\n<\/div>\n<\/div>\n<\/div>\n<\/div>\n<\/div>\n<\/div>\n<\/div>\n<\/div>\n<\/div>\n<\/div>\n<\/div>\n<\/div>\n<\/div>\n<\/div>\n<\/div>\n<\/div>\n<\/div>\n<\/div>\n<\/div>","protected":false},"excerpt":{"rendered":"<div data-page-id=\"RAopf2sw9dtvw4cWYXpcTwo0n8g\" data-lark-html-role=\"root\" data-docx-has-block-data=\"false\">\n<div class=\"ace-line ace-line old-record-id-Uju9f3RXYd8dh2crAJbcBF3Un6M\">\n<div data-page-id=\"Dd8gfe2wRdT66jcgnqtcUwg5ndh\" data-lark-html-role=\"root\" data-docx-has-block-data=\"false\">\n<div class=\"ace-line ace-line old-record-id-FiRZf3qXpdK0RqcHt8wcxPTon8b\">JNR LionKing 42000 Puffs tilbyder langvarig ydeevne og rig smag til dampere. Med 42 ml e-v\u00e6ske og op til 42000 puffs underst\u00f8tter den forl\u00e6nget daglig brug. Dens dual mesh coil leverer glat damp og \u00e6gte smag, mens en smart sk\u00e6rm viser n\u00f8gleinformation om dampning. Tyve omhyggeligt fremstillede smagsvarianter tilfredsstiller alle slags pr\u00e6ferencer, hvilket g\u00f8r den b\u00e6rbar og p\u00e5lidelig for enhver livsstil.<\/div>\n<\/div>\n<\/div>\n<\/div>","protected":false},"featured_media":6863,"comment_status":"open","ping_status":"closed","template":"","meta":{"_acf_changed":false,"inline_featured_image":false,"_sitemap_exclude":false,"_sitemap_priority":"","_sitemap_frequency":""},"product_brand":[88],"product_cat":[77],"product_tag":[],"class_list":{"0":"post-6852","1":"product","2":"type-product","3":"status-publish","4":"has-post-thumbnail","6":"product_brand-jnr","7":"product_cat-jnr-puff","9":"first","10":"instock","11":"sale","12":"shipping-taxable","13":"purchasable","14":"product-type-variable","15":"has-default-attributes"},"acf":[],"tiered_pricing_type":"fixed","tiered_pricing_fixed_rules":{"30":7.53,"60":6.99,"100":6.41,"200":6.04},"tiered_pricing_product_settings":{"layout":"default","base_unit_name":{"singular":null,"plural":null},"default_variation":null},"tiered_pricing_minimum_quantity":10,"tiered_pricing_roles_data":[],"tiered_pricing_percentage_rules":[],"tiered_pricing_maximum_quantity":null,"tiered_pricing_quantity_step":"10","_links":{"self":[{"href":"https:\/\/oiovape.com\/da\/wp-json\/wp\/v2\/product\/6852","targetHints":{"allow":["GET"]}}],"collection":[{"href":"https:\/\/oiovape.com\/da\/wp-json\/wp\/v2\/product"}],"about":[{"href":"https:\/\/oiovape.com\/da\/wp-json\/wp\/v2\/types\/product"}],"replies":[{"embeddable":true,"href":"https:\/\/oiovape.com\/da\/wp-json\/wp\/v2\/comments?post=6852"}],"version-history":[{"count":0,"href":"https:\/\/oiovape.com\/da\/wp-json\/wp\/v2\/product\/6852\/revisions"}],"wp:featuredmedia":[{"embeddable":true,"href":"https:\/\/oiovape.com\/da\/wp-json\/wp\/v2\/media\/6863"}],"wp:attachment":[{"href":"https:\/\/oiovape.com\/da\/wp-json\/wp\/v2\/media?parent=6852"}],"wp:term":[{"taxonomy":"product_brand","embeddable":true,"href":"https:\/\/oiovape.com\/da\/wp-json\/wp\/v2\/product_brand?post=6852"},{"taxonomy":"product_cat","embeddable":true,"href":"https:\/\/oiovape.com\/da\/wp-json\/wp\/v2\/product_cat?post=6852"},{"taxonomy":"product_tag","embeddable":true,"href":"https:\/\/oiovape.com\/da\/wp-json\/wp\/v2\/product_tag?post=6852"}],"curies":[{"name":"wp","href":"https:\/\/api.w.org\/{rel}","templated":true}]}}