{"id":7199,"date":"2026-02-28T14:51:47","date_gmt":"2026-02-28T06:51:47","guid":{"rendered":"https:\/\/oiovape.com\/?post_type=product&#038;p=7199"},"modified":"2026-03-02T18:01:46","modified_gmt":"2026-03-02T10:01:46","slug":"zooy-zero-45000-puffs","status":"publish","type":"product","link":"https:\/\/oiovape.com\/da\/product\/zooy-zero-45000-puffs\/","title":{"rendered":"Zooy Zero 45000 PUFFS Dobbelt Mesh Coil Smart Genopladelig Engangs Vape Pen"},"content":{"rendered":"<div data-page-id=\"ZVeMfq8uxd7y1ycuKm5cym4LnYd\" data-lark-html-role=\"root\" data-docx-has-block-data=\"false\">\n<div data-page-id=\"Fd41fZ5N9dzRQtcRNoVc2FuDnCh\" data-lark-html-role=\"root\" data-docx-has-block-data=\"true\">\n<div data-page-id=\"BdIJfeeijdk1eucGpS8cDCBBn5c\" data-lark-html-role=\"root\" data-docx-has-block-data=\"false\">\n<div data-page-id=\"Zbg9fWx77dUuh2cIYpic25c8nyd\" data-lark-html-role=\"root\" data-docx-has-block-data=\"false\">\n<div data-page-id=\"KaIvfiurhdlCKdc0kyxcX64cnE6\" data-lark-html-role=\"root\" data-docx-has-block-data=\"true\">\n<div data-page-id=\"PbvFfqxqlddUTScRpEYcY5MHnpf\" data-lark-html-role=\"root\" data-docx-has-block-data=\"true\">\n<div data-page-id=\"GZO2f5JeudwY4jc9iJtcdk9Hnxh\" data-lark-html-role=\"root\" data-docx-has-block-data=\"false\">\n<div data-page-id=\"EZVRf2acFduXLGcseZFc4qH2n6e\" data-lark-html-role=\"root\" data-docx-has-block-data=\"false\">\n<div data-page-id=\"B8rHfcqlqdzmH5cCWCncz17Cntb\" data-lark-html-role=\"root\" data-docx-has-block-data=\"false\">\n<div data-page-id=\"B8rHfcqlqdzmH5cCWCncz17Cntb\" data-lark-html-role=\"root\" data-docx-has-block-data=\"false\">\n<div data-page-id=\"B8rHfcqlqdzmH5cCWCncz17Cntb\" data-lark-html-role=\"root\" data-docx-has-block-data=\"true\">\n<div data-page-id=\"HM70f1aoxdD0bMcxJZBcVc7ynZd\" data-lark-html-role=\"root\" data-docx-has-block-data=\"false\">\n<div data-page-id=\"NSrJfN7Ord22i0c1iwZcsF8yn8b\" data-lark-html-role=\"root\" data-docx-has-block-data=\"false\">\n<div data-page-id=\"RXEff4Mskds8o1cqL5HcGEtUnCh\" data-lark-html-role=\"root\" data-docx-has-block-data=\"false\">\n<div data-page-id=\"KJ7gfqkVndMSRJcMseScmvYwnTc\" data-lark-html-role=\"root\" data-docx-has-block-data=\"false\">\n<div class=\"ace-line ace-line old-record-id-QADAfETPudgmudc05YvcTO5fnxe\">\n<div data-page-id=\"KJ7gfqkVndMSRJcMseScmvYwnTc\" data-lark-html-role=\"root\" data-docx-has-block-data=\"false\">\n<div class=\"ace-line ace-line old-record-id-JoRkfpho8dOkiacEOascDyCOncb\">\n<div data-page-id=\"KJ7gfqkVndMSRJcMseScmvYwnTc\" data-lark-html-role=\"root\" data-docx-has-block-data=\"false\">\n<div data-page-id=\"Ju6ofQ3V4dGmePcVvJvc1gmcnZb\" data-lark-html-role=\"root\" data-docx-has-block-data=\"true\">\n<div data-page-id=\"PR9ife5PLdFabccbFgZcWgZOnTc\" data-lark-html-role=\"root\" data-docx-has-block-data=\"false\">\n<div data-page-id=\"INdrfOIGzdaenXcptrcc1BcznQc\" data-lark-html-role=\"root\" data-docx-has-block-data=\"false\">\n<div class=\"ace-line ace-line old-record-id-P0fIf4YaZdoGkbcxt5ackec2nnb\">\n<div data-page-id=\"INdrfOIGzdaenXcptrcc1BcznQc\" data-lark-html-role=\"root\" data-docx-has-block-data=\"false\">\n<div data-page-id=\"MAzCfUB73dMTQscm8eWcougVn1g\" data-lark-html-role=\"root\" data-docx-has-block-data=\"true\">\n<div data-page-id=\"AXfpf7H1odhDvGcKoUOcErN8nV7\" data-lark-html-role=\"root\" data-docx-has-block-data=\"false\">\n<div data-page-id=\"QYTKf5PvLdUNdbce2nBcW9yfnrh\" data-lark-html-role=\"root\" data-docx-has-block-data=\"false\">\n<div data-page-id=\"Pvu1f1CCBdxbjncA9pgcBTpanph\" data-lark-html-role=\"root\" data-docx-has-block-data=\"true\">\n<div data-page-id=\"Axf3fcmY8dDAhtcjVircBcphnPc\" data-lark-html-role=\"root\" data-docx-has-block-data=\"false\">\n<div data-page-id=\"KKj1f9SPmdLhhMc5E2AcNlLen6f\" data-lark-html-role=\"root\" data-docx-has-block-data=\"true\">\n<div data-page-id=\"Rx61fK1sJdXHjPcBuhZcweNhnwc\" data-lark-html-role=\"root\" data-docx-has-block-data=\"false\">\n<div data-page-id=\"L1H9fkG9Mdz45Fcy4WMc5VKXnRe\" data-lark-html-role=\"root\" data-docx-has-block-data=\"false\">\n<div data-page-id=\"L1H9fkG9Mdz45Fcy4WMc5VKXnRe\" data-lark-html-role=\"root\" data-docx-has-block-data=\"false\">\n<div data-page-id=\"D4XLfVBVrdE8mrcaYizczklLnaf\" data-lark-html-role=\"root\" data-docx-has-block-data=\"false\">\n<div data-page-id=\"WVcifIY44d5mhMcXtyEcTsfenGd\" data-lark-html-role=\"root\" data-docx-has-block-data=\"true\">\n<div data-page-id=\"LRknfa6Whd4DWCcUc0FcNKpJnyh\" data-lark-html-role=\"root\" data-docx-has-block-data=\"false\">\n<div data-page-id=\"LRknfa6Whd4DWCcUc0FcNKpJnyh\" data-lark-html-role=\"root\" data-docx-has-block-data=\"false\">\n<div data-page-id=\"XFRAfkcOEdRWh8cArQ2cJdyRnJf\" data-lark-html-role=\"root\" data-docx-has-block-data=\"true\">\n<div data-page-id=\"OQ3bfjnRddMTDGcC3ouc6xFKnWf\" data-lark-html-role=\"root\" data-docx-has-block-data=\"true\">\n<div data-page-id=\"J0iGfj1hEdjc4rcUdSmc4spMnmZ\" data-lark-html-role=\"root\" data-docx-has-block-data=\"false\">\n<div data-page-id=\"P1o7fFyNlduP8tcfZpQcagzbnIf\" data-lark-html-role=\"root\" data-docx-has-block-data=\"false\">\n<div class=\"ace-line ace-line old-record-id-P1o7fFyNlduP8tcfZpQcagzbnIf\">\n<div data-page-id=\"P1o7fFyNlduP8tcfZpQcagzbnIf\" data-lark-html-role=\"root\" data-docx-has-block-data=\"false\">\n<div data-page-id=\"U4iufW38SdttWKcTstMcTtHRnXc\" data-lark-html-role=\"root\" data-docx-has-block-data=\"true\">\n<div data-page-id=\"ONVMf7VTWddcFtcyATOchCJHnZb\" data-lark-html-role=\"root\" data-docx-has-block-data=\"true\">\n<div data-page-id=\"KoW2fSy0PdLHFlc5kSHcgvWMnYg\" data-lark-html-role=\"root\" data-docx-has-block-data=\"false\">\n<div data-page-id=\"KoW2fSy0PdLHFlc5kSHcgvWMnYg\" data-lark-html-role=\"root\" data-docx-has-block-data=\"false\">\n<div data-page-id=\"OLGhfzxC7d7EFIcLEj9cRT5ynZf\" data-lark-html-role=\"root\" data-docx-has-block-data=\"false\">\n<div data-page-id=\"DdnnfrLjzdqrFIc9Il9c7pA2noc\" data-lark-html-role=\"root\" data-docx-has-block-data=\"true\">\n<div data-page-id=\"KNzcf2o0oddkJOcztTVcqPdlnth\" data-lark-html-role=\"root\" data-docx-has-block-data=\"false\">\n<div data-page-id=\"LBU7fg5SEdkWhecGJoxca3xvnCe\" data-lark-html-role=\"root\" data-docx-has-block-data=\"false\">\n<div data-page-id=\"EB70fooS3d69bMcgWB7c5qb9n8g\" data-lark-html-role=\"root\" data-docx-has-block-data=\"false\">\n<div data-page-id=\"AogwfsZCadB6t0cAvF0cK4JLnvf\" data-lark-html-role=\"root\" data-docx-has-block-data=\"false\">\n<div data-page-id=\"AogwfsZCadB6t0cAvF0cK4JLnvf\" data-lark-html-role=\"root\" data-docx-has-block-data=\"false\">\n<div data-page-id=\"JMZIflNGddQuU0c5JZocSqlvnle\" data-lark-html-role=\"root\" data-docx-has-block-data=\"false\">\n<div data-page-id=\"JMZIflNGddQuU0c5JZocSqlvnle\" data-lark-html-role=\"root\" data-docx-has-block-data=\"true\">\n<div data-page-id=\"HtEafjjRIdPAlMc9zgYcsGy6nOe\" data-lark-html-role=\"root\" data-docx-has-block-data=\"false\">\n<div data-page-id=\"Rhnafz0WTdDeT9c43xxczsbVnJo\" data-lark-html-role=\"root\" data-docx-has-block-data=\"false\">\n<div data-page-id=\"WY0CfKdcTdf4hVcZl67ct5LGncf\" data-lark-html-role=\"root\" data-docx-has-block-data=\"true\">\n<div data-page-id=\"MkB5fF4AVdchovcoPEpc7LqvnOd\" data-lark-html-role=\"root\" data-docx-has-block-data=\"true\">\n<div data-page-id=\"MfbjfZhbhdJdA8cH1dAckqF0n6g\" data-lark-html-role=\"root\" data-docx-has-block-data=\"false\">\n<div class=\"ace-line ace-line old-record-id-W2AHfJLnjd7ugjcRLs1c8BdhnNh\">\n<div data-page-id=\"MfbjfZhbhdJdA8cH1dAckqF0n6g\" data-lark-html-role=\"root\" data-docx-has-block-data=\"false\">\n<div class=\"old-record-id-XXd1feeCZdR2hJc6evocxnh1nOg\">\n<div data-page-id=\"MfbjfZhbhdJdA8cH1dAckqF0n6g\" data-lark-html-role=\"root\" data-docx-has-block-data=\"false\">\n<div data-page-id=\"DE51fYUmxdT3ekcHzc3cGrVQnsc\" data-lark-html-role=\"root\" data-docx-has-block-data=\"false\">\n<div data-page-id=\"YSKdfaZ08dRej3ci5CccQBuOncc\" data-lark-html-role=\"root\" data-docx-has-block-data=\"true\">\n<div data-page-id=\"K6mofQmledamEFcgp1EcVobmnYd\" data-lark-html-role=\"root\" data-docx-has-block-data=\"false\">\n<div data-page-id=\"VTgsfVLdCd9q1ucYcwRcCM0Hnof\" data-lark-html-role=\"root\" data-docx-has-block-data=\"true\">\n<div data-page-id=\"WucKfzp8RdNy8rcMJHncz4Knnac\" data-lark-html-role=\"root\" data-docx-has-block-data=\"true\">\n<div data-page-id=\"IfZ9fDIBLd9b9hcJiqGcLw9Pnmh\" data-lark-html-role=\"root\" data-docx-has-block-data=\"false\">\n<div data-page-id=\"JeU6f3Yq5dbdEHcZDptc5ikcn5c\" data-lark-html-role=\"root\" data-docx-has-block-data=\"true\">\n<div data-page-id=\"E1YjfnB4Jdmtsfc2ZObcu04Un6c\" data-lark-html-role=\"root\" data-docx-has-block-data=\"false\">\n<div data-page-id=\"RQVEfdiOzdqTQKcRcnxcG0Y7nce\" data-lark-html-role=\"root\" data-docx-has-block-data=\"true\">\n<div data-page-id=\"NKc7fbZi9dnOXocdHcScVsXdnmh\" data-lark-html-role=\"root\" data-docx-has-block-data=\"false\">\n<div data-page-id=\"DaE3fgNEwdnbQVc62iqcBK4lnte\" data-lark-html-role=\"root\" data-docx-has-block-data=\"false\">\n<div data-page-id=\"DaE3fgNEwdnbQVc62iqcBK4lnte\" data-lark-html-role=\"root\" data-docx-has-block-data=\"false\">\n<div data-page-id=\"NqSRfcp5SdFQ6ucdStXcbvManpc\" data-lark-html-role=\"root\" data-docx-has-block-data=\"false\">\n<div data-page-id=\"KydBfoEuudJNYhcgRdAc3aeUn7c\" data-lark-html-role=\"root\" data-docx-has-block-data=\"true\">\n<div data-page-id=\"SIqXfR5ipd7jWpczA5RcYkWInfd\" data-lark-html-role=\"root\" data-docx-has-block-data=\"false\">\n<div data-page-id=\"Y06XfUzydd0aVicBtPKcZlS8nJf\" data-lark-html-role=\"root\" data-docx-has-block-data=\"true\">\n<div data-page-id=\"E2ZvfNrVNdEHKickexPcvdXVnrc\" data-lark-html-role=\"root\" data-docx-has-block-data=\"false\">\n<div data-page-id=\"DqGzfq5S4d9GdAcOQVIcIdPhn2c\" data-lark-html-role=\"root\" data-docx-has-block-data=\"false\">\n<div data-page-id=\"HsKcfE4WLdET7ScRm72cTZ96nPb\" data-lark-html-role=\"root\" data-docx-has-block-data=\"false\">\n<div data-page-id=\"MvWFfuF4Edx69KcRSmmcvS2LndG\" data-lark-html-role=\"root\" data-docx-has-block-data=\"true\">\n<div data-page-id=\"BSNMfUsMXd3XFscNxbDcufC2nEg\" data-lark-html-role=\"root\" data-docx-has-block-data=\"false\">\n<div data-page-id=\"Rr0Mfry1adQB66cMkYGcCmoWnKe\" data-lark-html-role=\"root\" data-docx-has-block-data=\"true\">\n<div data-page-id=\"A7fMfxJhydfxJUc6VX9cVvDKnpd\" data-lark-html-role=\"root\" data-docx-has-block-data=\"false\">\n<div data-page-id=\"A7fMfxJhydfxJUc6VX9cVvDKnpd\" data-lark-html-role=\"root\" data-docx-has-block-data=\"false\">\n<div data-page-id=\"WbzgfFBuTduiBjc6rORciNrNnlf\" data-lark-html-role=\"root\" data-docx-has-block-data=\"false\">\n<div data-page-id=\"R0Rzf8rQUdoB9hcxkiqc9kKHnk2\" data-lark-html-role=\"root\" data-docx-has-block-data=\"true\">\n<h2 class=\"ace-line ace-line old-record-id-R0Rzf8rQUdoB9hcxkiqc9kKHnk2\">Zooy Zero 45000 Puffs \u2013 Introduktion til h\u00f8jdepunkter<\/h2>\n<div class=\"ace-line ace-line old-record-id-KgH6fSMTHdAqmNcdHBtcktQRnue\">Zooy Zero 45000 Puffs bringer et nyt niveau af tilpasning til engangs vaping med sin indbyggede smarte touchsk\u00e6rm. Du kan justere nikotinstyrken og isniveauet med blot et tryk, hvilket kombinerer denne fleksibilitet med en unik 0.6+1.5\u03a9 dobbelt mesh coil og en levetid p\u00e5 45000 puffs for en virkelig personlig oplevelse.<\/div>\n<div class=\"ace-line ace-line old-record-id-JIH4feZ7SdQnCFc2U1rc8EXbnie\">Det overkomplicerer ikke tingene\u2014hver funktion har et form\u00e5l. Fra den justerbare luftstr\u00f8m til hurtig Type-C opladning, det er designet til bekvemmelighed og ydeevne. Kompakt, let og pakket med 10 l\u00e6kre smagsvarianter, det henvender sig til dampere, der \u00f8nsker kontrol uden kompromis.<\/div>\n<h2 class=\"heading-2 ace-line old-record-id-DYsWfCyNEdv4HGcl7HecmXxAnoe\">Touchsk\u00e6rmskontrol: Tilpas din vapingoplevelse<\/h2>\n<div class=\"ace-line ace-line old-record-id-NHojfZIaKdJ8cQc5siucJFkfndj\">Den banebrydende funktion ved Zooy Zero 45000 Puffs er dens indbyggede smarte touchsk\u00e6rm. I mods\u00e6tning til traditionelle engangs vape, lader den dig tilpasse to n\u00f8gleelementer\u2014nikotinstyrke og isniveau\u2014med enkle tryk, der tilpasser sig dit hum\u00f8r og pr\u00e6ference p\u00e5 sekunder.<\/div>\n<h3 class=\"heading-3 ace-line old-record-id-PQHwfewvgdJLo2czeolcNPPLnqh\">Intuitiv ber\u00f8ringsbetjening<\/h3>\n<div class=\"ace-line ace-line old-record-id-NZwdf6t3Nd7jYfcSTqRcAWoQnJe\">Touchsk\u00e6rmen er responsiv og nem at bruge, selv for f\u00f8rstegangsanvendere. Den viser realtids batteriniveau, resterende e-v\u00e6ske, nuv\u00e6rende nikotinstyrke og isniveau, s\u00e5 du altid ved pr\u00e6cis, hvad du f\u00e5r. Ingen knapper, ingen g\u00e6tterier\u2014bare tryk og juster.<\/div>\n<h4 class=\"heading-4 ace-line old-record-id-VEWqfpZjZd0J9tcoQrdcwqudn2f\">Tilpasselige nikotinstyrker og isniveauer<\/h4>\n<div class=\"ace-line ace-line old-record-id-AfxYfbtedde54ycGgn0ciflNnrh\">Uanset om du foretr\u00e6kker et mildt hit eller et st\u00e6rkere, lader touchsk\u00e6rmen dig justere nikotinstyrken for at passe til din tolerance. P\u00e5 samme m\u00e5de kan du justere isniveauet\u2014fra en subtil k\u00f8lighed til et spr\u00f8dt, forfriskende spark\u2014perfekt til varme dage eller n\u00e5r du \u00f8nsker ekstra forfriskning.<\/div>\n<h2 class=\"heading-2 ace-line old-record-id-SRTyf1uO0dMu3XcPitFcZM48nod\">Unik 0.6+1.5\u03a9 dobbelt mesh coil for afbalanceret smag<\/h2>\n<div class=\"ace-line ace-line old-record-id-FX0lfVx4KdzqCEcKwfncdEqAnhf\">Zooy Zero 45000 Puffs skiller sig ud med sin dual-spec dobbelt mesh coil (0.6+1.5\u03a9), et design der balancerer smag og damp perfekt. Denne unikke ops\u00e6tning sikrer en glat, konsekvent ydeevne, uanset din foretrukne vapingstil.<\/div>\n<div class=\"ace-line ace-line old-record-id-Pe6Gf4nVwdnJZgcqruzcULwdnVc\">0.6\u03a9 coilen leverer rigere, t\u00e6ttere damp for en mere intens oplevelse, mens 1.5\u03a9 coilen tilbyder et glattere, mildere sug, ideelt til daglig brug. Sammen l\u00e5ser de den rene smag af hver smag ind, reducerer br\u00e6ndte hits og sikrer, at hver puff er tilfredsstillende.<\/div>\n<h2 class=\"heading-2 ace-line old-record-id-R13NfuVu7dqfIjch2Q9cByl3nUg\">Langvarig ydeevne og praktisk design<\/h2>\n<h3 class=\"heading-3 ace-line old-record-id-ZtwKfBtDVdL4TKcyyTSc8UaOnue\">45000 Puffs &amp; 1000mAh batteri<\/h3>\n<div class=\"ace-line ace-line old-record-id-Nsb0fNF5Zdx1OGcDZLmcVLNbnpg\">Med en imponerende levetid p\u00e5 45000 puffs er den bygget til at holde i flere uger, selv med intensiv daglig brug. Drevet af et 1000mAh batteri leverer den stabil str\u00f8m gennem hele sin levetid, hvilket sikrer konsekvent smag og damp uden falmning.<\/div>\n<h3 class=\"heading-3 ace-line old-record-id-LPBVfZK5tdGlOZcZ2SLcp9VdnZc\">Type-C Hurtig Opladning<\/h3>\n<div class=\"ace-line ace-line old-record-id-IJAMfRtKidQ5cych9vrcjWvpnpF\">N\u00e5r batteriet er lavt, f\u00e5r Type-C hurtigopladning det tilbage til fuld kraft hurtigt. Du kan bruge ethvert almindeligt Type-C kabel, s\u00e5 du aldrig beh\u00f8ver at vente l\u00e6nge p\u00e5 at komme tilbage til vaping\u2014perfekt til travle dage eller n\u00e5r du er p\u00e5 farten.<\/div>\n<h3 class=\"heading-3 ace-line old-record-id-BYprfttLMd87MycKHCGcLNejnec\">Justerbar luftstr\u00f8m og kompakt design<\/h3>\n<div class=\"ace-line ace-line old-record-id-Ypj3fooTTdZWdUcfSLccwcKbnug\">Du kan nemt justere luftstr\u00f8mmen for at matche din pr\u00e6ference\u2014stramme den for et mere fokuseret hit, eller l\u00f8sne den for luftigere sug. Den m\u00e5ler 51.1*21.5*106.96mm og vejer 130g, den er slank og let, og passer komfortabelt i din lomme eller taske for nem transport.<\/div>\n<h2 class=\"heading-2 ace-line old-record-id-DzgLfzUzsdup8Mcmv0vcHPFtngf\">10 l\u00e6kre smagsvarianter til enhver stemning<\/h2>\n<div class=\"ace-line ace-line old-record-id-QJZsfo1WhdtAYncV0kAcIRbBn9f\">Zooy Zero 45000 Puffs tilbyder 10 omhyggeligt udformede smagsvarianter, der d\u00e6kker isende forfriskning, s\u00f8de frugter og dristige drikkenoter. Hver smag passer s\u00f8ml\u00f8st sammen med den dobbelte mesh coil og de tilpasselige nikotinstyrker\/isniveauer, s\u00e5 du kan skabe dit perfekte hit. Tjek hele sortimentet nedenfor:<\/div>\n<div>\n<table class=\"ace-table\" data-ace-table-col-widths=\"200;200;200\">\n<colgroup>\n<col width=\"200\" \/>\n<col width=\"200\" \/>\n<col width=\"200\" \/><\/colgroup>\n<thead>\n<tr>\n<th colspan=\"1\" rowspan=\"1\">\n<div class=\"ace-line ace-line old-record-id-BwEcfLWVGdLvMdcNRnYc7E9vnTg\">Nr.<\/div>\n<\/th>\n<th colspan=\"1\" rowspan=\"1\">\n<div class=\"ace-line ace-line old-record-id-O5GDf1ICNdiZARcoXhScnK6qnDg\">Smagsnavn<\/div>\n<\/th>\n<th colspan=\"1\" rowspan=\"1\">\n<div class=\"ace-line ace-line old-record-id-KI7mf9EQnd2g7kcKAyvcKVWsnxO\">Smagsprofil<\/div>\n<\/th>\n<\/tr>\n<\/thead>\n<tbody>\n<tr>\n<td colspan=\"1\" rowspan=\"1\">\n<div class=\"ace-line ace-line old-record-id-SxzUfPPiWdgLnzcFbiIcW7RGnRc\">1<\/div>\n<\/td>\n<td colspan=\"1\" rowspan=\"1\">\n<div class=\"ace-line ace-line old-record-id-Nk9Wfi6gcdLtPBcONrRcNQ2anMc\">Watermelon Ice<\/div>\n<\/td>\n<td colspan=\"1\" rowspan=\"1\">\n<div class=\"ace-line ace-line old-record-id-WO6hfsj1xd4UFRcPu3xcbcNHnih\">Saftig s\u00f8d vandmelon med en spr\u00f8d, k\u00f8lende afslutning<\/div>\n<\/td>\n<\/tr>\n<tr>\n<td colspan=\"1\" rowspan=\"1\">\n<div class=\"ace-line ace-line old-record-id-I2bCfGwqydUdPzcKSXdcBD9An5e\">2<\/div>\n<\/td>\n<td colspan=\"1\" rowspan=\"1\">\n<div class=\"ace-line ace-line old-record-id-GUUsfg3u3d42zocyaZKckMMHnVd\">Bl\u00e5b\u00e6r Is<\/div>\n<\/td>\n<td colspan=\"1\" rowspan=\"1\">\n<div class=\"ace-line ace-line old-record-id-UkUmfVlW7dP11AcbZDRcRXNwnvc\">Fede bl\u00e5b\u00e6r blandet med et glat, forfriskende iskick<\/div>\n<\/td>\n<\/tr>\n<tr>\n<td colspan=\"1\" rowspan=\"1\">\n<div class=\"ace-line ace-line old-record-id-GlSFfdYsedsBgncXriOcgTPrnSh\">3<\/div>\n<\/td>\n<td colspan=\"1\" rowspan=\"1\">\n<div class=\"ace-line ace-line old-record-id-TTujff9dwdlwBRcnlh6cnHQfncc\">Strawberry Watermelon<\/div>\n<\/td>\n<td colspan=\"1\" rowspan=\"1\">\n<div class=\"ace-line ace-line old-record-id-Snk3fULj0deMuccmHINcvI43nsb\">S\u00f8d jordb\u00e6r blandet med moden, saftig vandmelon<\/div>\n<\/td>\n<\/tr>\n<tr>\n<td colspan=\"1\" rowspan=\"1\">\n<div class=\"ace-line ace-line old-record-id-LzG3fNwoNd5gW2cnFhIcovkInie\">4<\/div>\n<\/td>\n<td colspan=\"1\" rowspan=\"1\">\n<div class=\"ace-line ace-line old-record-id-MM8Rfu4d6dXjKRcOuFHcnDX8nMf\">Citron Cola<\/div>\n<\/td>\n<td colspan=\"1\" rowspan=\"1\">\n<div class=\"ace-line ace-line old-record-id-YhTvfERGxdufJ6cQXKgce0ienad\">Spr\u00f8d citron kombineret med klassisk cola-smag for et dristigt kick<\/div>\n<\/td>\n<\/tr>\n<tr>\n<td colspan=\"1\" rowspan=\"1\">\n<div class=\"ace-line ace-line old-record-id-T32jf4fEVd7ZzvcdDTWcR5G9nUe\">5<\/div>\n<\/td>\n<td colspan=\"1\" rowspan=\"1\">\n<div class=\"ace-line ace-line old-record-id-DZqsfMJNjdHb5ucOAKUcYrSLnvD\">Jordb\u00e6r Kiwi<\/div>\n<\/td>\n<td colspan=\"1\" rowspan=\"1\">\n<div class=\"ace-line ace-line old-record-id-GJ6ifJqlkd1Zr0cCtIxcoV45n3g\">Frisk jordb\u00e6r balanceret med syrlig, moden kiwi<\/div>\n<\/td>\n<\/tr>\n<tr>\n<td colspan=\"1\" rowspan=\"1\">\n<div class=\"ace-line ace-line old-record-id-KQm5fVBygd35PkcJ6jNcxNFFnge\">6<\/div>\n<\/td>\n<td colspan=\"1\" rowspan=\"1\">\n<div class=\"ace-line ace-line old-record-id-Kdutfbx4cdDCB6cFo49cC2SEnOc\">Druemelis<\/div>\n<\/td>\n<td colspan=\"1\" rowspan=\"1\">\n<div class=\"ace-line ace-line old-record-id-KlHtfqslpdptpOcV6MLc80BAnbc\">Rig, s\u00f8d drue blandet med spr\u00f8d, frisk \u00e6ble<\/div>\n<\/td>\n<\/tr>\n<tr>\n<td colspan=\"1\" rowspan=\"1\">\n<div class=\"ace-line ace-line old-record-id-AE1afmc5UdQ20ocJox9cFy75nTh\">7<\/div>\n<\/td>\n<td colspan=\"1\" rowspan=\"1\">\n<div class=\"ace-line ace-line old-record-id-XAj4fJPxpdFXrqcu8MqcfBu5njf\">Jordb\u00e6r Appelsin Sodavand<\/div>\n<\/td>\n<td colspan=\"1\" rowspan=\"1\">\n<div class=\"ace-line ace-line old-record-id-S7kKfawSLdKa7BcBmz1c3oGsn9b\">S\u00f8d jordb\u00e6r blandet med boblende appelsinsodavand<\/div>\n<\/td>\n<\/tr>\n<tr>\n<td colspan=\"1\" rowspan=\"1\">\n<div class=\"ace-line ace-line old-record-id-N8lOfIRPCdGbMycUUbycXMzlnXo\">8<\/div>\n<\/td>\n<td colspan=\"1\" rowspan=\"1\">\n<div class=\"ace-line ace-line old-record-id-XOK8f7biAdXIJZcJLEBch0kMnUM\">Bl\u00e5 Razz Is<\/div>\n<\/td>\n<td colspan=\"1\" rowspan=\"1\">\n<div class=\"ace-line ace-line old-record-id-STLWfbXB6dZQlKcVbMLcI27Lneq\">Syrlig bl\u00e5 razz med en glat, k\u00f8lende finish<\/div>\n<\/td>\n<\/tr>\n<tr>\n<td colspan=\"1\" rowspan=\"1\">\n<div class=\"ace-line ace-line old-record-id-OBexfXj8bdXhWgcYr4AcJaGOnke\">9<\/div>\n<\/td>\n<td colspan=\"1\" rowspan=\"1\">\n<div class=\"ace-line ace-line old-record-id-Mku5fBNfQdZ3pecsIGychU5Qn7f\">Bl\u00e5b\u00e6r Vandmelon<\/div>\n<\/td>\n<td colspan=\"1\" rowspan=\"1\">\n<div class=\"ace-line ace-line old-record-id-WoMqfrogcd5qgKcR4w8cmzjRnjh\">Saftig bl\u00e5b\u00e6r blandet med s\u00f8d vandmelon for et friskt twist<\/div>\n<\/td>\n<\/tr>\n<tr>\n<td colspan=\"1\" rowspan=\"1\">\n<div class=\"ace-line ace-line old-record-id-D3ZVfUmXMdyDlBcjh5EcXuHpn9b\">10<\/div>\n<\/td>\n<td colspan=\"1\" rowspan=\"1\">\n<div class=\"ace-line ace-line old-record-id-QxqCfwsU4daOp4cwrx6cFY41njj\">Mango Passion Guava<\/div>\n<\/td>\n<td colspan=\"1\" rowspan=\"1\">\n<div class=\"ace-line ace-line old-record-id-OgtyfG10ld5lbVcLZescbTa3nhe\">Tropisk mango, syrlig passionsfrugt og duftende guava fusion<\/div>\n<\/td>\n<\/tr>\n<\/tbody>\n<\/table>\n<p><img decoding=\"async\" class=\"alignnone wp-image-7210 size-full\" title=\"Zooy Zero 45k Smagsvarianter\" src=\"https:\/\/oiovape.com\/wp-content\/uploads\/2026\/02\/Zooy-Zero-45k-Flavors.jpg\" alt=\"Zooy Zero 45k Smagsvarianter\" width=\"2000\" height=\"2000\" srcset=\"https:\/\/oiovape.com\/wp-content\/uploads\/2026\/02\/Zooy-Zero-45k-Flavors.jpg 2000w, https:\/\/oiovape.com\/wp-content\/uploads\/2026\/02\/Zooy-Zero-45k-Flavors-300x300.jpg 300w, https:\/\/oiovape.com\/wp-content\/uploads\/2026\/02\/Zooy-Zero-45k-Flavors-1024x1024.jpg 1024w, https:\/\/oiovape.com\/wp-content\/uploads\/2026\/02\/Zooy-Zero-45k-Flavors-150x150.jpg 150w, https:\/\/oiovape.com\/wp-content\/uploads\/2026\/02\/Zooy-Zero-45k-Flavors-768x768.jpg 768w, https:\/\/oiovape.com\/wp-content\/uploads\/2026\/02\/Zooy-Zero-45k-Flavors-1536x1536.jpg 1536w, https:\/\/oiovape.com\/wp-content\/uploads\/2026\/02\/Zooy-Zero-45k-Flavors-12x12.jpg 12w, https:\/\/oiovape.com\/wp-content\/uploads\/2026\/02\/Zooy-Zero-45k-Flavors-600x600.jpg 600w, https:\/\/oiovape.com\/wp-content\/uploads\/2026\/02\/Zooy-Zero-45k-Flavors-1200x1200.jpg 1200w\" sizes=\"(max-width: 2000px) 100vw, 2000px\" \/><\/p>\n<\/div>\n<h2 class=\"heading-2 ace-line old-record-id-I7fMfTo8pdSi04cIyl4cyKJVnHe\">Hvorfor v\u00e6lge Zooy Zero 45000 Puffs?<\/h2>\n<div class=\"ace-line ace-line old-record-id-AsSPfbS2mdHHy5cmC57cpfEYnNb\">Den skiller sig ud i et overfyldt marked med sin touchsk\u00e6rm til tilpasning\u2014noget f\u00e5 engangs vape tilbyder. Du f\u00e5r fuld kontrol over nikotinstyrke og isniveauer, kombineret med en unik dual-spec dobbelt mesh coil for afbalanceret smag og damp.<\/div>\n<div class=\"ace-line ace-line old-record-id-A9uEfrGWkd7OaHcZYeAcXlCxnDK\">Med 45000 puffs, et 1000mAh batteri, Type-C opladning og justerbar luftstr\u00f8m, er den bygget til bekvemmelighed og lang levetid. De 10 forskellige smagsvarianter og det kompakte design g\u00f8r den perfekt til daglig brug, uanset om du er en afslappet dampere eller en, der elsker tilpasning.<\/div>\n<div class=\"ace-line ace-line old-record-id-Oo5FfdZJddDk9McnDntcK0Nankh\">Zooy Zero 45000 Puffs er ikke bare en engangs vape\u2014det er en personlig vaping ledsager, der tilpasser sig dig. Den kombinerer innovation, ydeevne og bekvemmelighed, og leverer en premium oplevelse med hver puff.<\/div>\n<\/div>\n<\/div>\n<\/div>\n<\/div>\n<\/div>\n<\/div>\n<\/div>\n<\/div>\n<\/div>\n<\/div>\n<\/div>\n<\/div>\n<\/div>\n<\/div>\n<\/div>\n<\/div>\n<\/div>\n<\/div>\n<\/div>\n<\/div>\n<\/div>\n<\/div>\n<\/div>\n<\/div>\n<\/div>\n<\/div>\n<\/div>\n<\/div>\n<\/div>\n<\/div>\n<\/div>\n<\/div>\n<\/div>\n<\/div>\n<\/div>\n<\/div>\n<\/div>\n<\/div>\n<\/div>\n<\/div>\n<\/div>\n<\/div>\n<\/div>\n<\/div>\n<\/div>\n<\/div>\n<\/div>\n<\/div>\n<\/div>\n<\/div>\n<\/div>\n<\/div>\n<\/div>\n<\/div>\n<\/div>\n<\/div>\n<\/div>\n<\/div>\n<\/div>\n<\/div>\n<\/div>\n<\/div>\n<\/div>\n<\/div>\n<\/div>\n<\/div>\n<\/div>\n<\/div>\n<\/div>\n<\/div>\n<\/div>\n<\/div>\n<\/div>\n<\/div>\n<\/div>\n<\/div>\n<\/div>\n<\/div>\n<\/div>\n<\/div>\n<\/div>\n<\/div>\n<\/div>\n<\/div>\n<\/div>\n<\/div>\n<\/div>\n<\/div>\n<\/div>\n<\/div>\n<\/div>","protected":false},"excerpt":{"rendered":"<div data-page-id=\"RAopf2sw9dtvw4cWYXpcTwo0n8g\" data-lark-html-role=\"root\" data-docx-has-block-data=\"false\">\n<div class=\"ace-line ace-line old-record-id-Uju9f3RXYd8dh2crAJbcBF3Un6M\">\n<div data-page-id=\"Dd8gfe2wRdT66jcgnqtcUwg5ndh\" data-lark-html-role=\"root\" data-docx-has-block-data=\"false\">\n<div class=\"ace-line ace-line old-record-id-FiRZf3qXpdK0RqcHt8wcxPTon8b\">Zooy Zero 45000 Puffs har en smart touchsk\u00e6rm til at justere nikotin- og isniveauer, med en 0.6+1.5\u03a9 dobbelt mesh-coil, 45000 puff og 1000mAh batteri. Den underst\u00f8tter Type-C opladning, justerbar luftstr\u00f8m, 10 smagsvarianter og en kompakt krop p\u00e5 130g til personlig vaping.<\/div>\n<\/div>\n<\/div>\n<\/div>","protected":false},"featured_media":7211,"comment_status":"open","ping_status":"closed","template":"","meta":{"_acf_changed":false,"inline_featured_image":false,"_sitemap_exclude":false,"_sitemap_priority":"","_sitemap_frequency":""},"product_brand":[357],"product_cat":[356],"product_tag":[],"class_list":{"0":"post-7199","1":"product","2":"type-product","3":"status-publish","4":"has-post-thumbnail","6":"product_brand-zooy","7":"product_cat-zooy-puff","9":"first","10":"instock","11":"sale","12":"shipping-taxable","13":"purchasable","14":"product-type-variable","15":"has-default-attributes"},"acf":[],"tiered_pricing_type":"fixed","tiered_pricing_fixed_rules":{"30":10.31,"60":9.78,"100":9.59,"200":8.65},"tiered_pricing_product_settings":{"layout":"default","base_unit_name":{"singular":null,"plural":null},"default_variation":null},"tiered_pricing_minimum_quantity":10,"tiered_pricing_roles_data":[],"tiered_pricing_percentage_rules":[],"tiered_pricing_maximum_quantity":null,"tiered_pricing_quantity_step":"10","_links":{"self":[{"href":"https:\/\/oiovape.com\/da\/wp-json\/wp\/v2\/product\/7199","targetHints":{"allow":["GET"]}}],"collection":[{"href":"https:\/\/oiovape.com\/da\/wp-json\/wp\/v2\/product"}],"about":[{"href":"https:\/\/oiovape.com\/da\/wp-json\/wp\/v2\/types\/product"}],"replies":[{"embeddable":true,"href":"https:\/\/oiovape.com\/da\/wp-json\/wp\/v2\/comments?post=7199"}],"version-history":[{"count":1,"href":"https:\/\/oiovape.com\/da\/wp-json\/wp\/v2\/product\/7199\/revisions"}],"predecessor-version":[{"id":7212,"href":"https:\/\/oiovape.com\/da\/wp-json\/wp\/v2\/product\/7199\/revisions\/7212"}],"wp:featuredmedia":[{"embeddable":true,"href":"https:\/\/oiovape.com\/da\/wp-json\/wp\/v2\/media\/7211"}],"wp:attachment":[{"href":"https:\/\/oiovape.com\/da\/wp-json\/wp\/v2\/media?parent=7199"}],"wp:term":[{"taxonomy":"product_brand","embeddable":true,"href":"https:\/\/oiovape.com\/da\/wp-json\/wp\/v2\/product_brand?post=7199"},{"taxonomy":"product_cat","embeddable":true,"href":"https:\/\/oiovape.com\/da\/wp-json\/wp\/v2\/product_cat?post=7199"},{"taxonomy":"product_tag","embeddable":true,"href":"https:\/\/oiovape.com\/da\/wp-json\/wp\/v2\/product_tag?post=7199"}],"curies":[{"name":"wp","href":"https:\/\/api.w.org\/{rel}","templated":true}]}}