{"id":7350,"date":"2026-03-03T10:30:01","date_gmt":"2026-03-03T02:30:01","guid":{"rendered":"https:\/\/oiovape.com\/?post_type=product&#038;p=7350"},"modified":"2026-03-03T10:55:34","modified_gmt":"2026-03-03T02:55:34","slug":"atvs-40000-puffs","status":"publish","type":"product","link":"https:\/\/oiovape.com\/da\/product\/atvs-40000-puffs\/","title":{"rendered":"ATVS 40000 PUFFS 750mah Batteri Hurtig Genopladelig Engangs Vape Pen"},"content":{"rendered":"<div data-page-id=\"ZVeMfq8uxd7y1ycuKm5cym4LnYd\" data-lark-html-role=\"root\" data-docx-has-block-data=\"false\">\n<div data-page-id=\"Fd41fZ5N9dzRQtcRNoVc2FuDnCh\" data-lark-html-role=\"root\" data-docx-has-block-data=\"true\">\n<div data-page-id=\"BdIJfeeijdk1eucGpS8cDCBBn5c\" data-lark-html-role=\"root\" data-docx-has-block-data=\"false\">\n<div data-page-id=\"Zbg9fWx77dUuh2cIYpic25c8nyd\" data-lark-html-role=\"root\" data-docx-has-block-data=\"false\">\n<div data-page-id=\"KaIvfiurhdlCKdc0kyxcX64cnE6\" data-lark-html-role=\"root\" data-docx-has-block-data=\"true\">\n<div data-page-id=\"PbvFfqxqlddUTScRpEYcY5MHnpf\" data-lark-html-role=\"root\" data-docx-has-block-data=\"true\">\n<div data-page-id=\"GZO2f5JeudwY4jc9iJtcdk9Hnxh\" data-lark-html-role=\"root\" data-docx-has-block-data=\"false\">\n<div data-page-id=\"EZVRf2acFduXLGcseZFc4qH2n6e\" data-lark-html-role=\"root\" data-docx-has-block-data=\"false\">\n<div data-page-id=\"B8rHfcqlqdzmH5cCWCncz17Cntb\" data-lark-html-role=\"root\" data-docx-has-block-data=\"false\">\n<div data-page-id=\"B8rHfcqlqdzmH5cCWCncz17Cntb\" data-lark-html-role=\"root\" data-docx-has-block-data=\"false\">\n<div data-page-id=\"B8rHfcqlqdzmH5cCWCncz17Cntb\" data-lark-html-role=\"root\" data-docx-has-block-data=\"true\">\n<div data-page-id=\"HM70f1aoxdD0bMcxJZBcVc7ynZd\" data-lark-html-role=\"root\" data-docx-has-block-data=\"false\">\n<div data-page-id=\"NSrJfN7Ord22i0c1iwZcsF8yn8b\" data-lark-html-role=\"root\" data-docx-has-block-data=\"false\">\n<div data-page-id=\"RXEff4Mskds8o1cqL5HcGEtUnCh\" data-lark-html-role=\"root\" data-docx-has-block-data=\"false\">\n<div data-page-id=\"KJ7gfqkVndMSRJcMseScmvYwnTc\" data-lark-html-role=\"root\" data-docx-has-block-data=\"false\">\n<div class=\"ace-line ace-line old-record-id-QADAfETPudgmudc05YvcTO5fnxe\">\n<div data-page-id=\"KJ7gfqkVndMSRJcMseScmvYwnTc\" data-lark-html-role=\"root\" data-docx-has-block-data=\"false\">\n<div class=\"ace-line ace-line old-record-id-JoRkfpho8dOkiacEOascDyCOncb\">\n<div data-page-id=\"KJ7gfqkVndMSRJcMseScmvYwnTc\" data-lark-html-role=\"root\" data-docx-has-block-data=\"false\">\n<div data-page-id=\"Ju6ofQ3V4dGmePcVvJvc1gmcnZb\" data-lark-html-role=\"root\" data-docx-has-block-data=\"true\">\n<div data-page-id=\"PR9ife5PLdFabccbFgZcWgZOnTc\" data-lark-html-role=\"root\" data-docx-has-block-data=\"false\">\n<div data-page-id=\"INdrfOIGzdaenXcptrcc1BcznQc\" data-lark-html-role=\"root\" data-docx-has-block-data=\"false\">\n<div class=\"ace-line ace-line old-record-id-P0fIf4YaZdoGkbcxt5ackec2nnb\">\n<div data-page-id=\"INdrfOIGzdaenXcptrcc1BcznQc\" data-lark-html-role=\"root\" data-docx-has-block-data=\"false\">\n<div data-page-id=\"MAzCfUB73dMTQscm8eWcougVn1g\" data-lark-html-role=\"root\" data-docx-has-block-data=\"true\">\n<div data-page-id=\"AXfpf7H1odhDvGcKoUOcErN8nV7\" data-lark-html-role=\"root\" data-docx-has-block-data=\"false\">\n<div data-page-id=\"QYTKf5PvLdUNdbce2nBcW9yfnrh\" data-lark-html-role=\"root\" data-docx-has-block-data=\"false\">\n<div data-page-id=\"Pvu1f1CCBdxbjncA9pgcBTpanph\" data-lark-html-role=\"root\" data-docx-has-block-data=\"true\">\n<div data-page-id=\"Axf3fcmY8dDAhtcjVircBcphnPc\" data-lark-html-role=\"root\" data-docx-has-block-data=\"false\">\n<div data-page-id=\"KKj1f9SPmdLhhMc5E2AcNlLen6f\" data-lark-html-role=\"root\" data-docx-has-block-data=\"true\">\n<div data-page-id=\"Rx61fK1sJdXHjPcBuhZcweNhnwc\" data-lark-html-role=\"root\" data-docx-has-block-data=\"false\">\n<div data-page-id=\"L1H9fkG9Mdz45Fcy4WMc5VKXnRe\" data-lark-html-role=\"root\" data-docx-has-block-data=\"false\">\n<div data-page-id=\"L1H9fkG9Mdz45Fcy4WMc5VKXnRe\" data-lark-html-role=\"root\" data-docx-has-block-data=\"false\">\n<div data-page-id=\"D4XLfVBVrdE8mrcaYizczklLnaf\" data-lark-html-role=\"root\" data-docx-has-block-data=\"false\">\n<div data-page-id=\"WVcifIY44d5mhMcXtyEcTsfenGd\" data-lark-html-role=\"root\" data-docx-has-block-data=\"true\">\n<div data-page-id=\"LRknfa6Whd4DWCcUc0FcNKpJnyh\" data-lark-html-role=\"root\" data-docx-has-block-data=\"false\">\n<div data-page-id=\"LRknfa6Whd4DWCcUc0FcNKpJnyh\" data-lark-html-role=\"root\" data-docx-has-block-data=\"false\">\n<div data-page-id=\"XFRAfkcOEdRWh8cArQ2cJdyRnJf\" data-lark-html-role=\"root\" data-docx-has-block-data=\"true\">\n<div data-page-id=\"OQ3bfjnRddMTDGcC3ouc6xFKnWf\" data-lark-html-role=\"root\" data-docx-has-block-data=\"true\">\n<div data-page-id=\"J0iGfj1hEdjc4rcUdSmc4spMnmZ\" data-lark-html-role=\"root\" data-docx-has-block-data=\"false\">\n<div data-page-id=\"P1o7fFyNlduP8tcfZpQcagzbnIf\" data-lark-html-role=\"root\" data-docx-has-block-data=\"false\">\n<div class=\"ace-line ace-line old-record-id-P1o7fFyNlduP8tcfZpQcagzbnIf\">\n<div data-page-id=\"P1o7fFyNlduP8tcfZpQcagzbnIf\" data-lark-html-role=\"root\" data-docx-has-block-data=\"false\">\n<div data-page-id=\"U4iufW38SdttWKcTstMcTtHRnXc\" data-lark-html-role=\"root\" data-docx-has-block-data=\"true\">\n<div data-page-id=\"ONVMf7VTWddcFtcyATOchCJHnZb\" data-lark-html-role=\"root\" data-docx-has-block-data=\"true\">\n<div data-page-id=\"KoW2fSy0PdLHFlc5kSHcgvWMnYg\" data-lark-html-role=\"root\" data-docx-has-block-data=\"false\">\n<div data-page-id=\"KoW2fSy0PdLHFlc5kSHcgvWMnYg\" data-lark-html-role=\"root\" data-docx-has-block-data=\"false\">\n<div data-page-id=\"OLGhfzxC7d7EFIcLEj9cRT5ynZf\" data-lark-html-role=\"root\" data-docx-has-block-data=\"false\">\n<div data-page-id=\"DdnnfrLjzdqrFIc9Il9c7pA2noc\" data-lark-html-role=\"root\" data-docx-has-block-data=\"true\">\n<div data-page-id=\"KNzcf2o0oddkJOcztTVcqPdlnth\" data-lark-html-role=\"root\" data-docx-has-block-data=\"false\">\n<div data-page-id=\"LBU7fg5SEdkWhecGJoxca3xvnCe\" data-lark-html-role=\"root\" data-docx-has-block-data=\"false\">\n<div data-page-id=\"EB70fooS3d69bMcgWB7c5qb9n8g\" data-lark-html-role=\"root\" data-docx-has-block-data=\"false\">\n<div data-page-id=\"AogwfsZCadB6t0cAvF0cK4JLnvf\" data-lark-html-role=\"root\" data-docx-has-block-data=\"false\">\n<div data-page-id=\"AogwfsZCadB6t0cAvF0cK4JLnvf\" data-lark-html-role=\"root\" data-docx-has-block-data=\"false\">\n<div data-page-id=\"JMZIflNGddQuU0c5JZocSqlvnle\" data-lark-html-role=\"root\" data-docx-has-block-data=\"false\">\n<div data-page-id=\"JMZIflNGddQuU0c5JZocSqlvnle\" data-lark-html-role=\"root\" data-docx-has-block-data=\"true\">\n<div data-page-id=\"HtEafjjRIdPAlMc9zgYcsGy6nOe\" data-lark-html-role=\"root\" data-docx-has-block-data=\"false\">\n<div data-page-id=\"Rhnafz0WTdDeT9c43xxczsbVnJo\" data-lark-html-role=\"root\" data-docx-has-block-data=\"false\">\n<div data-page-id=\"WY0CfKdcTdf4hVcZl67ct5LGncf\" data-lark-html-role=\"root\" data-docx-has-block-data=\"true\">\n<div data-page-id=\"MkB5fF4AVdchovcoPEpc7LqvnOd\" data-lark-html-role=\"root\" data-docx-has-block-data=\"true\">\n<div data-page-id=\"MfbjfZhbhdJdA8cH1dAckqF0n6g\" data-lark-html-role=\"root\" data-docx-has-block-data=\"false\">\n<div class=\"ace-line ace-line old-record-id-W2AHfJLnjd7ugjcRLs1c8BdhnNh\">\n<div data-page-id=\"MfbjfZhbhdJdA8cH1dAckqF0n6g\" data-lark-html-role=\"root\" data-docx-has-block-data=\"false\">\n<div class=\"old-record-id-XXd1feeCZdR2hJc6evocxnh1nOg\">\n<div data-page-id=\"MfbjfZhbhdJdA8cH1dAckqF0n6g\" data-lark-html-role=\"root\" data-docx-has-block-data=\"false\">\n<div data-page-id=\"DE51fYUmxdT3ekcHzc3cGrVQnsc\" data-lark-html-role=\"root\" data-docx-has-block-data=\"false\">\n<div data-page-id=\"YSKdfaZ08dRej3ci5CccQBuOncc\" data-lark-html-role=\"root\" data-docx-has-block-data=\"true\">\n<div data-page-id=\"K6mofQmledamEFcgp1EcVobmnYd\" data-lark-html-role=\"root\" data-docx-has-block-data=\"false\">\n<div data-page-id=\"VTgsfVLdCd9q1ucYcwRcCM0Hnof\" data-lark-html-role=\"root\" data-docx-has-block-data=\"true\">\n<div data-page-id=\"WucKfzp8RdNy8rcMJHncz4Knnac\" data-lark-html-role=\"root\" data-docx-has-block-data=\"true\">\n<div data-page-id=\"IfZ9fDIBLd9b9hcJiqGcLw9Pnmh\" data-lark-html-role=\"root\" data-docx-has-block-data=\"false\">\n<div data-page-id=\"JeU6f3Yq5dbdEHcZDptc5ikcn5c\" data-lark-html-role=\"root\" data-docx-has-block-data=\"true\">\n<div data-page-id=\"E1YjfnB4Jdmtsfc2ZObcu04Un6c\" data-lark-html-role=\"root\" data-docx-has-block-data=\"false\">\n<div data-page-id=\"RQVEfdiOzdqTQKcRcnxcG0Y7nce\" data-lark-html-role=\"root\" data-docx-has-block-data=\"true\">\n<div data-page-id=\"NKc7fbZi9dnOXocdHcScVsXdnmh\" data-lark-html-role=\"root\" data-docx-has-block-data=\"false\">\n<div data-page-id=\"DaE3fgNEwdnbQVc62iqcBK4lnte\" data-lark-html-role=\"root\" data-docx-has-block-data=\"false\">\n<div data-page-id=\"DaE3fgNEwdnbQVc62iqcBK4lnte\" data-lark-html-role=\"root\" data-docx-has-block-data=\"false\">\n<div data-page-id=\"NqSRfcp5SdFQ6ucdStXcbvManpc\" data-lark-html-role=\"root\" data-docx-has-block-data=\"false\">\n<div data-page-id=\"KydBfoEuudJNYhcgRdAc3aeUn7c\" data-lark-html-role=\"root\" data-docx-has-block-data=\"true\">\n<div data-page-id=\"SIqXfR5ipd7jWpczA5RcYkWInfd\" data-lark-html-role=\"root\" data-docx-has-block-data=\"false\">\n<div data-page-id=\"Y06XfUzydd0aVicBtPKcZlS8nJf\" data-lark-html-role=\"root\" data-docx-has-block-data=\"true\">\n<div data-page-id=\"E2ZvfNrVNdEHKickexPcvdXVnrc\" data-lark-html-role=\"root\" data-docx-has-block-data=\"false\">\n<div data-page-id=\"DqGzfq5S4d9GdAcOQVIcIdPhn2c\" data-lark-html-role=\"root\" data-docx-has-block-data=\"false\">\n<div data-page-id=\"HsKcfE4WLdET7ScRm72cTZ96nPb\" data-lark-html-role=\"root\" data-docx-has-block-data=\"false\">\n<div data-page-id=\"MvWFfuF4Edx69KcRSmmcvS2LndG\" data-lark-html-role=\"root\" data-docx-has-block-data=\"true\">\n<div data-page-id=\"BSNMfUsMXd3XFscNxbDcufC2nEg\" data-lark-html-role=\"root\" data-docx-has-block-data=\"false\">\n<div data-page-id=\"Rr0Mfry1adQB66cMkYGcCmoWnKe\" data-lark-html-role=\"root\" data-docx-has-block-data=\"true\">\n<div data-page-id=\"A7fMfxJhydfxJUc6VX9cVvDKnpd\" data-lark-html-role=\"root\" data-docx-has-block-data=\"false\">\n<div data-page-id=\"A7fMfxJhydfxJUc6VX9cVvDKnpd\" data-lark-html-role=\"root\" data-docx-has-block-data=\"false\">\n<div data-page-id=\"WbzgfFBuTduiBjc6rORciNrNnlf\" data-lark-html-role=\"root\" data-docx-has-block-data=\"false\">\n<div data-page-id=\"R0Rzf8rQUdoB9hcxkiqc9kKHnk2\" data-lark-html-role=\"root\" data-docx-has-block-data=\"true\">\n<div data-page-id=\"ZwXFfRomCdt9G4cs33scepfHnoe\" data-lark-html-role=\"root\" data-docx-has-block-data=\"false\">\n<div data-page-id=\"UFFTffnWTdbuv3coRhBc3zxBnMf\" data-lark-html-role=\"root\" data-docx-has-block-data=\"true\">\n<div data-page-id=\"FV0FfDT4ZdfJZoc4SMccT5Rjndf\" data-lark-html-role=\"root\" data-docx-has-block-data=\"false\">\n<div data-page-id=\"QfqMfQ3H3dBjAycBmxFct9R0nOd\" data-lark-html-role=\"root\" data-docx-has-block-data=\"false\">\n<div data-page-id=\"DXwcf38JSdYoRnczvWycOLbJnKg\" data-lark-html-role=\"root\" data-docx-has-block-data=\"false\">\n<div data-page-id=\"ERF5fOYoJdJoKBcJe3dczeiRnhb\" data-lark-html-role=\"root\" data-docx-has-block-data=\"false\">\n<h2 class=\"ace-line ace-line old-record-id-ERF5fOYoJdJoKBcJe3dczeiRnhb\">ATVS 40000 Puffs \u2013 Produktoversigt Introduktion<\/h2>\n<div class=\"ace-line ace-line old-record-id-O23afLz0UdcqNRcI7pDc0aAOnec\">ATVS 40000 Puffs redefinerer langtidsholdbar engangs vaping med en imponerende levetid p\u00e5 40000 puff og 35ml e-v\u00e6ske. Den kombinerer dual mesh coils med justerbar modstand, et kompakt design og 24 omhyggeligt sammensatte smagsvarianter\u2014alt sammen drevet af et p\u00e5lideligt 750mAh 751752 batteri, perfekt til dampere, der \u00f8nsker konsistens og variation. \ud83d\ude80<\/div>\n<div class=\"ace-line ace-line old-record-id-OCTSf714hdjVSWcuLRJc0ML4nyU\">Den holder tingene enkle, men effektive, med fokus p\u00e5 det, der betyder mest: glatte hits, autentiske smagsvarianter og uafbrudt nydelse. Ingen prangende ekstraudstyr, bare en velbygget enhed, der leverer dag efter dag, uanset om du damper p\u00e5 farten eller slapper af derhjemme. \u2728<br \/>\n<img decoding=\"async\" class=\"alignnone wp-image-7352 size-full\" title=\"ATVS 40k Plakat\" src=\"https:\/\/oiovape.com\/wp-content\/uploads\/2026\/03\/ATVS-40k-Poster.jpg\" alt=\"ATVS 40k Plakat\" width=\"1722\" height=\"753\" srcset=\"https:\/\/oiovape.com\/wp-content\/uploads\/2026\/03\/ATVS-40k-Poster.jpg 1722w, https:\/\/oiovape.com\/wp-content\/uploads\/2026\/03\/ATVS-40k-Poster-300x131.jpg 300w, https:\/\/oiovape.com\/wp-content\/uploads\/2026\/03\/ATVS-40k-Poster-1024x448.jpg 1024w, https:\/\/oiovape.com\/wp-content\/uploads\/2026\/03\/ATVS-40k-Poster-768x336.jpg 768w, https:\/\/oiovape.com\/wp-content\/uploads\/2026\/03\/ATVS-40k-Poster-1536x672.jpg 1536w, https:\/\/oiovape.com\/wp-content\/uploads\/2026\/03\/ATVS-40k-Poster-18x8.jpg 18w, https:\/\/oiovape.com\/wp-content\/uploads\/2026\/03\/ATVS-40k-Poster-1200x525.jpg 1200w, https:\/\/oiovape.com\/wp-content\/uploads\/2026\/03\/ATVS-40k-Poster-150x66.jpg 150w\" sizes=\"(max-width: 1722px) 100vw, 1722px\" \/><\/p>\n<\/div>\n<h2 class=\"heading-2 ace-line old-record-id-NjGdf9CeodFXalc3gjEcbzg0n7b\">Dual Mesh Coils &amp; Justerbar Modstand: Glatte, Konsistente Hits Hver Gang<\/h2>\n<div class=\"ace-line ace-line old-record-id-OWOYfmUUVdnfCac1rG4cbh2MnMh\">Enhedens dual mesh coils er dens hemmelighed til fantastisk smag og damp. De opvarmer e-v\u00e6sken j\u00e6vnt og frigiver den fulde, naturlige smag af hver smagsvariant uden h\u00e5rdhed eller br\u00e6ndte noter. Dette design sikrer, at hver ind\u00e5nding f\u00f8les glat og tilfredsstillende, fra det f\u00f8rste puff til det 40000. \ud83d\udd27<\/div>\n<h3 class=\"heading-3 ace-line old-record-id-QSfDfSCaodg10KcbObZcxr1Vnme\">To Modstandsmuligheder for Personlig Dampning<\/h3>\n<div class=\"ace-line ace-line old-record-id-Q5lXfKcCvdI3U7c8Hsjc1EBznjc\">Den tilbyder to modstandsniveauer\u20140.4\u03a9 og 0.8\u03a9\u2014til at passe til forskellige pr\u00e6ferencer. V\u00e6lg 0.4\u03a9, hvis du elsker tyk, t\u00e6t damp, der leverer et kraftigt hit. V\u00e6lg 0.8\u03a9 for et mildere, glattere drag, der er perfekt til hele dagen dampning. \ud83d\udee0\ufe0f<\/div>\n<h4 class=\"heading-4 ace-line old-record-id-Q0N3fPDvtdgFQjceBP4c1vlbnSd\">Holdbare Coils til Langvarig Brug<\/h4>\n<div class=\"ace-line ace-line old-record-id-ZbpCfVnQJdMWVMcKQmUcCh3xntd\">De dual mesh coils er bygget til at holde, hvilket minimerer t\u00f8rre hits og sikrer en konsekvent ydeevne gennem enhedens levetid. De h\u00e5ndterer hyppig brug med lethed, s\u00e5 du aldrig skal g\u00e5 p\u00e5 kompromis med smag eller dampkvalitet. \ud83d\udcaa<\/div>\n<h2 class=\"heading-2 ace-line old-record-id-HQddfRbUodlEC8cSIrfcoD6Pnxe\">40000 Puffs &amp; 35ml E-V\u00e6ske: Uafbrudt Nydelse<\/h2>\n<div class=\"ace-line ace-line old-record-id-HDu2f0yh5dFC96cB4PscJEXSnyb\">Med 40000 puff og 35ml e-v\u00e6ske er denne enhed lavet til at holde i uger, selv med daglig dampning. Det 750mAh 751752 batteri giver stabil str\u00f8m for at matche denne langtidsholdbarhed, s\u00e5 du ikke beh\u00f8ver at udskifte enheden konstant. \u23f3<\/div>\n<h3 class=\"heading-3 ace-line old-record-id-HUJEf5iNZdubIBchykecMdj7nVd\">Afbalanceret Str\u00f8m &amp; E-V\u00e6ske for Non-Stop Dampning<\/h3>\n<div class=\"ace-line ace-line old-record-id-YjG1fLO6rdW1KHcqZzfctkdunkf\">Batteriet og e-v\u00e6sken arbejder i harmoni, hvilket sikrer, at du aldrig l\u00f8ber t\u00f8r for juice, f\u00f8r batteriet d\u00f8r. Denne balance betyder, at du kan fokusere p\u00e5 at nyde dine yndlingssmagsvarianter uden at bekymre dig om hyppige afbrydelser. \u26a1<\/div>\n<h2 class=\"heading-2 ace-line old-record-id-ZwGhfBKWDdRr08c9nSAcMIdHndh\">24 Forskellige Smagsvarianter: Noget for Hver Trang \ud83c\udf53\u2744\ufe0f\ud83e\udd64<\/h2>\n<div class=\"ace-line ace-line old-record-id-VefIfwUsZdeYgCcfC8aclEXFn5d\">ATVS 40000 Puffs har 24 distinkte smagsvarianter, der d\u00e6kker iskolde forfriskninger, s\u00f8de frugter, syrlige b\u00e6r og sjove, legende smagsoplevelser. Hver smag er omhyggeligt blandet for at smage autentisk, uden kunstig eftersmag\u2014perfekt til at skifte tingene op eller holde sig til din favorit. \ud83c\udf49\ud83c\udf47<\/div>\n<h3 class=\"heading-3 ace-line old-record-id-JOLnfMRnEd36PNcjQcXcbTwcnIf\">Smagsvarianter til Hver Hum\u00f8r &amp; \u00d8jeblik<\/h3>\n<div class=\"ace-line ace-line old-record-id-U95afXWmedOgEJcRRUmcBCchnUh\">1.Vandmelon Is<br \/>\n2.Druemost Is<br \/>\n3.Bl\u00e5b\u00e6r Kirseb\u00e6r Traneb\u00e6r<br \/>\n4.Gummy Bear<br \/>\n5.Jordb\u00e6r Is<br \/>\n6.Lychee Is<br \/>\n7.Ananas Is<br \/>\n8.Bl\u00e5b\u00e6r Is<br \/>\n9.Guava Is<br \/>\n10.Bl\u00e5 Razz Kirseb\u00e6r<br \/>\n11.Mr Blue<br \/>\n12.Jordb\u00e6r Vandmelon<br \/>\n13.Cola Is<br \/>\n14.Triple Mango<br \/>\n15.Fizzy Kirseb\u00e6r Bublegummi<br \/>\n16.Taro Is<br \/>\n17.Cantaloupe Is<br \/>\n18.Fersken Is<br \/>\n19.Banan Appelsin Is<br \/>\n20.Fizzy Vimto<br \/>\n21.\u00c6ble Is<br \/>\n22.Banan Is<br \/>\n23.Kirseb\u00e6r Is<br \/>\n24.Citron Lime<\/div>\n<h4 class=\"heading-4 ace-line old-record-id-RkLSfvuGGdWQCGcwGDacdlu2nag\">Uendelig Variation for at Holde Dampning Sjov<\/h4>\n<div class=\"ace-line ace-line old-record-id-VpftfIDhwdPOWxcqNglcZiSJn7f\">Med 24 muligheder vil du aldrig kede dig. Skift mellem iskolde, frugtagtige eller legende smagsvarianter for at matche dit hum\u00f8r\u2014uanset om du l\u00e6nges efter et forfriskende koldt hit, en s\u00f8d godbid eller noget dristigt og uventet. \ud83c\udfa8<br \/>\n<img decoding=\"async\" class=\"alignnone wp-image-7353 size-full\" title=\"ATVS 40k Smagsliste\" src=\"https:\/\/oiovape.com\/wp-content\/uploads\/2026\/03\/ATVS-40k-Flavors-List.jpg\" alt=\"ATVS 40k Smagsliste\" width=\"1539\" height=\"815\" srcset=\"https:\/\/oiovape.com\/wp-content\/uploads\/2026\/03\/ATVS-40k-Flavors-List.jpg 1539w, https:\/\/oiovape.com\/wp-content\/uploads\/2026\/03\/ATVS-40k-Flavors-List-300x159.jpg 300w, https:\/\/oiovape.com\/wp-content\/uploads\/2026\/03\/ATVS-40k-Flavors-List-1024x542.jpg 1024w, https:\/\/oiovape.com\/wp-content\/uploads\/2026\/03\/ATVS-40k-Flavors-List-768x407.jpg 768w, https:\/\/oiovape.com\/wp-content\/uploads\/2026\/03\/ATVS-40k-Flavors-List-1536x813.jpg 1536w, https:\/\/oiovape.com\/wp-content\/uploads\/2026\/03\/ATVS-40k-Flavors-List-18x10.jpg 18w, https:\/\/oiovape.com\/wp-content\/uploads\/2026\/03\/ATVS-40k-Flavors-List-1200x635.jpg 1200w, https:\/\/oiovape.com\/wp-content\/uploads\/2026\/03\/ATVS-40k-Flavors-List-150x79.jpg 150w\" sizes=\"(max-width: 1539px) 100vw, 1539px\" \/><\/p>\n<\/div>\n<h2 class=\"heading-2 ace-line old-record-id-FzIefqsukdEZQQc6jJDcAgWlnFc\">Kompakt Design &amp; Praktisk Emballage \ud83d\udce6<\/h2>\n<div class=\"ace-line ace-line old-record-id-L7bbf0wDTdn9fHcbZlQcimkDn6f\">Enheden har et slankt, b\u00e6rbart design, der er let at b\u00e6re. Den m\u00e5ler 31*58*115mm\u2014lille nok til at glide ind i din lomme, taske eller h\u00e5nd uden at tilf\u00f8je bulk, hvilket g\u00f8r den perfekt til brug p\u00e5 farten. \ud83d\udcf1<\/div>\n<h3 class=\"heading-3 ace-line old-record-id-PMakf77NadUPT1cF85ucpeUtnNc\">Emballage, der er Praktisk for Alle<\/h3>\n<div class=\"ace-line ace-line old-record-id-LK0effkgxdWDyvceBdwcYmq8nNp\">Hver enkelt enhed kommer i en kompakt indpakning, mens en kasse indeholder 10 stykker. Den ydre pakke m\u00e5ler 119*160,5*118,5mm og vejer 1050g i alt\u2014nem at opbevare derhjemme eller b\u00e6re i bulk, hvad enten det er til personlig brug eller videresalg. \ud83d\udce6<\/div>\n<\/div>\n<\/div>\n<\/div>\n<\/div>\n<\/div>\n<\/div>\n<\/div>\n<\/div>\n<\/div>\n<\/div>\n<\/div>\n<\/div>\n<\/div>\n<\/div>\n<\/div>\n<\/div>\n<\/div>\n<\/div>\n<\/div>\n<\/div>\n<\/div>\n<\/div>\n<\/div>\n<\/div>\n<\/div>\n<\/div>\n<\/div>\n<\/div>\n<\/div>\n<\/div>\n<\/div>\n<\/div>\n<\/div>\n<\/div>\n<\/div>\n<\/div>\n<\/div>\n<\/div>\n<\/div>\n<\/div>\n<\/div>\n<\/div>\n<\/div>\n<\/div>\n<\/div>\n<\/div>\n<\/div>\n<\/div>\n<\/div>\n<\/div>\n<\/div>\n<\/div>\n<\/div>\n<\/div>\n<\/div>\n<\/div>\n<\/div>\n<\/div>\n<\/div>\n<\/div>\n<\/div>\n<\/div>\n<\/div>\n<\/div>\n<\/div>\n<\/div>\n<\/div>\n<\/div>\n<\/div>\n<\/div>\n<\/div>\n<\/div>\n<\/div>\n<\/div>\n<\/div>\n<\/div>\n<\/div>\n<\/div>\n<\/div>\n<\/div>\n<\/div>\n<\/div>\n<\/div>\n<\/div>\n<\/div>\n<\/div>\n<\/div>\n<\/div>\n<\/div>\n<\/div>\n<\/div>\n<\/div>\n<\/div>\n<\/div>\n<\/div>\n<\/div>\n<\/div>","protected":false},"excerpt":{"rendered":"<div data-page-id=\"RAopf2sw9dtvw4cWYXpcTwo0n8g\" data-lark-html-role=\"root\" data-docx-has-block-data=\"false\">\n<div class=\"ace-line ace-line old-record-id-Uju9f3RXYd8dh2crAJbcBF3Un6M\">\n<div data-page-id=\"Dd8gfe2wRdT66jcgnqtcUwg5ndh\" data-lark-html-role=\"root\" data-docx-has-block-data=\"false\">\n<div class=\"ace-line ace-line old-record-id-FiRZf3qXpdK0RqcHt8wcxPTon8b\">ATVS 40000 Puffs er en langtidsholdbar engangs vape med 40000 puff, 35ml e-v\u00e6ske og dual mesh coils. Den har et 750mAh 751752 batteri, 0.4\/0.8\u03a9 modstand, 24 smagsvarianter, en 31<em>58<\/em>115mm kompakt st\u00f8rrelse og 10-stykker kasser, der vejer 1050g.<\/div>\n<\/div>\n<\/div>\n<\/div>","protected":false},"featured_media":7363,"comment_status":"open","ping_status":"closed","template":"","meta":{"_acf_changed":false,"inline_featured_image":false,"_sitemap_exclude":false,"_sitemap_priority":"","_sitemap_frequency":""},"product_brand":[375],"product_cat":[374,239,244],"product_tag":[],"class_list":{"0":"post-7350","1":"product","2":"type-product","3":"status-publish","4":"has-post-thumbnail","6":"product_brand-atvs","7":"product_cat-atvs","8":"product_cat-disposable-vape-collection","9":"product_cat-40k-puff","11":"first","12":"instock","13":"sale","14":"shipping-taxable","15":"purchasable","16":"product-type-variable","17":"has-default-attributes"},"acf":[],"tiered_pricing_type":"fixed","tiered_pricing_fixed_rules":{"30":9.28,"60":8.5,"100":7.88,"200":7.27},"tiered_pricing_product_settings":{"layout":"default","base_unit_name":{"singular":null,"plural":null},"default_variation":null},"tiered_pricing_minimum_quantity":10,"tiered_pricing_roles_data":[],"tiered_pricing_percentage_rules":[],"tiered_pricing_maximum_quantity":null,"tiered_pricing_quantity_step":"10","_links":{"self":[{"href":"https:\/\/oiovape.com\/da\/wp-json\/wp\/v2\/product\/7350","targetHints":{"allow":["GET"]}}],"collection":[{"href":"https:\/\/oiovape.com\/da\/wp-json\/wp\/v2\/product"}],"about":[{"href":"https:\/\/oiovape.com\/da\/wp-json\/wp\/v2\/types\/product"}],"replies":[{"embeddable":true,"href":"https:\/\/oiovape.com\/da\/wp-json\/wp\/v2\/comments?post=7350"}],"version-history":[{"count":0,"href":"https:\/\/oiovape.com\/da\/wp-json\/wp\/v2\/product\/7350\/revisions"}],"wp:featuredmedia":[{"embeddable":true,"href":"https:\/\/oiovape.com\/da\/wp-json\/wp\/v2\/media\/7363"}],"wp:attachment":[{"href":"https:\/\/oiovape.com\/da\/wp-json\/wp\/v2\/media?parent=7350"}],"wp:term":[{"taxonomy":"product_brand","embeddable":true,"href":"https:\/\/oiovape.com\/da\/wp-json\/wp\/v2\/product_brand?post=7350"},{"taxonomy":"product_cat","embeddable":true,"href":"https:\/\/oiovape.com\/da\/wp-json\/wp\/v2\/product_cat?post=7350"},{"taxonomy":"product_tag","embeddable":true,"href":"https:\/\/oiovape.com\/da\/wp-json\/wp\/v2\/product_tag?post=7350"}],"curies":[{"name":"wp","href":"https:\/\/api.w.org\/{rel}","templated":true}]}}