{"id":7365,"date":"2026-03-03T10:55:52","date_gmt":"2026-03-03T02:55:52","guid":{"rendered":"https:\/\/oiovape.com\/?post_type=product&#038;p=7365"},"modified":"2026-03-03T11:19:14","modified_gmt":"2026-03-03T03:19:14","slug":"atvs-45000-puffs","status":"publish","type":"product","link":"https:\/\/oiovape.com\/da\/product\/atvs-45000-puffs\/","title":{"rendered":"ATVS 45000 PUFFS Dual Mesh Coil Smart Screen Engangs Vape"},"content":{"rendered":"<div data-page-id=\"ZVeMfq8uxd7y1ycuKm5cym4LnYd\" data-lark-html-role=\"root\" data-docx-has-block-data=\"false\">\n<div data-page-id=\"Fd41fZ5N9dzRQtcRNoVc2FuDnCh\" data-lark-html-role=\"root\" data-docx-has-block-data=\"true\">\n<div data-page-id=\"BdIJfeeijdk1eucGpS8cDCBBn5c\" data-lark-html-role=\"root\" data-docx-has-block-data=\"false\">\n<div data-page-id=\"Zbg9fWx77dUuh2cIYpic25c8nyd\" data-lark-html-role=\"root\" data-docx-has-block-data=\"false\">\n<div data-page-id=\"KaIvfiurhdlCKdc0kyxcX64cnE6\" data-lark-html-role=\"root\" data-docx-has-block-data=\"true\">\n<div data-page-id=\"PbvFfqxqlddUTScRpEYcY5MHnpf\" data-lark-html-role=\"root\" data-docx-has-block-data=\"true\">\n<div data-page-id=\"GZO2f5JeudwY4jc9iJtcdk9Hnxh\" data-lark-html-role=\"root\" data-docx-has-block-data=\"false\">\n<div data-page-id=\"EZVRf2acFduXLGcseZFc4qH2n6e\" data-lark-html-role=\"root\" data-docx-has-block-data=\"false\">\n<div data-page-id=\"B8rHfcqlqdzmH5cCWCncz17Cntb\" data-lark-html-role=\"root\" data-docx-has-block-data=\"false\">\n<div data-page-id=\"B8rHfcqlqdzmH5cCWCncz17Cntb\" data-lark-html-role=\"root\" data-docx-has-block-data=\"false\">\n<div data-page-id=\"B8rHfcqlqdzmH5cCWCncz17Cntb\" data-lark-html-role=\"root\" data-docx-has-block-data=\"true\">\n<div data-page-id=\"HM70f1aoxdD0bMcxJZBcVc7ynZd\" data-lark-html-role=\"root\" data-docx-has-block-data=\"false\">\n<div data-page-id=\"NSrJfN7Ord22i0c1iwZcsF8yn8b\" data-lark-html-role=\"root\" data-docx-has-block-data=\"false\">\n<div data-page-id=\"RXEff4Mskds8o1cqL5HcGEtUnCh\" data-lark-html-role=\"root\" data-docx-has-block-data=\"false\">\n<div data-page-id=\"KJ7gfqkVndMSRJcMseScmvYwnTc\" data-lark-html-role=\"root\" data-docx-has-block-data=\"false\">\n<div class=\"ace-line ace-line old-record-id-QADAfETPudgmudc05YvcTO5fnxe\">\n<div data-page-id=\"KJ7gfqkVndMSRJcMseScmvYwnTc\" data-lark-html-role=\"root\" data-docx-has-block-data=\"false\">\n<div class=\"ace-line ace-line old-record-id-JoRkfpho8dOkiacEOascDyCOncb\">\n<div data-page-id=\"KJ7gfqkVndMSRJcMseScmvYwnTc\" data-lark-html-role=\"root\" data-docx-has-block-data=\"false\">\n<div data-page-id=\"Ju6ofQ3V4dGmePcVvJvc1gmcnZb\" data-lark-html-role=\"root\" data-docx-has-block-data=\"true\">\n<div data-page-id=\"PR9ife5PLdFabccbFgZcWgZOnTc\" data-lark-html-role=\"root\" data-docx-has-block-data=\"false\">\n<div data-page-id=\"INdrfOIGzdaenXcptrcc1BcznQc\" data-lark-html-role=\"root\" data-docx-has-block-data=\"false\">\n<div class=\"ace-line ace-line old-record-id-P0fIf4YaZdoGkbcxt5ackec2nnb\">\n<div data-page-id=\"INdrfOIGzdaenXcptrcc1BcznQc\" data-lark-html-role=\"root\" data-docx-has-block-data=\"false\">\n<div data-page-id=\"MAzCfUB73dMTQscm8eWcougVn1g\" data-lark-html-role=\"root\" data-docx-has-block-data=\"true\">\n<div data-page-id=\"AXfpf7H1odhDvGcKoUOcErN8nV7\" data-lark-html-role=\"root\" data-docx-has-block-data=\"false\">\n<div data-page-id=\"QYTKf5PvLdUNdbce2nBcW9yfnrh\" data-lark-html-role=\"root\" data-docx-has-block-data=\"false\">\n<div data-page-id=\"Pvu1f1CCBdxbjncA9pgcBTpanph\" data-lark-html-role=\"root\" data-docx-has-block-data=\"true\">\n<div data-page-id=\"Axf3fcmY8dDAhtcjVircBcphnPc\" data-lark-html-role=\"root\" data-docx-has-block-data=\"false\">\n<div data-page-id=\"KKj1f9SPmdLhhMc5E2AcNlLen6f\" data-lark-html-role=\"root\" data-docx-has-block-data=\"true\">\n<div data-page-id=\"Rx61fK1sJdXHjPcBuhZcweNhnwc\" data-lark-html-role=\"root\" data-docx-has-block-data=\"false\">\n<div data-page-id=\"L1H9fkG9Mdz45Fcy4WMc5VKXnRe\" data-lark-html-role=\"root\" data-docx-has-block-data=\"false\">\n<div data-page-id=\"L1H9fkG9Mdz45Fcy4WMc5VKXnRe\" data-lark-html-role=\"root\" data-docx-has-block-data=\"false\">\n<div data-page-id=\"D4XLfVBVrdE8mrcaYizczklLnaf\" data-lark-html-role=\"root\" data-docx-has-block-data=\"false\">\n<div data-page-id=\"WVcifIY44d5mhMcXtyEcTsfenGd\" data-lark-html-role=\"root\" data-docx-has-block-data=\"true\">\n<div data-page-id=\"LRknfa6Whd4DWCcUc0FcNKpJnyh\" data-lark-html-role=\"root\" data-docx-has-block-data=\"false\">\n<div data-page-id=\"LRknfa6Whd4DWCcUc0FcNKpJnyh\" data-lark-html-role=\"root\" data-docx-has-block-data=\"false\">\n<div data-page-id=\"XFRAfkcOEdRWh8cArQ2cJdyRnJf\" data-lark-html-role=\"root\" data-docx-has-block-data=\"true\">\n<div data-page-id=\"OQ3bfjnRddMTDGcC3ouc6xFKnWf\" data-lark-html-role=\"root\" data-docx-has-block-data=\"true\">\n<div data-page-id=\"J0iGfj1hEdjc4rcUdSmc4spMnmZ\" data-lark-html-role=\"root\" data-docx-has-block-data=\"false\">\n<div data-page-id=\"P1o7fFyNlduP8tcfZpQcagzbnIf\" data-lark-html-role=\"root\" data-docx-has-block-data=\"false\">\n<div class=\"ace-line ace-line old-record-id-P1o7fFyNlduP8tcfZpQcagzbnIf\">\n<div data-page-id=\"P1o7fFyNlduP8tcfZpQcagzbnIf\" data-lark-html-role=\"root\" data-docx-has-block-data=\"false\">\n<div data-page-id=\"U4iufW38SdttWKcTstMcTtHRnXc\" data-lark-html-role=\"root\" data-docx-has-block-data=\"true\">\n<div data-page-id=\"ONVMf7VTWddcFtcyATOchCJHnZb\" data-lark-html-role=\"root\" data-docx-has-block-data=\"true\">\n<div data-page-id=\"KoW2fSy0PdLHFlc5kSHcgvWMnYg\" data-lark-html-role=\"root\" data-docx-has-block-data=\"false\">\n<div data-page-id=\"KoW2fSy0PdLHFlc5kSHcgvWMnYg\" data-lark-html-role=\"root\" data-docx-has-block-data=\"false\">\n<div data-page-id=\"OLGhfzxC7d7EFIcLEj9cRT5ynZf\" data-lark-html-role=\"root\" data-docx-has-block-data=\"false\">\n<div data-page-id=\"DdnnfrLjzdqrFIc9Il9c7pA2noc\" data-lark-html-role=\"root\" data-docx-has-block-data=\"true\">\n<div data-page-id=\"KNzcf2o0oddkJOcztTVcqPdlnth\" data-lark-html-role=\"root\" data-docx-has-block-data=\"false\">\n<div data-page-id=\"LBU7fg5SEdkWhecGJoxca3xvnCe\" data-lark-html-role=\"root\" data-docx-has-block-data=\"false\">\n<div data-page-id=\"EB70fooS3d69bMcgWB7c5qb9n8g\" data-lark-html-role=\"root\" data-docx-has-block-data=\"false\">\n<div data-page-id=\"AogwfsZCadB6t0cAvF0cK4JLnvf\" data-lark-html-role=\"root\" data-docx-has-block-data=\"false\">\n<div data-page-id=\"AogwfsZCadB6t0cAvF0cK4JLnvf\" data-lark-html-role=\"root\" data-docx-has-block-data=\"false\">\n<div data-page-id=\"JMZIflNGddQuU0c5JZocSqlvnle\" data-lark-html-role=\"root\" data-docx-has-block-data=\"false\">\n<div data-page-id=\"JMZIflNGddQuU0c5JZocSqlvnle\" data-lark-html-role=\"root\" data-docx-has-block-data=\"true\">\n<div data-page-id=\"HtEafjjRIdPAlMc9zgYcsGy6nOe\" data-lark-html-role=\"root\" data-docx-has-block-data=\"false\">\n<div data-page-id=\"Rhnafz0WTdDeT9c43xxczsbVnJo\" data-lark-html-role=\"root\" data-docx-has-block-data=\"false\">\n<div data-page-id=\"WY0CfKdcTdf4hVcZl67ct5LGncf\" data-lark-html-role=\"root\" data-docx-has-block-data=\"true\">\n<div data-page-id=\"MkB5fF4AVdchovcoPEpc7LqvnOd\" data-lark-html-role=\"root\" data-docx-has-block-data=\"true\">\n<div data-page-id=\"MfbjfZhbhdJdA8cH1dAckqF0n6g\" data-lark-html-role=\"root\" data-docx-has-block-data=\"false\">\n<div class=\"ace-line ace-line old-record-id-W2AHfJLnjd7ugjcRLs1c8BdhnNh\">\n<div data-page-id=\"MfbjfZhbhdJdA8cH1dAckqF0n6g\" data-lark-html-role=\"root\" data-docx-has-block-data=\"false\">\n<div class=\"old-record-id-XXd1feeCZdR2hJc6evocxnh1nOg\">\n<div data-page-id=\"MfbjfZhbhdJdA8cH1dAckqF0n6g\" data-lark-html-role=\"root\" data-docx-has-block-data=\"false\">\n<div data-page-id=\"DE51fYUmxdT3ekcHzc3cGrVQnsc\" data-lark-html-role=\"root\" data-docx-has-block-data=\"false\">\n<div data-page-id=\"YSKdfaZ08dRej3ci5CccQBuOncc\" data-lark-html-role=\"root\" data-docx-has-block-data=\"true\">\n<div data-page-id=\"K6mofQmledamEFcgp1EcVobmnYd\" data-lark-html-role=\"root\" data-docx-has-block-data=\"false\">\n<div data-page-id=\"VTgsfVLdCd9q1ucYcwRcCM0Hnof\" data-lark-html-role=\"root\" data-docx-has-block-data=\"true\">\n<div data-page-id=\"WucKfzp8RdNy8rcMJHncz4Knnac\" data-lark-html-role=\"root\" data-docx-has-block-data=\"true\">\n<div data-page-id=\"IfZ9fDIBLd9b9hcJiqGcLw9Pnmh\" data-lark-html-role=\"root\" data-docx-has-block-data=\"false\">\n<div data-page-id=\"JeU6f3Yq5dbdEHcZDptc5ikcn5c\" data-lark-html-role=\"root\" data-docx-has-block-data=\"true\">\n<div data-page-id=\"E1YjfnB4Jdmtsfc2ZObcu04Un6c\" data-lark-html-role=\"root\" data-docx-has-block-data=\"false\">\n<div data-page-id=\"RQVEfdiOzdqTQKcRcnxcG0Y7nce\" data-lark-html-role=\"root\" data-docx-has-block-data=\"true\">\n<div data-page-id=\"NKc7fbZi9dnOXocdHcScVsXdnmh\" data-lark-html-role=\"root\" data-docx-has-block-data=\"false\">\n<div data-page-id=\"DaE3fgNEwdnbQVc62iqcBK4lnte\" data-lark-html-role=\"root\" data-docx-has-block-data=\"false\">\n<div data-page-id=\"DaE3fgNEwdnbQVc62iqcBK4lnte\" data-lark-html-role=\"root\" data-docx-has-block-data=\"false\">\n<div data-page-id=\"NqSRfcp5SdFQ6ucdStXcbvManpc\" data-lark-html-role=\"root\" data-docx-has-block-data=\"false\">\n<div data-page-id=\"KydBfoEuudJNYhcgRdAc3aeUn7c\" data-lark-html-role=\"root\" data-docx-has-block-data=\"true\">\n<div data-page-id=\"SIqXfR5ipd7jWpczA5RcYkWInfd\" data-lark-html-role=\"root\" data-docx-has-block-data=\"false\">\n<div data-page-id=\"Y06XfUzydd0aVicBtPKcZlS8nJf\" data-lark-html-role=\"root\" data-docx-has-block-data=\"true\">\n<div data-page-id=\"E2ZvfNrVNdEHKickexPcvdXVnrc\" data-lark-html-role=\"root\" data-docx-has-block-data=\"false\">\n<div data-page-id=\"DqGzfq5S4d9GdAcOQVIcIdPhn2c\" data-lark-html-role=\"root\" data-docx-has-block-data=\"false\">\n<div data-page-id=\"HsKcfE4WLdET7ScRm72cTZ96nPb\" data-lark-html-role=\"root\" data-docx-has-block-data=\"false\">\n<div data-page-id=\"MvWFfuF4Edx69KcRSmmcvS2LndG\" data-lark-html-role=\"root\" data-docx-has-block-data=\"true\">\n<div data-page-id=\"BSNMfUsMXd3XFscNxbDcufC2nEg\" data-lark-html-role=\"root\" data-docx-has-block-data=\"false\">\n<div data-page-id=\"Rr0Mfry1adQB66cMkYGcCmoWnKe\" data-lark-html-role=\"root\" data-docx-has-block-data=\"true\">\n<div data-page-id=\"A7fMfxJhydfxJUc6VX9cVvDKnpd\" data-lark-html-role=\"root\" data-docx-has-block-data=\"false\">\n<div data-page-id=\"A7fMfxJhydfxJUc6VX9cVvDKnpd\" data-lark-html-role=\"root\" data-docx-has-block-data=\"false\">\n<div data-page-id=\"WbzgfFBuTduiBjc6rORciNrNnlf\" data-lark-html-role=\"root\" data-docx-has-block-data=\"false\">\n<div data-page-id=\"R0Rzf8rQUdoB9hcxkiqc9kKHnk2\" data-lark-html-role=\"root\" data-docx-has-block-data=\"true\">\n<div data-page-id=\"ZwXFfRomCdt9G4cs33scepfHnoe\" data-lark-html-role=\"root\" data-docx-has-block-data=\"false\">\n<div data-page-id=\"UFFTffnWTdbuv3coRhBc3zxBnMf\" data-lark-html-role=\"root\" data-docx-has-block-data=\"true\">\n<div data-page-id=\"FV0FfDT4ZdfJZoc4SMccT5Rjndf\" data-lark-html-role=\"root\" data-docx-has-block-data=\"false\">\n<div data-page-id=\"QfqMfQ3H3dBjAycBmxFct9R0nOd\" data-lark-html-role=\"root\" data-docx-has-block-data=\"false\">\n<div data-page-id=\"DXwcf38JSdYoRnczvWycOLbJnKg\" data-lark-html-role=\"root\" data-docx-has-block-data=\"false\">\n<div data-page-id=\"ERF5fOYoJdJoKBcJe3dczeiRnhb\" data-lark-html-role=\"root\" data-docx-has-block-data=\"false\">\n<div data-page-id=\"Xz9kf6dXYdrSpeczDiscWevtn5g\" data-lark-html-role=\"root\" data-docx-has-block-data=\"false\">\n<h2 class=\"heading-2 ace-line old-record-id-ZPzrfvoGvdmM3HcOng3cEyqrnXf\">Hvorfor v\u00e6lge ATVS 45000 Puffs? \ud83e\udd29<\/h2>\n<div class=\"ace-line ace-line old-record-id-RD9yfKD4Udz1u8cUU2IcSpOUnbe\">Den skiller sig ud for sin exceptionelle 45000-puff levetid, 10 premium smagsvarianter og p\u00e5lidelige dual mesh coils. Den er designet til dampere, der \u00f8nsker en enkel, langtidsholdbar enhed, der ikke g\u00e5r p\u00e5 kompromis med smag eller ydeevne. \ud83c\udfaf<\/div>\n<div class=\"ace-line ace-line old-record-id-XdGqfMijEd72H2cjoi6ci6u6nby\">Dens kompakte st\u00f8rrelse, justerbare modstand og praktiske emballage g\u00f8r den alsidig til enhver livsstil. Uanset om du er en afslappet damper eller en, der damper regelm\u00e6ssigt, leverer ATVS 45000 Puffs en konsekvent, tilfredsstillende oplevelse, der er sv\u00e6r at sl\u00e5. \ud83d\udcaf<\/p>\n<div data-page-id=\"Xz9kf6dXYdrSpeczDiscWevtn5g\" data-lark-html-role=\"root\" data-docx-has-block-data=\"true\">\n<h2 class=\"heading-2 ace-line old-record-id-GNvzfppumdNJ1acB3Omcpibqnih\">10 Udvalgte Smagsvarianter: Modige &amp; Afbalancerede Smage til Hver Hum\u00f8r \ud83c\udf53\u2744\ufe0f\ud83c\udf6c<\/h2>\n<div class=\"ace-line ace-line old-record-id-D8ILfN9SLdUbyyccyl1cPgwsnyh\">ATVS 45000 Puffs tilbyder 10 distinkte, premium smagsvarianter\u2014hver blandet for at levere en naturlig, tilfredsstillende smag uden kunstig eftersmag. Fra isende forfriskning til s\u00f8de, legende noter d\u00e6kker sortimentet en r\u00e6kke pr\u00e6ferencer, hvilket g\u00f8r det nemt at finde din nye favorit. \ud83e\uddca<\/div>\n<h3 class=\"heading-3 ace-line old-record-id-D6z4fvagJdlv9LcYMYkccSOxnne\">Smagsudvalg: En Smag til Hver Trang<\/h3>\n<div class=\"ace-line ace-line old-record-id-WdG8f4h01dhcMUcnwjxcUH7vnmg\">Hver smag er designet til at skille sig ud, med afbalancerede noter, der f\u00f8les autentiske og behagelige. Uanset om du l\u00e6nges efter noget isende, frugtagtigt eller sjovt, har det omhyggeligt udvalgte sortiment dig d\u00e6kket. Se de fulde smagsdetaljer nedenfor:<\/div>\n<div>\n<table class=\"ace-table\" data-ace-table-col-widths=\"200;200;200\">\n<colgroup>\n<col width=\"200\" \/>\n<col width=\"200\" \/>\n<col width=\"200\" \/><\/colgroup>\n<thead>\n<tr>\n<th colspan=\"1\" rowspan=\"1\">\n<div class=\"ace-line ace-line old-record-id-JJyYf0H0DdRoCNc2XQscIY8PnPg\">Nr.<\/div>\n<\/th>\n<th colspan=\"1\" rowspan=\"1\">\n<div class=\"ace-line ace-line old-record-id-QaK3fCUPmdw85FcFSupcB5K3nAb\">Smag<\/div>\n<\/th>\n<th colspan=\"1\" rowspan=\"1\">\n<div class=\"ace-line ace-line old-record-id-Gsj4futsTdvAnzcslAqce0ElnEh\">Smagsprofil<\/div>\n<\/th>\n<\/tr>\n<\/thead>\n<tbody>\n<tr>\n<td colspan=\"1\" rowspan=\"1\">\n<div class=\"ace-line ace-line old-record-id-TuYrfAq9pdvY6zcc95LcXSHnnmf\">1<\/div>\n<\/td>\n<td colspan=\"1\" rowspan=\"1\">\n<div class=\"ace-line ace-line old-record-id-P1VHfLGDDdtmD3cgm6qc5IEknPf\">Bl\u00e5 Razz Kirseb\u00e6r<\/div>\n<\/td>\n<td colspan=\"1\" rowspan=\"1\">\n<div class=\"ace-line ace-line old-record-id-ILK2fegv0dko5Qc9TZmcOZ5ZnDO\">Syrlig bl\u00e5 hindb\u00e6r blandet med s\u00f8d kirseb\u00e6r<\/div>\n<\/td>\n<\/tr>\n<tr>\n<td colspan=\"1\" rowspan=\"1\">\n<div class=\"ace-line ace-line old-record-id-BmOYfprn4duxTuc6HF9clWB0nVf\">2<\/div>\n<\/td>\n<td colspan=\"1\" rowspan=\"1\">\n<div class=\"ace-line ace-line old-record-id-ZVlKf7jWUdHlmfchZ5kc6Dznndd\">Mr Blue<\/div>\n<\/td>\n<td colspan=\"1\" rowspan=\"1\">\n<div class=\"ace-line ace-line old-record-id-HYY8fH4vtdjoCfcI1zMc9oTHnKC\">Forfriskende bl\u00e5b\u00e6r-inspireret k\u00f8lighed med en glat finish<\/div>\n<\/td>\n<\/tr>\n<tr>\n<td colspan=\"1\" rowspan=\"1\">\n<div class=\"ace-line ace-line old-record-id-XnsCfvoOyd3it2ctGKkcmchMnLb\">3<\/div>\n<\/td>\n<td colspan=\"1\" rowspan=\"1\">\n<div class=\"ace-line ace-line old-record-id-S88mfGiNpdlGUHcWx0KcI34hn5L\">Bl\u00e5b\u00e6r Kirseb\u00e6r Traneb\u00e6r<\/div>\n<\/td>\n<td colspan=\"1\" rowspan=\"1\">\n<div class=\"ace-line ace-line old-record-id-KHjnfEBVGd0iSHc33PqcLGEKnJh\">Rig bl\u00e5b\u00e6r, s\u00f8d kirseb\u00e6r og syrlig traneb\u00e6r blanding<\/div>\n<\/td>\n<\/tr>\n<tr>\n<td colspan=\"1\" rowspan=\"1\">\n<div class=\"ace-line ace-line old-record-id-WOWdfxqYrdjOzlcdMBFcgFqynpc\">4<\/div>\n<\/td>\n<td colspan=\"1\" rowspan=\"1\">\n<div class=\"ace-line ace-line old-record-id-JJPAfaVPGdJbmucHlfvcI5Tan4g\">Fizzy Vimtc<\/div>\n<\/td>\n<td colspan=\"1\" rowspan=\"1\">\n<div class=\"ace-line ace-line old-record-id-HT6dfH8RedHJLOcDTgxcP5N1n0f\">Sprudlende, frugtagtig vimto smag med et spr\u00f8dt, forfriskende kick<\/div>\n<\/td>\n<\/tr>\n<tr>\n<td colspan=\"1\" rowspan=\"1\">\n<div class=\"ace-line ace-line old-record-id-HnWSfkRM1dAFIEc1zLIcw2VynUl\">5<\/div>\n<\/td>\n<td colspan=\"1\" rowspan=\"1\">\n<div class=\"ace-line ace-line old-record-id-WZt8f02XFd93yscon75c3J6Sneb\">Cherry Ice<\/div>\n<\/td>\n<td colspan=\"1\" rowspan=\"1\">\n<div class=\"ace-line ace-line old-record-id-I2EKfuIAQdrD8Oc2dkocZ7Qpn1b\">S\u00f8d kirseb\u00e6r parret med isende k\u00f8lighed for et forfriskende hit<\/div>\n<\/td>\n<\/tr>\n<tr>\n<td colspan=\"1\" rowspan=\"1\">\n<div class=\"ace-line ace-line old-record-id-Eq4MfAPZKdkr24cfljRc0aaDngb\">6<\/div>\n<\/td>\n<td colspan=\"1\" rowspan=\"1\">\n<div class=\"ace-line ace-line old-record-id-ORB4f0PNBdjxZucAOa5crNjbnPe\">Gummy Bear<\/div>\n<\/td>\n<td colspan=\"1\" rowspan=\"1\">\n<div class=\"ace-line ace-line old-record-id-Mj9Gfp16ydmpv9cARWUcIQf6nof\">Sjov, s\u00f8d gummy bear smag med en chewy, nostalgisk smag<\/div>\n<\/td>\n<\/tr>\n<tr>\n<td colspan=\"1\" rowspan=\"1\">\n<div class=\"ace-line ace-line old-record-id-XnqkfiKUKdkQF1cgmJbcxmACnQh\">7<\/div>\n<\/td>\n<td colspan=\"1\" rowspan=\"1\">\n<div class=\"ace-line ace-line old-record-id-U364fl6g5d2ZpFc8hMPcSI9onzd\">Ananasis<\/div>\n<\/td>\n<td colspan=\"1\" rowspan=\"1\">\n<div class=\"ace-line ace-line old-record-id-QaPSfuFJtdC7WWcGJKqcnKppnIh\">Frisk ananas med en k\u00f8lig, isende finish til varme dage<\/div>\n<\/td>\n<\/tr>\n<tr>\n<td colspan=\"1\" rowspan=\"1\">\n<div class=\"ace-line ace-line old-record-id-X1VBfJIK4dVKiucOpGbc0rINnjd\">8<\/div>\n<\/td>\n<td colspan=\"1\" rowspan=\"1\">\n<div class=\"ace-line ace-line old-record-id-QBLNfIl1rdyNclc3K3aclHoZnWf\">Fizzy Kirseb\u00e6r Bublegummi<\/div>\n<\/td>\n<td colspan=\"1\" rowspan=\"1\">\n<div class=\"ace-line ace-line old-record-id-TCGxfrz7SdHA8gclSt5cBLKOnhM\">Sprudlende kirseb\u00e6r parret med s\u00f8de bubblegum noter<\/div>\n<\/td>\n<\/tr>\n<tr>\n<td colspan=\"1\" rowspan=\"1\">\n<div class=\"ace-line ace-line old-record-id-SOLUfUUDPdnbGrc0EtYcn7Z4neg\">9<\/div>\n<\/td>\n<td colspan=\"1\" rowspan=\"1\">\n<div class=\"ace-line ace-line old-record-id-R6DGf5nFSdgRtJctL65cApsynQf\">Banan Is<\/div>\n<\/td>\n<td colspan=\"1\" rowspan=\"1\">\n<div class=\"ace-line ace-line old-record-id-M2NnfPLymdweG6ccmpXc94qSn8d\">Cremet banan blandet med isende k\u00f8lighed for et glat sug<\/div>\n<\/td>\n<\/tr>\n<tr>\n<td colspan=\"1\" rowspan=\"1\">\n<div class=\"ace-line ace-line old-record-id-F2w4f16jDdP72ucrI2vc04nXn9e\">10<\/div>\n<\/td>\n<td colspan=\"1\" rowspan=\"1\">\n<div class=\"ace-line ace-line old-record-id-AiRvfXjAsdEABDc4t1vchpUXnVg\">Triple Mango<\/div>\n<\/td>\n<td colspan=\"1\" rowspan=\"1\">\n<div class=\"ace-line ace-line old-record-id-Z8OJfD9bZdHf0FcINLvcMJsLn4d\">Rig, moden mango smag med lagdelte tropiske noter<\/div>\n<\/td>\n<\/tr>\n<\/tbody>\n<\/table>\n<\/div>\n<h4 class=\"heading-4 ace-line old-record-id-DhkffaiPndsZLPclVU7cGrOtnQf\">Kvalitetssmage, Ingen Kompromiser<\/h4>\n<div class=\"ace-line ace-line old-record-id-SCFxfbiDhdJJqbcV1wYcVHQ1nXf\">Hver smag er testet for at sikre konsistens og autenticitet, uden h\u00e5rde eftersmage eller kunstige undertoner. Uanset om du foretr\u00e6kker modige, frugtagtige hits eller glatte, isende sug, leverer hver smag en tilfredsstillende oplevelse. \ud83c\udf49<\/div>\n<h2 class=\"heading-2 ace-line old-record-id-Do8JfzJCUd8XJ9cPDM8cD7smnGd\">Dual Mesh Coils &amp; Justerbar Modstand: Glat, Konsistent Ydeevne \ud83d\udd27<\/h2>\n<div class=\"ace-line ace-line old-record-id-S4uKfZV5jdS1Iwcf33scD0mDnPc\">I kernen af ATVS 45000 Puffs ligger dual mesh coils, designet til at opvarme e-v\u00e6ske j\u00e6vnt og effektivt. Denne teknologi l\u00e5ser op for den fulde smag af hver blanding, hvilket eliminerer h\u00e5rde hits og br\u00e6ndte noter, s\u00e5 hvert sug f\u00f8les glat og tilfredsstillende. \ud83d\udcaa<\/div>\n<h3 class=\"heading-3 ace-line old-record-id-MCEMfZon8dQ1Dbc6ExRcheVKnte\">To Modstandsniveauer for Personlig Dampning<\/h3>\n<div class=\"ace-line ace-line old-record-id-RXKMfzRA5dFucscnmQjcWrKinXS\">Enheden tilbyder to modstandsmuligheder\u20140.4\u03a9 og 0.8\u03a9\u2014til at matche din unikke dampestil. V\u00e6lg 0.4\u03a9 for tykkere, t\u00e6ttere damp, der leverer et robust hit. V\u00e6lg 0.8\u03a9 for et mildere, glattere sug, der er perfekt til hele dagen brug. \ud83d\udee0\ufe0f<\/div>\n<h4 class=\"heading-4 ace-line old-record-id-WtmZf3ObPdrJxYcXVXmcoGqYnah\">Holdbare Coils for Langsigtet P\u00e5lidelighed<\/h4>\n<div class=\"ace-line ace-line old-record-id-W6OVfjHxidCb52cXh8wcgReAnnf\">De dual mesh coils er bygget til at modst\u00e5 45000-puff levetiden, hvilket minimerer t\u00f8rre hits og sikrer konsekvent ydeevne fra det f\u00f8rste sug til det sidste. De h\u00e5ndterer hyppig brug med lethed, s\u00e5 du aldrig beh\u00f8ver at g\u00e5 p\u00e5 kompromis med smag eller dampkvalitet. \u26a1<\/div>\n<h2 class=\"heading-2 ace-line old-record-id-FfLafH5iOdDgkKcEkexcks1yncz\">45000 Puffs &amp; 35ml E-V\u00e6ske: Uafbrudt Nydelse \u23f3<\/h2>\n<div class=\"ace-line ace-line old-record-id-Cj7Af35W2dpKdxc1RLCcyxIenkt\">Med 45000 puffs og 35ml e-v\u00e6ske er denne enhed lavet til at holde i uger\u2014selv med daglig, hyppig brug. Det 750mAh 751752 batteri leverer stabil str\u00f8m for at matche denne langvarighed, s\u00e5 du ikke beh\u00f8ver at udskifte enheden konstant. \ud83d\udcc8<\/div>\n<h3 class=\"heading-3 ace-line old-record-id-O1mIfRHcodxJ4YciFiAcMXKfnOh\">Afbalanceret Str\u00f8m &amp; E-V\u00e6ske for Non-Stop Dampning<\/h3>\n<div class=\"ace-line ace-line old-record-id-GwBpf2djldWlPociNoXcdArunqj\">Batteriet og e-v\u00e6sken arbejder i perfekt harmoni, hvilket sikrer, at du aldrig l\u00f8ber t\u00f8r for juice, f\u00f8r batteriet d\u00f8r. Denne balance betyder, at du kan fokusere p\u00e5 at nyde dine yndlingssmage uden at bekymre dig om uventede afbrydelser. \ud83d\udeab\u23f8\ufe0f<\/div>\n<h2 class=\"heading-2 ace-line old-record-id-U0IGf863zdD1vkcgYh2cKSHlnib\">Kompakt Design &amp; Praktisk Emballage \ud83d\udce6<\/h2>\n<div class=\"ace-line ace-line old-record-id-GTMVfGElkdIQlPc1pDGcSCF1nEd\">ATVS 45000 Puffs har et slankt, b\u00e6rbart design, der er nemt at have med sig. Den m\u00e5ler 58*31*115,5mm\u2014lille nok til at glide ind i din lomme, taske eller h\u00e5nd uden at tilf\u00f8je bulk, hvilket g\u00f8r den ideel til brug p\u00e5 farten. \ud83d\udcf1<\/div>\n<h3 class=\"heading-3 ace-line old-record-id-CInYfA3Ymdfmp7cHE53c66K1n8M\">Emballage, der er Praktisk for Alle<\/h3>\n<div class=\"ace-line ace-line old-record-id-PFKBf4P1xdWIdlcRpE8c75atnPC\">Hver enkelt enhed kommer i en kompakt indpakning, mens en kasse indeholder 10 stykker. Den ydre pakke m\u00e5ler 119*160,5*118,5mm og vejer 1050g i alt\u2014nem at opbevare derhjemme eller b\u00e6re i bulk, hvad enten det er til personlig brug eller videresalg. \ud83d\udce6<\/div>\n<\/div>\n<\/div>\n<\/div>\n<\/div>\n<\/div>\n<\/div>\n<\/div>\n<\/div>\n<\/div>\n<\/div>\n<\/div>\n<\/div>\n<\/div>\n<\/div>\n<\/div>\n<\/div>\n<\/div>\n<\/div>\n<\/div>\n<\/div>\n<\/div>\n<\/div>\n<\/div>\n<\/div>\n<\/div>\n<\/div>\n<\/div>\n<\/div>\n<\/div>\n<\/div>\n<\/div>\n<\/div>\n<\/div>\n<\/div>\n<\/div>\n<\/div>\n<\/div>\n<\/div>\n<\/div>\n<\/div>\n<\/div>\n<\/div>\n<\/div>\n<\/div>\n<\/div>\n<\/div>\n<\/div>\n<\/div>\n<\/div>\n<\/div>\n<\/div>\n<\/div>\n<\/div>\n<\/div>\n<\/div>\n<\/div>\n<\/div>\n<\/div>\n<\/div>\n<\/div>\n<\/div>\n<\/div>\n<\/div>\n<\/div>\n<\/div>\n<\/div>\n<\/div>\n<\/div>\n<\/div>\n<\/div>\n<\/div>\n<\/div>\n<\/div>\n<\/div>\n<\/div>\n<\/div>\n<\/div>\n<\/div>\n<\/div>\n<\/div>\n<\/div>\n<\/div>\n<\/div>\n<\/div>\n<\/div>\n<\/div>\n<\/div>\n<\/div>\n<\/div>\n<\/div>\n<\/div>\n<\/div>\n<\/div>\n<\/div>\n<\/div>\n<\/div>\n<\/div>\n<\/div>\n<\/div>\n<\/div>","protected":false},"excerpt":{"rendered":"<div data-page-id=\"RAopf2sw9dtvw4cWYXpcTwo0n8g\" data-lark-html-role=\"root\" data-docx-has-block-data=\"false\">\n<div class=\"ace-line ace-line old-record-id-Uju9f3RXYd8dh2crAJbcBF3Un6M\">\n<div data-page-id=\"Dd8gfe2wRdT66jcgnqtcUwg5ndh\" data-lark-html-role=\"root\" data-docx-has-block-data=\"false\">\n<div class=\"ace-line ace-line old-record-id-FiRZf3qXpdK0RqcHt8wcxPTon8b\">ATVS 45000 Puffs er en langtidsholdbar engangs vape med 45000 puffs, 35ml e-v\u00e6ske og dual mesh coils. Den drives af et 750mAh 751752 batteri, tilbyder 0.4\/0.8\u03a9 modstand og 10 premium smagsvarianter, med en st\u00f8rrelse p\u00e5 58<em>31<\/em>115,5mm og 10-stykks pakker, der vejer 1050g.<\/div>\n<\/div>\n<\/div>\n<\/div>","protected":false},"featured_media":7376,"comment_status":"open","ping_status":"closed","template":"","meta":{"_acf_changed":false,"inline_featured_image":false,"_sitemap_exclude":false,"_sitemap_priority":"","_sitemap_frequency":""},"product_brand":[375],"product_cat":[374],"product_tag":[],"class_list":{"0":"post-7365","1":"product","2":"type-product","3":"status-publish","4":"has-post-thumbnail","6":"product_brand-atvs","7":"product_cat-atvs","9":"first","10":"instock","11":"sale","12":"shipping-taxable","13":"purchasable","14":"product-type-variable","15":"has-default-attributes"},"acf":[],"tiered_pricing_type":"fixed","tiered_pricing_fixed_rules":{"30":9,"60":8.49,"100":8.08,"200":7.77},"tiered_pricing_product_settings":{"layout":"default","base_unit_name":{"singular":null,"plural":null},"default_variation":null},"tiered_pricing_minimum_quantity":10,"tiered_pricing_roles_data":[],"tiered_pricing_percentage_rules":[],"tiered_pricing_maximum_quantity":null,"tiered_pricing_quantity_step":"10","_links":{"self":[{"href":"https:\/\/oiovape.com\/da\/wp-json\/wp\/v2\/product\/7365","targetHints":{"allow":["GET"]}}],"collection":[{"href":"https:\/\/oiovape.com\/da\/wp-json\/wp\/v2\/product"}],"about":[{"href":"https:\/\/oiovape.com\/da\/wp-json\/wp\/v2\/types\/product"}],"replies":[{"embeddable":true,"href":"https:\/\/oiovape.com\/da\/wp-json\/wp\/v2\/comments?post=7365"}],"version-history":[{"count":0,"href":"https:\/\/oiovape.com\/da\/wp-json\/wp\/v2\/product\/7365\/revisions"}],"wp:featuredmedia":[{"embeddable":true,"href":"https:\/\/oiovape.com\/da\/wp-json\/wp\/v2\/media\/7376"}],"wp:attachment":[{"href":"https:\/\/oiovape.com\/da\/wp-json\/wp\/v2\/media?parent=7365"}],"wp:term":[{"taxonomy":"product_brand","embeddable":true,"href":"https:\/\/oiovape.com\/da\/wp-json\/wp\/v2\/product_brand?post=7365"},{"taxonomy":"product_cat","embeddable":true,"href":"https:\/\/oiovape.com\/da\/wp-json\/wp\/v2\/product_cat?post=7365"},{"taxonomy":"product_tag","embeddable":true,"href":"https:\/\/oiovape.com\/da\/wp-json\/wp\/v2\/product_tag?post=7365"}],"curies":[{"name":"wp","href":"https:\/\/api.w.org\/{rel}","templated":true}]}}