{"id":7378,"date":"2026-03-03T11:21:18","date_gmt":"2026-03-03T03:21:18","guid":{"rendered":"https:\/\/oiovape.com\/?post_type=product&#038;p=7378"},"modified":"2026-03-04T17:38:19","modified_gmt":"2026-03-04T09:38:19","slug":"atvs-60000-puffs","status":"publish","type":"product","link":"https:\/\/oiovape.com\/da\/product\/atvs-60000-puffs\/","title":{"rendered":"ATVS 60000 PUFFS 36ML Stor kapacitet E-v\u00e6ske genopladelig elektronisk cigaret"},"content":{"rendered":"<div data-page-id=\"ZVeMfq8uxd7y1ycuKm5cym4LnYd\" data-lark-html-role=\"root\" data-docx-has-block-data=\"false\">\n<div data-page-id=\"Fd41fZ5N9dzRQtcRNoVc2FuDnCh\" data-lark-html-role=\"root\" data-docx-has-block-data=\"true\">\n<div data-page-id=\"BdIJfeeijdk1eucGpS8cDCBBn5c\" data-lark-html-role=\"root\" data-docx-has-block-data=\"false\">\n<div data-page-id=\"Zbg9fWx77dUuh2cIYpic25c8nyd\" data-lark-html-role=\"root\" data-docx-has-block-data=\"false\">\n<div data-page-id=\"KaIvfiurhdlCKdc0kyxcX64cnE6\" data-lark-html-role=\"root\" data-docx-has-block-data=\"true\">\n<div data-page-id=\"PbvFfqxqlddUTScRpEYcY5MHnpf\" data-lark-html-role=\"root\" data-docx-has-block-data=\"true\">\n<div data-page-id=\"GZO2f5JeudwY4jc9iJtcdk9Hnxh\" data-lark-html-role=\"root\" data-docx-has-block-data=\"false\">\n<div data-page-id=\"EZVRf2acFduXLGcseZFc4qH2n6e\" data-lark-html-role=\"root\" data-docx-has-block-data=\"false\">\n<div data-page-id=\"B8rHfcqlqdzmH5cCWCncz17Cntb\" data-lark-html-role=\"root\" data-docx-has-block-data=\"false\">\n<div data-page-id=\"B8rHfcqlqdzmH5cCWCncz17Cntb\" data-lark-html-role=\"root\" data-docx-has-block-data=\"false\">\n<div data-page-id=\"B8rHfcqlqdzmH5cCWCncz17Cntb\" data-lark-html-role=\"root\" data-docx-has-block-data=\"true\">\n<div data-page-id=\"HM70f1aoxdD0bMcxJZBcVc7ynZd\" data-lark-html-role=\"root\" data-docx-has-block-data=\"false\">\n<div data-page-id=\"NSrJfN7Ord22i0c1iwZcsF8yn8b\" data-lark-html-role=\"root\" data-docx-has-block-data=\"false\">\n<div data-page-id=\"RXEff4Mskds8o1cqL5HcGEtUnCh\" data-lark-html-role=\"root\" data-docx-has-block-data=\"false\">\n<div data-page-id=\"KJ7gfqkVndMSRJcMseScmvYwnTc\" data-lark-html-role=\"root\" data-docx-has-block-data=\"false\">\n<div class=\"ace-line ace-line old-record-id-QADAfETPudgmudc05YvcTO5fnxe\">\n<div data-page-id=\"KJ7gfqkVndMSRJcMseScmvYwnTc\" data-lark-html-role=\"root\" data-docx-has-block-data=\"false\">\n<div class=\"ace-line ace-line old-record-id-JoRkfpho8dOkiacEOascDyCOncb\">\n<div data-page-id=\"KJ7gfqkVndMSRJcMseScmvYwnTc\" data-lark-html-role=\"root\" data-docx-has-block-data=\"false\">\n<div data-page-id=\"Ju6ofQ3V4dGmePcVvJvc1gmcnZb\" data-lark-html-role=\"root\" data-docx-has-block-data=\"true\">\n<div data-page-id=\"PR9ife5PLdFabccbFgZcWgZOnTc\" data-lark-html-role=\"root\" data-docx-has-block-data=\"false\">\n<div data-page-id=\"INdrfOIGzdaenXcptrcc1BcznQc\" data-lark-html-role=\"root\" data-docx-has-block-data=\"false\">\n<div class=\"ace-line ace-line old-record-id-P0fIf4YaZdoGkbcxt5ackec2nnb\">\n<div data-page-id=\"INdrfOIGzdaenXcptrcc1BcznQc\" data-lark-html-role=\"root\" data-docx-has-block-data=\"false\">\n<div data-page-id=\"MAzCfUB73dMTQscm8eWcougVn1g\" data-lark-html-role=\"root\" data-docx-has-block-data=\"true\">\n<div data-page-id=\"AXfpf7H1odhDvGcKoUOcErN8nV7\" data-lark-html-role=\"root\" data-docx-has-block-data=\"false\">\n<div data-page-id=\"QYTKf5PvLdUNdbce2nBcW9yfnrh\" data-lark-html-role=\"root\" data-docx-has-block-data=\"false\">\n<div data-page-id=\"Pvu1f1CCBdxbjncA9pgcBTpanph\" data-lark-html-role=\"root\" data-docx-has-block-data=\"true\">\n<div data-page-id=\"Axf3fcmY8dDAhtcjVircBcphnPc\" data-lark-html-role=\"root\" data-docx-has-block-data=\"false\">\n<div data-page-id=\"KKj1f9SPmdLhhMc5E2AcNlLen6f\" data-lark-html-role=\"root\" data-docx-has-block-data=\"true\">\n<div data-page-id=\"Rx61fK1sJdXHjPcBuhZcweNhnwc\" data-lark-html-role=\"root\" data-docx-has-block-data=\"false\">\n<div data-page-id=\"L1H9fkG9Mdz45Fcy4WMc5VKXnRe\" data-lark-html-role=\"root\" data-docx-has-block-data=\"false\">\n<div data-page-id=\"L1H9fkG9Mdz45Fcy4WMc5VKXnRe\" data-lark-html-role=\"root\" data-docx-has-block-data=\"false\">\n<div data-page-id=\"D4XLfVBVrdE8mrcaYizczklLnaf\" data-lark-html-role=\"root\" data-docx-has-block-data=\"false\">\n<div data-page-id=\"WVcifIY44d5mhMcXtyEcTsfenGd\" data-lark-html-role=\"root\" data-docx-has-block-data=\"true\">\n<div data-page-id=\"LRknfa6Whd4DWCcUc0FcNKpJnyh\" data-lark-html-role=\"root\" data-docx-has-block-data=\"false\">\n<div data-page-id=\"LRknfa6Whd4DWCcUc0FcNKpJnyh\" data-lark-html-role=\"root\" data-docx-has-block-data=\"false\">\n<div data-page-id=\"XFRAfkcOEdRWh8cArQ2cJdyRnJf\" data-lark-html-role=\"root\" data-docx-has-block-data=\"true\">\n<div data-page-id=\"OQ3bfjnRddMTDGcC3ouc6xFKnWf\" data-lark-html-role=\"root\" data-docx-has-block-data=\"true\">\n<div data-page-id=\"J0iGfj1hEdjc4rcUdSmc4spMnmZ\" data-lark-html-role=\"root\" data-docx-has-block-data=\"false\">\n<div data-page-id=\"P1o7fFyNlduP8tcfZpQcagzbnIf\" data-lark-html-role=\"root\" data-docx-has-block-data=\"false\">\n<div class=\"ace-line ace-line old-record-id-P1o7fFyNlduP8tcfZpQcagzbnIf\">\n<div data-page-id=\"P1o7fFyNlduP8tcfZpQcagzbnIf\" data-lark-html-role=\"root\" data-docx-has-block-data=\"false\">\n<div data-page-id=\"U4iufW38SdttWKcTstMcTtHRnXc\" data-lark-html-role=\"root\" data-docx-has-block-data=\"true\">\n<div data-page-id=\"ONVMf7VTWddcFtcyATOchCJHnZb\" data-lark-html-role=\"root\" data-docx-has-block-data=\"true\">\n<div data-page-id=\"KoW2fSy0PdLHFlc5kSHcgvWMnYg\" data-lark-html-role=\"root\" data-docx-has-block-data=\"false\">\n<div data-page-id=\"KoW2fSy0PdLHFlc5kSHcgvWMnYg\" data-lark-html-role=\"root\" data-docx-has-block-data=\"false\">\n<div data-page-id=\"OLGhfzxC7d7EFIcLEj9cRT5ynZf\" data-lark-html-role=\"root\" data-docx-has-block-data=\"false\">\n<div data-page-id=\"DdnnfrLjzdqrFIc9Il9c7pA2noc\" data-lark-html-role=\"root\" data-docx-has-block-data=\"true\">\n<div data-page-id=\"KNzcf2o0oddkJOcztTVcqPdlnth\" data-lark-html-role=\"root\" data-docx-has-block-data=\"false\">\n<div data-page-id=\"LBU7fg5SEdkWhecGJoxca3xvnCe\" data-lark-html-role=\"root\" data-docx-has-block-data=\"false\">\n<div data-page-id=\"EB70fooS3d69bMcgWB7c5qb9n8g\" data-lark-html-role=\"root\" data-docx-has-block-data=\"false\">\n<div data-page-id=\"AogwfsZCadB6t0cAvF0cK4JLnvf\" data-lark-html-role=\"root\" data-docx-has-block-data=\"false\">\n<div data-page-id=\"AogwfsZCadB6t0cAvF0cK4JLnvf\" data-lark-html-role=\"root\" data-docx-has-block-data=\"false\">\n<div data-page-id=\"JMZIflNGddQuU0c5JZocSqlvnle\" data-lark-html-role=\"root\" data-docx-has-block-data=\"false\">\n<div data-page-id=\"JMZIflNGddQuU0c5JZocSqlvnle\" data-lark-html-role=\"root\" data-docx-has-block-data=\"true\">\n<div data-page-id=\"HtEafjjRIdPAlMc9zgYcsGy6nOe\" data-lark-html-role=\"root\" data-docx-has-block-data=\"false\">\n<div data-page-id=\"Rhnafz0WTdDeT9c43xxczsbVnJo\" data-lark-html-role=\"root\" data-docx-has-block-data=\"false\">\n<div data-page-id=\"WY0CfKdcTdf4hVcZl67ct5LGncf\" data-lark-html-role=\"root\" data-docx-has-block-data=\"true\">\n<div data-page-id=\"MkB5fF4AVdchovcoPEpc7LqvnOd\" data-lark-html-role=\"root\" data-docx-has-block-data=\"true\">\n<div data-page-id=\"MfbjfZhbhdJdA8cH1dAckqF0n6g\" data-lark-html-role=\"root\" data-docx-has-block-data=\"false\">\n<div class=\"ace-line ace-line old-record-id-W2AHfJLnjd7ugjcRLs1c8BdhnNh\">\n<div data-page-id=\"MfbjfZhbhdJdA8cH1dAckqF0n6g\" data-lark-html-role=\"root\" data-docx-has-block-data=\"false\">\n<div class=\"old-record-id-XXd1feeCZdR2hJc6evocxnh1nOg\">\n<div data-page-id=\"MfbjfZhbhdJdA8cH1dAckqF0n6g\" data-lark-html-role=\"root\" data-docx-has-block-data=\"false\">\n<div data-page-id=\"DE51fYUmxdT3ekcHzc3cGrVQnsc\" data-lark-html-role=\"root\" data-docx-has-block-data=\"false\">\n<div data-page-id=\"YSKdfaZ08dRej3ci5CccQBuOncc\" data-lark-html-role=\"root\" data-docx-has-block-data=\"true\">\n<div data-page-id=\"K6mofQmledamEFcgp1EcVobmnYd\" data-lark-html-role=\"root\" data-docx-has-block-data=\"false\">\n<div data-page-id=\"VTgsfVLdCd9q1ucYcwRcCM0Hnof\" data-lark-html-role=\"root\" data-docx-has-block-data=\"true\">\n<div data-page-id=\"WucKfzp8RdNy8rcMJHncz4Knnac\" data-lark-html-role=\"root\" data-docx-has-block-data=\"true\">\n<div data-page-id=\"IfZ9fDIBLd9b9hcJiqGcLw9Pnmh\" data-lark-html-role=\"root\" data-docx-has-block-data=\"false\">\n<div data-page-id=\"JeU6f3Yq5dbdEHcZDptc5ikcn5c\" data-lark-html-role=\"root\" data-docx-has-block-data=\"true\">\n<div data-page-id=\"E1YjfnB4Jdmtsfc2ZObcu04Un6c\" data-lark-html-role=\"root\" data-docx-has-block-data=\"false\">\n<div data-page-id=\"RQVEfdiOzdqTQKcRcnxcG0Y7nce\" data-lark-html-role=\"root\" data-docx-has-block-data=\"true\">\n<div data-page-id=\"NKc7fbZi9dnOXocdHcScVsXdnmh\" data-lark-html-role=\"root\" data-docx-has-block-data=\"false\">\n<div data-page-id=\"DaE3fgNEwdnbQVc62iqcBK4lnte\" data-lark-html-role=\"root\" data-docx-has-block-data=\"false\">\n<div data-page-id=\"DaE3fgNEwdnbQVc62iqcBK4lnte\" data-lark-html-role=\"root\" data-docx-has-block-data=\"false\">\n<div data-page-id=\"NqSRfcp5SdFQ6ucdStXcbvManpc\" data-lark-html-role=\"root\" data-docx-has-block-data=\"false\">\n<div data-page-id=\"KydBfoEuudJNYhcgRdAc3aeUn7c\" data-lark-html-role=\"root\" data-docx-has-block-data=\"true\">\n<div data-page-id=\"SIqXfR5ipd7jWpczA5RcYkWInfd\" data-lark-html-role=\"root\" data-docx-has-block-data=\"false\">\n<div data-page-id=\"Y06XfUzydd0aVicBtPKcZlS8nJf\" data-lark-html-role=\"root\" data-docx-has-block-data=\"true\">\n<div data-page-id=\"E2ZvfNrVNdEHKickexPcvdXVnrc\" data-lark-html-role=\"root\" data-docx-has-block-data=\"false\">\n<div data-page-id=\"DqGzfq5S4d9GdAcOQVIcIdPhn2c\" data-lark-html-role=\"root\" data-docx-has-block-data=\"false\">\n<div data-page-id=\"HsKcfE4WLdET7ScRm72cTZ96nPb\" data-lark-html-role=\"root\" data-docx-has-block-data=\"false\">\n<div data-page-id=\"MvWFfuF4Edx69KcRSmmcvS2LndG\" data-lark-html-role=\"root\" data-docx-has-block-data=\"true\">\n<div data-page-id=\"BSNMfUsMXd3XFscNxbDcufC2nEg\" data-lark-html-role=\"root\" data-docx-has-block-data=\"false\">\n<div data-page-id=\"Rr0Mfry1adQB66cMkYGcCmoWnKe\" data-lark-html-role=\"root\" data-docx-has-block-data=\"true\">\n<div data-page-id=\"A7fMfxJhydfxJUc6VX9cVvDKnpd\" data-lark-html-role=\"root\" data-docx-has-block-data=\"false\">\n<div data-page-id=\"A7fMfxJhydfxJUc6VX9cVvDKnpd\" data-lark-html-role=\"root\" data-docx-has-block-data=\"false\">\n<div data-page-id=\"WbzgfFBuTduiBjc6rORciNrNnlf\" data-lark-html-role=\"root\" data-docx-has-block-data=\"false\">\n<div data-page-id=\"R0Rzf8rQUdoB9hcxkiqc9kKHnk2\" data-lark-html-role=\"root\" data-docx-has-block-data=\"true\">\n<div data-page-id=\"ZwXFfRomCdt9G4cs33scepfHnoe\" data-lark-html-role=\"root\" data-docx-has-block-data=\"false\">\n<div data-page-id=\"UFFTffnWTdbuv3coRhBc3zxBnMf\" data-lark-html-role=\"root\" data-docx-has-block-data=\"true\">\n<div data-page-id=\"FV0FfDT4ZdfJZoc4SMccT5Rjndf\" data-lark-html-role=\"root\" data-docx-has-block-data=\"false\">\n<div data-page-id=\"QfqMfQ3H3dBjAycBmxFct9R0nOd\" data-lark-html-role=\"root\" data-docx-has-block-data=\"false\">\n<div data-page-id=\"DXwcf38JSdYoRnczvWycOLbJnKg\" data-lark-html-role=\"root\" data-docx-has-block-data=\"false\">\n<div data-page-id=\"ERF5fOYoJdJoKBcJe3dczeiRnhb\" data-lark-html-role=\"root\" data-docx-has-block-data=\"false\">\n<div data-page-id=\"Xz9kf6dXYdrSpeczDiscWevtn5g\" data-lark-html-role=\"root\" data-docx-has-block-data=\"false\">\n<div data-page-id=\"NXFofecridPG1Kco9gVcxXiEnGf\" data-lark-html-role=\"root\" data-docx-has-block-data=\"false\">\n<h2 class=\"ace-line ace-line old-record-id-NXFofecridPG1Kco9gVcxXiEnGf\">ATVS 60000 Puffs \u2013 Produkt Introduktion<\/h2>\n<div class=\"ace-line ace-line old-record-id-GvRvfH3bbdoOPvcz5t3c6GlYnng\">ATVS 60000 Puffs bringer et friskt twist til engangs vaping med sine unikke 4-i-1 smagskombinationer. Den indeholder seks distinkte smags s\u00e6t, hver med fire komplement\u00e6re smage, sammen med en p\u00e5lidelig enkelt mesh-coil, lang 60000-puff levetid og kompakt design\u2014alt sammen skr\u00e6ddersyet til dampere, der \u00f8nsker variation uden kompromis.<\/div>\n<div class=\"ace-line ace-line old-record-id-ROnPfgiprdcYywc8XmzcRmBtnwU\">Den holder fokus p\u00e5 enkelhed og nydelse, fjerner un\u00f8dvendige detaljer for at levere ensartet ydeevne. Drevet af et 600mAh 18250 batteri, kombinerer den 36ml e-v\u00e6ske med en 1.0\u03a9 modstand, hvilket sikrer glatte, tilfredsstillende hits fra det f\u00f8rste puff til det sidste.<br \/>\n<img decoding=\"async\" class=\"alignnone wp-image-7384 size-full\" title=\"ATVS 60k 4 i 1 Smagsdamp\" src=\"https:\/\/oiovape.com\/wp-content\/uploads\/2026\/03\/ATVS-60k-4-in-1-Flavors-vape.png\" alt=\"ATVS 60k 4 i 1 Smagsdamp\" width=\"1920\" height=\"819\" srcset=\"https:\/\/oiovape.com\/wp-content\/uploads\/2026\/03\/ATVS-60k-4-in-1-Flavors-vape.png 1920w, https:\/\/oiovape.com\/wp-content\/uploads\/2026\/03\/ATVS-60k-4-in-1-Flavors-vape-300x128.png 300w, https:\/\/oiovape.com\/wp-content\/uploads\/2026\/03\/ATVS-60k-4-in-1-Flavors-vape-1024x437.png 1024w, https:\/\/oiovape.com\/wp-content\/uploads\/2026\/03\/ATVS-60k-4-in-1-Flavors-vape-768x328.png 768w, https:\/\/oiovape.com\/wp-content\/uploads\/2026\/03\/ATVS-60k-4-in-1-Flavors-vape-1536x655.png 1536w, https:\/\/oiovape.com\/wp-content\/uploads\/2026\/03\/ATVS-60k-4-in-1-Flavors-vape-18x8.png 18w, https:\/\/oiovape.com\/wp-content\/uploads\/2026\/03\/ATVS-60k-4-in-1-Flavors-vape-1200x512.png 1200w, https:\/\/oiovape.com\/wp-content\/uploads\/2026\/03\/ATVS-60k-4-in-1-Flavors-vape-150x64.png 150w\" sizes=\"(max-width: 1920px) 100vw, 1920px\" \/><\/div>\n<h2 class=\"heading-2 ace-line old-record-id-F7m8fmcgydUwrOcl2QRcTGE1nAe\">4-i-1 Smagskombinationer: 6 Unikke Blandinger for Uendelig Variation<\/h2>\n<div class=\"ace-line ace-line old-record-id-BhvBfecuEd5NkRcefmWcUlhAnJh\">Den fremtr\u00e6dende funktion ved ATVS 60000 Puffs er dens 4-i-1 smagsdesign. Den tilbyder seks omhyggeligt sammensatte kombinationer, hver med fire komplement\u00e6re smage for at skabe lagdelte, nydelige oplevelser. Det betyder, at \u00e9n enhed giver dig variationen af flere dampere, uden behov for at b\u00e6re eller skifte mellem forskellige enheder.<\/div>\n<h3 class=\"heading-3 ace-line old-record-id-PVVYf2pXodKwNgcjFs0cofuQnXf\">Hver Kombination: Fire Komplement\u00e6re Smage<\/h3>\n<div class=\"ace-line ace-line old-record-id-C4XffFMrKdJQUZc2VLXcwuLHnhh\">\n<p>Hvert smags s\u00e6t balancerer forskellige noter for at passe til forskellige hum\u00f8r. Smagskombination A blander syrlig Citron Mynte, k\u00f8lig Jordb\u00e6r Is, tangy Bl\u00e5b\u00e6r Is og s\u00f8d Jordb\u00e6r Vandmelon\u2014fire komplement\u00e6re smage i \u00e9n enhed.<\/p>\n<\/div>\n<div class=\"ace-line ace-line old-record-id-JQ1PfTbbwd6i2kc5TbIc4CpRnqf\">Smagskombination A: Citron Mynte &amp; Jordb\u00e6r Is &amp; Bl\u00e5b\u00e6r Is &amp; Jordb\u00e6r Vandmelon<br \/>\nSmagskombination B: \u00c6ble Is &amp; Guava Is &amp; Mango Is &amp; Cantaloupe Is<br \/>\nSmagskombination C: Cola Is &amp; Druer Is &amp; Fersken Is &amp; Vandmelon Is<br \/>\nSmagskombination D: Fizzy Kirseb\u00e6r Cola &amp; Blandet B\u00e6r &amp; Jordb\u00e6r Kiwi &amp; Vandmelon Bublegummi<br \/>\nSmagskombination E: Banan Is &amp; Red Bull &amp; Blandet Frugt &amp; Citron Lime<br \/>\nSmagskombination F: Bl\u00e5 Razz Is &amp; Regnbue Sukker &amp; Ananas Mango &amp; Bl\u00e5b\u00e6r Hindb\u00e6r Kirseb\u00e6r<br \/>\n<img decoding=\"async\" class=\"alignnone wp-image-7383 size-full\" title=\"ATVS 60k Smagsliste\" src=\"https:\/\/oiovape.com\/wp-content\/uploads\/2026\/03\/ATVS-60k-Flavors-List.png\" alt=\"ATVS 60k Smagsliste\" width=\"1920\" height=\"1285\" srcset=\"https:\/\/oiovape.com\/wp-content\/uploads\/2026\/03\/ATVS-60k-Flavors-List.png 1920w, https:\/\/oiovape.com\/wp-content\/uploads\/2026\/03\/ATVS-60k-Flavors-List-300x201.png 300w, https:\/\/oiovape.com\/wp-content\/uploads\/2026\/03\/ATVS-60k-Flavors-List-1024x685.png 1024w, https:\/\/oiovape.com\/wp-content\/uploads\/2026\/03\/ATVS-60k-Flavors-List-768x514.png 768w, https:\/\/oiovape.com\/wp-content\/uploads\/2026\/03\/ATVS-60k-Flavors-List-1536x1028.png 1536w, https:\/\/oiovape.com\/wp-content\/uploads\/2026\/03\/ATVS-60k-Flavors-List-18x12.png 18w, https:\/\/oiovape.com\/wp-content\/uploads\/2026\/03\/ATVS-60k-Flavors-List-1200x803.png 1200w, https:\/\/oiovape.com\/wp-content\/uploads\/2026\/03\/ATVS-60k-Flavors-List-150x100.png 150w\" sizes=\"(max-width: 1920px) 100vw, 1920px\" \/><\/div>\n<h4 class=\"heading-4 ace-line old-record-id-CMvHfY30ld7SsxcTSURc1J3Fn6b\">Balancerede Smage for Hver Pr\u00e6ference<\/h4>\n<div class=\"ace-line ace-line old-record-id-QntifY3oIddZYcc1bUeco3cSnzf\">Hver 4-i-1 blanding er lavet for at sikre, at ingen enkelt smag overmander de andre. Kombinationerne sp\u00e6nder fra iskolde og friske til s\u00f8de og legesyge, s\u00e5 du kan skifte mellem s\u00e6t eller holde dig til din favorit, hvilket holder dampning interessant dag efter dag.<\/div>\n<h2 class=\"heading-2 ace-line old-record-id-ROAXfHMMSdNQIdc2PtUckNDFnLd\">Enkel Mesh Coil &amp; Stabil Ydeevne<\/h2>\n<div class=\"ace-line ace-line old-record-id-LK74fieS1d2HwicEN4bcqtihnAo\">ATVS 60000 Puffs bruger en enkelt mesh-coil som sit kernevarmesystem. Denne coil opvarmer e-v\u00e6ske j\u00e6vnt og effektivt, hvilket frigiver den fulde, autentiske smag af hver 4-i-1 blanding. Den undg\u00e5r h\u00e5rde hits og br\u00e6ndte noter, hvilket leverer et glat, ensartet sug hver gang.<\/div>\n<h3 class=\"heading-3 ace-line old-record-id-EZh7f2zrsdFNeVchCsLcf9EYnEe\">1.0\u03a9 Modstand for Glatte Hits<\/h3>\n<div class=\"ace-line ace-line old-record-id-KT6gfmHSFdePILcC1AgcrWIfnqb\">Den faste 1.0\u03a9 modstand er skr\u00e6ddersyet til en balanceret dampoplevelse. Den producerer et glat, mildt sug, der er behageligt til daglig brug, samtidig med at den stadig leverer nok damp til at fremh\u00e6ve de lagdelte smage af hver kombination. Den er perfekt til afslappede dampere og dem, der foretr\u00e6kker et mere afslappet hit.<\/div>\n<h4 class=\"heading-4 ace-line old-record-id-UKU6f8zf7dgwYhcGfBQcqQ8insh\">P\u00e5lidelig Coil til Langvarig Brug<\/h4>\n<div class=\"ace-line ace-line old-record-id-L83WfnYAndLAl1cvG7kctQ25nnf\">Den enkelte mesh-coil er bygget til at holde gennem den fulde 60000-puff levetid. Den minimerer t\u00f8rre hits og opretholder ensartet ydeevne, s\u00e5 du kan nyde den samme glatte smag og dampkvalitet fra dit f\u00f8rste puff til dit 60000.<\/div>\n<h2 class=\"heading-2 ace-line old-record-id-GM0mffslddeLf9cPhKicCVjznlb\">Langvarige 60000 Puffs &amp; 36ml E-V\u00e6ske<\/h2>\n<div class=\"ace-line ace-line old-record-id-IwFRfUufCdm265cuf3jcqkQbnjc\">Med 60000 puffs og 36ml e-v\u00e6ske er denne enhed lavet til at holde i uger\u2014selv med daglig, hyppig brug. Det 600mAh 18250 batteri giver stabil str\u00f8m til at matche denne langvarighed, s\u00e5 du ikke beh\u00f8ver at udskifte enheden konstant.<\/div>\n<h3 class=\"heading-3 ace-line old-record-id-EudrfIzK9dEJK9cdz4Bc0ZPXnbc\">Balanceret Str\u00f8m &amp; E-V\u00e6ske for Uafbrudt Dampning<\/h3>\n<div class=\"ace-line ace-line old-record-id-BpcQfu4RmdiRVucqtJgcEAG5nKh\">Batteriet og e-v\u00e6sken arbejder i harmoni, hvilket sikrer, at du aldrig l\u00f8ber t\u00f8r for juice, f\u00f8r batteriet d\u00f8r. Denne balance betyder, at du kan fokusere p\u00e5 at nyde dine yndlings 4-i-1 kombinationer uden at bekymre dig om uventede afbrydelser eller hyppige enhedsskift.<\/div>\n<h2 class=\"heading-2 ace-line old-record-id-Dj1gf7G3GdFoFqcCt7Ec98FSnec\">Kompakt Design &amp; Praktisk 6-Styks Emballage<\/h2>\n<div class=\"ace-line ace-line old-record-id-HhlnfwMw9dBrphc0hdmcIA2Gn6a\">Enheden har et kompakt, let at b\u00e6re design. Den m\u00e5ler 50*50*125mm\u2014lille nok til at glide ind i din lomme, taske eller h\u00e5nd uden at tilf\u00f8je bulk, hvilket g\u00f8r den perfekt til brug p\u00e5 farten eller daglig transport.<\/div>\n<h3 class=\"heading-3 ace-line old-record-id-QEPQfeLmxdpDHscnAXWcm3TbnoD\">Emballage Skr\u00e6ddersyet til Bekvemmelighed<\/h3>\n<div class=\"ace-line ace-line old-record-id-HDMJfDFHCd905BcfUwkclF6Un7f\">Hver enkelt enhed kommer i en kompakt indpakning, mens en kasse indeholder 6 stykker. Den ydre pakke m\u00e5ler 115*130*102mm, hvilket g\u00f8r det nemt at opbevare derhjemme eller b\u00e6re i bulk\u2014ideel til personlig brug eller videresalg, med en praktisk st\u00f8rrelse der sparer plads.<\/div>\n<h2 class=\"heading-2 ace-line old-record-id-Bby4fG4vpdE8Q3cVcPccvaQznzh\">Hvorfor V\u00e6lge ATVS 60000 Puffs?<\/h2>\n<div class=\"ace-line ace-line old-record-id-HnSYfqtTFdMERzcrWCHcS27unpc\">Den skiller sig ud for sine unikke 4-i-1 smagskombinationer\u2014seks s\u00e6t, hver med fire komplement\u00e6re smage, der tilbyder mere variation end standard engangs dampere. Den kombinerer denne variation med p\u00e5lidelig ydeevne, lang levetid og et kompakt design, hvilket g\u00f8r den til et alsidigt valg for alle dampere.<\/div>\n<div class=\"ace-line ace-line old-record-id-DFFWfBbdjde8Dpc9PpGccRxhn4f\">Dens enkle mesh-coil leverer glatte, ensartede hits, mens 60000-puff levetiden og 36ml e-v\u00e6ske betyder mindre hyppige udskiftninger. Uanset om du er en afslappet damper, der elsker variation, eller en der v\u00e6rds\u00e6tter bekvemmelighed og konsistens, leverer ATVS 60000 Puffs en tilfredsstillende, problemfri oplevelse.<\/div>\n<\/div>\n<\/div>\n<\/div>\n<\/div>\n<\/div>\n<\/div>\n<\/div>\n<\/div>\n<\/div>\n<\/div>\n<\/div>\n<\/div>\n<\/div>\n<\/div>\n<\/div>\n<\/div>\n<\/div>\n<\/div>\n<\/div>\n<\/div>\n<\/div>\n<\/div>\n<\/div>\n<\/div>\n<\/div>\n<\/div>\n<\/div>\n<\/div>\n<\/div>\n<\/div>\n<\/div>\n<\/div>\n<\/div>\n<\/div>\n<\/div>\n<\/div>\n<\/div>\n<\/div>\n<\/div>\n<\/div>\n<\/div>\n<\/div>\n<\/div>\n<\/div>\n<\/div>\n<\/div>\n<\/div>\n<\/div>\n<\/div>\n<\/div>\n<\/div>\n<\/div>\n<\/div>\n<\/div>\n<\/div>\n<\/div>\n<\/div>\n<\/div>\n<\/div>\n<\/div>\n<\/div>\n<\/div>\n<\/div>\n<\/div>\n<\/div>\n<\/div>\n<\/div>\n<\/div>\n<\/div>\n<\/div>\n<\/div>\n<\/div>\n<\/div>\n<\/div>\n<\/div>\n<\/div>\n<\/div>\n<\/div>\n<\/div>\n<\/div>\n<\/div>\n<\/div>\n<\/div>\n<\/div>\n<\/div>\n<\/div>\n<\/div>\n<\/div>\n<\/div>\n<\/div>\n<\/div>\n<\/div>\n<\/div>\n<\/div>\n<\/div>\n<\/div>\n<\/div>\n<\/div>\n<\/div>","protected":false},"excerpt":{"rendered":"<div data-page-id=\"RAopf2sw9dtvw4cWYXpcTwo0n8g\" data-lark-html-role=\"root\" data-docx-has-block-data=\"false\">\n<div class=\"ace-line ace-line old-record-id-Uju9f3RXYd8dh2crAJbcBF3Un6M\">\n<div data-page-id=\"Dd8gfe2wRdT66jcgnqtcUwg5ndh\" data-lark-html-role=\"root\" data-docx-has-block-data=\"false\">\n<div class=\"ace-line ace-line old-record-id-FiRZf3qXpdK0RqcHt8wcxPTon8b\">ATVS 60000 Puffs har 4-i-1 smagskombinationer med 6 s\u00e6t, en enkelt mesh-coil, 60000 puffs og 36ml e-v\u00e6ske. Den har et 600mAh 18250 batteri, 1.0\u03a9 modstand, 50<em>50<\/em>125 mm st\u00f8rrelse og 6-stykks kasser med 115*130*102 mm ydre pakke.<\/div>\n<\/div>\n<\/div>\n<\/div>","protected":false},"featured_media":7391,"comment_status":"open","ping_status":"closed","template":"","meta":{"_acf_changed":false,"inline_featured_image":false,"_sitemap_exclude":false,"_sitemap_priority":"","_sitemap_frequency":""},"product_brand":[375],"product_cat":[374,239,242],"product_tag":[],"class_list":{"0":"post-7378","1":"product","2":"type-product","3":"status-publish","4":"has-post-thumbnail","6":"product_brand-atvs","7":"product_cat-atvs","8":"product_cat-disposable-vape-collection","9":"product_cat-60k-puff","11":"first","12":"instock","13":"sale","14":"shipping-taxable","15":"purchasable","16":"product-type-variable","17":"has-default-attributes"},"acf":[],"tiered_pricing_type":"fixed","tiered_pricing_fixed_rules":{"30":11.65,"60":11.14,"100":10.98,"200":10.29},"tiered_pricing_product_settings":{"layout":"default","base_unit_name":{"singular":null,"plural":null},"default_variation":null},"tiered_pricing_minimum_quantity":20,"tiered_pricing_roles_data":[],"tiered_pricing_percentage_rules":[],"tiered_pricing_maximum_quantity":null,"tiered_pricing_quantity_step":"10","_links":{"self":[{"href":"https:\/\/oiovape.com\/da\/wp-json\/wp\/v2\/product\/7378","targetHints":{"allow":["GET"]}}],"collection":[{"href":"https:\/\/oiovape.com\/da\/wp-json\/wp\/v2\/product"}],"about":[{"href":"https:\/\/oiovape.com\/da\/wp-json\/wp\/v2\/types\/product"}],"replies":[{"embeddable":true,"href":"https:\/\/oiovape.com\/da\/wp-json\/wp\/v2\/comments?post=7378"}],"version-history":[{"count":0,"href":"https:\/\/oiovape.com\/da\/wp-json\/wp\/v2\/product\/7378\/revisions"}],"wp:featuredmedia":[{"embeddable":true,"href":"https:\/\/oiovape.com\/da\/wp-json\/wp\/v2\/media\/7391"}],"wp:attachment":[{"href":"https:\/\/oiovape.com\/da\/wp-json\/wp\/v2\/media?parent=7378"}],"wp:term":[{"taxonomy":"product_brand","embeddable":true,"href":"https:\/\/oiovape.com\/da\/wp-json\/wp\/v2\/product_brand?post=7378"},{"taxonomy":"product_cat","embeddable":true,"href":"https:\/\/oiovape.com\/da\/wp-json\/wp\/v2\/product_cat?post=7378"},{"taxonomy":"product_tag","embeddable":true,"href":"https:\/\/oiovape.com\/da\/wp-json\/wp\/v2\/product_tag?post=7378"}],"curies":[{"name":"wp","href":"https:\/\/api.w.org\/{rel}","templated":true}]}}