{"id":8184,"date":"2026-04-10T17:10:11","date_gmt":"2026-04-10T09:10:11","guid":{"rendered":"https:\/\/oiovape.com\/?post_type=product&#038;p=8184"},"modified":"2026-04-10T17:50:00","modified_gmt":"2026-04-10T09:50:00","slug":"bang-blaze-200000-puffs","status":"publish","type":"product","link":"https:\/\/oiovape.com\/da\/product\/bang-blaze-200000-puffs\/","title":{"rendered":"Bang Blaze 200000 PUFFS 6 in 1 Smage Smart Disposable Vape Engros"},"content":{"rendered":"<div data-page-id=\"ZVeMfq8uxd7y1ycuKm5cym4LnYd\" data-lark-html-role=\"root\" data-docx-has-block-data=\"false\">\n<div data-page-id=\"Fd41fZ5N9dzRQtcRNoVc2FuDnCh\" data-lark-html-role=\"root\" data-docx-has-block-data=\"true\">\n<div data-page-id=\"BdIJfeeijdk1eucGpS8cDCBBn5c\" data-lark-html-role=\"root\" data-docx-has-block-data=\"false\">\n<div data-page-id=\"Zbg9fWx77dUuh2cIYpic25c8nyd\" data-lark-html-role=\"root\" data-docx-has-block-data=\"false\">\n<div data-page-id=\"KaIvfiurhdlCKdc0kyxcX64cnE6\" data-lark-html-role=\"root\" data-docx-has-block-data=\"true\">\n<div data-page-id=\"PbvFfqxqlddUTScRpEYcY5MHnpf\" data-lark-html-role=\"root\" data-docx-has-block-data=\"true\">\n<div data-page-id=\"GZO2f5JeudwY4jc9iJtcdk9Hnxh\" data-lark-html-role=\"root\" data-docx-has-block-data=\"false\">\n<div data-page-id=\"EZVRf2acFduXLGcseZFc4qH2n6e\" data-lark-html-role=\"root\" data-docx-has-block-data=\"false\">\n<div data-page-id=\"B8rHfcqlqdzmH5cCWCncz17Cntb\" data-lark-html-role=\"root\" data-docx-has-block-data=\"false\">\n<div data-page-id=\"B8rHfcqlqdzmH5cCWCncz17Cntb\" data-lark-html-role=\"root\" data-docx-has-block-data=\"false\">\n<div data-page-id=\"B8rHfcqlqdzmH5cCWCncz17Cntb\" data-lark-html-role=\"root\" data-docx-has-block-data=\"true\">\n<div data-page-id=\"HM70f1aoxdD0bMcxJZBcVc7ynZd\" data-lark-html-role=\"root\" data-docx-has-block-data=\"false\">\n<div data-page-id=\"NSrJfN7Ord22i0c1iwZcsF8yn8b\" data-lark-html-role=\"root\" data-docx-has-block-data=\"false\">\n<div data-page-id=\"RXEff4Mskds8o1cqL5HcGEtUnCh\" data-lark-html-role=\"root\" data-docx-has-block-data=\"false\">\n<div data-page-id=\"KJ7gfqkVndMSRJcMseScmvYwnTc\" data-lark-html-role=\"root\" data-docx-has-block-data=\"false\">\n<div class=\"ace-line ace-line old-record-id-QADAfETPudgmudc05YvcTO5fnxe\">\n<div data-page-id=\"KJ7gfqkVndMSRJcMseScmvYwnTc\" data-lark-html-role=\"root\" data-docx-has-block-data=\"false\">\n<div class=\"ace-line ace-line old-record-id-JoRkfpho8dOkiacEOascDyCOncb\">\n<div data-page-id=\"KJ7gfqkVndMSRJcMseScmvYwnTc\" data-lark-html-role=\"root\" data-docx-has-block-data=\"false\">\n<div data-page-id=\"Ju6ofQ3V4dGmePcVvJvc1gmcnZb\" data-lark-html-role=\"root\" data-docx-has-block-data=\"true\">\n<div data-page-id=\"PR9ife5PLdFabccbFgZcWgZOnTc\" data-lark-html-role=\"root\" data-docx-has-block-data=\"false\">\n<div data-page-id=\"INdrfOIGzdaenXcptrcc1BcznQc\" data-lark-html-role=\"root\" data-docx-has-block-data=\"false\">\n<div class=\"ace-line ace-line old-record-id-P0fIf4YaZdoGkbcxt5ackec2nnb\">\n<div data-page-id=\"INdrfOIGzdaenXcptrcc1BcznQc\" data-lark-html-role=\"root\" data-docx-has-block-data=\"false\">\n<div data-page-id=\"MAzCfUB73dMTQscm8eWcougVn1g\" data-lark-html-role=\"root\" data-docx-has-block-data=\"true\">\n<div data-page-id=\"AXfpf7H1odhDvGcKoUOcErN8nV7\" data-lark-html-role=\"root\" data-docx-has-block-data=\"false\">\n<div data-page-id=\"QYTKf5PvLdUNdbce2nBcW9yfnrh\" data-lark-html-role=\"root\" data-docx-has-block-data=\"false\">\n<div data-page-id=\"Pvu1f1CCBdxbjncA9pgcBTpanph\" data-lark-html-role=\"root\" data-docx-has-block-data=\"true\">\n<div data-page-id=\"Axf3fcmY8dDAhtcjVircBcphnPc\" data-lark-html-role=\"root\" data-docx-has-block-data=\"false\">\n<div data-page-id=\"KKj1f9SPmdLhhMc5E2AcNlLen6f\" data-lark-html-role=\"root\" data-docx-has-block-data=\"true\">\n<div data-page-id=\"Rx61fK1sJdXHjPcBuhZcweNhnwc\" data-lark-html-role=\"root\" data-docx-has-block-data=\"false\">\n<div data-page-id=\"L1H9fkG9Mdz45Fcy4WMc5VKXnRe\" data-lark-html-role=\"root\" data-docx-has-block-data=\"false\">\n<div data-page-id=\"L1H9fkG9Mdz45Fcy4WMc5VKXnRe\" data-lark-html-role=\"root\" data-docx-has-block-data=\"false\">\n<div data-page-id=\"D4XLfVBVrdE8mrcaYizczklLnaf\" data-lark-html-role=\"root\" data-docx-has-block-data=\"false\">\n<div data-page-id=\"WVcifIY44d5mhMcXtyEcTsfenGd\" data-lark-html-role=\"root\" data-docx-has-block-data=\"true\">\n<div data-page-id=\"LRknfa6Whd4DWCcUc0FcNKpJnyh\" data-lark-html-role=\"root\" data-docx-has-block-data=\"false\">\n<div data-page-id=\"LRknfa6Whd4DWCcUc0FcNKpJnyh\" data-lark-html-role=\"root\" data-docx-has-block-data=\"false\">\n<div data-page-id=\"XFRAfkcOEdRWh8cArQ2cJdyRnJf\" data-lark-html-role=\"root\" data-docx-has-block-data=\"true\">\n<div data-page-id=\"OQ3bfjnRddMTDGcC3ouc6xFKnWf\" data-lark-html-role=\"root\" data-docx-has-block-data=\"true\">\n<div data-page-id=\"J0iGfj1hEdjc4rcUdSmc4spMnmZ\" data-lark-html-role=\"root\" data-docx-has-block-data=\"false\">\n<div data-page-id=\"P1o7fFyNlduP8tcfZpQcagzbnIf\" data-lark-html-role=\"root\" data-docx-has-block-data=\"false\">\n<div class=\"ace-line ace-line old-record-id-P1o7fFyNlduP8tcfZpQcagzbnIf\">\n<div data-page-id=\"P1o7fFyNlduP8tcfZpQcagzbnIf\" data-lark-html-role=\"root\" data-docx-has-block-data=\"false\">\n<div data-page-id=\"U4iufW38SdttWKcTstMcTtHRnXc\" data-lark-html-role=\"root\" data-docx-has-block-data=\"true\">\n<div data-page-id=\"ONVMf7VTWddcFtcyATOchCJHnZb\" data-lark-html-role=\"root\" data-docx-has-block-data=\"true\">\n<div data-page-id=\"KoW2fSy0PdLHFlc5kSHcgvWMnYg\" data-lark-html-role=\"root\" data-docx-has-block-data=\"false\">\n<div data-page-id=\"KoW2fSy0PdLHFlc5kSHcgvWMnYg\" data-lark-html-role=\"root\" data-docx-has-block-data=\"false\">\n<div data-page-id=\"OLGhfzxC7d7EFIcLEj9cRT5ynZf\" data-lark-html-role=\"root\" data-docx-has-block-data=\"false\">\n<div data-page-id=\"DdnnfrLjzdqrFIc9Il9c7pA2noc\" data-lark-html-role=\"root\" data-docx-has-block-data=\"true\">\n<div data-page-id=\"KNzcf2o0oddkJOcztTVcqPdlnth\" data-lark-html-role=\"root\" data-docx-has-block-data=\"false\">\n<div data-page-id=\"LBU7fg5SEdkWhecGJoxca3xvnCe\" data-lark-html-role=\"root\" data-docx-has-block-data=\"false\">\n<div data-page-id=\"EB70fooS3d69bMcgWB7c5qb9n8g\" data-lark-html-role=\"root\" data-docx-has-block-data=\"false\">\n<div data-page-id=\"AogwfsZCadB6t0cAvF0cK4JLnvf\" data-lark-html-role=\"root\" data-docx-has-block-data=\"false\">\n<div data-page-id=\"AogwfsZCadB6t0cAvF0cK4JLnvf\" data-lark-html-role=\"root\" data-docx-has-block-data=\"false\">\n<div data-page-id=\"JMZIflNGddQuU0c5JZocSqlvnle\" data-lark-html-role=\"root\" data-docx-has-block-data=\"false\">\n<div data-page-id=\"JMZIflNGddQuU0c5JZocSqlvnle\" data-lark-html-role=\"root\" data-docx-has-block-data=\"true\">\n<div data-page-id=\"HtEafjjRIdPAlMc9zgYcsGy6nOe\" data-lark-html-role=\"root\" data-docx-has-block-data=\"false\">\n<div data-page-id=\"Rhnafz0WTdDeT9c43xxczsbVnJo\" data-lark-html-role=\"root\" data-docx-has-block-data=\"false\">\n<div data-page-id=\"WY0CfKdcTdf4hVcZl67ct5LGncf\" data-lark-html-role=\"root\" data-docx-has-block-data=\"true\">\n<div data-page-id=\"MkB5fF4AVdchovcoPEpc7LqvnOd\" data-lark-html-role=\"root\" data-docx-has-block-data=\"true\">\n<div data-page-id=\"MfbjfZhbhdJdA8cH1dAckqF0n6g\" data-lark-html-role=\"root\" data-docx-has-block-data=\"false\">\n<div class=\"ace-line ace-line old-record-id-W2AHfJLnjd7ugjcRLs1c8BdhnNh\">\n<div data-page-id=\"MfbjfZhbhdJdA8cH1dAckqF0n6g\" data-lark-html-role=\"root\" data-docx-has-block-data=\"false\">\n<div class=\"old-record-id-XXd1feeCZdR2hJc6evocxnh1nOg\">\n<div data-page-id=\"MfbjfZhbhdJdA8cH1dAckqF0n6g\" data-lark-html-role=\"root\" data-docx-has-block-data=\"false\">\n<div data-page-id=\"DE51fYUmxdT3ekcHzc3cGrVQnsc\" data-lark-html-role=\"root\" data-docx-has-block-data=\"false\">\n<div data-page-id=\"YSKdfaZ08dRej3ci5CccQBuOncc\" data-lark-html-role=\"root\" data-docx-has-block-data=\"true\">\n<div data-page-id=\"K6mofQmledamEFcgp1EcVobmnYd\" data-lark-html-role=\"root\" data-docx-has-block-data=\"false\">\n<div data-page-id=\"VTgsfVLdCd9q1ucYcwRcCM0Hnof\" data-lark-html-role=\"root\" data-docx-has-block-data=\"true\">\n<div data-page-id=\"WucKfzp8RdNy8rcMJHncz4Knnac\" data-lark-html-role=\"root\" data-docx-has-block-data=\"true\">\n<div data-page-id=\"IfZ9fDIBLd9b9hcJiqGcLw9Pnmh\" data-lark-html-role=\"root\" data-docx-has-block-data=\"false\">\n<div data-page-id=\"JeU6f3Yq5dbdEHcZDptc5ikcn5c\" data-lark-html-role=\"root\" data-docx-has-block-data=\"true\">\n<div data-page-id=\"E1YjfnB4Jdmtsfc2ZObcu04Un6c\" data-lark-html-role=\"root\" data-docx-has-block-data=\"false\">\n<div data-page-id=\"RQVEfdiOzdqTQKcRcnxcG0Y7nce\" data-lark-html-role=\"root\" data-docx-has-block-data=\"true\">\n<div data-page-id=\"NKc7fbZi9dnOXocdHcScVsXdnmh\" data-lark-html-role=\"root\" data-docx-has-block-data=\"false\">\n<div data-page-id=\"DaE3fgNEwdnbQVc62iqcBK4lnte\" data-lark-html-role=\"root\" data-docx-has-block-data=\"false\">\n<div data-page-id=\"DaE3fgNEwdnbQVc62iqcBK4lnte\" data-lark-html-role=\"root\" data-docx-has-block-data=\"false\">\n<div data-page-id=\"NqSRfcp5SdFQ6ucdStXcbvManpc\" data-lark-html-role=\"root\" data-docx-has-block-data=\"false\">\n<div data-page-id=\"KydBfoEuudJNYhcgRdAc3aeUn7c\" data-lark-html-role=\"root\" data-docx-has-block-data=\"true\">\n<div data-page-id=\"SIqXfR5ipd7jWpczA5RcYkWInfd\" data-lark-html-role=\"root\" data-docx-has-block-data=\"false\">\n<div data-page-id=\"Y06XfUzydd0aVicBtPKcZlS8nJf\" data-lark-html-role=\"root\" data-docx-has-block-data=\"true\">\n<div data-page-id=\"E2ZvfNrVNdEHKickexPcvdXVnrc\" data-lark-html-role=\"root\" data-docx-has-block-data=\"false\">\n<div data-page-id=\"DqGzfq5S4d9GdAcOQVIcIdPhn2c\" data-lark-html-role=\"root\" data-docx-has-block-data=\"false\">\n<div data-page-id=\"HsKcfE4WLdET7ScRm72cTZ96nPb\" data-lark-html-role=\"root\" data-docx-has-block-data=\"false\">\n<div data-page-id=\"MvWFfuF4Edx69KcRSmmcvS2LndG\" data-lark-html-role=\"root\" data-docx-has-block-data=\"true\">\n<div data-page-id=\"BSNMfUsMXd3XFscNxbDcufC2nEg\" data-lark-html-role=\"root\" data-docx-has-block-data=\"false\">\n<div data-page-id=\"Rr0Mfry1adQB66cMkYGcCmoWnKe\" data-lark-html-role=\"root\" data-docx-has-block-data=\"true\">\n<div data-page-id=\"A7fMfxJhydfxJUc6VX9cVvDKnpd\" data-lark-html-role=\"root\" data-docx-has-block-data=\"false\">\n<div data-page-id=\"A7fMfxJhydfxJUc6VX9cVvDKnpd\" data-lark-html-role=\"root\" data-docx-has-block-data=\"false\">\n<div data-page-id=\"WbzgfFBuTduiBjc6rORciNrNnlf\" data-lark-html-role=\"root\" data-docx-has-block-data=\"false\">\n<div data-page-id=\"R0Rzf8rQUdoB9hcxkiqc9kKHnk2\" data-lark-html-role=\"root\" data-docx-has-block-data=\"true\">\n<div data-page-id=\"ZwXFfRomCdt9G4cs33scepfHnoe\" data-lark-html-role=\"root\" data-docx-has-block-data=\"false\">\n<div data-page-id=\"UFFTffnWTdbuv3coRhBc3zxBnMf\" data-lark-html-role=\"root\" data-docx-has-block-data=\"true\">\n<div data-page-id=\"FV0FfDT4ZdfJZoc4SMccT5Rjndf\" data-lark-html-role=\"root\" data-docx-has-block-data=\"false\">\n<div data-page-id=\"QfqMfQ3H3dBjAycBmxFct9R0nOd\" data-lark-html-role=\"root\" data-docx-has-block-data=\"false\">\n<div data-page-id=\"DXwcf38JSdYoRnczvWycOLbJnKg\" data-lark-html-role=\"root\" data-docx-has-block-data=\"false\">\n<div data-page-id=\"ERF5fOYoJdJoKBcJe3dczeiRnhb\" data-lark-html-role=\"root\" data-docx-has-block-data=\"false\">\n<div data-page-id=\"Xz9kf6dXYdrSpeczDiscWevtn5g\" data-lark-html-role=\"root\" data-docx-has-block-data=\"false\">\n<div data-page-id=\"NXFofecridPG1Kco9gVcxXiEnGf\" data-lark-html-role=\"root\" data-docx-has-block-data=\"false\">\n<div data-page-id=\"EFevfzjvkdlSPEcTWBIc7eVvnog\" data-lark-html-role=\"root\" data-docx-has-block-data=\"false\">\n<div data-page-id=\"M7PifBvbPdUAXlc1ga1ceAEFnrc\" data-lark-html-role=\"root\" data-docx-has-block-data=\"false\">\n<div data-page-id=\"Xk47fsExQdGT3dcRYNzcCeZ0nYb\" data-lark-html-role=\"root\" data-docx-has-block-data=\"false\">\n<div data-page-id=\"OUXufVxtNdzLz9cI8Ijchmyfnrg\" data-lark-html-role=\"root\" data-docx-has-block-data=\"false\">\n<div data-page-id=\"XAtVfnKQidPyc6cF1jhc2z2AnZ1\" data-lark-html-role=\"root\" data-docx-has-block-data=\"false\">\n<div data-page-id=\"B4r8fXUqIde4brcGXg2crgLmn7F\" data-lark-html-role=\"root\" data-docx-has-block-data=\"true\">\n<div data-page-id=\"CcjPfD4Ied4jf2cwt2hcyeGNnHe\" data-lark-html-role=\"root\" data-docx-has-block-data=\"false\">\n<div data-page-id=\"M3lyfHsq4dQP8dc5mI8c3rXxnNc\" data-lark-html-role=\"root\" data-docx-has-block-data=\"false\">\n<div data-page-id=\"E0A4fWGfudmWVGczZV8cLv8Znwd\" data-lark-html-role=\"root\" data-docx-has-block-data=\"false\">\n<div data-page-id=\"M3lyfHsq4dQP8dc5mI8c3rXxnNc\" data-lark-html-role=\"root\" data-docx-has-block-data=\"false\">\n<div data-page-id=\"PBcMfb1nvdgiupchwvBcbvRSnUh\" data-lark-html-role=\"root\" data-docx-has-block-data=\"true\">\n<div data-page-id=\"MLuYfsFFLdcwehcp2yacuTpRn6c\" data-lark-html-role=\"root\" data-docx-has-block-data=\"false\">\n<div data-page-id=\"EwHhfTyLmdJwUCc1f7McCRL1nmb\" data-lark-html-role=\"root\" data-docx-has-block-data=\"false\">\n<div data-page-id=\"Mpglft4uEdARvKcCkADc1zL0n8g\" data-lark-html-role=\"root\" data-docx-has-block-data=\"true\">\n<h2 data-path-to-node=\"0\">Bang Blaze 200000 Puffs: The Ultimate 6 in 1 Vaping Powerhouse<\/h2>\n<p data-path-to-node=\"2\">Hvorfor n\u00f8jes med en enkelt smag, n\u00e5r du kan have et helt smagskammer i lommen? <b data-path-to-node=\"2\" data-index-in-node=\"88\">Bang Blaze 200000 Puffs<\/b> er en revolution\u00e6r <b data-path-to-node=\"2\" data-index-in-node=\"123\">high-capacity engangsvape<\/b> designet til dampere, der kr\u00e6ver <b data-path-to-node=\"2\" data-index-in-node=\"183\">ekstrem holdbarhed, mangfoldige muligheder og pr\u00e6cis kontrol<\/b> alt sammen i \u00e9n elegant enhed.<\/p>\n<p data-path-to-node=\"3\">Med et banebrydende <b data-path-to-node=\"3\" data-index-in-node=\"24\">6 in 1 uafh\u00e6ngigt smagskammersystem<\/b>, denne sekskantede gigant lader dig skifte dit dampningshum\u00f8r lige s\u00e5 let som at dreje en knap, og leverer en forbl\u00f8ffende <b data-path-to-node=\"3\" data-index-in-node=\"176\">200000 glatte og konsistente tr\u00e6k<\/b>.<\/p>\n<p data-path-to-node=\"4\">Designet til den seri\u00f8se bruger og smagskender, er Bang Blaze 200000 Puffs ikke bare en vape; det er en mobil smagsmenu. Det balancerer perfekt robust dampproduktion med maraton-niveau udholdenhed og erstatter effektivt et halvt dusin standard engangsvaper med \u00e9n premium f\u00f8lgesvend.<\/p>\n<h2 data-path-to-node=\"6\">N\u00f8glefunktioner<\/h2>\n<h3 data-path-to-node=\"7\">Op til 200000 tr\u00e6k<\/h3>\n<p data-path-to-node=\"8\">En sand maratonl\u00f8ber i vapeverdenen, designet til at holde l\u00e6ngere end konkurrencen og holde dine trang tilfredsstillet i uger uden angsten for en t\u00f8r tank.<\/p>\n<h3 data-path-to-node=\"9\">6-i-1 uafh\u00e6ngige smagskamre<\/h3>\n<p data-path-to-node=\"10\">Seks helt separate olietanke eksisterer problemfrit i \u00e9t sekskantskall. Drej mundstykket for at skifte \u2013 ingen krydsede ledninger, ingen uklare smage, bare ren variation.<\/p>\n<h3 data-path-to-node=\"11\">1.2\u03a9 x 6 dedikerede mesh-spoler<\/h3>\n<p data-path-to-node=\"12\">Hvorfor tvinge forskellige v\u00e6sker gennem den samme tr\u00e6tte motor? Hver af de seks kamre drives af sin egen dedikerede <b data-path-to-node=\"12\" data-index-in-node=\"116\">1.2\u03a9 mesh-coil<\/b>, hvilket sikrer, at den sidste dr\u00e5be er lige s\u00e5 pristine og t\u00e6t som den allerf\u00f8rste.<\/p>\n<h3 data-path-to-node=\"13\">Uforfalskede smakslevering<\/h3>\n<p data-path-to-node=\"14\">Ved at isolere hver eneste smagskanal fysisk, forbliver hver profil uplettet ren og vibrant. Det leverer en trov\u00e6rdig smagsprofil uden nogen resterende bl\u00f8dning fra tidligere smage.<\/p>\n<h3 data-path-to-node=\"15\">600mAh genopladeligt kraftcenter<\/h3>\n<p data-path-to-node=\"16\">Et indbygget h\u00f8jeffektivt <b data-path-to-node=\"16\" data-index-in-node=\"27\">600mAh batteri<\/b> parret med en hurtig <b data-path-to-node=\"16\" data-index-in-node=\"62\">Type-C<\/b> port garanterer, at din enhed fyrer ved topsp\u00e6nding, indtil hver eneste tank er helt tom.<\/p>\n<h3 data-path-to-node=\"17\">Smart tr\u00e6kaktiveret system<\/h3>\n<p data-path-to-node=\"18\">Hvem har brug for komplicerede knapper til at navigere en afslappende oplevelse? Den intelligente luftstr\u00f8msensor giver en problemfri, nul-setup-oplevelse \u2013 bare inhal\u00e9r, og lad enheden g\u00f8re det tunge arbejde.<\/p>\n<p><img decoding=\"async\" class=\"alignnone wp-image-8187 size-full\" title=\"Bang Blaze 200K Plakat\" src=\"https:\/\/oiovape.com\/wp-content\/uploads\/2026\/04\/Bang-Blaze-200K-Poster-scaled.jpg\" alt=\"Bang Blaze 200K Plakat\" width=\"1129\" height=\"2560\" srcset=\"https:\/\/oiovape.com\/wp-content\/uploads\/2026\/04\/Bang-Blaze-200K-Poster-scaled.jpg 1129w, https:\/\/oiovape.com\/wp-content\/uploads\/2026\/04\/Bang-Blaze-200K-Poster-132x300.jpg 132w, https:\/\/oiovape.com\/wp-content\/uploads\/2026\/04\/Bang-Blaze-200K-Poster-452x1024.jpg 452w, https:\/\/oiovape.com\/wp-content\/uploads\/2026\/04\/Bang-Blaze-200K-Poster-768x1741.jpg 768w, https:\/\/oiovape.com\/wp-content\/uploads\/2026\/04\/Bang-Blaze-200K-Poster-677x1536.jpg 677w, https:\/\/oiovape.com\/wp-content\/uploads\/2026\/04\/Bang-Blaze-200K-Poster-903x2048.jpg 903w, https:\/\/oiovape.com\/wp-content\/uploads\/2026\/04\/Bang-Blaze-200K-Poster-5x12.jpg 5w, https:\/\/oiovape.com\/wp-content\/uploads\/2026\/04\/Bang-Blaze-200K-Poster-1200x2721.jpg 1200w, https:\/\/oiovape.com\/wp-content\/uploads\/2026\/04\/Bang-Blaze-200K-Poster-150x340.jpg 150w\" sizes=\"(max-width: 1129px) 100vw, 1129px\" \/><\/p>\n<h2 data-path-to-node=\"20\">De 12 mestersmag-kombinationer<\/h2>\n<h4 data-path-to-node=\"21\">V\u00e6lg din seksdelt symfoni:<\/h4>\n<ol start=\"1\" data-path-to-node=\"22\">\n<li>\n<p data-path-to-node=\"22,0,0\">Peach Ice \/ Lemon Lime \/ Strawberry Watermelon \/ Raspberry Grape \/ Strawberry Mamba \/ Cherry Pomegranate<\/p>\n<\/li>\n<li>\n<p data-path-to-node=\"22,1,0\">Watermelon Ice \/ Apple Grape \/ Blueberry Raspberry \/ Mango Peach \/ Pineapple Orange \/ Blueberry Peach<\/p>\n<\/li>\n<li>\n<p data-path-to-node=\"22,2,0\">Grape Ice \/ Raspberry Lemon \/ Blueberry Red Bull \/ Pineapple Coconut \/ Strawberry Lychee \/ Black Dragon Ice<\/p>\n<\/li>\n<li>\n<p data-path-to-node=\"22,3,0\">Blueberry Ice \/ Raspberry Watermelon \/ Aloe Vera Grape \/ Strawberry Banana \/ Love 66 \/ Blueberry Cherry<\/p>\n<\/li>\n<li>\n<p data-path-to-node=\"22,4,0\">Apple Ice \/ Mixed Berries \/ Watermelon Bubble Gum \/ Blueberry Watermelon \/ Strawberry Mango \/ Aloe Mango Cantaloupe<\/p>\n<\/li>\n<li>\n<p data-path-to-node=\"22,5,0\">Pineapple Ice \/ Kiwi Passion Fruit Guava \/ Bearshaped Gummy Candies \/ Watermelon Dragon Fruit \/ Peach Mango Watermelon \/ Blueberry Cranberry Cherry<\/p>\n<\/li>\n<li>\n<p data-path-to-node=\"22,6,0\">Strawberry \/ Blackcurrantn Pineapple Ice \/ Tropical Fruits \/ Grape Bubblegum \/ Blueberry Grape \/ Mango Passion Fruit<\/p>\n<\/li>\n<li>\n<p data-path-to-node=\"22,7,0\">Triple Mango \/ Grape Peach \/ Strawberry Ice Cream \/ Strawberry Kiwi \/ Grape Energy \/ Red Cola<\/p>\n<\/li>\n<li>\n<p data-path-to-node=\"22,8,0\">Banana Ice \/ Aloe Vera Apple \/ Passion Fruit Grapefruit \/ Strawberry Coconut \/ Strawberry Watermelon Bubblegum \/ Watermelon Lime Ice<\/p>\n<\/li>\n<li>\n<p data-path-to-node=\"22,9,0\">Cherry Ice \/ Pink Lemon \/ Blueberry Mint \/ Banana Ice Cream \/ Passion Fruit Pineapple Ice Peach Ice \/ Green Apple Kiwi<\/p>\n<\/li>\n<li>\n<p data-path-to-node=\"22,10,0\">Rainbow Cy \/ Peach Pear Ice \/ Cappuccino \/ Fresh Mint Mojito \/ Strawberry Mango Blackcurrant \/ Marshmallow<\/p>\n<\/li>\n<li>\n<p data-path-to-node=\"22,11,0\">Blackcurrant \/ Triple Melon \/ Strawberry Raspberry \/ Super Berry \/ Blueberry Blackberry Strawberry \/ Peach Lemon Water<\/p>\n<\/li>\n<\/ol>\n<h2 data-path-to-node=\"24\">Ofte stillede sp\u00f8rgsm\u00e5l om Bang Blaze 200K 6 i 1<\/h2>\n<h5 data-path-to-node=\"25\">Sp: Hvad er pr\u00e6cis Bang Blaze 200000 Puffs?<\/h5>\n<p data-path-to-node=\"26\">Sv: Bang Blaze 200000 Puffs er en gr\u00e6nsebrydende, h\u00f8jkapacitets engangsvape. Det leverer massive <b data-path-to-node=\"26\" data-index-in-node=\"99\">200000 tr\u00e6k<\/b> gennem en unik <b data-path-to-node=\"26\" data-index-in-node=\"130\">6 i 1 uafh\u00e6ngigt smaksystem<\/b>, hvilket giver dig friheden til \u00f8jeblikkeligt at rotere gennem seks forskellige smage uden nogen smagsblandinger.<\/p>\n<h5 data-path-to-node=\"27\">Q: Hvordan fungerer denne \u201c6-i-1\u201d magi egentlig?<\/h5>\n<p data-path-to-node=\"28\">A: T\u00e6nk p\u00e5 det som en roterende cylinder. Enheden huser <b data-path-to-node=\"28\" data-index-in-node=\"58\">seks separate e-v\u00e6ske-kanaler<\/b>, hver med sit eget dedikeret varmelement. Ved blot at rotere den \u00f8verste mundstykke, klikker du sikkert ind i en ny smagskanal, hvilket sikrer en <b data-path-to-node=\"28\" data-index-in-node=\"231\">ren, ublandet og frisk tr\u00e6k<\/b> hver eneste gang.<\/p>\n<h5 data-path-to-node=\"29\">Q: F\u00e5r vi virkelig 200.000 drag?<\/h5>\n<p data-path-to-node=\"30\">A: Ja! Ved at fordele arbejdsbyrden p\u00e5 tv\u00e6rs af seks separate kamre i stedet for at br\u00e6nde ud en massiv spole, maksimerer Bang Blaze 200K e-v\u00e6ske-effektiviteten og giver <b data-path-to-node=\"30\" data-index-in-node=\"165\">op til 200.000 drag<\/b> afh\u00e6ngigt af din personlige tr\u00e6kl\u00e6ngde og vaner.<\/p>\n<h5 data-path-to-node=\"31\">Q: Vil smagene til sidst bl\u00f8 eller blande sig sammen?<\/h5>\n<p data-path-to-node=\"32\">A: Absolut ikke. Ville du h\u00e6lde kaffe i dit juiceglas? Selvf\u00f8lgelig ikke. Hver smag opererer inden for sit eget forseglet, uafh\u00e6ngigt \u00f8kosystem. Du skifter kanal, du skifter smag\u2014og holder hver note <b data-path-to-node=\"32\" data-index-in-node=\"211\">ren, konsistent og tro mod dens profil<\/b>.<\/p>\n<h5 data-path-to-node=\"33\">Q: Hvad er batterispecifikationerne, og kan det genoplades?<\/h5>\n<p data-path-to-node=\"34\">A: Det kommer udstyret med et robust <b data-path-to-node=\"34\" data-index-in-node=\"35\">600mAh genopladeligt batteri<\/b> og en praktisk <b data-path-to-node=\"34\" data-index-in-node=\"80\">Type-C-opladningsport<\/b>. Dette sikrer, at enheden opretholder stabil, kraftig damproduktion gennem hele dens massive multi-tank-levetid.<\/p>\n<h5 data-path-to-node=\"35\">Q: Har enheden en smart sk\u00e6rm?<\/h5>\n<p data-path-to-node=\"36\">A: Ja. Bang Blaze 200K har en intuitiv <b data-path-to-node=\"36\" data-index-in-node=\"50\">smart display<\/b> som klart viser dit resterende batteriliv og aktiv status, s\u00e5 du aldrig bliver overrasket af en d\u00f8d enhed.<\/p>\n<h5 data-path-to-node=\"37\">Q: Hvem er Bang Blaze 6 i 1 200.000 Drag bedst egnet til?<\/h5>\n<p data-path-to-node=\"38\">A: Dette apparat er den ultimative alt-i-\u00e9n-l\u00f8sning til:<\/p>\n<ul data-path-to-node=\"39\">\n<li>\n<p data-path-to-node=\"39,0,0\">Tunge brugere, der \u00f8nsker <b data-path-to-node=\"39,0,0\" data-index-in-node=\"20\">maksimalt puff-antal<\/b> og udholdenhed.<\/p>\n<\/li>\n<li>\n<p data-path-to-node=\"39,1,0\">Smags-j\u00e6gere, der kr\u00e6ver <b data-path-to-node=\"39,1,0\" data-index-in-node=\"26\">smagsvarietet uden at b\u00e6re flere enheder<\/b>.<\/p>\n<\/li>\n<li>\n<p data-path-to-node=\"39,2,0\">Forhandlere, der s\u00f8ger efter en <b data-path-to-node=\"39,2,0\" data-index-in-node=\"24\">premium, opm\u00e6rksomhedskr\u00e6vende flagskibsprodukt<\/b> som giver h\u00f8j v\u00e6rdi.<\/p>\n<\/li>\n<\/ul>\n<\/div>\n<\/div>\n<\/div>\n<\/div>\n<\/div>\n<\/div>\n<\/div>\n<\/div>\n<\/div>\n<\/div>\n<\/div>\n<\/div>\n<\/div>\n<\/div>\n<\/div>\n<\/div>\n<\/div>\n<\/div>\n<\/div>\n<\/div>\n<\/div>\n<\/div>\n<\/div>\n<\/div>\n<\/div>\n<\/div>\n<\/div>\n<\/div>\n<\/div>\n<\/div>\n<\/div>\n<\/div>\n<\/div>\n<\/div>\n<\/div>\n<\/div>\n<\/div>\n<\/div>\n<\/div>\n<\/div>\n<\/div>\n<\/div>\n<\/div>\n<\/div>\n<\/div>\n<\/div>\n<\/div>\n<\/div>\n<\/div>\n<\/div>\n<\/div>\n<\/div>\n<\/div>\n<\/div>\n<\/div>\n<\/div>\n<\/div>\n<\/div>\n<\/div>\n<\/div>\n<\/div>\n<\/div>\n<\/div>\n<\/div>\n<\/div>\n<\/div>\n<\/div>\n<\/div>\n<\/div>\n<\/div>\n<\/div>\n<\/div>\n<\/div>\n<\/div>\n<\/div>\n<\/div>\n<\/div>\n<\/div>\n<\/div>\n<\/div>\n<\/div>\n<\/div>\n<\/div>\n<\/div>\n<\/div>\n<\/div>\n<\/div>\n<\/div>\n<\/div>\n<\/div>\n<\/div>\n<\/div>\n<\/div>\n<\/div>\n<\/div>\n<\/div>\n<\/div>\n<\/div>\n<\/div>\n<\/div>\n<\/div>\n<\/div>\n<\/div>\n<\/div>\n<\/div>\n<\/div>\n<\/div>\n<\/div>\n<\/div>\n<\/div>\n<\/div>\n<\/div>\n<\/div>","protected":false},"excerpt":{"rendered":"<div data-page-id=\"RAopf2sw9dtvw4cWYXpcTwo0n8g\" data-lark-html-role=\"root\" data-docx-has-block-data=\"false\">\n<div class=\"ace-line ace-line old-record-id-Uju9f3RXYd8dh2crAJbcBF3Un6M\">\n<div data-page-id=\"Dd8gfe2wRdT66jcgnqtcUwg5ndh\" data-lark-html-role=\"root\" data-docx-has-block-data=\"false\">\n<div class=\"ace-line ace-line old-record-id-FiRZf3qXpdK0RqcHt8wcxPTon8b\">\n<p data-path-to-node=\"2\">Bang Blaze 200000 Puffs er et sekskantede kraftcenter med seks separate e-v\u00e6ske-tanke. Roter blot mundstykket for at l\u00e5se op for en ny smag \u00f8jeblikkeligt. Med dedikerede mesh-spoler forbliver hvert tr\u00e6k levende gennem hele dets virkelig massive to-hundrede-tusinde puff-levetid.<\/p>\n<\/div>\n<\/div>\n<\/div>\n<\/div>","protected":false},"featured_media":8197,"comment_status":"open","ping_status":"closed","template":"","meta":{"_acf_changed":false,"inline_featured_image":false,"_sitemap_exclude":false,"_sitemap_priority":"","_sitemap_frequency":""},"product_brand":[90],"product_cat":[79],"product_tag":[],"class_list":{"0":"post-8184","1":"product","2":"type-product","3":"status-publish","4":"has-post-thumbnail","6":"product_brand-bang","7":"product_cat-bang-puff","9":"first","10":"instock","11":"sale","12":"shipping-taxable","13":"purchasable","14":"product-type-variable","15":"has-default-attributes"},"acf":[],"tiered_pricing_type":"fixed","tiered_pricing_fixed_rules":{"30":9.47,"60":8.65,"100":7.99,"200":7.45},"tiered_pricing_product_settings":{"layout":"default","base_unit_name":{"singular":null,"plural":null},"default_variation":null},"tiered_pricing_minimum_quantity":10,"tiered_pricing_roles_data":[],"tiered_pricing_percentage_rules":[],"tiered_pricing_maximum_quantity":null,"tiered_pricing_quantity_step":"10","_links":{"self":[{"href":"https:\/\/oiovape.com\/da\/wp-json\/wp\/v2\/product\/8184","targetHints":{"allow":["GET"]}}],"collection":[{"href":"https:\/\/oiovape.com\/da\/wp-json\/wp\/v2\/product"}],"about":[{"href":"https:\/\/oiovape.com\/da\/wp-json\/wp\/v2\/types\/product"}],"replies":[{"embeddable":true,"href":"https:\/\/oiovape.com\/da\/wp-json\/wp\/v2\/comments?post=8184"}],"version-history":[{"count":2,"href":"https:\/\/oiovape.com\/da\/wp-json\/wp\/v2\/product\/8184\/revisions"}],"predecessor-version":[{"id":8199,"href":"https:\/\/oiovape.com\/da\/wp-json\/wp\/v2\/product\/8184\/revisions\/8199"}],"wp:featuredmedia":[{"embeddable":true,"href":"https:\/\/oiovape.com\/da\/wp-json\/wp\/v2\/media\/8197"}],"wp:attachment":[{"href":"https:\/\/oiovape.com\/da\/wp-json\/wp\/v2\/media?parent=8184"}],"wp:term":[{"taxonomy":"product_brand","embeddable":true,"href":"https:\/\/oiovape.com\/da\/wp-json\/wp\/v2\/product_brand?post=8184"},{"taxonomy":"product_cat","embeddable":true,"href":"https:\/\/oiovape.com\/da\/wp-json\/wp\/v2\/product_cat?post=8184"},{"taxonomy":"product_tag","embeddable":true,"href":"https:\/\/oiovape.com\/da\/wp-json\/wp\/v2\/product_tag?post=8184"}],"curies":[{"name":"wp","href":"https:\/\/api.w.org\/{rel}","templated":true}]}}