{"id":1674,"date":"2025-12-17T08:28:24","date_gmt":"2025-12-17T08:28:24","guid":{"rendered":"https:\/\/oiovape.com\/?page_id=1674"},"modified":"2026-01-12T02:58:49","modified_gmt":"2026-01-12T02:58:49","slug":"age-policy","status":"publish","type":"page","link":"https:\/\/oiovape.com\/de\/age-policy\/","title":{"rendered":"Altersrichtlinie"},"content":{"rendered":"<div data-elementor-type=\"wp-page\" data-elementor-id=\"1674\" class=\"elementor elementor-1674\">\n\t\t\t\t<div class=\"wd-negative-gap elementor-element elementor-element-4e56d09 e-flex e-con-boxed e-con e-parent\" data-id=\"4e56d09\" data-element_type=\"container\" data-e-type=\"container\">\n\t\t\t\t\t<div class=\"e-con-inner\">\n\t\t\t\t<div class=\"elementor-element elementor-element-414fd57 elementor-widget elementor-widget-heading\" data-id=\"414fd57\" data-element_type=\"widget\" data-e-type=\"widget\" data-widget_type=\"heading.default\">\n\t\t\t\t\t<h2 class=\"elementor-heading-title elementor-size-default\">OioVape Altersverifizierungsrichtlinie<\/h2>\t\t\t\t<\/div>\n\t\t\t\t<div class=\"elementor-element elementor-element-bf2d23f text-center color-scheme-inherit elementor-widget elementor-widget-text-editor\" data-id=\"bf2d23f\" data-element_type=\"widget\" data-e-type=\"widget\" data-widget_type=\"text-editor.default\">\n\t\t\t\t\t\t\t\t\t<div><span style=\"color: #000000;\">Gesetzliches Mindestalter f\u00fcr den Kauf: Sie m\u00fcssen mindestens <strong>21 Jahre alt<\/strong> sein, um Vape-Produkte von OioVape in den Vereinigten Staaten zu kaufen. Diese Anforderung ist durch Bundesrecht (Tobacco 21-Gesetzgebung) vorgeschrieben und gilt ohne Ausnahme f\u00fcr alle unsere Vertriebskan\u00e4le.<\/span><\/div><div><span style=\"color: #000000;\">Rechtliche Konsequenzen der Altersf\u00e4lschung: Ihr Alter zu f\u00e4lschen, um Vape-Produkte zu kaufen, ist ein Versto\u00df gegen das Bundesrecht. Ein solches Fehlverhalten wird zu <strong>sofortigen rechtlichen Ma\u00dfnahmen<\/strong>, f\u00fchren, einschlie\u00dflich m\u00f6glicher Geldstrafen und strafrechtlicher Anklagen.<\/span><\/div><div><span style=\"color: #000000;\">Verbot des Kaufs f\u00fcr Minderj\u00e4hrige: Es ist streng illegal, Vape-Produkte im Namen von jemandem unter <strong>21 Jahren<\/strong>. zu kaufen. Jeder, der gegen diese Regel verst\u00f6\u00dft, wird mit schweren rechtlichen Strafen rechnen m\u00fcssen, und wir behalten uns das Recht vor, solche Vorf\u00e4lle den zust\u00e4ndigen Beh\u00f6rden zu melden.<\/span><\/div><div><span style=\"color: #000000;\">Altersverifizierungsprozess: Wir implementieren einen <strong>strengen Altersverifizierungsprozess<\/strong> um die Einhaltung der Bundesvorschriften sicherzustellen. Sie sind verpflichtet, Ihren vollst\u00e4ndigen Namen, Ihre Wohnadresse, Ihr Geburtsdatum und die letzten 4 Ziffern Ihrer <strong>Sozialversicherungsnummer (SSN)<\/strong>. anzugeben. Diese Informationen werden mit offiziellen \u00f6ffentlichen Aufzeichnungen und f\u00fchrenden Drittanbieter-Verifizierungsdatenbanken abgeglichen.<\/span><\/div><div><span style=\"color: #000000;\">Keine SSN oder Verifizierungsprobleme? Wenn die erste Verifizierung fehlschl\u00e4gt oder Sie keine SSN haben, m\u00fcssen Sie ein klares Foto eines <strong>g\u00fcltigen, von der Regierung ausgestellten Ausweises<\/strong> (Reisepass, F\u00fchrerschein oder staatlicher Ausweis) hochladen. Der Ausweis muss Ihr Geburtsdatum und Ihren vollst\u00e4ndigen Namen deutlich zeigen, um akzeptiert zu werden.<\/span><\/div><div><span style=\"color: #000000;\">Recht auf Bestellverweigerung: Wir behalten uns das Recht vor, <strong>jede Bestellung<\/strong> zu stornieren, wenn die Altersverifizierung nicht erfolgreich abgeschlossen werden kann. Es werden keine Verhandlungen \u00fcber Bestellungen gef\u00fchrt, die aufgrund fehlgeschlagener Altersverifizierung storniert wurden.<\/span><\/div><div><span style=\"color: #000000;\">Engagement zur Verhinderung von Verk\u00e4ufen an Jugendliche: <strong>Die Verhinderung des Zugangs von Minderj\u00e4hrigen zu Vape-Produkten<\/strong> hat f\u00fcr uns oberste Priorit\u00e4t. Unser strenger Verifizierungsprozess ist darauf ausgelegt, sicherzustellen, dass niemand unter 21 unsere Produkte kaufen kann, was mit unserer Verantwortung \u00fcbereinstimmt, die Gesundheit von Jugendlichen zu sch\u00fctzen.<\/span><\/div><div><span style=\"color: #000000;\">Verweigerung oder Einschr\u00e4nkung von Dienstleistungen: In bestimmten F\u00e4llen k\u00f6nnen wir Online-Bestellungen ablehnen oder einschr\u00e4nken, um die Einhaltung von Bundes- und Landesgesetzen zu gew\u00e4hrleisten. Wenn Sie der Meinung sind, dass Ihre Bestellung zu Unrecht abgelehnt wurde, wenden Sie sich bitte an unser Kundenserviceteam zur Unterst\u00fctzung.<\/span><\/div><div><span style=\"color: #000000;\">Website-Warnung: Eine auff\u00e4llige Warnung bez\u00fcglich der <strong>21+-Kaufanforderung<\/strong> f\u00fcr Vape-Produkte wird auf der Startseite unserer Website angezeigt. Durch den Zugriff auf unsere Seite best\u00e4tigen Sie, dass Sie diese Altersbeschr\u00e4nkung gelesen und verstanden haben.<\/span><\/div><div><span style=\"color: #000000;\">Bei <\/span><span style=\"color: #000000; font-family: 'Work Sans', Arial, Helvetica, sans-serif; font-size: 15px; font-style: normal; font-variant-ligatures: normal; font-variant-caps: normal; font-weight: 400;\">OioVape<\/span><span style=\"color: #000000;\">, <strong>sind verantwortungsvolle Verk\u00e4ufe und Compliance<\/strong> grundlegend f\u00fcr unsere Gesch\u00e4ftst\u00e4tigkeit. Unsere strengen Altersverifizierungsma\u00dfnahmen sind nicht nur rechtliche Verpflichtungen, sondern auch ein Engagement f\u00fcr die Sicherheit der Vape-Community. Wir bem\u00fchen uns, eine legale und verantwortungsvolle Dampfumgebung f\u00fcr erwachsene Nutzer zu f\u00f6rdern. W\u00e4hlen Sie Compliance, w\u00e4hlen Sie <\/span><span style=\"color: #000000; font-family: 'Work Sans', Arial, Helvetica, sans-serif; font-size: 15px; font-style: normal; font-variant-ligatures: normal; font-variant-caps: normal; font-weight: 400;\">OioVape<\/span><span style=\"color: #000000;\">.<\/span><\/div><div><span style=\"color: #000000;\">Unsere Mission: Exklusiv Kunden zu bedienen, die <strong>21 Jahre oder \u00e4lter<\/strong>. sind. Wir halten uns kompromisslos an die Bundesgesetze Tobacco 21 und alle relevanten Vorschriften. Unser Verifizierungssystem kombiniert pers\u00f6nliche Informationsabgleiche und ID-Verifizierung, um Verk\u00e4ufe an Minderj\u00e4hrige zu eliminieren. \u00dcber Ihr Alter zu l\u00fcgen oder f\u00fcr Minderj\u00e4hrige zu kaufen, f\u00fchrt zu <strong>sofortigen rechtlichen Konsequenzen<\/strong>\u2014keine Ausnahmen.<\/span><\/div><div><span style=\"color: #000000;\">Keine SSN? Laden Sie Ihren g\u00fcltigen Ausweis hoch. Zweifel an Ihrem Alter? Ihre Bestellung wird <strong>nicht bearbeitet<\/strong>. Punkt.<\/span><\/div><div><span style=\"color: #000000;\">Beschwerden \u00fcber abgelehnte Bestellungen: F\u00fcr Anfragen oder Beschwerden bez\u00fcglich abgelehnter Bestellungen senden Sie bitte eine E-Mail an unser Kundenserviceteam. Wir nehmen alle R\u00fcckmeldungen ernst und werden Ihren Fall umgehend pr\u00fcfen.<\/span><\/div>\t\t\t\t\t\t\t\t<\/div>\n\t\t\t\t\t<\/div>\n\t\t\t\t<\/div>\n\t\t\t\t<\/div>","protected":false},"excerpt":{"rendered":"<p>OioVape Age Verification Policy Legal Age for Purchase: You must be at least 21 years old to buy any vape<\/p>","protected":false},"author":1,"featured_media":0,"parent":0,"menu_order":0,"comment_status":"closed","ping_status":"closed","template":"","meta":{"_acf_changed":false,"inline_featured_image":false,"_sitemap_exclude":false,"_sitemap_priority":"","_sitemap_frequency":"","footnotes":""},"class_list":["post-1674","page","type-page","status-publish","hentry"],"acf":[],"_links":{"self":[{"href":"https:\/\/oiovape.com\/de\/wp-json\/wp\/v2\/pages\/1674","targetHints":{"allow":["GET"]}}],"collection":[{"href":"https:\/\/oiovape.com\/de\/wp-json\/wp\/v2\/pages"}],"about":[{"href":"https:\/\/oiovape.com\/de\/wp-json\/wp\/v2\/types\/page"}],"author":[{"embeddable":true,"href":"https:\/\/oiovape.com\/de\/wp-json\/wp\/v2\/users\/1"}],"replies":[{"embeddable":true,"href":"https:\/\/oiovape.com\/de\/wp-json\/wp\/v2\/comments?post=1674"}],"version-history":[{"count":0,"href":"https:\/\/oiovape.com\/de\/wp-json\/wp\/v2\/pages\/1674\/revisions"}],"wp:attachment":[{"href":"https:\/\/oiovape.com\/de\/wp-json\/wp\/v2\/media?parent=1674"}],"curies":[{"name":"wp","href":"https:\/\/api.w.org\/{rel}","templated":true}]}}