{"id":2099,"date":"2025-12-23T09:08:18","date_gmt":"2025-12-23T09:08:18","guid":{"rendered":"https:\/\/oiovape.com\/?page_id=2099"},"modified":"2026-01-12T02:53:11","modified_gmt":"2026-01-12T02:53:11","slug":"shipping-policy","status":"publish","type":"page","link":"https:\/\/oiovape.com\/de\/shipping-policy\/","title":{"rendered":"Versandrichtlinie"},"content":{"rendered":"<div data-elementor-type=\"wp-page\" data-elementor-id=\"2099\" class=\"elementor elementor-2099\">\n\t\t\t\t<div class=\"wd-negative-gap elementor-element elementor-element-227fce7a e-flex e-con-boxed e-con e-parent\" data-id=\"227fce7a\" data-element_type=\"container\" data-e-type=\"container\">\n\t\t\t\t\t<div class=\"e-con-inner\">\n\t\t\t\t<div class=\"elementor-element elementor-element-5590ea24 color-scheme-inherit text-left elementor-widget elementor-widget-text-editor\" data-id=\"5590ea24\" data-element_type=\"widget\" data-e-type=\"widget\" data-widget_type=\"text-editor.default\">\n\t\t\t\t\t\t\t\t\t<div data-page-id=\"OlLmfVL21dWsjWcTd4zcJPUmn1d\" data-lark-html-role=\"root\" data-docx-has-block-data=\"false\"><h1 class=\"ace-line ace-line old-record-id-OlLmfVL21dWsjWcTd4zcJPUmn1d\" style=\"text-align: center;\">OioVape Versandrichtlinie<\/h1><div class=\"ace-line ace-line old-record-id-QTi3fRPBLdHmudcHG0ics0HbnXc\"><p><span style=\"color: #000000;\">Bei <a href=\"https:\/\/oiovape.com\/de\/\"><span style=\"color: #0000ff;\">OioVape<\/span><\/a>, sind wir bestrebt, sicherzustellen, dass jede Bestellung sicher, gesch\u00fctzt und p\u00fcnktlich bei Ihnen ankommt. Im Folgenden finden Sie die detaillierten Bedingungen unserer Bestellbearbeitung und Versandrichtlinien, um Ihnen den gesamten Lieferprozess klar zu erl\u00e4utern:<br \/><\/span><\/p><p><img decoding=\"async\" class=\"wp-image-2589 size-full\" title=\"DHL Transport\" src=\"https:\/\/oiovape.com\/wp-content\/uploads\/2025\/12\/DHL-Transportation-scaled.jpg\" alt=\"DHL Transport\" width=\"2560\" height=\"1252\" srcset=\"https:\/\/oiovape.com\/wp-content\/uploads\/2025\/12\/DHL-Transportation-scaled.jpg 2560w, https:\/\/oiovape.com\/wp-content\/uploads\/2025\/12\/DHL-Transportation-300x147.jpg 300w, https:\/\/oiovape.com\/wp-content\/uploads\/2025\/12\/DHL-Transportation-1024x501.jpg 1024w, https:\/\/oiovape.com\/wp-content\/uploads\/2025\/12\/DHL-Transportation-768x376.jpg 768w, https:\/\/oiovape.com\/wp-content\/uploads\/2025\/12\/DHL-Transportation-1536x751.jpg 1536w, https:\/\/oiovape.com\/wp-content\/uploads\/2025\/12\/DHL-Transportation-2048x1002.jpg 2048w, https:\/\/oiovape.com\/wp-content\/uploads\/2025\/12\/DHL-Transportation-1200x587.jpg 1200w, https:\/\/oiovape.com\/wp-content\/uploads\/2025\/12\/DHL-Transportation-150x73.jpg 150w\" sizes=\"(max-width: 2560px) 100vw, 2560px\" \/><\/p><p><span style=\"color: #000000;\">\u00a0<\/span><\/p><\/div><h2 class=\"heading-2 ace-line old-record-id-IIyofRUcbdWiUtcDmKFc0czWn4f\"><span style=\"color: #000000;\">Bestellbearbeitung<\/span><\/h2><div class=\"ace-line ace-line old-record-id-V3tWfDBBJdQrl8cgQiScHZcWnbb\"><span style=\"color: #000000;\">Alle Bestellungen werden innerhalb von 3-5 Werktagen nach der Bestellung bearbeitet und versandt. In der Regel k\u00f6nnen Sie damit rechnen, Ihr Paket innerhalb von 10-18 Werktagen nach dem Versand zu erhalten. Bitte beachten Sie, dass wir Bestellungen an Wochenenden oder Feiertagen nicht bearbeiten oder versenden. W\u00e4hrend der Hauptverkaufszeiten oder Aktionszeitr\u00e4ume kann es zu leichten Verz\u00f6gerungen bei der Bestellbearbeitung kommen; wir werden Sie per E-Mail benachrichtigen, wenn die Verz\u00f6gerung 7 Werktage \u00fcberschreitet.<\/span><\/div><h2 class=\"heading-2 ace-line old-record-id-PX26fcAjyd02hycPRYQcDFt9nEO\"><span style=\"color: #000000;\">Verfolgung Ihrer Bestellung<\/span><\/h2><div class=\"ace-line ace-line old-record-id-NzMEfuFCTddSZYcr73Pcg293nHd\"><span style=\"color: #000000;\">Sobald Ihre Bestellung versandt wurde, erhalten Sie umgehend eine Versandbest\u00e4tigung per E-Mail mit der Sendungsverfolgungsnummer an Ihre registrierte E-Mail-Adresse. Bitte \u00fcberpr\u00fcfen Sie regelm\u00e4\u00dfig Ihren Posteingang, einschlie\u00dflich des Spam-\/Junk-Ordners, und f\u00fcgen Sie unsere offizielle E-Mail zu Ihrer vertrauensw\u00fcrdigen Liste hinzu, um sicherzustellen, dass Sie die Benachrichtigung umgehend erhalten.<\/span><\/div><div class=\"ace-line ace-line old-record-id-MY1ufOkPlden1lcxgN9cGxaKnzb\"><span style=\"color: #000000;\">Sie k\u00f6nnen den Echtzeitstatus Ihrer Bestellung verfolgen, indem Sie <a href=\"http:\/\/17track.net\/\" target=\"_blank\" rel=\"noopener\"><span style=\"color: #0000ff;\">17track.net<\/span><\/a>\u00a0besuchen und Ihre Sendungsverfolgungsnummer eingeben. Bitte beachten Sie, dass die Sendungsverfolgungsinformationen nach dem Versand der Bestellung 3-7 Werktage ben\u00f6tigen k\u00f6nnen, um auf der Plattform aktualisiert zu werden, was eine \u00fcbliche Praxis in der Logistikbranche ist.<\/span><\/div><h2 class=\"heading-2 ace-line old-record-id-VeZvfgDgtdcceOccp16c62yjnMd\"><span style=\"color: #000000;\">Bestell\u00e4nderungen und Stornierungen<\/span><\/h2><div class=\"ace-line ace-line old-record-id-R7apf5LYudH8LDcs3hxcoMZxnAg\"><span style=\"color: #000000;\">Wenn Sie Ihre Bestellung stornieren oder die Lieferadresse \u00e4ndern m\u00fcssen, wenden Sie sich bitte so schnell wie m\u00f6glich an unser Kundenserviceteam. Wir k\u00f6nnen solche Anfragen kostenlos bearbeiten, solange die Bestellung noch nicht bearbeitet oder versandt wurde. Sobald die Bestellung versandt wurde, k\u00f6nnen wir die Bestellung nicht mehr stornieren, die Adresse nicht \u00e4ndern oder R\u00fcckerstattungen im Zusammenhang mit Versand\u00e4nderungen bearbeiten.<\/span><\/div><h2 class=\"heading-2 ace-line old-record-id-CZ2IftoLLd59SocbxQRcHydbn1e\"><span style=\"color: #000000;\">Zoll- und Abfertigungsdienste<\/span><\/h2><div class=\"ace-line ace-line old-record-id-BEiJfC8N4dujRScwN3mc7VWbnRA\"><span style=\"color: #000000;\">Um Ihnen ein problemloses Einkaufserlebnis zu bieten, bieten wir DDP (Delivered Duty Paid) Versanddienste f\u00fcr die folgenden L\u00e4nder\/Regionen an. Unter DDP-Bedingungen werden alle Zollgeb\u00fchren, Steuern und Abfertigungsgeb\u00fchren von OioVape im Voraus bezahlt, und Sie m\u00fcssen bei der Lieferung keine zus\u00e4tzlichen Geb\u00fchren zahlen:<\/span><\/div><ul class=\"list-bullet1\"><li class=\"ace-line ace-line old-record-id-I1XRfliTtdHY6DcPjhEcugtYnmh\" data-list=\"bullet\"><div><span style=\"color: #000000;\"><strong>Europ\u00e4ische Union:<\/strong> Versand \u00fcber DHL Express \/ DPD Express<\/span><\/div><\/li><li class=\"ace-line ace-line old-record-id-Usf0fBwh5dR8bZcdVebcMcuzncf\" data-list=\"bullet\"><div><span style=\"color: #000000;\"><strong>Vereinigtes K\u00f6nigreich:<\/strong> Versand \u00fcber DPD Express (mit CE-Zertifizierung)<\/span><\/div><\/li><li class=\"ace-line ace-line old-record-id-YCWRf6bDPdsT7ect7secM9jKnHe\" data-list=\"bullet\"><div><span style=\"color: #000000;\"><strong>Vereinigte Staaten:<\/strong> Versand \u00fcber UPS (au\u00dfer Alaska, Hawaii und eingeschr\u00e4nkten Bundesstaaten\/St\u00e4dten gem\u00e4\u00df PACT-Gesetz)<\/span><\/div><\/li><li class=\"ace-line ace-line old-record-id-HlAyfxseKdmSNyclivDcWkPFnfh\" data-list=\"bullet\"><div><span style=\"color: #000000;\"><strong>Kanada:<\/strong> Versand \u00fcber UPS Express (konform mit den Vorschriften von Health Canada)<\/span><\/div><\/li><li class=\"ace-line ace-line old-record-id-XzfvfG5DGdWQGkcPZFhcwvNYnbh\" data-list=\"bullet\"><div><span style=\"color: #000000;\"><strong>Australien:<\/strong> Versand \u00fcber Australia Post (unterliegt den lokalen Vorschriften f\u00fcr Dampfprodukte)<\/span><\/div><\/li><\/ul><div class=\"ace-line ace-line old-record-id-Wv1JfYRcQd4HmHcaEcrcEivPnLd\"><span style=\"color: #000000;\">Bitte beachten Sie, dass DDP-Dienste nicht in allen Regionen verf\u00fcgbar sind. F\u00fcr L\u00e4nder mit strengen Zollbestimmungen f\u00fcr Dampfprodukte (wie D\u00e4nemark, Norwegen, Schweiz und bestimmten s\u00fcdostasiatischen L\u00e4ndern) sind DDP-Dienste m\u00f6glicherweise nicht verf\u00fcgbar. In solchen F\u00e4llen k\u00f6nnen zus\u00e4tzliche Zollgeb\u00fchren in H\u00f6he von 10 bis 80 EUR anfallen, die vom Empf\u00e4nger zu tragen sind.<\/span><\/div><h2 class=\"heading-2 ace-line old-record-id-XiFQfC8phdtOKOc0Rvqc9ZsjnHf\"><span style=\"color: #000000;\">Versandbeschr\u00e4nkungen &amp; Compliance<\/span><\/h2><div class=\"ace-line ace-line old-record-id-ZU8kfHgo5d6zKGcXeHncvlMjnPN\"><span style=\"color: #000000;\">In \u00dcbereinstimmung mit dem Prevent All Cigarette Trafficking (PACT) Act und den lokalen Vorschriften versenden wir keine Dampfprodukte an die folgenden US-Bundesstaaten\/St\u00e4dte:<\/span><\/div><ul class=\"list-bullet1\"><li class=\"ace-line ace-line old-record-id-MeZOfwdzCd7CnJcmQQwcZ8DGnsb\" data-list=\"bullet\"><div><span style=\"color: #000000;\"><strong>Bundesstaaten mit vollst\u00e4ndigen Verboten:<\/strong> Arkansas, Georgia, Louisiana, Maine, New Hampshire, Oregon, South Dakota, Utah, Vermont<\/span><\/div><\/li><li class=\"ace-line ace-line old-record-id-AhphfqNhJdC8HBcekBlcsGgBnNg\" data-list=\"bullet\"><div><span style=\"color: #000000;\"><strong>Bundesstaaten mit Verboten f\u00fcr aromatisierte Produkte:<\/strong> Kalifornien, Massachusetts, Montana, New Jersey, Rhode Island, Washington D.C. (nur Tabak-aromatisierte und unaromatisierte Produkte sind erlaubt)<\/span><\/div><\/li><li class=\"ace-line ace-line old-record-id-VS1zfIRO8d5jZ9crfqlcdOUpndh\" data-list=\"bullet\"><div><span style=\"color: #000000;\"><strong>Besondere Einschr\u00e4nkungen:<\/strong> New York (keine E-Liquid-Lieferungen), Maryland (keine Lieferungen von Einweg-Vapes)<\/span><\/div><\/li><\/ul><div class=\"ace-line ace-line old-record-id-Sr9AfWp9IdM9XhcBH5lcCCSTnjg\"><span style=\"color: #000000;\">Die Altersverifikation ist vor dem Checkout obligatorisch, und alle Bestellungen erfordern eine Unterschrift eines Erwachsenen (18+) bei der Lieferung. Wir versenden nicht an Postf\u00e4cher, APO\/FPO-Adressen oder Milit\u00e4rbasen.<\/span><\/div><h2 class=\"heading-2 ace-line old-record-id-QuP7fgoEfdbGpVcaSHDc5yINn9b\"><span style=\"color: #000000;\">Zus\u00e4tzliche Informationen<\/span><\/h2><div class=\"ace-line ace-line old-record-id-JHO6fIe9KdTKc8cFZpWc0OqYn8b\"><span style=\"color: #000000;\">Wenn Ihre Bestellung aufgrund falscher Adressinformationen, Nichterf\u00fcllung der Altersverifikation oder Nichteinhaltung der lokalen Vorschriften abgelehnt, zur\u00fcckgeschickt oder nicht zugestellt wird, beh\u00e4lt sich OioVape das Recht vor, entsprechende Geb\u00fchren (einschlie\u00dflich R\u00fccksendekosten und Bearbeitungsgeb\u00fchren) zu erheben. Wir empfehlen dringend, alle Lieferdetails und lokalen Vorschriften f\u00fcr Dampfprodukte beim Checkout zu \u00fcberpr\u00fcfen, um unn\u00f6tige Probleme zu vermeiden.<\/span><\/div><div class=\"ace-line ace-line old-record-id-T8avfjDpHdnGRBcLEYccv7VRnPg\"><span style=\"color: #000000;\">F\u00fcr abgelegene Gebiete (z. B. l\u00e4ndliche Regionen au\u00dferhalb gro\u00dfer St\u00e4dte) k\u00f6nnen zus\u00e4tzliche Versandgeb\u00fchren anfallen, und die Lieferzeiten k\u00f6nnen sich um 3-5 Werktage verl\u00e4ngern. W\u00e4hrend wir uns bem\u00fchen, eine p\u00fcnktliche Lieferung sicherzustellen, k\u00f6nnen aufgrund lokaler Logistikbedingungen unvermeidbare Verz\u00f6gerungen auftreten, und wir werden Sie \u00fcber alle wesentlichen Verz\u00f6gerungen informieren.<\/span><\/div><h2 class=\"heading-2 ace-line old-record-id-KsmefQr7OdJJmnc5cGJchxHtn4T\"><span style=\"color: #000000;\">Kundenservice<\/span><\/h2><div class=\"ace-line ace-line old-record-id-G5TNfAQphdCBTFcg8GRceNPRn6c\"><span style=\"color: #000000;\">Wenn Sie Fragen, Bedenken oder besondere W\u00fcnsche bez\u00fcglich der Lieferung Ihrer Bestellung haben, z\u00f6gern Sie bitte nicht, unser Kundenserviceteam zu kontaktieren. Sie erreichen uns per E-Mail unter <strong>info@oiovape.com<\/strong> oder \u00fcber das Formular \u201cKontaktieren Sie uns\u201d auf unserer Website. Unser Team steht Ihnen rund um die Uhr zur Verf\u00fcgung, um Ihnen professionelle Unterst\u00fctzung zu bieten.<\/span><\/div><div class=\"ace-line ace-line old-record-id-Y8QLfkKuHdlQXech2EWcU64zngd\"><span style=\"color: #000000;\">Vielen Dank, dass Sie sich f\u00fcr OioVape entschieden haben. Wir freuen uns darauf, Ihnen ein erstklassiges Einkaufs- und Lieferungserlebnis zu bieten!<\/span><\/div><\/div>\t\t\t\t\t\t\t\t<\/div>\n\t\t\t\t\t<\/div>\n\t\t\t\t<\/div>\n\t\t\t\t<\/div>","protected":false},"excerpt":{"rendered":"<p>OioVape Shipping Policy At OioVape, we are committed to ensuring that every order is delivered to you safely, securely and<\/p>","protected":false},"author":1,"featured_media":0,"parent":0,"menu_order":0,"comment_status":"closed","ping_status":"closed","template":"","meta":{"_acf_changed":false,"inline_featured_image":false,"_sitemap_exclude":false,"_sitemap_priority":"","_sitemap_frequency":"","footnotes":""},"class_list":["post-2099","page","type-page","status-publish","hentry"],"acf":[],"_links":{"self":[{"href":"https:\/\/oiovape.com\/de\/wp-json\/wp\/v2\/pages\/2099","targetHints":{"allow":["GET"]}}],"collection":[{"href":"https:\/\/oiovape.com\/de\/wp-json\/wp\/v2\/pages"}],"about":[{"href":"https:\/\/oiovape.com\/de\/wp-json\/wp\/v2\/types\/page"}],"author":[{"embeddable":true,"href":"https:\/\/oiovape.com\/de\/wp-json\/wp\/v2\/users\/1"}],"replies":[{"embeddable":true,"href":"https:\/\/oiovape.com\/de\/wp-json\/wp\/v2\/comments?post=2099"}],"version-history":[{"count":3,"href":"https:\/\/oiovape.com\/de\/wp-json\/wp\/v2\/pages\/2099\/revisions"}],"predecessor-version":[{"id":3584,"href":"https:\/\/oiovape.com\/de\/wp-json\/wp\/v2\/pages\/2099\/revisions\/3584"}],"wp:attachment":[{"href":"https:\/\/oiovape.com\/de\/wp-json\/wp\/v2\/media?parent=2099"}],"curies":[{"name":"wp","href":"https:\/\/api.w.org\/{rel}","templated":true}]}}