{"id":2617,"date":"2025-12-30T02:28:31","date_gmt":"2025-12-30T02:28:31","guid":{"rendered":"https:\/\/oiovape.com\/?post_type=product&#038;p=2617"},"modified":"2026-03-03T18:03:43","modified_gmt":"2026-03-03T10:03:43","slug":"uzy-6-in-1-150000-puffs","status":"publish","type":"product","link":"https:\/\/oiovape.com\/de\/product\/uzy-6-in-1-150000-puffs\/","title":{"rendered":"UZY 6 IN 1 150000 PUFFS Sechs Geschm\u00e4cker 64ml E-Liquid Wiederaufladbarer Einweg Vape Pen"},"content":{"rendered":"<div data-page-id=\"ZVeMfq8uxd7y1ycuKm5cym4LnYd\" data-lark-html-role=\"root\" data-docx-has-block-data=\"false\">\n<div data-page-id=\"Fd41fZ5N9dzRQtcRNoVc2FuDnCh\" data-lark-html-role=\"root\" data-docx-has-block-data=\"true\">\n<h1 class=\"ace-line ace-line old-record-id-Fd41fZ5N9dzRQtcRNoVc2FuDnCh\">UZY 6 IN 1 150000 Z\u00fcge Vape: Geschm\u00e4cker &amp; Kernvorteile<\/h1>\n<div class=\"ace-line ace-line old-record-id-HWJ0fBetod8vjkcLPCpcFQXZn8e\">Die UZY 6 IN 1 150000 Z\u00fcge Vape definiert das Erlebnis von Einweg-Vapes mit ihrer reichen Geschmacksvielfalt und praktischen innovativen Funktionen neu. Mit 6 Geschmacksoptionen in einem Ger\u00e4t spricht sie unterschiedliche Geschmackspr\u00e4ferenzen an und gew\u00e4hrleistet gleichzeitig eine langanhaltende Nutzung und bequeme Bedienung. Egal, ob Sie fruchtige S\u00fc\u00dfe, eisige Frische oder einzigartige Mischnoten bevorzugen, diese Vape hat f\u00fcr jeden Dampfer etwas zu bieten.<\/div>\n<h2 class=\"heading-2 ace-line old-record-id-UN5ifkGDud8DG2cqSiycG5PhnZf\">Geschmacksauswahl: Vielf\u00e4ltige Geschm\u00e4cker f\u00fcr jede Vorliebe<\/h2>\n<div class=\"ace-line ace-line old-record-id-ValrfkqEVdPkfOct7BkcZfp3n0d\">Mit 30 verschiedenen Geschm\u00e4ckern, die in 10 sorgf\u00e4ltig zusammengestellten Sets unterteilt sind, deckt die UZY 6 IN 1 Vape ein breites Spektrum an Geschmacksprofilen ab. Jedes Set kombiniert erg\u00e4nzende Geschm\u00e4cker, sodass die Benutzer m\u00fchelos zwischen verschiedenen Geschm\u00e4ckern wechseln k\u00f6nnen. Im Folgenden finden Sie die detaillierten Geschmacks-Kombinationen:<\/div>\n<h3 class=\"heading-3 ace-line old-record-id-VgEkfvuHTdhjoCc7xPgcX4OTn7e\">Geschmacks-Set 1<\/h3>\n<h4 class=\"heading-4 ace-line old-record-id-VHHpfRzaRdHLxYcvxmBcVpzEnxw\">Wassermelonen-Eis \/ Erdbeer-Mamba \/ Erdbeere-Wassermelone<\/h4>\n<div class=\"ace-line ace-line old-record-id-AW6sfISzwd9rbecem0WcsLKqnOh\">Ein erfrischendes fruchtiges Trio mit der knackigen S\u00fc\u00dfe von Wassermelone, dem kr\u00e4ftigen Beerengeschmack von Erdbeer-Mamba und der perfekten Mischung aus Erdbeere und Wassermelone f\u00fcr einen ausgewogenen Geschmack.<\/div>\n<h3 class=\"heading-3 ace-line old-record-id-RY5JfjtpAd3zDFcQp8qcNMh6nRb\">Geschmacks-Set 2<\/h3>\n<h4 class=\"heading-4 ace-line old-record-id-JeNofaDBCdtdCocwpHqcj12tnxb\">Heidelbeer-Eis \/ Himbeer-Zitrone \/ Wassermelonen-Kaugummi<\/h4>\n<div class=\"ace-line ace-line old-record-id-XRbcfbiJwdSqwvclawEc7N6in2d\">Dieses Set kombiniert eisige Heidelbeer-Frische, spritzige Himbeer-Zitronen-S\u00e4ure und die nostalgische S\u00fc\u00dfe von Wassermelonen-Kaugummi und bietet eine vielseitige Palette von Geschm\u00e4ckern von k\u00fchl bis fruchtig-s\u00fc\u00df.<\/div>\n<h3 class=\"heading-3 ace-line old-record-id-DgzEfJlJ5dMpKgczZJacuYfnnZb\">Geschmacks-Set 3<\/h3>\n<h4 class=\"heading-4 ace-line old-record-id-FSvzf36W2dbSyrcQ5C6cR42hnub\">Erdbeere-Kiwi \/ Heidelbeer-Kokosnuss \/ Gemischte Beeren<\/h4>\n<div class=\"ace-line ace-line old-record-id-Xwbof0GTCdn5a5cUs2acYWX4nud\">Genie\u00dfen Sie die s\u00fc\u00df-s\u00e4uerliche Kombination aus Erdbeere und Kiwi, die cremige Fusion von Heidelbeere und Kokosnuss sowie eine reichhaltige Mischung aus gemischten Beeren, die ein vielschichtiges Fruchterlebnis bietet.<\/div>\n<h3 class=\"heading-3 ace-line old-record-id-UEw8f0LV7d5gQAc0Zkyc6vFgnmc\">Geschmacks-Set 4<\/h3>\n<h4 class=\"heading-4 ace-line old-record-id-CKaJfrU3CdlC7Sc5aYYcMqntn7c\">Trauben-Eis \/ Mango-Pfirsich \/ Heidelbeer-Wassermelone<\/h4>\n<div class=\"ace-line ace-line old-record-id-FAORfVINede1VncsG4JcrOOunGg\">Verw\u00f6hnen Sie sich mit dem k\u00fchlen, s\u00fc\u00dfen Geschmack von Trauben-Eis, der tropischen Mischung aus Mango und Pfirsich sowie der harmonischen Kombination aus Heidelbeere und Wassermelone f\u00fcr eine erfrischende und fruchtige Dampfsitzung.<\/div>\n<h3 class=\"heading-3 ace-line old-record-id-UlMtfxTcXdTPcOctmr5cV3MMn9f\">Geschmacks-Set 5<\/h3>\n<h4 class=\"heading-4 ace-line old-record-id-SuDWfMyAid5guUcVzIscKv17nLe\">Heidelbeer-Himbeere \/ Dreifach-Melone \/ Erdbeer-Eis<\/h4>\n<div class=\"ace-line ace-line old-record-id-A6uYfnRzfdFAaYc92PmcqLWMnvf\">Dieses Set bietet die spritzig-s\u00fc\u00dfe Kombination aus Heidelbeere und Himbeere, eine reichhaltige Dreifach-Melonen-Mischung f\u00fcr einen saftigen Geschmack und die k\u00fchlende Frische von Erdbeer-Eis.<\/div>\n<h3 class=\"heading-3 ace-line old-record-id-D2l6fRTmbdWm6xcxAATclc4UnAy\">Geschmacks-Set 6<\/h3>\n<h4 class=\"heading-4 ace-line old-record-id-Q13Efz3YBdmmh0cpZ2Tcv99nnMf\">Erdbeere-Kiwi \/ Heidelbeer-Eis \/ Kirsch-Eis<\/h4>\n<div class=\"ace-line ace-line old-record-id-Be49fInwGdAP84c5lfVcknO8nwc\">Eine Mischung aus Favoriten: das klassische Erdbeere-Kiwi-Duo, eisige Heidelbeeren f\u00fcr einen k\u00fchlen Treffer und Kirsch-Eis, das s\u00fc\u00dfe Kirsche mit einer erfrischenden K\u00fchle kombiniert.<\/div>\n<h3 class=\"heading-3 ace-line old-record-id-Tc36fGOZwdV5lNcfmb9cnZdMnig\">Geschmacks-Set 7<\/h3>\n<h4 class=\"heading-4 ace-line old-record-id-T8SKf9w4ZdzMaccDlFKchWHOnMh\">Kiwi-Passionsfrucht-Guave \/ Pfirsich-Zitrone \/ Liebe 66<\/h4>\n<div class=\"ace-line ace-line old-record-id-Eaplf4CCKdLDVbcY4UTc5V3bntf\">Entdecken Sie tropische Geschm\u00e4cker mit Kiwi-Passionsfrucht-Guave, genie\u00dfen Sie die spritzige S\u00fc\u00dfe von Pfirsich-Zitrone oder probieren Sie das einzigartige \u201cLiebe 66\u201d f\u00fcr ein unvergleichliches Geschmackserlebnis.<\/div>\n<h3 class=\"heading-3 ace-line old-record-id-Ri0vfCTx3dWtENcfmBycrTwnnLe\">Geschmacks-Set 8<\/h3>\n<h4 class=\"heading-4 ace-line old-record-id-LKY4fN8aBdFynDcUENQcyEwtnmh\">Erdbeere-Drachefrucht \/ Red Bull \/ Himbeer-Wassermelone<\/h4>\n<div class=\"ace-line ace-line old-record-id-MAIUf6o55dLhBVcptgzcqC5Anne\">Dieses Set bietet exotische Erdbeere-Drachefrucht, den belebenden Geschmack von Red Bull und die erfrischende Mischung aus Himbeere und Wassermelone f\u00fcr eine dynamische Geschmacksreise.<\/div>\n<h3 class=\"heading-3 ace-line old-record-id-EyeifEbdYd1EHTcNjcSclTjYnzb\">Geschmacks-Set 9<\/h3>\n<h4 class=\"heading-4 ace-line old-record-id-TNwnfURRHdswJ3cfb0ccno0Gnd3\">Pfirsich-Eis \/ Zwei \u00c4pfel \/ Dreifach-Mango<\/h4>\n<div class=\"ace-line ace-line old-record-id-FNPdfjxcAdL4ITcmqpuclIp0nGg\">Genie\u00dfen Sie die k\u00fchle S\u00fc\u00dfe von Pfirsich-Eis, den knackigen Geschmack von Doppel-Apfel und den reichen, tropischen Geschmack von Dreifach-Mango, der Fruchtliebhaber anspricht.<\/div>\n<h3 class=\"heading-3 ace-line old-record-id-DviZfnkqRdRVFqc2k2RcXGcvnZb\">Geschmacks-Set 10<\/h3>\n<h4 class=\"heading-4 ace-line old-record-id-POwofEbw8d4TQncIKWvc9AaVnz3\">Gemischte Beeren \/ Sprudelnde Kirsche \/ Pfirsich-Zitrone<\/h4>\n<div class=\"ace-line ace-line old-record-id-QKTMf0XMMd1KNpcPJaEcSweWnBh\">Beenden Sie mit einem Knall mit einer reichhaltigen Mischung aus Beeren, der sprudelnden S\u00fc\u00dfe von sprudelnder Kirsche und der klassischen spritzigen Kombination aus Pfirsich-Zitrone.<\/div>\n<h2 class=\"heading-2 ace-line old-record-id-AP96fcg0Bdy7P3cOlMTcPXQQnwc\">Hauptmerkmale &amp; Innovationen<\/h2>\n<div class=\"ace-line ace-line old-record-id-RXeTfBinCdFy2oc8edqcCYbbnzb\">Neben seiner beeindruckenden Geschmacksvielfalt ist die UZY 6 IN 1 150000 Z\u00fcge Vape mit praktischen Funktionen ausgestattet, die das gesamte Benutzererlebnis verbessern. Im Folgenden finden Sie eine detaillierte \u00dcbersicht \u00fcber die wichtigsten Spezifikationen und innovativen Technologien:<\/div>\n<div>\n<table class=\"ace-table\" data-ace-table-col-widths=\"200;200\">\n<colgroup>\n<col width=\"200\" \/>\n<col width=\"200\" \/><\/colgroup>\n<thead>\n<tr>\n<th colspan=\"1\" rowspan=\"1\">\n<div class=\"ace-line ace-line old-record-id-LeQ6fpwj9dpAh9cKFCCcyqb8nlb\">Spezifikationen<\/div>\n<\/th>\n<th colspan=\"1\" rowspan=\"1\">\n<div class=\"ace-line ace-line old-record-id-JakDfakNxd8ec4cTdrUcneCqnzc\">Einzelheiten<\/div>\n<\/th>\n<\/tr>\n<\/thead>\n<tbody>\n<tr>\n<td colspan=\"1\" rowspan=\"1\">\n<div class=\"ace-line ace-line old-record-id-RQ0rfCZZEdWy1icTvlZczIkPnfd\">Z\u00fcge<\/div>\n<\/td>\n<td colspan=\"1\" rowspan=\"1\">\n<div class=\"ace-line ace-line old-record-id-OPNHf8neod3VwYcuDblcrNTnn5c\">150000 Z\u00fcge<\/div>\n<\/td>\n<\/tr>\n<tr>\n<td colspan=\"1\" rowspan=\"1\">\n<div class=\"ace-line ace-line old-record-id-F01af967ydCmGxc7ADrccFRTnec\">Geschmacks-Kapazit\u00e4t<\/div>\n<\/td>\n<td colspan=\"1\" rowspan=\"1\">\n<div class=\"ace-line ace-line old-record-id-RbKLfq036dzWcocJmzccbLHynzh\">6 Geschm\u00e4cker in 1 Ger\u00e4t<\/div>\n<\/td>\n<\/tr>\n<tr>\n<td colspan=\"1\" rowspan=\"1\">\n<div class=\"ace-line ace-line old-record-id-NMBtfX5fXdIFe1c9EtgcIUNenQc\">Mesh-Coil<\/div>\n<\/td>\n<td colspan=\"1\" rowspan=\"1\">\n<div class=\"ace-line ace-line old-record-id-M3TVf0JY7dWjFncq9Z4cCZCFnug\">1,0 Ohm<\/div>\n<\/td>\n<\/tr>\n<tr>\n<td colspan=\"1\" rowspan=\"1\">\n<div class=\"ace-line ace-line old-record-id-TsFift4Rqd35cscgjRNczF8Fn2c\">E-Liquid Kapazit\u00e4t<\/div>\n<\/td>\n<td colspan=\"1\" rowspan=\"1\">\n<div class=\"ace-line ace-line old-record-id-VXYwfcZ0KdWivQcXd99cOPj2nMb\">64ml<\/div>\n<\/td>\n<\/tr>\n<tr>\n<td colspan=\"1\" rowspan=\"1\">\n<div class=\"ace-line ace-line old-record-id-Ty3ufMLgZdzpejcYyYfc6J7Ln9f\">Nikotinst\u00e4rke<\/div>\n<\/td>\n<td colspan=\"1\" rowspan=\"1\">\n<div class=\"ace-line ace-line old-record-id-CuQJfROWOdoRLlcu7iDcc4Dunkd\">0% \/ 2% \/ 3% \/ 5% (einschlie\u00dflich nikotinfreiem Angebot)<\/div>\n<\/td>\n<\/tr>\n<tr>\n<td colspan=\"1\" rowspan=\"1\">\n<div class=\"ace-line ace-line old-record-id-HtBzf37NAdIh9CcOg3NcdCsHnac\">Batterie<\/div>\n<\/td>\n<td colspan=\"1\" rowspan=\"1\">\n<div class=\"ace-line ace-line old-record-id-Du7ofrOnzdOKB3c26xRcCmr8ndb\">650mAh<\/div>\n<\/td>\n<\/tr>\n<tr>\n<td colspan=\"1\" rowspan=\"1\">\n<div class=\"ace-line ace-line old-record-id-O30VfJqTNd89FNcSozyclZqTnrg\">Ladeart<\/div>\n<\/td>\n<td colspan=\"1\" rowspan=\"1\">\n<div class=\"ace-line ace-line old-record-id-LcOGfGhPeddoAKcTE2LcfYzMnjb\">Wiederaufladbar \u00fcber Type-C<\/div>\n<\/td>\n<\/tr>\n<tr>\n<td colspan=\"1\" rowspan=\"1\">\n<div class=\"ace-line ace-line old-record-id-W3S6f391xdCCaUcbmPZck8ORnrb\">Display<\/div>\n<\/td>\n<td colspan=\"1\" rowspan=\"1\">\n<div class=\"ace-line ace-line old-record-id-TtGtfnvGtdT9GHczDDGcbYWDnEI\">LED-Smart-Display (Echtzeit-Batterie\u00fcberwachung)<\/div>\n<\/td>\n<\/tr>\n<\/tbody>\n<\/table>\n<\/div>\n<h3 class=\"heading-3 ace-line old-record-id-VNX3fKuKMdMUo0codvIcWHYoncg\">Kerninnovative Technologien<\/h3>\n<h4 class=\"heading-4 ace-line old-record-id-AQoOfAxBiddA9AczS9bcBPl6nBd\">Quad-Geschmack-Technologie<\/h4>\n<div class=\"ace-line ace-line old-record-id-EL3jfgdt9d1gOocJaXzcaKUZn2g\">Diese Technologie erm\u00f6glicht es dem Ger\u00e4t, 6 verschiedene Geschm\u00e4cker in einem zu integrieren, wobei jeder Geschmack seine Reinheit bewahrt und ein nahtloser Wechsel erm\u00f6glicht wird. Es entf\u00e4llt die Notwendigkeit, mehrere Ger\u00e4te mitzuf\u00fchren, was die Nutzung unterwegs bequem macht.<\/div>\n<h4 class=\"heading-4 ace-line old-record-id-NBEJfqaiydCdH7cAt5KcpfpqnMe\">Quad-Mesh-Coils<\/h4>\n<div class=\"ace-line ace-line old-record-id-DSOHfdNZ6dPw8ecDfj6contbnZf\">Ausgestattet mit vier 1,0\u03a9-Mesh-Coils bietet die Vape maximale Dampfproduktion und konsistenten Geschmacksoutput. Das Mesh-Coil-Design sorgt f\u00fcr eine gleichm\u00e4\u00dfige Erw\u00e4rmung, verbessert die Sanftheit jedes Zugs und verl\u00e4ngert die Lebensdauer des Ger\u00e4ts.<\/div>\n<h4 class=\"heading-4 ace-line old-record-id-CNUGfqS9QdMnXBcFSTvcgBL1nIg\">LED-Stromanzeige &amp; Type-C-Schnellladung<\/h4>\n<div class=\"ace-line ace-line old-record-id-WccYflhk3dNeq4cVS32clQKFnn9\">Der LED-Smart-Bildschirm zeigt den Batteriestatus in Echtzeit an, sodass die Benutzer die Stromst\u00e4rke auf einen Blick \u00fcberpr\u00fcfen und unerwartete Abschaltungen vermeiden k\u00f6nnen. Die Unterst\u00fctzung f\u00fcr Type-C-Schnellladung sorgt f\u00fcr eine schnelle Wiederaufladung, die mit der 64ml E-Liquid-Kapazit\u00e4t f\u00fcr eine langanhaltende Nutzung \u00fcbereinstimmt.<\/div>\n<h4 class=\"heading-4 ace-line old-record-id-BGoxfNB9UdaUoMcicRYcQlt6nbc\">Mehrere Nikotinalternativen<\/h4>\n<div class=\"ace-line ace-line old-record-id-Ybckf5POOdmfQGcSXKGcxnc4nic\">Mit vier Nikotinst\u00e4rken (einschlie\u00dflich einer nikotinfrei Option) richtet sich die Vape an unterschiedliche Nutzerbed\u00fcrfnisse \u2013 von Anf\u00e4ngern, die mildere Geschm\u00e4cker bevorzugen, bis hin zu erfahrenen Dampfern, die einen st\u00e4rkeren Kick suchen.<\/div>\n<div class=\"ace-line ace-line old-record-id-PQiKfLtXydIfWzcBiMxc0b0OnZb\">Zusammenfassend l\u00e4sst sich sagen, dass die UZY 6 IN 1 150000 Z\u00fcge Vape mit ihrer vielf\u00e4ltigen Geschmacksauswahl, praktischen innovativen Funktionen und benutzerfreundlichem Design heraussticht. Sie balanciert Geschmacksvielfalt, Leistung und Komfort und ist somit eine ideale Wahl f\u00fcr Dampfer, die ein vielseitiges und langlebiges Ger\u00e4t suchen.<\/div>\n<\/div>\n<div data-page-id=\"ZVeMfq8uxd7y1ycuKm5cym4LnYd\" data-lark-html-role=\"root\" data-docx-has-block-data=\"false\"><img decoding=\"async\" class=\"wp-image-2630 size-full\" title=\"UZY 150K VAPE 0Y7A9105\" src=\"https:\/\/oiovape.com\/wp-content\/uploads\/2025\/12\/UZY-150K-VAPE-0Y7A9105-scaled.jpg\" alt=\"UZY 150K VAPE 0Y7A9105\" width=\"2560\" height=\"1240\" srcset=\"https:\/\/oiovape.com\/wp-content\/uploads\/2025\/12\/UZY-150K-VAPE-0Y7A9105-scaled.jpg 2560w, https:\/\/oiovape.com\/wp-content\/uploads\/2025\/12\/UZY-150K-VAPE-0Y7A9105-300x145.jpg 300w, https:\/\/oiovape.com\/wp-content\/uploads\/2025\/12\/UZY-150K-VAPE-0Y7A9105-1024x496.jpg 1024w, https:\/\/oiovape.com\/wp-content\/uploads\/2025\/12\/UZY-150K-VAPE-0Y7A9105-768x372.jpg 768w, https:\/\/oiovape.com\/wp-content\/uploads\/2025\/12\/UZY-150K-VAPE-0Y7A9105-1536x744.jpg 1536w, https:\/\/oiovape.com\/wp-content\/uploads\/2025\/12\/UZY-150K-VAPE-0Y7A9105-2048x992.jpg 2048w, https:\/\/oiovape.com\/wp-content\/uploads\/2025\/12\/UZY-150K-VAPE-0Y7A9105-1200x581.jpg 1200w, https:\/\/oiovape.com\/wp-content\/uploads\/2025\/12\/UZY-150K-VAPE-0Y7A9105-150x73.jpg 150w\" sizes=\"(max-width: 2560px) 100vw, 2560px\" \/><\/div>\n<\/div>","protected":false},"excerpt":{"rendered":"<p>Der UZY 6 IN 1 150000 Puffs Vape bietet 6 Geschm\u00e4cker in einem, mit 30 k\u00f6stlichen Optionen von fruchtig bis eisig. Mit 1,0\u03a9 Mesh-Coils, 64ml E-Liquid und einem 650mAh wiederaufladbaren Akku \u00fcber Type-C liefert er einen sanften Dampf. Das LED-Display zeigt die Leistung an, w\u00e4hrend die 0%-5% Nikotinalternativen f\u00fcr alle Dampfer geeignet sind \u2013 praktisch, langlebig und perfekt f\u00fcr den Einsatz unterwegs.<\/p>","protected":false},"featured_media":2635,"comment_status":"open","ping_status":"closed","template":"","meta":{"_acf_changed":false,"inline_featured_image":false,"_sitemap_exclude":false,"_sitemap_priority":"","_sitemap_frequency":""},"product_brand":[89],"product_cat":[78,229],"product_tag":[],"class_list":{"0":"post-2617","1":"product","2":"type-product","3":"status-publish","4":"has-post-thumbnail","6":"product_brand-uzy","7":"product_cat-uzy-puff","8":"product_cat-ship-from-german","10":"first","11":"instock","12":"sale","13":"shipping-taxable","14":"purchasable","15":"product-type-variable","16":"has-default-attributes"},"acf":[],"tiered_pricing_type":"fixed","tiered_pricing_fixed_rules":{"30":9.45,"60":8.58,"100":7.98,"200":7.45},"tiered_pricing_product_settings":{"layout":"default","base_unit_name":{"singular":null,"plural":null},"default_variation":null},"tiered_pricing_minimum_quantity":10,"tiered_pricing_roles_data":[],"tiered_pricing_percentage_rules":[],"tiered_pricing_maximum_quantity":null,"tiered_pricing_quantity_step":"10","_links":{"self":[{"href":"https:\/\/oiovape.com\/de\/wp-json\/wp\/v2\/product\/2617","targetHints":{"allow":["GET"]}}],"collection":[{"href":"https:\/\/oiovape.com\/de\/wp-json\/wp\/v2\/product"}],"about":[{"href":"https:\/\/oiovape.com\/de\/wp-json\/wp\/v2\/types\/product"}],"replies":[{"embeddable":true,"href":"https:\/\/oiovape.com\/de\/wp-json\/wp\/v2\/comments?post=2617"}],"version-history":[{"count":0,"href":"https:\/\/oiovape.com\/de\/wp-json\/wp\/v2\/product\/2617\/revisions"}],"wp:featuredmedia":[{"embeddable":true,"href":"https:\/\/oiovape.com\/de\/wp-json\/wp\/v2\/media\/2635"}],"wp:attachment":[{"href":"https:\/\/oiovape.com\/de\/wp-json\/wp\/v2\/media?parent=2617"}],"wp:term":[{"taxonomy":"product_brand","embeddable":true,"href":"https:\/\/oiovape.com\/de\/wp-json\/wp\/v2\/product_brand?post=2617"},{"taxonomy":"product_cat","embeddable":true,"href":"https:\/\/oiovape.com\/de\/wp-json\/wp\/v2\/product_cat?post=2617"},{"taxonomy":"product_tag","embeddable":true,"href":"https:\/\/oiovape.com\/de\/wp-json\/wp\/v2\/product_tag?post=2617"}],"curies":[{"name":"wp","href":"https:\/\/api.w.org\/{rel}","templated":true}]}}