{"id":2797,"date":"2026-01-03T02:20:17","date_gmt":"2026-01-03T02:20:17","guid":{"rendered":"https:\/\/oiovape.com\/?post_type=product&#038;p=2797"},"modified":"2026-03-02T18:01:30","modified_gmt":"2026-03-02T10:01:30","slug":"randm-tornado-9000-puffs","status":"publish","type":"product","link":"https:\/\/oiovape.com\/de\/product\/randm-tornado-9000-puffs\/","title":{"rendered":"RandM Tornado 9000 PUFFS 18ML E-Liquid 0%-5% Nikotin Akku-ladbare Vape"},"content":{"rendered":"<div data-page-id=\"ZVeMfq8uxd7y1ycuKm5cym4LnYd\" data-lark-html-role=\"root\" data-docx-has-block-data=\"false\">\n<div data-page-id=\"Fd41fZ5N9dzRQtcRNoVc2FuDnCh\" data-lark-html-role=\"root\" data-docx-has-block-data=\"true\">\n<div data-page-id=\"BdIJfeeijdk1eucGpS8cDCBBn5c\" data-lark-html-role=\"root\" data-docx-has-block-data=\"false\">\n<div data-page-id=\"Zbg9fWx77dUuh2cIYpic25c8nyd\" data-lark-html-role=\"root\" data-docx-has-block-data=\"false\">\n<div data-page-id=\"KaIvfiurhdlCKdc0kyxcX64cnE6\" data-lark-html-role=\"root\" data-docx-has-block-data=\"true\">\n<div data-page-id=\"PbvFfqxqlddUTScRpEYcY5MHnpf\" data-lark-html-role=\"root\" data-docx-has-block-data=\"true\">\n<div data-page-id=\"GZO2f5JeudwY4jc9iJtcdk9Hnxh\" data-lark-html-role=\"root\" data-docx-has-block-data=\"false\">\n<div data-page-id=\"EZVRf2acFduXLGcseZFc4qH2n6e\" data-lark-html-role=\"root\" data-docx-has-block-data=\"false\">\n<div data-page-id=\"B8rHfcqlqdzmH5cCWCncz17Cntb\" data-lark-html-role=\"root\" data-docx-has-block-data=\"false\">\n<div data-page-id=\"B8rHfcqlqdzmH5cCWCncz17Cntb\" data-lark-html-role=\"root\" data-docx-has-block-data=\"false\">\n<div data-page-id=\"B8rHfcqlqdzmH5cCWCncz17Cntb\" data-lark-html-role=\"root\" data-docx-has-block-data=\"true\">\n<div data-page-id=\"HM70f1aoxdD0bMcxJZBcVc7ynZd\" data-lark-html-role=\"root\" data-docx-has-block-data=\"false\">\n<h2 class=\"ace-line ace-line old-record-id-HM70f1aoxdD0bMcxJZBcVc7ynZd\">RandM Tornado 9000 Z\u00fcge Produktvorstellung<\/h2>\n<div class=\"ace-line ace-line old-record-id-Kh6PfCDD2dVpMFcC8BlcF1v9nDe\">\n<p>Der RandM Tornado 9000 Z\u00fcge hebt sich als zuverl\u00e4ssige und vielseitige Option sowohl f\u00fcr Gelegenheitsnutzer als auch f\u00fcr Dampfer-Enthusiasten hervor. Entwickelt, um langanhaltenden Genuss zu bieten, kombiniert dieses Ger\u00e4t eine beeindruckende Zuganzahl mit einer umfangreichen Geschmacksvielfalt, die sicherstellt, dass f\u00fcr jeden Gaumen etwas dabei ist. Egal, ob Sie fruchtige Frische, eisige K\u00fchle oder s\u00fc\u00dfe Verw\u00f6hnung suchen, der RandM Tornado 9000 Z\u00fcge hat mit seinen 54 sorgf\u00e4ltig gestalteten Geschm\u00e4ckern und hochwertiger Hardware, die ein konsistentes und sanftes Dampferlebnis garantiert, alles, was Sie brauchen.<\/p>\n<div data-page-id=\"HM70f1aoxdD0bMcxJZBcVc7ynZd\" data-lark-html-role=\"root\" data-docx-has-block-data=\"true\">\n<h3 class=\"heading-3 ace-line old-record-id-A0idfSSNodwOWCcSPTUcrvhxnfb\">Geschmacksvielfalt: 54 Optionen f\u00fcr jeden Geschmack<\/h3>\n<div class=\"ace-line ace-line old-record-id-D2p0fI3ZOdTntacq1dvcuUkCnaf\">Eine der auff\u00e4lligsten Eigenschaften des RandM Tornado 9000 Z\u00fcge ist seine vielf\u00e4ltige Geschmacksrange, die fruchtige, eisige, s\u00fc\u00dfe und Dessertprofile umfasst. Im Folgenden finden Sie eine kategorisierte Tabelle der verf\u00fcgbaren Geschm\u00e4cker, um Ihnen zu helfen, Ihre perfekte \u00dcbereinstimmung zu finden:<\/div>\n<div>\n<table class=\"ace-table\" data-ace-table-col-widths=\"200;200\">\n<colgroup>\n<col width=\"200\" \/>\n<col width=\"200\" \/><\/colgroup>\n<thead>\n<tr>\n<th colspan=\"1\" rowspan=\"1\">\n<div class=\"ace-line ace-line old-record-id-Dhp1ffdsbdPT9ocMyCJco3TTnPd\">Geschmacksrichtung<\/div>\n<\/th>\n<th colspan=\"1\" rowspan=\"1\">\n<div class=\"ace-line ace-line old-record-id-Hd46fUFo3dO4BTcD9P8cj37BnOe\">Spezifische Geschm\u00e4cker<\/div>\n<\/th>\n<\/tr>\n<\/thead>\n<tbody>\n<tr>\n<td colspan=\"1\" rowspan=\"1\">\n<div class=\"ace-line ace-line old-record-id-Guf6fNgTYdxLxocehpucv0vdnPb\">Fruchtig (Einzel- &amp; Mischungen)<\/div>\n<\/td>\n<td colspan=\"1\" rowspan=\"1\">\n<div class=\"ace-line ace-line old-record-id-Lt8PfuGcidbn6RcG7R6cr9G5nNf\">Heidelbeere-Himbeere, Erdbeer-Wassermelone, Orangenlimonade, Pfirsich-Mango-Ananas, Erdbeer-Banane, Kiwi-Passionsfrucht-Guave, Mischbeeren, Kirsche, Ananas, Dreifache Mango, Erdbeer-Mango, Guave, Heidelbeere, Traube, Pfirsich-Beere, Kirsch-Pfirsich-Limonade, Erdbeer-Himbeer-Kirsche, Heidelbeere-Kirsche-Cranberry<\/div>\n<\/td>\n<\/tr>\n<tr>\n<td colspan=\"1\" rowspan=\"1\">\n<div class=\"ace-line ace-line old-record-id-TiJwf9j5wdJ2JXcWaeTcx3DunA8\">Eisig &amp; K\u00fchl<\/div>\n<\/td>\n<td colspan=\"1\" rowspan=\"1\">\n<div class=\"ace-line ace-line old-record-id-Z4WNfdrwRd0Df3ceGc7chMKfnyg\">Lush Ice, Schwarzer Drachen-Eis, Blue Razz Ice, Guaven-Eis, Cool Mint, Schwarzes Eis, Bluelicious-Eis, Erdbeer-Eis, Eis am Stiel, Wassermelonen-Eis, Heidelbeer-Eis, Erdbeer-Himbeer-Eis, Sommerpfirsich-Eis, Wassermelonen-Brazz-Eis<\/div>\n<\/td>\n<\/tr>\n<tr>\n<td colspan=\"1\" rowspan=\"1\">\n<div class=\"ace-line ace-line old-record-id-VPiDf1jY2dOkWEcwwCYcxtIAnye\">S\u00fc\u00dfigkeiten &amp; S\u00fc\u00df<\/div>\n<\/td>\n<td colspan=\"1\" rowspan=\"1\">\n<div class=\"ace-line ace-line old-record-id-EzgbfMcPJdnQ5LcdWZ4cCFRynVZ\">Wassermelonen-Kaugummi, Regenbogenbonbons, Pinke Limonade, Gummib\u00e4rchen, Saure Bonbons, Skittles, Vimto, Sprudelnde Kirsche, Zitrone &amp; Limette, Heidelbeer-Sauer-Himbeere, Wassermelonen-Skittle, Mr. Blue, Bluelicious, Blue Razz Kush, Erdbeer-Wassermelonen-Kaugummi, Prime Erdbeer-Wassermelone<\/div>\n<\/td>\n<\/tr>\n<tr>\n<td colspan=\"1\" rowspan=\"1\">\n<div class=\"ace-line ace-line old-record-id-YIBSfh0VSdNtlVcnpKpc6z8Bnvj\">Cremig &amp; Dessert<\/div>\n<\/td>\n<td colspan=\"1\" rowspan=\"1\">\n<div class=\"ace-line ace-line old-record-id-LRbdfRgTYdr8klccbqBcITTsnQg\">Bananenpudding, Erdbeer-Creme, Kirsch-Cola<\/div>\n<\/td>\n<\/tr>\n<\/tbody>\n<\/table>\n<\/div>\n<h3 class=\"heading-3 ace-line old-record-id-CzDjfmH9UdtEJBcG551cnCmKnUb\">Wichtige Spezifikationen &amp; Merkmale<\/h3>\n<div class=\"ace-line ace-line old-record-id-Pv6Qfg6XedC6VIcv5yfc3AjDnB6\">Der RandM Tornado 9000 Z\u00fcge dreht sich nicht nur um Geschmack \u2013 er wurde mit Leistung und Benutzerfreundlichkeit im Hinterkopf entwickelt. Hier sind seine Kern-Spezifikationen:<\/div>\n<div>\n<table class=\"ace-table\" data-ace-table-col-widths=\"200;200\">\n<colgroup>\n<col width=\"200\" \/>\n<col width=\"200\" \/><\/colgroup>\n<thead>\n<tr>\n<th colspan=\"1\" rowspan=\"1\">\n<div class=\"ace-line ace-line old-record-id-BUHDfNRHRdwDZGcKTxCc3Ko7nJf\">Funktion<\/div>\n<\/th>\n<th colspan=\"1\" rowspan=\"1\">\n<div class=\"ace-line ace-line old-record-id-UG8nfzin7dv68jcrm1cczbQen3c\">Einzelheiten<\/div>\n<\/th>\n<\/tr>\n<\/thead>\n<tbody>\n<tr>\n<td colspan=\"1\" rowspan=\"1\">\n<div class=\"ace-line ace-line old-record-id-FfjefMJQ2dvFhFcCNPlcD2WYnmb\">Nikotinst\u00e4rke<\/div>\n<\/td>\n<td colspan=\"1\" rowspan=\"1\">\n<div class=\"ace-line ace-line old-record-id-CXhhf9eQCd3j9OcWcYwcXP9JnKc\">0\/2\/3\/5% Nikotinsalz (anpassbar an pers\u00f6nliche Vorlieben)<\/div>\n<\/td>\n<\/tr>\n<tr>\n<td colspan=\"1\" rowspan=\"1\">\n<div class=\"ace-line ace-line old-record-id-Iaw6fxiTcdANYmcZG2TcJSPKnHh\">E-Liquid Kapazit\u00e4t<\/div>\n<\/td>\n<td colspan=\"1\" rowspan=\"1\">\n<div class=\"ace-line ace-line old-record-id-Ed4tf2owldRHd4cYUFRcN553nWh\">18ML, was eine langanhaltende Nutzung ohne h\u00e4ufiges Nachf\u00fcllen gew\u00e4hrleistet<\/div>\n<\/td>\n<\/tr>\n<tr>\n<td colspan=\"1\" rowspan=\"1\">\n<div class=\"ace-line ace-line old-record-id-UXhQfeiZXd2h9VcmpiDcdm68nHg\">Coil-Technologie<\/div>\n<\/td>\n<td colspan=\"1\" rowspan=\"1\">\n<div class=\"ace-line ace-line old-record-id-W5YBfVNhJddS9FcJJDdcNQU3npg\">Mesh-Coil, die sanften Dampf und verbesserte Geschmackswiedergabe liefert<\/div>\n<\/td>\n<\/tr>\n<tr>\n<td colspan=\"1\" rowspan=\"1\">\n<div class=\"ace-line ace-line old-record-id-W4vofoavUdIL4acubSkcb7XVnJf\">Batterie<\/div>\n<\/td>\n<td colspan=\"1\" rowspan=\"1\">\n<div class=\"ace-line ace-line old-record-id-Qe9KfoD62dGT7fcgD7gc2J3BnVd\">Integrierter 850mAh wiederaufladbarer Akku, der verl\u00e4ngerte Dampfsitzungen unterst\u00fctzt<\/div>\n<\/td>\n<\/tr>\n<tr>\n<td colspan=\"1\" rowspan=\"1\">\n<div class=\"ace-line ace-line old-record-id-CSCXfcchsd4Lofc3SblcJH6PnKe\">Geschmacksvielfalt<\/div>\n<\/td>\n<td colspan=\"1\" rowspan=\"1\">\n<div class=\"ace-line ace-line old-record-id-Tb9Cf88nMd8bRTcADZDcidYZnhe\">54 einzigartige Geschm\u00e4cker verf\u00fcgbar<\/div>\n<\/td>\n<\/tr>\n<\/tbody>\n<\/table>\n<\/div>\n<h3 class=\"heading-3 ace-line old-record-id-RSrOf9fxHd12zrc4JhDcgX6VnPd\">Warum den RandM Tornado 9000 Z\u00fcge w\u00e4hlen?<\/h3>\n<div class=\"ace-line ace-line old-record-id-V0t3fRwxrdbfjqc1P4fcrQs3nce\">Mit zahlreichen Einweg-Dampfern auf dem Markt hebt sich der RandM Tornado 9000 Z\u00fcge durch mehrere entscheidende Vorteile hervor:<\/div>\n<h4 class=\"heading-4 ace-line old-record-id-Qu7HfCfwrddyMAcJRqRc09S8nBf\">Un\u00fcbertroffene Geschmacksvielfalt<\/h4>\n<div class=\"ace-line ace-line old-record-id-SVX5fdnS8dufM0cjWgbcliVpnSV\">Mit 54 sorgf\u00e4ltig formulierten Geschm\u00e4ckern, die fruchtige, eisige, s\u00fc\u00dfe und Dessertkategorien abdecken, spricht er die breiteste Palette von Geschmackspr\u00e4ferenzen an. Egal, ob Sie die Frische reifer Beeren, die K\u00fchle von minzigen Eis oder die S\u00fc\u00dfe von Kindheitsbonbons bevorzugen, es gibt einen Geschmack, der jeden Gel\u00fcsten befriedigt.<\/div>\n<h4 class=\"heading-4 ace-line old-record-id-HcJDfIYYfdhs8zc2DoicvrQonLP\">Langanhaltende Leistung<\/h4>\n<div class=\"ace-line ace-line old-record-id-Bl8mfVEhtdKOOKcWQk9c50f5nub\">Ausgestattet mit einer 18ML E-Liquid-Kapazit\u00e4t und einem 850mAh wiederaufladbaren Akku, liefert das Ger\u00e4t bis zu 9000 Z\u00fcge und ist damit ideal f\u00fcr Vielnutzer oder diejenigen, die ihr Vape nicht h\u00e4ufig ersetzen m\u00f6chten. Der wiederaufladbare Akku bietet zus\u00e4tzlichen Komfort und stellt sicher, dass Sie jeden Tropfen E-Liquid nutzen k\u00f6nnen, ohne ihn zu verschwenden.<\/div>\n<h4 class=\"heading-4 ace-line old-record-id-NVjrf7Ax6dfiJrc3RI8cjyNsn5g\">Premium-Dampferlebnis<\/h4>\n<div class=\"ace-line ace-line old-record-id-C23ffBktudO8SNcMFClcEAGanyf\">Die integrierte Mesh-Coil-Technologie sorgt f\u00fcr eine gleichm\u00e4\u00dfige W\u00e4rmeverteilung, produziert sanften, dichten Dampf und verbessert das Geschmacksprofil jedes E-Liquids. Diese Technologie minimiert verbrannte Geschm\u00e4cker und sorgt jedes Mal f\u00fcr einen befriedigenden Zug.<\/div>\n<h4 class=\"heading-4 ace-line old-record-id-AY5zfx7QadQal2c9MMqcpMjindc\">Flexible Nikotinalternativen<\/h4>\n<div class=\"ace-line ace-line old-record-id-Wwz0fMS84dcW0Wc48d0c311znTe\">Mit 0%, 2%, 3% und 5% Nikotinsalzoptionen passt sich das Ger\u00e4t sowohl an nikotinfrei Nutzer als auch an diejenigen an, die unterschiedliche St\u00e4rkegrade bevorzugen. Nikotinsalz sorgt f\u00fcr einen sanfteren Halssto\u00df, was das Dampferlebnis auch bei h\u00f6heren Nikotinkonzentrationen angenehmer macht.<\/div>\n<h3 class=\"heading-3 ace-line old-record-id-A3okftrYFd4RETcvujOcNz4lnWf\">H\u00e4ufig gestellte Fragen (FAQ)<\/h3>\n<div class=\"ace-line ace-line old-record-id-Vm0PfU72Tdd45ecE3jocdLFFnNe\"><strong>F: Wie lade ich den RandM Tornado 9000 Z\u00fcge auf?<\/strong><br \/>\nA: Das Ger\u00e4t wird mit einem wiederaufladbaren 850mAh Akku geliefert. Sie k\u00f6nnen es mit einem Standard-USB-Kabel (nicht enthalten) aufladen, indem Sie es an eine Stromquelle wie einen Computer, eine Powerbank oder einen USB-Adapter anschlie\u00dfen. Die LED-Anzeige zeigt den Ladezustand an.<\/div>\n<div class=\"ace-line ace-line old-record-id-FNB3fstA8d5DfdcpbbAcIwemnSg\"><strong>F: Welche Nikotinst\u00e4rke sollte ich w\u00e4hlen?<\/strong><br \/>\nA: Wenn Sie neu im Dampfen sind oder ein mildes Erlebnis bevorzugen, wird 2% oder 3% empfohlen. Schwere Raucher oder diejenigen, die einen st\u00e4rkeren Schlag bevorzugen, k\u00f6nnen sich f\u00fcr 5% entscheiden. F\u00fcr nikotinfreiem Dampfen ist die Option 0% perfekt.<\/div>\n<div class=\"ace-line ace-line old-record-id-PtJqf3rbwdOVpBceAxac6SIJnld\"><strong>F: Wie lange h\u00e4lt das Ger\u00e4t?<br \/>\n<\/strong> A: Es h\u00e4ngt von Ihrer Nutzungsfrequenz ab, aber mit 18ML E-Liquid und 9000 Z\u00fcgen h\u00e4lt es typischerweise mehrere Wochen f\u00fcr durchschnittliche Nutzer. Der wiederaufladbare Akku erm\u00f6glicht es Ihnen, das gesamte E-Liquid zu verwenden, bevor Sie das Ger\u00e4t ersetzen.<\/div>\n<\/div>\n<\/div>\n<\/div>\n<\/div>\n<\/div>\n<\/div>\n<\/div>\n<\/div>\n<\/div>\n<\/div>\n<\/div>\n<\/div>\n<\/div>\n<\/div>","protected":false},"excerpt":{"rendered":"<p>RandM Tornado 9000 Puffs gl\u00e4nzt mit 54 lebhaften Geschmacksrichtungen, 18ML E-Liquid und einem 850mAh wiederaufladbaren Akku. Seine Mesh-Coil sorgt f\u00fcr einen sanften Dampf, w\u00e4hrend die Nikotinalternativen 0\/2\/3\/5% allen Vorlieben gerecht werden. Perfekt f\u00fcr langanhaltendes, geschmackvolles Dampfen \u2013 egal, ob Sie fruchtige, eisige oder s\u00fc\u00dfe Optionen lieben!<\/p>","protected":false},"featured_media":2799,"comment_status":"open","ping_status":"closed","template":"","meta":{"_acf_changed":false,"inline_featured_image":false,"_sitemap_exclude":false,"_sitemap_priority":"","_sitemap_frequency":""},"product_brand":[95],"product_cat":[80],"product_tag":[],"class_list":{"0":"post-2797","1":"product","2":"type-product","3":"status-publish","4":"has-post-thumbnail","6":"product_brand-fumot","7":"product_cat-fumot-puff","9":"first","10":"instock","11":"sale","12":"shipping-taxable","13":"purchasable","14":"product-type-variable","15":"has-default-attributes"},"acf":[],"tiered_pricing_type":"fixed","tiered_pricing_fixed_rules":{"30":8.23,"60":7.5,"100":6.98,"200":6.49},"tiered_pricing_product_settings":{"layout":"default","base_unit_name":{"singular":null,"plural":null},"default_variation":null},"tiered_pricing_minimum_quantity":10,"tiered_pricing_roles_data":[],"tiered_pricing_percentage_rules":[],"tiered_pricing_maximum_quantity":null,"tiered_pricing_quantity_step":"10","_links":{"self":[{"href":"https:\/\/oiovape.com\/de\/wp-json\/wp\/v2\/product\/2797","targetHints":{"allow":["GET"]}}],"collection":[{"href":"https:\/\/oiovape.com\/de\/wp-json\/wp\/v2\/product"}],"about":[{"href":"https:\/\/oiovape.com\/de\/wp-json\/wp\/v2\/types\/product"}],"replies":[{"embeddable":true,"href":"https:\/\/oiovape.com\/de\/wp-json\/wp\/v2\/comments?post=2797"}],"version-history":[{"count":0,"href":"https:\/\/oiovape.com\/de\/wp-json\/wp\/v2\/product\/2797\/revisions"}],"wp:featuredmedia":[{"embeddable":true,"href":"https:\/\/oiovape.com\/de\/wp-json\/wp\/v2\/media\/2799"}],"wp:attachment":[{"href":"https:\/\/oiovape.com\/de\/wp-json\/wp\/v2\/media?parent=2797"}],"wp:term":[{"taxonomy":"product_brand","embeddable":true,"href":"https:\/\/oiovape.com\/de\/wp-json\/wp\/v2\/product_brand?post=2797"},{"taxonomy":"product_cat","embeddable":true,"href":"https:\/\/oiovape.com\/de\/wp-json\/wp\/v2\/product_cat?post=2797"},{"taxonomy":"product_tag","embeddable":true,"href":"https:\/\/oiovape.com\/de\/wp-json\/wp\/v2\/product_tag?post=2797"}],"curies":[{"name":"wp","href":"https:\/\/api.w.org\/{rel}","templated":true}]}}