{"id":2811,"date":"2026-01-03T02:42:01","date_gmt":"2026-01-03T02:42:01","guid":{"rendered":"https:\/\/oiovape.com\/?post_type=product&#038;p=2811"},"modified":"2026-03-02T18:01:45","modified_gmt":"2026-03-02T10:01:45","slug":"randm-tornado-20000-puffs","status":"publish","type":"product","link":"https:\/\/oiovape.com\/de\/product\/randm-tornado-20000-puffs\/","title":{"rendered":"Randm Tornado 20000 PUFFS 850mAh Wiederaufladbare Batterie Dual Mesh Coil Einweg Vape Pen"},"content":{"rendered":"<div data-page-id=\"ZVeMfq8uxd7y1ycuKm5cym4LnYd\" data-lark-html-role=\"root\" data-docx-has-block-data=\"false\">\n<div data-page-id=\"Fd41fZ5N9dzRQtcRNoVc2FuDnCh\" data-lark-html-role=\"root\" data-docx-has-block-data=\"true\">\n<div data-page-id=\"BdIJfeeijdk1eucGpS8cDCBBn5c\" data-lark-html-role=\"root\" data-docx-has-block-data=\"false\">\n<div data-page-id=\"Zbg9fWx77dUuh2cIYpic25c8nyd\" data-lark-html-role=\"root\" data-docx-has-block-data=\"false\">\n<div data-page-id=\"KaIvfiurhdlCKdc0kyxcX64cnE6\" data-lark-html-role=\"root\" data-docx-has-block-data=\"true\">\n<div data-page-id=\"PbvFfqxqlddUTScRpEYcY5MHnpf\" data-lark-html-role=\"root\" data-docx-has-block-data=\"true\">\n<div data-page-id=\"GZO2f5JeudwY4jc9iJtcdk9Hnxh\" data-lark-html-role=\"root\" data-docx-has-block-data=\"false\">\n<div data-page-id=\"EZVRf2acFduXLGcseZFc4qH2n6e\" data-lark-html-role=\"root\" data-docx-has-block-data=\"false\">\n<div data-page-id=\"B8rHfcqlqdzmH5cCWCncz17Cntb\" data-lark-html-role=\"root\" data-docx-has-block-data=\"false\">\n<div data-page-id=\"B8rHfcqlqdzmH5cCWCncz17Cntb\" data-lark-html-role=\"root\" data-docx-has-block-data=\"false\">\n<div data-page-id=\"B8rHfcqlqdzmH5cCWCncz17Cntb\" data-lark-html-role=\"root\" data-docx-has-block-data=\"true\">\n<div data-page-id=\"HM70f1aoxdD0bMcxJZBcVc7ynZd\" data-lark-html-role=\"root\" data-docx-has-block-data=\"false\">\n<div data-page-id=\"NSrJfN7Ord22i0c1iwZcsF8yn8b\" data-lark-html-role=\"root\" data-docx-has-block-data=\"false\">\n<h2 class=\"heading-3 ace-line old-record-id-QUhsfjAjsdZqb8ckPtCcFICCnoI\">Randm Tornado 20000 Z\u00fcge: Was es Vapers bietet<\/h2>\n<div class=\"ace-line ace-line old-record-id-FmVnfcDc1djGO7cuqYEcKg61nMb\">\n<p>F\u00fcr Vaper, die nach einem Einwegger\u00e4t suchen, das Geschmacksvielfalt, langanhaltende Nutzung und Praktikabilit\u00e4t vereint, ist der Randm Tornado 20000 Z\u00fcge einen Blick wert. Nachdem ich die Geschmacks\u00fcbersicht und die technischen Daten durchgesehen habe, sticht die Vielfalt von 30 Geschm\u00e4ckern und die Kapazit\u00e4t von 20000 Z\u00fcgen hervor \u2013 zwei Faktoren, die f\u00fcr das t\u00e4gliche Dampfen sehr wichtig sind \ud83d\udd0d.<\/p>\n<p><img decoding=\"async\" class=\"wp-image-2823 size-full\" title=\"Randm Tornado 20000 Z\u00fcge\" src=\"https:\/\/oiovape.com\/wp-content\/uploads\/2026\/01\/Randm-Tornado-20000-puff.jpg\" alt=\"Randm Tornado 20000 Z\u00fcge\" width=\"1200\" height=\"638\" srcset=\"https:\/\/oiovape.com\/wp-content\/uploads\/2026\/01\/Randm-Tornado-20000-puff.jpg 1200w, https:\/\/oiovape.com\/wp-content\/uploads\/2026\/01\/Randm-Tornado-20000-puff-300x160.jpg 300w, https:\/\/oiovape.com\/wp-content\/uploads\/2026\/01\/Randm-Tornado-20000-puff-1024x544.jpg 1024w, https:\/\/oiovape.com\/wp-content\/uploads\/2026\/01\/Randm-Tornado-20000-puff-768x408.jpg 768w, https:\/\/oiovape.com\/wp-content\/uploads\/2026\/01\/Randm-Tornado-20000-puff-150x80.jpg 150w\" sizes=\"(max-width: 1200px) 100vw, 1200px\" \/><\/p>\n<\/div>\n<h3 class=\"heading-3 ace-line old-record-id-XxgTfhYtDdMmjLcpV15cKWD8nAh\">30 Geschm\u00e4cker: Alle Ihre Vorlieben abgedeckt<\/h3>\n<div class=\"ace-line ace-line old-record-id-N2gxftBk7dajH5cmRxmcY006nYf\">Der gr\u00f6\u00dfte Reiz dieses Ger\u00e4ts ist definitiv die breite Palette an Geschm\u00e4ckern. Sie reicht von frischen Fr\u00fcchten \u00fcber eisige Leckereien, s\u00fc\u00dfe Bonbons bis hin zu Desserts. Anstatt sie alle aufzulisten, werde ich die bemerkenswertesten nach Kategorien aufschl\u00fcsseln, um die Navigation zu erleichtern:<\/div>\n<h4 class=\"heading-4 ace-line old-record-id-EDx1fpM2IdzHYXc9477cXXzlnTc\">Frisches Obst Serie \ud83c\udf53<\/h4>\n<div class=\"ace-line ace-line old-record-id-NChrf3yUEdeTQ3canRHcdsv3niI\">Fruchtbasierte Geschm\u00e4cker sind immer eine sichere Wahl, und diese Linie entt\u00e4uscht nicht. Beerenmischungen wie Heidelbeer Himbeer Hartbonbon und Mischbeere bieten helle, saftige Noten, die nicht synthetisch schmecken. Einzigartige Kombinationen wie Pfirsich Ananas Orange und Lychee Hami Melone f\u00fcgen eine unterhaltsame Wendung hinzu \u2013 sie mischen die S\u00fc\u00dfe verschiedener Fr\u00fcchte harmonisch. Wenn Sie ein Profil mit einer einzelnen Frucht bevorzugen, sind Heidelbeere und Kirsche solide Optionen mit nat\u00fcrlich schmeckenden Aromen.<\/div>\n<h4 class=\"heading-4 ace-line old-record-id-PFqIfWXCvdlXXuc5lzqcDVH2n1M\">Eisige Frische Serie \u2744\ufe0f<\/h4>\n<div class=\"ace-line ace-line old-record-id-UPX2fZJDpd9eAecipDvc8qUVnof\">F\u00fcr diejenigen, die eine erfrischende K\u00fchle lieben, sind die eisigen Geschm\u00e4cker hier ein Highlight. Wassermelonen Eis und Erdbeer Eis bieten eine milde K\u00fchle, die die Fruchtbasis perfekt erg\u00e4nzt, ohne sie zu \u00fcberw\u00e4ltigen. Erdbeer Himbeer Kirsch Eis hebt das Ganze mit einer fruchtig-eisigen Mischung auf die n\u00e4chste Stufe, die an hei\u00dfen Tagen gro\u00dfartig ist. Birne Eis ist eine weitere untersch\u00e4tzte Option \u2013 subtiler Birnengeschmack mit einem leichten Frost, super geschmeidig.<\/div>\n<h4 class=\"heading-4 ace-line old-record-id-ZguKfAaeHdETJKcCvv2cZIiNnoe\">S\u00fc\u00df &amp; Spa\u00df Serie \ud83c\udf6c<\/h4>\n<div class=\"ace-line ace-line old-record-id-QmvMfeUK5dk9VRcTDdyckI8UnZd\">Wenn Sie eine Vorliebe f\u00fcr S\u00fc\u00dfes haben, werden die Bonbon- und Dessertgeschm\u00e4cker Sie nicht entt\u00e4uschen. Skittles und Jelly Beans bringen nostalgische S\u00fc\u00dfwarenladen-Vibes zur\u00fcck, w\u00e4hrend Zuckerwatte genau wie der Jahrmarkt-Favorit schmeckt \u2013 leicht und zuckerig. Bananenkuchen bietet eine warme, gebackene S\u00fc\u00dfe, die nicht zu schwer ist, und Kirsch Cola kombiniert Cola Sprudel mit Kirschs\u00fc\u00dfe, ideal f\u00fcr Limonadenliebhaber. Mr. Blue ist ein lustiger, s\u00fc\u00dfer blauer Geschmack, der einzigartig und angenehm ist.<\/div>\n<h3 class=\"heading-3 ace-line old-record-id-QzuFfDay9deQ1hcrhgGc7IZnndg\">Praktische Funktionen, die das Erlebnis verbessern<\/h3>\n<div class=\"ace-line ace-line old-record-id-PB8bfrBA1d7cqPcHVOncjsnXnug\">Neben den Geschm\u00e4ckern hat das Ger\u00e4t einige solide Funktionen, die die t\u00e4gliche Nutzung erleichtern. Der 850mAh wiederaufladbare Akku ist ein gro\u00dfer Vorteil \u2013 mit 20.000 Z\u00fcgen m\u00f6chte man nicht vor dem Ende des E-Liquids ohne Strom dastehen, und das Aufladen bedeutet, dass man jeden Tropfen nutzen kann. Die 20ml Kapazit\u00e4t entspricht der hohen Zuganzahl, sodass man das Ger\u00e4t nicht h\u00e4ufig ersetzen muss.<\/div>\n<div class=\"ace-line ace-line old-record-id-UsejfvRuPddbkrc1cXwc6BhTnsf\">Das Display, das \u00d6l- und Batteriest\u00e4nde anzeigt, ist praktisch \u2013 kein R\u00e4tselraten mehr, wenn der Vorrat zur Neige geht. Der Type-C-Anschluss macht das Laden bequem, da die meisten Menschen bereits Type-C-Kabel zu Hause haben. Die dualen Mesh-Coils helfen, den Geschmack und die Dampfproduktion konstant zu halten, was jedes Mal einen sanften Zug gew\u00e4hrleistet. Au\u00dferdem, mit Nikotinalternativen von 0% bis 5%, erf\u00fcllt es unterschiedliche Bed\u00fcrfnisse \u2013 ob man Nikotin oder nur Geschmack m\u00f6chte.<\/div>\n<h3 class=\"heading-3 ace-line old-record-id-YYXcfoAFfd09Owc6mYZcvQ3gneg\">Warum Randm Tornado 20000 Z\u00fcge w\u00e4hlen?<\/h3>\n<div class=\"ace-line ace-line old-record-id-PAxOfRNV7dZfqlcamX3csm31nUg\">Aus meiner Sicht sind die Hauptgr\u00fcnde f\u00fcr die Wahl dieses Ger\u00e4ts die Geschmacksvielfalt und die Langlebigkeit. Mit 30 Geschm\u00e4ckern kann man die Dinge jederzeit \u00e4ndern, ohne mehrere Ger\u00e4te kaufen zu m\u00fcssen. Die 20.000 Z\u00fcge machen es auch langfristig kosteneffektiv \u2013 viel mehr Nutzung als bei kleineren Einweg-Vapes.<\/div>\n<div class=\"ace-line ace-line old-record-id-YRORfLQ9zd6Uwac3SAJcQUqQnhc\">Der wiederaufladbare Akku und die klaren Anzeigen sind praktische Details, die h\u00e4ufige Schmerzpunkte l\u00f6sen (wie unerwartete Stromausf\u00e4lle). Die dualen Mesh-Coils sind ebenfalls ein sch\u00f6nes Upgrade, da sie den Geschmack konstant halten, selbst wenn das E-Liquid zur Neige geht. Es eignet sich sowohl f\u00fcr gelegentliche Vaper, die Bequemlichkeit w\u00fcnschen, als auch f\u00fcr h\u00e4ufige Nutzer, die auf langlebige Leistung Wert legen.<\/div>\n<h3 class=\"heading-3 ace-line old-record-id-OvvpfGUoYdcDvGc5KLgckRgtnpc\">Fragen &amp; Antworten zum Ger\u00e4t<\/h3>\n<div class=\"ace-line ace-line old-record-id-Wj02fTkEGdZDwtcZBvAcw0CTnrc\">F: Wie lange h\u00e4lt eine volle Ladung?<br \/>\nA: Eine volle Ladung sollte Sie durch die meisten E-Liquids bringen. Da es wiederaufladbar ist, k\u00f6nnen Sie es jederzeit aufladen, sodass Sie sich keine Sorgen machen m\u00fcssen, dass es w\u00e4hrend der Nutzung leer wird.<\/div>\n<div class=\"ace-line ace-line old-record-id-XSJBfRqJzdcl1ocYwtgcwASnnYe\">F: Sind die Geschm\u00e4cker zu k\u00fcnstlich?<br \/>\nA: Nicht wirklich. Die meisten Geschm\u00e4cker schmecken ziemlich nat\u00fcrlich, besonders die fruchtigen. Die S\u00fc\u00dfe ist ausgewogen, nicht \u00fcberm\u00e4\u00dfig sirupartig wie bei einigen anderen Einwegger\u00e4ten.<\/div>\n<div class=\"ace-line ace-line old-record-id-Fp1xfOvizdGePBcL9EBcDwCVnOK\">F: Ist es einfach f\u00fcr Anf\u00e4nger zu benutzen?<br \/>\nA: Absolut. Es ist ein Einwegger\u00e4t \u2013 einfach auspacken und dampfen. Das Type-C-Laden ist einfach, und das Display macht es leicht, \u00d6l- und Batteriest\u00e4nde zu \u00fcberpr\u00fcfen.<\/div>\n<\/div>\n<\/div>\n<\/div>\n<\/div>\n<\/div>\n<\/div>\n<\/div>\n<\/div>\n<\/div>\n<\/div>\n<\/div>\n<\/div>\n<\/div>","protected":false},"excerpt":{"rendered":"<div data-page-id=\"RAopf2sw9dtvw4cWYXpcTwo0n8g\" data-lark-html-role=\"root\" data-docx-has-block-data=\"false\">\n<div class=\"ace-line ace-line old-record-id-Uju9f3RXYd8dh2crAJbcBF3Un6M\">Der Randm Tornado 20000 Puffs bietet 30 verschiedene Geschmacksrichtungen von fruchtig bis eisig. Ausgestattet mit einem 850mAh wiederaufladbaren Akku, einem Fassungsverm\u00f6gen von 20ml und einem Type-C-Anschluss, bietet er eine langanhaltende Nutzung. Das Dual-Mesh sorgt f\u00fcr einen geschmeidigen Geschmack, mit 0%-5% Nikotinalternativen f\u00fcr unterschiedliche Bed\u00fcrfnisse.<\/div>\n<\/div>","protected":false},"featured_media":2813,"comment_status":"open","ping_status":"closed","template":"","meta":{"_acf_changed":false,"inline_featured_image":false,"_sitemap_exclude":false,"_sitemap_priority":"","_sitemap_frequency":""},"product_brand":[95],"product_cat":[80,239,249],"product_tag":[],"class_list":{"0":"post-2811","1":"product","2":"type-product","3":"status-publish","4":"has-post-thumbnail","6":"product_brand-fumot","7":"product_cat-fumot-puff","8":"product_cat-disposable-vape-collection","9":"product_cat-20k-puffs","11":"first","12":"instock","13":"sale","14":"shipping-taxable","15":"purchasable","16":"product-type-variable","17":"has-default-attributes"},"acf":[],"tiered_pricing_type":"fixed","tiered_pricing_fixed_rules":{"30":9.56,"60":8.68,"100":7.99,"200":7.49},"tiered_pricing_product_settings":{"layout":"default","base_unit_name":{"singular":null,"plural":null},"default_variation":null},"tiered_pricing_minimum_quantity":10,"tiered_pricing_roles_data":[],"tiered_pricing_percentage_rules":[],"tiered_pricing_maximum_quantity":null,"tiered_pricing_quantity_step":"10","_links":{"self":[{"href":"https:\/\/oiovape.com\/de\/wp-json\/wp\/v2\/product\/2811","targetHints":{"allow":["GET"]}}],"collection":[{"href":"https:\/\/oiovape.com\/de\/wp-json\/wp\/v2\/product"}],"about":[{"href":"https:\/\/oiovape.com\/de\/wp-json\/wp\/v2\/types\/product"}],"replies":[{"embeddable":true,"href":"https:\/\/oiovape.com\/de\/wp-json\/wp\/v2\/comments?post=2811"}],"version-history":[{"count":2,"href":"https:\/\/oiovape.com\/de\/wp-json\/wp\/v2\/product\/2811\/revisions"}],"predecessor-version":[{"id":3645,"href":"https:\/\/oiovape.com\/de\/wp-json\/wp\/v2\/product\/2811\/revisions\/3645"}],"wp:featuredmedia":[{"embeddable":true,"href":"https:\/\/oiovape.com\/de\/wp-json\/wp\/v2\/media\/2813"}],"wp:attachment":[{"href":"https:\/\/oiovape.com\/de\/wp-json\/wp\/v2\/media?parent=2811"}],"wp:term":[{"taxonomy":"product_brand","embeddable":true,"href":"https:\/\/oiovape.com\/de\/wp-json\/wp\/v2\/product_brand?post=2811"},{"taxonomy":"product_cat","embeddable":true,"href":"https:\/\/oiovape.com\/de\/wp-json\/wp\/v2\/product_cat?post=2811"},{"taxonomy":"product_tag","embeddable":true,"href":"https:\/\/oiovape.com\/de\/wp-json\/wp\/v2\/product_tag?post=2811"}],"curies":[{"name":"wp","href":"https:\/\/api.w.org\/{rel}","templated":true}]}}