{"id":2998,"date":"2026-01-05T02:24:35","date_gmt":"2026-01-05T02:24:35","guid":{"rendered":"https:\/\/oiovape.com\/?post_type=product&#038;p=2998"},"modified":"2026-02-10T11:14:29","modified_gmt":"2026-02-10T03:14:29","slug":"fumot-leopard-40000-puffs","status":"publish","type":"product","link":"https:\/\/oiovape.com\/de\/product\/fumot-leopard-40000-puffs\/","title":{"rendered":"Fumot Leopard 40000 PUFFS RGB Dual Mesh Coil 700mAh Batterie Smart Einweg Vape Pen"},"content":{"rendered":"<div data-page-id=\"ZVeMfq8uxd7y1ycuKm5cym4LnYd\" data-lark-html-role=\"root\" data-docx-has-block-data=\"false\">\n<div data-page-id=\"Fd41fZ5N9dzRQtcRNoVc2FuDnCh\" data-lark-html-role=\"root\" data-docx-has-block-data=\"true\">\n<div data-page-id=\"BdIJfeeijdk1eucGpS8cDCBBn5c\" data-lark-html-role=\"root\" data-docx-has-block-data=\"false\">\n<div data-page-id=\"Zbg9fWx77dUuh2cIYpic25c8nyd\" data-lark-html-role=\"root\" data-docx-has-block-data=\"false\">\n<div data-page-id=\"KaIvfiurhdlCKdc0kyxcX64cnE6\" data-lark-html-role=\"root\" data-docx-has-block-data=\"true\">\n<div data-page-id=\"PbvFfqxqlddUTScRpEYcY5MHnpf\" data-lark-html-role=\"root\" data-docx-has-block-data=\"true\">\n<div data-page-id=\"GZO2f5JeudwY4jc9iJtcdk9Hnxh\" data-lark-html-role=\"root\" data-docx-has-block-data=\"false\">\n<div data-page-id=\"EZVRf2acFduXLGcseZFc4qH2n6e\" data-lark-html-role=\"root\" data-docx-has-block-data=\"false\">\n<div data-page-id=\"B8rHfcqlqdzmH5cCWCncz17Cntb\" data-lark-html-role=\"root\" data-docx-has-block-data=\"false\">\n<div data-page-id=\"B8rHfcqlqdzmH5cCWCncz17Cntb\" data-lark-html-role=\"root\" data-docx-has-block-data=\"false\">\n<div data-page-id=\"B8rHfcqlqdzmH5cCWCncz17Cntb\" data-lark-html-role=\"root\" data-docx-has-block-data=\"true\">\n<div data-page-id=\"HM70f1aoxdD0bMcxJZBcVc7ynZd\" data-lark-html-role=\"root\" data-docx-has-block-data=\"false\">\n<div data-page-id=\"NSrJfN7Ord22i0c1iwZcsF8yn8b\" data-lark-html-role=\"root\" data-docx-has-block-data=\"false\">\n<div data-page-id=\"RXEff4Mskds8o1cqL5HcGEtUnCh\" data-lark-html-role=\"root\" data-docx-has-block-data=\"false\">\n<div data-page-id=\"DtUMfXbr2ddFuSclDtDcRQKPnqd\" data-lark-html-role=\"root\" data-docx-has-block-data=\"true\">\n<h2 class=\"ace-line ace-line old-record-id-DtUMfXbr2ddFuSclDtDcRQKPnqd\">Fumot Leopard 40000 Z\u00fcge Produktvorstellung<\/h2>\n<div class=\"ace-line ace-line old-record-id-UIESfWRcodI4X9cxtxgcOlccnZb\">\n<div>Suchen Sie nach einer Einweg-E-Zigarette, die langanhaltende Nutzung, reichhaltige Aromen und praktische Funktionen in Einklang bringt? Der Fumot Leopard 40000 Z\u00fcge erf\u00fcllt all diese Kriterien und ist damit eine herausragende Wahl sowohl f\u00fcr gelegentliche Dampfer als auch f\u00fcr diejenigen, die gerne verschiedene Geschm\u00e4cker erkunden. Mit 40000 Z\u00fcgen in einem eleganten Design ist dieses Ger\u00e4t darauf ausgelegt, Ihren t\u00e4glichen Dampferbedarf zu decken, ohne Kompromisse bei der Qualit\u00e4t einzugehen.<\/div>\n<h3>Eine Aromenvielfalt f\u00fcr jeden Geschmack<\/h3>\n<div>Eines der besten Dinge am Fumot Leopard ist die beeindruckende Auswahl von 16 Aromen \u2013 es gibt wirklich f\u00fcr jede Stimmung und Geschmackspr\u00e4ferenz etwas. Ob Sie s\u00fc\u00dfe, herbe, eisige oder fruchtige Mischungen bevorzugen, dieses Sortiment hat f\u00fcr jeden etwas zu bieten. Hier ist eine \u00dcbersicht \u00fcber alle k\u00f6stlichen Optionen:<\/div>\n<div><\/div>\n<div>\n<div>\n<table>\n<thead>\n<tr>\n<th>Nein.<\/th>\n<th>Geschmacksname<\/th>\n<\/tr>\n<\/thead>\n<tbody>\n<tr>\n<td>1<\/td>\n<td>Gemischte Beeren<\/td>\n<\/tr>\n<tr>\n<td>2<\/td>\n<td>Blaubeere Himbeere<\/td>\n<\/tr>\n<tr>\n<td>3<\/td>\n<td>Erdbeere Wassermelone<\/td>\n<\/tr>\n<tr>\n<td>4<\/td>\n<td>Erdbeer Eis<\/td>\n<\/tr>\n<tr>\n<td>5<\/td>\n<td>Kirsche Eis<\/td>\n<\/tr>\n<tr>\n<td>6<\/td>\n<td>Wassermelone Eis<\/td>\n<\/tr>\n<tr>\n<td>7<\/td>\n<td>Kiwi Passionsfrucht Guave<\/td>\n<\/tr>\n<tr>\n<td>8<\/td>\n<td>Dr. Blau<\/td>\n<\/tr>\n<tr>\n<td>9<\/td>\n<td>Blaubeere auf Eis<\/td>\n<\/tr>\n<tr>\n<td>10<\/td>\n<td>Pfirsich-Beere<\/td>\n<\/tr>\n<tr>\n<td>11<\/td>\n<td>Pinke Limonade<\/td>\n<\/tr>\n<tr>\n<td>12<\/td>\n<td>Erdbeere Banane<\/td>\n<\/tr>\n<tr>\n<td>13<\/td>\n<td>Wassermelonen-Kaugummi<\/td>\n<\/tr>\n<tr>\n<td>14<\/td>\n<td>Pfirsich-Mango-Ananas<\/td>\n<\/tr>\n<tr>\n<td>15<\/td>\n<td>Schwarzer Drachen-Eis<\/td>\n<\/tr>\n<tr>\n<td>16<\/td>\n<td>Blaubeer-Kirsch-Cranberry<\/td>\n<\/tr>\n<\/tbody>\n<\/table>\n<\/div>\n<\/div>\n<div><\/div>\n<div>Von der klassischen S\u00fc\u00dfe der Mischbeeren bis zur tropischen Note von Kiwi Passion Fruit Guava ist jedes Aroma so gestaltet, dass es bei jedem Zug einen sanften, gleichm\u00e4\u00dfigen Geschmack liefert. Die eisigen Varianten \u2013 wie Strawberry Ice und Watermelon Ice \u2013 verleihen einen erfrischenden Kick, der perfekt f\u00fcr hei\u00dfe Tage ist, w\u00e4hrend fruchtige Mischungen wie Peachy Mango Pineapple ein lebhaftes, saftiges Erlebnis bieten.<br \/>\n<img decoding=\"async\" class=\"alignnone wp-image-3199 size-full\" title=\"Fumot 40k Geschmack\" src=\"https:\/\/oiovape.com\/wp-content\/uploads\/2026\/01\/Fumot-40k-flavor-scaled.jpg\" alt=\"Fumot 40k Geschmack\" width=\"2560\" height=\"1641\" srcset=\"https:\/\/oiovape.com\/wp-content\/uploads\/2026\/01\/Fumot-40k-flavor-scaled.jpg 2560w, https:\/\/oiovape.com\/wp-content\/uploads\/2026\/01\/Fumot-40k-flavor-300x192.jpg 300w, https:\/\/oiovape.com\/wp-content\/uploads\/2026\/01\/Fumot-40k-flavor-1024x657.jpg 1024w, https:\/\/oiovape.com\/wp-content\/uploads\/2026\/01\/Fumot-40k-flavor-768x492.jpg 768w, https:\/\/oiovape.com\/wp-content\/uploads\/2026\/01\/Fumot-40k-flavor-1536x985.jpg 1536w, https:\/\/oiovape.com\/wp-content\/uploads\/2026\/01\/Fumot-40k-flavor-2048x1313.jpg 2048w, https:\/\/oiovape.com\/wp-content\/uploads\/2026\/01\/Fumot-40k-flavor-1200x769.jpg 1200w, https:\/\/oiovape.com\/wp-content\/uploads\/2026\/01\/Fumot-40k-flavor-150x96.jpg 150w\" sizes=\"(max-width: 2560px) 100vw, 2560px\" \/><\/div>\n<h3>Praktische Funktionen, die Ihr Dampfen verbessern<\/h3>\n<div>\u00dcber die Geschmacksvielfalt hinaus bietet der Fumot Leopard Funktionen, die darauf ausgelegt sind, Ihre Dampferfahrung m\u00fchelos und angenehm zu gestalten.<\/div>\n<h4>Anpassbare Nikotinst\u00e4rke<\/h4>\n<div>Dampfer k\u00f6nnen aus 2%, 3% oder 5% Nikotinkonzentrationen w\u00e4hlen, sodass Sie die St\u00e4rke an Ihre pers\u00f6nliche Toleranz und Vorlieben anpassen k\u00f6nnen. Ob Sie einen milderen Zug oder ein kr\u00e4ftigeres Erlebnis bevorzugen, diese Flexibilit\u00e4t stellt sicher, dass das Ger\u00e4t f\u00fcr Sie funktioniert.<\/div>\n<h4>Zuverl\u00e4ssige Leistung &amp; Aufladung<\/h4>\n<div>Ausgestattet mit einem 700mAh-Akku bietet der Fumot Leopard gen\u00fcgend Leistung, um seine Kapazit\u00e4t von 40.000 Z\u00fcgen zu unterst\u00fctzen. Wenn Sie eine Aufladung ben\u00f6tigen, macht der Type-C-Ladeanschluss das Aufladen schnell und bequem \u2013 keine sperrigen oder inkompatiblen Kabel mehr \ud83d\udd0c.<\/div>\n<h4>Sanfter Dampf &amp; klare Anzeigen<\/h4>\n<div>Die Dual-Mesh-Coil-Technologie sorgt f\u00fcr eine gleichm\u00e4\u00dfige, konsistente Dampferzeugung und gleichm\u00e4\u00dfige Geschmacksverteilung, sodass jeder Zug genauso gut schmeckt wie der erste. Au\u00dferdem erm\u00f6glicht das digitale R\u00f6hrchen-\u00d6l- und Leistungsdisplay, dass Sie auf einen Blick den verbleibenden \u00d6lstand und die Akkulaufzeit im Auge behalten, sodass Sie nie von einem leeren Ger\u00e4t \u00fcberrascht werden.<\/div>\n<h3>F\u00fcr wen ist diese E-Zigarette geeignet?<\/h3>\n<div>Ob Sie ein gelegentlicher Dampfer sind, der die M\u00fche h\u00e4ufiger Ersatzk\u00e4ufe hasst, ein Geschmacksenthusiast, der neue Mischungen ausprobieren m\u00f6chte, oder jemand, der Zuverl\u00e4ssigkeit und Praktikabilit\u00e4t sch\u00e4tzt, der Fumot Leopard 40000 Z\u00fcge ist eine solide Wahl. Er ist unkompliziert, einfach zu bedienen und bietet sowohl Leistung als auch Geschmack \u2013 keine zus\u00e4tzlichen Spielereien, einfach ein gro\u00dfartiges Dampferlebnis.<\/div>\n<div><\/div>\n<div>Wenn Sie es leid sind, Einweg-E-Zigaretten zu verwenden, die zu schnell leer sind oder an Geschmacksvielfalt mangeln, probieren Sie den Fumot Leopard aus. Er ist darauf ausgelegt, Ihr t\u00e4glicher Begleiter zu sein und bietet langanhaltenden Genuss, ohne Kompromisse bei der Qualit\u00e4t einzugehen.<\/div>\n<\/div>\n<\/div>\n<\/div>\n<\/div>\n<\/div>\n<\/div>\n<\/div>\n<\/div>\n<\/div>\n<\/div>\n<\/div>\n<\/div>\n<\/div>\n<\/div>\n<\/div>\n<\/div>","protected":false},"excerpt":{"rendered":"<div data-page-id=\"RAopf2sw9dtvw4cWYXpcTwo0n8g\" data-lark-html-role=\"root\" data-docx-has-block-data=\"false\">\n<div class=\"ace-line ace-line old-record-id-Uju9f3RXYd8dh2crAJbcBF3Un6M\">Fumot Leopard 40000 Z\u00fcge Einweg-Vape Mit 16 k\u00f6stlichen Geschmacksrichtungen, dualen Mesh-Coils und einem 700mAh Akku liefert es 40K sanfte Z\u00fcge. W\u00e4hlen Sie 2%-5% Nikotin, verfolgen Sie \u00d6l\/Strom \u00fcber das digitale Display und laden Sie einfach mit Type-C auf \u2013 zuverl\u00e4ssig und unkompliziert f\u00fcr Geschmacksliebhaber.<\/div>\n<\/div>","protected":false},"featured_media":3014,"comment_status":"open","ping_status":"closed","template":"","meta":{"_acf_changed":false,"inline_featured_image":false,"_sitemap_exclude":false,"_sitemap_priority":"","_sitemap_frequency":""},"product_brand":[95],"product_cat":[80,239,244],"product_tag":[],"class_list":{"0":"post-2998","1":"product","2":"type-product","3":"status-publish","4":"has-post-thumbnail","6":"product_brand-fumot","7":"product_cat-fumot-puff","8":"product_cat-disposable-vape-collection","9":"product_cat-40k-puff","11":"first","12":"instock","13":"sale","14":"shipping-taxable","15":"purchasable","16":"product-type-variable","17":"has-default-attributes"},"acf":[],"tiered_pricing_type":"fixed","tiered_pricing_fixed_rules":{"30":12.06,"60":9.49,"100":8.68,"200":7.96},"tiered_pricing_product_settings":{"layout":"default","base_unit_name":{"singular":null,"plural":null},"default_variation":null},"tiered_pricing_minimum_quantity":10,"tiered_pricing_roles_data":[],"tiered_pricing_percentage_rules":[],"tiered_pricing_maximum_quantity":null,"tiered_pricing_quantity_step":"10","_links":{"self":[{"href":"https:\/\/oiovape.com\/de\/wp-json\/wp\/v2\/product\/2998","targetHints":{"allow":["GET"]}}],"collection":[{"href":"https:\/\/oiovape.com\/de\/wp-json\/wp\/v2\/product"}],"about":[{"href":"https:\/\/oiovape.com\/de\/wp-json\/wp\/v2\/types\/product"}],"replies":[{"embeddable":true,"href":"https:\/\/oiovape.com\/de\/wp-json\/wp\/v2\/comments?post=2998"}],"version-history":[{"count":1,"href":"https:\/\/oiovape.com\/de\/wp-json\/wp\/v2\/product\/2998\/revisions"}],"predecessor-version":[{"id":3647,"href":"https:\/\/oiovape.com\/de\/wp-json\/wp\/v2\/product\/2998\/revisions\/3647"}],"wp:featuredmedia":[{"embeddable":true,"href":"https:\/\/oiovape.com\/de\/wp-json\/wp\/v2\/media\/3014"}],"wp:attachment":[{"href":"https:\/\/oiovape.com\/de\/wp-json\/wp\/v2\/media?parent=2998"}],"wp:term":[{"taxonomy":"product_brand","embeddable":true,"href":"https:\/\/oiovape.com\/de\/wp-json\/wp\/v2\/product_brand?post=2998"},{"taxonomy":"product_cat","embeddable":true,"href":"https:\/\/oiovape.com\/de\/wp-json\/wp\/v2\/product_cat?post=2998"},{"taxonomy":"product_tag","embeddable":true,"href":"https:\/\/oiovape.com\/de\/wp-json\/wp\/v2\/product_tag?post=2998"}],"curies":[{"name":"wp","href":"https:\/\/api.w.org\/{rel}","templated":true}]}}