{"id":3085,"date":"2026-01-05T07:49:24","date_gmt":"2026-01-05T07:49:24","guid":{"rendered":"https:\/\/oiovape.com\/?post_type=product&#038;p=3085"},"modified":"2026-03-20T18:26:35","modified_gmt":"2026-03-20T10:26:35","slug":"razz-bar-40000-puffs","status":"publish","type":"product","link":"https:\/\/oiovape.com\/de\/product\/razz-bar-40000-puffs\/","title":{"rendered":"Razz Bar 40000 PUFFS Doppelte Geschm\u00e4cker Verf\u00fcgbar Mit Smart Display Bildschirm Einweg-Vapes"},"content":{"rendered":"<div data-page-id=\"ZVeMfq8uxd7y1ycuKm5cym4LnYd\" data-lark-html-role=\"root\" data-docx-has-block-data=\"false\">\n<div data-page-id=\"Fd41fZ5N9dzRQtcRNoVc2FuDnCh\" data-lark-html-role=\"root\" data-docx-has-block-data=\"true\">\n<div data-page-id=\"BdIJfeeijdk1eucGpS8cDCBBn5c\" data-lark-html-role=\"root\" data-docx-has-block-data=\"false\">\n<div data-page-id=\"Zbg9fWx77dUuh2cIYpic25c8nyd\" data-lark-html-role=\"root\" data-docx-has-block-data=\"false\">\n<div data-page-id=\"KaIvfiurhdlCKdc0kyxcX64cnE6\" data-lark-html-role=\"root\" data-docx-has-block-data=\"true\">\n<div data-page-id=\"PbvFfqxqlddUTScRpEYcY5MHnpf\" data-lark-html-role=\"root\" data-docx-has-block-data=\"true\">\n<div data-page-id=\"GZO2f5JeudwY4jc9iJtcdk9Hnxh\" data-lark-html-role=\"root\" data-docx-has-block-data=\"false\">\n<div data-page-id=\"EZVRf2acFduXLGcseZFc4qH2n6e\" data-lark-html-role=\"root\" data-docx-has-block-data=\"false\">\n<div data-page-id=\"B8rHfcqlqdzmH5cCWCncz17Cntb\" data-lark-html-role=\"root\" data-docx-has-block-data=\"false\">\n<div data-page-id=\"B8rHfcqlqdzmH5cCWCncz17Cntb\" data-lark-html-role=\"root\" data-docx-has-block-data=\"false\">\n<div data-page-id=\"B8rHfcqlqdzmH5cCWCncz17Cntb\" data-lark-html-role=\"root\" data-docx-has-block-data=\"true\">\n<div data-page-id=\"HM70f1aoxdD0bMcxJZBcVc7ynZd\" data-lark-html-role=\"root\" data-docx-has-block-data=\"false\">\n<div data-page-id=\"NSrJfN7Ord22i0c1iwZcsF8yn8b\" data-lark-html-role=\"root\" data-docx-has-block-data=\"false\">\n<div data-page-id=\"RXEff4Mskds8o1cqL5HcGEtUnCh\" data-lark-html-role=\"root\" data-docx-has-block-data=\"false\">\n<div data-page-id=\"KJ7gfqkVndMSRJcMseScmvYwnTc\" data-lark-html-role=\"root\" data-docx-has-block-data=\"false\">\n<div class=\"ace-line ace-line old-record-id-QADAfETPudgmudc05YvcTO5fnxe\">\n<div data-page-id=\"KJ7gfqkVndMSRJcMseScmvYwnTc\" data-lark-html-role=\"root\" data-docx-has-block-data=\"false\">\n<div class=\"ace-line ace-line old-record-id-JoRkfpho8dOkiacEOascDyCOncb\">\n<div data-page-id=\"KJ7gfqkVndMSRJcMseScmvYwnTc\" data-lark-html-role=\"root\" data-docx-has-block-data=\"false\">\n<div data-page-id=\"Ju6ofQ3V4dGmePcVvJvc1gmcnZb\" data-lark-html-role=\"root\" data-docx-has-block-data=\"true\">\n<h2 class=\"ace-line ace-line old-record-id-Ju6ofQ3V4dGmePcVvJvc1gmcnZb\">Razz Bar 40000 Z\u00fcge: Geschm\u00e4cker &amp; Funktionen<\/h2>\n<div class=\"ace-line ace-line old-record-id-AZYNfZwbLdEPi6cjVu6cgWimnFe\">Die Razz Bar 40000 Z\u00fcge hat sich unter Dampfern aufgrund ihrer langlebigen Leistung und vielf\u00e4ltigen Geschmacksoptionen gro\u00dfer Beliebtheit erfreut. Sie wurde entwickelt, um unterschiedlichen Geschmackspr\u00e4ferenzen gerecht zu werden, und kombiniert praktische Funktionen mit einer breiten Palette von Geschmacksrichtungen, was sie zur bevorzugten Wahl vieler Enthusiasten macht. Im Folgenden finden Sie eine detaillierte \u00dcbersicht \u00fcber ihre Geschm\u00e4cker, Kernfunktionen und h\u00e4ufige Fragen.<\/div>\n<h3 class=\"heading-2 ace-line old-record-id-WmOifzreydEx8kcfBiecBBJVnjg\">Geschmacksoptionen: 20 doppelte Geschmacks-Kombinationen<\/h3>\n<div class=\"ace-line ace-line old-record-id-I5IRf6DxEdVUGQciklJcCg8EnWd\">Einer der gr\u00f6\u00dften Anziehungspunkte dieses Ger\u00e4ts sind seine 20 einzigartigen doppelten Geschmacks-Paarungen. Jede Kombination vereint unterschiedliche Geschm\u00e4cker, um ein vielschichtiges Dampferlebnis zu schaffen. Die vollst\u00e4ndige Geschmacks\u00fcbersicht ist in der untenstehenden Tabelle zur einfachen Referenz organisiert:<\/div>\n<div>\n<table class=\"ace-table\" data-ace-table-col-widths=\"200;200\">\n<colgroup>\n<col width=\"200\" \/>\n<col width=\"200\" \/><\/colgroup>\n<thead>\n<tr>\n<th colspan=\"1\" rowspan=\"1\">\n<div class=\"ace-line ace-line old-record-id-U9qyfxq7rdOhjVclo3HcTBBInwd\">Nein.<\/div>\n<\/th>\n<th colspan=\"1\" rowspan=\"1\">\n<div class=\"ace-line ace-line old-record-id-M7Nxfq5ZsdGkNXcInlJcgNE1nug\">Doppelte Geschmacks-Kombination<\/div>\n<\/th>\n<\/tr>\n<\/thead>\n<tbody>\n<tr>\n<td colspan=\"1\" rowspan=\"1\">\n<div class=\"ace-line ace-line old-record-id-GfzyfwqHndAf2fcg4VDcM4yNnde\">1<\/div>\n<\/td>\n<td colspan=\"1\" rowspan=\"1\">\n<div class=\"ace-line ace-line old-record-id-Fl4wfN9gVdgbmqcxpJYchE4lnCb\">Zitrone Limette \/ Lush Ice<\/div>\n<\/td>\n<\/tr>\n<tr>\n<td colspan=\"1\" rowspan=\"1\">\n<div class=\"ace-line ace-line old-record-id-C5bMfjNiNd64sKcXYEccJIJCn0d\">2<\/div>\n<\/td>\n<td colspan=\"1\" rowspan=\"1\">\n<div class=\"ace-line ace-line old-record-id-GTNvfzfEKdCctKcGcdWcPrrwneb\">Erdbeer Eis \/ Gemischte Beeren<\/div>\n<\/td>\n<\/tr>\n<tr>\n<td colspan=\"1\" rowspan=\"1\">\n<div class=\"ace-line ace-line old-record-id-HBdhf1ca7dlN7zcVj0oc4N6Gnhh\">3<\/div>\n<\/td>\n<td colspan=\"1\" rowspan=\"1\">\n<div class=\"ace-line ace-line old-record-id-HeeYf5mXEd4Mm0cHeTscHTUunkf\">Blaue Razz Eis \/ Erdbeer Wassermelone Kaugummi<\/div>\n<\/td>\n<\/tr>\n<tr>\n<td colspan=\"1\" rowspan=\"1\">\n<div class=\"ace-line ace-line old-record-id-Yrw0fpEgNdhcs7cKYMycUcCnnbg\">4<\/div>\n<\/td>\n<td colspan=\"1\" rowspan=\"1\">\n<div class=\"ace-line ace-line old-record-id-EKZmfM5fidw9dAcsuaNc1N9GnCc\">Gemischte Beeren \/ Wassermelonen Eis<\/div>\n<\/td>\n<\/tr>\n<tr>\n<td colspan=\"1\" rowspan=\"1\">\n<div class=\"ace-line ace-line old-record-id-WffXftVK0dmpb6cl4w5cGq8Anrg\">5<\/div>\n<\/td>\n<td colspan=\"1\" rowspan=\"1\">\n<div class=\"ace-line ace-line old-record-id-Xg6dfuyyfdjKq9czHZ6cBtppnVb\">Erdbeer Banane \/ Red Bull Eis<\/div>\n<\/td>\n<\/tr>\n<tr>\n<td colspan=\"1\" rowspan=\"1\">\n<div class=\"ace-line ace-line old-record-id-PriFfJGJPdIOxdc1uOActtfcnIg\">6<\/div>\n<\/td>\n<td colspan=\"1\" rowspan=\"1\">\n<div class=\"ace-line ace-line old-record-id-K0xLf47M4dOqMBc7a72cWAXfn5g\">Heidelbeer Eis \/ Love 66<\/div>\n<\/td>\n<\/tr>\n<tr>\n<td colspan=\"1\" rowspan=\"1\">\n<div class=\"ace-line ace-line old-record-id-K5QwfmrWedxf8Cc5jMnctEnInLc\">7<\/div>\n<\/td>\n<td colspan=\"1\" rowspan=\"1\">\n<div class=\"ace-line ace-line old-record-id-HkKOfLCkadSsEgclcZlcI2Yun5d\">Pfirsich Eis \/ Heidelbeer Eis<\/div>\n<\/td>\n<\/tr>\n<tr>\n<td colspan=\"1\" rowspan=\"1\">\n<div class=\"ace-line ace-line old-record-id-A8Nrf0lF8d14ancmupDcZnb1nib\">8<\/div>\n<\/td>\n<td colspan=\"1\" rowspan=\"1\">\n<div class=\"ace-line ace-line old-record-id-FW5CftJFvdk2HGcC05xcJb7vnLc\">Erdbeer Kiwi \/ Heidelbeer Sauer Himbeere<\/div>\n<\/td>\n<\/tr>\n<tr>\n<td colspan=\"1\" rowspan=\"1\">\n<div class=\"ace-line ace-line old-record-id-JD1VfP8K7dtT8ScBqDIcrN0Knph\">9<\/div>\n<\/td>\n<td colspan=\"1\" rowspan=\"1\">\n<div class=\"ace-line ace-line old-record-id-Go4Kf9OR4dUeDOcXxMhc6iSYn0c\">Wassermelonen Eis \/ Cola Eis<\/div>\n<\/td>\n<\/tr>\n<tr>\n<td colspan=\"1\" rowspan=\"1\">\n<div class=\"ace-line ace-line old-record-id-QiaifdCE5dfP9lcLR7McTIS7njd\">10<\/div>\n<\/td>\n<td colspan=\"1\" rowspan=\"1\">\n<div class=\"ace-line ace-line old-record-id-KuF5f8uRediVnLcZZ2RcVml1n6e\">Erdbeer Wassermelone \/ Trauben Eis<\/div>\n<\/td>\n<\/tr>\n<tr>\n<td colspan=\"1\" rowspan=\"1\">\n<div class=\"ace-line ace-line old-record-id-RPvnf6gAxdND7hcGW0ZchEAwnbc\">11<\/div>\n<\/td>\n<td colspan=\"1\" rowspan=\"1\">\n<div class=\"ace-line ace-line old-record-id-Hd28fyNOgdYMV2cvR1OcoWmOnie\">Zitrone Limette \/ Erdbeer Kiwi<\/div>\n<\/td>\n<\/tr>\n<tr>\n<td colspan=\"1\" rowspan=\"1\">\n<div class=\"ace-line ace-line old-record-id-Lp0IfmH8xdW16PcXtkDcFaaUnyb\">12<\/div>\n<\/td>\n<td colspan=\"1\" rowspan=\"1\">\n<div class=\"ace-line ace-line old-record-id-Y3jbf2yBodZPClcOkOycvba6njc\">Pink Lemonade \/ Brombeer Eis<\/div>\n<\/td>\n<\/tr>\n<tr>\n<td colspan=\"1\" rowspan=\"1\">\n<div class=\"ace-line ace-line old-record-id-GoTNffbRLdJCpGcEX9fci0CCnag\">13<\/div>\n<\/td>\n<td colspan=\"1\" rowspan=\"1\">\n<div class=\"ace-line ace-line old-record-id-SfLYfflf7d2jL9cNZHockZqqnvg\">Saftiger Pfirsich Eis \/ Ananas Eis<\/div>\n<\/td>\n<\/tr>\n<tr>\n<td colspan=\"1\" rowspan=\"1\">\n<div class=\"ace-line ace-line old-record-id-BNdDfis6pdB73sc3fVmcK9R5nFc\">14<\/div>\n<\/td>\n<td colspan=\"1\" rowspan=\"1\">\n<div class=\"ace-line ace-line old-record-id-VnzCfX0Vdd08KYckWXEc3D8Rnig\">Kiwi Passionsfrucht Guave \/ Ananas Kokosnuss<\/div>\n<\/td>\n<\/tr>\n<tr>\n<td colspan=\"1\" rowspan=\"1\">\n<div class=\"ace-line ace-line old-record-id-Eo6xf5ZpXd5JiKcxKyAcc544nPb\">15<\/div>\n<\/td>\n<td colspan=\"1\" rowspan=\"1\">\n<div class=\"ace-line ace-line old-record-id-V3erfmgJgdeYYTc8azpcnp6Snwb\">Skittles \/ Trauben Explosion<\/div>\n<\/td>\n<\/tr>\n<tr>\n<td colspan=\"1\" rowspan=\"1\">\n<div class=\"ace-line ace-line old-record-id-A0icfhQfldrwo7cQU8HccQF8ngg\">16<\/div>\n<\/td>\n<td colspan=\"1\" rowspan=\"1\">\n<div class=\"ace-line ace-line old-record-id-HLY3fTv5YdVkykcbb8ncPvbAnpg\">Schwarzes Eis Drachenfrucht Erdbeere \/ Dreifach Melone<\/div>\n<\/td>\n<\/tr>\n<tr>\n<td colspan=\"1\" rowspan=\"1\">\n<div class=\"ace-line ace-line old-record-id-YbbtfPHIfdZWnXcEWKuc7MvGnYf\">17<\/div>\n<\/td>\n<td colspan=\"1\" rowspan=\"1\">\n<div class=\"ace-line ace-line old-record-id-VKNFfavVMd8t7hcxNhdcewwDnae\">Sommertraum \/ Erdbeer Banane<\/div>\n<\/td>\n<\/tr>\n<tr>\n<td colspan=\"1\" rowspan=\"1\">\n<div class=\"ace-line ace-line old-record-id-YfxXf5QTqdATeTcqSYucQfaansc\">18<\/div>\n<\/td>\n<td colspan=\"1\" rowspan=\"1\">\n<div class=\"ace-line ace-line old-record-id-ZP9Yfb7wIdN2OVcgeJxcaXVJnBb\">Kirsch Zitrone \/ Heidelbeer Sauer Himbeere<\/div>\n<\/td>\n<\/tr>\n<tr>\n<td colspan=\"1\" rowspan=\"1\">\n<div class=\"ace-line ace-line old-record-id-E89QfgLxXdSPPdclaWecxfjHnZG\">19<\/div>\n<\/td>\n<td colspan=\"1\" rowspan=\"1\">\n<div class=\"ace-line ace-line old-record-id-MMXLfybNUdHTpOcCvgpccXWMn2g\">Love 66\/ Sour Apple<\/div>\n<\/td>\n<\/tr>\n<tr>\n<td colspan=\"1\" rowspan=\"1\">\n<div class=\"ace-line ace-line old-record-id-D9rCf8rhNdPuk7coP1AcLCJZnEg\">20<\/div>\n<\/td>\n<td colspan=\"1\" rowspan=\"1\">\n<div class=\"ace-line ace-line old-record-id-Az6NftfH8ddxiccFok8cWITfnFb\">Zitrone Limette \/ Frische Minze<\/div>\n<\/td>\n<\/tr>\n<\/tbody>\n<\/table>\n<\/div>\n<h4 class=\"heading-3 ace-line old-record-id-PyJYfjAuWdLUQfcp2Jwc6Jamn16\">Geschmacksprofil H\u00f6hepunkte<\/h4>\n<div class=\"ace-line ace-line old-record-id-JQBdfxWSydbdq1cd7cxc9MLZnJo\">Die Geschm\u00e4cker neigen stark zu fruchtigen und eisigen Noten, wobei viele Kombinationen frische Fruchtgeschm\u00e4cker mit einem k\u00fchlen Eis-Finish kombinieren. F\u00fcr diejenigen, die s\u00fc\u00dfe und herbe Geschm\u00e4cker m\u00f6gen, sind Optionen wie Erdbeer Kiwi \/ Heidelbeer Sauer Himbeere oder Skittles \/ Trauben Explosion einen Versuch wert. In der Zwischenzeit sprechen klassische Frucht-Eis-Paarungen wie Wassermelonen Eis \/ Cola Eis und Pfirsich Eis \/ Heidelbeer Eis Dampfer an, die ein erfrischendes, k\u00fchlendes Gef\u00fchl bevorzugen.<\/div>\n<h3 class=\"heading-2 ace-line old-record-id-O7fRf29VHdpNnUcPHJic8BJKnsd\">Kernmerkmale<\/h3>\n<div class=\"ace-line ace-line old-record-id-MOfwfPGTSdqOJSc4XpbcPtURn2f\">Neben den Geschm\u00e4ckern bietet die Razz Bar 40000 Z\u00fcge mehrere praktische Funktionen, die das Dampferlebnis verbessern:<\/div>\n<ul class=\"list-bullet1\">\n<li class=\"ace-line ace-line old-record-id-GP0KfJzJAdYzZKcUYk7c32zNnmf\" data-list=\"bullet\">\n<div>Salznikotin-Optionen: Erh\u00e4ltlich in 2% und 5% Konzentrationen, die es den Nutzern erm\u00f6glichen, basierend auf ihrer Nikotinvoreinstellung zu w\u00e4hlen.<\/div>\n<\/li>\n<li class=\"ace-line ace-line old-record-id-XhO0filQWdGroSc4nFkcrHE9nXg\" data-list=\"bullet\">\n<div>Langanhaltende Z\u00fcge: 40000 Z\u00fcge pro Ger\u00e4t, wodurch die H\u00e4ufigkeit des Ger\u00e4tewechsels reduziert wird.<\/div>\n<\/li>\n<li class=\"ace-line ace-line old-record-id-LjuffkmPVdcuYgcpT7ecgyM4nng\" data-list=\"bullet\">\n<div>Wiederaufladbarer Akku: Ausgestattet mit einem 650mAh wiederaufladbaren Akku, der eine kontinuierliche Nutzung ohne pl\u00f6tzlichen Stromausfall gew\u00e4hrleistet.<\/div>\n<\/li>\n<li class=\"ace-line ace-line old-record-id-AVVffIv3Sdwr6fc4PH9ccORTnib\" data-list=\"bullet\">\n<div>Mesh Coil &amp; Dual Tank: Das Mesh-Coil-Design liefert einen sanften Dampf und konsistenten Geschmack, w\u00e4hrend die Dual-Tank-Struktur die Geschmacks\u00fcberlagerung und Kapazit\u00e4t verbessert.<\/div>\n<\/li>\n<li class=\"ace-line ace-line old-record-id-CWNwfkpEFdGxAYcEK82cmoAQnUb\" data-list=\"bullet\">\n<div>Typ-C-Ladung: Unterst\u00fctzt Typ-C-Ladung, die schnell und bequem ist und mit den meisten modernen Ladekabeln kompatibel ist.<\/div>\n<\/li>\n<\/ul>\n<\/div>\n<\/div>\n<\/div>\n<\/div>\n<\/div>\n<\/div>\n<\/div>\n<\/div>\n<\/div>\n<\/div>\n<\/div>\n<\/div>\n<\/div>\n<\/div>\n<\/div>\n<\/div>\n<\/div>\n<\/div>\n<\/div>\n<\/div>","protected":false},"excerpt":{"rendered":"<div data-page-id=\"RAopf2sw9dtvw4cWYXpcTwo0n8g\" data-lark-html-role=\"root\" data-docx-has-block-data=\"false\">\n<div class=\"ace-line ace-line old-record-id-Uju9f3RXYd8dh2crAJbcBF3Un6M\">Razz Bar 40000 Puffs bietet 20 doppelte Geschmacksrichtungen, von fruchtigen Mischungen bis hin zu eisigen Akzenten. Ausgestattet mit 2\/5% Salznikotin, einem 650mAh wiederaufladbaren Akku, einem Mesh-Coil-Dualtank und Type-C-Ladeanschluss, ist es eine langlebige und praktische Wahl f\u00fcr Dampfer.<\/div>\n<\/div>","protected":false},"featured_media":3087,"comment_status":"open","ping_status":"closed","template":"","meta":{"_acf_changed":false,"inline_featured_image":false,"_sitemap_exclude":false,"_sitemap_priority":"","_sitemap_frequency":""},"product_brand":[171],"product_cat":[170,239,244,229],"product_tag":[],"class_list":{"0":"post-3085","1":"product","2":"type-product","3":"status-publish","4":"has-post-thumbnail","6":"product_brand-razz-bar","7":"product_cat-razz-bar-puff","8":"product_cat-disposable-vape-collection","9":"product_cat-40k-puff","10":"product_cat-ship-from-german","12":"first","13":"instock","14":"sale","15":"shipping-taxable","16":"purchasable","17":"product-type-variable","18":"has-default-attributes"},"acf":[],"tiered_pricing_type":"fixed","tiered_pricing_fixed_rules":{"30":10.12,"60":9.58,"100":8.96,"200":8.26},"tiered_pricing_product_settings":{"layout":"default","base_unit_name":{"singular":null,"plural":null},"default_variation":null},"tiered_pricing_minimum_quantity":null,"tiered_pricing_roles_data":[],"tiered_pricing_percentage_rules":[],"tiered_pricing_maximum_quantity":null,"tiered_pricing_quantity_step":"10","_links":{"self":[{"href":"https:\/\/oiovape.com\/de\/wp-json\/wp\/v2\/product\/3085","targetHints":{"allow":["GET"]}}],"collection":[{"href":"https:\/\/oiovape.com\/de\/wp-json\/wp\/v2\/product"}],"about":[{"href":"https:\/\/oiovape.com\/de\/wp-json\/wp\/v2\/types\/product"}],"replies":[{"embeddable":true,"href":"https:\/\/oiovape.com\/de\/wp-json\/wp\/v2\/comments?post=3085"}],"version-history":[{"count":1,"href":"https:\/\/oiovape.com\/de\/wp-json\/wp\/v2\/product\/3085\/revisions"}],"predecessor-version":[{"id":7807,"href":"https:\/\/oiovape.com\/de\/wp-json\/wp\/v2\/product\/3085\/revisions\/7807"}],"wp:featuredmedia":[{"embeddable":true,"href":"https:\/\/oiovape.com\/de\/wp-json\/wp\/v2\/media\/3087"}],"wp:attachment":[{"href":"https:\/\/oiovape.com\/de\/wp-json\/wp\/v2\/media?parent=3085"}],"wp:term":[{"taxonomy":"product_brand","embeddable":true,"href":"https:\/\/oiovape.com\/de\/wp-json\/wp\/v2\/product_brand?post=3085"},{"taxonomy":"product_cat","embeddable":true,"href":"https:\/\/oiovape.com\/de\/wp-json\/wp\/v2\/product_cat?post=3085"},{"taxonomy":"product_tag","embeddable":true,"href":"https:\/\/oiovape.com\/de\/wp-json\/wp\/v2\/product_tag?post=3085"}],"curies":[{"name":"wp","href":"https:\/\/api.w.org\/{rel}","templated":true}]}}