{"id":3223,"date":"2026-01-06T07:30:22","date_gmt":"2026-01-06T07:30:22","guid":{"rendered":"https:\/\/oiovape.com\/?post_type=product&#038;p=3223"},"modified":"2026-01-31T17:43:03","modified_gmt":"2026-01-31T09:43:03","slug":"vozol-rave-40000-puffs","status":"publish","type":"product","link":"https:\/\/oiovape.com\/de\/product\/vozol-rave-40000-puffs\/","title":{"rendered":"Vozol Rave 40000 PUFFS Beat-sensitiver Bildschirm Dual-MCU-Chips Zug-aktivierte Vape"},"content":{"rendered":"<div data-page-id=\"ZVeMfq8uxd7y1ycuKm5cym4LnYd\" data-lark-html-role=\"root\" data-docx-has-block-data=\"false\">\n<div data-page-id=\"Fd41fZ5N9dzRQtcRNoVc2FuDnCh\" data-lark-html-role=\"root\" data-docx-has-block-data=\"true\">\n<div data-page-id=\"BdIJfeeijdk1eucGpS8cDCBBn5c\" data-lark-html-role=\"root\" data-docx-has-block-data=\"false\">\n<div data-page-id=\"Zbg9fWx77dUuh2cIYpic25c8nyd\" data-lark-html-role=\"root\" data-docx-has-block-data=\"false\">\n<div data-page-id=\"KaIvfiurhdlCKdc0kyxcX64cnE6\" data-lark-html-role=\"root\" data-docx-has-block-data=\"true\">\n<div data-page-id=\"PbvFfqxqlddUTScRpEYcY5MHnpf\" data-lark-html-role=\"root\" data-docx-has-block-data=\"true\">\n<div data-page-id=\"GZO2f5JeudwY4jc9iJtcdk9Hnxh\" data-lark-html-role=\"root\" data-docx-has-block-data=\"false\">\n<div data-page-id=\"EZVRf2acFduXLGcseZFc4qH2n6e\" data-lark-html-role=\"root\" data-docx-has-block-data=\"false\">\n<div data-page-id=\"B8rHfcqlqdzmH5cCWCncz17Cntb\" data-lark-html-role=\"root\" data-docx-has-block-data=\"false\">\n<div data-page-id=\"B8rHfcqlqdzmH5cCWCncz17Cntb\" data-lark-html-role=\"root\" data-docx-has-block-data=\"false\">\n<div data-page-id=\"B8rHfcqlqdzmH5cCWCncz17Cntb\" data-lark-html-role=\"root\" data-docx-has-block-data=\"true\">\n<div data-page-id=\"HM70f1aoxdD0bMcxJZBcVc7ynZd\" data-lark-html-role=\"root\" data-docx-has-block-data=\"false\">\n<div data-page-id=\"NSrJfN7Ord22i0c1iwZcsF8yn8b\" data-lark-html-role=\"root\" data-docx-has-block-data=\"false\">\n<div data-page-id=\"RXEff4Mskds8o1cqL5HcGEtUnCh\" data-lark-html-role=\"root\" data-docx-has-block-data=\"false\">\n<div data-page-id=\"KJ7gfqkVndMSRJcMseScmvYwnTc\" data-lark-html-role=\"root\" data-docx-has-block-data=\"false\">\n<div class=\"ace-line ace-line old-record-id-QADAfETPudgmudc05YvcTO5fnxe\">\n<div data-page-id=\"KJ7gfqkVndMSRJcMseScmvYwnTc\" data-lark-html-role=\"root\" data-docx-has-block-data=\"false\">\n<div class=\"ace-line ace-line old-record-id-JoRkfpho8dOkiacEOascDyCOncb\">\n<div data-page-id=\"KJ7gfqkVndMSRJcMseScmvYwnTc\" data-lark-html-role=\"root\" data-docx-has-block-data=\"false\">\n<div data-page-id=\"Ju6ofQ3V4dGmePcVvJvc1gmcnZb\" data-lark-html-role=\"root\" data-docx-has-block-data=\"true\">\n<div data-page-id=\"PR9ife5PLdFabccbFgZcWgZOnTc\" data-lark-html-role=\"root\" data-docx-has-block-data=\"false\">\n<div data-page-id=\"INdrfOIGzdaenXcptrcc1BcznQc\" data-lark-html-role=\"root\" data-docx-has-block-data=\"false\">\n<div class=\"ace-line ace-line old-record-id-P0fIf4YaZdoGkbcxt5ackec2nnb\">\n<div data-page-id=\"INdrfOIGzdaenXcptrcc1BcznQc\" data-lark-html-role=\"root\" data-docx-has-block-data=\"false\">\n<div data-page-id=\"MAzCfUB73dMTQscm8eWcougVn1g\" data-lark-html-role=\"root\" data-docx-has-block-data=\"true\">\n<div data-page-id=\"AXfpf7H1odhDvGcKoUOcErN8nV7\" data-lark-html-role=\"root\" data-docx-has-block-data=\"false\">\n<div data-page-id=\"QYTKf5PvLdUNdbce2nBcW9yfnrh\" data-lark-html-role=\"root\" data-docx-has-block-data=\"false\">\n<div data-page-id=\"Pvu1f1CCBdxbjncA9pgcBTpanph\" data-lark-html-role=\"root\" data-docx-has-block-data=\"true\">\n<h2 class=\"ace-line ace-line old-record-id-Pvu1f1CCBdxbjncA9pgcBTpanph\">Vozol Rave 40000 Z\u00fcge: Eine Fusion aus Geschmack, Technologie und Bequemlichkeit<\/h2>\n<div class=\"ace-line ace-line old-record-id-DTymfY1jXdnBjccZS1QcuBdqnKd\">Der Vozol Rave 40000 Z\u00fcge vereint eine umfangreiche Geschmacksvielfalt, modernste Technologie und zuverl\u00e4ssige Leistung, um sowohl erfahrenen Dampfern als auch Neulingen gerecht zu werden. Dieses Ger\u00e4t bietet nicht nur Z\u00fcge \u2013 es geht darum, das Dampferlebnis mit durchdachtem Design und funktionalen Upgrades neu zu definieren.<\/div>\n<h3 class=\"heading-2 ace-line old-record-id-CDHLfHLW3dxfP5cUUPoczHa0nde\">Eine Umfangreiche Geschmacksvielfalt: 20 Optionen f\u00fcr jeden Geschmack<\/h3>\n<div class=\"ace-line ace-line old-record-id-XdH0fvvZrdczIccZJVzcdMhUnjb\">Eine der herausragenden Eigenschaften des Vozol Rave 40000 Z\u00fcge ist die vielf\u00e4ltige Auswahl von 20 Geschm\u00e4ckern, die fruchtige, eisige und gemischte Profile abdecken, um unterschiedlichen Vorlieben gerecht zu werden. Ob Sie klassische Fruchtnoten, erfrischende eisige Empfindungen oder einzigartige Geschmacksrichtungen bevorzugen, hier ist f\u00fcr jeden etwas dabei, um Ihre Gel\u00fcste zu stillen. Im Folgenden finden Sie eine kategorisierte \u00dcbersicht der verf\u00fcgbaren Geschm\u00e4cker, um Ihnen zu helfen, Ihr n\u00e4chstes Lieblingsprodukt zu finden:<\/div>\n<h4 class=\"heading-3 ace-line old-record-id-CDL5f3bKWd646ecjKbzc6Lu6n3b\">Eisige Fruchtklassiker<\/h4>\n<div class=\"ace-line ace-line old-record-id-D38tffQIAdp88mcFUXMcaHefnHb\">Diese Geschm\u00e4cker kombinieren frische Fruchtnoten mit einem k\u00fchlen, belebenden Abschluss, perfekt f\u00fcr diejenigen, die ein erfrischendes Dampferlebnis genie\u00dfen:<\/div>\n<ul class=\"list-bullet1\">\n<li class=\"ace-line ace-line old-record-id-GW8jfpyAPdOTXUcFUgpceVWBnNe\" data-list=\"bullet\">\n<div>Wassermelonen-Eis: S\u00fc\u00dfe, saftige Wassermelone kombiniert mit einem knackigen, eisigen Kick<\/div>\n<\/li>\n<li class=\"ace-line ace-line old-record-id-Lzcvfi1tpdTVUPcbOMiccqSJn5d\" data-list=\"bullet\">\n<div>Trauben-Eis: Reichhaltiger, reifer Traubengeschmack, ausgewogen mit einem k\u00fchlen Menthol-Unterton<\/div>\n<\/li>\n<li class=\"ace-line ace-line old-record-id-ZdfIf783RdnqNec81KIcuP7BnWh\" data-list=\"bullet\">\n<div>Mango-Eis: Tropische Mangos\u00fc\u00dfe, verst\u00e4rkt durch eine erfrischende, eisige Brise<\/div>\n<\/li>\n<li class=\"ace-line ace-line old-record-id-TQ0XfbLPvdpmZicIfBjchQMunVd\" data-list=\"bullet\">\n<div>Erdbeer-Eis: Helle, spritzige Erdbeere gemischt mit einem k\u00fchlenden Gef\u00fchl<\/div>\n<\/li>\n<li class=\"ace-line ace-line old-record-id-DSi4f4nnAd4ZN7caS2BctdaTnRd\" data-list=\"bullet\">\n<div>Heidelbeer-Eis: Saftiger Heidelbeergeschmack mit einem glatten, eisigen Abschluss<\/div>\n<\/li>\n<li class=\"ace-line ace-line old-record-id-BaTOfEKbxdYqDlcmXiQclhWinHf\" data-list=\"bullet\">\n<div>Blaue Himbeere-Eis: Kr\u00e4ftige blaue Himbeernoten erg\u00e4nzt durch einen k\u00fchlen, knackigen Biss<\/div>\n<\/li>\n<li class=\"ace-line ace-line old-record-id-NWCffEnb7d9bUJczyJ5cKOKTnac\" data-list=\"bullet\">\n<div>Pfirsich-Eis: Saftiger Pfirsichgeschmack mit einer erfrischenden, eisigen Note<\/div>\n<\/li>\n<\/ul>\n<h4 class=\"heading-3 ace-line old-record-id-G50EfhmAxdJq8Acv6Pech4XDnOF\">Fruchtige Mischungen<\/h4>\n<div class=\"ace-line ace-line old-record-id-UM0ifosW9dxzNCc6eQ1cvmW1nQ4\">F\u00fcr Dampfer, die geschichtete Geschm\u00e4cker bevorzugen, vereinen diese Kombinationen zwei oder mehr Fr\u00fcchte f\u00fcr ein einzigartiges Geschmackserlebnis:<\/div>\n<ul class=\"list-bullet1\">\n<li class=\"ace-line ace-line old-record-id-KEXifVYh8dDuPocheVic0T2Fn0e\" data-list=\"bullet\">\n<div>Heidelbeere Wassermelone: S\u00fc\u00dfe Heidelbeere und saftige Wassermelone vereinen sich zu einer fruchtigen Harmonie<\/div>\n<\/li>\n<li class=\"ace-line ace-line old-record-id-SWLWfRVMxdnwZdcSwSwc8w4Xn6e\" data-list=\"bullet\">\n<div>Mango Pfirsich: Tropische Mango trifft auf reifen Pfirsich f\u00fcr eine glatte, s\u00fc\u00dfe Mischung<\/div>\n<\/li>\n<li class=\"ace-line ace-line old-record-id-YSnBfYFsqdoI0XcgEEpch2nMnSe\" data-list=\"bullet\">\n<div>Erdbeer Wassermelone: Spritzige Erdbeere und s\u00fc\u00dfe Wassermelone kreieren eine klassische Sommermischung<\/div>\n<\/li>\n<li class=\"ace-line ace-line old-record-id-BY4Tf1OXLdEJ6WczQ4NcVzS7n1b\" data-list=\"bullet\">\n<div>Erdbeer Mango: Helle Erdbeere kombiniert mit tropischer Mango f\u00fcr einen lebhaften Geschmack<\/div>\n<\/li>\n<li class=\"ace-line ace-line old-record-id-V1bkfOkzYdxj6ScO3fRc30RAnde\" data-list=\"bullet\">\n<div>Erdbeer Kiwi: Spritzige Erdbeere und w\u00fcrzige Kiwi vereinen sich f\u00fcr einen frischen, fruchtigen Kick<\/div>\n<\/li>\n<li class=\"ace-line ace-line old-record-id-RfqLfz7z7dVKz8c6wE6cOJnRnEc\" data-list=\"bullet\">\n<div>Kirsche Erdbeere: S\u00fc\u00dfe Kirsche und spritzige Erdbeere verschmelzen zu einem beerigen Geschmack<\/div>\n<\/li>\n<li class=\"ace-line ace-line old-record-id-KOsDftxVCdPeaHc3JXRcFXPFnph\" data-list=\"bullet\">\n<div>Erdbeer-Wassermelonen-Pfirsich: Eine k\u00f6stliche Mischung aus Erdbeere, Wassermelone und Pfirsich f\u00fcr ein s\u00fc\u00dfes, fruchtiges Medley<\/div>\n<\/li>\n<li class=\"ace-line ace-line old-record-id-MgEgf0QPldklflccfATcTad8nCe\" data-list=\"bullet\">\n<div>Pfirsich Himbeer-Limonade: Reifer Pfirsich, herbe Himbeere und w\u00fcrzige Limonade vereinen sich f\u00fcr einen erfrischenden, fruchtigen Schluck<\/div>\n<\/li>\n<li class=\"ace-line ace-line old-record-id-MEHVfe40JdWsAVc4JNpcQpzyntc\" data-list=\"bullet\">\n<div>Wassermelonen-Razz-Rancher: S\u00fc\u00dfe Wassermelone und kr\u00e4ftige Himbeere vermischen sich mit einem Hauch von bonbonartiger S\u00fc\u00dfe<\/div>\n<\/li>\n<\/ul>\n<h4 class=\"heading-3 ace-line old-record-id-WZchfagyXdv60YcWe9gcbzfqnPd\">Andere Einzigartige Profile<\/h4>\n<div class=\"ace-line ace-line old-record-id-OUBnfyJiodIiFZcjWhZcUOJCnNf\">Diese Geschm\u00e4cker bieten etwas anderes, von minzigen Frische \u00fcber s\u00fc\u00dfe Bonbons bis hin zu klassischen Tabaknoten:<\/div>\n<ul class=\"list-bullet1\">\n<li class=\"ace-line ace-line old-record-id-BcuifQxzBdJ7xgc16sqcL2eqnpd\" data-list=\"bullet\">\n<div>Cooler Minze: Reiner, knackiger Minzgeschmack f\u00fcr ein erfrischendes, belebendes Dampfen<\/div>\n<\/li>\n<li class=\"ace-line ace-line old-record-id-CCZbfG5E5d8hWfc3bJRcCw07nie\" data-list=\"bullet\">\n<div>Doppelte Apfel: Reichhaltiger, glatter Apfelgeschmack mit einem Hauch von S\u00fc\u00dfe<\/div>\n<\/li>\n<li class=\"ace-line ace-line old-record-id-S0Iwfpz7wdZSUDcHAelchzVHnwg\" data-list=\"bullet\">\n<div>Wassermelonen-Kaugummi: S\u00fc\u00dfe Wassermelone kombiniert mit einem nostalgischen Kaugummidreh<\/div>\n<\/li>\n<li class=\"ace-line ace-line old-record-id-BtlIfSjTZdfAl9cM5BUcodOnnBd\" data-list=\"bullet\">\n<div>Liebe 777: Eine geheimnisvolle, ausgewogene Mischung, die einen einzigartigen und angenehmen Geschmack bietet<\/div>\n<\/li>\n<\/ul>\n<h3 class=\"heading-2 ace-line old-record-id-GyPLffnyadM6UvcXIqGcin0znod\">Kern-Spezifikationen: Leistung, auf die Sie sich verlassen k\u00f6nnen<\/h3>\n<div class=\"ace-line ace-line old-record-id-THcXfPWLedZFETchXoNc1igknZB\">Neben der Geschmacksvielfalt ist der Vozol Rave 40000 Z\u00fcge auf Langlebigkeit und konsistente Leistung ausgelegt. Hier ist ein detaillierter Blick auf die wichtigsten Spezifikationen, \u00fcbersichtlich in einer Tabelle organisiert:<\/div>\n<div>\n<table class=\"ace-table\" data-ace-table-col-widths=\"200;200\">\n<colgroup>\n<col width=\"200\" \/>\n<col width=\"200\" \/><\/colgroup>\n<thead>\n<tr>\n<th colspan=\"1\" rowspan=\"1\">\n<div class=\"ace-line ace-line old-record-id-VjALfuRVHdnEMXcCBGfcAVKbndc\">Funktion<\/div>\n<\/th>\n<th colspan=\"1\" rowspan=\"1\">\n<div class=\"ace-line ace-line old-record-id-BtXffIvPwdluqhcRwzqcZyXTn3e\">Einzelheiten<\/div>\n<\/th>\n<\/tr>\n<\/thead>\n<tbody>\n<tr>\n<td colspan=\"1\" rowspan=\"1\">\n<div class=\"ace-line ace-line old-record-id-WoGifsqe6dY7LTcc4B6cR98Ynqb\">Puff-Z\u00e4hlung<\/div>\n<\/td>\n<td colspan=\"1\" rowspan=\"1\">\n<div class=\"ace-line ace-line old-record-id-FZSpfzIHLdUvbOcHvyLcJieYnXe\">Ungef\u00e4hr 50.000 Z\u00fcge (Regelmodus) \/ 35.000 Z\u00fcge (Surge-Modus)<\/div>\n<\/td>\n<\/tr>\n<tr>\n<td colspan=\"1\" rowspan=\"1\">\n<div class=\"ace-line ace-line old-record-id-PZMCfuawWdFjMZcpPDZcHIs2nbh\">Batterie<\/div>\n<\/td>\n<td colspan=\"1\" rowspan=\"1\">\n<div class=\"ace-line ace-line old-record-id-ECYnfYpS8dVCO6c4IJkcUjIunbg\">1000mAh wiederaufladbar<\/div>\n<\/td>\n<\/tr>\n<tr>\n<td colspan=\"1\" rowspan=\"1\">\n<div class=\"ace-line ace-line old-record-id-PbpgfRx2fdgH5ZckBdpchSBOnmh\">E-Liquid-Kapazit\u00e4t<\/div>\n<\/td>\n<td colspan=\"1\" rowspan=\"1\">\n<div class=\"ace-line ace-line old-record-id-SRIzftwOwdkfPec6to1cQZSxn4f\">20ml vorgef\u00fcllt<\/div>\n<\/td>\n<\/tr>\n<tr>\n<td colspan=\"1\" rowspan=\"1\">\n<div class=\"ace-line ace-line old-record-id-Tb6XfXgPYdj6hDczj0Ac3K6VnBf\">Nikotinst\u00e4rke<\/div>\n<\/td>\n<td colspan=\"1\" rowspan=\"1\">\n<div class=\"ace-line ace-line old-record-id-MtISfZBONdjxUdct2WGcxkpLnSf\">5% (50mg\/ml) Salznikotin<\/div>\n<\/td>\n<\/tr>\n<tr>\n<td colspan=\"1\" rowspan=\"1\">\n<div class=\"ace-line ace-line old-record-id-Y9BGf5azjdds0mcArIbc9plCndv\">Laden<\/div>\n<\/td>\n<td colspan=\"1\" rowspan=\"1\">\n<div class=\"ace-line ace-line old-record-id-WV8Xfytt5dMkQIcAJqYcGwlnnah\">USB Typ-C (Kabel nicht enthalten)<\/div>\n<\/td>\n<\/tr>\n<tr>\n<td colspan=\"1\" rowspan=\"1\">\n<div class=\"ace-line ace-line old-record-id-VMOnfNRNqd1VH7c2Q4nc7Qgnnvf\">Betrieb<\/div>\n<\/td>\n<td colspan=\"1\" rowspan=\"1\">\n<div class=\"ace-line ace-line old-record-id-INJAfsWeadN7ipcexRvcPXkAnBf\">Zugaktiviert<\/div>\n<\/td>\n<\/tr>\n<tr>\n<td colspan=\"1\" rowspan=\"1\">\n<div class=\"ace-line ace-line old-record-id-ZzNpfhnSEdPlv3clyuTcTQ3Znbb\">Heizsystem<\/div>\n<\/td>\n<td colspan=\"1\" rowspan=\"1\">\n<div class=\"ace-line ace-line old-record-id-Jue0f73msdGgemcOv2RcqKFXn7c\">Dual-Mesh-Coils<\/div>\n<\/td>\n<\/tr>\n<tr>\n<td colspan=\"1\" rowspan=\"1\">\n<div class=\"ace-line ace-line old-record-id-DvSPfWGN4dvlqec7bLKcXKxAnag\">Besondere Technologie<\/div>\n<\/td>\n<td colspan=\"1\" rowspan=\"1\">\n<div class=\"ace-line ace-line old-record-id-DauwfflQ2dPKp2cMrswcMPsLnGb\">Dual-MCU-Chips von S.i.L.C Tech<\/div>\n<\/td>\n<\/tr>\n<\/tbody>\n<\/table>\n<\/div>\n<h3 class=\"heading-2 ace-line old-record-id-SUDOfKEkad0aY3cSKT7cTMBCnqe\">Innovative Funktionen: Der 270\u00b0 Beat-Sensing Bildschirm<\/h3>\n<div class=\"ace-line ace-line old-record-id-UwZVfO0LPdopWkcDtXTcAXuRnOf\">Was den Vozol Rave 40000 Z\u00fcge wirklich von anderen Einweg-Dampfern abhebt, ist sein weltweit erster 270\u00b0 Beat-Sensing Bildschirm. Dies ist nicht nur ein dekoratives Merkmal \u2013 es ist ein interaktives Element, das das Dampferlebnis verbessert. Der Bildschirm \u00e4ndert automatisch die Lichteffekte als Reaktion auf Beats und Ger\u00e4usche, egal ob Sie Musik h\u00f6ren, auf einer Party sind oder sich einfach in einer lebhaften Umgebung aufhalten.<\/div>\n<div class=\"ace-line ace-line old-record-id-WFkvfrFx9dloZtcID6ccj0znncd\">Das 270\u00b0 Wraparound-Design stellt sicher, dass die Lichteffekte von fast jedem Winkel aus sichtbar sind, wodurch das Ger\u00e4t nicht nur ein Dampfinstrument, sondern auch ein stilvolles Accessoire ist. In Kombination mit dualen MCU-Chips von S.i.L.C Tech funktioniert der Bildschirm reibungslos, ohne die Gesamtleistung des Ger\u00e4ts zu beeintr\u00e4chtigen, und sorgt f\u00fcr eine konsistente Energieabgabe und Geschmacksproduktion.<\/div>\n<div class=\"ace-line ace-line old-record-id-OxRHfFdqpdcXrnceSsncJn6QnZd\">Zus\u00e4tzliche funktionale Merkmale umfassen einstellbare Luftzufuhr, die es Ihnen erm\u00f6glicht, Ihren Zug nach Vorliebe eng oder locker zu gestalten, sowie duale Mesh-Coils, die eine gleichm\u00e4\u00dfige Erw\u00e4rmung und reichen Geschmack bei jedem Zug gew\u00e4hrleisten. Der zugaktivierte Betrieb macht die Verwendung unglaublich einfach \u2013 keine Tasten, keine komplizierten Einstellungen, einfach inhalieren und genie\u00dfen.<\/div>\n<h3 class=\"heading-2 ace-line old-record-id-AJcSfXf45dIVHUcPbttcbbzyn3g\">FAQ: H\u00e4ufige Fragen zum Vozol Rave 40000 Z\u00fcge<\/h3>\n<div class=\"ace-line ace-line old-record-id-NkMmfjZNld71KKctzBJcJoRXnqf\">Um Ihnen bei einer informierten Entscheidung zu helfen, finden Sie hier Antworten auf einige h\u00e4ufig gestellte Fragen zum Ger\u00e4t:<\/div>\n<h4 class=\"heading-3 ace-line old-record-id-EkE6fhNMAdEdn4cPTtjcUtFUnpc\">F: Wie lange h\u00e4lt der Vozol Rave 40000 Z\u00fcge?<\/h4>\n<div class=\"ace-line ace-line old-record-id-J8anfavHcdg7t1ctaGacHrAVnXc\">A: Das Ger\u00e4t bietet ungef\u00e4hr 50000 Z\u00fcge im Regelmodus und 35000 Z\u00fcge im Surge-Modus. Die tats\u00e4chliche Lebensdauer h\u00e4ngt von Ihrer Dampfh\u00e4ufigkeit ab, aber f\u00fcr die meisten Benutzer wird es deutlich l\u00e4nger halten als herk\u00f6mmliche Einweg-Dampfer, was die Notwendigkeit h\u00e4ufiger Ersatzk\u00e4ufe verringert.<\/div>\n<h4 class=\"heading-3 ace-line old-record-id-XqREfCBMVdJrAKctWG7cVeCtnnd\">F: Ist der 1000mAh Akku ausreichend und wie lange dauert das Laden?<\/h4>\n<div class=\"ace-line ace-line old-record-id-C9off1AlCda5uqcFoQjclDgWnQb\">A: Der 1000mAh wiederaufladbare Akku ist so konzipiert, dass er die volle E-Liquid-Kapazit\u00e4t des Ger\u00e4ts \u00fcbersteht. Wenn er aufgeladen werden muss, sorgt der USB Typ-C-Anschluss f\u00fcr schnelles und bequemes Laden (Hinweis: Das Ladekabel ist nicht enthalten). In der Regel dauert eine vollst\u00e4ndige Aufladung etwa 45-60 Minuten.<\/div>\n<h4 class=\"heading-3 ace-line old-record-id-Uc5vfcg9KdCptkcZTTucqTSYnac\">F: Entl\u00e4dt der beat-sensing Bildschirm den Akku schnell?<\/h4>\n<div class=\"ace-line ace-line old-record-id-ZqL2fUg0tdzI0KcC43xcDAPTn6e\">A: Nein, der Bildschirm ist mit Blick auf Energieeffizienz konzipiert. Die Lichteffekte werden von einem Niedrigstromsystem betrieben, das passiv auf externe Ger\u00e4usche reagiert, sodass es die Akkulaufzeit nicht erheblich beeintr\u00e4chtigt. Die dualen MCU-Chips helfen auch, die Energieverteilung zu optimieren, um sowohl die Leistung als auch die Funktionalit\u00e4t des Bildschirms aufrechtzuerhalten.<\/div>\n<\/div>\n<\/div>\n<\/div>\n<\/div>\n<\/div>\n<\/div>\n<\/div>\n<\/div>\n<\/div>\n<\/div>\n<\/div>\n<\/div>\n<\/div>\n<\/div>\n<\/div>\n<\/div>\n<\/div>\n<\/div>\n<\/div>\n<\/div>\n<\/div>\n<\/div>\n<\/div>\n<\/div>\n<\/div>\n<\/div>\n<\/div>\n<\/div>","protected":false},"excerpt":{"rendered":"<div data-page-id=\"RAopf2sw9dtvw4cWYXpcTwo0n8g\" data-lark-html-role=\"root\" data-docx-has-block-data=\"false\">\n<div class=\"ace-line ace-line old-record-id-Uju9f3RXYd8dh2crAJbcBF3Un6M\">Vozol Rave 40000 Puffs ist ein bahnbrechendes Einweg-Vape mit 20 lebhaften Geschmacksrichtungen, von eisigen Fr\u00fcchten bis hin zu einzigartigen Mischungen. Sein 270\u00b0 schlagempfindlicher Bildschirm, doppelte Mesh-Coils und der 1000mAh wiederaufladbare Akku bieten bis zu 50000 Z\u00fcge und machen es zur besten Wahl f\u00fcr Geschmacks- und Technikliebhaber.<\/div>\n<\/div>","protected":false},"featured_media":3249,"comment_status":"open","ping_status":"closed","template":"","meta":{"_acf_changed":false,"inline_featured_image":false,"_sitemap_exclude":false,"_sitemap_priority":"","_sitemap_frequency":""},"product_brand":[97],"product_cat":[83,239,244,229],"product_tag":[],"class_list":{"0":"post-3223","1":"product","2":"type-product","3":"status-publish","4":"has-post-thumbnail","6":"product_brand-vozol","7":"product_cat-vozol-puff","8":"product_cat-disposable-vape-collection","9":"product_cat-40k-puff","10":"product_cat-ship-from-german","12":"first","13":"instock","14":"sale","15":"shipping-taxable","16":"purchasable","17":"product-type-variable","18":"has-default-attributes"},"acf":[],"tiered_pricing_type":"fixed","tiered_pricing_fixed_rules":{"30":11.22,"60":10.15,"100":9.42,"200":8.86},"tiered_pricing_product_settings":{"layout":"default","base_unit_name":{"singular":null,"plural":null},"default_variation":null},"tiered_pricing_minimum_quantity":10,"tiered_pricing_roles_data":[],"tiered_pricing_percentage_rules":[],"tiered_pricing_maximum_quantity":null,"tiered_pricing_quantity_step":"10","_links":{"self":[{"href":"https:\/\/oiovape.com\/de\/wp-json\/wp\/v2\/product\/3223","targetHints":{"allow":["GET"]}}],"collection":[{"href":"https:\/\/oiovape.com\/de\/wp-json\/wp\/v2\/product"}],"about":[{"href":"https:\/\/oiovape.com\/de\/wp-json\/wp\/v2\/types\/product"}],"replies":[{"embeddable":true,"href":"https:\/\/oiovape.com\/de\/wp-json\/wp\/v2\/comments?post=3223"}],"version-history":[{"count":0,"href":"https:\/\/oiovape.com\/de\/wp-json\/wp\/v2\/product\/3223\/revisions"}],"wp:featuredmedia":[{"embeddable":true,"href":"https:\/\/oiovape.com\/de\/wp-json\/wp\/v2\/media\/3249"}],"wp:attachment":[{"href":"https:\/\/oiovape.com\/de\/wp-json\/wp\/v2\/media?parent=3223"}],"wp:term":[{"taxonomy":"product_brand","embeddable":true,"href":"https:\/\/oiovape.com\/de\/wp-json\/wp\/v2\/product_brand?post=3223"},{"taxonomy":"product_cat","embeddable":true,"href":"https:\/\/oiovape.com\/de\/wp-json\/wp\/v2\/product_cat?post=3223"},{"taxonomy":"product_tag","embeddable":true,"href":"https:\/\/oiovape.com\/de\/wp-json\/wp\/v2\/product_tag?post=3223"}],"curies":[{"name":"wp","href":"https:\/\/api.w.org\/{rel}","templated":true}]}}