{"id":3977,"date":"2026-01-10T06:00:43","date_gmt":"2026-01-10T06:00:43","guid":{"rendered":"https:\/\/oiovape.com\/?post_type=product&#038;p=3977"},"modified":"2026-04-08T12:00:42","modified_gmt":"2026-04-08T04:00:42","slug":"al-fakher-crown-bar-pro-15000-puffs","status":"publish","type":"product","link":"https:\/\/oiovape.com\/de\/product\/al-fakher-crown-bar-pro-15000-puffs\/","title":{"rendered":"Al Fakher Crown Bar Pro 15000 Z\u00dcGE LED-Display Mesh-Coil Batteriestatusanzeige Smart Einweg-Vape"},"content":{"rendered":"<div data-page-id=\"ZVeMfq8uxd7y1ycuKm5cym4LnYd\" data-lark-html-role=\"root\" data-docx-has-block-data=\"false\">\n<div data-page-id=\"Fd41fZ5N9dzRQtcRNoVc2FuDnCh\" data-lark-html-role=\"root\" data-docx-has-block-data=\"true\">\n<div data-page-id=\"BdIJfeeijdk1eucGpS8cDCBBn5c\" data-lark-html-role=\"root\" data-docx-has-block-data=\"false\">\n<div data-page-id=\"Zbg9fWx77dUuh2cIYpic25c8nyd\" data-lark-html-role=\"root\" data-docx-has-block-data=\"false\">\n<div data-page-id=\"KaIvfiurhdlCKdc0kyxcX64cnE6\" data-lark-html-role=\"root\" data-docx-has-block-data=\"true\">\n<div data-page-id=\"PbvFfqxqlddUTScRpEYcY5MHnpf\" data-lark-html-role=\"root\" data-docx-has-block-data=\"true\">\n<div data-page-id=\"GZO2f5JeudwY4jc9iJtcdk9Hnxh\" data-lark-html-role=\"root\" data-docx-has-block-data=\"false\">\n<div data-page-id=\"EZVRf2acFduXLGcseZFc4qH2n6e\" data-lark-html-role=\"root\" data-docx-has-block-data=\"false\">\n<div data-page-id=\"B8rHfcqlqdzmH5cCWCncz17Cntb\" data-lark-html-role=\"root\" data-docx-has-block-data=\"false\">\n<div data-page-id=\"B8rHfcqlqdzmH5cCWCncz17Cntb\" data-lark-html-role=\"root\" data-docx-has-block-data=\"false\">\n<div data-page-id=\"B8rHfcqlqdzmH5cCWCncz17Cntb\" data-lark-html-role=\"root\" data-docx-has-block-data=\"true\">\n<div data-page-id=\"HM70f1aoxdD0bMcxJZBcVc7ynZd\" data-lark-html-role=\"root\" data-docx-has-block-data=\"false\">\n<div data-page-id=\"NSrJfN7Ord22i0c1iwZcsF8yn8b\" data-lark-html-role=\"root\" data-docx-has-block-data=\"false\">\n<div data-page-id=\"RXEff4Mskds8o1cqL5HcGEtUnCh\" data-lark-html-role=\"root\" data-docx-has-block-data=\"false\">\n<div data-page-id=\"KJ7gfqkVndMSRJcMseScmvYwnTc\" data-lark-html-role=\"root\" data-docx-has-block-data=\"false\">\n<div class=\"ace-line ace-line old-record-id-QADAfETPudgmudc05YvcTO5fnxe\">\n<div data-page-id=\"KJ7gfqkVndMSRJcMseScmvYwnTc\" data-lark-html-role=\"root\" data-docx-has-block-data=\"false\">\n<div class=\"ace-line ace-line old-record-id-JoRkfpho8dOkiacEOascDyCOncb\">\n<div data-page-id=\"KJ7gfqkVndMSRJcMseScmvYwnTc\" data-lark-html-role=\"root\" data-docx-has-block-data=\"false\">\n<div data-page-id=\"Ju6ofQ3V4dGmePcVvJvc1gmcnZb\" data-lark-html-role=\"root\" data-docx-has-block-data=\"true\">\n<div data-page-id=\"PR9ife5PLdFabccbFgZcWgZOnTc\" data-lark-html-role=\"root\" data-docx-has-block-data=\"false\">\n<div data-page-id=\"INdrfOIGzdaenXcptrcc1BcznQc\" data-lark-html-role=\"root\" data-docx-has-block-data=\"false\">\n<div class=\"ace-line ace-line old-record-id-P0fIf4YaZdoGkbcxt5ackec2nnb\">\n<div data-page-id=\"INdrfOIGzdaenXcptrcc1BcznQc\" data-lark-html-role=\"root\" data-docx-has-block-data=\"false\">\n<div data-page-id=\"MAzCfUB73dMTQscm8eWcougVn1g\" data-lark-html-role=\"root\" data-docx-has-block-data=\"true\">\n<div data-page-id=\"AXfpf7H1odhDvGcKoUOcErN8nV7\" data-lark-html-role=\"root\" data-docx-has-block-data=\"false\">\n<div data-page-id=\"QYTKf5PvLdUNdbce2nBcW9yfnrh\" data-lark-html-role=\"root\" data-docx-has-block-data=\"false\">\n<div data-page-id=\"Pvu1f1CCBdxbjncA9pgcBTpanph\" data-lark-html-role=\"root\" data-docx-has-block-data=\"true\">\n<div data-page-id=\"Axf3fcmY8dDAhtcjVircBcphnPc\" data-lark-html-role=\"root\" data-docx-has-block-data=\"false\">\n<div data-page-id=\"KKj1f9SPmdLhhMc5E2AcNlLen6f\" data-lark-html-role=\"root\" data-docx-has-block-data=\"true\">\n<div data-page-id=\"Rx61fK1sJdXHjPcBuhZcweNhnwc\" data-lark-html-role=\"root\" data-docx-has-block-data=\"false\">\n<div data-page-id=\"L1H9fkG9Mdz45Fcy4WMc5VKXnRe\" data-lark-html-role=\"root\" data-docx-has-block-data=\"false\">\n<div data-page-id=\"L1H9fkG9Mdz45Fcy4WMc5VKXnRe\" data-lark-html-role=\"root\" data-docx-has-block-data=\"false\">\n<div data-page-id=\"D4XLfVBVrdE8mrcaYizczklLnaf\" data-lark-html-role=\"root\" data-docx-has-block-data=\"false\">\n<div data-page-id=\"WVcifIY44d5mhMcXtyEcTsfenGd\" data-lark-html-role=\"root\" data-docx-has-block-data=\"true\">\n<div data-page-id=\"LRknfa6Whd4DWCcUc0FcNKpJnyh\" data-lark-html-role=\"root\" data-docx-has-block-data=\"false\">\n<div data-page-id=\"LRknfa6Whd4DWCcUc0FcNKpJnyh\" data-lark-html-role=\"root\" data-docx-has-block-data=\"false\">\n<div data-page-id=\"XFRAfkcOEdRWh8cArQ2cJdyRnJf\" data-lark-html-role=\"root\" data-docx-has-block-data=\"true\">\n<div data-page-id=\"OQ3bfjnRddMTDGcC3ouc6xFKnWf\" data-lark-html-role=\"root\" data-docx-has-block-data=\"true\">\n<div data-page-id=\"J0iGfj1hEdjc4rcUdSmc4spMnmZ\" data-lark-html-role=\"root\" data-docx-has-block-data=\"false\">\n<div data-page-id=\"P1o7fFyNlduP8tcfZpQcagzbnIf\" data-lark-html-role=\"root\" data-docx-has-block-data=\"false\">\n<div class=\"ace-line ace-line old-record-id-P1o7fFyNlduP8tcfZpQcagzbnIf\">\n<div data-page-id=\"P1o7fFyNlduP8tcfZpQcagzbnIf\" data-lark-html-role=\"root\" data-docx-has-block-data=\"false\">\n<div data-page-id=\"U4iufW38SdttWKcTstMcTtHRnXc\" data-lark-html-role=\"root\" data-docx-has-block-data=\"true\">\n<h2 data-path-to-node=\"0\">Ein andauernder Sturm, um Ihre Sinne zu st\u00f6ren: Tiefgreifende Analyse des Al Fakher Crown Bar Pro 15000 Puffs<\/h2>\n<p data-path-to-node=\"1\">Wer sagt, dass Einweg-Ger\u00e4te mit hoher Puffzahl in der zweiten H\u00e4lfte zwangsl\u00e4ufig mit verbrannten und faden Geschmacksrichtungen Kompromisse eingehen m\u00fcssen? Das Al Fakher Crown Bar Pro 15000 Puffs widerlegt dieses Vorurteil mit unbestreitbarer Kraft. Es ist nicht nur eine \u201cLeistungsmaschine\u201d, die in der Lage ist, erstaunliche Wolken auszusto\u00dfen, sondern vielmehr eine erstklassige, taschengro\u00dfe Shisha-Lounge, die sich jederzeit f\u00fcr Sie \u00f6ffnet. F\u00fcr diejenigen Nutzer, die es l\u00e4ngst leid sind, h\u00e4ufig Ger\u00e4te zu wechseln und einen steilen Geschmacksverfall zu ertragen, ist dieses Ger\u00e4t wie ein Co-Pilot auf einer langen Fernreise, der sich nie beschwert und immer vollst\u00e4ndig einsatzbereit ist.<\/p>\n<h2 data-path-to-node=\"2\">Auf Wiedersehen zur Mittelm\u00e4\u00dfigkeit, Das vollst\u00e4ndige Erwachen von Hardcore-F\u00e4higkeiten<\/h2>\n<p data-path-to-node=\"3\">Abgesehen von jenen gl\u00e4nzenden, aber nutzlosen RGB-Beleuchtungs-Gimmicks konzentriert sich das Al Fakher 15K Pro auf die Kerndetails, die das Vaping-Erlebnis am meisten beeinflussen. M\u00fcssen wir hilflos inmitten von Batterie-Angst und minderwertigem Geschmack Kompromisse eingehen? Nat\u00fcrlich nicht.<\/p>\n<h3 data-path-to-node=\"4\">Die Energiequelle einer Leistungsbestie<\/h3>\n<h4 data-path-to-node=\"5\">Die ultimative Begleitung von 15000 Puffs<\/h4>\n<p data-path-to-node=\"6\">Es ist keineswegs eine Sternschnuppe, die f\u00fcr einen Moment aufblitzt und schnell versiegt. Die ultralanges Durchhalteverm\u00f6gen von bis zu 15000 Puffs bedeutet, dass es Sie selbst dann stetig begleitet, wenn Sie der anspruchsvollste und intensivste Cloud-J\u00e4ger sind. Sie m\u00fcssen nicht jeden Puff sorgf\u00e4ltig einteilen; was es Ihnen gew\u00e4hrt, ist die absolute Freiheit, sich in den Wolken zu ergehen.<\/p>\n<h4 data-path-to-node=\"7\">Das riesige 22-ML-E-Liquid-Reservoir<\/h4>\n<p data-path-to-node=\"8\">Wenn ein Atemzug Dampf eine Wolke ist, dann ist die massive 22-ml-Kapazit\u00e4t ein riesiger Himmel. Diese vorgef\u00fcllte Matrix aus hochwertigem E-Liquid beseitigt direkt die Unannehmlichkeit des h\u00e4ufigen Nachf\u00fcllens, minimiert alle Unterbrechungen und stellt sicher, dass Ihr immersives Erlebnis ungebrochen bleibt.<\/p>\n<h3 data-path-to-node=\"9\">Pr\u00e4zisionstechnologie unter vollst\u00e4ndiger Kontrolle<\/h3>\n<h4 data-path-to-node=\"10\">0,6\u03a9 Advanced Mesh Coil<\/h4>\n<p data-path-to-node=\"11\">Ertragen Sie immer noch diese schwankende, manchmal sogar leicht kunststoffig schmeckende, minderwertige Zerst\u00e4ubung? Der eingebaute 0,6-Ohm-Mesh-Heizdraht wirkt wie ein Meisterperf\u00fcmeur mit unglaublich pr\u00e4zisen Techniken. Er stellt sicher, dass jeder Tropfen E-Liquid im Moment des Kontakts gleichm\u00e4\u00dfig und intensiv erweckt wird. Vom ersten Puff bis zum zehntausendsten bleibt die Dampfkonzentration so konsistent wie eh und je, so reichhaltig, dass Sie das Gef\u00fchl haben, diese Fruchtschicht mit den H\u00e4nden ber\u00fchren zu k\u00f6nnen.<\/p>\n<h4 data-path-to-node=\"12\">Intelligentes LED-Statusfenster<\/h4>\n<p data-path-to-node=\"13\">M\u00fcssen wir den unbekannten Schrecken eines pl\u00f6tzlichen Batterieverlusts w\u00e4hrend des Genusses von vollmundigem Dampf ertragen?<\/p>\n<h5 data-path-to-node=\"14\">Pr\u00e4zise Datenfeedback<\/h5>\n<p data-path-to-node=\"15\">Das helle LED-Display an der Vorderseite des Ger\u00e4ts beendet endg\u00fcltig die \u00c4ra des \u201cblinden Ratens\u201d. Batterie- und E-Liquid-St\u00e4nde sind auf einen Blick sichtbar, \u00e4hnlich wie die pr\u00e4zisen Anzeigen auf dem Armaturenbrett eines Sportwagens. Es gibt keine pl\u00f6tzlichen Stromausf\u00e4lle, nur die ungehastete Gelassenheit, alles vollst\u00e4ndig unter Kontrolle zu haben.<\/p>\n<h4 data-path-to-node=\"16\">600-mAh-Stromkern und ultraschnelles Laden<\/h4>\n<p data-path-to-node=\"17\">Die robuste 600-mAh-wiederaufladbare Batterie ist f\u00fcr eine stetige, kontinuierliche Leistung verantwortlich. Gepaart mit dem USB-C-Schnellladeanschluss an der Basis kann sie in der Zeit, die Sie brauchen, um sich eine Tasse Kaffee zu holen, schnell \u201czu voller Kraft auferstehen\u201d und beh\u00e4lt dabei immer dieses Spitzengef\u00fchl.<\/p>\n<h2 data-path-to-node=\"18\">Immersives DTL-Vaping-Erlebnis: Warum ist es unwiderstehlich?<\/h2>\n<p data-path-to-node=\"19\">Dies ist absolut nicht die Art von erstickender Erfahrung mit massivem Zugwiderstand, die Sie rot im Gesicht hinterl\u00e4sst. Der speziell f\u00fcr DTL (Direct-to-Lung) konzipierte offene Luftstrom macht jeden Zug wie das Atmen einer erfrischenden tiefen Atemzug tief in einem fr\u00fchherbstlichen Wald\u2014nat\u00fcrlich, weitl\u00e4ufig und v\u00f6llig frei von Trockenheit. Gepaart mit einer 5%-Nikotinst\u00e4rke spielt es keine Spiele mit sanftem Erkunden; stattdessen liefert es einen festen und kontrollierbaren Halsschlag. Jeder Puff trifft genau den s\u00fc\u00dfen Punkt und bringt greifbare sensorische Zufriedenheit.<\/p>\n<p><img decoding=\"async\" class=\"alignnone wp-image-8117 size-full\" title=\"Al Fakher Crown Bar Pro 15K Disposable Vape\" src=\"https:\/\/oiovape.com\/wp-content\/uploads\/2026\/04\/Al-Fakher-Crown-Bar-Pro-15K-Disposable-Vape.jpg\" alt=\"Al Fakher Crown Bar Pro 15K Disposable Vape\" width=\"1012\" height=\"1012\" srcset=\"https:\/\/oiovape.com\/wp-content\/uploads\/2026\/04\/Al-Fakher-Crown-Bar-Pro-15K-Disposable-Vape.jpg 1012w, https:\/\/oiovape.com\/wp-content\/uploads\/2026\/04\/Al-Fakher-Crown-Bar-Pro-15K-Disposable-Vape-300x300.jpg 300w, https:\/\/oiovape.com\/wp-content\/uploads\/2026\/04\/Al-Fakher-Crown-Bar-Pro-15K-Disposable-Vape-150x150.jpg 150w, https:\/\/oiovape.com\/wp-content\/uploads\/2026\/04\/Al-Fakher-Crown-Bar-Pro-15K-Disposable-Vape-768x768.jpg 768w, https:\/\/oiovape.com\/wp-content\/uploads\/2026\/04\/Al-Fakher-Crown-Bar-Pro-15K-Disposable-Vape-12x12.jpg 12w, https:\/\/oiovape.com\/wp-content\/uploads\/2026\/04\/Al-Fakher-Crown-Bar-Pro-15K-Disposable-Vape-600x600.jpg 600w\" sizes=\"(max-width: 1012px) 100vw, 1012px\" \/><\/p>\n<h2 data-path-to-node=\"20\">Das Museum der Geschmackskunst: Jeder Geschmack ist ein unabh\u00e4ngiges Meisterwerk<\/h2>\n<p data-path-to-node=\"21\">Al Fakher mischt niemals billiges, industrielles Zuckerwasser; sie konstruieren eine pr\u00e4zise Architektur von Duft und Geschmack. Um Ihnen die Geschmackslandschaft vollst\u00e4ndig zu zeigen, schl\u00fcsseln wir jedes einzelne Profil auf:<\/p>\n<p data-path-to-node=\"22\">1.Berry Ice<br \/>\n2.Blackcurrant Ice<br \/>\n3.Blue Razz Lemonade<br \/>\n4.Cherry Raspberry<br \/>\n5.Grape Mint<br \/>\n6.Kaugummi-Geschmack<br \/>\n7.Kaugummi-Minze<br \/>\n8.Magic Love<br \/>\n9.Simply Mint<br \/>\n10.S\u00fc\u00dfe Passionsfrucht<br \/>\n11. Lucid Dream<br \/>\n12. White Flash<\/p>\n<h2 data-path-to-node=\"54\">Minimalistische \u00c4sthetik: Wie z\u00e4hmt man dieses Vaping-Monster?<\/h2>\n<p data-path-to-node=\"55\">Genuss soll eine R\u00fcckkehr zum Instinkt sein, frei von l\u00e4stigen oder undurchsichtigen Schritten:<\/p>\n<ol start=\"1\" data-path-to-node=\"56\">\n<li>\n<p data-path-to-node=\"56,0,0\"><b data-path-to-node=\"56,0,0\" data-index-in-node=\"0\">Werfen Sie die Fesseln ab:<\/b> Rei\u00dfen Sie die Verpackung auf, und diese durchdachte Maschine ist bereits 24\/7 auf Standby.<\/p>\n<\/li>\n<li>\n<p data-path-to-node=\"56,1,0\"><b data-path-to-node=\"56,1,0\" data-index-in-node=\"0\">Folgen Sie Ihrem Instinkt:<\/b> Verzichten Sie auf alle unn\u00f6tigen Tasten. Legen Sie Ihre Lippen um das Mundst\u00fcck, und der pneumatische Sensor weckt die schlummernde Mesh-Spule in Millisekunden auf und bricht sofort mit erstaunlicher Energie aus.<\/p>\n<\/li>\n<li>\n<p data-path-to-node=\"56,2,0\"><b data-path-to-node=\"56,2,0\" data-index-in-node=\"0\">Ruhige Versorgung:<\/b> Wenn der elegante Bildschirm mit einer Warnung f\u00fcr niedrigen Akku aufleuchtet, stecken Sie das Type-C-Kabel ein. In der Zeit, die Sie brauchen, um ein Glas Wasser zu trinken, wird es wiederbelebt.<\/p>\n<\/li>\n<li>\n<p data-path-to-node=\"56,3,0\"><b data-path-to-node=\"56,3,0\" data-index-in-node=\"0\">Ein w\u00fcrdevoller Abschied:<\/b> Es ist das Schicksal eines Einwegger\u00e4ts. Wenn die 22 ml \u201cTreibstoff\u201d vollst\u00e4ndig aufgebraucht sind, recyceln Sie es bitte ordnungsgem\u00e4\u00df nach den \u00f6rtlichen Vorschriften und geben Sie diesem treuen Begleiter einen w\u00fcrdevollen Ruheort.<\/p>\n<\/li>\n<\/ol>\n<h2 data-path-to-node=\"57\">\u00dcberlegener Vorteil: Warum schaut es auf die Menge herab?<\/h2>\n<p data-path-to-node=\"58\">Der Markt ist \u00fcberschwemmt mit Ger\u00e4ten, die \u201czehntausend Z\u00fcge\u201d versprechen, aber die meisten sind nur Kunststoffspielzeuge, die blind ihr Volumen aufblasen. Der Al Fakher Crown Bar 15000 Pro gewinnt durch eine Kunst namens \u201chandwerkliche Zur\u00fcckhaltung\u201d. Er versteht besser als jeder andere, dass das, was Spieler wollen, absolut nicht \u00fcbertriebene Verpackung ist, sondern ein Pr\u00e4zisionsinstrument, das den Geschmack bis zur letzten Tropfen wirklich herausarbeiten kann. Er konkurriert nicht mit Rivalen bei Papierspezifikationen; er definiert die Industrieobergrenze f\u00fcr langlebige DTL-Ger\u00e4te neu.<\/p>\n<p data-path-to-node=\"59\">Lassen Sie Ihre Geschmacksknospen nicht weiterhin in Mittelm\u00e4\u00dfigkeit Kompromisse eingehen. Schnappen Sie sich die fesselnde violette \u201cGrape Mint\u201d und entfachen Sie sofort Ihre eigene sensorische Revolution.<\/p>\n<\/div>\n<\/div>\n<\/div>\n<\/div>\n<\/div>\n<\/div>\n<\/div>\n<\/div>\n<\/div>\n<\/div>\n<\/div>\n<\/div>\n<\/div>\n<\/div>\n<\/div>\n<\/div>\n<\/div>\n<\/div>\n<\/div>\n<\/div>\n<\/div>\n<\/div>\n<\/div>\n<\/div>\n<\/div>\n<\/div>\n<\/div>\n<\/div>\n<\/div>\n<\/div>\n<\/div>\n<\/div>\n<\/div>\n<\/div>\n<\/div>\n<\/div>\n<\/div>\n<\/div>\n<\/div>\n<\/div>\n<\/div>\n<\/div>\n<\/div>\n<\/div>","protected":false},"excerpt":{"rendered":"<div data-page-id=\"RAopf2sw9dtvw4cWYXpcTwo0n8g\" data-lark-html-role=\"root\" data-docx-has-block-data=\"false\">\n<div class=\"ace-line ace-line old-record-id-Uju9f3RXYd8dh2crAJbcBF3Un6M\">Die Al Fakher Crown Bar Pro 15000 Z\u00fcge bietet ein sanftes DTL-Vaping-Erlebnis mit reichen, ausgewogenen Aromen und zuverl\u00e4ssiger Leistung. Mit einer Mesh-Coil, LED-Display und gro\u00dfem E-Liquid-Volumen kombiniert sie langanhaltenden Gebrauch mit klarer Kontrolle, sodass jeder Zug konsistent, geschmackvoll und zufriedenstellend ist.<\/div>\n<\/div>","protected":false},"featured_media":3988,"comment_status":"open","ping_status":"closed","template":"","meta":{"_acf_changed":false,"inline_featured_image":false,"_sitemap_exclude":false,"_sitemap_priority":"","_sitemap_frequency":""},"product_brand":[238],"product_cat":[237,239,246],"product_tag":[],"class_list":{"0":"post-3977","1":"product","2":"type-product","3":"status-publish","4":"has-post-thumbnail","6":"product_brand-al-fakher","7":"product_cat-al-fakher-puff","8":"product_cat-disposable-vape-collection","9":"product_cat-15k-puff","11":"first","12":"instock","13":"sale","14":"shipping-taxable","15":"purchasable","16":"product-type-variable","17":"has-default-attributes"},"acf":[],"tiered_pricing_type":"fixed","tiered_pricing_fixed_rules":{"30":12.05,"60":11.49,"100":10.9,"200":10.56},"tiered_pricing_product_settings":{"layout":"default","base_unit_name":{"singular":null,"plural":null},"default_variation":null},"tiered_pricing_minimum_quantity":10,"tiered_pricing_roles_data":[],"tiered_pricing_percentage_rules":[],"tiered_pricing_maximum_quantity":null,"tiered_pricing_quantity_step":"10","_links":{"self":[{"href":"https:\/\/oiovape.com\/de\/wp-json\/wp\/v2\/product\/3977","targetHints":{"allow":["GET"]}}],"collection":[{"href":"https:\/\/oiovape.com\/de\/wp-json\/wp\/v2\/product"}],"about":[{"href":"https:\/\/oiovape.com\/de\/wp-json\/wp\/v2\/types\/product"}],"replies":[{"embeddable":true,"href":"https:\/\/oiovape.com\/de\/wp-json\/wp\/v2\/comments?post=3977"}],"version-history":[{"count":3,"href":"https:\/\/oiovape.com\/de\/wp-json\/wp\/v2\/product\/3977\/revisions"}],"predecessor-version":[{"id":8118,"href":"https:\/\/oiovape.com\/de\/wp-json\/wp\/v2\/product\/3977\/revisions\/8118"}],"wp:featuredmedia":[{"embeddable":true,"href":"https:\/\/oiovape.com\/de\/wp-json\/wp\/v2\/media\/3988"}],"wp:attachment":[{"href":"https:\/\/oiovape.com\/de\/wp-json\/wp\/v2\/media?parent=3977"}],"wp:term":[{"taxonomy":"product_brand","embeddable":true,"href":"https:\/\/oiovape.com\/de\/wp-json\/wp\/v2\/product_brand?post=3977"},{"taxonomy":"product_cat","embeddable":true,"href":"https:\/\/oiovape.com\/de\/wp-json\/wp\/v2\/product_cat?post=3977"},{"taxonomy":"product_tag","embeddable":true,"href":"https:\/\/oiovape.com\/de\/wp-json\/wp\/v2\/product_tag?post=3977"}],"curies":[{"name":"wp","href":"https:\/\/api.w.org\/{rel}","templated":true}]}}