{"id":3990,"date":"2026-01-10T06:46:41","date_gmt":"2026-01-10T06:46:41","guid":{"rendered":"https:\/\/oiovape.com\/?post_type=product&#038;p=3990"},"modified":"2026-04-11T11:32:59","modified_gmt":"2026-04-11T03:32:59","slug":"al-fakher-crown-bar-hypermax-15000-puffs","status":"publish","type":"product","link":"https:\/\/oiovape.com\/de\/product\/al-fakher-crown-bar-hypermax-15000-puffs\/","title":{"rendered":"Al Fakher Crown Bar Hypermax 15000 Z\u00dcGE 18ML E-Liquid 650mAh Akku Fortschrittliche Einweg-E-Zigarette mit Display"},"content":{"rendered":"<div data-page-id=\"ZVeMfq8uxd7y1ycuKm5cym4LnYd\" data-lark-html-role=\"root\" data-docx-has-block-data=\"false\">\n<div data-page-id=\"Fd41fZ5N9dzRQtcRNoVc2FuDnCh\" data-lark-html-role=\"root\" data-docx-has-block-data=\"true\">\n<div data-page-id=\"BdIJfeeijdk1eucGpS8cDCBBn5c\" data-lark-html-role=\"root\" data-docx-has-block-data=\"false\">\n<div data-page-id=\"Zbg9fWx77dUuh2cIYpic25c8nyd\" data-lark-html-role=\"root\" data-docx-has-block-data=\"false\">\n<div data-page-id=\"KaIvfiurhdlCKdc0kyxcX64cnE6\" data-lark-html-role=\"root\" data-docx-has-block-data=\"true\">\n<div data-page-id=\"PbvFfqxqlddUTScRpEYcY5MHnpf\" data-lark-html-role=\"root\" data-docx-has-block-data=\"true\">\n<div data-page-id=\"GZO2f5JeudwY4jc9iJtcdk9Hnxh\" data-lark-html-role=\"root\" data-docx-has-block-data=\"false\">\n<div data-page-id=\"EZVRf2acFduXLGcseZFc4qH2n6e\" data-lark-html-role=\"root\" data-docx-has-block-data=\"false\">\n<div data-page-id=\"B8rHfcqlqdzmH5cCWCncz17Cntb\" data-lark-html-role=\"root\" data-docx-has-block-data=\"false\">\n<div data-page-id=\"B8rHfcqlqdzmH5cCWCncz17Cntb\" data-lark-html-role=\"root\" data-docx-has-block-data=\"false\">\n<div data-page-id=\"B8rHfcqlqdzmH5cCWCncz17Cntb\" data-lark-html-role=\"root\" data-docx-has-block-data=\"true\">\n<div data-page-id=\"HM70f1aoxdD0bMcxJZBcVc7ynZd\" data-lark-html-role=\"root\" data-docx-has-block-data=\"false\">\n<div data-page-id=\"NSrJfN7Ord22i0c1iwZcsF8yn8b\" data-lark-html-role=\"root\" data-docx-has-block-data=\"false\">\n<div data-page-id=\"RXEff4Mskds8o1cqL5HcGEtUnCh\" data-lark-html-role=\"root\" data-docx-has-block-data=\"false\">\n<div data-page-id=\"KJ7gfqkVndMSRJcMseScmvYwnTc\" data-lark-html-role=\"root\" data-docx-has-block-data=\"false\">\n<div class=\"ace-line ace-line old-record-id-QADAfETPudgmudc05YvcTO5fnxe\">\n<div data-page-id=\"KJ7gfqkVndMSRJcMseScmvYwnTc\" data-lark-html-role=\"root\" data-docx-has-block-data=\"false\">\n<div class=\"ace-line ace-line old-record-id-JoRkfpho8dOkiacEOascDyCOncb\">\n<div data-page-id=\"KJ7gfqkVndMSRJcMseScmvYwnTc\" data-lark-html-role=\"root\" data-docx-has-block-data=\"false\">\n<div data-page-id=\"Ju6ofQ3V4dGmePcVvJvc1gmcnZb\" data-lark-html-role=\"root\" data-docx-has-block-data=\"true\">\n<div data-page-id=\"PR9ife5PLdFabccbFgZcWgZOnTc\" data-lark-html-role=\"root\" data-docx-has-block-data=\"false\">\n<div data-page-id=\"INdrfOIGzdaenXcptrcc1BcznQc\" data-lark-html-role=\"root\" data-docx-has-block-data=\"false\">\n<div class=\"ace-line ace-line old-record-id-P0fIf4YaZdoGkbcxt5ackec2nnb\">\n<div data-page-id=\"INdrfOIGzdaenXcptrcc1BcznQc\" data-lark-html-role=\"root\" data-docx-has-block-data=\"false\">\n<div data-page-id=\"MAzCfUB73dMTQscm8eWcougVn1g\" data-lark-html-role=\"root\" data-docx-has-block-data=\"true\">\n<div data-page-id=\"AXfpf7H1odhDvGcKoUOcErN8nV7\" data-lark-html-role=\"root\" data-docx-has-block-data=\"false\">\n<div data-page-id=\"QYTKf5PvLdUNdbce2nBcW9yfnrh\" data-lark-html-role=\"root\" data-docx-has-block-data=\"false\">\n<div data-page-id=\"Pvu1f1CCBdxbjncA9pgcBTpanph\" data-lark-html-role=\"root\" data-docx-has-block-data=\"true\">\n<div data-page-id=\"Axf3fcmY8dDAhtcjVircBcphnPc\" data-lark-html-role=\"root\" data-docx-has-block-data=\"false\">\n<div data-page-id=\"KKj1f9SPmdLhhMc5E2AcNlLen6f\" data-lark-html-role=\"root\" data-docx-has-block-data=\"true\">\n<div data-page-id=\"Rx61fK1sJdXHjPcBuhZcweNhnwc\" data-lark-html-role=\"root\" data-docx-has-block-data=\"false\">\n<div data-page-id=\"L1H9fkG9Mdz45Fcy4WMc5VKXnRe\" data-lark-html-role=\"root\" data-docx-has-block-data=\"false\">\n<div data-page-id=\"L1H9fkG9Mdz45Fcy4WMc5VKXnRe\" data-lark-html-role=\"root\" data-docx-has-block-data=\"false\">\n<div data-page-id=\"D4XLfVBVrdE8mrcaYizczklLnaf\" data-lark-html-role=\"root\" data-docx-has-block-data=\"false\">\n<div data-page-id=\"WVcifIY44d5mhMcXtyEcTsfenGd\" data-lark-html-role=\"root\" data-docx-has-block-data=\"true\">\n<div data-page-id=\"LRknfa6Whd4DWCcUc0FcNKpJnyh\" data-lark-html-role=\"root\" data-docx-has-block-data=\"false\">\n<div data-page-id=\"LRknfa6Whd4DWCcUc0FcNKpJnyh\" data-lark-html-role=\"root\" data-docx-has-block-data=\"false\">\n<div data-page-id=\"XFRAfkcOEdRWh8cArQ2cJdyRnJf\" data-lark-html-role=\"root\" data-docx-has-block-data=\"true\">\n<div data-page-id=\"OQ3bfjnRddMTDGcC3ouc6xFKnWf\" data-lark-html-role=\"root\" data-docx-has-block-data=\"true\">\n<div data-page-id=\"J0iGfj1hEdjc4rcUdSmc4spMnmZ\" data-lark-html-role=\"root\" data-docx-has-block-data=\"false\">\n<div data-page-id=\"P1o7fFyNlduP8tcfZpQcagzbnIf\" data-lark-html-role=\"root\" data-docx-has-block-data=\"false\">\n<div class=\"ace-line ace-line old-record-id-P1o7fFyNlduP8tcfZpQcagzbnIf\">\n<div data-page-id=\"P1o7fFyNlduP8tcfZpQcagzbnIf\" data-lark-html-role=\"root\" data-docx-has-block-data=\"false\">\n<div data-page-id=\"U4iufW38SdttWKcTstMcTtHRnXc\" data-lark-html-role=\"root\" data-docx-has-block-data=\"true\">\n<h2 data-path-to-node=\"0\">Al Fakher Crown Bar Hypermax 15000 Puffs Vape \u2013 Entsperren Sie das ultimative DTL-Erlebnis<\/h2>\n<p data-path-to-node=\"2\">Wer sagt, dass Portabilit\u00e4t und massive Wolkenproduktion nicht koexistieren k\u00f6nnen? Der Al Fakher Crown Bar Hypermax 15000 Puffs betritt die B\u00fchne bei OioVape mit absoluter Aufrichtigkeit. Es ist nicht nur ein Ger\u00e4t; es ist eine \u201cCloud-Engine\u201d in Taschengr\u00f6\u00dfe. Mit einer kolossalen 30-ml-E-Liquid-Kapazit\u00e4t und einem ma\u00dfgeschneiderten DTL-System (Direct-to-Lung) ertragen Sie wirklich immer noch die Unannehmlichkeit des st\u00e4ndigen Wechsels von Pods?<\/p>\n<p data-path-to-node=\"3\">Verabschieden Sie sich von unordentlichen Nachf\u00fcllflaschen und sperrigen, \u00fcberentwickelten Mechaniken. Ob Sie ein neugieriger Anf\u00e4nger oder ein erfahrener Cloud-Chaser sind, es erobert die anspruchsvollsten Gaumen mit seiner seideweichen Textur und uneingeschr\u00e4nkter explosiver Kraft. Und wenn Sie eine Gesch\u00e4ftserweiterung planen, verbinden Sie sich direkt mit Gro\u00dfhandelskan\u00e4len \u2013 Effizienz und lukrative Renditen gehen hier Hand in Hand.<\/p>\n<p><img decoding=\"async\" class=\"alignnone wp-image-4002 size-full\" title=\"al-fakher-crown-bar-hypermax-15000-puffs-2\" src=\"https:\/\/oiovape.com\/wp-content\/uploads\/2026\/01\/al-fakher-crown-bar-hypermax-15000-puffs-2.png\" alt=\"al-fakher-crown-bar-hypermax-15000-puffs-2\" width=\"1200\" height=\"480\" srcset=\"https:\/\/oiovape.com\/wp-content\/uploads\/2026\/01\/al-fakher-crown-bar-hypermax-15000-puffs-2.png 1200w, https:\/\/oiovape.com\/wp-content\/uploads\/2026\/01\/al-fakher-crown-bar-hypermax-15000-puffs-2-300x120.png 300w, https:\/\/oiovape.com\/wp-content\/uploads\/2026\/01\/al-fakher-crown-bar-hypermax-15000-puffs-2-1024x410.png 1024w, https:\/\/oiovape.com\/wp-content\/uploads\/2026\/01\/al-fakher-crown-bar-hypermax-15000-puffs-2-768x307.png 768w, https:\/\/oiovape.com\/wp-content\/uploads\/2026\/01\/al-fakher-crown-bar-hypermax-15000-puffs-2-150x60.png 150w\" sizes=\"(max-width: 1200px) 100vw, 1200px\" \/><\/p>\n<h2 data-path-to-node=\"5\">Entschl\u00fcsselung der Kernfunktionen des Al Fakher Crown Bar 15K Hypermax<\/h2>\n<p data-path-to-node=\"6\">Hier ist jede Spezifikation mehr als nur eine kalte Zahl; sie ist so gestaltet, dass sie Ihr Vaping-Erlebnis vollst\u00e4ndig neu erfindet.<\/p>\n<h3 data-path-to-node=\"7\">Tiefe Verschmelzung von Hardware und Empfindung<\/h3>\n<h4 data-path-to-node=\"8\">Erstaunliche 15000 Puffs<\/h4>\n<p data-path-to-node=\"9\">Werfen Sie Ihre Batterie-Angst in den Abgrund. Das bedeutet einfach Wochen treuer Begleitung. Wie ein unerm\u00fcdlicher Tiefseetaucher zerschmettert seine anhaltende Ausdauer die Grenzen traditioneller Einweg-Ger\u00e4te.<\/p>\n<h4 data-path-to-node=\"10\">0,6\u03a9 Advanced Mesh Coil<\/h4>\n<p data-path-to-node=\"11\">Dieses Herz schl\u00e4gt mit wilder Kraft. Der niederohmige 0,6-Ohm-Mesh-Kern fungiert als magischer Katalysator f\u00fcr das E-Liquid und z\u00fcndet jeden Tropfen sofort in dichte, reichhaltige Wolken. Der Geschmack gleitet wie Samt durch die Kehle.<\/p>\n<h4 data-path-to-node=\"12\">30-ml-Behemoth-E-Liquid-Matrix<\/h4>\n<p data-path-to-node=\"13\">Ein nahtloser, vorgef\u00fcllter 30-ml-Tank fungiert wie eine bodenlose Zauberbox voller Geschmack. H\u00f6ren Sie auf, nerv\u00f6s auf Messer zu schauen, um zu berechnen, was noch \u00fcbrig ist \u2013 atmen Sie einfach tief durch und lassen Sie los.<\/p>\n<h4 data-path-to-node=\"14\">Smart High-Definition Dual LED Display<\/h4>\n<p data-path-to-node=\"15\">Ist das nicht das ultimative Heilmittel gegen \u201cBatterie-Angst\u201d? Mit unabh\u00e4ngigen, punktgenauen Anzeigen f\u00fcr Batteriestand und \u00d6lstand f\u00fchlt es sich an wie ein Blick auf das Armaturenbrett eines Supersportwagens. Sie haben bei jedem einzelnen Zug die Kontrolle.<\/p>\n<h4 data-path-to-node=\"16\">Exklusive DTL-Architektur<\/h4>\n<p data-path-to-node=\"17\">Entwickelt ausschlie\u00dflich f\u00fcr Benutzer, die reine Kraft anstreben. Der Luftstromkanal ist wie eine weit offene Autobahn; der widerstandslose, luftige Zug liefert einen atemberaubenden Dampfsturm.<\/p>\n<h4 data-path-to-node=\"18\">0,6% (6 mg\/ml) Goldenes Nikotin-Verh\u00e4ltnis<\/h4>\n<p data-path-to-node=\"19\">Gerade die richtige Menge eines federleichten Halsreizes. Es ist nie abrupt, nie scharf und findet den absoluten s\u00fc\u00dfen Punkt zwischen befriedigender Nikotinabgabe und reinem, unverf\u00e4lschtem Geschmack.<\/p>\n<h4 data-path-to-node=\"20\">Type-C Rapid Resurrection<\/h4>\n<p data-path-to-node=\"21\">Ausgestattet mit einem hochenergetischen Ladeanschluss, bringt eine kurze Ruhe es wieder zum Leben. Lassen Sie sich nicht durch qu\u00e4lende Wartezeiten Ihre Verkostungssitzungen verderben.<\/p>\n<h2 data-path-to-node=\"23\">Entdecken Sie Ihren exklusiven Schatz bei OioVape<\/h2>\n<p data-path-to-node=\"24\">Warum endlos durch ein Meer mittelm\u00e4\u00dfiger Optionen wandern? Bei OioVape filtern wir nicht nur die dominanteste Hardware f\u00fcr Sie heraus; wir liefern ein unwiderstehliches, Premium-Erlebnis. Stecken Sie dieses Meisterwerk in Ihre Tasche und genie\u00dfen Sie einen kompromisslosen Qualit\u00e4tssprung. Intelligente Dampfer wissen bereits genau, wo sie den besten Wert finden.<\/p>\n<h2 data-path-to-node=\"26\">Die Geschmacks-Kunstgalerie (Ausgew\u00e4hlte Mischungen)<\/h2>\n<p data-path-to-node=\"27\">Mit bis zu 20 Signature-Geschmacksrichtungen ist dies kein billiger Haufen k\u00fcnstlicher Extrakte. Es ist, als w\u00fcrde man einen ganzen Obstgarten und einen Gletscher direkt in die Handfl\u00e4che versiegeln.<\/p>\n<h3 data-path-to-node=\"28\">Eine Symphonie aus Frost und Frucht<\/h3>\n<h4 data-path-to-node=\"29\">Core Flagship Series<\/h4>\n<h5 data-path-to-node=\"30\">Grape Mint<\/h5>\n<p data-path-to-node=\"31\">Tiefvioletter, reichhaltiger Traubennektar, eingeschlossen in kristallklarem Eis. Im Moment des Ausatmens f\u00fchlt es sich an, als h\u00e4tte ein frischer Luftzug alle Tr\u00fcbheit aus dem Raum geblasen.<\/p>\n<h5 data-path-to-node=\"32\">Blaubeere Himbeere<\/h5>\n<p data-path-to-node=\"33\">Wie das Pfl\u00fccken der allerersten taubedeckten Beeren von einem Morgenstrauch. Die S\u00e4ure und S\u00fc\u00dfe f\u00fchren einen lebhaften Stepptanz \u00fcber deine Zunge auf.<\/p>\n<h5 data-path-to-node=\"34\">Wassermelone Ananas<\/h5>\n<p data-path-to-node=\"35\">\u00c4quatoriale Leidenschaft kollidiert mit polaren Gletschern. Die erfrischende S\u00fc\u00dfe der Wassermelone bildet die Grundlage, w\u00e4hrend die k\u00fchne, w\u00fcrzige Ananas aus ihrer Schale ausbricht. Wer k\u00f6nnte sich einer solch mehrschichtigen sensorischen Party widersetzen?<\/p>\n<h5 data-path-to-node=\"36\">Kirsch Fiesta<\/h5>\n<p data-path-to-node=\"37\">V\u00f6llig frei von jeglichen s\u00fc\u00dflichen, medizinischen Sirupvibes. Stattdessen erfasst es den lebendigen, spritzigen Saft eines Bisses in eine pralle, reife Kirsche \u2013 reichhaltig, direkt und herrlich rein.<\/p>\n<h5 data-path-to-node=\"38\">Magic Love<\/h5>\n<p data-path-to-node=\"39\">Der Name selbst ist ein R\u00e4tsel. Das komplexe, blumig-fruchtige Aroma entfaltet sich wie das Auspacken eines mehrschichtigen Geschenks; jeder Zug erm\u00f6glicht es dir, ein unerwartetes, anhaltendes Finish zu erhaschen.<\/p>\n<p><img decoding=\"async\" class=\"alignnone wp-image-8119 size-full\" title=\"Al Fakher Crown Bar Hypermax 15K Geschmacksrichtungen\" src=\"https:\/\/oiovape.com\/wp-content\/uploads\/2026\/04\/Al-Fakher-Crown-Bar-Hypermax-15K-Flavors.jpg\" alt=\"Al Fakher Crown Bar Hypermax 15K Geschmacksrichtungen\" width=\"1298\" height=\"475\" srcset=\"https:\/\/oiovape.com\/wp-content\/uploads\/2026\/04\/Al-Fakher-Crown-Bar-Hypermax-15K-Flavors.jpg 1298w, https:\/\/oiovape.com\/wp-content\/uploads\/2026\/04\/Al-Fakher-Crown-Bar-Hypermax-15K-Flavors-300x110.jpg 300w, https:\/\/oiovape.com\/wp-content\/uploads\/2026\/04\/Al-Fakher-Crown-Bar-Hypermax-15K-Flavors-1024x375.jpg 1024w, https:\/\/oiovape.com\/wp-content\/uploads\/2026\/04\/Al-Fakher-Crown-Bar-Hypermax-15K-Flavors-768x281.jpg 768w, https:\/\/oiovape.com\/wp-content\/uploads\/2026\/04\/Al-Fakher-Crown-Bar-Hypermax-15K-Flavors-18x7.jpg 18w, https:\/\/oiovape.com\/wp-content\/uploads\/2026\/04\/Al-Fakher-Crown-Bar-Hypermax-15K-Flavors-1200x439.jpg 1200w, https:\/\/oiovape.com\/wp-content\/uploads\/2026\/04\/Al-Fakher-Crown-Bar-Hypermax-15K-Flavors-150x55.jpg 150w\" sizes=\"(max-width: 1298px) 100vw, 1298px\" \/><\/p>\n<h2 data-path-to-node=\"41\">Warum wird dies dein neuer Lieblings-Begleiter?<\/h2>\n<ul data-path-to-node=\"42\">\n<li>\n<p data-path-to-node=\"42,0,0\"><b data-path-to-node=\"42,0,0\" data-index-in-node=\"0\">Disruptive 30ml Kapazit\u00e4t:<\/b> L\u00e4sst Langlebigkeitsangst v\u00f6llig in den Staub bei\u00dfen.<\/p>\n<\/li>\n<li>\n<p data-path-to-node=\"42,1,0\"><b data-path-to-node=\"42,1,0\" data-index-in-node=\"0\">Hardcore 0.6\u03a9 Mesh Drive:<\/b> Sorgt daf\u00fcr, dass jeder DTL Zug ein ges\u00e4ttigter Geschmackssturm ist.<\/p>\n<\/li>\n<li>\n<p data-path-to-node=\"42,2,0\"><b data-path-to-node=\"42,2,0\" data-index-in-node=\"0\">Dual-Track LED Smart Monitoring:<\/b> Ger\u00e4tevitale sind auf einen Blick kristallklar; verabschiede dich von blindem Raten.<\/p>\n<\/li>\n<li>\n<p data-path-to-node=\"42,3,0\"><b data-path-to-node=\"42,3,0\" data-index-in-node=\"0\">0.6% leichte Nikotinst\u00e4rke:<\/b> Erm\u00f6glicht es Frucht und Frost, wirklich die Hauptrolle zu spielen.<\/p>\n<\/li>\n<li>\n<p data-path-to-node=\"42,4,0\"><b data-path-to-node=\"42,4,0\" data-index-in-node=\"0\">Auslaufsichere Konstruktion:<\/b> So zuverl\u00e4ssig wie eine Raumkapsel, h\u00e4lt alles elegant und ordentlich, jederzeit und \u00fcberall.<\/p>\n<\/li>\n<\/ul>\n<h2 data-path-to-node=\"44\">Minimalistischer Start, sofort in den Wolken<\/h2>\n<p data-path-to-node=\"45\">Keine steile Lernkurve erforderlich \u2013 alles ist wunderbar vereinfacht.<\/p>\n<h3 data-path-to-node=\"46\">Die anf\u00e4ngerfreundliche Trilogie<\/h3>\n<ol start=\"1\" data-path-to-node=\"47\">\n<li>\n<p data-path-to-node=\"47,0,0\"><b data-path-to-node=\"47,0,0\" data-index-in-node=\"0\">Befreie das Biest:<\/b> Entferne alle \u00e4u\u00dferen Verpackungen und Silikon-Staubst\u00f6psel, um das Ger\u00e4t freizusetzen.<\/p>\n<\/li>\n<li>\n<p data-path-to-node=\"47,1,0\"><b data-path-to-node=\"47,1,0\" data-index-in-node=\"0\">Wecke den Sturm:<\/b> Der nahtlose K\u00f6rper erfordert kein Dr\u00fccken von Kn\u00f6pfen. Vertraue deinen Instinkten, atme tief ein, und der intelligente luftgesteuerte Schalter z\u00fcndet sofort das Fest.<\/p>\n<\/li>\n<li>\n<p data-path-to-node=\"47,2,0\"><b data-path-to-node=\"47,2,0\" data-index-in-node=\"0\">Beherrsche das Spiel:<\/b> Behalten Sie Ihr E-Liquid und Ihre Batterie \u00fcber das klare LED-Display im Auge. Wenn die Stromversorgung schwach wird, schlie\u00dfen Sie ein USB-C-Kabel an, um es schnell wiederzubeleben; wenn es nicht verwendet wird, lagern Sie es einfach sicher an einem k\u00fchlen, trockenen Ort.<\/p>\n<\/li>\n<\/ol>\n<\/div>\n<\/div>\n<\/div>\n<\/div>\n<\/div>\n<\/div>\n<\/div>\n<\/div>\n<\/div>\n<\/div>\n<\/div>\n<\/div>\n<\/div>\n<\/div>\n<\/div>\n<\/div>\n<\/div>\n<\/div>\n<\/div>\n<\/div>\n<\/div>\n<\/div>\n<\/div>\n<\/div>\n<\/div>\n<\/div>\n<\/div>\n<\/div>\n<\/div>\n<\/div>\n<\/div>\n<\/div>\n<\/div>\n<\/div>\n<\/div>\n<\/div>\n<\/div>\n<\/div>\n<\/div>\n<\/div>\n<\/div>\n<\/div>\n<\/div>\n<\/div>","protected":false},"excerpt":{"rendered":"<div data-page-id=\"RAopf2sw9dtvw4cWYXpcTwo0n8g\" data-lark-html-role=\"root\" data-docx-has-block-data=\"false\">\n<div class=\"ace-line ace-line old-record-id-Uju9f3RXYd8dh2crAJbcBF3Un6M\">Die Al Fakher Crown Bar Hypermax 15000 Z\u00fcge kombiniert langanhaltende Leistung mit einer breiten Geschmacksvielfalt. Entwickelt f\u00fcr das Direct-to-Lung-Vaping, liefert sie einen sanften Dampf durch eine 0,6\u03a9-Spule, unterst\u00fctzt von einer 18ml E-Liquid-Kapazit\u00e4t, einem wiederaufladbaren Akku und einem klaren Display, das die Z\u00e4hlung der Z\u00fcge und den Leistungsstatus anzeigt.<\/div>\n<\/div>","protected":false},"featured_media":3992,"comment_status":"open","ping_status":"closed","template":"","meta":{"_acf_changed":false,"inline_featured_image":false,"_sitemap_exclude":false,"_sitemap_priority":"","_sitemap_frequency":""},"product_brand":[238],"product_cat":[237,239,246,229],"product_tag":[],"class_list":{"0":"post-3990","1":"product","2":"type-product","3":"status-publish","4":"has-post-thumbnail","6":"product_brand-al-fakher","7":"product_cat-al-fakher-puff","8":"product_cat-disposable-vape-collection","9":"product_cat-15k-puff","10":"product_cat-ship-from-german","12":"first","13":"instock","14":"sale","15":"shipping-taxable","16":"purchasable","17":"product-type-variable","18":"has-default-attributes"},"acf":[],"tiered_pricing_type":"fixed","tiered_pricing_fixed_rules":{"30":10.69,"60":10.45,"100":10.25,"200":10.13},"tiered_pricing_product_settings":{"layout":"default","base_unit_name":{"singular":null,"plural":null},"default_variation":null},"tiered_pricing_minimum_quantity":10,"tiered_pricing_roles_data":[],"tiered_pricing_percentage_rules":[],"tiered_pricing_maximum_quantity":null,"tiered_pricing_quantity_step":"10","_links":{"self":[{"href":"https:\/\/oiovape.com\/de\/wp-json\/wp\/v2\/product\/3990","targetHints":{"allow":["GET"]}}],"collection":[{"href":"https:\/\/oiovape.com\/de\/wp-json\/wp\/v2\/product"}],"about":[{"href":"https:\/\/oiovape.com\/de\/wp-json\/wp\/v2\/types\/product"}],"replies":[{"embeddable":true,"href":"https:\/\/oiovape.com\/de\/wp-json\/wp\/v2\/comments?post=3990"}],"version-history":[{"count":3,"href":"https:\/\/oiovape.com\/de\/wp-json\/wp\/v2\/product\/3990\/revisions"}],"predecessor-version":[{"id":8120,"href":"https:\/\/oiovape.com\/de\/wp-json\/wp\/v2\/product\/3990\/revisions\/8120"}],"wp:featuredmedia":[{"embeddable":true,"href":"https:\/\/oiovape.com\/de\/wp-json\/wp\/v2\/media\/3992"}],"wp:attachment":[{"href":"https:\/\/oiovape.com\/de\/wp-json\/wp\/v2\/media?parent=3990"}],"wp:term":[{"taxonomy":"product_brand","embeddable":true,"href":"https:\/\/oiovape.com\/de\/wp-json\/wp\/v2\/product_brand?post=3990"},{"taxonomy":"product_cat","embeddable":true,"href":"https:\/\/oiovape.com\/de\/wp-json\/wp\/v2\/product_cat?post=3990"},{"taxonomy":"product_tag","embeddable":true,"href":"https:\/\/oiovape.com\/de\/wp-json\/wp\/v2\/product_tag?post=3990"}],"curies":[{"name":"wp","href":"https:\/\/api.w.org\/{rel}","templated":true}]}}