{"id":4005,"date":"2026-01-10T07:01:55","date_gmt":"2026-01-10T07:01:55","guid":{"rendered":"https:\/\/oiovape.com\/?post_type=product&#038;p=4005"},"modified":"2026-01-31T17:43:13","modified_gmt":"2026-01-31T09:43:13","slug":"al-fakher-mega-max-40000-puffs","status":"publish","type":"product","link":"https:\/\/oiovape.com\/de\/product\/al-fakher-mega-max-40000-puffs\/","title":{"rendered":"Al Fakher Mega Max 40000 PUFFS DTL-Modus Mesh Coil Einweg elektronische Zigarette Mit Luftstromanpassung"},"content":{"rendered":"<div data-page-id=\"ZVeMfq8uxd7y1ycuKm5cym4LnYd\" data-lark-html-role=\"root\" data-docx-has-block-data=\"false\">\n<div data-page-id=\"Fd41fZ5N9dzRQtcRNoVc2FuDnCh\" data-lark-html-role=\"root\" data-docx-has-block-data=\"true\">\n<div data-page-id=\"BdIJfeeijdk1eucGpS8cDCBBn5c\" data-lark-html-role=\"root\" data-docx-has-block-data=\"false\">\n<div data-page-id=\"Zbg9fWx77dUuh2cIYpic25c8nyd\" data-lark-html-role=\"root\" data-docx-has-block-data=\"false\">\n<div data-page-id=\"KaIvfiurhdlCKdc0kyxcX64cnE6\" data-lark-html-role=\"root\" data-docx-has-block-data=\"true\">\n<div data-page-id=\"PbvFfqxqlddUTScRpEYcY5MHnpf\" data-lark-html-role=\"root\" data-docx-has-block-data=\"true\">\n<div data-page-id=\"GZO2f5JeudwY4jc9iJtcdk9Hnxh\" data-lark-html-role=\"root\" data-docx-has-block-data=\"false\">\n<div data-page-id=\"EZVRf2acFduXLGcseZFc4qH2n6e\" data-lark-html-role=\"root\" data-docx-has-block-data=\"false\">\n<div data-page-id=\"B8rHfcqlqdzmH5cCWCncz17Cntb\" data-lark-html-role=\"root\" data-docx-has-block-data=\"false\">\n<div data-page-id=\"B8rHfcqlqdzmH5cCWCncz17Cntb\" data-lark-html-role=\"root\" data-docx-has-block-data=\"false\">\n<div data-page-id=\"B8rHfcqlqdzmH5cCWCncz17Cntb\" data-lark-html-role=\"root\" data-docx-has-block-data=\"true\">\n<div data-page-id=\"HM70f1aoxdD0bMcxJZBcVc7ynZd\" data-lark-html-role=\"root\" data-docx-has-block-data=\"false\">\n<div data-page-id=\"NSrJfN7Ord22i0c1iwZcsF8yn8b\" data-lark-html-role=\"root\" data-docx-has-block-data=\"false\">\n<div data-page-id=\"RXEff4Mskds8o1cqL5HcGEtUnCh\" data-lark-html-role=\"root\" data-docx-has-block-data=\"false\">\n<div data-page-id=\"KJ7gfqkVndMSRJcMseScmvYwnTc\" data-lark-html-role=\"root\" data-docx-has-block-data=\"false\">\n<div class=\"ace-line ace-line old-record-id-QADAfETPudgmudc05YvcTO5fnxe\">\n<div data-page-id=\"KJ7gfqkVndMSRJcMseScmvYwnTc\" data-lark-html-role=\"root\" data-docx-has-block-data=\"false\">\n<div class=\"ace-line ace-line old-record-id-JoRkfpho8dOkiacEOascDyCOncb\">\n<div data-page-id=\"KJ7gfqkVndMSRJcMseScmvYwnTc\" data-lark-html-role=\"root\" data-docx-has-block-data=\"false\">\n<div data-page-id=\"Ju6ofQ3V4dGmePcVvJvc1gmcnZb\" data-lark-html-role=\"root\" data-docx-has-block-data=\"true\">\n<div data-page-id=\"PR9ife5PLdFabccbFgZcWgZOnTc\" data-lark-html-role=\"root\" data-docx-has-block-data=\"false\">\n<div data-page-id=\"INdrfOIGzdaenXcptrcc1BcznQc\" data-lark-html-role=\"root\" data-docx-has-block-data=\"false\">\n<div class=\"ace-line ace-line old-record-id-P0fIf4YaZdoGkbcxt5ackec2nnb\">\n<div data-page-id=\"INdrfOIGzdaenXcptrcc1BcznQc\" data-lark-html-role=\"root\" data-docx-has-block-data=\"false\">\n<div data-page-id=\"MAzCfUB73dMTQscm8eWcougVn1g\" data-lark-html-role=\"root\" data-docx-has-block-data=\"true\">\n<div data-page-id=\"AXfpf7H1odhDvGcKoUOcErN8nV7\" data-lark-html-role=\"root\" data-docx-has-block-data=\"false\">\n<div data-page-id=\"QYTKf5PvLdUNdbce2nBcW9yfnrh\" data-lark-html-role=\"root\" data-docx-has-block-data=\"false\">\n<div data-page-id=\"Pvu1f1CCBdxbjncA9pgcBTpanph\" data-lark-html-role=\"root\" data-docx-has-block-data=\"true\">\n<div data-page-id=\"Axf3fcmY8dDAhtcjVircBcphnPc\" data-lark-html-role=\"root\" data-docx-has-block-data=\"false\">\n<div data-page-id=\"KKj1f9SPmdLhhMc5E2AcNlLen6f\" data-lark-html-role=\"root\" data-docx-has-block-data=\"true\">\n<div data-page-id=\"Rx61fK1sJdXHjPcBuhZcweNhnwc\" data-lark-html-role=\"root\" data-docx-has-block-data=\"false\">\n<div data-page-id=\"L1H9fkG9Mdz45Fcy4WMc5VKXnRe\" data-lark-html-role=\"root\" data-docx-has-block-data=\"false\">\n<div data-page-id=\"L1H9fkG9Mdz45Fcy4WMc5VKXnRe\" data-lark-html-role=\"root\" data-docx-has-block-data=\"false\">\n<div data-page-id=\"D4XLfVBVrdE8mrcaYizczklLnaf\" data-lark-html-role=\"root\" data-docx-has-block-data=\"false\">\n<div data-page-id=\"WVcifIY44d5mhMcXtyEcTsfenGd\" data-lark-html-role=\"root\" data-docx-has-block-data=\"true\">\n<div data-page-id=\"LRknfa6Whd4DWCcUc0FcNKpJnyh\" data-lark-html-role=\"root\" data-docx-has-block-data=\"false\">\n<div data-page-id=\"LRknfa6Whd4DWCcUc0FcNKpJnyh\" data-lark-html-role=\"root\" data-docx-has-block-data=\"false\">\n<div data-page-id=\"XFRAfkcOEdRWh8cArQ2cJdyRnJf\" data-lark-html-role=\"root\" data-docx-has-block-data=\"true\">\n<div data-page-id=\"OQ3bfjnRddMTDGcC3ouc6xFKnWf\" data-lark-html-role=\"root\" data-docx-has-block-data=\"true\">\n<div data-page-id=\"J0iGfj1hEdjc4rcUdSmc4spMnmZ\" data-lark-html-role=\"root\" data-docx-has-block-data=\"false\">\n<div data-page-id=\"P1o7fFyNlduP8tcfZpQcagzbnIf\" data-lark-html-role=\"root\" data-docx-has-block-data=\"false\">\n<div class=\"ace-line ace-line old-record-id-P1o7fFyNlduP8tcfZpQcagzbnIf\">\n<div data-page-id=\"P1o7fFyNlduP8tcfZpQcagzbnIf\" data-lark-html-role=\"root\" data-docx-has-block-data=\"false\">\n<div data-page-id=\"U4iufW38SdttWKcTstMcTtHRnXc\" data-lark-html-role=\"root\" data-docx-has-block-data=\"true\">\n<h2 data-start=\"2540\" data-end=\"2567\">Warum Al Fakher Mega Max 40000 Z\u00fcge w\u00e4hlen?<\/h2>\n<h3 data-start=\"2569\" data-end=\"2596\">Ein Ger\u00e4t, null Aufwand<\/h3>\n<p data-start=\"2597\" data-end=\"2718\">Mega Max beseitigt h\u00e4ufige Ersatzbeschaffungen. Sie laden es auf, dampfen es und genie\u00dfen eine lange Phase ununterbrochener Leistung.<\/p>\n<h3 data-start=\"2720\" data-end=\"2744\">Geschmack, dem Sie vertrauen k\u00f6nnen<\/h3>\n<p data-start=\"2745\" data-end=\"2851\">Al Fakher\u2019s Geschmacksexpertise zeigt sich in jeder Mischung. Der Geschmack bleibt stabil \u2013 kein Nachlassen, keine verbrannten Noten.<\/p>\n<h3 data-start=\"2853\" data-end=\"2879\">Klare, selbstbewusste Nutzung<\/h3>\n<p data-start=\"2880\" data-end=\"3007\">Das LED-Display h\u00e4lt Sie informiert, w\u00e4hrend die Luftstromkontrolle es Ihnen erm\u00f6glicht, jede Sitzung zu personalisieren. Einfache Funktionen, echte Vorteile \u2714\ufe0f<\/p>\n<h3 data-start=\"3009\" data-end=\"3044\">Perfekt f\u00fcr den Alltag und Reisen<\/h3>\n<p data-start=\"3045\" data-end=\"3155\">Hohe Kapazit\u00e4t, langlebige Bauweise und All-in-One-Komfort machen es ideal, ob Sie gelegentlich oder regelm\u00e4\u00dfig dampfen.<\/p>\n<h2 data-start=\"709\" data-end=\"745\">Entwickelt nach den echten Dampferbed\u00fcrfnissen<\/h2>\n<h3 data-start=\"747\" data-end=\"779\">Leistung und Kapazit\u00e4t, die halten<\/h3>\n<p data-start=\"780\" data-end=\"1016\">Ein <strong data-start=\"783\" data-end=\"814\">850mAh wiederaufladbarer Akku<\/strong> kombiniert mit einer gro\u00dfz\u00fcgigen <strong data-start=\"837\" data-end=\"863\">30ml E-Liquid-Kapazit\u00e4t<\/strong>, sodass das Ger\u00e4t von dem ersten Zug bis zum letzten stark bleibt. Die <strong data-start=\"929\" data-end=\"957\">6mg\/ml Nikotinst\u00e4rke<\/strong> trifft eine angenehme Balance \u2013 befriedigend, ohne hart zu sein.<\/p>\n<h3 data-start=\"1018\" data-end=\"1050\">Intelligente Steuerung, sanfte Wolken<\/h3>\n<p data-start=\"1051\" data-end=\"1305\">Das <strong data-start=\"1055\" data-end=\"1068\">Mesh-Coil<\/strong> erhitzt gleichm\u00e4\u00dfig und verbessert die Geschmacksreinheit und Dichte des Dampfes. Mit <strong data-start=\"1132\" data-end=\"1154\">einstellbare Luftzufuhr<\/strong>, k\u00f6nnen Sie den Zug an Ihren Stil anpassen, egal ob Sie luftige Wolken oder einen etwas festeren Zug bevorzugen.<br data-start=\"1252\" data-end=\"1255\" \/>DTL-Modus h\u00e4lt das Inhalieren sanft und m\u00fchelos \ud83d\udca8<\/p>\n<h2 data-start=\"1307\" data-end=\"1332\">45 Geschm\u00e4cker, ein Ger\u00e4t<\/h2>\n<p data-start=\"1334\" data-end=\"1529\">Mit <strong data-start=\"1339\" data-end=\"1371\">45 sorgf\u00e4ltig kreierte Geschm\u00e4cker<\/strong>, Mega Max deckt alles ab, von frischen Minzen bis zu geschichteten Fr\u00fcchten und nostalgischen S\u00fc\u00dfigkeitenmischungen. Jeder Geschmack beginnt rein, bleibt konsistent und endet sanft.<\/p>\n<p><img decoding=\"async\" class=\"alignnone wp-image-4019 size-full\" title=\"Al Fakher Mega Max 40k Geschm\u00e4cker\" src=\"https:\/\/oiovape.com\/wp-content\/uploads\/2026\/01\/Al-Fakher-Mega-Max-40k-flavors.jpg\" alt=\"Al Fakher Mega Max 40k Geschm\u00e4cker\" width=\"1440\" height=\"1804\" srcset=\"https:\/\/oiovape.com\/wp-content\/uploads\/2026\/01\/Al-Fakher-Mega-Max-40k-flavors.jpg 1440w, https:\/\/oiovape.com\/wp-content\/uploads\/2026\/01\/Al-Fakher-Mega-Max-40k-flavors-239x300.jpg 239w, https:\/\/oiovape.com\/wp-content\/uploads\/2026\/01\/Al-Fakher-Mega-Max-40k-flavors-817x1024.jpg 817w, https:\/\/oiovape.com\/wp-content\/uploads\/2026\/01\/Al-Fakher-Mega-Max-40k-flavors-768x962.jpg 768w, https:\/\/oiovape.com\/wp-content\/uploads\/2026\/01\/Al-Fakher-Mega-Max-40k-flavors-1226x1536.jpg 1226w, https:\/\/oiovape.com\/wp-content\/uploads\/2026\/01\/Al-Fakher-Mega-Max-40k-flavors-1200x1503.jpg 1200w, https:\/\/oiovape.com\/wp-content\/uploads\/2026\/01\/Al-Fakher-Mega-Max-40k-flavors-150x188.jpg 150w\" sizes=\"(max-width: 1440px) 100vw, 1440px\" \/><\/p>\n<h3 data-start=\"1531\" data-end=\"1560\">Minz- und K\u00fchlkollektion<\/h3>\n<ul data-start=\"1561\" data-end=\"1708\">\n<li data-start=\"1561\" data-end=\"1573\">\n<p data-start=\"1563\" data-end=\"1573\">Gum Mint<\/p>\n<\/li>\n<li data-start=\"1574\" data-end=\"1588\">\n<p data-start=\"1576\" data-end=\"1588\">Grape Mint<\/p>\n<\/li>\n<li data-start=\"1589\" data-end=\"1603\">\n<p data-start=\"1591\" data-end=\"1603\">Zitronen Minze<\/p>\n<\/li>\n<li data-start=\"1604\" data-end=\"1625\">\n<p data-start=\"1606\" data-end=\"1625\">Johannisbeer Minze<\/p>\n<\/li>\n<li data-start=\"1626\" data-end=\"1644\">\n<p data-start=\"1628\" data-end=\"1644\">Blaubeer Minze<\/p>\n<\/li>\n<li data-start=\"1645\" data-end=\"1660\">\n<p data-start=\"1647\" data-end=\"1660\">Orangen Minze<\/p>\n<\/li>\n<li data-start=\"1661\" data-end=\"1672\">\n<p data-start=\"1663\" data-end=\"1672\">Menthol<\/p>\n<\/li>\n<li data-start=\"1673\" data-end=\"1686\">\n<p data-start=\"1675\" data-end=\"1686\">Spearmint<\/p>\n<\/li>\n<li data-start=\"1687\" data-end=\"1695\">\n<p data-start=\"1689\" data-end=\"1695\">Minze<\/p>\n<\/li>\n<li data-start=\"1696\" data-end=\"1708\">\n<p data-start=\"1698\" data-end=\"1708\">Eis Blau<\/p>\n<\/li>\n<\/ul>\n<h3 data-start=\"1710\" data-end=\"1732\">Eis-infused Fr\u00fcchte<\/h3>\n<ul data-start=\"1733\" data-end=\"1827\">\n<li data-start=\"1733\" data-end=\"1746\">\n<p data-start=\"1735\" data-end=\"1746\">Berry Ice<\/p>\n<\/li>\n<li data-start=\"1747\" data-end=\"1767\">\n<p data-start=\"1749\" data-end=\"1767\">Blackcurrant Ice<\/p>\n<\/li>\n<li data-start=\"1768\" data-end=\"1780\">\n<p data-start=\"1770\" data-end=\"1780\">\u00dcppiges Eis<\/p>\n<\/li>\n<li data-start=\"1781\" data-end=\"1794\">\n<p data-start=\"1783\" data-end=\"1794\">Pfirsich Eis<\/p>\n<\/li>\n<li data-start=\"1795\" data-end=\"1809\">\n<p data-start=\"1797\" data-end=\"1809\">Kirsche Eis<\/p>\n<\/li>\n<li data-start=\"1810\" data-end=\"1827\">\n<p data-start=\"1812\" data-end=\"1827\">Ananas Eis<\/p>\n<\/li>\n<\/ul>\n<h3 data-start=\"1829\" data-end=\"1856\">Fruchtklassiker &amp; Mischungen<\/h3>\n<ul data-start=\"1857\" data-end=\"2326\">\n<li data-start=\"1857\" data-end=\"1879\">\n<p data-start=\"1859\" data-end=\"1879\">Blue Razz Lemonade<\/p>\n<\/li>\n<li data-start=\"1880\" data-end=\"1897\">\n<p data-start=\"1882\" data-end=\"1897\">Blaubeer Kaugummi<\/p>\n<\/li>\n<li data-start=\"1898\" data-end=\"1915\">\n<p data-start=\"1900\" data-end=\"1915\">Kirsch Fiesta<\/p>\n<\/li>\n<li data-start=\"1916\" data-end=\"1930\">\n<p data-start=\"1918\" data-end=\"1930\">K\u00fchler Mango<\/p>\n<\/li>\n<li data-start=\"1931\" data-end=\"1951\">\n<p data-start=\"1933\" data-end=\"1951\">Erdbeer Punch<\/p>\n<\/li>\n<li data-start=\"1952\" data-end=\"1965\">\n<p data-start=\"1954\" data-end=\"1965\">Zwei \u00c4pfel<\/p>\n<\/li>\n<li data-start=\"1966\" data-end=\"1980\">\n<p data-start=\"1968\" data-end=\"1980\">Zitrone Limette<\/p>\n<\/li>\n<li data-start=\"1981\" data-end=\"2000\">\n<p data-start=\"1983\" data-end=\"2000\">Mango Ananas<\/p>\n<\/li>\n<li data-start=\"2001\" data-end=\"2015\">\n<p data-start=\"2003\" data-end=\"2015\">Beeren Blau<\/p>\n<\/li>\n<li data-start=\"2016\" data-end=\"2039\">\n<p data-start=\"2018\" data-end=\"2039\">Blaubeere Himbeere<\/p>\n<\/li>\n<li data-start=\"2040\" data-end=\"2068\">\n<p data-start=\"2042\" data-end=\"2068\">Blaubeer Sauer Himbeere<\/p>\n<\/li>\n<li data-start=\"2069\" data-end=\"2084\">\n<p data-start=\"2071\" data-end=\"2084\">Gemischte Beeren<\/p>\n<\/li>\n<li data-start=\"2085\" data-end=\"2100\">\n<p data-start=\"2087\" data-end=\"2100\">Kirsch Sprudel<\/p>\n<\/li>\n<li data-start=\"2101\" data-end=\"2125\">\n<p data-start=\"2103\" data-end=\"2125\">Wassermelone Ananas<\/p>\n<\/li>\n<li data-start=\"2126\" data-end=\"2145\">\n<p data-start=\"2128\" data-end=\"2145\">Wassermelone Limette<\/p>\n<\/li>\n<li data-start=\"2146\" data-end=\"2155\">\n<p data-start=\"2148\" data-end=\"2155\">Traube<\/p>\n<\/li>\n<li data-start=\"2156\" data-end=\"2171\">\n<p data-start=\"2158\" data-end=\"2171\">Traube Beere<\/p>\n<\/li>\n<li data-start=\"2172\" data-end=\"2194\">\n<p data-start=\"2174\" data-end=\"2194\">Blaubeer Limonade<\/p>\n<\/li>\n<li data-start=\"2195\" data-end=\"2216\">\n<p data-start=\"2197\" data-end=\"2216\">Wassermelone Kirsch<\/p>\n<\/li>\n<li data-start=\"2217\" data-end=\"2237\">\n<p data-start=\"2219\" data-end=\"2237\">Blaubeer Kirsch<\/p>\n<\/li>\n<li data-start=\"2238\" data-end=\"2264\">\n<p data-start=\"2240\" data-end=\"2264\">Zitronen Limette Kirsch Sprudel<\/p>\n<\/li>\n<li data-start=\"2265\" data-end=\"2286\">\n<p data-start=\"2267\" data-end=\"2286\">Erdbeer Kirsch<\/p>\n<\/li>\n<li data-start=\"2287\" data-end=\"2306\">\n<p data-start=\"2289\" data-end=\"2306\">Wassermelone Kiwi<\/p>\n<\/li>\n<li data-start=\"2307\" data-end=\"2326\">\n<p data-start=\"2309\" data-end=\"2326\">Blaue Razz Blast<\/p>\n<\/li>\n<\/ul>\n<h3 data-start=\"2328\" data-end=\"2359\">Signature- und Fantasiegeschm\u00e4cker<\/h3>\n<ul data-start=\"2360\" data-end=\"2432\">\n<li data-start=\"2360\" data-end=\"2375\">\n<p data-start=\"2362\" data-end=\"2375\">Weltraum Traum<\/p>\n<\/li>\n<li data-start=\"2376\" data-end=\"2390\">\n<p data-start=\"2378\" data-end=\"2390\">Magic Love<\/p>\n<\/li>\n<li data-start=\"2391\" data-end=\"2400\">\n<p data-start=\"2393\" data-end=\"2400\">Hubba<\/p>\n<\/li>\n<li data-start=\"2401\" data-end=\"2417\">\n<p data-start=\"2403\" data-end=\"2417\">Sommer Traum<\/p>\n<\/li>\n<li data-start=\"2418\" data-end=\"2432\">\n<p data-start=\"2420\" data-end=\"2432\">Fusion Pop<\/p>\n<\/li>\n<\/ul>\n<p data-start=\"2434\" data-end=\"2538\">Jeder Geschmacksname spiegelt sein Profil klar wider, sodass die Wahl Ihres n\u00e4chsten Favoriten intuitiv und unterhaltsam erscheint \ud83d\ude0b<\/p>\n<div class=\"ace-line ace-line old-record-id-YiBufCYjudqaI3cBK5DcDXIKnng\">\n<div data-page-id=\"U7AgfBUv7dtFhccjv61cNM0Tnpb\" data-lark-html-role=\"root\" data-docx-has-block-data=\"true\"><\/div>\n<\/div>\n<\/div>\n<\/div>\n<\/div>\n<\/div>\n<\/div>\n<\/div>\n<\/div>\n<\/div>\n<\/div>\n<\/div>\n<\/div>\n<\/div>\n<\/div>\n<\/div>\n<\/div>\n<\/div>\n<\/div>\n<\/div>\n<\/div>\n<\/div>\n<\/div>\n<\/div>\n<\/div>\n<\/div>\n<\/div>\n<\/div>\n<\/div>\n<\/div>\n<\/div>\n<\/div>\n<\/div>\n<\/div>\n<\/div>\n<\/div>\n<\/div>\n<\/div>\n<\/div>\n<\/div>\n<\/div>\n<\/div>\n<\/div>\n<\/div>\n<\/div>\n<\/div>","protected":false},"excerpt":{"rendered":"<div data-page-id=\"RAopf2sw9dtvw4cWYXpcTwo0n8g\" data-lark-html-role=\"root\" data-docx-has-block-data=\"false\">\n<div class=\"ace-line ace-line old-record-id-Uju9f3RXYd8dh2crAJbcBF3Un6M\">Al Fakher Mega Max 40000 Z\u00fcge bietet langanhaltende Leistung mit reichhaltigem, stabilem Geschmack. Seine Mesh-Coil, der einstellbare Luftstrom und der DTL-Modus erzeugen sanfte Wolken, w\u00e4hrend das LED-Display die Batterie- und E-Liquid-Levels klar anzeigt, f\u00fcr sorgenfreies t\u00e4gliches Dampfen.<\/div>\n<\/div>","protected":false},"featured_media":4018,"comment_status":"open","ping_status":"closed","template":"","meta":{"_acf_changed":false,"inline_featured_image":false,"_sitemap_exclude":false,"_sitemap_priority":"","_sitemap_frequency":""},"product_brand":[238],"product_cat":[237,239,244],"product_tag":[],"class_list":{"0":"post-4005","1":"product","2":"type-product","3":"status-publish","4":"has-post-thumbnail","6":"product_brand-al-fakher","7":"product_cat-al-fakher-puff","8":"product_cat-disposable-vape-collection","9":"product_cat-40k-puff","11":"first","12":"instock","13":"sale","14":"shipping-taxable","15":"purchasable","16":"product-type-variable","17":"has-default-attributes"},"acf":[],"tiered_pricing_type":"fixed","tiered_pricing_fixed_rules":{"30":13.08,"60":12.05,"100":11.08,"200":10.3},"tiered_pricing_product_settings":{"layout":"default","base_unit_name":{"singular":null,"plural":null},"default_variation":null},"tiered_pricing_minimum_quantity":10,"tiered_pricing_roles_data":[],"tiered_pricing_percentage_rules":[],"tiered_pricing_maximum_quantity":null,"tiered_pricing_quantity_step":"10","_links":{"self":[{"href":"https:\/\/oiovape.com\/de\/wp-json\/wp\/v2\/product\/4005","targetHints":{"allow":["GET"]}}],"collection":[{"href":"https:\/\/oiovape.com\/de\/wp-json\/wp\/v2\/product"}],"about":[{"href":"https:\/\/oiovape.com\/de\/wp-json\/wp\/v2\/types\/product"}],"replies":[{"embeddable":true,"href":"https:\/\/oiovape.com\/de\/wp-json\/wp\/v2\/comments?post=4005"}],"version-history":[{"count":0,"href":"https:\/\/oiovape.com\/de\/wp-json\/wp\/v2\/product\/4005\/revisions"}],"wp:featuredmedia":[{"embeddable":true,"href":"https:\/\/oiovape.com\/de\/wp-json\/wp\/v2\/media\/4018"}],"wp:attachment":[{"href":"https:\/\/oiovape.com\/de\/wp-json\/wp\/v2\/media?parent=4005"}],"wp:term":[{"taxonomy":"product_brand","embeddable":true,"href":"https:\/\/oiovape.com\/de\/wp-json\/wp\/v2\/product_brand?post=4005"},{"taxonomy":"product_cat","embeddable":true,"href":"https:\/\/oiovape.com\/de\/wp-json\/wp\/v2\/product_cat?post=4005"},{"taxonomy":"product_tag","embeddable":true,"href":"https:\/\/oiovape.com\/de\/wp-json\/wp\/v2\/product_tag?post=4005"}],"curies":[{"name":"wp","href":"https:\/\/api.w.org\/{rel}","templated":true}]}}