{"id":4341,"date":"2026-01-13T02:40:42","date_gmt":"2026-01-13T02:40:42","guid":{"rendered":"https:\/\/oiovape.com\/?post_type=product&#038;p=4341"},"modified":"2026-02-04T14:44:12","modified_gmt":"2026-02-04T06:44:12","slug":"vapme-goat-40000-puffs","status":"publish","type":"product","link":"https:\/\/oiovape.com\/de\/product\/vapme-goat-40000-puffs\/","title":{"rendered":"VAPME GOAT 40000 PUFFS 850mah Akkukapazit\u00e4t Wiederaufladbarer Smart Einweg Vape Pen"},"content":{"rendered":"<div data-page-id=\"ZVeMfq8uxd7y1ycuKm5cym4LnYd\" data-lark-html-role=\"root\" data-docx-has-block-data=\"false\">\n<div data-page-id=\"Fd41fZ5N9dzRQtcRNoVc2FuDnCh\" data-lark-html-role=\"root\" data-docx-has-block-data=\"true\">\n<div data-page-id=\"BdIJfeeijdk1eucGpS8cDCBBn5c\" data-lark-html-role=\"root\" data-docx-has-block-data=\"false\">\n<div data-page-id=\"Zbg9fWx77dUuh2cIYpic25c8nyd\" data-lark-html-role=\"root\" data-docx-has-block-data=\"false\">\n<div data-page-id=\"KaIvfiurhdlCKdc0kyxcX64cnE6\" data-lark-html-role=\"root\" data-docx-has-block-data=\"true\">\n<div data-page-id=\"PbvFfqxqlddUTScRpEYcY5MHnpf\" data-lark-html-role=\"root\" data-docx-has-block-data=\"true\">\n<div data-page-id=\"GZO2f5JeudwY4jc9iJtcdk9Hnxh\" data-lark-html-role=\"root\" data-docx-has-block-data=\"false\">\n<div data-page-id=\"EZVRf2acFduXLGcseZFc4qH2n6e\" data-lark-html-role=\"root\" data-docx-has-block-data=\"false\">\n<div data-page-id=\"B8rHfcqlqdzmH5cCWCncz17Cntb\" data-lark-html-role=\"root\" data-docx-has-block-data=\"false\">\n<div data-page-id=\"B8rHfcqlqdzmH5cCWCncz17Cntb\" data-lark-html-role=\"root\" data-docx-has-block-data=\"false\">\n<div data-page-id=\"B8rHfcqlqdzmH5cCWCncz17Cntb\" data-lark-html-role=\"root\" data-docx-has-block-data=\"true\">\n<div data-page-id=\"HM70f1aoxdD0bMcxJZBcVc7ynZd\" data-lark-html-role=\"root\" data-docx-has-block-data=\"false\">\n<div data-page-id=\"NSrJfN7Ord22i0c1iwZcsF8yn8b\" data-lark-html-role=\"root\" data-docx-has-block-data=\"false\">\n<div data-page-id=\"RXEff4Mskds8o1cqL5HcGEtUnCh\" data-lark-html-role=\"root\" data-docx-has-block-data=\"false\">\n<div data-page-id=\"KJ7gfqkVndMSRJcMseScmvYwnTc\" data-lark-html-role=\"root\" data-docx-has-block-data=\"false\">\n<div class=\"ace-line ace-line old-record-id-QADAfETPudgmudc05YvcTO5fnxe\">\n<div data-page-id=\"KJ7gfqkVndMSRJcMseScmvYwnTc\" data-lark-html-role=\"root\" data-docx-has-block-data=\"false\">\n<div class=\"ace-line ace-line old-record-id-JoRkfpho8dOkiacEOascDyCOncb\">\n<div data-page-id=\"KJ7gfqkVndMSRJcMseScmvYwnTc\" data-lark-html-role=\"root\" data-docx-has-block-data=\"false\">\n<div data-page-id=\"Ju6ofQ3V4dGmePcVvJvc1gmcnZb\" data-lark-html-role=\"root\" data-docx-has-block-data=\"true\">\n<div data-page-id=\"PR9ife5PLdFabccbFgZcWgZOnTc\" data-lark-html-role=\"root\" data-docx-has-block-data=\"false\">\n<div data-page-id=\"INdrfOIGzdaenXcptrcc1BcznQc\" data-lark-html-role=\"root\" data-docx-has-block-data=\"false\">\n<div class=\"ace-line ace-line old-record-id-P0fIf4YaZdoGkbcxt5ackec2nnb\">\n<div data-page-id=\"INdrfOIGzdaenXcptrcc1BcznQc\" data-lark-html-role=\"root\" data-docx-has-block-data=\"false\">\n<div data-page-id=\"MAzCfUB73dMTQscm8eWcougVn1g\" data-lark-html-role=\"root\" data-docx-has-block-data=\"true\">\n<div data-page-id=\"AXfpf7H1odhDvGcKoUOcErN8nV7\" data-lark-html-role=\"root\" data-docx-has-block-data=\"false\">\n<div data-page-id=\"QYTKf5PvLdUNdbce2nBcW9yfnrh\" data-lark-html-role=\"root\" data-docx-has-block-data=\"false\">\n<div data-page-id=\"Pvu1f1CCBdxbjncA9pgcBTpanph\" data-lark-html-role=\"root\" data-docx-has-block-data=\"true\">\n<div data-page-id=\"Axf3fcmY8dDAhtcjVircBcphnPc\" data-lark-html-role=\"root\" data-docx-has-block-data=\"false\">\n<div data-page-id=\"KKj1f9SPmdLhhMc5E2AcNlLen6f\" data-lark-html-role=\"root\" data-docx-has-block-data=\"true\">\n<div data-page-id=\"Rx61fK1sJdXHjPcBuhZcweNhnwc\" data-lark-html-role=\"root\" data-docx-has-block-data=\"false\">\n<div data-page-id=\"L1H9fkG9Mdz45Fcy4WMc5VKXnRe\" data-lark-html-role=\"root\" data-docx-has-block-data=\"false\">\n<div data-page-id=\"L1H9fkG9Mdz45Fcy4WMc5VKXnRe\" data-lark-html-role=\"root\" data-docx-has-block-data=\"false\">\n<div data-page-id=\"D4XLfVBVrdE8mrcaYizczklLnaf\" data-lark-html-role=\"root\" data-docx-has-block-data=\"false\">\n<div data-page-id=\"WVcifIY44d5mhMcXtyEcTsfenGd\" data-lark-html-role=\"root\" data-docx-has-block-data=\"true\">\n<div data-page-id=\"LRknfa6Whd4DWCcUc0FcNKpJnyh\" data-lark-html-role=\"root\" data-docx-has-block-data=\"false\">\n<div data-page-id=\"LRknfa6Whd4DWCcUc0FcNKpJnyh\" data-lark-html-role=\"root\" data-docx-has-block-data=\"false\">\n<div data-page-id=\"XFRAfkcOEdRWh8cArQ2cJdyRnJf\" data-lark-html-role=\"root\" data-docx-has-block-data=\"true\">\n<div data-page-id=\"OQ3bfjnRddMTDGcC3ouc6xFKnWf\" data-lark-html-role=\"root\" data-docx-has-block-data=\"true\">\n<div data-page-id=\"J0iGfj1hEdjc4rcUdSmc4spMnmZ\" data-lark-html-role=\"root\" data-docx-has-block-data=\"false\">\n<div data-page-id=\"P1o7fFyNlduP8tcfZpQcagzbnIf\" data-lark-html-role=\"root\" data-docx-has-block-data=\"false\">\n<div class=\"ace-line ace-line old-record-id-P1o7fFyNlduP8tcfZpQcagzbnIf\">\n<div data-page-id=\"P1o7fFyNlduP8tcfZpQcagzbnIf\" data-lark-html-role=\"root\" data-docx-has-block-data=\"false\">\n<div data-page-id=\"U4iufW38SdttWKcTstMcTtHRnXc\" data-lark-html-role=\"root\" data-docx-has-block-data=\"true\">\n<div data-page-id=\"ONVMf7VTWddcFtcyATOchCJHnZb\" data-lark-html-role=\"root\" data-docx-has-block-data=\"true\">\n<div data-page-id=\"KoW2fSy0PdLHFlc5kSHcgvWMnYg\" data-lark-html-role=\"root\" data-docx-has-block-data=\"false\">\n<div data-page-id=\"KoW2fSy0PdLHFlc5kSHcgvWMnYg\" data-lark-html-role=\"root\" data-docx-has-block-data=\"false\">\n<div data-page-id=\"OLGhfzxC7d7EFIcLEj9cRT5ynZf\" data-lark-html-role=\"root\" data-docx-has-block-data=\"false\">\n<div data-page-id=\"DdnnfrLjzdqrFIc9Il9c7pA2noc\" data-lark-html-role=\"root\" data-docx-has-block-data=\"true\">\n<h2 class=\"ace-line ace-line old-record-id-DdnnfrLjzdqrFIc9Il9c7pA2noc\">VAPME GOAT 40000 Z\u00fcge: Ein umfassender Leitfaden zu Geschm\u00e4ckern und Funktionen<\/h2>\n<div class=\"ace-line ace-line old-record-id-BxLjfdHB4dD3S3c3vH4cZeomn6V\">F\u00fcr Dampfer, die ein langanhaltendes, geschmackvolles und vielseitiges Dampferlebnis suchen, sticht der VAPME GOAT 40000 Z\u00fcge als zuverl\u00e4ssige Wahl hervor. Dieses Einweg-Vape kombiniert einen robusten Akku, eine gro\u00dfz\u00fcgige E-Liquid-Kapazit\u00e4t und eine vielf\u00e4ltige Auswahl an Geschmacksprofilen, um verschiedenen Vorlieben gerecht zu werden. Im Folgenden finden Sie eine detaillierte \u00dcbersicht \u00fcber die wichtigsten Funktionen und Geschmacksoptionen.<\/div>\n<h3 class=\"heading-2 ace-line old-record-id-EeOhfd8uOdSZqEcrO0Vc53AFnRc\">Geschmacksoptionen: 10 verschiedene Profile zu entdecken<\/h3>\n<div class=\"ace-line ace-line old-record-id-KMujfNkzzdJqNWcGghMcMfCSneh\">Der VAPME GOAT 40000 Z\u00fcge bietet 10 sorgf\u00e4ltig abgestimmte Geschm\u00e4cker, die fruchtige Noten mit erfrischenden, eisigen Untert\u00f6nen kombinieren, um einen befriedigenden Zug zu gew\u00e4hrleisten. Egal, ob Sie die Einfachheit eines einzelnen Obstgeschmacks oder die Komplexit\u00e4t gemischter Fr\u00fcchte bevorzugen, es gibt einen Geschmack f\u00fcr jede Stimmung. Die vollst\u00e4ndige Geschmacks\u00fcbersicht finden Sie in der Tabelle unten:<\/div>\n<div>\n<table class=\"ace-table\" data-ace-table-col-widths=\"200;200\">\n<colgroup>\n<col width=\"200\" \/>\n<col width=\"200\" \/><\/colgroup>\n<thead>\n<tr>\n<th colspan=\"1\" rowspan=\"1\">\n<div class=\"ace-line ace-line old-record-id-DwzRf1jMndDKQIcxP9zcPTfrnCg\">Nein.<\/div>\n<\/th>\n<th colspan=\"1\" rowspan=\"1\">\n<div class=\"ace-line ace-line old-record-id-LK63fYpMpdsMu2czAk2crO4Xnhg\">Geschmacksname<\/div>\n<\/th>\n<\/tr>\n<\/thead>\n<tbody>\n<tr>\n<td colspan=\"1\" rowspan=\"1\">\n<div class=\"ace-line ace-line old-record-id-IOevfyYxid9M0Ec8xUlc0h16nyc\">1<\/div>\n<\/td>\n<td colspan=\"1\" rowspan=\"1\">\n<div class=\"ace-line ace-line old-record-id-Hifwfl0Dod6OtLcOC2vcrNs0nky\">Wassermelone Eis<\/div>\n<\/td>\n<\/tr>\n<tr>\n<td colspan=\"1\" rowspan=\"1\">\n<div class=\"ace-line ace-line old-record-id-HMgUfY5aHdHlOLccgrKcZNo7n0e\">2<\/div>\n<\/td>\n<td colspan=\"1\" rowspan=\"1\">\n<div class=\"ace-line ace-line old-record-id-UhoxfO9MHd4w60ceF6BcGeaknAg\">Gemischte Beeren<\/div>\n<\/td>\n<\/tr>\n<tr>\n<td colspan=\"1\" rowspan=\"1\">\n<div class=\"ace-line ace-line old-record-id-IpDqfgor0dYQ5bcPT1UcLYxmnKg\">3<\/div>\n<\/td>\n<td colspan=\"1\" rowspan=\"1\">\n<div class=\"ace-line ace-line old-record-id-ExbVfF6qTd1JkPcQNPOclHkJnRf\">Blaubeereis<\/div>\n<\/td>\n<\/tr>\n<tr>\n<td colspan=\"1\" rowspan=\"1\">\n<div class=\"ace-line ace-line old-record-id-F275fouHjd4vTMcfYRrcciPvnle\">4<\/div>\n<\/td>\n<td colspan=\"1\" rowspan=\"1\">\n<div class=\"ace-line ace-line old-record-id-J8A5fcowvdH22NcuuLXc3Nbxn5d\">Kirsche Eis<\/div>\n<\/td>\n<\/tr>\n<tr>\n<td colspan=\"1\" rowspan=\"1\">\n<div class=\"ace-line ace-line old-record-id-PvdNfccF0daaiCc8eZzcFaP8nNg\">5<\/div>\n<\/td>\n<td colspan=\"1\" rowspan=\"1\">\n<div class=\"ace-line ace-line old-record-id-RwDVfS1v0djCLrcsxoccwDu3njg\">Erdbeere Wassermelone<\/div>\n<\/td>\n<\/tr>\n<tr>\n<td colspan=\"1\" rowspan=\"1\">\n<div class=\"ace-line ace-line old-record-id-Ppwkfnp3UdbC4ZcVBm8cMhChnCf\">6<\/div>\n<\/td>\n<td colspan=\"1\" rowspan=\"1\">\n<div class=\"ace-line ace-line old-record-id-L1hffXWcHdwdSwcW9HxcuPuan8d\">Erdbeer Eis<\/div>\n<\/td>\n<\/tr>\n<tr>\n<td colspan=\"1\" rowspan=\"1\">\n<div class=\"ace-line ace-line old-record-id-UOcgfxz4rdoIdhc7vZrc9b6Pnof\">7<\/div>\n<\/td>\n<td colspan=\"1\" rowspan=\"1\">\n<div class=\"ace-line ace-line old-record-id-CfD0fztmDdUlhvclwltc51T3nNf\">Saftiger Pfirsich Eis<\/div>\n<\/td>\n<\/tr>\n<tr>\n<td colspan=\"1\" rowspan=\"1\">\n<div class=\"ace-line ace-line old-record-id-IhkXfKA0OdzuNtcScI6cAv7Tn5Q\">8<\/div>\n<\/td>\n<td colspan=\"1\" rowspan=\"1\">\n<div class=\"ace-line ace-line old-record-id-P9RifSbindwm7lc4Z87cn9Kyntf\">Blaubeere Himbeere<\/div>\n<\/td>\n<\/tr>\n<tr>\n<td colspan=\"1\" rowspan=\"1\">\n<div class=\"ace-line ace-line old-record-id-CC48fHXGcdzSjpc58O4cCHU9nUb\">9<\/div>\n<\/td>\n<td colspan=\"1\" rowspan=\"1\">\n<div class=\"ace-line ace-line old-record-id-LsN0f42qIdgVLBcm1XccONgdnDd\">Doppel-Apfel<\/div>\n<\/td>\n<\/tr>\n<tr>\n<td colspan=\"1\" rowspan=\"1\">\n<div class=\"ace-line ace-line old-record-id-DOayftU43dAm2McjgKUc7QkFnMX\">10<\/div>\n<\/td>\n<td colspan=\"1\" rowspan=\"1\">\n<div class=\"ace-line ace-line old-record-id-KfDAfAaBrdNbt9chlcicyAtQnWb\">Passionsfrucht-Melonen-Eis<\/div>\n<\/td>\n<\/tr>\n<\/tbody>\n<\/table>\n<\/div>\n<h4 class=\"heading-3 ace-line old-record-id-RU7KfiwEWda362cViGMcLqFknLg\">Hervorstechende Geschmacks-Highlights<\/h4>\n<div class=\"ace-line ace-line old-record-id-AXvcf3PAGddcr7cW9E7cZVdsnPe\">Jeder Geschmack in der Reihe bietet ein einzigartiges sensorisches Erlebnis. Watermelon Ice kombiniert beispielsweise s\u00fc\u00dfe, reife Wassermelonen-Noten mit einem k\u00fchlen, eisigen Finish, das mit jedem Zug erfrischt. Mixed Berries bietet eine lebendige Mischung aus verschiedenen Beeren und schafft einen kr\u00e4ftigen, fruchtigen Geschmack, der weder zu s\u00fc\u00df noch zu sauer ist. F\u00fcr diejenigen, die einen klassischen Obstgeschmack m\u00f6gen, bringt Double Apple einen reichen, authentischen Apfelgeschmack, der angenehm nachklingt. In der Zwischenzeit vereint Passionfruit Melon Ice die tropische Frische der Passionsfrucht mit der s\u00fc\u00dfen Cremigkeit der Melone, erg\u00e4nzt durch einen Hauch von Eis f\u00fcr eine zus\u00e4tzliche Erfrischung.<\/div>\n<h3 class=\"heading-2 ace-line old-record-id-EcYVfa97ZdKTYXcTIcFczQClnuf\">Kernfunktionen: Leistung und Komfort<\/h3>\n<h4 class=\"heading-3 ace-line old-record-id-BLVlfaVxrdcKHqcIoz5c86DVnMg\">Akku und Laden<\/h4>\n<div class=\"ace-line ace-line old-record-id-UjYpfGqfmdT4PNcQN5scy0glnwb\">Das Ger\u00e4t ist mit einem 850mAh-Akku ausgestattet, der sicherstellt, dass es alle 40000+ Z\u00fcge ohne h\u00e4ufiges Aufladen durchh\u00e4lt. Es verwendet einen Type-C-Anschluss zum Laden, der eine schnelle und bequeme Energieauffrischung erm\u00f6glicht. Das bedeutet, dass Sie den Akku bei Bedarf schnell aufladen k\u00f6nnen und im Handumdrehen wieder dampfen k\u00f6nnen.<\/div>\n<h4 class=\"heading-3 ace-line old-record-id-VlaMf6FfEdtiybcUYrjcQA5Cnyg\">E-Liquid-Kapazit\u00e4t und Coil<\/h4>\n<div class=\"ace-line ace-line old-record-id-FzlEfGBCQd9YCwcYfNqc6DBAnRf\">Mit einer E-Liquid-Kapazit\u00e4t von 30 ml entf\u00e4llt beim VAPME GOAT 40000 Z\u00fcge die Notwendigkeit f\u00fcr h\u00e4ufige Nachf\u00fcllungen, was es ideal f\u00fcr den Einsatz unterwegs macht. Es verf\u00fcgt \u00fcber eine 0,4 Ohm Mesh-Coil, die die Geschmacksabgabe verbessert und einen sanften Dampf erzeugt. Das Mesh-Coil-Design sorgt f\u00fcr eine gleichm\u00e4\u00dfige Erw\u00e4rmung, sodass Sie vom ersten bis zum letzten Zug den gleichen gro\u00dfartigen Geschmack erhalten.<\/div>\n<h4 class=\"heading-3 ace-line old-record-id-F6nKflIFrdKPY9cwuSAcp21ingg\">Nikotinalternativen und Dampfstile<\/h4>\n<div class=\"ace-line ace-line old-record-id-U9mCfJPWdd1ghBcZ59wc8rxZnLc\">Das Vape richtet sich an unterschiedliche Nikotinvoreinstellungen mit zwei Optionen: 0% und 2%. Dies macht es sowohl f\u00fcr nikotinfrei Nutzer als auch f\u00fcr diejenigen geeignet, die einen milden Nikotinkick bevorzugen. Dar\u00fcber hinaus unterst\u00fctzt es sowohl DTL (Direct to Lung) als auch MTL (Mouth to Lung) Dampfstile, sodass Sie Ihren Dampfstil je nach Vorliebe anpassen k\u00f6nnen. Der DTL-Modus liefert gr\u00f6\u00dfere Wolken f\u00fcr ein intensiveres Erlebnis, w\u00e4hrend der MTL-Modus das Gef\u00fchl des traditionellen Rauchens nachahmt, was ihn zu einer gro\u00dfartigen Wahl f\u00fcr neue Dampfer macht.<\/div>\n<h3 class=\"heading-2 ace-line old-record-id-T776fSvN9dL6ZYciIREc2rg1nGv\">Fazit<\/h3>\n<div class=\"ace-line ace-line old-record-id-R6cmftO4GdiNWKc5qYjcFGbFnjf\">\n<p>Das VAPME GOAT 40000 Z\u00fcge Einweg-Vape bietet eine perfekte Kombination aus Geschmacksvielfalt, Leistung und Komfort. Mit 10 k\u00f6stlichen Geschm\u00e4ckern, einem langlebigen Akku, einer gro\u00dfz\u00fcgigen E-Liquid-Kapazit\u00e4t und vielseitigen Dampfoptionen ist es eine gro\u00dfartige Wahl sowohl f\u00fcr gelegentliche als auch f\u00fcr regelm\u00e4\u00dfige Dampfer. Egal, ob Sie nach einer erfrischenden, eisigen Leckerei oder einem reichen Fruchtgeschmack suchen, dieses Vape hat etwas zu bieten.<\/p>\n<p><img decoding=\"async\" class=\"wp-image-4356 size-full\" title=\"VAPME GOAT 40000 Z\u00fcge\" src=\"https:\/\/oiovape.com\/wp-content\/uploads\/2026\/01\/VAPME-GOAT-40000-Puff-1.jpg\" alt=\"VAPME GOAT 40000 Z\u00fcge\" width=\"640\" height=\"360\" srcset=\"https:\/\/oiovape.com\/wp-content\/uploads\/2026\/01\/VAPME-GOAT-40000-Puff-1.jpg 640w, https:\/\/oiovape.com\/wp-content\/uploads\/2026\/01\/VAPME-GOAT-40000-Puff-1-300x169.jpg 300w, https:\/\/oiovape.com\/wp-content\/uploads\/2026\/01\/VAPME-GOAT-40000-Puff-1-150x84.jpg 150w\" sizes=\"(max-width: 640px) 100vw, 640px\" \/><\/p>\n<\/div>\n<\/div>\n<\/div>\n<\/div>\n<\/div>\n<\/div>\n<\/div>\n<\/div>\n<\/div>\n<\/div>\n<\/div>\n<\/div>\n<\/div>\n<\/div>\n<\/div>\n<\/div>\n<\/div>\n<\/div>\n<\/div>\n<\/div>\n<\/div>\n<\/div>\n<\/div>\n<\/div>\n<\/div>\n<\/div>\n<\/div>\n<\/div>\n<\/div>\n<\/div>\n<\/div>\n<\/div>\n<\/div>\n<\/div>\n<\/div>\n<\/div>\n<\/div>\n<\/div>\n<\/div>\n<\/div>\n<\/div>\n<\/div>\n<\/div>\n<\/div>\n<\/div>\n<\/div>\n<\/div>\n<\/div>\n<\/div>\n<\/div>","protected":false},"excerpt":{"rendered":"<div data-page-id=\"RAopf2sw9dtvw4cWYXpcTwo0n8g\" data-lark-html-role=\"root\" data-docx-has-block-data=\"false\">\n<div class=\"ace-line ace-line old-record-id-Uju9f3RXYd8dh2crAJbcBF3Un6M\">Der VAPME GOAT 40000 Puffs Einweg-Vape bietet 10 fruchtige, eisige Geschm\u00e4cker und eine Saftkapazit\u00e4t von 30 mL. Er wird von einem 850mAh Type-C Akku und einer 0,4\u03a9 Mesh-Spule betrieben, unterst\u00fctzt 0%\/2% Nikotin sowie DTL\/MTL Modi. Er liefert einen konstanten, langanhaltenden Geschmack f\u00fcr alle Dampfer.<\/div>\n<\/div>","protected":false},"featured_media":4345,"comment_status":"open","ping_status":"closed","template":"","meta":{"_acf_changed":false,"inline_featured_image":false,"_sitemap_exclude":false,"_sitemap_priority":"","_sitemap_frequency":""},"product_brand":[96],"product_cat":[81,239,244],"product_tag":[],"class_list":{"0":"post-4341","1":"product","2":"type-product","3":"status-publish","4":"has-post-thumbnail","6":"product_brand-vapme","7":"product_cat-vapme-puff","8":"product_cat-disposable-vape-collection","9":"product_cat-40k-puff","11":"first","12":"instock","13":"sale","14":"shipping-taxable","15":"purchasable","16":"product-type-variable","17":"has-default-attributes"},"acf":[],"tiered_pricing_type":"fixed","tiered_pricing_fixed_rules":{"30":9.03,"60":8.21,"100":7.67,"200":7.28},"tiered_pricing_product_settings":{"layout":"default","base_unit_name":{"singular":null,"plural":null},"default_variation":null},"tiered_pricing_minimum_quantity":10,"tiered_pricing_roles_data":[],"tiered_pricing_percentage_rules":[],"tiered_pricing_maximum_quantity":null,"tiered_pricing_quantity_step":"10","_links":{"self":[{"href":"https:\/\/oiovape.com\/de\/wp-json\/wp\/v2\/product\/4341","targetHints":{"allow":["GET"]}}],"collection":[{"href":"https:\/\/oiovape.com\/de\/wp-json\/wp\/v2\/product"}],"about":[{"href":"https:\/\/oiovape.com\/de\/wp-json\/wp\/v2\/types\/product"}],"replies":[{"embeddable":true,"href":"https:\/\/oiovape.com\/de\/wp-json\/wp\/v2\/comments?post=4341"}],"version-history":[{"count":0,"href":"https:\/\/oiovape.com\/de\/wp-json\/wp\/v2\/product\/4341\/revisions"}],"wp:featuredmedia":[{"embeddable":true,"href":"https:\/\/oiovape.com\/de\/wp-json\/wp\/v2\/media\/4345"}],"wp:attachment":[{"href":"https:\/\/oiovape.com\/de\/wp-json\/wp\/v2\/media?parent=4341"}],"wp:term":[{"taxonomy":"product_brand","embeddable":true,"href":"https:\/\/oiovape.com\/de\/wp-json\/wp\/v2\/product_brand?post=4341"},{"taxonomy":"product_cat","embeddable":true,"href":"https:\/\/oiovape.com\/de\/wp-json\/wp\/v2\/product_cat?post=4341"},{"taxonomy":"product_tag","embeddable":true,"href":"https:\/\/oiovape.com\/de\/wp-json\/wp\/v2\/product_tag?post=4341"}],"curies":[{"name":"wp","href":"https:\/\/api.w.org\/{rel}","templated":true}]}}