{"id":4465,"date":"2026-01-14T02:54:19","date_gmt":"2026-01-14T02:54:19","guid":{"rendered":"https:\/\/oiovape.com\/?post_type=product&#038;p=4465"},"modified":"2026-03-02T18:01:42","modified_gmt":"2026-03-02T10:01:42","slug":"vapme-crystal-48000-puffs","status":"publish","type":"product","link":"https:\/\/oiovape.com\/de\/product\/vapme-crystal-48000-puffs\/","title":{"rendered":"VAPME CRYSTAL 48000 Z\u00dcGE 2% Nikotin Smart Wiederaufladbare MTL Einweg-E-Zigarette"},"content":{"rendered":"<div data-page-id=\"ZVeMfq8uxd7y1ycuKm5cym4LnYd\" data-lark-html-role=\"root\" data-docx-has-block-data=\"false\">\n<div data-page-id=\"Fd41fZ5N9dzRQtcRNoVc2FuDnCh\" data-lark-html-role=\"root\" data-docx-has-block-data=\"true\">\n<div data-page-id=\"BdIJfeeijdk1eucGpS8cDCBBn5c\" data-lark-html-role=\"root\" data-docx-has-block-data=\"false\">\n<div data-page-id=\"Zbg9fWx77dUuh2cIYpic25c8nyd\" data-lark-html-role=\"root\" data-docx-has-block-data=\"false\">\n<div data-page-id=\"KaIvfiurhdlCKdc0kyxcX64cnE6\" data-lark-html-role=\"root\" data-docx-has-block-data=\"true\">\n<div data-page-id=\"PbvFfqxqlddUTScRpEYcY5MHnpf\" data-lark-html-role=\"root\" data-docx-has-block-data=\"true\">\n<div data-page-id=\"GZO2f5JeudwY4jc9iJtcdk9Hnxh\" data-lark-html-role=\"root\" data-docx-has-block-data=\"false\">\n<div data-page-id=\"EZVRf2acFduXLGcseZFc4qH2n6e\" data-lark-html-role=\"root\" data-docx-has-block-data=\"false\">\n<div data-page-id=\"B8rHfcqlqdzmH5cCWCncz17Cntb\" data-lark-html-role=\"root\" data-docx-has-block-data=\"false\">\n<div data-page-id=\"B8rHfcqlqdzmH5cCWCncz17Cntb\" data-lark-html-role=\"root\" data-docx-has-block-data=\"false\">\n<div data-page-id=\"B8rHfcqlqdzmH5cCWCncz17Cntb\" data-lark-html-role=\"root\" data-docx-has-block-data=\"true\">\n<div data-page-id=\"HM70f1aoxdD0bMcxJZBcVc7ynZd\" data-lark-html-role=\"root\" data-docx-has-block-data=\"false\">\n<div data-page-id=\"NSrJfN7Ord22i0c1iwZcsF8yn8b\" data-lark-html-role=\"root\" data-docx-has-block-data=\"false\">\n<div data-page-id=\"RXEff4Mskds8o1cqL5HcGEtUnCh\" data-lark-html-role=\"root\" data-docx-has-block-data=\"false\">\n<div data-page-id=\"KJ7gfqkVndMSRJcMseScmvYwnTc\" data-lark-html-role=\"root\" data-docx-has-block-data=\"false\">\n<div class=\"ace-line ace-line old-record-id-QADAfETPudgmudc05YvcTO5fnxe\">\n<div data-page-id=\"KJ7gfqkVndMSRJcMseScmvYwnTc\" data-lark-html-role=\"root\" data-docx-has-block-data=\"false\">\n<div class=\"ace-line ace-line old-record-id-JoRkfpho8dOkiacEOascDyCOncb\">\n<div data-page-id=\"KJ7gfqkVndMSRJcMseScmvYwnTc\" data-lark-html-role=\"root\" data-docx-has-block-data=\"false\">\n<div data-page-id=\"Ju6ofQ3V4dGmePcVvJvc1gmcnZb\" data-lark-html-role=\"root\" data-docx-has-block-data=\"true\">\n<div data-page-id=\"PR9ife5PLdFabccbFgZcWgZOnTc\" data-lark-html-role=\"root\" data-docx-has-block-data=\"false\">\n<div data-page-id=\"INdrfOIGzdaenXcptrcc1BcznQc\" data-lark-html-role=\"root\" data-docx-has-block-data=\"false\">\n<div class=\"ace-line ace-line old-record-id-P0fIf4YaZdoGkbcxt5ackec2nnb\">\n<div data-page-id=\"INdrfOIGzdaenXcptrcc1BcznQc\" data-lark-html-role=\"root\" data-docx-has-block-data=\"false\">\n<div data-page-id=\"MAzCfUB73dMTQscm8eWcougVn1g\" data-lark-html-role=\"root\" data-docx-has-block-data=\"true\">\n<div data-page-id=\"AXfpf7H1odhDvGcKoUOcErN8nV7\" data-lark-html-role=\"root\" data-docx-has-block-data=\"false\">\n<div data-page-id=\"QYTKf5PvLdUNdbce2nBcW9yfnrh\" data-lark-html-role=\"root\" data-docx-has-block-data=\"false\">\n<div data-page-id=\"Pvu1f1CCBdxbjncA9pgcBTpanph\" data-lark-html-role=\"root\" data-docx-has-block-data=\"true\">\n<div data-page-id=\"Axf3fcmY8dDAhtcjVircBcphnPc\" data-lark-html-role=\"root\" data-docx-has-block-data=\"false\">\n<div data-page-id=\"KKj1f9SPmdLhhMc5E2AcNlLen6f\" data-lark-html-role=\"root\" data-docx-has-block-data=\"true\">\n<div data-page-id=\"Rx61fK1sJdXHjPcBuhZcweNhnwc\" data-lark-html-role=\"root\" data-docx-has-block-data=\"false\">\n<div data-page-id=\"L1H9fkG9Mdz45Fcy4WMc5VKXnRe\" data-lark-html-role=\"root\" data-docx-has-block-data=\"false\">\n<div data-page-id=\"L1H9fkG9Mdz45Fcy4WMc5VKXnRe\" data-lark-html-role=\"root\" data-docx-has-block-data=\"false\">\n<div data-page-id=\"D4XLfVBVrdE8mrcaYizczklLnaf\" data-lark-html-role=\"root\" data-docx-has-block-data=\"false\">\n<div data-page-id=\"WVcifIY44d5mhMcXtyEcTsfenGd\" data-lark-html-role=\"root\" data-docx-has-block-data=\"true\">\n<div data-page-id=\"LRknfa6Whd4DWCcUc0FcNKpJnyh\" data-lark-html-role=\"root\" data-docx-has-block-data=\"false\">\n<div data-page-id=\"LRknfa6Whd4DWCcUc0FcNKpJnyh\" data-lark-html-role=\"root\" data-docx-has-block-data=\"false\">\n<div data-page-id=\"XFRAfkcOEdRWh8cArQ2cJdyRnJf\" data-lark-html-role=\"root\" data-docx-has-block-data=\"true\">\n<div data-page-id=\"OQ3bfjnRddMTDGcC3ouc6xFKnWf\" data-lark-html-role=\"root\" data-docx-has-block-data=\"true\">\n<div data-page-id=\"J0iGfj1hEdjc4rcUdSmc4spMnmZ\" data-lark-html-role=\"root\" data-docx-has-block-data=\"false\">\n<div data-page-id=\"P1o7fFyNlduP8tcfZpQcagzbnIf\" data-lark-html-role=\"root\" data-docx-has-block-data=\"false\">\n<div class=\"ace-line ace-line old-record-id-P1o7fFyNlduP8tcfZpQcagzbnIf\">\n<div data-page-id=\"P1o7fFyNlduP8tcfZpQcagzbnIf\" data-lark-html-role=\"root\" data-docx-has-block-data=\"false\">\n<div data-page-id=\"U4iufW38SdttWKcTstMcTtHRnXc\" data-lark-html-role=\"root\" data-docx-has-block-data=\"true\">\n<div data-page-id=\"ONVMf7VTWddcFtcyATOchCJHnZb\" data-lark-html-role=\"root\" data-docx-has-block-data=\"true\">\n<div data-page-id=\"KoW2fSy0PdLHFlc5kSHcgvWMnYg\" data-lark-html-role=\"root\" data-docx-has-block-data=\"false\">\n<div data-page-id=\"KoW2fSy0PdLHFlc5kSHcgvWMnYg\" data-lark-html-role=\"root\" data-docx-has-block-data=\"false\">\n<div data-page-id=\"OLGhfzxC7d7EFIcLEj9cRT5ynZf\" data-lark-html-role=\"root\" data-docx-has-block-data=\"false\">\n<div data-page-id=\"DdnnfrLjzdqrFIc9Il9c7pA2noc\" data-lark-html-role=\"root\" data-docx-has-block-data=\"true\">\n<div data-page-id=\"KNzcf2o0oddkJOcztTVcqPdlnth\" data-lark-html-role=\"root\" data-docx-has-block-data=\"false\">\n<div data-page-id=\"LBU7fg5SEdkWhecGJoxca3xvnCe\" data-lark-html-role=\"root\" data-docx-has-block-data=\"false\">\n<h2 data-start=\"1728\" data-end=\"1765\">Warum VAPME Crystal 48000 Z\u00fcge w\u00e4hlen? \u2705<\/h2>\n<h4 data-start=\"1767\" data-end=\"1798\">Langanhaltender Komfort<\/h4>\n<p data-start=\"1799\" data-end=\"1917\">Ein Ger\u00e4t ersetzt h\u00e4ufige Nachf\u00fcllungen und Einwegprodukte. Weniger Unterbrechungen bedeuten mehr Zeit, den Geschmack zu genie\u00dfen, den Sie m\u00f6gen.<\/p>\n<h4 data-start=\"1919\" data-end=\"1946\">Stabile Geschmacksabgabe<\/h4>\n<p data-start=\"1947\" data-end=\"2044\">Die Mesh-Spule sorgt f\u00fcr gleichm\u00e4\u00dfige Erw\u00e4rmung und h\u00e4lt den Geschmack konstant, anstatt ihn auf halbem Weg verblassen zu lassen.<\/p>\n<h4 data-start=\"2046\" data-end=\"2074\">Sanftes MTL-Erlebnis<\/h4>\n<p data-start=\"2075\" data-end=\"2181\">Entwickelt f\u00fcr kontrollierte Z\u00fcge, f\u00fchlt es sich f\u00fcr traditionelle Raucher vertraut an, bleibt dabei jedoch raffiniert und sauber.<\/p>\n<h4 data-start=\"2183\" data-end=\"2207\">Durchdachtes Design<\/h4>\n<p data-start=\"2208\" data-end=\"2314\">Type-C-Ladung, solide Akkulaufzeit und ein kristallklarer Finish verbinden Praktikabilit\u00e4t mit einem modernen Look \u2728.<\/p>\n<hr data-start=\"2316\" data-end=\"2319\" \/>\n<h3 data-start=\"2321\" data-end=\"2359\">Kernmerkmale auf einen Blick<\/h3>\n<ul data-start=\"540\" data-end=\"742\">\n<li data-start=\"540\" data-end=\"562\">\n<p data-start=\"542\" data-end=\"562\"><strong data-start=\"542\" data-end=\"552\">Z\u00fcge:<\/strong> 48000+<\/p>\n<\/li>\n<li data-start=\"563\" data-end=\"595\">\n<p data-start=\"565\" data-end=\"595\"><strong data-start=\"565\" data-end=\"587\">E-Liquid-Kapazit\u00e4t:<\/strong> 25 mL<\/p>\n<\/li>\n<li data-start=\"596\" data-end=\"642\">\n<p data-start=\"598\" data-end=\"642\"><strong data-start=\"598\" data-end=\"610\">Akku:<\/strong> 650 mAh, Type-C Schnellladung<\/p>\n<\/li>\n<li data-start=\"643\" data-end=\"674\">\n<p data-start=\"645\" data-end=\"674\"><strong data-start=\"645\" data-end=\"654\">Coil:<\/strong> 1,0 Ohm Mesh-Coil<\/p>\n<\/li>\n<li data-start=\"675\" data-end=\"704\">\n<p data-start=\"677\" data-end=\"704\"><strong data-start=\"677\" data-end=\"699\">Nikotinst\u00e4rke:<\/strong> 2%<\/p>\n<\/li>\n<li data-start=\"705\" data-end=\"742\">\n<p data-start=\"707\" data-end=\"742\"><strong data-start=\"707\" data-end=\"722\">Zugstil:<\/strong> MTL (Mund zu Lunge)<\/p>\n<\/li>\n<\/ul>\n<p data-start=\"744\" data-end=\"867\">Kompakt in der Hand, aber leistungsstark in der Leistung, eignet sich dieses Ger\u00e4t sowohl f\u00fcr den t\u00e4glichen Gebrauch als auch f\u00fcr lange Ausfl\u00fcge, bei denen Zuverl\u00e4ssigkeit z\u00e4hlt.<\/p>\n<hr data-start=\"869\" data-end=\"872\" \/>\n<h3 data-start=\"874\" data-end=\"931\">Geschmacksammlung \u2014 20 sorgf\u00e4ltig gestaltete Optionen \ud83c\udf53\u2744\ufe0f<\/h3>\n<p data-start=\"933\" data-end=\"1036\">Jeder Geschmack ist f\u00fcr Balance gemischt, vermeidet Sch\u00e4rfe und h\u00e4lt seinen Charakter klar und angenehm:<\/p>\n<ol data-start=\"1038\" data-end=\"1592\">\n<li data-start=\"1038\" data-end=\"1066\">\n<p data-start=\"1041\" data-end=\"1066\"><strong data-start=\"1041\" data-end=\"1064\">Blaubeere Himbeere<\/strong><\/p>\n<\/li>\n<li data-start=\"1067\" data-end=\"1107\">\n<p data-start=\"1070\" data-end=\"1107\"><strong data-start=\"1070\" data-end=\"1105\">Erdbeer-Wassermelonen-Kaugummi<\/strong><\/p>\n<\/li>\n<li data-start=\"1108\" data-end=\"1143\">\n<p data-start=\"1111\" data-end=\"1143\"><strong data-start=\"1111\" data-end=\"1141\">Erdbeer-Himbeer-Bonbon<\/strong><\/p>\n<\/li>\n<li data-start=\"1144\" data-end=\"1174\">\n<p data-start=\"1147\" data-end=\"1174\"><strong data-start=\"1147\" data-end=\"1172\">Pfirsich Mango Ananas<\/strong><\/p>\n<\/li>\n<li data-start=\"1175\" data-end=\"1198\">\n<p data-start=\"1178\" data-end=\"1198\"><strong data-start=\"1178\" data-end=\"1196\">Wassermelone Eis<\/strong><\/p>\n<\/li>\n<li data-start=\"1199\" data-end=\"1218\">\n<p data-start=\"1202\" data-end=\"1218\"><strong data-start=\"1202\" data-end=\"1216\">Kirsche Eis<\/strong><\/p>\n<\/li>\n<li data-start=\"1219\" data-end=\"1250\">\n<p data-start=\"1222\" data-end=\"1250\"><strong data-start=\"1222\" data-end=\"1248\">Passionsfrucht-Melonen-Eis<\/strong><\/p>\n<\/li>\n<li data-start=\"1251\" data-end=\"1283\">\n<p data-start=\"1254\" data-end=\"1283\"><strong data-start=\"1254\" data-end=\"1281\">Kiwi Passionsfrucht Guave<\/strong><\/p>\n<\/li>\n<li data-start=\"1284\" data-end=\"1307\">\n<p data-start=\"1287\" data-end=\"1307\"><strong data-start=\"1287\" data-end=\"1305\">Erdbeer Eis<\/strong><\/p>\n<\/li>\n<li data-start=\"1308\" data-end=\"1327\">\n<p data-start=\"1312\" data-end=\"1327\"><strong data-start=\"1312\" data-end=\"1325\">Pfirsich Eis<\/strong><\/p>\n<\/li>\n<li data-start=\"1328\" data-end=\"1356\">\n<p data-start=\"1332\" data-end=\"1356\"><strong data-start=\"1332\" data-end=\"1354\">Blue Razz Lemonade<\/strong><\/p>\n<\/li>\n<li data-start=\"1357\" data-end=\"1382\">\n<p data-start=\"1361\" data-end=\"1382\"><strong data-start=\"1361\" data-end=\"1380\">Erdbeere Kiwi<\/strong><\/p>\n<\/li>\n<li data-start=\"1383\" data-end=\"1405\">\n<p data-start=\"1387\" data-end=\"1405\"><strong data-start=\"1387\" data-end=\"1403\">Energydrink<\/strong><\/p>\n<\/li>\n<li data-start=\"1406\" data-end=\"1427\">\n<p data-start=\"1410\" data-end=\"1427\"><strong data-start=\"1410\" data-end=\"1425\">Kirsch-Cola<\/strong><\/p>\n<\/li>\n<li data-start=\"1428\" data-end=\"1455\">\n<p data-start=\"1432\" data-end=\"1455\"><strong data-start=\"1432\" data-end=\"1453\">Gemischte Beeren Eis<\/strong><\/p>\n<\/li>\n<li data-start=\"1456\" data-end=\"1492\">\n<p data-start=\"1460\" data-end=\"1492\"><strong data-start=\"1460\" data-end=\"1490\">Blaubeere Cranberry Kirsche<\/strong><\/p>\n<\/li>\n<li data-start=\"1493\" data-end=\"1522\">\n<p data-start=\"1497\" data-end=\"1522\"><strong data-start=\"1497\" data-end=\"1520\">Wassermelone Kiwi Eis<\/strong><\/p>\n<\/li>\n<li data-start=\"1523\" data-end=\"1545\">\n<p data-start=\"1527\" data-end=\"1545\"><strong data-start=\"1527\" data-end=\"1543\">Kirschbeere<\/strong><\/p>\n<\/li>\n<li data-start=\"1546\" data-end=\"1576\">\n<p data-start=\"1550\" data-end=\"1576\"><strong data-start=\"1550\" data-end=\"1574\">Tropischer Fruchtpunsch<\/strong><\/p>\n<\/li>\n<li data-start=\"1577\" data-end=\"1592\">\n<p data-start=\"1581\" data-end=\"1592\"><strong data-start=\"1581\" data-end=\"1592\">Mr. Blue<\/strong><\/p>\n<\/li>\n<\/ol>\n<p data-start=\"1594\" data-end=\"1721\">Von eisiger Frische \u00fcber s\u00fc\u00dfe Bonbons bis hin zu klassischen Getr\u00e4nkeinspirationen deckt die Auswahl jede Stimmung ab, ohne sich zu wiederholen.<\/p>\n<p><img decoding=\"async\" class=\"wp-image-4477 size-full\" title=\"VAPME CRYSTAL 48000_09\" src=\"https:\/\/oiovape.com\/wp-content\/uploads\/2026\/01\/VAPME-CRYSTAL-48000_09-scaled.jpg\" alt=\"VAPME CRYSTAL 48000_09\" width=\"909\" height=\"2560\" srcset=\"https:\/\/oiovape.com\/wp-content\/uploads\/2026\/01\/VAPME-CRYSTAL-48000_09-scaled.jpg 909w, https:\/\/oiovape.com\/wp-content\/uploads\/2026\/01\/VAPME-CRYSTAL-48000_09-107x300.jpg 107w, https:\/\/oiovape.com\/wp-content\/uploads\/2026\/01\/VAPME-CRYSTAL-48000_09-364x1024.jpg 364w, https:\/\/oiovape.com\/wp-content\/uploads\/2026\/01\/VAPME-CRYSTAL-48000_09-768x2163.jpg 768w, https:\/\/oiovape.com\/wp-content\/uploads\/2026\/01\/VAPME-CRYSTAL-48000_09-545x1536.jpg 545w, https:\/\/oiovape.com\/wp-content\/uploads\/2026\/01\/VAPME-CRYSTAL-48000_09-727x2048.jpg 727w, https:\/\/oiovape.com\/wp-content\/uploads\/2026\/01\/VAPME-CRYSTAL-48000_09-4x12.jpg 4w, https:\/\/oiovape.com\/wp-content\/uploads\/2026\/01\/VAPME-CRYSTAL-48000_09-1200x3380.jpg 1200w, https:\/\/oiovape.com\/wp-content\/uploads\/2026\/01\/VAPME-CRYSTAL-48000_09-150x423.jpg 150w\" sizes=\"(max-width: 909px) 100vw, 909px\" \/><\/p>\n<hr data-start=\"2316\" data-end=\"2319\" \/>\n<h3 data-start=\"2321\" data-end=\"2359\">Ein t\u00e4glicher Vape, der m\u00fchelos wirkt<\/h3>\n<p data-start=\"2361\" data-end=\"2604\">Egal, ob Sie fruchtige Mischungen, eisige Noten oder soda\u00e4hnliche Geschm\u00e4cker bevorzugen, der VAPME Crystal 48000 passt sich leicht an Ihre Routine an. Er konzentriert sich auf das, was am wichtigsten ist: zuverl\u00e4ssige Leistung, reinen Geschmack und einen sanften Zug \u2013 nichts \u00dcberfl\u00fcssiges, nichts fehlt.<\/p>\n<\/div>\n<\/div>\n<\/div>\n<\/div>\n<\/div>\n<\/div>\n<\/div>\n<\/div>\n<\/div>\n<\/div>\n<\/div>\n<\/div>\n<\/div>\n<\/div>\n<\/div>\n<\/div>\n<\/div>\n<\/div>\n<\/div>\n<\/div>\n<\/div>\n<\/div>\n<\/div>\n<\/div>\n<\/div>\n<\/div>\n<\/div>\n<\/div>\n<\/div>\n<\/div>\n<\/div>\n<\/div>\n<\/div>\n<\/div>\n<\/div>\n<\/div>\n<\/div>\n<\/div>\n<\/div>\n<\/div>\n<\/div>\n<\/div>\n<\/div>\n<\/div>\n<\/div>\n<\/div>\n<\/div>\n<\/div>\n<\/div>\n<\/div>\n<\/div>","protected":false},"excerpt":{"rendered":"<div data-page-id=\"RAopf2sw9dtvw4cWYXpcTwo0n8g\" data-lark-html-role=\"root\" data-docx-has-block-data=\"false\">\n<div class=\"ace-line ace-line old-record-id-Uju9f3RXYd8dh2crAJbcBF3Un6M\">VAPME Crystal 48000 Z\u00fcge kombiniert langanhaltende Leistung mit einer reichen Geschmacksvielfalt. Mit einer E-Liquid-Kapazit\u00e4t von 25 mL, einem 650 mAh Type-C wiederaufladbaren Akku und einer 1,0 Ohm Mesh-Spule liefert es einen konsistenten Geschmack und sanfte MTL-Z\u00fcge. Zwanzig gut ausgewogene Geschm\u00e4cker und 2% Nikotin machen es ideal f\u00fcr das t\u00e4gliche, m\u00fchelose Dampfen.<\/div>\n<\/div>","protected":false},"featured_media":4467,"comment_status":"open","ping_status":"closed","template":"","meta":{"_acf_changed":false,"inline_featured_image":false,"_sitemap_exclude":false,"_sitemap_priority":"","_sitemap_frequency":""},"product_brand":[96],"product_cat":[81],"product_tag":[],"class_list":{"0":"post-4465","1":"product","2":"type-product","3":"status-publish","4":"has-post-thumbnail","6":"product_brand-vapme","7":"product_cat-vapme-puff","9":"first","10":"instock","11":"sale","12":"shipping-taxable","13":"purchasable","14":"product-type-variable","15":"has-default-attributes"},"acf":[],"tiered_pricing_type":"fixed","tiered_pricing_fixed_rules":{"30":8.3,"60":7.49,"100":7.05,"200":6.56},"tiered_pricing_product_settings":{"layout":"default","base_unit_name":{"singular":null,"plural":null},"default_variation":null},"tiered_pricing_minimum_quantity":10,"tiered_pricing_roles_data":[],"tiered_pricing_percentage_rules":[],"tiered_pricing_maximum_quantity":null,"tiered_pricing_quantity_step":"10","_links":{"self":[{"href":"https:\/\/oiovape.com\/de\/wp-json\/wp\/v2\/product\/4465","targetHints":{"allow":["GET"]}}],"collection":[{"href":"https:\/\/oiovape.com\/de\/wp-json\/wp\/v2\/product"}],"about":[{"href":"https:\/\/oiovape.com\/de\/wp-json\/wp\/v2\/types\/product"}],"replies":[{"embeddable":true,"href":"https:\/\/oiovape.com\/de\/wp-json\/wp\/v2\/comments?post=4465"}],"version-history":[{"count":0,"href":"https:\/\/oiovape.com\/de\/wp-json\/wp\/v2\/product\/4465\/revisions"}],"wp:featuredmedia":[{"embeddable":true,"href":"https:\/\/oiovape.com\/de\/wp-json\/wp\/v2\/media\/4467"}],"wp:attachment":[{"href":"https:\/\/oiovape.com\/de\/wp-json\/wp\/v2\/media?parent=4465"}],"wp:term":[{"taxonomy":"product_brand","embeddable":true,"href":"https:\/\/oiovape.com\/de\/wp-json\/wp\/v2\/product_brand?post=4465"},{"taxonomy":"product_cat","embeddable":true,"href":"https:\/\/oiovape.com\/de\/wp-json\/wp\/v2\/product_cat?post=4465"},{"taxonomy":"product_tag","embeddable":true,"href":"https:\/\/oiovape.com\/de\/wp-json\/wp\/v2\/product_tag?post=4465"}],"curies":[{"name":"wp","href":"https:\/\/api.w.org\/{rel}","templated":true}]}}