{"id":5131,"date":"2026-01-15T08:21:21","date_gmt":"2026-01-15T08:21:21","guid":{"rendered":"https:\/\/oiovape.com\/?post_type=product&#038;p=5131"},"modified":"2026-04-13T14:10:50","modified_gmt":"2026-04-13T06:10:50","slug":"airmez-randm-tornado-25000-puffs","status":"publish","type":"product","link":"https:\/\/oiovape.com\/de\/product\/airmez-randm-tornado-25000-puffs\/","title":{"rendered":"Airmez RandM Tornado 25000 PUFFS 5% Nikotin Mesh Coil Wiederaufladbare Einweg-E-Zigarette"},"content":{"rendered":"<div data-page-id=\"ZVeMfq8uxd7y1ycuKm5cym4LnYd\" data-lark-html-role=\"root\" data-docx-has-block-data=\"false\">\n<div data-page-id=\"Fd41fZ5N9dzRQtcRNoVc2FuDnCh\" data-lark-html-role=\"root\" data-docx-has-block-data=\"true\">\n<div data-page-id=\"BdIJfeeijdk1eucGpS8cDCBBn5c\" data-lark-html-role=\"root\" data-docx-has-block-data=\"false\">\n<div data-page-id=\"Zbg9fWx77dUuh2cIYpic25c8nyd\" data-lark-html-role=\"root\" data-docx-has-block-data=\"false\">\n<div data-page-id=\"KaIvfiurhdlCKdc0kyxcX64cnE6\" data-lark-html-role=\"root\" data-docx-has-block-data=\"true\">\n<div data-page-id=\"PbvFfqxqlddUTScRpEYcY5MHnpf\" data-lark-html-role=\"root\" data-docx-has-block-data=\"true\">\n<div data-page-id=\"GZO2f5JeudwY4jc9iJtcdk9Hnxh\" data-lark-html-role=\"root\" data-docx-has-block-data=\"false\">\n<div data-page-id=\"EZVRf2acFduXLGcseZFc4qH2n6e\" data-lark-html-role=\"root\" data-docx-has-block-data=\"false\">\n<div data-page-id=\"B8rHfcqlqdzmH5cCWCncz17Cntb\" data-lark-html-role=\"root\" data-docx-has-block-data=\"false\">\n<div data-page-id=\"B8rHfcqlqdzmH5cCWCncz17Cntb\" data-lark-html-role=\"root\" data-docx-has-block-data=\"false\">\n<div data-page-id=\"B8rHfcqlqdzmH5cCWCncz17Cntb\" data-lark-html-role=\"root\" data-docx-has-block-data=\"true\">\n<div data-page-id=\"HM70f1aoxdD0bMcxJZBcVc7ynZd\" data-lark-html-role=\"root\" data-docx-has-block-data=\"false\">\n<div data-page-id=\"NSrJfN7Ord22i0c1iwZcsF8yn8b\" data-lark-html-role=\"root\" data-docx-has-block-data=\"false\">\n<div data-page-id=\"RXEff4Mskds8o1cqL5HcGEtUnCh\" data-lark-html-role=\"root\" data-docx-has-block-data=\"false\">\n<div data-page-id=\"KJ7gfqkVndMSRJcMseScmvYwnTc\" data-lark-html-role=\"root\" data-docx-has-block-data=\"false\">\n<div class=\"ace-line ace-line old-record-id-QADAfETPudgmudc05YvcTO5fnxe\">\n<div data-page-id=\"KJ7gfqkVndMSRJcMseScmvYwnTc\" data-lark-html-role=\"root\" data-docx-has-block-data=\"false\">\n<div class=\"ace-line ace-line old-record-id-JoRkfpho8dOkiacEOascDyCOncb\">\n<div data-page-id=\"KJ7gfqkVndMSRJcMseScmvYwnTc\" data-lark-html-role=\"root\" data-docx-has-block-data=\"false\">\n<div data-page-id=\"Ju6ofQ3V4dGmePcVvJvc1gmcnZb\" data-lark-html-role=\"root\" data-docx-has-block-data=\"true\">\n<div data-page-id=\"PR9ife5PLdFabccbFgZcWgZOnTc\" data-lark-html-role=\"root\" data-docx-has-block-data=\"false\">\n<div data-page-id=\"INdrfOIGzdaenXcptrcc1BcznQc\" data-lark-html-role=\"root\" data-docx-has-block-data=\"false\">\n<div class=\"ace-line ace-line old-record-id-P0fIf4YaZdoGkbcxt5ackec2nnb\">\n<div data-page-id=\"INdrfOIGzdaenXcptrcc1BcznQc\" data-lark-html-role=\"root\" data-docx-has-block-data=\"false\">\n<div data-page-id=\"MAzCfUB73dMTQscm8eWcougVn1g\" data-lark-html-role=\"root\" data-docx-has-block-data=\"true\">\n<div data-page-id=\"AXfpf7H1odhDvGcKoUOcErN8nV7\" data-lark-html-role=\"root\" data-docx-has-block-data=\"false\">\n<div data-page-id=\"QYTKf5PvLdUNdbce2nBcW9yfnrh\" data-lark-html-role=\"root\" data-docx-has-block-data=\"false\">\n<div data-page-id=\"Pvu1f1CCBdxbjncA9pgcBTpanph\" data-lark-html-role=\"root\" data-docx-has-block-data=\"true\">\n<div data-page-id=\"Axf3fcmY8dDAhtcjVircBcphnPc\" data-lark-html-role=\"root\" data-docx-has-block-data=\"false\">\n<div data-page-id=\"KKj1f9SPmdLhhMc5E2AcNlLen6f\" data-lark-html-role=\"root\" data-docx-has-block-data=\"true\">\n<div data-page-id=\"Rx61fK1sJdXHjPcBuhZcweNhnwc\" data-lark-html-role=\"root\" data-docx-has-block-data=\"false\">\n<div data-page-id=\"L1H9fkG9Mdz45Fcy4WMc5VKXnRe\" data-lark-html-role=\"root\" data-docx-has-block-data=\"false\">\n<div data-page-id=\"L1H9fkG9Mdz45Fcy4WMc5VKXnRe\" data-lark-html-role=\"root\" data-docx-has-block-data=\"false\">\n<div data-page-id=\"D4XLfVBVrdE8mrcaYizczklLnaf\" data-lark-html-role=\"root\" data-docx-has-block-data=\"false\">\n<div data-page-id=\"WVcifIY44d5mhMcXtyEcTsfenGd\" data-lark-html-role=\"root\" data-docx-has-block-data=\"true\">\n<div data-page-id=\"LRknfa6Whd4DWCcUc0FcNKpJnyh\" data-lark-html-role=\"root\" data-docx-has-block-data=\"false\">\n<div data-page-id=\"LRknfa6Whd4DWCcUc0FcNKpJnyh\" data-lark-html-role=\"root\" data-docx-has-block-data=\"false\">\n<div data-page-id=\"XFRAfkcOEdRWh8cArQ2cJdyRnJf\" data-lark-html-role=\"root\" data-docx-has-block-data=\"true\">\n<div data-page-id=\"OQ3bfjnRddMTDGcC3ouc6xFKnWf\" data-lark-html-role=\"root\" data-docx-has-block-data=\"true\">\n<div data-page-id=\"J0iGfj1hEdjc4rcUdSmc4spMnmZ\" data-lark-html-role=\"root\" data-docx-has-block-data=\"false\">\n<div data-page-id=\"P1o7fFyNlduP8tcfZpQcagzbnIf\" data-lark-html-role=\"root\" data-docx-has-block-data=\"false\">\n<div class=\"ace-line ace-line old-record-id-P1o7fFyNlduP8tcfZpQcagzbnIf\">\n<div data-page-id=\"P1o7fFyNlduP8tcfZpQcagzbnIf\" data-lark-html-role=\"root\" data-docx-has-block-data=\"false\">\n<div data-page-id=\"U4iufW38SdttWKcTstMcTtHRnXc\" data-lark-html-role=\"root\" data-docx-has-block-data=\"true\">\n<div data-page-id=\"ONVMf7VTWddcFtcyATOchCJHnZb\" data-lark-html-role=\"root\" data-docx-has-block-data=\"true\">\n<div data-page-id=\"KoW2fSy0PdLHFlc5kSHcgvWMnYg\" data-lark-html-role=\"root\" data-docx-has-block-data=\"false\">\n<div data-page-id=\"KoW2fSy0PdLHFlc5kSHcgvWMnYg\" data-lark-html-role=\"root\" data-docx-has-block-data=\"false\">\n<div data-page-id=\"OLGhfzxC7d7EFIcLEj9cRT5ynZf\" data-lark-html-role=\"root\" data-docx-has-block-data=\"false\">\n<div data-page-id=\"DdnnfrLjzdqrFIc9Il9c7pA2noc\" data-lark-html-role=\"root\" data-docx-has-block-data=\"true\">\n<div data-page-id=\"KNzcf2o0oddkJOcztTVcqPdlnth\" data-lark-html-role=\"root\" data-docx-has-block-data=\"false\">\n<div data-page-id=\"LBU7fg5SEdkWhecGJoxca3xvnCe\" data-lark-html-role=\"root\" data-docx-has-block-data=\"false\">\n<div data-page-id=\"EB70fooS3d69bMcgWB7c5qb9n8g\" data-lark-html-role=\"root\" data-docx-has-block-data=\"false\">\n<h2 data-path-to-node=\"0\">Airmez RandM Tornado 25000 Puffs: Die Legende kehrt zur\u00fcck, wecken Sie Ihr Geschmacksknospen-Karussell<\/h2>\n<p data-path-to-node=\"1\">Das Biest ist vollst\u00e4ndig erwacht! Ertragen Sie immer noch h\u00e4ufiges Aufladen und fade, geschmacklose traditionelle Ger\u00e4te? Der <b data-path-to-node=\"1\" data-index-in-node=\"125\">Airmez Tornado 25000<\/b> <strong>Z\u00fcge<\/strong> st\u00fcrmt auf die B\u00fchne, perfekt legend\u00e4re ultimative Leistung mit Airmez's erstklassiger Qualit\u00e4tskontrolle verbindend. Mit dem ikonischen <b data-path-to-node=\"1\" data-index-in-node=\"281\">Street-Art Monkey<\/b> Grafik und einem atemberaubenden <b data-path-to-node=\"1\" data-index-in-node=\"324\">25ml Jumbo-Tank<\/b>\u2014ist das wirklich nur eine Einweg-Vape? Nein, es ist eine Modeerkl\u00e4rung direkt in Ihrer Hand!<\/p>\n<p data-path-to-node=\"2\">Drehen Sie die Basis, um sofort \u00fcberw\u00e4ltigende Kraft freizuschalten. Dank des einzigartigen <b data-path-to-node=\"2\" data-index-in-node=\"71\">360\u00b0 Panorama-Luftstromsystem<\/b>, m\u00f6chten Sie einen straffen, raffinierten Zug oder den Nervenkitzel, massive Wolken zu jagen? Sie haben die volle Kontrolle!<\/p>\n<p><img decoding=\"async\" class=\"alignnone wp-image-8248 size-full\" title=\"Airmez RandM Tornado 25K Vape\" src=\"https:\/\/oiovape.com\/wp-content\/uploads\/2026\/04\/Airmez-RandM-Tornado-25K-Vape.jpg\" alt=\"Airmez RandM Tornado 25K Vape\" width=\"1759\" height=\"733\" srcset=\"https:\/\/oiovape.com\/wp-content\/uploads\/2026\/04\/Airmez-RandM-Tornado-25K-Vape.jpg 1759w, https:\/\/oiovape.com\/wp-content\/uploads\/2026\/04\/Airmez-RandM-Tornado-25K-Vape-300x125.jpg 300w, https:\/\/oiovape.com\/wp-content\/uploads\/2026\/04\/Airmez-RandM-Tornado-25K-Vape-1024x427.jpg 1024w, https:\/\/oiovape.com\/wp-content\/uploads\/2026\/04\/Airmez-RandM-Tornado-25K-Vape-768x320.jpg 768w, https:\/\/oiovape.com\/wp-content\/uploads\/2026\/04\/Airmez-RandM-Tornado-25K-Vape-1536x640.jpg 1536w, https:\/\/oiovape.com\/wp-content\/uploads\/2026\/04\/Airmez-RandM-Tornado-25K-Vape-18x8.jpg 18w, https:\/\/oiovape.com\/wp-content\/uploads\/2026\/04\/Airmez-RandM-Tornado-25K-Vape-1200x500.jpg 1200w, https:\/\/oiovape.com\/wp-content\/uploads\/2026\/04\/Airmez-RandM-Tornado-25K-Vape-150x63.jpg 150w\" sizes=\"(max-width: 1759px) 100vw, 1759px\" \/><\/p>\n<h2 data-path-to-node=\"3\">\ud83d\udd25 Hardcore Core Features: Definieren Sie das ultimative Vaping-Erlebnis<\/h2>\n<p data-path-to-node=\"4\">\ud83c\udf2a\ufe0f <b data-path-to-node=\"4\" data-index-in-node=\"4\">360\u00b0 stufenlose Luftstromregelung:<\/b> Machen Sie sich immer noch Sorgen, dass Sie den richtigen Zug nicht finden? Das pr\u00e4zise Luftstromkontrollsystem am Boden liegt direkt in Ihren Fingerspitzen. Drehen Sie einfach den unteren mechanischen Ring, um Ihre Luftzufuhr fein abzustimmen. Jeder Atemzug passt perfekt zu Ihrem exklusiven Rhythmus.<\/p>\n<p data-path-to-node=\"5\">\ud83d\udc35 <b data-path-to-node=\"5\" data-index-in-node=\"3\">Ikonisches Affen-Sammlerst\u00fcck-Design:<\/b> M\u00fcde von demselben alten monotonen Look? Wir haben die weltweit beliebte \u201cBored Ape\u201d-Stil-Stra\u00dfengraffiti direkt auf das Ger\u00e4t gebracht! Jeder Geschmack entspricht einer einzigartigen, ultra-coolen Affen-Grafik. Es zu halten ist nicht nur zum Dampfen; es ist ein auff\u00e4lliges Modeaccessoire.<\/p>\n<p data-path-to-node=\"6\">\ud83d\udd0b <b data-path-to-node=\"6\" data-index-in-node=\"3\">850mAh starke Leistung &amp; Type-C Schnellladen:<\/b> Machen Sie sich immer noch Sorgen, dass der Akku leer wird, wenn Sie unterwegs sind? Der 850mAh-Hochleistungs-Akku bietet zuverl\u00e4ssige Ausdauer den ganzen Tag \u00fcber. Gepaart mit einem blitzschnellen Type-C-Anschluss, k\u00f6nnen Sie in k\u00fcrzester Zeit wieder volle Leistung erreichen. Wer sagt, dass gro\u00dfe Kapazit\u00e4t bedeutet, die Unannehmlichkeit eines leeren Akkus zu ertragen?<\/p>\n<p data-path-to-node=\"7\">\ud83e\uddea <b data-path-to-node=\"7\" data-index-in-node=\"3\">25ML Jumbo-Kapazit\u00e4t (atemberaubende 25.000 Z\u00fcge):<\/b> Zu viel Aufwand, Ger\u00e4te h\u00e4ufig zu wechseln? Volle 25ml hochwertige vorgef\u00fcllte E-Fl\u00fcssigkeit entsperren atemberaubende 25.000 Z\u00fcge lang anhaltender Freude. Gepaart mit fortschrittlicher <b data-path-to-node=\"7\" data-index-in-node=\"215\">Mesh-Coil<\/b> Technologie, stellt es sicher, dass vom ersten bis zum letzten Zug der Geschmack so reich und mild wie Liebe auf den ersten Blick bleibt, absolut ohne Brandgeschmack!<\/p>\n<h3 data-path-to-node=\"8\">\u2699\ufe0f Kern-Ger\u00e4tespezifikationen auf einen Blick<\/h3>\n<ul data-path-to-node=\"9\">\n<li>\n<p data-path-to-node=\"9,0,0\"><b data-path-to-node=\"9,0,0\" data-index-in-node=\"0\">Modell:<\/b> Airmez Tornado 25000<\/p>\n<\/li>\n<li>\n<p data-path-to-node=\"9,1,0\"><b data-path-to-node=\"9,1,0\" data-index-in-node=\"0\">E-Liquid-Kapazit\u00e4t:<\/b> 25ml (Extra-gro\u00dfe vorgef\u00fcllte)<\/p>\n<\/li>\n<li>\n<p data-path-to-node=\"9,2,0\"><b data-path-to-node=\"9,2,0\" data-index-in-node=\"0\">Batteriekapazit\u00e4t:<\/b> 850 mAh (Wiederaufladbar mit schnellem Laden unterst\u00fctzt)<\/p>\n<\/li>\n<li>\n<p data-path-to-node=\"9,3,0\"><b data-path-to-node=\"9,3,0\" data-index-in-node=\"0\">Verf\u00fcgbar in 0%, 2% und 5%<\/b> USB Typ-C<\/p>\n<\/li>\n<li>\n<p data-path-to-node=\"9,4,0\"><b data-path-to-node=\"9,4,0\" data-index-in-node=\"0\">Luftstromkontrolle:<\/b> Unten 360\u00b0 stufenlos verstellbar<\/p>\n<\/li>\n<li>\n<p data-path-to-node=\"9,5,0\"><b data-path-to-node=\"9,5,0\" data-index-in-node=\"0\">Kernkomponente:<\/b> 0,9\u03a9 Premium Mesh Coil<\/p>\n<\/li>\n<\/ul>\n<h3 data-path-to-node=\"10\">\ud83c\udf49 15 Himmlisches Geschmacksmen\u00fc<\/h3>\n<ul data-path-to-node=\"11\">\n<li>\n<p data-path-to-node=\"11,0,0\">\ud83c\udf47\ud83e\uddca Trauben Eis<\/p>\n<\/li>\n<li>\n<p data-path-to-node=\"11,1,0\">\ud83e\uded0\ud83e\uddca Blaubeere auf Eis<\/p>\n<\/li>\n<li>\n<p data-path-to-node=\"11,2,0\">\ud83c\udf53\ud83e\uddca Erdbeere Eis<\/p>\n<\/li>\n<li>\n<p data-path-to-node=\"11,3,0\">\ud83c\udf49\ud83e\uddca Saftiges Eis<\/p>\n<\/li>\n<li>\n<p data-path-to-node=\"11,4,0\">\ud83c\udf51\ud83e\uddca Pfirsich Eis<\/p>\n<\/li>\n<li>\n<p data-path-to-node=\"11,5,0\">\ud83c\udf51\ud83e\udd6d Pfirsich Mango<\/p>\n<\/li>\n<li>\n<p data-path-to-node=\"11,6,0\">\ud83e\udd5d\ud83e\udd6d Kiwi Passionsfrucht Guave<\/p>\n<\/li>\n<li>\n<p data-path-to-node=\"11,7,0\">\ud83c\udf53\ud83c\udf49 Erdbeere Wassermelone<\/p>\n<\/li>\n<li>\n<p data-path-to-node=\"11,8,0\">\ud83c\udf52 Klassische Kirsche<\/p>\n<\/li>\n<li>\n<p data-path-to-node=\"11,9,0\">\ud83c\udf4b Zitrone &amp; Limette<\/p>\n<\/li>\n<li>\n<p data-path-to-node=\"11,10,0\">\ud83c\udf4f Saurer Apfel<\/p>\n<\/li>\n<li>\n<p data-path-to-node=\"11,11,0\">\ud83c\udf47\ud83c\udf53 Gemischte Beeren<\/p>\n<\/li>\n<li>\n<p data-path-to-node=\"11,12,0\">\ud83e\udd64 Beeren Limonade<\/p>\n<\/li>\n<li>\n<p data-path-to-node=\"11,13,0\">\ud83d\udc09\ud83e\uddca Drachenfrucht Eis<\/p>\n<\/li>\n<li>\n<p data-path-to-node=\"11,14,0\">\ud83e\uded0\ud83c\udf52 Dreifache Beeren<\/p>\n<\/li>\n<\/ul>\n<h2 data-path-to-node=\"13\">\ud83e\udd14 Airmez RandM Tornado 25000 Z\u00fcge Fragen &amp; Antworten: Alles, was Sie wissen m\u00f6chten, finden Sie hier!<\/h2>\n<p data-path-to-node=\"14\"><b data-path-to-node=\"14\" data-index-in-node=\"0\">F: Sind 25000 Z\u00fcge wirklich echt? Wie lange kann es tats\u00e4chlich halten?<\/b> <b data-path-to-node=\"14\" data-index-in-node=\"60\">A:<\/b> Absolut echt! W\u00fcrden wir wirklich versuchen, Sie mit einer kleinen Kapazit\u00e4t zu t\u00e4uschen? Das Ger\u00e4t ist mit beeindruckenden 25ml vorgef\u00fcllter E-Fl\u00fcssigkeit geladen. Je nach Ihrer pers\u00f6nlichen Vaping-H\u00e4ufigkeit und -Dauer ist dieses \u201cPerformance-Biest\u201d mehr als ausreichend, um Sie wochenlang zu begleiten und Sie vollst\u00e4ndig von der Unannehmlichkeit des h\u00e4ufigen Kaufs neuer Ger\u00e4te zu befreien!<\/p>\n<p data-path-to-node=\"15\"><b data-path-to-node=\"15\" data-index-in-node=\"0\">F: Wof\u00fcr wird der Drehring am unteren Ende verwendet? Ist er leicht zu bedienen?<\/b> <b data-path-to-node=\"15\" data-index-in-node=\"76\">A:<\/b> Das ist Ihre exklusive \u201cGeschmacks-Fernbedienung\u201d! Durch das untere 360\u00b0-stufenlose Luftstromregelungssystem k\u00f6nnen Sie die Luftzufuhr nach Belieben steuern. M\u00f6chten Sie einen straffen Zug mit intensivem Halsschlag? Oder bevorzugen Sie die sanften, massiven Wolken eines Direct-Lung-Zuges? Nur eine sanfte Drehung, und Ihr Vaping-Stil wechselt sofort.<\/p>\n<p data-path-to-node=\"16\"><b data-path-to-node=\"16\" data-index-in-node=\"0\">F: Wird es einen verbrannten Geschmack geben oder wird der Geschmack zum Ende hin verblassen?<\/b> <b data-path-to-node=\"16\" data-index-in-node=\"72\">A:<\/b> Wie k\u00f6nnten wir das zulassen? Wir haben es mit hochwertigster 0,9\u03a9-Mesh-Coil-Kerntechnologie ausgestattet, die einen gr\u00f6\u00dferen und gleichm\u00e4\u00dfigeren Heizbereich bietet. Dies bedeutet, dass vom sehnlich erwarteten ersten Zug bis zum verweilen letzten Zug die Dampfproduktion und die Geschmackstreue konsistent und rein bis zum Ende bleiben!<\/p>\n<p data-path-to-node=\"17\"><b data-path-to-node=\"17\" data-index-in-node=\"0\">F: Was ist, wenn der Akku leer wird? Ist die Ladegeschwindigkeit schnell genug?<\/b> <b data-path-to-node=\"17\" data-index-in-node=\"68\">A:<\/b> Wiederbeleben Sie jederzeit und \u00fcberall zur vollen Gesundheit! Die Seite des Ger\u00e4ts verf\u00fcgt \u00fcber einen Mainstream-USB-C-Schnellladeanschluss. Solange Sie ein Kabel haben, ist nur ein Bruchteil Ihrer Zeit erforderlich, um volle Vitalit\u00e4t in den leistungsstarken 850-mAh-Akku zur\u00fcckzuspritzen. Wir werden nie zulassen, dass Stromversorgung zu einem Hindernis f\u00fcr Ihren k\u00f6stlichen Genuss wird.<\/p>\n<p data-path-to-node=\"18\"><b data-path-to-node=\"18\" data-index-in-node=\"0\">F: Wo kann ich dieses authentische Blockbuster-Produkt kaufen?<\/b> <b data-path-to-node=\"18\" data-index-in-node=\"55\">A:<\/b> Suchen Sie einfach nach OioVape! Als Ihr zuverl\u00e4ssigstes Vape-Arsenal versprechen wir Ihnen eine 100% offizielle Airmez Authentizit\u00e4tsgarantie. Egal ob das trendiest Bored Ape Design oder die meistgesuchten himmlischen Geschmacksrichtungen, Sie k\u00f6nnen hier alles in einem Schritt erledigen. Z\u00f6gern Sie nicht l\u00e4nger, beeilen Sie sich und w\u00e4hlen Sie Ihr exklusives \u201cBiest\u201d und starten Sie diesen Geschmacksknospen-Karneval!<\/p>\n<\/div>\n<\/div>\n<\/div>\n<\/div>\n<\/div>\n<\/div>\n<\/div>\n<\/div>\n<\/div>\n<\/div>\n<\/div>\n<\/div>\n<\/div>\n<\/div>\n<\/div>\n<\/div>\n<\/div>\n<\/div>\n<\/div>\n<\/div>\n<\/div>\n<\/div>\n<\/div>\n<\/div>\n<\/div>\n<\/div>\n<\/div>\n<\/div>\n<\/div>\n<\/div>\n<\/div>\n<\/div>\n<\/div>\n<\/div>\n<\/div>\n<\/div>\n<\/div>\n<\/div>\n<\/div>\n<\/div>\n<\/div>\n<\/div>\n<\/div>\n<\/div>\n<\/div>\n<\/div>\n<\/div>\n<\/div>\n<\/div>\n<\/div>\n<\/div>\n<\/div>","protected":false},"excerpt":{"rendered":"<div data-page-id=\"RAopf2sw9dtvw4cWYXpcTwo0n8g\" data-lark-html-role=\"root\" data-docx-has-block-data=\"false\">\n<div class=\"ace-line ace-line old-record-id-Uju9f3RXYd8dh2crAJbcBF3Un6M\">Airmez RandM Tornado 25000 Puffs bietet 15 lebendige Geschmacksrichtungen, von fruchtigem Strawberry Watermelon bis hin zu eisigem Grape Ice. Es enth\u00e4lt 25ml E-Liquid, eine Mesh-Spule, Type-C-Aufladung und einen 850mAh-Akku. Sanfter Dampf und lang anhaltender Genuss machen es perfekt f\u00fcr Vape-Liebhaber unterwegs.<\/div>\n<\/div>","protected":false},"featured_media":5143,"comment_status":"open","ping_status":"closed","template":"","meta":{"_acf_changed":false,"inline_featured_image":false,"_sitemap_exclude":false,"_sitemap_priority":"","_sitemap_frequency":""},"product_brand":[92],"product_cat":[86,239,263,229],"product_tag":[],"class_list":{"0":"post-5131","1":"product","2":"type-product","3":"status-publish","4":"has-post-thumbnail","6":"product_brand-airmez","7":"product_cat-airmez-puff","8":"product_cat-disposable-vape-collection","9":"product_cat-25k-puffs","10":"product_cat-ship-from-german","12":"first","13":"instock","14":"sale","15":"shipping-taxable","16":"purchasable","17":"product-type-variable","18":"has-default-attributes"},"acf":[],"tiered_pricing_type":"fixed","tiered_pricing_fixed_rules":{"30":7.97,"60":7.26,"100":6.88,"200":6.39},"tiered_pricing_product_settings":{"layout":"default","base_unit_name":{"singular":null,"plural":null},"default_variation":null},"tiered_pricing_minimum_quantity":10,"tiered_pricing_roles_data":[],"tiered_pricing_percentage_rules":[],"tiered_pricing_maximum_quantity":null,"tiered_pricing_quantity_step":"10","_links":{"self":[{"href":"https:\/\/oiovape.com\/de\/wp-json\/wp\/v2\/product\/5131","targetHints":{"allow":["GET"]}}],"collection":[{"href":"https:\/\/oiovape.com\/de\/wp-json\/wp\/v2\/product"}],"about":[{"href":"https:\/\/oiovape.com\/de\/wp-json\/wp\/v2\/types\/product"}],"replies":[{"embeddable":true,"href":"https:\/\/oiovape.com\/de\/wp-json\/wp\/v2\/comments?post=5131"}],"version-history":[{"count":3,"href":"https:\/\/oiovape.com\/de\/wp-json\/wp\/v2\/product\/5131\/revisions"}],"predecessor-version":[{"id":8250,"href":"https:\/\/oiovape.com\/de\/wp-json\/wp\/v2\/product\/5131\/revisions\/8250"}],"wp:featuredmedia":[{"embeddable":true,"href":"https:\/\/oiovape.com\/de\/wp-json\/wp\/v2\/media\/5143"}],"wp:attachment":[{"href":"https:\/\/oiovape.com\/de\/wp-json\/wp\/v2\/media?parent=5131"}],"wp:term":[{"taxonomy":"product_brand","embeddable":true,"href":"https:\/\/oiovape.com\/de\/wp-json\/wp\/v2\/product_brand?post=5131"},{"taxonomy":"product_cat","embeddable":true,"href":"https:\/\/oiovape.com\/de\/wp-json\/wp\/v2\/product_cat?post=5131"},{"taxonomy":"product_tag","embeddable":true,"href":"https:\/\/oiovape.com\/de\/wp-json\/wp\/v2\/product_tag?post=5131"}],"curies":[{"name":"wp","href":"https:\/\/api.w.org\/{rel}","templated":true}]}}