{"id":5159,"date":"2026-01-15T09:16:14","date_gmt":"2026-01-15T09:16:14","guid":{"rendered":"https:\/\/oiovape.com\/?post_type=product&#038;p=5159"},"modified":"2026-04-13T14:49:13","modified_gmt":"2026-04-13T06:49:13","slug":"airmez-xbeats-40000-puffs","status":"publish","type":"product","link":"https:\/\/oiovape.com\/de\/product\/airmez-xbeats-40000-puffs\/","title":{"rendered":"Airmez Xbeats 40000 PUFFS 1000mAh Batterie wiederaufladbar Vape mit integrierten Hi-Fi Kopfh\u00f6rern"},"content":{"rendered":"<div data-page-id=\"ZVeMfq8uxd7y1ycuKm5cym4LnYd\" data-lark-html-role=\"root\" data-docx-has-block-data=\"false\">\n<div data-page-id=\"Fd41fZ5N9dzRQtcRNoVc2FuDnCh\" data-lark-html-role=\"root\" data-docx-has-block-data=\"true\">\n<div data-page-id=\"BdIJfeeijdk1eucGpS8cDCBBn5c\" data-lark-html-role=\"root\" data-docx-has-block-data=\"false\">\n<div data-page-id=\"Zbg9fWx77dUuh2cIYpic25c8nyd\" data-lark-html-role=\"root\" data-docx-has-block-data=\"false\">\n<div data-page-id=\"KaIvfiurhdlCKdc0kyxcX64cnE6\" data-lark-html-role=\"root\" data-docx-has-block-data=\"true\">\n<div data-page-id=\"PbvFfqxqlddUTScRpEYcY5MHnpf\" data-lark-html-role=\"root\" data-docx-has-block-data=\"true\">\n<div data-page-id=\"GZO2f5JeudwY4jc9iJtcdk9Hnxh\" data-lark-html-role=\"root\" data-docx-has-block-data=\"false\">\n<div data-page-id=\"EZVRf2acFduXLGcseZFc4qH2n6e\" data-lark-html-role=\"root\" data-docx-has-block-data=\"false\">\n<div data-page-id=\"B8rHfcqlqdzmH5cCWCncz17Cntb\" data-lark-html-role=\"root\" data-docx-has-block-data=\"false\">\n<div data-page-id=\"B8rHfcqlqdzmH5cCWCncz17Cntb\" data-lark-html-role=\"root\" data-docx-has-block-data=\"false\">\n<div data-page-id=\"B8rHfcqlqdzmH5cCWCncz17Cntb\" data-lark-html-role=\"root\" data-docx-has-block-data=\"true\">\n<div data-page-id=\"HM70f1aoxdD0bMcxJZBcVc7ynZd\" data-lark-html-role=\"root\" data-docx-has-block-data=\"false\">\n<div data-page-id=\"NSrJfN7Ord22i0c1iwZcsF8yn8b\" data-lark-html-role=\"root\" data-docx-has-block-data=\"false\">\n<div data-page-id=\"RXEff4Mskds8o1cqL5HcGEtUnCh\" data-lark-html-role=\"root\" data-docx-has-block-data=\"false\">\n<div data-page-id=\"KJ7gfqkVndMSRJcMseScmvYwnTc\" data-lark-html-role=\"root\" data-docx-has-block-data=\"false\">\n<div class=\"ace-line ace-line old-record-id-QADAfETPudgmudc05YvcTO5fnxe\">\n<div data-page-id=\"KJ7gfqkVndMSRJcMseScmvYwnTc\" data-lark-html-role=\"root\" data-docx-has-block-data=\"false\">\n<div class=\"ace-line ace-line old-record-id-JoRkfpho8dOkiacEOascDyCOncb\">\n<div data-page-id=\"KJ7gfqkVndMSRJcMseScmvYwnTc\" data-lark-html-role=\"root\" data-docx-has-block-data=\"false\">\n<div data-page-id=\"Ju6ofQ3V4dGmePcVvJvc1gmcnZb\" data-lark-html-role=\"root\" data-docx-has-block-data=\"true\">\n<div data-page-id=\"PR9ife5PLdFabccbFgZcWgZOnTc\" data-lark-html-role=\"root\" data-docx-has-block-data=\"false\">\n<div data-page-id=\"INdrfOIGzdaenXcptrcc1BcznQc\" data-lark-html-role=\"root\" data-docx-has-block-data=\"false\">\n<div class=\"ace-line ace-line old-record-id-P0fIf4YaZdoGkbcxt5ackec2nnb\">\n<div data-page-id=\"INdrfOIGzdaenXcptrcc1BcznQc\" data-lark-html-role=\"root\" data-docx-has-block-data=\"false\">\n<div data-page-id=\"MAzCfUB73dMTQscm8eWcougVn1g\" data-lark-html-role=\"root\" data-docx-has-block-data=\"true\">\n<div data-page-id=\"AXfpf7H1odhDvGcKoUOcErN8nV7\" data-lark-html-role=\"root\" data-docx-has-block-data=\"false\">\n<div data-page-id=\"QYTKf5PvLdUNdbce2nBcW9yfnrh\" data-lark-html-role=\"root\" data-docx-has-block-data=\"false\">\n<div data-page-id=\"Pvu1f1CCBdxbjncA9pgcBTpanph\" data-lark-html-role=\"root\" data-docx-has-block-data=\"true\">\n<div data-page-id=\"Axf3fcmY8dDAhtcjVircBcphnPc\" data-lark-html-role=\"root\" data-docx-has-block-data=\"false\">\n<div data-page-id=\"KKj1f9SPmdLhhMc5E2AcNlLen6f\" data-lark-html-role=\"root\" data-docx-has-block-data=\"true\">\n<div data-page-id=\"Rx61fK1sJdXHjPcBuhZcweNhnwc\" data-lark-html-role=\"root\" data-docx-has-block-data=\"false\">\n<div data-page-id=\"L1H9fkG9Mdz45Fcy4WMc5VKXnRe\" data-lark-html-role=\"root\" data-docx-has-block-data=\"false\">\n<div data-page-id=\"L1H9fkG9Mdz45Fcy4WMc5VKXnRe\" data-lark-html-role=\"root\" data-docx-has-block-data=\"false\">\n<div data-page-id=\"D4XLfVBVrdE8mrcaYizczklLnaf\" data-lark-html-role=\"root\" data-docx-has-block-data=\"false\">\n<div data-page-id=\"WVcifIY44d5mhMcXtyEcTsfenGd\" data-lark-html-role=\"root\" data-docx-has-block-data=\"true\">\n<div data-page-id=\"LRknfa6Whd4DWCcUc0FcNKpJnyh\" data-lark-html-role=\"root\" data-docx-has-block-data=\"false\">\n<div data-page-id=\"LRknfa6Whd4DWCcUc0FcNKpJnyh\" data-lark-html-role=\"root\" data-docx-has-block-data=\"false\">\n<div data-page-id=\"XFRAfkcOEdRWh8cArQ2cJdyRnJf\" data-lark-html-role=\"root\" data-docx-has-block-data=\"true\">\n<div data-page-id=\"OQ3bfjnRddMTDGcC3ouc6xFKnWf\" data-lark-html-role=\"root\" data-docx-has-block-data=\"true\">\n<div data-page-id=\"J0iGfj1hEdjc4rcUdSmc4spMnmZ\" data-lark-html-role=\"root\" data-docx-has-block-data=\"false\">\n<div data-page-id=\"P1o7fFyNlduP8tcfZpQcagzbnIf\" data-lark-html-role=\"root\" data-docx-has-block-data=\"false\">\n<div class=\"ace-line ace-line old-record-id-P1o7fFyNlduP8tcfZpQcagzbnIf\">\n<div data-page-id=\"P1o7fFyNlduP8tcfZpQcagzbnIf\" data-lark-html-role=\"root\" data-docx-has-block-data=\"false\">\n<div data-page-id=\"U4iufW38SdttWKcTstMcTtHRnXc\" data-lark-html-role=\"root\" data-docx-has-block-data=\"true\">\n<div data-page-id=\"ONVMf7VTWddcFtcyATOchCJHnZb\" data-lark-html-role=\"root\" data-docx-has-block-data=\"true\">\n<div data-page-id=\"KoW2fSy0PdLHFlc5kSHcgvWMnYg\" data-lark-html-role=\"root\" data-docx-has-block-data=\"false\">\n<div data-page-id=\"KoW2fSy0PdLHFlc5kSHcgvWMnYg\" data-lark-html-role=\"root\" data-docx-has-block-data=\"false\">\n<div data-page-id=\"OLGhfzxC7d7EFIcLEj9cRT5ynZf\" data-lark-html-role=\"root\" data-docx-has-block-data=\"false\">\n<div data-page-id=\"DdnnfrLjzdqrFIc9Il9c7pA2noc\" data-lark-html-role=\"root\" data-docx-has-block-data=\"true\">\n<div data-page-id=\"KNzcf2o0oddkJOcztTVcqPdlnth\" data-lark-html-role=\"root\" data-docx-has-block-data=\"false\">\n<div data-page-id=\"LBU7fg5SEdkWhecGJoxca3xvnCe\" data-lark-html-role=\"root\" data-docx-has-block-data=\"false\">\n<div data-page-id=\"EB70fooS3d69bMcgWB7c5qb9n8g\" data-lark-html-role=\"root\" data-docx-has-block-data=\"false\">\n<div data-page-id=\"AogwfsZCadB6t0cAvF0cK4JLnvf\" data-lark-html-role=\"root\" data-docx-has-block-data=\"false\">\n<div data-page-id=\"AogwfsZCadB6t0cAvF0cK4JLnvf\" data-lark-html-role=\"root\" data-docx-has-block-data=\"false\">\n<h2 data-path-to-node=\"0\">Airmez Xbeats 40000 Puffs Bluetooth Earbuds Smart Vape Kit<\/h2>\n<p data-path-to-node=\"2\">In dieser \u00c4ra der universellen Konnektivit\u00e4t, m\u00fcssen Ihre allt\u00e4glichen Begleiter immer noch einsame K\u00e4mpfe f\u00fchren? Lassen Sie die Melodien zusammen mit fruchtigen Aromen flie\u00dfen \u2013 der Airmez Xbeats 40000 Puffs Disposable Smart Vape ist hier mit seinem disruptiven Design! Als weltweit erstes Vapingger\u00e4t, das TWS-Bluetooth-Earbuds nahtlos in seinen K\u00f6rper integriert, ist es nicht nur ein scharfes Werkzeug zum Wolkenblasen, sondern auch ein trendiges Accessoire, das ein miniaturisiertes Live-House direkt in Ihre Tasche passt.<\/p>\n<p data-path-to-node=\"3\">Die massive Puffanzahl von 40000 ist nur sein Basisbetrieb; die im Geh\u00e4use verborgenen Bluetooth 5.0-Earbuds sind seine wahre Seele. Das kraftvolle 1000-mAh-Herz liefert nicht nur \u00fcberw\u00e4ltigende Leistung f\u00fcr die Verdampfung, sondern dient auch als exklusive \u201cLadesstation\u201d f\u00fcr die Earbuds. Ein s\u00fc\u00dfer Puff, eine soulvolle Melodie \u2013 wer sagt, dass Sie nicht alle kleinen Segnungen des Lebens auf einmal packen k\u00f6nnen?<\/p>\n<p><img decoding=\"async\" class=\"alignnone wp-image-5163 size-full\" title=\"Airmez Xbeats 2% Poster\" src=\"https:\/\/oiovape.com\/wp-content\/uploads\/2026\/01\/Airmez-Xbeats-2-Poster.png\" alt=\"Airmez Xbeats 2% Poster\" width=\"1920\" height=\"1079\" srcset=\"https:\/\/oiovape.com\/wp-content\/uploads\/2026\/01\/Airmez-Xbeats-2-Poster.png 1920w, https:\/\/oiovape.com\/wp-content\/uploads\/2026\/01\/Airmez-Xbeats-2-Poster-150x84.png 150w, https:\/\/oiovape.com\/wp-content\/uploads\/2026\/01\/Airmez-Xbeats-2-Poster-1200x674.png 1200w, https:\/\/oiovape.com\/wp-content\/uploads\/2026\/01\/Airmez-Xbeats-2-Poster-300x169.png 300w, https:\/\/oiovape.com\/wp-content\/uploads\/2026\/01\/Airmez-Xbeats-2-Poster-1024x575.png 1024w, https:\/\/oiovape.com\/wp-content\/uploads\/2026\/01\/Airmez-Xbeats-2-Poster-768x432.png 768w, https:\/\/oiovape.com\/wp-content\/uploads\/2026\/01\/Airmez-Xbeats-2-Poster-1536x863.png 1536w, https:\/\/oiovape.com\/wp-content\/uploads\/2026\/01\/Airmez-Xbeats-2-Poster-18x10.png 18w\" sizes=\"(max-width: 1920px) 100vw, 1920px\" \/><\/p>\n<h2 data-path-to-node=\"4\">Analyse der Kern-Hardcore-St\u00e4rken<\/h2>\n<h3 data-path-to-node=\"5\">Warum ist der Airmez Xbeats 40K Ihr ultimativer Game-Changer?<\/h3>\n<p data-path-to-node=\"6\">Verabschieden Sie sich von den austauschbaren Kunststoffgeh\u00e4usen auf dem Markt \u2013 der Airmez Xbeats 40000 Puffs zeichnet sich durch seine Crossover-Fusion und hochmoderne Vapingtechnologie aus.<\/p>\n<h4 data-path-to-node=\"7\">Ein duales Fest f\u00fcr Geh\u00f6r und Geschmack<\/h4>\n<p data-path-to-node=\"8\">Dies ist keineswegs nur ein Gimmick. Die eingebauten Hi-Fi-TWS-Earbuds mit Bluetooth 5.0-Chip bieten eine seidenartig glatte Verbindung ohne Abbr\u00fcche und funktionieren genau wie das Tragen einer pers\u00f6nlichen Musikbox an Ihren Ohren. Das geniale magnetische Design mit positiven und negativen Polen macht das Lagern und Laden der Earbuds zum absoluten Kinderspiel \u2013 ein einfaches Einsetzen, ein knackiges \u201cKlick\u201d an Ort und Stelle, und Ihre Zwangsst\u00f6rung ist sofort geheilt.<\/p>\n<h4 data-path-to-node=\"9\">\u00dcberw\u00e4ltigende Leistung, Abschied von der Angst vor leeren Tanks<\/h4>\n<p data-path-to-node=\"10\">Die 22-ML-Fl\u00fcssigkeitskammer ist wie ein exklusives \u201cSaftmeer\u201d und bietet genug Kapazit\u00e4t, um mehr als einen halben Monat lang sorglos zu dampfen, ohne trocken zu werden.<\/p>\n<h5 data-path-to-node=\"11\">Gen II Mesh Coil Black Technology<\/h5>\n<p data-path-to-node=\"12\">Die 0,8\u03a9 Gen II Mesh Coil (Gen 2 Dual Mesh Coils) ist wie ein erfahrener Barkeeper und dekodiert pr\u00e4zise jeden einzelnen Tropfen E-Liquid. Gepaart mit dem verstellbaren unteren Dual-Airflow-System \u2013 ob Sie einen engen, reichhaltigen Zug oder eine sanfte, massive Wolke bevorzugen, alles liegt auf Fingerspitzengef\u00fchl.<\/p>\n<h4 data-path-to-node=\"13\">Eine visuelle Kollision von Cyberpunk und Street Style<\/h4>\n<p data-path-to-node=\"14\">Das Geh\u00e4usematerial nutzt ein hochwertiges Backverfahren und bietet brillante Farben und eine warme, glatte Haptik. Kombiniert mit dem hochmodernen intelligenten digitalen Display-Bildschirm an der Seite (der Echtzeit-E-Liquid- und Batteriestand genau anzeigt), ist das Halten in der Hand nicht nur eine Befriedigung des Verlangens \u2013 es ist ein auff\u00e4lliges Fashion-Accessoire.<\/p>\n<h2 data-path-to-node=\"15\">Konfigurations\u00fcbersicht auf Max-Level<\/h2>\n<table data-path-to-node=\"16\">\n<thead>\n<tr>\n<td><strong>Kernparameter<\/strong><\/td>\n<td><strong>Detaillierte Spezifikationen<\/strong><\/td>\n<\/tr>\n<\/thead>\n<tbody>\n<tr>\n<td><span data-path-to-node=\"16,1,0,0\"><b data-path-to-node=\"16,1,0,0\" data-index-in-node=\"0\">Ger\u00e4tetyp<\/b><\/span><\/td>\n<td><span data-path-to-node=\"16,1,1,0\">Smart Vape + TWS Earbuds 2 in 1<\/span><\/td>\n<\/tr>\n<tr>\n<td><span data-path-to-node=\"16,2,0,0\"><b data-path-to-node=\"16,2,0,0\" data-index-in-node=\"0\">Vorgef\u00fclltes E-Liquid<\/b><\/span><\/td>\n<td><span data-path-to-node=\"16,2,1,0\">22-ML-Massive-Kapazit\u00e4t<\/span><\/td>\n<\/tr>\n<tr>\n<td><span data-path-to-node=\"16,3,0,0\"><b data-path-to-node=\"16,3,0,0\" data-index-in-node=\"0\">Puff-Anzahl-Sch\u00e4tzung<\/b><\/span><\/td>\n<td><span data-path-to-node=\"16,3,1,0\">Ca. 40000 Puffs<\/span><\/td>\n<\/tr>\n<tr>\n<td><span data-path-to-node=\"16,4,0,0\"><b data-path-to-node=\"16,4,0,0\" data-index-in-node=\"0\">Batteriekapazit\u00e4t<\/b><\/span><\/td>\n<td><span data-path-to-node=\"16,4,1,0\">1000mAh (Versorgt sowohl Ger\u00e4t als auch Earbuds gleichzeitig)<\/span><\/td>\n<\/tr>\n<tr>\n<td><span data-path-to-node=\"16,5,0,0\"><b data-path-to-node=\"16,5,0,0\" data-index-in-node=\"0\">Heizelement<\/b><\/span><\/td>\n<td><span data-path-to-node=\"16,5,1,0\">0,8\u03a9 Gen II Mesh Coil<\/span><\/td>\n<\/tr>\n<tr>\n<td><span data-path-to-node=\"16,6,0,0\"><b data-path-to-node=\"16,6,0,0\" data-index-in-node=\"0\">Luftstromsystem<\/b><\/span><\/td>\n<td><span data-path-to-node=\"16,6,1,0\">Untere Dual-Airflow-Verstellung<\/span><\/td>\n<\/tr>\n<tr>\n<td><span data-path-to-node=\"16,7,0,0\"><b data-path-to-node=\"16,7,0,0\" data-index-in-node=\"0\">Earbud-Konnektivit\u00e4t<\/b><\/span><\/td>\n<td><span data-path-to-node=\"16,7,1,0\">Bluetooth 5.0<\/span><\/td>\n<\/tr>\n<tr>\n<td><span data-path-to-node=\"16,8,0,0\"><b data-path-to-node=\"16,8,0,0\" data-index-in-node=\"0\">Ladeanschluss<\/b><\/span><\/td>\n<td><span data-path-to-node=\"16,8,1,0\">USB Type-C Schnellladevorgang<\/span><\/td>\n<\/tr>\n<tr>\n<td><span data-path-to-node=\"16,9,0,0\"><b data-path-to-node=\"16,9,0,0\" data-index-in-node=\"0\">K\u00f6rperdesign<\/b><\/span><\/td>\n<td><span data-path-to-node=\"16,9,1,0\">Magnetische Ohrh\u00f6rer-Kabine \/ Premium-Backprozess \/ Seitiges Smart-Digitaldisplay<\/span><\/td>\n<\/tr>\n<tr>\n<td><span data-path-to-node=\"16,10,0,0\"><b data-path-to-node=\"16,10,0,0\" data-index-in-node=\"0\">Aktivierungsmethode<\/b><\/span><\/td>\n<td><span data-path-to-node=\"16,10,1,0\">Draw-Activated \/ Perfekt f\u00fcr MTL Vaping<\/span><\/td>\n<\/tr>\n<\/tbody>\n<\/table>\n<h2 data-path-to-node=\"17\">AiRMEZ Xbeats 40000 Puffs Paketliste<\/h2>\n<ul data-path-to-node=\"18\">\n<li>\n<p data-path-to-node=\"18,0,0\">1 x AiRMEZ Xbeats 40000 Puffs Smart Vape Kit (Enth\u00e4lt TWS Bluetooth Ohrh\u00f6rer)<\/p>\n<\/li>\n<\/ul>\n<h2 data-path-to-node=\"19\">Produktvideo-Pr\u00e4sentation<\/h2>\n<p data-path-to-node=\"20\">\u25b6<\/p>\n<div style=\"width: 1920px;\" class=\"wp-video\"><video class=\"wp-video-shortcode\" id=\"video-5159-1\" width=\"1920\" height=\"1080\" preload=\"metadata\" controls=\"controls\"><source type=\"video\/mp4\" src=\"https:\/\/oiovape.com\/wp-content\/uploads\/2026\/04\/Airmez-Xbeats-40K-Video.mp4?_=1\" \/><a href=\"https:\/\/oiovape.com\/wp-content\/uploads\/2026\/04\/Airmez-Xbeats-40K-Video.mp4\">https:\/\/oiovape.com\/wp-content\/uploads\/2026\/04\/Airmez-Xbeats-40K-Video.mp4<\/a><\/video><\/div>\n<h2 data-path-to-node=\"21\">Geschmacksverkostungsleitfaden<\/h2>\n<h3 data-path-to-node=\"22\">15 Geschmacksknospen-Festmahle: Welches ist dein Hauptgang?<\/h3>\n<p data-path-to-node=\"23\">Immer noch m\u00fcde von langweiligen und monotonen industriellen k\u00fcnstlichen Aromen? Airmez hat einen 24\/7 \u201cFruity Workshop\u201d nur f\u00fcr dich vorbereitet. Hier ist deine exklusive Geschmacks-\u00dcberraschungsbox:<\/p>\n<ul data-path-to-node=\"24\">\n<li>\n<p data-path-to-node=\"24,0,0\"><b data-path-to-node=\"24,0,0\" data-index-in-node=\"0\">Fresh Fruit Party<\/b>: Erdbeere Wassermelone Traube \/ Kiwi Traube Himbeere \/ Erdbeere Kiwi \/ Blaubeere Banane \/ Doppelter Apfel \/ Tropischer Punsch \/ Saftiger Pfirsich<\/p>\n<\/li>\n<li>\n<p data-path-to-node=\"24,1,0\"><b data-path-to-node=\"24,1,0\" data-index-in-node=\"0\">Chill Fanatics<\/b>: Blaubeere Eis \/ Wassermelone Eis \/ Ananas Eis \/ Mango Eis<\/p>\n<\/li>\n<li>\n<p data-path-to-node=\"24,2,0\"><b data-path-to-node=\"24,2,0\" data-index-in-node=\"0\">Carbonated Awakening<\/b>: Fizzy Kirschcola \/ Cola Minze<\/p>\n<\/li>\n<li>\n<p data-path-to-node=\"24,3,0\"><b data-path-to-node=\"24,3,0\" data-index-in-node=\"0\">Summer Specials<\/b>: Sommertraum \/ Mr Blue<\/p>\n<\/li>\n<\/ul>\n<h3 data-path-to-node=\"25\">Schlie\u00df deine Augen, lass deine Zunge reisen<\/h3>\n<p data-path-to-node=\"26\">Stell dir vor: Gerade wenn das milde, fruchtige Aroma durch deine Lippen und Z\u00e4hne diffundiert, spielt dein Lieblings-R&amp;B-Track in deinen Ohren ab \u2013 was f\u00fcr eine himmlische Genussfreude ist das?<\/p>\n<p data-path-to-node=\"27\">F\u00fcr die hartgesottenen Frischobst-Fans, <b data-path-to-node=\"27\" data-index-in-node=\"35\">\u201cErdbeere Wassermelone Traube\u201d<\/b> ist wie das Zerquetschen der saftigsten Sommerfr\u00fcchte direkt in deinem Mund \u2013 voller Saft, lebendig und frisch. Wenn du heute dringend abk\u00fchlen musst, <b data-path-to-node=\"27\" data-index-in-node=\"214\">\u201cBlaubeere Eis\u201d<\/b> und <b data-path-to-node=\"27\" data-index-in-node=\"234\">\u201cAnanas Eis\u201d<\/b> f\u00fchlen Sie sich wie ein winziger Gletscher, der Ihre Kehle hinuntergleitet und eine Reflexion knackiger S\u00fc\u00dfe inmitten der K\u00e4lte mit sich tr\u00e4gt, die sofort ersch\u00f6pfte Nerven weckt. Sehnen Sie sich nach einem Hauch von Nostalgie? <b data-path-to-node=\"27\" data-index-in-node=\"432\">\u201cFizzy Cherry Cola\u201d<\/b> repliziert perfekt das Zischger\u00e4usch beim \u00d6ffnen einer Dose und das tanzende Gef\u00fchl der Kohlens\u00e4ure auf der Zungenspitze, gepaart mit einem minzigen Finish, das direkt in die Seele trifft.<\/p>\n<p><img decoding=\"async\" class=\"alignnone wp-image-5164 size-full\" title=\"Airmez Xbeat 40K 2% Geschmack\" src=\"https:\/\/oiovape.com\/wp-content\/uploads\/2026\/01\/Airmez-Xbeat-40K-2-Flavor-scaled.png\" alt=\"Airmez Xbeat 40K 2% Geschmack\" width=\"1810\" height=\"2560\" srcset=\"https:\/\/oiovape.com\/wp-content\/uploads\/2026\/01\/Airmez-Xbeat-40K-2-Flavor-scaled.png 1810w, https:\/\/oiovape.com\/wp-content\/uploads\/2026\/01\/Airmez-Xbeat-40K-2-Flavor-scaled-150x212.png 150w, https:\/\/oiovape.com\/wp-content\/uploads\/2026\/01\/Airmez-Xbeat-40K-2-Flavor-scaled-1200x1697.png 1200w, https:\/\/oiovape.com\/wp-content\/uploads\/2026\/01\/Airmez-Xbeat-40K-2-Flavor-212x300.png 212w, https:\/\/oiovape.com\/wp-content\/uploads\/2026\/01\/Airmez-Xbeat-40K-2-Flavor-724x1024.png 724w, https:\/\/oiovape.com\/wp-content\/uploads\/2026\/01\/Airmez-Xbeat-40K-2-Flavor-768x1086.png 768w, https:\/\/oiovape.com\/wp-content\/uploads\/2026\/01\/Airmez-Xbeat-40K-2-Flavor-1086x1536.png 1086w, https:\/\/oiovape.com\/wp-content\/uploads\/2026\/01\/Airmez-Xbeat-40K-2-Flavor-1448x2048.png 1448w, https:\/\/oiovape.com\/wp-content\/uploads\/2026\/01\/Airmez-Xbeat-40K-2-Flavor-8x12.png 8w\" sizes=\"(max-width: 1810px) 100vw, 1810px\" \/><\/p>\n<\/div>\n<\/div>\n<\/div>\n<\/div>\n<\/div>\n<\/div>\n<\/div>\n<\/div>\n<\/div>\n<\/div>\n<\/div>\n<\/div>\n<\/div>\n<\/div>\n<\/div>\n<\/div>\n<\/div>\n<\/div>\n<\/div>\n<\/div>\n<\/div>\n<\/div>\n<\/div>\n<\/div>\n<\/div>\n<\/div>\n<\/div>\n<\/div>\n<\/div>\n<\/div>\n<\/div>\n<\/div>\n<\/div>\n<\/div>\n<\/div>\n<\/div>\n<\/div>\n<\/div>\n<\/div>\n<\/div>\n<\/div>\n<\/div>\n<\/div>\n<\/div>\n<\/div>\n<\/div>\n<\/div>\n<\/div>\n<\/div>\n<\/div>\n<\/div>\n<\/div>\n<\/div>\n<\/div>","protected":false},"excerpt":{"rendered":"<div data-page-id=\"RAopf2sw9dtvw4cWYXpcTwo0n8g\" data-lark-html-role=\"root\" data-docx-has-block-data=\"false\">\n<div class=\"ace-line ace-line old-record-id-Uju9f3RXYd8dh2crAJbcBF3Un6M\">Der Airmez Xbeats 40000 Puffs bietet 15 lebendige Geschmacksrichtungen, von fruchtigen Mischungen bis hin zu eisigen Hits. Mit 22ML E-Liquid, dualem Luftstrom, Bluetooth 5.0 und integrierten Hi-Fi-Kopfh\u00f6rern kombiniert er elegantes Design mit erstklassiger Technologie f\u00fcr ein unschlagbares Vaping- und Musikerlebnis.<\/div>\n<\/div>","protected":false},"featured_media":5174,"comment_status":"open","ping_status":"closed","template":"","meta":{"_acf_changed":false,"inline_featured_image":false,"_sitemap_exclude":false,"_sitemap_priority":"","_sitemap_frequency":""},"product_brand":[92],"product_cat":[86,239,244,229],"product_tag":[],"class_list":{"0":"post-5159","1":"product","2":"type-product","3":"status-publish","4":"has-post-thumbnail","6":"product_brand-airmez","7":"product_cat-airmez-puff","8":"product_cat-disposable-vape-collection","9":"product_cat-40k-puff","10":"product_cat-ship-from-german","12":"first","13":"instock","14":"sale","15":"shipping-taxable","16":"purchasable","17":"product-type-variable","18":"has-default-attributes"},"acf":[],"tiered_pricing_type":"fixed","tiered_pricing_fixed_rules":{"30":13.58,"60":13.4,"100":13.29,"200":13.1},"tiered_pricing_product_settings":{"layout":"default","base_unit_name":{"singular":null,"plural":null},"default_variation":null},"tiered_pricing_minimum_quantity":10,"tiered_pricing_roles_data":[],"tiered_pricing_percentage_rules":[],"tiered_pricing_maximum_quantity":null,"tiered_pricing_quantity_step":"10","_links":{"self":[{"href":"https:\/\/oiovape.com\/de\/wp-json\/wp\/v2\/product\/5159","targetHints":{"allow":["GET"]}}],"collection":[{"href":"https:\/\/oiovape.com\/de\/wp-json\/wp\/v2\/product"}],"about":[{"href":"https:\/\/oiovape.com\/de\/wp-json\/wp\/v2\/types\/product"}],"replies":[{"embeddable":true,"href":"https:\/\/oiovape.com\/de\/wp-json\/wp\/v2\/comments?post=5159"}],"version-history":[{"count":4,"href":"https:\/\/oiovape.com\/de\/wp-json\/wp\/v2\/product\/5159\/revisions"}],"predecessor-version":[{"id":8257,"href":"https:\/\/oiovape.com\/de\/wp-json\/wp\/v2\/product\/5159\/revisions\/8257"}],"wp:featuredmedia":[{"embeddable":true,"href":"https:\/\/oiovape.com\/de\/wp-json\/wp\/v2\/media\/5174"}],"wp:attachment":[{"href":"https:\/\/oiovape.com\/de\/wp-json\/wp\/v2\/media?parent=5159"}],"wp:term":[{"taxonomy":"product_brand","embeddable":true,"href":"https:\/\/oiovape.com\/de\/wp-json\/wp\/v2\/product_brand?post=5159"},{"taxonomy":"product_cat","embeddable":true,"href":"https:\/\/oiovape.com\/de\/wp-json\/wp\/v2\/product_cat?post=5159"},{"taxonomy":"product_tag","embeddable":true,"href":"https:\/\/oiovape.com\/de\/wp-json\/wp\/v2\/product_tag?post=5159"}],"curies":[{"name":"wp","href":"https:\/\/api.w.org\/{rel}","templated":true}]}}