{"id":5233,"date":"2026-01-16T03:35:56","date_gmt":"2026-01-16T03:35:56","guid":{"rendered":"https:\/\/oiovape.com\/?post_type=product&#038;p=5233"},"modified":"2026-01-31T17:43:14","modified_gmt":"2026-01-31T09:43:14","slug":"airmez-fox-160000-puffs","status":"publish","type":"product","link":"https:\/\/oiovape.com\/de\/product\/airmez-fox-160000-puffs\/","title":{"rendered":"Airmez Fox 160000 PUFFS 8 IN 1 Geschmack Gro\u00dfvolumen E-Liquid Wiederaufladbarer Vape mit 650mAh Batterie"},"content":{"rendered":"<div data-page-id=\"ZVeMfq8uxd7y1ycuKm5cym4LnYd\" data-lark-html-role=\"root\" data-docx-has-block-data=\"false\">\n<div data-page-id=\"Fd41fZ5N9dzRQtcRNoVc2FuDnCh\" data-lark-html-role=\"root\" data-docx-has-block-data=\"true\">\n<div data-page-id=\"BdIJfeeijdk1eucGpS8cDCBBn5c\" data-lark-html-role=\"root\" data-docx-has-block-data=\"false\">\n<div data-page-id=\"Zbg9fWx77dUuh2cIYpic25c8nyd\" data-lark-html-role=\"root\" data-docx-has-block-data=\"false\">\n<div data-page-id=\"KaIvfiurhdlCKdc0kyxcX64cnE6\" data-lark-html-role=\"root\" data-docx-has-block-data=\"true\">\n<div data-page-id=\"PbvFfqxqlddUTScRpEYcY5MHnpf\" data-lark-html-role=\"root\" data-docx-has-block-data=\"true\">\n<div data-page-id=\"GZO2f5JeudwY4jc9iJtcdk9Hnxh\" data-lark-html-role=\"root\" data-docx-has-block-data=\"false\">\n<div data-page-id=\"EZVRf2acFduXLGcseZFc4qH2n6e\" data-lark-html-role=\"root\" data-docx-has-block-data=\"false\">\n<div data-page-id=\"B8rHfcqlqdzmH5cCWCncz17Cntb\" data-lark-html-role=\"root\" data-docx-has-block-data=\"false\">\n<div data-page-id=\"B8rHfcqlqdzmH5cCWCncz17Cntb\" data-lark-html-role=\"root\" data-docx-has-block-data=\"false\">\n<div data-page-id=\"B8rHfcqlqdzmH5cCWCncz17Cntb\" data-lark-html-role=\"root\" data-docx-has-block-data=\"true\">\n<div data-page-id=\"HM70f1aoxdD0bMcxJZBcVc7ynZd\" data-lark-html-role=\"root\" data-docx-has-block-data=\"false\">\n<div data-page-id=\"NSrJfN7Ord22i0c1iwZcsF8yn8b\" data-lark-html-role=\"root\" data-docx-has-block-data=\"false\">\n<div data-page-id=\"RXEff4Mskds8o1cqL5HcGEtUnCh\" data-lark-html-role=\"root\" data-docx-has-block-data=\"false\">\n<div data-page-id=\"KJ7gfqkVndMSRJcMseScmvYwnTc\" data-lark-html-role=\"root\" data-docx-has-block-data=\"false\">\n<div class=\"ace-line ace-line old-record-id-QADAfETPudgmudc05YvcTO5fnxe\">\n<div data-page-id=\"KJ7gfqkVndMSRJcMseScmvYwnTc\" data-lark-html-role=\"root\" data-docx-has-block-data=\"false\">\n<div class=\"ace-line ace-line old-record-id-JoRkfpho8dOkiacEOascDyCOncb\">\n<div data-page-id=\"KJ7gfqkVndMSRJcMseScmvYwnTc\" data-lark-html-role=\"root\" data-docx-has-block-data=\"false\">\n<div data-page-id=\"Ju6ofQ3V4dGmePcVvJvc1gmcnZb\" data-lark-html-role=\"root\" data-docx-has-block-data=\"true\">\n<div data-page-id=\"PR9ife5PLdFabccbFgZcWgZOnTc\" data-lark-html-role=\"root\" data-docx-has-block-data=\"false\">\n<div data-page-id=\"INdrfOIGzdaenXcptrcc1BcznQc\" data-lark-html-role=\"root\" data-docx-has-block-data=\"false\">\n<div class=\"ace-line ace-line old-record-id-P0fIf4YaZdoGkbcxt5ackec2nnb\">\n<div data-page-id=\"INdrfOIGzdaenXcptrcc1BcznQc\" data-lark-html-role=\"root\" data-docx-has-block-data=\"false\">\n<div data-page-id=\"MAzCfUB73dMTQscm8eWcougVn1g\" data-lark-html-role=\"root\" data-docx-has-block-data=\"true\">\n<div data-page-id=\"AXfpf7H1odhDvGcKoUOcErN8nV7\" data-lark-html-role=\"root\" data-docx-has-block-data=\"false\">\n<div data-page-id=\"QYTKf5PvLdUNdbce2nBcW9yfnrh\" data-lark-html-role=\"root\" data-docx-has-block-data=\"false\">\n<div data-page-id=\"Pvu1f1CCBdxbjncA9pgcBTpanph\" data-lark-html-role=\"root\" data-docx-has-block-data=\"true\">\n<div data-page-id=\"Axf3fcmY8dDAhtcjVircBcphnPc\" data-lark-html-role=\"root\" data-docx-has-block-data=\"false\">\n<div data-page-id=\"KKj1f9SPmdLhhMc5E2AcNlLen6f\" data-lark-html-role=\"root\" data-docx-has-block-data=\"true\">\n<div data-page-id=\"Rx61fK1sJdXHjPcBuhZcweNhnwc\" data-lark-html-role=\"root\" data-docx-has-block-data=\"false\">\n<div data-page-id=\"L1H9fkG9Mdz45Fcy4WMc5VKXnRe\" data-lark-html-role=\"root\" data-docx-has-block-data=\"false\">\n<div data-page-id=\"L1H9fkG9Mdz45Fcy4WMc5VKXnRe\" data-lark-html-role=\"root\" data-docx-has-block-data=\"false\">\n<div data-page-id=\"D4XLfVBVrdE8mrcaYizczklLnaf\" data-lark-html-role=\"root\" data-docx-has-block-data=\"false\">\n<div data-page-id=\"WVcifIY44d5mhMcXtyEcTsfenGd\" data-lark-html-role=\"root\" data-docx-has-block-data=\"true\">\n<div data-page-id=\"LRknfa6Whd4DWCcUc0FcNKpJnyh\" data-lark-html-role=\"root\" data-docx-has-block-data=\"false\">\n<div data-page-id=\"LRknfa6Whd4DWCcUc0FcNKpJnyh\" data-lark-html-role=\"root\" data-docx-has-block-data=\"false\">\n<div data-page-id=\"XFRAfkcOEdRWh8cArQ2cJdyRnJf\" data-lark-html-role=\"root\" data-docx-has-block-data=\"true\">\n<div data-page-id=\"OQ3bfjnRddMTDGcC3ouc6xFKnWf\" data-lark-html-role=\"root\" data-docx-has-block-data=\"true\">\n<div data-page-id=\"J0iGfj1hEdjc4rcUdSmc4spMnmZ\" data-lark-html-role=\"root\" data-docx-has-block-data=\"false\">\n<div data-page-id=\"P1o7fFyNlduP8tcfZpQcagzbnIf\" data-lark-html-role=\"root\" data-docx-has-block-data=\"false\">\n<div class=\"ace-line ace-line old-record-id-P1o7fFyNlduP8tcfZpQcagzbnIf\">\n<div data-page-id=\"P1o7fFyNlduP8tcfZpQcagzbnIf\" data-lark-html-role=\"root\" data-docx-has-block-data=\"false\">\n<div data-page-id=\"U4iufW38SdttWKcTstMcTtHRnXc\" data-lark-html-role=\"root\" data-docx-has-block-data=\"true\">\n<div data-page-id=\"ONVMf7VTWddcFtcyATOchCJHnZb\" data-lark-html-role=\"root\" data-docx-has-block-data=\"true\">\n<div data-page-id=\"KoW2fSy0PdLHFlc5kSHcgvWMnYg\" data-lark-html-role=\"root\" data-docx-has-block-data=\"false\">\n<div data-page-id=\"KoW2fSy0PdLHFlc5kSHcgvWMnYg\" data-lark-html-role=\"root\" data-docx-has-block-data=\"false\">\n<div data-page-id=\"OLGhfzxC7d7EFIcLEj9cRT5ynZf\" data-lark-html-role=\"root\" data-docx-has-block-data=\"false\">\n<div data-page-id=\"DdnnfrLjzdqrFIc9Il9c7pA2noc\" data-lark-html-role=\"root\" data-docx-has-block-data=\"true\">\n<div data-page-id=\"KNzcf2o0oddkJOcztTVcqPdlnth\" data-lark-html-role=\"root\" data-docx-has-block-data=\"false\">\n<div data-page-id=\"LBU7fg5SEdkWhecGJoxca3xvnCe\" data-lark-html-role=\"root\" data-docx-has-block-data=\"false\">\n<div data-page-id=\"EB70fooS3d69bMcgWB7c5qb9n8g\" data-lark-html-role=\"root\" data-docx-has-block-data=\"false\">\n<div data-page-id=\"AogwfsZCadB6t0cAvF0cK4JLnvf\" data-lark-html-role=\"root\" data-docx-has-block-data=\"false\">\n<div data-page-id=\"AogwfsZCadB6t0cAvF0cK4JLnvf\" data-lark-html-role=\"root\" data-docx-has-block-data=\"false\">\n<div data-page-id=\"JMZIflNGddQuU0c5JZocSqlvnle\" data-lark-html-role=\"root\" data-docx-has-block-data=\"false\">\n<div data-page-id=\"JMZIflNGddQuU0c5JZocSqlvnle\" data-lark-html-role=\"root\" data-docx-has-block-data=\"true\">\n<h2 data-start=\"0\" data-end=\"59\">Airmez Fox 160000 Z\u00fcge \u2014 Geschmacksintensit\u00e4t trifft auf Ausdauer<\/h2>\n<p data-start=\"61\" data-end=\"390\">Der Airmez Fox 160000 Z\u00fcge ist f\u00fcr Dampfer konzipiert, die langanhaltende Leistung sch\u00e4tzen, ohne den Geschmack zu opfern. Mit einer verfeinerten Struktur und einem breiten Geschmacksystem bietet er Konsistenz vom ersten Inhalieren bis zum letzten. Das Design konzentriert sich auf Balance: reichhaltiger Dampf, saubere Geschmacksabgabe und zuverl\u00e4ssige Leistung w\u00e4hrend des t\u00e4glichen Gebrauchs \ud83d\ude0c.<\/p>\n<h3 data-start=\"392\" data-end=\"426\">Entwickelt f\u00fcr t\u00e4glichen Komfort<\/h3>\n<p data-start=\"427\" data-end=\"790\">Ein 650mAh Akku arbeitet effizient mit einer Mesh-Spule, um eine stabile Leistung aufrechtzuerhalten, w\u00e4hrend der Type-C-Anschluss schnelles und bequemes Laden erm\u00f6glicht. Jede Einheit enth\u00e4lt <strong data-start=\"583\" data-end=\"607\">15ml \u00d7 4 E-Liquid<\/strong>, unterst\u00fctzt eine verl\u00e4ngerte Nutzung und sanftere \u00dcberg\u00e4nge zwischen den Geschm\u00e4ckern. Der Zug bleibt gleichm\u00e4\u00dfig, der Dampf f\u00fchlt sich voll an, und das Erlebnis bleibt vorhersehbar \u2013 genau das, wonach viele Nutzer suchen.<\/p>\n<h4 data-start=\"792\" data-end=\"829\">Wichtige Spezifikationen auf einen Blick<\/h4>\n<ul data-start=\"830\" data-end=\"979\">\n<li data-start=\"830\" data-end=\"855\">\n<p data-start=\"832\" data-end=\"855\">160000 Z\u00fcge Kapazit\u00e4t<\/p>\n<\/li>\n<li data-start=\"856\" data-end=\"884\">\n<p data-start=\"858\" data-end=\"884\">15ml \u00d7 4 E-Liquid-System<\/p>\n<\/li>\n<li data-start=\"885\" data-end=\"926\">\n<p data-start=\"887\" data-end=\"926\">Mesh-Spule f\u00fcr verbesserte Geschmacksreinheit<\/p>\n<\/li>\n<li data-start=\"927\" data-end=\"951\">\n<p data-start=\"929\" data-end=\"951\">Typ-C-Schnellladung<\/p>\n<\/li>\n<li data-start=\"952\" data-end=\"979\">\n<p data-start=\"954\" data-end=\"979\">650mAh eingebauter Akku<\/p>\n<\/li>\n<\/ul>\n<h3 data-start=\"981\" data-end=\"1012\">Geschmacks\u00fcbersicht<\/h3>\n<p data-start=\"1014\" data-end=\"1275\">Die Airmez Fox Reihe betont Vielfalt, ohne den Gaumen zu \u00fcberfordern. Frucht-, Eis-, S\u00fc\u00dfigkeiten- und getr\u00e4nke-inspirierte Mischungen wechseln sanft, sodass Nutzer die Profile ohne Erm\u00fcdung wechseln k\u00f6nnen. Jeder Geschmack \u00f6ffnet sich sauber, entwickelt sich nat\u00fcrlich und endet knackig \ud83c\udf49\ud83c\udf53.<\/p>\n<h4 data-start=\"1277\" data-end=\"1288\">Set 1<\/h4>\n<ul data-start=\"1289\" data-end=\"1358\">\n<li data-start=\"1289\" data-end=\"1304\">\n<p data-start=\"1291\" data-end=\"1304\">Bingo Crush<\/p>\n<\/li>\n<li data-start=\"1305\" data-end=\"1321\">\n<p data-start=\"1307\" data-end=\"1321\">Triple Mango<\/p>\n<\/li>\n<li data-start=\"1322\" data-end=\"1339\">\n<p data-start=\"1324\" data-end=\"1339\">Gemischte Beeren<\/p>\n<\/li>\n<li data-start=\"1340\" data-end=\"1358\">\n<p data-start=\"1342\" data-end=\"1358\">Wassermelone Eis<\/p>\n<\/li>\n<\/ul>\n<h4 data-start=\"1360\" data-end=\"1371\">Set 2<\/h4>\n<ul data-start=\"1372\" data-end=\"1442\">\n<li data-start=\"1372\" data-end=\"1382\">\n<p data-start=\"1374\" data-end=\"1382\">Love66<\/p>\n<\/li>\n<li data-start=\"1383\" data-end=\"1401\">\n<p data-start=\"1385\" data-end=\"1401\">Erdbeer Eis<\/p>\n<\/li>\n<li data-start=\"1402\" data-end=\"1424\">\n<p data-start=\"1404\" data-end=\"1424\">Blue Razz Lemonade<\/p>\n<\/li>\n<li data-start=\"1425\" data-end=\"1442\">\n<p data-start=\"1427\" data-end=\"1442\">Ananas Eis<\/p>\n<\/li>\n<\/ul>\n<h4 data-start=\"1444\" data-end=\"1455\">Set 3<\/h4>\n<ul data-start=\"1456\" data-end=\"1518\">\n<li data-start=\"1456\" data-end=\"1474\">\n<p data-start=\"1458\" data-end=\"1474\">Wassermelone Eis<\/p>\n<\/li>\n<li data-start=\"1475\" data-end=\"1485\">\n<p data-start=\"1477\" data-end=\"1485\">Love66<\/p>\n<\/li>\n<li data-start=\"1486\" data-end=\"1502\">\n<p data-start=\"1488\" data-end=\"1502\">Doppel-Apfel<\/p>\n<\/li>\n<li data-start=\"1503\" data-end=\"1518\">\n<p data-start=\"1505\" data-end=\"1518\">Mango-Pfirsich<\/p>\n<\/li>\n<\/ul>\n<h4 data-start=\"1520\" data-end=\"1531\">Set 4<\/h4>\n<ul data-start=\"1532\" data-end=\"1605\">\n<li data-start=\"1532\" data-end=\"1549\">\n<p data-start=\"1534\" data-end=\"1549\">Gemischte Beeren<\/p>\n<\/li>\n<li data-start=\"1550\" data-end=\"1573\">\n<p data-start=\"1552\" data-end=\"1573\">Blaubeere Himbeere<\/p>\n<\/li>\n<li data-start=\"1574\" data-end=\"1592\">\n<p data-start=\"1576\" data-end=\"1592\">Wassermelone Eis<\/p>\n<\/li>\n<li data-start=\"1593\" data-end=\"1605\">\n<p data-start=\"1595\" data-end=\"1605\">Cola-Eis<\/p>\n<\/li>\n<\/ul>\n<h4 data-start=\"1607\" data-end=\"1618\">Set 5<\/h4>\n<ul data-start=\"1619\" data-end=\"1698\">\n<li data-start=\"1619\" data-end=\"1634\">\n<p data-start=\"1621\" data-end=\"1634\">Mango-Pfirsich<\/p>\n<\/li>\n<li data-start=\"1635\" data-end=\"1653\">\n<p data-start=\"1637\" data-end=\"1653\">Tropische Fr\u00fcchte<\/p>\n<\/li>\n<li data-start=\"1654\" data-end=\"1672\">\n<p data-start=\"1656\" data-end=\"1672\">Beeren-Limonade<\/p>\n<\/li>\n<li data-start=\"1673\" data-end=\"1698\">\n<p data-start=\"1675\" data-end=\"1698\">Erdbeere Wassermelone<\/p>\n<\/li>\n<\/ul>\n<h4 data-start=\"1700\" data-end=\"1711\">Set 6<\/h4>\n<ul data-start=\"1712\" data-end=\"1785\">\n<li data-start=\"1712\" data-end=\"1726\">\n<p data-start=\"1714\" data-end=\"1726\">Kirsche Eis<\/p>\n<\/li>\n<li data-start=\"1727\" data-end=\"1754\">\n<p data-start=\"1729\" data-end=\"1754\">Erdbeer-Drachefrucht<\/p>\n<\/li>\n<li data-start=\"1755\" data-end=\"1771\">\n<p data-start=\"1757\" data-end=\"1771\">Triple Mango<\/p>\n<\/li>\n<li data-start=\"1772\" data-end=\"1785\">\n<p data-start=\"1774\" data-end=\"1785\">Blaue Himbeere<\/p>\n<\/li>\n<\/ul>\n<h4 data-start=\"1787\" data-end=\"1798\">Set 7<\/h4>\n<ul data-start=\"1799\" data-end=\"1872\">\n<li data-start=\"1799\" data-end=\"1819\">\n<p data-start=\"1801\" data-end=\"1819\">Drachenfrucht Eis<\/p>\n<\/li>\n<li data-start=\"1820\" data-end=\"1835\">\n<p data-start=\"1822\" data-end=\"1835\">Bingo Crush<\/p>\n<\/li>\n<li data-start=\"1836\" data-end=\"1846\">\n<p data-start=\"1838\" data-end=\"1846\">Love66<\/p>\n<\/li>\n<li data-start=\"1847\" data-end=\"1872\">\n<p data-start=\"1849\" data-end=\"1872\">Ananas-Mango-Pfirsich<\/p>\n<\/li>\n<\/ul>\n<h4 data-start=\"1874\" data-end=\"1885\">Set 8<\/h4>\n<ul data-start=\"1886\" data-end=\"1956\">\n<li data-start=\"1886\" data-end=\"1897\">\n<p data-start=\"1888\" data-end=\"1897\">Dr. Blau<\/p>\n<\/li>\n<li data-start=\"1898\" data-end=\"1914\">\n<p data-start=\"1900\" data-end=\"1914\">Kirschbeere<\/p>\n<\/li>\n<li data-start=\"1915\" data-end=\"1940\">\n<p data-start=\"1917\" data-end=\"1940\">Erdbeere Wassermelone<\/p>\n<\/li>\n<li data-start=\"1941\" data-end=\"1956\">\n<p data-start=\"1943\" data-end=\"1956\">Pfirsich-Beere<\/p>\n<\/li>\n<\/ul>\n<h4 data-start=\"1958\" data-end=\"1969\">Set 9<\/h4>\n<ul data-start=\"1970\" data-end=\"2042\">\n<li data-start=\"1970\" data-end=\"1983\">\n<p data-start=\"1972\" data-end=\"1983\">Pfirsich Eis<\/p>\n<\/li>\n<li data-start=\"1984\" data-end=\"2001\">\n<p data-start=\"1986\" data-end=\"2001\">Gemischte Beeren<\/p>\n<\/li>\n<li data-start=\"2002\" data-end=\"2025\">\n<p data-start=\"2004\" data-end=\"2025\">Melonen-Passionsfrucht<\/p>\n<\/li>\n<li data-start=\"2026\" data-end=\"2042\">\n<p data-start=\"2028\" data-end=\"2042\">Triple Mango<\/p>\n<\/li>\n<\/ul>\n<h4 data-start=\"2044\" data-end=\"2056\">Set 10<\/h4>\n<ul data-start=\"2057\" data-end=\"2135\">\n<li data-start=\"2057\" data-end=\"2070\">\n<p data-start=\"2059\" data-end=\"2070\">Mango Eis<\/p>\n<\/li>\n<li data-start=\"2071\" data-end=\"2092\">\n<p data-start=\"2073\" data-end=\"2092\">Sprudelnde Kirsch-Cola<\/p>\n<\/li>\n<li data-start=\"2093\" data-end=\"2117\">\n<p data-start=\"2095\" data-end=\"2117\">Erdbeere Himbeere<\/p>\n<\/li>\n<li data-start=\"2118\" data-end=\"2135\">\n<p data-start=\"2120\" data-end=\"2135\">Gemischte Beeren<\/p>\n<\/li>\n<\/ul>\n<h3 data-start=\"2137\" data-end=\"2175\">Wie das Erlebnis zusammenkommt<\/h3>\n<p data-start=\"2177\" data-end=\"2499\">Die Mesh-Spule verbessert die Geschmacksabtrennung, sodass Fr\u00fcchte hell bleiben und eisige Noten scharf bleiben, ohne die S\u00fc\u00dfe zu \u00fcberdecken. Mehrfruchtmischungen f\u00fchlen sich geschichtet an, anstatt \u00fcberf\u00fcllt, w\u00e4hrend Eis- und Cola-Profile ihre Sch\u00e4rfe ohne H\u00e4rte behalten \u2744\ufe0f\ud83e\udd6d. Das Ergebnis ist ein sanfter Rhythmus zwischen Dampfproduktion und Geschmacksgenauigkeit.<\/p>\n<h4 data-start=\"2501\" data-end=\"2525\">F\u00fcr wen es gemacht ist<\/h4>\n<ul data-start=\"2526\" data-end=\"2666\">\n<li data-start=\"2526\" data-end=\"2569\">\n<p data-start=\"2528\" data-end=\"2569\">Nutzer, die extrem lange Zugdauer w\u00fcnschen<\/p>\n<\/li>\n<li data-start=\"2570\" data-end=\"2610\">\n<p data-start=\"2572\" data-end=\"2610\">Dampfer, die Geschm\u00e4cker h\u00e4ufig wechseln<\/p>\n<\/li>\n<li data-start=\"2611\" data-end=\"2666\">\n<p data-start=\"2613\" data-end=\"2666\">Diejenigen, die stabile Leistung \u00fcber auff\u00e4llige Funktionen bevorzugen<\/p>\n<\/li>\n<\/ul>\n<h3 data-start=\"2668\" data-end=\"2687\">Abschlie\u00dfende Gedanken<\/h3>\n<p data-start=\"2689\" data-end=\"2975\">Der Airmez Fox 160000 Z\u00fcge konzentriert sich auf Ausdauer, Klarheit und Auswahl. Seine strukturierten Geschmackssets und zuverl\u00e4ssige Hardware schaffen ein entspanntes, aber ansprechendes Erlebnis. Anstatt Trends zu verfolgen, liefert er, was am wichtigsten ist: Konsistenz, Geschmacksintegrit\u00e4t und Bequemlichkeit \u2013 Tag f\u00fcr Tag \ud83d\ude0a.<\/p>\n<div class=\"ace-line ace-line old-record-id-CbIjfgkD8dWDZuceGdZc24cUn3b\"><\/div>\n<\/div>\n<\/div>\n<\/div>\n<\/div>\n<\/div>\n<\/div>\n<\/div>\n<\/div>\n<\/div>\n<\/div>\n<\/div>\n<\/div>\n<\/div>\n<\/div>\n<\/div>\n<\/div>\n<\/div>\n<\/div>\n<\/div>\n<\/div>\n<\/div>\n<\/div>\n<\/div>\n<\/div>\n<\/div>\n<\/div>\n<\/div>\n<\/div>\n<\/div>\n<\/div>\n<\/div>\n<\/div>\n<\/div>\n<\/div>\n<\/div>\n<\/div>\n<\/div>\n<\/div>\n<\/div>\n<\/div>\n<\/div>\n<\/div>\n<\/div>\n<\/div>\n<\/div>\n<\/div>\n<\/div>\n<\/div>\n<\/div>\n<\/div>\n<\/div>\n<\/div>\n<\/div>\n<\/div>\n<\/div>\n<\/div>","protected":false},"excerpt":{"rendered":"<div data-page-id=\"RAopf2sw9dtvw4cWYXpcTwo0n8g\" data-lark-html-role=\"root\" data-docx-has-block-data=\"false\">\n<div class=\"ace-line ace-line old-record-id-Uju9f3RXYd8dh2crAJbcBF3Un6M\">Airmez Fox 160000 Z\u00fcge bietet eine langanhaltende Leistung mit einem sanften, zuverl\u00e4ssigen Zug. Angetrieben von einem 650mAh Akku und einer Mesh-Spule, sorgt es f\u00fcr einen klaren Geschmack bei verschiedenen Frucht- und Eis-Mischungen. Mit einem 15ml \u00d7 4 E-Liquid-System unterst\u00fctzt es eine verl\u00e4ngerte, sorgenfreie t\u00e4gliche Nutzung.<\/div>\n<\/div>","protected":false},"featured_media":5245,"comment_status":"open","ping_status":"closed","template":"","meta":{"_acf_changed":false,"inline_featured_image":false,"_sitemap_exclude":false,"_sitemap_priority":"","_sitemap_frequency":""},"product_brand":[92],"product_cat":[86],"product_tag":[],"class_list":{"0":"post-5233","1":"product","2":"type-product","3":"status-publish","4":"has-post-thumbnail","6":"product_brand-airmez","7":"product_cat-airmez-puff","9":"first","10":"instock","11":"sale","12":"shipping-taxable","13":"purchasable","14":"product-type-variable","15":"has-default-attributes"},"acf":[],"tiered_pricing_type":"fixed","tiered_pricing_fixed_rules":{"30":9.65,"60":9.23,"100":8.79,"200":8.65},"tiered_pricing_product_settings":{"layout":"default","base_unit_name":{"singular":null,"plural":null},"default_variation":null},"tiered_pricing_minimum_quantity":10,"tiered_pricing_roles_data":[],"tiered_pricing_percentage_rules":[],"tiered_pricing_maximum_quantity":null,"tiered_pricing_quantity_step":"10","_links":{"self":[{"href":"https:\/\/oiovape.com\/de\/wp-json\/wp\/v2\/product\/5233","targetHints":{"allow":["GET"]}}],"collection":[{"href":"https:\/\/oiovape.com\/de\/wp-json\/wp\/v2\/product"}],"about":[{"href":"https:\/\/oiovape.com\/de\/wp-json\/wp\/v2\/types\/product"}],"replies":[{"embeddable":true,"href":"https:\/\/oiovape.com\/de\/wp-json\/wp\/v2\/comments?post=5233"}],"version-history":[{"count":0,"href":"https:\/\/oiovape.com\/de\/wp-json\/wp\/v2\/product\/5233\/revisions"}],"wp:featuredmedia":[{"embeddable":true,"href":"https:\/\/oiovape.com\/de\/wp-json\/wp\/v2\/media\/5245"}],"wp:attachment":[{"href":"https:\/\/oiovape.com\/de\/wp-json\/wp\/v2\/media?parent=5233"}],"wp:term":[{"taxonomy":"product_brand","embeddable":true,"href":"https:\/\/oiovape.com\/de\/wp-json\/wp\/v2\/product_brand?post=5233"},{"taxonomy":"product_cat","embeddable":true,"href":"https:\/\/oiovape.com\/de\/wp-json\/wp\/v2\/product_cat?post=5233"},{"taxonomy":"product_tag","embeddable":true,"href":"https:\/\/oiovape.com\/de\/wp-json\/wp\/v2\/product_tag?post=5233"}],"curies":[{"name":"wp","href":"https:\/\/api.w.org\/{rel}","templated":true}]}}