{"id":5343,"date":"2026-01-17T03:44:22","date_gmt":"2026-01-17T03:44:22","guid":{"rendered":"https:\/\/oiovape.com\/?post_type=product&#038;p=5343"},"modified":"2026-02-10T11:14:41","modified_gmt":"2026-02-10T03:14:41","slug":"elf-world-ai-22000-puffs","status":"publish","type":"product","link":"https:\/\/oiovape.com\/de\/product\/elf-world-ai-22000-puffs\/","title":{"rendered":"Elf World AI 22000 PUFFS 650mAh Akku Wiederaufladbare Smart Screen Einweg-E-Zigarette"},"content":{"rendered":"<div data-page-id=\"ZVeMfq8uxd7y1ycuKm5cym4LnYd\" data-lark-html-role=\"root\" data-docx-has-block-data=\"false\">\n<div data-page-id=\"Fd41fZ5N9dzRQtcRNoVc2FuDnCh\" data-lark-html-role=\"root\" data-docx-has-block-data=\"true\">\n<div data-page-id=\"BdIJfeeijdk1eucGpS8cDCBBn5c\" data-lark-html-role=\"root\" data-docx-has-block-data=\"false\">\n<div data-page-id=\"Zbg9fWx77dUuh2cIYpic25c8nyd\" data-lark-html-role=\"root\" data-docx-has-block-data=\"false\">\n<div data-page-id=\"KaIvfiurhdlCKdc0kyxcX64cnE6\" data-lark-html-role=\"root\" data-docx-has-block-data=\"true\">\n<div data-page-id=\"PbvFfqxqlddUTScRpEYcY5MHnpf\" data-lark-html-role=\"root\" data-docx-has-block-data=\"true\">\n<div data-page-id=\"GZO2f5JeudwY4jc9iJtcdk9Hnxh\" data-lark-html-role=\"root\" data-docx-has-block-data=\"false\">\n<div data-page-id=\"EZVRf2acFduXLGcseZFc4qH2n6e\" data-lark-html-role=\"root\" data-docx-has-block-data=\"false\">\n<div data-page-id=\"B8rHfcqlqdzmH5cCWCncz17Cntb\" data-lark-html-role=\"root\" data-docx-has-block-data=\"false\">\n<div data-page-id=\"B8rHfcqlqdzmH5cCWCncz17Cntb\" data-lark-html-role=\"root\" data-docx-has-block-data=\"false\">\n<div data-page-id=\"B8rHfcqlqdzmH5cCWCncz17Cntb\" data-lark-html-role=\"root\" data-docx-has-block-data=\"true\">\n<div data-page-id=\"HM70f1aoxdD0bMcxJZBcVc7ynZd\" data-lark-html-role=\"root\" data-docx-has-block-data=\"false\">\n<div data-page-id=\"NSrJfN7Ord22i0c1iwZcsF8yn8b\" data-lark-html-role=\"root\" data-docx-has-block-data=\"false\">\n<div data-page-id=\"RXEff4Mskds8o1cqL5HcGEtUnCh\" data-lark-html-role=\"root\" data-docx-has-block-data=\"false\">\n<div data-page-id=\"KJ7gfqkVndMSRJcMseScmvYwnTc\" data-lark-html-role=\"root\" data-docx-has-block-data=\"false\">\n<div class=\"ace-line ace-line old-record-id-QADAfETPudgmudc05YvcTO5fnxe\">\n<div data-page-id=\"KJ7gfqkVndMSRJcMseScmvYwnTc\" data-lark-html-role=\"root\" data-docx-has-block-data=\"false\">\n<div class=\"ace-line ace-line old-record-id-JoRkfpho8dOkiacEOascDyCOncb\">\n<div data-page-id=\"KJ7gfqkVndMSRJcMseScmvYwnTc\" data-lark-html-role=\"root\" data-docx-has-block-data=\"false\">\n<div data-page-id=\"Ju6ofQ3V4dGmePcVvJvc1gmcnZb\" data-lark-html-role=\"root\" data-docx-has-block-data=\"true\">\n<div data-page-id=\"PR9ife5PLdFabccbFgZcWgZOnTc\" data-lark-html-role=\"root\" data-docx-has-block-data=\"false\">\n<div data-page-id=\"INdrfOIGzdaenXcptrcc1BcznQc\" data-lark-html-role=\"root\" data-docx-has-block-data=\"false\">\n<div class=\"ace-line ace-line old-record-id-P0fIf4YaZdoGkbcxt5ackec2nnb\">\n<div data-page-id=\"INdrfOIGzdaenXcptrcc1BcznQc\" data-lark-html-role=\"root\" data-docx-has-block-data=\"false\">\n<div data-page-id=\"MAzCfUB73dMTQscm8eWcougVn1g\" data-lark-html-role=\"root\" data-docx-has-block-data=\"true\">\n<div data-page-id=\"AXfpf7H1odhDvGcKoUOcErN8nV7\" data-lark-html-role=\"root\" data-docx-has-block-data=\"false\">\n<div data-page-id=\"QYTKf5PvLdUNdbce2nBcW9yfnrh\" data-lark-html-role=\"root\" data-docx-has-block-data=\"false\">\n<div data-page-id=\"Pvu1f1CCBdxbjncA9pgcBTpanph\" data-lark-html-role=\"root\" data-docx-has-block-data=\"true\">\n<div data-page-id=\"Axf3fcmY8dDAhtcjVircBcphnPc\" data-lark-html-role=\"root\" data-docx-has-block-data=\"false\">\n<div data-page-id=\"KKj1f9SPmdLhhMc5E2AcNlLen6f\" data-lark-html-role=\"root\" data-docx-has-block-data=\"true\">\n<div data-page-id=\"Rx61fK1sJdXHjPcBuhZcweNhnwc\" data-lark-html-role=\"root\" data-docx-has-block-data=\"false\">\n<div data-page-id=\"L1H9fkG9Mdz45Fcy4WMc5VKXnRe\" data-lark-html-role=\"root\" data-docx-has-block-data=\"false\">\n<div data-page-id=\"L1H9fkG9Mdz45Fcy4WMc5VKXnRe\" data-lark-html-role=\"root\" data-docx-has-block-data=\"false\">\n<div data-page-id=\"D4XLfVBVrdE8mrcaYizczklLnaf\" data-lark-html-role=\"root\" data-docx-has-block-data=\"false\">\n<div data-page-id=\"WVcifIY44d5mhMcXtyEcTsfenGd\" data-lark-html-role=\"root\" data-docx-has-block-data=\"true\">\n<div data-page-id=\"LRknfa6Whd4DWCcUc0FcNKpJnyh\" data-lark-html-role=\"root\" data-docx-has-block-data=\"false\">\n<div data-page-id=\"LRknfa6Whd4DWCcUc0FcNKpJnyh\" data-lark-html-role=\"root\" data-docx-has-block-data=\"false\">\n<div data-page-id=\"XFRAfkcOEdRWh8cArQ2cJdyRnJf\" data-lark-html-role=\"root\" data-docx-has-block-data=\"true\">\n<div data-page-id=\"OQ3bfjnRddMTDGcC3ouc6xFKnWf\" data-lark-html-role=\"root\" data-docx-has-block-data=\"true\">\n<div data-page-id=\"J0iGfj1hEdjc4rcUdSmc4spMnmZ\" data-lark-html-role=\"root\" data-docx-has-block-data=\"false\">\n<div data-page-id=\"P1o7fFyNlduP8tcfZpQcagzbnIf\" data-lark-html-role=\"root\" data-docx-has-block-data=\"false\">\n<div class=\"ace-line ace-line old-record-id-P1o7fFyNlduP8tcfZpQcagzbnIf\">\n<div data-page-id=\"P1o7fFyNlduP8tcfZpQcagzbnIf\" data-lark-html-role=\"root\" data-docx-has-block-data=\"false\">\n<div data-page-id=\"U4iufW38SdttWKcTstMcTtHRnXc\" data-lark-html-role=\"root\" data-docx-has-block-data=\"true\">\n<div data-page-id=\"ONVMf7VTWddcFtcyATOchCJHnZb\" data-lark-html-role=\"root\" data-docx-has-block-data=\"true\">\n<div data-page-id=\"KoW2fSy0PdLHFlc5kSHcgvWMnYg\" data-lark-html-role=\"root\" data-docx-has-block-data=\"false\">\n<div data-page-id=\"KoW2fSy0PdLHFlc5kSHcgvWMnYg\" data-lark-html-role=\"root\" data-docx-has-block-data=\"false\">\n<div data-page-id=\"OLGhfzxC7d7EFIcLEj9cRT5ynZf\" data-lark-html-role=\"root\" data-docx-has-block-data=\"false\">\n<div data-page-id=\"DdnnfrLjzdqrFIc9Il9c7pA2noc\" data-lark-html-role=\"root\" data-docx-has-block-data=\"true\">\n<div data-page-id=\"KNzcf2o0oddkJOcztTVcqPdlnth\" data-lark-html-role=\"root\" data-docx-has-block-data=\"false\">\n<div data-page-id=\"LBU7fg5SEdkWhecGJoxca3xvnCe\" data-lark-html-role=\"root\" data-docx-has-block-data=\"false\">\n<div data-page-id=\"EB70fooS3d69bMcgWB7c5qb9n8g\" data-lark-html-role=\"root\" data-docx-has-block-data=\"false\">\n<div data-page-id=\"AogwfsZCadB6t0cAvF0cK4JLnvf\" data-lark-html-role=\"root\" data-docx-has-block-data=\"false\">\n<div data-page-id=\"AogwfsZCadB6t0cAvF0cK4JLnvf\" data-lark-html-role=\"root\" data-docx-has-block-data=\"false\">\n<div data-page-id=\"JMZIflNGddQuU0c5JZocSqlvnle\" data-lark-html-role=\"root\" data-docx-has-block-data=\"false\">\n<div data-page-id=\"JMZIflNGddQuU0c5JZocSqlvnle\" data-lark-html-role=\"root\" data-docx-has-block-data=\"true\">\n<div data-page-id=\"HtEafjjRIdPAlMc9zgYcsGy6nOe\" data-lark-html-role=\"root\" data-docx-has-block-data=\"false\">\n<div data-page-id=\"Rhnafz0WTdDeT9c43xxczsbVnJo\" data-lark-html-role=\"root\" data-docx-has-block-data=\"false\">\n<h2 class=\"heading-2 ace-line old-record-id-Dbb7ftDagdt04ScxorUcESJdnId\">Warum Elf World AI 22000 Z\u00fcge w\u00e4hlen? \ud83e\udd14<\/h2>\n<div class=\"ace-line ace-line old-record-id-WqeJfvSV6dCelqc2siZcL7gXnyg\">Sie fragen sich vielleicht, bei so vielen Einweg-Vapes auf dem Markt, warum gerade dieses? Nun, zun\u00e4chst einmal bedeutet die Kapazit\u00e4t von 22000 Z\u00fcgen, dass es f\u00fcr die Langlebigkeit gebaut ist \u2013 keine h\u00e4ufigen Ersatzk\u00e4ufe, was f\u00fcr regelm\u00e4\u00dfige Dampfer ein gro\u00dfer Vorteil ist. Tats\u00e4chlich sorgt die Kombination aus einem wiederaufladbaren Akku und Type-C-Ladung daf\u00fcr, dass Sie es nicht einfach wegwerfen m\u00fcssen, nur weil der Strom mitten im Gebrauch ausgeht. Dann gibt es die einstellbare Luftzufuhr und mehrere Nikotinst\u00e4rken; in den meisten F\u00e4llen k\u00f6nnen Sie so Ihr Dampferlebnis genau auf das abstimmen, was Sie sich w\u00fcnschen. F\u00fcgen Sie die gro\u00dfe E-Liquid-Kapazit\u00e4t und die doppelte Mesh-Spule f\u00fcr sanfte Z\u00fcge hinzu, und es ist klar, dass dieses Ger\u00e4t mit Blick auf die Zufriedenheit der Benutzer entwickelt wurde.<\/div>\n<h3 class=\"heading-2 ace-line old-record-id-BBH4fdCTfdHX9TcsHFucLV4nnMV\">Entdecken Sie die 10 k\u00f6stlichen Geschm\u00e4cker \ud83c\udf53\ud83c\udf49\ud83c\udf47<\/h3>\n<div class=\"ace-line ace-line old-record-id-BTWSffwhbduxesczf79cXvQhnoc\">Geschmack ist wohl der aufregendste Teil eines jeden Vapes, und der Elf World AI 22000 Z\u00fcge entt\u00e4uscht nicht mit 10 verschiedenen Optionen. Jeder Geschmack hat seinen eigenen einzigartigen Charme, also egal, ob Sie fruchtige, k\u00fchlende oder gemischte Beerennoten lieben, hier ist f\u00fcr jeden etwas dabei. Lassen Sie uns sie einzeln aufschl\u00fcsseln:<\/div>\n<h4 class=\"heading-3 ace-line old-record-id-KZBCfXwJ0duyHncs3YVcKWtKnJd\">Fruchtige Klassiker<\/h4>\n<h5 class=\"heading-4 ace-line old-record-id-YWyBfHAzzdpjOWc5z45c0UaznGd\">1. Mango Apfel Birne<\/h5>\n<div class=\"ace-line ace-line old-record-id-AJSUfLBgcdipC4c1lzBcbNEJnPf\">Eine k\u00f6stliche Mischung aus drei beliebten Fr\u00fcchten. Die S\u00fc\u00dfe der Mango steht im Vordergrund, gefolgt von der Frische des Apfels und einem subtilen Hauch von Birne. Es ist eine helle, erfrischende Mischung, die perfekt f\u00fcr jede Tageszeit ist.<\/div>\n<h5 class=\"heading-4 ace-line old-record-id-SRI9fpwnsdJfBac1LJMcM9HUnig\">2. K\u00fchler Mango<\/h5>\n<div class=\"ace-line ace-line old-record-id-FDFkfKLtldnAKicnM1rcByJRnoh\">Wenn Sie Mango lieben, aber einen kleinen Kick von Frische m\u00f6chten, ist dies die richtige Wahl. Der reife Mangogeschmack wird mit einem leichten Menthol-Finish kombiniert, was jeden Zug sanft und belebend macht \u2013 gro\u00dfartig f\u00fcr hei\u00dfes Wetter.<\/div>\n<h5 class=\"heading-4 ace-line old-record-id-JcLWfAyjad25b9csW8ecEACHnSc\">3. Gr\u00fcner Apfel<\/h5>\n<div class=\"ace-line ace-line old-record-id-IlLmf1cOTdcmqJckdqTcmBOrnwb\">F\u00fcr Fans von herben, knackigen Geschm\u00e4ckern liefert der Gr\u00fcne Apfel perfekt. Er schmeckt genau wie das Bissen in einen frischen, saftigen gr\u00fcnen Apfel, mit einem klaren Nachgeschmack, der nicht \u00fcberw\u00e4ltigend ist. Vielleicht ist es die einfachste fruchtige Option hier, aber sie ist definitiv ein Publikumsliebling.<\/div>\n<h4 class=\"heading-3 ace-line old-record-id-Q7Yrf4OEUdtKxFclCA6cAjSVnVd\">Kr\u00e4ftige &amp; einzigartige Mischungen<\/h4>\n<h5 class=\"heading-4 ace-line old-record-id-BYbTfdrU7dljVecRA1LcoXVpnAg\">4. Tiger Blut<\/h5>\n<div class=\"ace-line ace-line old-record-id-Lh1efXXW0dGZFdcJAFocHiZrnzf\">Eine lustige, kr\u00e4ftige Mischung, die in der Vape-Welt beliebt geworden ist. Typischerweise kombiniert mit Wassermelone, Kokosnuss und einem Hauch von Erdbeere, bietet Tiger Blut eine s\u00fc\u00dfe, tropische Atmosph\u00e4re mit einem Hauch von Reichhaltigkeit. Es ist ein bisschen unerwartet, aber auf die beste Weise.<\/div>\n<h4 class=\"heading-3 ace-line old-record-id-IRVzfsBbcdz8LqcB02zcnc38nRe\">Beeren- &amp; Eis-Kombinationen<\/h4>\n<h5 class=\"heading-4 ace-line old-record-id-PjL5fyCNbdzTeicrrnDcvY8CnPj\">5. Blaubeere Eis<\/h5>\n<div class=\"ace-line ace-line old-record-id-YYnufd90ndrigwcmUMzchnjynFb\">S\u00fc\u00dfe, pralle Blaubeeren treffen auf eine k\u00fchle Mentholbrise. Der Beerengeschmack ist voll und authentisch, und das Eis \u00fcberdeckt ihn nicht \u2013 stattdessen verst\u00e4rkt es die S\u00fc\u00dfe und hinterl\u00e4sst ein erfrischendes Kribbeln auf Ihrem Gaumen.<\/div>\n<h5 class=\"heading-4 ace-line old-record-id-RfzUfSYo5dsj7OcR7rNcFlWHnih\">6. Minze<\/h5>\n<div class=\"ace-line ace-line old-record-id-Bg6BfpfKVdwwPpcg4NzczWYwnIb\">Einfach, aber befriedigend, ist Minze f\u00fcr diejenigen, die ein sauberes, k\u00fchlendes Erlebnis bevorzugen. Es ist ein glatter, frischer Mentholgeschmack, der nicht zu scharf ist, was es ideal f\u00fcr Dampfer macht, die eine Pause von fruchtigen oder s\u00fc\u00dfen Optionen wollen.<\/div>\n<h5 class=\"heading-4 ace-line old-record-id-FIC2fqDyFdwsCJcO4CncVPoonye\">7. Mischbeeren<\/h5>\n<div class=\"ace-line ace-line old-record-id-OmSgfSL3FdUtDOc47d0cNN0MnLe\">Eine Medley aus reifen Beeren \u2013 denken Sie an Erdbeere, Himbeere und Blaubeere. Die Geschm\u00e4cker harmonieren perfekt und schaffen ein s\u00fc\u00dfes, s\u00e4uerliches Profil, das vor fruchtiger G\u00fcte strotzt. Es ist wie ein Bissen aus einem gemischten Beerensalat, in Vape-Form.<\/div>\n<h5 class=\"heading-4 ace-line old-record-id-FIXFfs1VGdBq2Vc6E7kcTuUZnGf\">8. Traube Eis<\/h5>\n<div class=\"ace-line ace-line old-record-id-DhldfhsGSdwV54clMHfc1LKznch\">Reichhaltiger, s\u00fc\u00dfer Traubengeschmack kombiniert mit eisigem Menthol. Die Traube schmeckt wie frisch gepfl\u00fcckte Concord-Trauben, und das Eis f\u00fcgt eine Schicht von Frische hinzu, die jeden Zug genussvoll macht. Es ist eine gro\u00dfartige Option f\u00fcr alle, die tiefgr\u00fcndige, fruchtige Geschm\u00e4cker mit einem erfrischenden Twist lieben.<\/div>\n<h5 class=\"heading-4 ace-line old-record-id-DtKPfiFS3dt93VcIRlwc6d0knec\">9. Wassermelonen-Eis<\/h5>\n<div class=\"ace-line ace-line old-record-id-PtmHfUgS1d2Pq7c6mLDc1sujnrh\">Ein klassischer Vape-Geschmack, und dieser hier macht es richtig. Saftige, s\u00fc\u00dfe Wassermelone wird mit einem leichten Eis-Finish ausgeglichen, das den Geschmack einer kalten Wassermelonen-Scheibe an einem hei\u00dfen Tag nachahmt. Es ist glatt, erfrischend und endlos dampfbar.<\/div>\n<h5 class=\"heading-4 ace-line old-record-id-CQx7fNvBidI4lBcLJk5cD7PBnXe\">10. Blaubeere Minze<\/h5>\n<div class=\"ace-line ace-line old-record-id-PgkgfjcVDdjc4CcKmxzcEorrnKd\">Eine subtile, aber k\u00f6stliche Kombination aus Blaubeere und Minze. Die Blaubeere f\u00fcgt eine s\u00fc\u00dfe, fruchtige Basis hinzu, w\u00e4hrend die Minze ein frisches, k\u00fchlendes Finish bietet. Im Gegensatz zu den Eis-Versionen ist die Minze hier eher kr\u00e4uterig und mild, was f\u00fcr einen glatten, abgerundeten Geschmack sorgt.<\/div>\n<h3 class=\"heading-2 ace-line old-record-id-WxcHfsIoZdufnbcahY4cTKzxnzf\">Wichtige Funktionen, die das Erlebnis verbessern \u2699\ufe0f<\/h3>\n<div class=\"ace-line ace-line old-record-id-IlgvfSnerdOnXicqCODc9hPCnec\">\u00dcber die Geschm\u00e4cker hinaus bietet der Elf World AI 22000 Z\u00fcge eine Reihe von Funktionen, die es zu einem zuverl\u00e4ssigen und benutzerfreundlichen Ger\u00e4t machen. Lassen Sie uns einen genaueren Blick darauf werfen:<\/div>\n<h4 class=\"heading-3 ace-line old-record-id-Lri9fjZEYd3rzFcX09CcjoL0nEh\">Anzeige &amp; Luftstromkontrolle<\/h4>\n<div class=\"ace-line ace-line old-record-id-FQ12fANSudfLqRcfaCWctIlhnhe\">Der digitale Bildschirm ist eine praktische Erg\u00e4nzung \u2013 er erm\u00f6glicht es Ihnen, den verbleibenden E-Liquid- und Akkustand im Auge zu behalten, sodass Sie nie \u00fcberrascht werden. Au\u00dferdem bedeutet das einstellbare Design der Luftzufuhr, dass Sie je nach Vorliebe zwischen einem engen, eingeschr\u00e4nkten Zug und einem lockereren, luftigeren wechseln k\u00f6nnen.<\/div>\n<h4 class=\"heading-3 ace-line old-record-id-AmeIffgdIddHfNcfGz8cS76HnM1\">Nikotin- &amp; E-Liquid-Optionen<\/h4>\n<div class=\"ace-line ace-line old-record-id-R7ikfnYJMduxnVcXf0vcFRG3nde\">Mit 0\/2\/3\/5% Nikotinsalz-Optionen richtet sich dieses Ger\u00e4t sowohl an nikotinfrei Dampfer als auch an diejenigen, die einen st\u00e4rkeren Zug bevorzugen. Nikotinsalz sorgt auch f\u00fcr einen sanfteren Halszug, selbst bei h\u00f6heren St\u00e4rken. Die 26ML E-Liquid-Kapazit\u00e4t ist gro\u00dfz\u00fcgig, insbesondere in Kombination mit der Anzahl von 22000 Z\u00fcgen, sodass Sie Ihren Lieblingsgeschmack l\u00e4nger genie\u00dfen k\u00f6nnen.<\/div>\n<h4 class=\"heading-3 ace-line old-record-id-VVPnf4EZRdBkxgcbUQlc1u4Nn4d\">Spulen- &amp; Akku-Leistung<\/h4>\n<div class=\"ace-line ace-line old-record-id-Lsp1fq1ildUEfEcLmhkcwoTknpb\">Die 1.0*2 Ohm Dual-Mesh-Spule ist f\u00fcr schnelles Heizen und konsistente Geschmacksabgabe ausgelegt. Sie produziert bei jedem Zug glatten, geschmackvollen Dampf, und das Mesh-Design sorgt f\u00fcr eine gleichm\u00e4\u00dfige Erw\u00e4rmung, wodurch trockene Z\u00fcge verhindert werden. Der integrierte 650mAh-Akku ist \u00fcber Type-C aufladbar, was praktisch ist \u2013 schlie\u00dfen Sie ihn einfach an einen beliebigen Type-C-Anschluss an, wenn der Akku schwach ist, und Sie k\u00f6nnen in k\u00fcrzester Zeit wieder dampfen.<\/div>\n<\/div>\n<\/div>\n<\/div>\n<\/div>\n<\/div>\n<\/div>\n<\/div>\n<\/div>\n<\/div>\n<\/div>\n<\/div>\n<\/div>\n<\/div>\n<\/div>\n<\/div>\n<\/div>\n<\/div>\n<\/div>\n<\/div>\n<\/div>\n<\/div>\n<\/div>\n<\/div>\n<\/div>\n<\/div>\n<\/div>\n<\/div>\n<\/div>\n<\/div>\n<\/div>\n<\/div>\n<\/div>\n<\/div>\n<\/div>\n<\/div>\n<\/div>\n<\/div>\n<\/div>\n<\/div>\n<\/div>\n<\/div>\n<\/div>\n<\/div>\n<\/div>\n<\/div>\n<\/div>\n<\/div>\n<\/div>\n<\/div>\n<\/div>\n<\/div>\n<\/div>\n<\/div>\n<\/div>\n<\/div>\n<\/div>\n<\/div>\n<\/div>","protected":false},"excerpt":{"rendered":"<div data-page-id=\"RAopf2sw9dtvw4cWYXpcTwo0n8g\" data-lark-html-role=\"root\" data-docx-has-block-data=\"false\">\n<div class=\"ace-line ace-line old-record-id-Uju9f3RXYd8dh2crAJbcBF3Un6M\">Elf World AI 22000 Puffs ist ein herausragendes Einweg-Vape mit 10 lebhaften Geschmacksrichtungen, von Mango Apfel Birne bis Blaubeere Minze. Es verf\u00fcgt \u00fcber einstellbaren Luftstrom, ein digitales Display, 26 mL E-Liquid und einen wiederaufladbaren 650mAh Type-C Akku. Mehrere Nikotinst\u00e4rken bedienen alle Dampfer und liefern jedes Mal sanfte, konsistente Z\u00fcge.<\/div>\n<\/div>","protected":false},"featured_media":5354,"comment_status":"open","ping_status":"closed","template":"","meta":{"_acf_changed":false,"inline_featured_image":false,"_sitemap_exclude":false,"_sitemap_priority":"","_sitemap_frequency":""},"product_brand":[93],"product_cat":[85],"product_tag":[],"class_list":{"0":"post-5343","1":"product","2":"type-product","3":"status-publish","4":"has-post-thumbnail","6":"product_brand-elf-world","7":"product_cat-elf-world-puff","9":"first","10":"instock","11":"sale","12":"shipping-taxable","13":"purchasable","14":"product-type-variable","15":"has-default-attributes"},"acf":[],"tiered_pricing_type":"fixed","tiered_pricing_fixed_rules":{"30":10.65,"60":10.05,"100":9.49,"200":8.1},"tiered_pricing_product_settings":{"layout":"default","base_unit_name":{"singular":null,"plural":null},"default_variation":null},"tiered_pricing_minimum_quantity":10,"tiered_pricing_roles_data":[],"tiered_pricing_percentage_rules":[],"tiered_pricing_maximum_quantity":null,"tiered_pricing_quantity_step":"10","_links":{"self":[{"href":"https:\/\/oiovape.com\/de\/wp-json\/wp\/v2\/product\/5343","targetHints":{"allow":["GET"]}}],"collection":[{"href":"https:\/\/oiovape.com\/de\/wp-json\/wp\/v2\/product"}],"about":[{"href":"https:\/\/oiovape.com\/de\/wp-json\/wp\/v2\/types\/product"}],"replies":[{"embeddable":true,"href":"https:\/\/oiovape.com\/de\/wp-json\/wp\/v2\/comments?post=5343"}],"version-history":[{"count":0,"href":"https:\/\/oiovape.com\/de\/wp-json\/wp\/v2\/product\/5343\/revisions"}],"wp:featuredmedia":[{"embeddable":true,"href":"https:\/\/oiovape.com\/de\/wp-json\/wp\/v2\/media\/5354"}],"wp:attachment":[{"href":"https:\/\/oiovape.com\/de\/wp-json\/wp\/v2\/media?parent=5343"}],"wp:term":[{"taxonomy":"product_brand","embeddable":true,"href":"https:\/\/oiovape.com\/de\/wp-json\/wp\/v2\/product_brand?post=5343"},{"taxonomy":"product_cat","embeddable":true,"href":"https:\/\/oiovape.com\/de\/wp-json\/wp\/v2\/product_cat?post=5343"},{"taxonomy":"product_tag","embeddable":true,"href":"https:\/\/oiovape.com\/de\/wp-json\/wp\/v2\/product_tag?post=5343"}],"curies":[{"name":"wp","href":"https:\/\/api.w.org\/{rel}","templated":true}]}}