{"id":5494,"date":"2026-01-20T09:46:20","date_gmt":"2026-01-20T09:46:20","guid":{"rendered":"https:\/\/oiovape.com\/?post_type=product&#038;p=5494"},"modified":"2026-04-14T14:44:55","modified_gmt":"2026-04-14T06:44:55","slug":"aivono-aim-magic-20000-puffs","status":"publish","type":"product","link":"https:\/\/oiovape.com\/de\/product\/aivono-aim-magic-20000-puffs\/","title":{"rendered":"AIVONO AIM MAGIC 20000 Z\u00dcNDUNGEN LED-Display Smarte Einweg-E-Zigarette mit Dual-Mesh-Coil"},"content":{"rendered":"<div data-page-id=\"ZVeMfq8uxd7y1ycuKm5cym4LnYd\" data-lark-html-role=\"root\" data-docx-has-block-data=\"false\">\n<div data-page-id=\"Fd41fZ5N9dzRQtcRNoVc2FuDnCh\" data-lark-html-role=\"root\" data-docx-has-block-data=\"true\">\n<div data-page-id=\"BdIJfeeijdk1eucGpS8cDCBBn5c\" data-lark-html-role=\"root\" data-docx-has-block-data=\"false\">\n<div data-page-id=\"Zbg9fWx77dUuh2cIYpic25c8nyd\" data-lark-html-role=\"root\" data-docx-has-block-data=\"false\">\n<div data-page-id=\"KaIvfiurhdlCKdc0kyxcX64cnE6\" data-lark-html-role=\"root\" data-docx-has-block-data=\"true\">\n<div data-page-id=\"PbvFfqxqlddUTScRpEYcY5MHnpf\" data-lark-html-role=\"root\" data-docx-has-block-data=\"true\">\n<div data-page-id=\"GZO2f5JeudwY4jc9iJtcdk9Hnxh\" data-lark-html-role=\"root\" data-docx-has-block-data=\"false\">\n<div data-page-id=\"EZVRf2acFduXLGcseZFc4qH2n6e\" data-lark-html-role=\"root\" data-docx-has-block-data=\"false\">\n<div data-page-id=\"B8rHfcqlqdzmH5cCWCncz17Cntb\" data-lark-html-role=\"root\" data-docx-has-block-data=\"false\">\n<div data-page-id=\"B8rHfcqlqdzmH5cCWCncz17Cntb\" data-lark-html-role=\"root\" data-docx-has-block-data=\"false\">\n<div data-page-id=\"B8rHfcqlqdzmH5cCWCncz17Cntb\" data-lark-html-role=\"root\" data-docx-has-block-data=\"true\">\n<div data-page-id=\"HM70f1aoxdD0bMcxJZBcVc7ynZd\" data-lark-html-role=\"root\" data-docx-has-block-data=\"false\">\n<div data-page-id=\"NSrJfN7Ord22i0c1iwZcsF8yn8b\" data-lark-html-role=\"root\" data-docx-has-block-data=\"false\">\n<div data-page-id=\"RXEff4Mskds8o1cqL5HcGEtUnCh\" data-lark-html-role=\"root\" data-docx-has-block-data=\"false\">\n<div data-page-id=\"KJ7gfqkVndMSRJcMseScmvYwnTc\" data-lark-html-role=\"root\" data-docx-has-block-data=\"false\">\n<div class=\"ace-line ace-line old-record-id-QADAfETPudgmudc05YvcTO5fnxe\">\n<div data-page-id=\"KJ7gfqkVndMSRJcMseScmvYwnTc\" data-lark-html-role=\"root\" data-docx-has-block-data=\"false\">\n<div class=\"ace-line ace-line old-record-id-JoRkfpho8dOkiacEOascDyCOncb\">\n<div data-page-id=\"KJ7gfqkVndMSRJcMseScmvYwnTc\" data-lark-html-role=\"root\" data-docx-has-block-data=\"false\">\n<div data-page-id=\"Ju6ofQ3V4dGmePcVvJvc1gmcnZb\" data-lark-html-role=\"root\" data-docx-has-block-data=\"true\">\n<div data-page-id=\"PR9ife5PLdFabccbFgZcWgZOnTc\" data-lark-html-role=\"root\" data-docx-has-block-data=\"false\">\n<div data-page-id=\"INdrfOIGzdaenXcptrcc1BcznQc\" data-lark-html-role=\"root\" data-docx-has-block-data=\"false\">\n<div class=\"ace-line ace-line old-record-id-P0fIf4YaZdoGkbcxt5ackec2nnb\">\n<div data-page-id=\"INdrfOIGzdaenXcptrcc1BcznQc\" data-lark-html-role=\"root\" data-docx-has-block-data=\"false\">\n<div data-page-id=\"MAzCfUB73dMTQscm8eWcougVn1g\" data-lark-html-role=\"root\" data-docx-has-block-data=\"true\">\n<div data-page-id=\"AXfpf7H1odhDvGcKoUOcErN8nV7\" data-lark-html-role=\"root\" data-docx-has-block-data=\"false\">\n<div data-page-id=\"QYTKf5PvLdUNdbce2nBcW9yfnrh\" data-lark-html-role=\"root\" data-docx-has-block-data=\"false\">\n<div data-page-id=\"Pvu1f1CCBdxbjncA9pgcBTpanph\" data-lark-html-role=\"root\" data-docx-has-block-data=\"true\">\n<div data-page-id=\"Axf3fcmY8dDAhtcjVircBcphnPc\" data-lark-html-role=\"root\" data-docx-has-block-data=\"false\">\n<div data-page-id=\"KKj1f9SPmdLhhMc5E2AcNlLen6f\" data-lark-html-role=\"root\" data-docx-has-block-data=\"true\">\n<div data-page-id=\"Rx61fK1sJdXHjPcBuhZcweNhnwc\" data-lark-html-role=\"root\" data-docx-has-block-data=\"false\">\n<div data-page-id=\"L1H9fkG9Mdz45Fcy4WMc5VKXnRe\" data-lark-html-role=\"root\" data-docx-has-block-data=\"false\">\n<div data-page-id=\"L1H9fkG9Mdz45Fcy4WMc5VKXnRe\" data-lark-html-role=\"root\" data-docx-has-block-data=\"false\">\n<div data-page-id=\"D4XLfVBVrdE8mrcaYizczklLnaf\" data-lark-html-role=\"root\" data-docx-has-block-data=\"false\">\n<div data-page-id=\"WVcifIY44d5mhMcXtyEcTsfenGd\" data-lark-html-role=\"root\" data-docx-has-block-data=\"true\">\n<div data-page-id=\"LRknfa6Whd4DWCcUc0FcNKpJnyh\" data-lark-html-role=\"root\" data-docx-has-block-data=\"false\">\n<div data-page-id=\"LRknfa6Whd4DWCcUc0FcNKpJnyh\" data-lark-html-role=\"root\" data-docx-has-block-data=\"false\">\n<div data-page-id=\"XFRAfkcOEdRWh8cArQ2cJdyRnJf\" data-lark-html-role=\"root\" data-docx-has-block-data=\"true\">\n<div data-page-id=\"OQ3bfjnRddMTDGcC3ouc6xFKnWf\" data-lark-html-role=\"root\" data-docx-has-block-data=\"true\">\n<div data-page-id=\"J0iGfj1hEdjc4rcUdSmc4spMnmZ\" data-lark-html-role=\"root\" data-docx-has-block-data=\"false\">\n<div data-page-id=\"P1o7fFyNlduP8tcfZpQcagzbnIf\" data-lark-html-role=\"root\" data-docx-has-block-data=\"false\">\n<div class=\"ace-line ace-line old-record-id-P1o7fFyNlduP8tcfZpQcagzbnIf\">\n<div data-page-id=\"P1o7fFyNlduP8tcfZpQcagzbnIf\" data-lark-html-role=\"root\" data-docx-has-block-data=\"false\">\n<div data-page-id=\"U4iufW38SdttWKcTstMcTtHRnXc\" data-lark-html-role=\"root\" data-docx-has-block-data=\"true\">\n<div data-page-id=\"ONVMf7VTWddcFtcyATOchCJHnZb\" data-lark-html-role=\"root\" data-docx-has-block-data=\"true\">\n<div data-page-id=\"KoW2fSy0PdLHFlc5kSHcgvWMnYg\" data-lark-html-role=\"root\" data-docx-has-block-data=\"false\">\n<div data-page-id=\"KoW2fSy0PdLHFlc5kSHcgvWMnYg\" data-lark-html-role=\"root\" data-docx-has-block-data=\"false\">\n<div data-page-id=\"OLGhfzxC7d7EFIcLEj9cRT5ynZf\" data-lark-html-role=\"root\" data-docx-has-block-data=\"false\">\n<div data-page-id=\"DdnnfrLjzdqrFIc9Il9c7pA2noc\" data-lark-html-role=\"root\" data-docx-has-block-data=\"true\">\n<div data-page-id=\"KNzcf2o0oddkJOcztTVcqPdlnth\" data-lark-html-role=\"root\" data-docx-has-block-data=\"false\">\n<div data-page-id=\"LBU7fg5SEdkWhecGJoxca3xvnCe\" data-lark-html-role=\"root\" data-docx-has-block-data=\"false\">\n<div data-page-id=\"EB70fooS3d69bMcgWB7c5qb9n8g\" data-lark-html-role=\"root\" data-docx-has-block-data=\"false\">\n<div data-page-id=\"AogwfsZCadB6t0cAvF0cK4JLnvf\" data-lark-html-role=\"root\" data-docx-has-block-data=\"false\">\n<div data-page-id=\"AogwfsZCadB6t0cAvF0cK4JLnvf\" data-lark-html-role=\"root\" data-docx-has-block-data=\"false\">\n<div data-page-id=\"JMZIflNGddQuU0c5JZocSqlvnle\" data-lark-html-role=\"root\" data-docx-has-block-data=\"false\">\n<div data-page-id=\"JMZIflNGddQuU0c5JZocSqlvnle\" data-lark-html-role=\"root\" data-docx-has-block-data=\"true\">\n<div data-page-id=\"HtEafjjRIdPAlMc9zgYcsGy6nOe\" data-lark-html-role=\"root\" data-docx-has-block-data=\"false\">\n<div data-page-id=\"Rhnafz0WTdDeT9c43xxczsbVnJo\" data-lark-html-role=\"root\" data-docx-has-block-data=\"false\">\n<div data-page-id=\"WY0CfKdcTdf4hVcZl67ct5LGncf\" data-lark-html-role=\"root\" data-docx-has-block-data=\"true\">\n<div data-page-id=\"MkB5fF4AVdchovcoPEpc7LqvnOd\" data-lark-html-role=\"root\" data-docx-has-block-data=\"true\">\n<div data-page-id=\"MfbjfZhbhdJdA8cH1dAckqF0n6g\" data-lark-html-role=\"root\" data-docx-has-block-data=\"false\">\n<p><img decoding=\"async\" class=\"alignnone wp-image-8315 size-full\" title=\"AIVONO AIM MAGIC 20K Disposable Vape\" src=\"https:\/\/oiovape.com\/wp-content\/uploads\/2026\/04\/AIVONO-AIM-MAGIC-20K-Disposable-Vape.jpg\" alt=\"AIVONO AIM MAGIC 20K Disposable Vape\" width=\"1042\" height=\"1042\" srcset=\"https:\/\/oiovape.com\/wp-content\/uploads\/2026\/04\/AIVONO-AIM-MAGIC-20K-Disposable-Vape.jpg 1042w, https:\/\/oiovape.com\/wp-content\/uploads\/2026\/04\/AIVONO-AIM-MAGIC-20K-Disposable-Vape-300x300.jpg 300w, https:\/\/oiovape.com\/wp-content\/uploads\/2026\/04\/AIVONO-AIM-MAGIC-20K-Disposable-Vape-1024x1024.jpg 1024w, https:\/\/oiovape.com\/wp-content\/uploads\/2026\/04\/AIVONO-AIM-MAGIC-20K-Disposable-Vape-150x150.jpg 150w, https:\/\/oiovape.com\/wp-content\/uploads\/2026\/04\/AIVONO-AIM-MAGIC-20K-Disposable-Vape-768x768.jpg 768w, https:\/\/oiovape.com\/wp-content\/uploads\/2026\/04\/AIVONO-AIM-MAGIC-20K-Disposable-Vape-12x12.jpg 12w, https:\/\/oiovape.com\/wp-content\/uploads\/2026\/04\/AIVONO-AIM-MAGIC-20K-Disposable-Vape-600x600.jpg 600w\" sizes=\"(max-width: 1042px) 100vw, 1042px\" \/><\/p>\n<h2 data-path-to-node=\"3\">Entsperren der Magie: Detaillierte Hauptmerkmale des AIVONO AIM MAGIC 20000 Puffs<\/h2>\n<h3 data-path-to-node=\"4\">Massive 20000 Puff Kapazit\u00e4t: Eine endlose Reise<\/h3>\n<p data-path-to-node=\"5\">Sie k\u00f6nnen f\u00fcr eine bemerkenswert lange Zeit dampfen. Ich mag die 20000 Puff Kapazit\u00e4t, weil ich damit wochenlang ohne Sorgen dampfen kann. Das Ger\u00e4t h\u00e4lt 20000 Puffs und \u00fcbertrifft die Konkurrenz, sodass Sie das Ger\u00e4t nicht st\u00e4ndig austauschen m\u00fcssen. Genie\u00dfen Sie ein unglaublich erweitertes Dampferlebnis mit einem Ger\u00e4t, das wie ein Tiefseeu-Boot konstruiert ist \u2013 gebaut f\u00fcr unvergleichliche Langlebigkeit und minimiert die Notwendigkeit h\u00e4ufiger Austausche.<\/p>\n<h3 data-path-to-node=\"6\">Smart Display Screen mit LED Lichtauswahl<\/h3>\n<p data-path-to-node=\"7\">Der Bildschirm ist kristallklar und wundersch\u00f6n in die Fassade integriert. Der Bildschirm bietet Echtzeit-Updates zum Batteriestand, zum E-Liquid-Niveau und zu Ihrem Feuerungsmodus. Der Bildschirm gibt Ihnen vollst\u00e4ndige Kontrolle. Ich mag den Smart Display Screen, weil er die Vitalwerte anzeigt, w\u00e4hrend sie sich \u00e4ndern, und die gef\u00fcrchtete Dry-Hit-\u00dcberraschung eliminiert. Ein klarer, integrierter Bildschirm bietet Echtzeit-Updates zu Ihrer Batterie und verbleibender Fl\u00fcssigkeit und gibt Ihnen vollst\u00e4ndige Kontrolle \u00fcber Ihre Sitzung.<\/p>\n<h3 data-path-to-node=\"8\">Einstellbare Modi: Einfach- und Doppelschalter (Low-Norm, High-Boost)<\/h3>\n<p data-path-to-node=\"9\">Warum sich mit einer einzigen Geschwindigkeit zufriedengeben, wenn Sie die G\u00e4nge wechseln k\u00f6nnen? Das Ger\u00e4t verf\u00fcgt \u00fcber einen Einfach- und Doppelschalter f\u00fcr einstellbare Leistung. Ich finde, dass der High-Boost-Modus einen intensiven, aufgeladenen Geschmackssto\u00df gibt, w\u00e4hrend der Low-Norm-Modus Energie spart f\u00fcr einen sanfteren Zug. Die einstellbaren Low-Norm- und High-Boost-Einstellungen sind f\u00fcr ma\u00dfgeschneiderte Intensit\u00e4t konzipiert und liefern eine angepasste Wolkenleistung genau dann, wenn Sie sie brauchen.<\/p>\n<h3 data-path-to-node=\"10\">Fortgeschrittene 1.0\u03a9 Dual Mesh Coil<\/h3>\n<p data-path-to-node=\"11\">Die 1.0\u03a9 Dual Mesh Coil bietet fehlerlose Leistung. Ich finde, dass die Dual Mesh Coil Geschmack wie Seide webt und bei jedem Puff dicken, glatten Dampf ohne Verbrennung bietet. Die 1.0\u03a9 Dual Mesh Coil ist f\u00fcr optimale W\u00e4rmeverteilung konzipiert und liefert konsistent reichhaltigen Geschmack und dichten Dampf ohne einen einzigen Fehler.<\/p>\n<h3 data-path-to-node=\"12\">30 Minuten vollst\u00e4ndige Aufladung mit 500mAh Batterie<\/h3>\n<p data-path-to-node=\"13\">Die Batterie verf\u00fcgt \u00fcber einen schnellen USB Type-C Anschluss. Die Batterie l\u00e4dt sich in blitzschnellen 30 Minuten auf! Die Batterie erm\u00f6glicht es mir, das Ger\u00e4t effizient zu nutzen, bis die 26ml E-Liquid vollst\u00e4ndig aufgebraucht sind. Ausgestattet mit Schnelllade-Funktionen kann die 500mAh Stromquelle in einer halben Stunde wieder aufgeladen werden, sodass Sie das Ger\u00e4t ohne qu\u00e4lende Wartezeiten nutzen k\u00f6nnen.<\/p>\n<h2 data-path-to-node=\"14\">Verf\u00fcgbare Geschmacksrichtungen des AIVONO AIM MAGIC 20000 Puffs<\/h2>\n<h4 data-path-to-node=\"15\">Eisig &amp; Erfrischende Auswahl<\/h4>\n<h5 data-path-to-node=\"16\">Beeren- &amp; Frucht-Eis-Mischungen<\/h5>\n<ul data-path-to-node=\"17\">\n<li>\n<p data-path-to-node=\"17,0,0\">Blaubeereis<\/p>\n<\/li>\n<li>\n<p data-path-to-node=\"17,1,0\">Erdbeer Eis<\/p>\n<\/li>\n<li>\n<p data-path-to-node=\"17,2,0\">Wassermelone Eis<\/p>\n<\/li>\n<li>\n<p data-path-to-node=\"17,3,0\">Blaue Razz Eis<\/p>\n<\/li>\n<li>\n<p data-path-to-node=\"17,4,0\">Pfirsich Eis<\/p>\n<\/li>\n<li>\n<p data-path-to-node=\"17,5,0\">Traube Eis<\/p>\n<\/li>\n<li>\n<p data-path-to-node=\"17,6,0\">Erdbeer Kiwi Eis<\/p>\n<\/li>\n<li>\n<p data-path-to-node=\"17,7,0\">Eisige Wassermelone Kirsche<\/p>\n<\/li>\n<\/ul>\n<h4 data-path-to-node=\"18\">Fruchtige, s\u00fc\u00dfe &amp; einzigartige Auswahl<\/h4>\n<h5 data-path-to-node=\"19\">Tropische &amp; Dessert-Mischungen<\/h5>\n<ul data-path-to-node=\"20\">\n<li>\n<p data-path-to-node=\"20,0,0\">Ananas Kokosnuss<\/p>\n<\/li>\n<li>\n<p data-path-to-node=\"20,1,0\">Ananas Mango<\/p>\n<\/li>\n<li>\n<p data-path-to-node=\"20,2,0\">Gemischte Beeren<\/p>\n<\/li>\n<li>\n<p data-path-to-node=\"20,3,0\">Erdbeere Wassermelone<\/p>\n<\/li>\n<li>\n<p data-path-to-node=\"20,4,0\">Pinke Limonade<\/p>\n<\/li>\n<li>\n<p data-path-to-node=\"20,5,0\">Himbeere Pfirsich Limette<\/p>\n<\/li>\n<li>\n<p data-path-to-node=\"20,6,0\">Saure \u00c4pfel<\/p>\n<\/li>\n<li>\n<p data-path-to-node=\"20,7,0\">Erdbeereis<\/p>\n<\/li>\n<li>\n<p data-path-to-node=\"20,8,0\">Cooler Minze<\/p>\n<\/li>\n<li>\n<p data-path-to-node=\"20,9,0\">Wassermelonen-Kaugummi<\/p>\n<\/li>\n<li>\n<p data-path-to-node=\"20,10,0\">Love 66<\/p>\n<\/li>\n<li>\n<p data-path-to-node=\"20,11,0\">Coco Melon<\/p>\n<\/li>\n<\/ul>\n<p><img decoding=\"async\" class=\"alignnone wp-image-5533 size-full\" title=\"AIM MAGIC 20000 Puffs Geschmack\" src=\"https:\/\/oiovape.com\/wp-content\/uploads\/2026\/01\/AIM-MAGIC-20000-Puffs-Flavor.jpg\" alt=\"AIM MAGIC 20000 Puffs Geschmack\" width=\"800\" height=\"800\" srcset=\"https:\/\/oiovape.com\/wp-content\/uploads\/2026\/01\/AIM-MAGIC-20000-Puffs-Flavor.jpg 800w, https:\/\/oiovape.com\/wp-content\/uploads\/2026\/01\/AIM-MAGIC-20000-Puffs-Flavor-600x600.jpg 600w, https:\/\/oiovape.com\/wp-content\/uploads\/2026\/01\/AIM-MAGIC-20000-Puffs-Flavor-150x150.jpg 150w, https:\/\/oiovape.com\/wp-content\/uploads\/2026\/01\/AIM-MAGIC-20000-Puffs-Flavor-300x300.jpg 300w, https:\/\/oiovape.com\/wp-content\/uploads\/2026\/01\/AIM-MAGIC-20000-Puffs-Flavor-768x768.jpg 768w, https:\/\/oiovape.com\/wp-content\/uploads\/2026\/01\/AIM-MAGIC-20000-Puffs-Flavor-12x12.jpg 12w\" sizes=\"(max-width: 800px) 100vw, 800px\" \/><\/p>\n<h2 data-path-to-node=\"21\">Vorteile des AIVONO AIM MAGIC 20K<\/h2>\n<h3 data-path-to-node=\"22\">Au\u00dfergew\u00f6hnliche Langlebigkeit<\/h3>\n<p data-path-to-node=\"23\">Ich sch\u00e4tze, dass das Ger\u00e4t etwa 20000 Puffs bietet. Das Ger\u00e4t kann seinen Akku schnell aufladen und au\u00dfergew\u00f6hnlichen Wert bieten. Das Ger\u00e4t reduziert Umweltabf\u00e4lle im Vergleich zu fl\u00fcchtigen, kleineren Ger\u00e4ten. Mit 20000 Puffs und einem schnellladef\u00e4higen Kern bietet dieses einzelne Ger\u00e4t unvergleichlichen Wert und reduziert Abfall im Vergleich zu Standard-Einwegger\u00e4ten.<\/p>\n<h3 data-path-to-node=\"24\">Reine und anpassbare Geschmackserfahrung<\/h3>\n<p data-path-to-node=\"25\">Ich mag die Pure Flavor Experience. Die flexiblen Nikotinoptionen und die Dual Mesh Coil erm\u00f6glichen es mir, mein E-Liquid genau so zu schmecken, wie das Geschmacksprofil beabsichtigt ist. Die fortgeschrittene Spulenstruktur h\u00e4lt den Geschmack rein, sodass Sie den lebendigen, unverf\u00e4lschten Geschmack Ihrer gew\u00e4hlten Mischung genie\u00dfen k\u00f6nnen, \u00e4hnlich wie frisch gepressten Fruchtnektar zu kosten.<\/p>\n<h3 data-path-to-node=\"26\">Vollst\u00e4ndiges Benutzer-Bewusstsein<\/h3>\n<p data-path-to-node=\"27\">Der Smart Display Screen nimmt alle Vermutungen weg. Der Smart Display Screen teilt dem Benutzer genau mit, wann das Ger\u00e4t aufgeladen werden muss und wie viel E-Liquid noch vorhanden ist. Wer w\u00fcrde sich nicht ein Ger\u00e4t w\u00fcnschen, das buchst\u00e4blich durch seine lebendige Schnittstelle mit Ihnen spricht? Der Smart Screen eliminiert Vermutungen und Sie werden immer genau wissen, wann Sie Ihr Ger\u00e4t aufladen m\u00fcssen und wie viel E-Liquid verbleibt.<\/p>\n<h2 data-path-to-node=\"28\">Suchen Sie nach dem AIVONO Aim Magic 20000 Puffs?<\/h2>\n<p data-path-to-node=\"29\">Sie k\u00f6nnen den AIVONO Aim Magic 20000 Puffs bei seri\u00f6sen Online-Dampf-Einzelh\u00e4ndlern und lokalen Boutiquen finden. Ich habe den AIVONO AIM MAGIC 20000 Puffs von vertrauensw\u00fcrdigen Gesch\u00e4ften gekauft, die authentische Ausr\u00fcstung priorisieren. Das Finden eines zuverl\u00e4ssigen Verk\u00e4ufers stellt sicher, dass Sie authentische Dampfprodukte erhalten und dient als Ihre erste Anlaufstelle f\u00fcr hochwertige Ger\u00e4te.<\/p>\n<h2 data-path-to-node=\"30\">Paket beinhaltet<\/h2>\n<ul data-path-to-node=\"31\">\n<li>\n<p data-path-to-node=\"31,0,0\">1 \u00d7 AIVONO Aim Magic 20000 Puffs Ger\u00e4t<\/p>\n<\/li>\n<li>\n<p data-path-to-node=\"31,1,0\">1 \u00d7 USB-C-Ladekabel<\/p>\n<\/li>\n<li>\n<p data-path-to-node=\"31,2,0\">1 \u00d7 Benutzerhandbuch<\/p>\n<\/li>\n<\/ul>\n<h2 data-path-to-node=\"32\">Vor- und Nachteile AIVONO Aim Magic 20000 Puffs<\/h2>\n<p data-path-to-node=\"33\">\u2705 <b data-path-to-node=\"33\" data-index-in-node=\"2\">Vorteile:<\/b><\/p>\n<ul data-path-to-node=\"34\">\n<li>\n<p data-path-to-node=\"34,0,0\">Astronomische Zugzahl (20000)<\/p>\n<\/li>\n<li>\n<p data-path-to-node=\"34,1,0\">Blitzschnelles 30-Minuten-Vollaufladen \u2014 Schnellladen macht das Ger\u00e4t hochverf\u00fcgbar, erh\u00f6ht den Komfort und hilft dem Ger\u00e4t, ohne lange Ausfallzeiten einsatzbereit zu bleiben, wodurch die Lebensdauer und der Wert verl\u00e4ngert werden.<\/p>\n<\/li>\n<li>\n<p data-path-to-node=\"34,2,0\">Doppelte Mesh-Spule f\u00fcr \u00fcberlegene Geschmacks- und Dampfproduktion.<\/p>\n<\/li>\n<li>\n<p data-path-to-node=\"34,3,0\">Smart-Display-Bildschirm f\u00fcr Echtzeit-Verfolgung von Saft, Batterie und Boost-Modi.<\/p>\n<\/li>\n<li>\n<p data-path-to-node=\"34,4,0\">Flexible Nikotinoptionen (0%, 2%, 3%, 5%) f\u00fcr alle Vorlieben.<\/p>\n<\/li>\n<\/ul>\n<p data-path-to-node=\"35\">\u274c <b data-path-to-node=\"35\" data-index-in-node=\"2\">Nachteile:<\/b><\/p>\n<ul data-path-to-node=\"36\">\n<li>\n<p data-path-to-node=\"36,0,0\">Etwas klobiger als Low-Puff-Einwegger\u00e4te aufgrund des massiven 26-ml-internen Tanks.<\/p>\n<\/li>\n<li>\n<p data-path-to-node=\"36,1,0\">Ich habe festgestellt, dass das Ger\u00e4t nicht nachf\u00fcllbar ist \u2014 sobald die Menge an E-Liquid aufgebraucht ist, ist das Ger\u00e4t fertig und funktioniert nicht mehr.<\/p>\n<\/li>\n<\/ul>\n<h2 data-path-to-node=\"37\">FAQ<\/h2>\n<p data-path-to-node=\"38\"><strong>F: Ich m\u00f6chte die Zugzahl kennen. Wie viele Z\u00fcge gibt das AIVONO AIM MAGIC 20K Puffs?<\/strong><\/p>\n<p data-path-to-node=\"39\"><b data-path-to-node=\"39\" data-index-in-node=\"0\">A:<\/b> Das Einwegger\u00e4t bietet bis zu 20000 Z\u00fcge. Je nach Nutzungsgewohnheiten ist das Einwegger\u00e4t ein Ausdauerl\u00e4ufer beim Dampfen und geh\u00f6rt zu den langlebigsten Einwegger\u00e4ten auf dem Markt.<\/p>\n<p data-path-to-node=\"40\"><strong>F: Ich m\u00f6chte wissen, ob das AIVONO AIM MAGIC 20000 Puffs einen Akku hat?<\/strong><\/p>\n<p data-path-to-node=\"41\"><b data-path-to-node=\"41\" data-index-in-node=\"0\">A:<\/b> Ja. Der 500-mAh-Akku ist im Lieferumfang enthalten. Der 500-mAh-wiederaufladbare Akku wird \u00fcber USB Typ-C in nur 30 Minuten aufgeladen und bietet robuste Nutzung. Es verf\u00fcgt \u00fcber einen Schnelllade-Akku f\u00fcr erweiterte Nutzung.<\/p>\n<p data-path-to-node=\"42\"><strong>F: Welche Geschmacksoptionen gibt es f\u00fcr das AIVONO AIM MAGIC 20000 Puffs?<\/strong><\/p>\n<p data-path-to-node=\"43\"><b data-path-to-node=\"43\" data-index-in-node=\"0\">A:<\/b> Ich kann sehen, dass die Geschmacksrichtungen eisige Klassiker wie Blueberry Ice und Watermelon Ice, tropische Fluchtpunkte wie Pineapple Coconut und mysteri\u00f6se Mischungen wie Love 66 umfassen. Geschmacksrichtungen erscheinen hier und umfassen alle diese vielf\u00e4ltigen Optionen f\u00fcr jeden Geschmack.<\/p>\n<p data-path-to-node=\"44\"><strong>F: Ich habe eine Frage. Enth\u00e4lt das aivono magic 20000 Puffs Disposable Vape Nikotin?<\/strong><\/p>\n<p data-path-to-node=\"45\"><b data-path-to-node=\"45\" data-index-in-node=\"0\">A:<\/b> Dieses Modell bietet hochflexible St\u00e4rken einschlie\u00dflich 0%, 2%, 3% und 5%. Die unterschiedlichen Nikotinst\u00e4rken bieten ein anpassbares Dampferlebnis und bieten alles von einer nikotinfreien Sitzung bis zu einem traditionellen kr\u00e4ftigen Hit.<\/p>\n<p data-path-to-node=\"46\"><strong>F: Wie wei\u00df ich, wann ich es aufladen oder ersetzen muss?<\/strong><\/p>\n<p data-path-to-node=\"47\"><b data-path-to-node=\"47\" data-index-in-node=\"0\">A:<\/b> Der integrierte Smart-Display-Bildschirm zeigt die Akkulaufzeit in Echtzeit an. Der integrierte Bildschirm zeigt auch E-Liquid-Pegel und Ihren Feuermodus (Norm\/Boost) an, was das Tracking unglaublich einfach macht. Der integrierte Bildschirm zeigt Echtzeit-Vitaldaten f\u00fcr absolute Bequemlichkeit an.<\/p>\n<h2 data-path-to-node=\"48\">Fazit<\/h2>\n<p data-path-to-node=\"49\">Ich finde das AIVONO AIM MAGIC 20000 Puffs Disposable Vape unglaublich zuverl\u00e4ssig und erstaunlich hochkapazitiv f\u00fcr alle Arten des Dampfens. Das AIVONO AIM MAGIC 20000 Puffs Disposable Vape hat doppelte Mesh-Spulen, ein lebendiges Smart-Display, verstellbare Boost-Modi und viele Geschmacksrichtungen, die enormen Wert bieten und die Verwendung m\u00fchelos einfach machen. Ich verwende das AIVONO AIM MAGIC 20000 Puffs Disposable Vape t\u00e4glich. Das AIVONO MAGIC 20000 Puffs h\u00e4lt unglaublich lange, ohne kompliziert zu sein. Das AIVONO AIM MAGIC 20000 Puffs ist eine exquisite Wahl f\u00fcr den t\u00e4glichen Gebrauch.<\/p>\n<\/div>\n<\/div>\n<\/div>\n<\/div>\n<\/div>\n<\/div>\n<\/div>\n<\/div>\n<\/div>\n<\/div>\n<\/div>\n<\/div>\n<\/div>\n<\/div>\n<\/div>\n<\/div>\n<\/div>\n<\/div>\n<\/div>\n<\/div>\n<\/div>\n<\/div>\n<\/div>\n<\/div>\n<\/div>\n<\/div>\n<\/div>\n<\/div>\n<\/div>\n<\/div>\n<\/div>\n<\/div>\n<\/div>\n<\/div>\n<\/div>\n<\/div>\n<\/div>\n<\/div>\n<\/div>\n<\/div>\n<\/div>\n<\/div>\n<\/div>\n<\/div>\n<\/div>\n<\/div>\n<\/div>\n<\/div>\n<\/div>\n<\/div>\n<\/div>\n<\/div>\n<\/div>\n<\/div>\n<\/div>\n<\/div>\n<\/div>\n<\/div>\n<\/div>\n<\/div>\n<\/div>","protected":false},"excerpt":{"rendered":"<div data-page-id=\"RAopf2sw9dtvw4cWYXpcTwo0n8g\" data-lark-html-role=\"root\" data-docx-has-block-data=\"false\">\n<div class=\"ace-line ace-line old-record-id-Uju9f3RXYd8dh2crAJbcBF3Un6M\">Der AIVONO AIM MAGIC 20000 Puffs ist ein herausragendes Einweg-Vape, das 20 verschiedene Geschmacksrichtungen von eisiger Blaubeere bis cremigem Kokos-Melone bietet. Es verf\u00fcgt \u00fcber einen 1,0\u03a9 Dual-Mesh-Kern, 26 ml E-Liquid, flexible Nikotinstufen, einen wiederaufladbaren Type-C-Akku und ein LED-Display f\u00fcr zus\u00e4tzlichen Komfort.<\/div>\n<\/div>","protected":false},"featured_media":5521,"comment_status":"closed","ping_status":"closed","template":"","meta":{"_acf_changed":false,"inline_featured_image":false,"_sitemap_exclude":false,"_sitemap_priority":"","_sitemap_frequency":""},"product_brand":[91],"product_cat":[87,239,249],"product_tag":[],"class_list":{"0":"post-5494","1":"product","2":"type-product","3":"status-publish","4":"has-post-thumbnail","6":"product_brand-aivono","7":"product_cat-aivono-puff","8":"product_cat-disposable-vape-collection","9":"product_cat-20k-puffs","11":"first","12":"instock","13":"sale","14":"shipping-taxable","15":"purchasable","16":"product-type-variable","17":"has-default-attributes"},"acf":[],"tiered_pricing_type":"fixed","tiered_pricing_fixed_rules":{"30":8.05,"60":7.36,"100":6.86,"200":6.29},"tiered_pricing_product_settings":{"layout":"default","base_unit_name":{"singular":null,"plural":null},"default_variation":null},"tiered_pricing_minimum_quantity":10,"tiered_pricing_roles_data":[],"tiered_pricing_percentage_rules":[],"tiered_pricing_maximum_quantity":null,"tiered_pricing_quantity_step":"10","_links":{"self":[{"href":"https:\/\/oiovape.com\/de\/wp-json\/wp\/v2\/product\/5494","targetHints":{"allow":["GET"]}}],"collection":[{"href":"https:\/\/oiovape.com\/de\/wp-json\/wp\/v2\/product"}],"about":[{"href":"https:\/\/oiovape.com\/de\/wp-json\/wp\/v2\/types\/product"}],"replies":[{"embeddable":true,"href":"https:\/\/oiovape.com\/de\/wp-json\/wp\/v2\/comments?post=5494"}],"version-history":[{"count":2,"href":"https:\/\/oiovape.com\/de\/wp-json\/wp\/v2\/product\/5494\/revisions"}],"predecessor-version":[{"id":8316,"href":"https:\/\/oiovape.com\/de\/wp-json\/wp\/v2\/product\/5494\/revisions\/8316"}],"wp:featuredmedia":[{"embeddable":true,"href":"https:\/\/oiovape.com\/de\/wp-json\/wp\/v2\/media\/5521"}],"wp:attachment":[{"href":"https:\/\/oiovape.com\/de\/wp-json\/wp\/v2\/media?parent=5494"}],"wp:term":[{"taxonomy":"product_brand","embeddable":true,"href":"https:\/\/oiovape.com\/de\/wp-json\/wp\/v2\/product_brand?post=5494"},{"taxonomy":"product_cat","embeddable":true,"href":"https:\/\/oiovape.com\/de\/wp-json\/wp\/v2\/product_cat?post=5494"},{"taxonomy":"product_tag","embeddable":true,"href":"https:\/\/oiovape.com\/de\/wp-json\/wp\/v2\/product_tag?post=5494"}],"curies":[{"name":"wp","href":"https:\/\/api.w.org\/{rel}","templated":true}]}}