{"id":5796,"date":"2026-01-22T11:12:33","date_gmt":"2026-01-22T03:12:33","guid":{"rendered":"https:\/\/oiovape.com\/?post_type=product&#038;p=5796"},"modified":"2026-04-14T17:37:14","modified_gmt":"2026-04-14T09:37:14","slug":"jnr-quads-4-in-1-120000-puffs","status":"publish","type":"product","link":"https:\/\/oiovape.com\/de\/product\/jnr-quads-4-in-1-120000-puffs\/","title":{"rendered":"JNR Quads 4 in 1 120000 PUFFS Smart Screen Display Disposable Vape With Quad Mesh Coil"},"content":{"rendered":"<div data-page-id=\"ZVeMfq8uxd7y1ycuKm5cym4LnYd\" data-lark-html-role=\"root\" data-docx-has-block-data=\"false\">\n<div data-page-id=\"Fd41fZ5N9dzRQtcRNoVc2FuDnCh\" data-lark-html-role=\"root\" data-docx-has-block-data=\"true\">\n<div data-page-id=\"BdIJfeeijdk1eucGpS8cDCBBn5c\" data-lark-html-role=\"root\" data-docx-has-block-data=\"false\">\n<div data-page-id=\"Zbg9fWx77dUuh2cIYpic25c8nyd\" data-lark-html-role=\"root\" data-docx-has-block-data=\"false\">\n<div data-page-id=\"KaIvfiurhdlCKdc0kyxcX64cnE6\" data-lark-html-role=\"root\" data-docx-has-block-data=\"true\">\n<div data-page-id=\"PbvFfqxqlddUTScRpEYcY5MHnpf\" data-lark-html-role=\"root\" data-docx-has-block-data=\"true\">\n<div data-page-id=\"GZO2f5JeudwY4jc9iJtcdk9Hnxh\" data-lark-html-role=\"root\" data-docx-has-block-data=\"false\">\n<div data-page-id=\"EZVRf2acFduXLGcseZFc4qH2n6e\" data-lark-html-role=\"root\" data-docx-has-block-data=\"false\">\n<div data-page-id=\"B8rHfcqlqdzmH5cCWCncz17Cntb\" data-lark-html-role=\"root\" data-docx-has-block-data=\"false\">\n<div data-page-id=\"B8rHfcqlqdzmH5cCWCncz17Cntb\" data-lark-html-role=\"root\" data-docx-has-block-data=\"false\">\n<div data-page-id=\"B8rHfcqlqdzmH5cCWCncz17Cntb\" data-lark-html-role=\"root\" data-docx-has-block-data=\"true\">\n<div data-page-id=\"HM70f1aoxdD0bMcxJZBcVc7ynZd\" data-lark-html-role=\"root\" data-docx-has-block-data=\"false\">\n<div data-page-id=\"NSrJfN7Ord22i0c1iwZcsF8yn8b\" data-lark-html-role=\"root\" data-docx-has-block-data=\"false\">\n<div data-page-id=\"RXEff4Mskds8o1cqL5HcGEtUnCh\" data-lark-html-role=\"root\" data-docx-has-block-data=\"false\">\n<div data-page-id=\"KJ7gfqkVndMSRJcMseScmvYwnTc\" data-lark-html-role=\"root\" data-docx-has-block-data=\"false\">\n<div class=\"ace-line ace-line old-record-id-QADAfETPudgmudc05YvcTO5fnxe\">\n<div data-page-id=\"KJ7gfqkVndMSRJcMseScmvYwnTc\" data-lark-html-role=\"root\" data-docx-has-block-data=\"false\">\n<div class=\"ace-line ace-line old-record-id-JoRkfpho8dOkiacEOascDyCOncb\">\n<div data-page-id=\"KJ7gfqkVndMSRJcMseScmvYwnTc\" data-lark-html-role=\"root\" data-docx-has-block-data=\"false\">\n<div data-page-id=\"Ju6ofQ3V4dGmePcVvJvc1gmcnZb\" data-lark-html-role=\"root\" data-docx-has-block-data=\"true\">\n<div data-page-id=\"PR9ife5PLdFabccbFgZcWgZOnTc\" data-lark-html-role=\"root\" data-docx-has-block-data=\"false\">\n<div data-page-id=\"INdrfOIGzdaenXcptrcc1BcznQc\" data-lark-html-role=\"root\" data-docx-has-block-data=\"false\">\n<div class=\"ace-line ace-line old-record-id-P0fIf4YaZdoGkbcxt5ackec2nnb\">\n<div data-page-id=\"INdrfOIGzdaenXcptrcc1BcznQc\" data-lark-html-role=\"root\" data-docx-has-block-data=\"false\">\n<div data-page-id=\"MAzCfUB73dMTQscm8eWcougVn1g\" data-lark-html-role=\"root\" data-docx-has-block-data=\"true\">\n<div data-page-id=\"AXfpf7H1odhDvGcKoUOcErN8nV7\" data-lark-html-role=\"root\" data-docx-has-block-data=\"false\">\n<div data-page-id=\"QYTKf5PvLdUNdbce2nBcW9yfnrh\" data-lark-html-role=\"root\" data-docx-has-block-data=\"false\">\n<div data-page-id=\"Pvu1f1CCBdxbjncA9pgcBTpanph\" data-lark-html-role=\"root\" data-docx-has-block-data=\"true\">\n<div data-page-id=\"Axf3fcmY8dDAhtcjVircBcphnPc\" data-lark-html-role=\"root\" data-docx-has-block-data=\"false\">\n<div data-page-id=\"KKj1f9SPmdLhhMc5E2AcNlLen6f\" data-lark-html-role=\"root\" data-docx-has-block-data=\"true\">\n<div data-page-id=\"Rx61fK1sJdXHjPcBuhZcweNhnwc\" data-lark-html-role=\"root\" data-docx-has-block-data=\"false\">\n<div data-page-id=\"L1H9fkG9Mdz45Fcy4WMc5VKXnRe\" data-lark-html-role=\"root\" data-docx-has-block-data=\"false\">\n<div data-page-id=\"L1H9fkG9Mdz45Fcy4WMc5VKXnRe\" data-lark-html-role=\"root\" data-docx-has-block-data=\"false\">\n<div data-page-id=\"D4XLfVBVrdE8mrcaYizczklLnaf\" data-lark-html-role=\"root\" data-docx-has-block-data=\"false\">\n<div data-page-id=\"WVcifIY44d5mhMcXtyEcTsfenGd\" data-lark-html-role=\"root\" data-docx-has-block-data=\"true\">\n<div data-page-id=\"LRknfa6Whd4DWCcUc0FcNKpJnyh\" data-lark-html-role=\"root\" data-docx-has-block-data=\"false\">\n<div data-page-id=\"LRknfa6Whd4DWCcUc0FcNKpJnyh\" data-lark-html-role=\"root\" data-docx-has-block-data=\"false\">\n<div data-page-id=\"XFRAfkcOEdRWh8cArQ2cJdyRnJf\" data-lark-html-role=\"root\" data-docx-has-block-data=\"true\">\n<div data-page-id=\"OQ3bfjnRddMTDGcC3ouc6xFKnWf\" data-lark-html-role=\"root\" data-docx-has-block-data=\"true\">\n<div data-page-id=\"J0iGfj1hEdjc4rcUdSmc4spMnmZ\" data-lark-html-role=\"root\" data-docx-has-block-data=\"false\">\n<div data-page-id=\"P1o7fFyNlduP8tcfZpQcagzbnIf\" data-lark-html-role=\"root\" data-docx-has-block-data=\"false\">\n<div class=\"ace-line ace-line old-record-id-P1o7fFyNlduP8tcfZpQcagzbnIf\">\n<div data-page-id=\"P1o7fFyNlduP8tcfZpQcagzbnIf\" data-lark-html-role=\"root\" data-docx-has-block-data=\"false\">\n<div data-page-id=\"U4iufW38SdttWKcTstMcTtHRnXc\" data-lark-html-role=\"root\" data-docx-has-block-data=\"true\">\n<div data-page-id=\"ONVMf7VTWddcFtcyATOchCJHnZb\" data-lark-html-role=\"root\" data-docx-has-block-data=\"true\">\n<div data-page-id=\"KoW2fSy0PdLHFlc5kSHcgvWMnYg\" data-lark-html-role=\"root\" data-docx-has-block-data=\"false\">\n<div data-page-id=\"KoW2fSy0PdLHFlc5kSHcgvWMnYg\" data-lark-html-role=\"root\" data-docx-has-block-data=\"false\">\n<div data-page-id=\"OLGhfzxC7d7EFIcLEj9cRT5ynZf\" data-lark-html-role=\"root\" data-docx-has-block-data=\"false\">\n<div data-page-id=\"DdnnfrLjzdqrFIc9Il9c7pA2noc\" data-lark-html-role=\"root\" data-docx-has-block-data=\"true\">\n<div data-page-id=\"KNzcf2o0oddkJOcztTVcqPdlnth\" data-lark-html-role=\"root\" data-docx-has-block-data=\"false\">\n<div data-page-id=\"LBU7fg5SEdkWhecGJoxca3xvnCe\" data-lark-html-role=\"root\" data-docx-has-block-data=\"false\">\n<div data-page-id=\"EB70fooS3d69bMcgWB7c5qb9n8g\" data-lark-html-role=\"root\" data-docx-has-block-data=\"false\">\n<div data-page-id=\"AogwfsZCadB6t0cAvF0cK4JLnvf\" data-lark-html-role=\"root\" data-docx-has-block-data=\"false\">\n<div data-page-id=\"AogwfsZCadB6t0cAvF0cK4JLnvf\" data-lark-html-role=\"root\" data-docx-has-block-data=\"false\">\n<div data-page-id=\"JMZIflNGddQuU0c5JZocSqlvnle\" data-lark-html-role=\"root\" data-docx-has-block-data=\"false\">\n<div data-page-id=\"JMZIflNGddQuU0c5JZocSqlvnle\" data-lark-html-role=\"root\" data-docx-has-block-data=\"true\">\n<div data-page-id=\"HtEafjjRIdPAlMc9zgYcsGy6nOe\" data-lark-html-role=\"root\" data-docx-has-block-data=\"false\">\n<div data-page-id=\"Rhnafz0WTdDeT9c43xxczsbVnJo\" data-lark-html-role=\"root\" data-docx-has-block-data=\"false\">\n<div data-page-id=\"WY0CfKdcTdf4hVcZl67ct5LGncf\" data-lark-html-role=\"root\" data-docx-has-block-data=\"true\">\n<div data-page-id=\"MkB5fF4AVdchovcoPEpc7LqvnOd\" data-lark-html-role=\"root\" data-docx-has-block-data=\"true\">\n<div data-page-id=\"MfbjfZhbhdJdA8cH1dAckqF0n6g\" data-lark-html-role=\"root\" data-docx-has-block-data=\"false\">\n<div class=\"ace-line ace-line old-record-id-W2AHfJLnjd7ugjcRLs1c8BdhnNh\">\n<div data-page-id=\"MfbjfZhbhdJdA8cH1dAckqF0n6g\" data-lark-html-role=\"root\" data-docx-has-block-data=\"false\">\n<div class=\"old-record-id-XXd1feeCZdR2hJc6evocxnh1nOg\">\n<div data-page-id=\"MfbjfZhbhdJdA8cH1dAckqF0n6g\" data-lark-html-role=\"root\" data-docx-has-block-data=\"false\">\n<div data-page-id=\"DE51fYUmxdT3ekcHzc3cGrVQnsc\" data-lark-html-role=\"root\" data-docx-has-block-data=\"false\">\n<div data-page-id=\"YSKdfaZ08dRej3ci5CccQBuOncc\" data-lark-html-role=\"root\" data-docx-has-block-data=\"true\">\n<div data-page-id=\"K6mofQmledamEFcgp1EcVobmnYd\" data-lark-html-role=\"root\" data-docx-has-block-data=\"false\">\n<h2 data-path-to-node=\"0\">JNR QUADS 4 in 1 120000 Puffs Disposable Vape<\/h2>\n<p data-path-to-node=\"1\">Hast du jemals das Gef\u00fchl gehabt, dass deine Geschmacksknospen in einer langweiligen, monogamen Beziehung mit einem einzigen Vape-Geschmack gefangen sind? Warum sich auf nur einen Vibe beschr\u00e4nken, wenn du ein ganzes Men\u00fc in deiner Tasche tragen kannst? Erlebe das ultimative Geschmacks-Wechsel-Monster mit dem JNR Quads 4in1 120K Puffs. Mit einer atemberaubenden, beispiellosen 120000 Z\u00fcge \u00fcber vier unterschiedliche Geschmacksprofile in einem einzigen Ger\u00e4t \u2013 das ist nicht nur ein Vape, sondern ein taschengro\u00dfer Vergn\u00fcgungspark f\u00fcr deine Sinne. \ud83c\udf53\u2728<\/p>\n<p><img decoding=\"async\" class=\"alignnone wp-image-5818 size-full\" title=\"JNR Quads Flavor 4 in 1 120k Detail-Poster\" src=\"https:\/\/oiovape.com\/wp-content\/uploads\/2026\/01\/JNR-Quads-Flavor-4-in-1-120k-Detail-Poster-scaled.jpg\" alt=\"JNR Quads Flavor 4 in 1 120k Detail-Poster\" width=\"2560\" height=\"1440\" srcset=\"https:\/\/oiovape.com\/wp-content\/uploads\/2026\/01\/JNR-Quads-Flavor-4-in-1-120k-Detail-Poster-scaled.jpg 2560w, https:\/\/oiovape.com\/wp-content\/uploads\/2026\/01\/JNR-Quads-Flavor-4-in-1-120k-Detail-Poster-scaled-150x84.jpg 150w, https:\/\/oiovape.com\/wp-content\/uploads\/2026\/01\/JNR-Quads-Flavor-4-in-1-120k-Detail-Poster-scaled-1200x675.jpg 1200w, https:\/\/oiovape.com\/wp-content\/uploads\/2026\/01\/JNR-Quads-Flavor-4-in-1-120k-Detail-Poster-300x169.jpg 300w, https:\/\/oiovape.com\/wp-content\/uploads\/2026\/01\/JNR-Quads-Flavor-4-in-1-120k-Detail-Poster-1024x576.jpg 1024w, https:\/\/oiovape.com\/wp-content\/uploads\/2026\/01\/JNR-Quads-Flavor-4-in-1-120k-Detail-Poster-768x432.jpg 768w, https:\/\/oiovape.com\/wp-content\/uploads\/2026\/01\/JNR-Quads-Flavor-4-in-1-120k-Detail-Poster-1536x864.jpg 1536w, https:\/\/oiovape.com\/wp-content\/uploads\/2026\/01\/JNR-Quads-Flavor-4-in-1-120k-Detail-Poster-2048x1152.jpg 2048w, https:\/\/oiovape.com\/wp-content\/uploads\/2026\/01\/JNR-Quads-Flavor-4-in-1-120k-Detail-Poster-18x10.jpg 18w\" sizes=\"(max-width: 2560px) 100vw, 2560px\" \/><\/p>\n<h2 data-path-to-node=\"2\">Die Architektur des Genusses: Tiefgreifender \u00dcberblick \u00fcber die Funktionen<\/h2>\n<h3 data-path-to-node=\"3\">\ud83d\udca1 Innovation: Das 4 in 1 Geschmacks-Drehrad<\/h3>\n<p data-path-to-node=\"4\">Stell dir das rotierende Mundst\u00fcck wie einen DJ-Plattenteller vor, aber anstatt Vinyl-Tracks zu drehen, stellst du nahtlos dein n\u00e4chstes sensorisches Erlebnis ein. Du bist nicht l\u00e4nger ein Opfer von Geschmacksm\u00fcdigkeit. Mit einer einfachen, befriedigenden Drehung der Oberseite gleitest du zwischen vier massiven, unabh\u00e4ngigen Tanks (4x15ml). M\u00fchelos? Absolut.<\/p>\n<h4 data-path-to-node=\"5\">\ud83d\udcf1 Das Kommandozentrum: Smart-Screen-\u00dcberwachung<\/h4>\n<p data-path-to-node=\"6\">Wer spielt gerne \u201cAkkulaufzeit-Roulette\u201d direkt vor einem Abend aus? Niemand. Bleibe vollst\u00e4ndig informiert mit einem klaren, Echtzeit-Smart-Screen-Display. Es fungiert als Mini-Dashboard und bietet sofortige, hochaufl\u00f6sende R\u00fcckmeldungen zu deinem Stromstand und deiner E-Liquid-Kapazit\u00e4t. Keine trockenen Z\u00fcge mehr und keine pl\u00f6tzlichen, tragischen Batteriefehler. Du hast immer die Kontrolle.<\/p>\n<h5 data-path-to-node=\"7\">\ud83c\udf00 Der Motor: Quad Mesh Coil Technologie<\/h5>\n<p data-path-to-node=\"8\">Anstelle eines einzelnen Solisten, der k\u00e4mpft, eine Melodie zu halten, nutzt der JNR Quads 4 in 1 120000 Puffs ein Barbershop-Quartett von Heizelementen. Das Quad Mesh Coil System arbeitet in perfekter thermischer Harmonie, um unm\u00f6glich dichten Dampf und ultra-reiche Geschmacksprofile zu liefern. Vom allerersten Zug bis zu deinem 120.000sten Puff bleibt die Geschmackstreue gewaltig pr\u00e4zise. Addiere die ergonomische Griffform, die sich in deine Handfl\u00e4che schmiegt, und eine kompromisslose 1000mAh-Batterie, und du hast ein Meisterwerk der t\u00e4glichen Ausdauer.<\/p>\n<h2 data-path-to-node=\"10\">\ud83c\udfa8 Verf\u00fcgbare Geschmacksauswahl<\/h2>\n<ol start=\"1\" data-path-to-node=\"11\">\n<li>\n<p data-path-to-node=\"11,0,0\">Sommerliche Pfirsiche + Erdbeere Eis + Wassermelone Eis + Schwarzes Eis<\/p>\n<\/li>\n<li>\n<p data-path-to-node=\"11,1,0\">Gemischte Beeren + Blaubeere Kirsche Preiselbeere + Blaubeere Saure Himbeere + Kirsche Beere<\/p>\n<\/li>\n<li>\n<p data-path-to-node=\"11,2,0\">Passionsfrucht Kiwi + Pfirsich Mango Ananas + Erdbeere Kiwi + Blaubeere Kiwi<\/p>\n<\/li>\n<li>\n<p data-path-to-node=\"11,3,0\">Kiwi Wassermelone Eis + Erdbeere Wassermelone Eis + Schwarzer Drache Eis + Erdbeere Kiwi<\/p>\n<\/li>\n<li>\n<p data-path-to-node=\"11,4,0\">Himbeere Orange + Blaubeere Saure Himbeere + JNR VC Boost + JNR Red Punch<\/p>\n<\/li>\n<li>\n<p data-path-to-node=\"11,5,0\">Doppelter Apfel + Dreifache Melone + Wassermelone Kaugummi + Erdbeere Banane<\/p>\n<\/li>\n<li>\n<p data-path-to-node=\"11,6,0\">Blaubeere Kirsche + Blaubeere Eis + Schwarzes Eis + Erdbeere Eis<\/p>\n<\/li>\n<li>\n<p data-path-to-node=\"11,7,0\">Pfirsich Mango Ananas + Passionsfrucht Kiwi + Cola Eis + Sommerliche Pfirsiche<\/p>\n<\/li>\n<li>\n<p data-path-to-node=\"11,8,0\">Tiger Blood + Passionsfrucht Kiwi + Doppelter Apfel + Fizzy Cola Kirsche<\/p>\n<\/li>\n<li>\n<p data-path-to-node=\"11,9,0\">Wassermelone Eis + Dreifache Melone + Erdbeere Wassermelone Eis + Kiwi Wassermelone Eis<\/p>\n<\/li>\n<\/ol>\n<h2 data-path-to-node=\"13\">\ud83d\udcca Technische Spezifikationsanalyse<\/h2>\n<table data-path-to-node=\"14\">\n<thead>\n<tr>\n<td><strong>Funktion<\/strong><\/td>\n<td><strong>JNR QUADS 4 in 1 120000 Puffs<\/strong><\/td>\n<\/tr>\n<\/thead>\n<tbody>\n<tr>\n<td><span data-path-to-node=\"14,1,0,0\"><b data-path-to-node=\"14,1,0,0\" data-index-in-node=\"0\">Zugkapazit\u00e4t<\/b><\/span><\/td>\n<td><span data-path-to-node=\"14,1,1,0\">Bis zu 120000 Z\u00fcge (Ultimative Vielfalt)<\/span><\/td>\n<\/tr>\n<tr>\n<td><span data-path-to-node=\"14,2,0,0\"><b data-path-to-node=\"14,2,0,0\" data-index-in-node=\"0\">E-Liquid-Kapazit\u00e4t<\/b><\/span><\/td>\n<td><span data-path-to-node=\"14,2,1,0\">60ml Gesamt (4 x 15ml Unabh\u00e4ngige Tanks)<\/span><\/td>\n<\/tr>\n<tr>\n<td><span data-path-to-node=\"14,3,0,0\"><b data-path-to-node=\"14,3,0,0\" data-index-in-node=\"0\">Tank-System<\/b><\/span><\/td>\n<td><span data-path-to-node=\"14,3,1,0\">4-in-1 nahtloser Rotationsmechanismus<\/span><\/td>\n<\/tr>\n<tr>\n<td><span data-path-to-node=\"14,4,0,0\"><b data-path-to-node=\"14,4,0,0\" data-index-in-node=\"0\">Coil-Technologie<\/b><\/span><\/td>\n<td><span data-path-to-node=\"14,4,1,0\">Hochleistungs-Quad-Mesh-Spule<\/span><\/td>\n<\/tr>\n<tr>\n<td><span data-path-to-node=\"14,5,0,0\"><b data-path-to-node=\"14,5,0,0\" data-index-in-node=\"0\">\u00dcberwachung<\/b><\/span><\/td>\n<td><span data-path-to-node=\"14,5,1,0\">Smart Digital Display (Akku &amp; Saft)<\/span><\/td>\n<\/tr>\n<tr>\n<td><span data-path-to-node=\"14,6,0,0\"><b data-path-to-node=\"14,6,0,0\" data-index-in-node=\"0\">Batterie &amp; Aufladung<\/b><\/span><\/td>\n<td><span data-path-to-node=\"14,6,1,0\">Robuster 1000mAh \/ Type-C Schnellladeanschluss<\/span><\/td>\n<\/tr>\n<tr>\n<td><span data-path-to-node=\"14,7,0,0\"><b data-path-to-node=\"14,7,0,0\" data-index-in-node=\"0\">Nikotinst\u00e4rke<\/b><\/span><\/td>\n<td><span data-path-to-node=\"14,7,1,0\">2% Nikotin<\/span><\/td>\n<\/tr>\n<\/tbody>\n<\/table>\n<div style=\"width: 1920px;\" class=\"wp-video\"><video class=\"wp-video-shortcode\" id=\"video-5796-1\" width=\"1920\" height=\"1080\" preload=\"metadata\" controls=\"controls\"><source type=\"video\/mp4\" src=\"https:\/\/oiovape.com\/wp-content\/uploads\/2026\/04\/JNR-Quads-4-in-1-120K-Video.mp4?_=1\" \/><a href=\"https:\/\/oiovape.com\/wp-content\/uploads\/2026\/04\/JNR-Quads-4-in-1-120K-Video.mp4\">https:\/\/oiovape.com\/wp-content\/uploads\/2026\/04\/JNR-Quads-4-in-1-120K-Video.mp4<\/a><\/video><\/div>\n<h2 data-path-to-node=\"16\">JNR Quads 4 in 1 120000 Z\u00fcge \u2013 H\u00e4ufig gestellte Fragen \ud83d\ude4b\u200d\u2640\ufe0f<\/h2>\n<p data-path-to-node=\"17\"><b data-path-to-node=\"17\" data-index-in-node=\"0\">F: Ist der Wechsel zwischen Geschmacksrichtungen m\u00fchsam?<\/b><\/p>\n<p data-path-to-node=\"17\"><b data-path-to-node=\"17\" data-index-in-node=\"42\">A:<\/b> \u00dcberhaupt nicht! Der Mechanismus ist v\u00f6llig nahtlos. Drehen Sie einfach das Mundst\u00fcckkomponente, bis Sie ein zufriedenstellendes Klicken sp\u00fcren; dies richtet den neuen Geschmackstank perfekt zur Spule aus. Keine Tasten, kein Durchsuchen von Einstellungsmen\u00fcs \u2013 nur eine sofortige Geschmacks\u00e4nderung auf Abruf.<\/p>\n<p data-path-to-node=\"18\"><b data-path-to-node=\"18\" data-index-in-node=\"0\">F: Wie kann ein einzelnes Ger\u00e4t m\u00f6glicherweise 120000 Z\u00fcge halten?<\/b><\/p>\n<p data-path-to-node=\"18\"><b data-path-to-node=\"18\" data-index-in-node=\"56\">A:<\/b> Es geht um das massive 60-ml-Gesamtsaftreservoir (aufgeteilt in vier 15-ml-Tanks), unterst\u00fctzt durch einen hocheffizienten, wiederaufladbaren 1000-mAh-Akku. W\u00e4hrend die Langlebigkeit davon abh\u00e4ngt, wie tief Sie ziehen, wird dieses Ger\u00e4t f\u00fcr die \u00fcberwiegende Mehrheit der Benutzer Wochen oder sogar Monate Nutzung ohne Probleme durchhalten.<\/p>\n<p data-path-to-node=\"19\"><b data-path-to-node=\"19\" data-index-in-node=\"0\">F: Muss ich ein Vape-Experte sein, um dies zu verwenden?<\/b><\/p>\n<p data-path-to-node=\"19\"><b data-path-to-node=\"19\" data-index-in-node=\"46\">A:<\/b> Brauchen Sie einen Abschluss in Ingenieurwesen, um einen Lichtschalter umzulegen? Absolut nicht! Trotz seiner fortschrittlichen Technologie bleibt es im Kern ein echtes Einwegger\u00e4t. Es ist kein unordentliches Nachf\u00fcllen oder Spulenwechsel erforderlich. Auspacken, zur gew\u00fcnschten Geschmacksrichtung drehen und das Ger\u00e4t die schwere Arbeit erledigen lassen.<\/p>\n<p data-path-to-node=\"20\"><b data-path-to-node=\"20\" data-index-in-node=\"0\">F: Muss ich ein Vape-Experte sein, um dieses Ger\u00e4t zu verwenden?<\/b> <b data-path-to-node=\"20\" data-index-in-node=\"53\">A:<\/b> Brauchen Sie einen Abschluss in Ingenieurwesen, um einen Lichtschalter umzulegen? Absolut nicht! Trotz seiner fortschrittlichen Technologie bleibt es im Kern ein echtes Einwegger\u00e4t. Es ist kein unordentliches Nachf\u00fcllen oder Spulenwechsel erforderlich. Auspacken, zur gew\u00fcnschten Geschmacksrichtung drehen und das Ger\u00e4t die schwere Arbeit erledigen lassen.<\/p>\n<p data-path-to-node=\"21\"><b data-path-to-node=\"21\" data-index-in-node=\"0\">F: Warum sollte ich die JNR QUADS 4 in 1 120K f\u00fcr mein Gesch\u00e4ft \u00fcber OioVape beziehen?<\/b> <b data-path-to-node=\"21\" data-index-in-node=\"70\">A:<\/b> OioVape ist Ihr Premier-B2B-Partner f\u00fcr den europ\u00e4ischen Markt. Wir bieten unschlagbare Direktpreise ab Werk und versenden alle Gro\u00dfhandelsbestellungen direkt aus unserem deutschen Logistikzentrum. Dies garantiert schnelle, sichere und problemlose Lieferungen nach Frankreich, Italien, Spanien und in den Rest der EU, um Ihre Regale gef\u00fcllt und Ihre Kunden zufrieden zu halten.<\/p>\n<\/div>\n<\/div>\n<\/div>\n<\/div>\n<\/div>\n<\/div>\n<\/div>\n<\/div>\n<\/div>\n<\/div>\n<\/div>\n<\/div>\n<\/div>\n<\/div>\n<\/div>\n<\/div>\n<\/div>\n<\/div>\n<\/div>\n<\/div>\n<\/div>\n<\/div>\n<\/div>\n<\/div>\n<\/div>\n<\/div>\n<\/div>\n<\/div>\n<\/div>\n<\/div>\n<\/div>\n<\/div>\n<\/div>\n<\/div>\n<\/div>\n<\/div>\n<\/div>\n<\/div>\n<\/div>\n<\/div>\n<\/div>\n<\/div>\n<\/div>\n<\/div>\n<\/div>\n<\/div>\n<\/div>\n<\/div>\n<\/div>\n<\/div>\n<\/div>\n<\/div>\n<\/div>\n<\/div>\n<\/div>\n<\/div>\n<\/div>\n<\/div>\n<\/div>\n<\/div>\n<\/div>\n<\/div>\n<\/div>\n<\/div>\n<\/div>\n<\/div>\n<\/div>\n<\/div>","protected":false},"excerpt":{"rendered":"<div data-page-id=\"RAopf2sw9dtvw4cWYXpcTwo0n8g\" data-lark-html-role=\"root\" data-docx-has-block-data=\"false\">\n<div class=\"ace-line ace-line old-record-id-Uju9f3RXYd8dh2crAJbcBF3Un6M\">JNR Quads 4 in 1 120000 Z\u00fcge Disposable Vape mit 10 epischen Geschmackskombinationen. Drehen Sie das Mundst\u00fcck, um m\u00fchelos zwischen Geschmacksrichtungen zu wechseln, und die Quad-Mesh-Spule erm\u00f6glicht dichten Dampf und kr\u00e4ftigen Geschmack. Ein intelligentes Display zeigt Echtzeit-Statistiken an, und der ergonomische Griff f\u00fchlt sich den ganzen Tag gro\u00dfartig an \u2013 ideal f\u00fcr Dampfer, die Geschmacksrichtungen erkunden!<\/div>\n<\/div>","protected":false},"featured_media":5833,"comment_status":"open","ping_status":"closed","template":"","meta":{"_acf_changed":false,"inline_featured_image":false,"_sitemap_exclude":false,"_sitemap_priority":"","_sitemap_frequency":""},"product_brand":[88],"product_cat":[77,239,241],"product_tag":[],"class_list":{"0":"post-5796","1":"product","2":"type-product","3":"status-publish","4":"has-post-thumbnail","6":"product_brand-jnr","7":"product_cat-jnr-puff","8":"product_cat-disposable-vape-collection","9":"product_cat-120k-puff","11":"first","12":"instock","13":"sale","14":"shipping-taxable","15":"purchasable","16":"product-type-variable","17":"has-default-attributes"},"acf":[],"tiered_pricing_type":"fixed","tiered_pricing_fixed_rules":{"30":9.92,"60":9.05,"100":8.45,"200":7.86},"tiered_pricing_product_settings":{"layout":"default","base_unit_name":{"singular":null,"plural":null},"default_variation":null},"tiered_pricing_minimum_quantity":10,"tiered_pricing_roles_data":[],"tiered_pricing_percentage_rules":[],"tiered_pricing_maximum_quantity":null,"tiered_pricing_quantity_step":"10","_links":{"self":[{"href":"https:\/\/oiovape.com\/de\/wp-json\/wp\/v2\/product\/5796","targetHints":{"allow":["GET"]}}],"collection":[{"href":"https:\/\/oiovape.com\/de\/wp-json\/wp\/v2\/product"}],"about":[{"href":"https:\/\/oiovape.com\/de\/wp-json\/wp\/v2\/types\/product"}],"replies":[{"embeddable":true,"href":"https:\/\/oiovape.com\/de\/wp-json\/wp\/v2\/comments?post=5796"}],"version-history":[{"count":6,"href":"https:\/\/oiovape.com\/de\/wp-json\/wp\/v2\/product\/5796\/revisions"}],"predecessor-version":[{"id":8338,"href":"https:\/\/oiovape.com\/de\/wp-json\/wp\/v2\/product\/5796\/revisions\/8338"}],"wp:featuredmedia":[{"embeddable":true,"href":"https:\/\/oiovape.com\/de\/wp-json\/wp\/v2\/media\/5833"}],"wp:attachment":[{"href":"https:\/\/oiovape.com\/de\/wp-json\/wp\/v2\/media?parent=5796"}],"wp:term":[{"taxonomy":"product_brand","embeddable":true,"href":"https:\/\/oiovape.com\/de\/wp-json\/wp\/v2\/product_brand?post=5796"},{"taxonomy":"product_cat","embeddable":true,"href":"https:\/\/oiovape.com\/de\/wp-json\/wp\/v2\/product_cat?post=5796"},{"taxonomy":"product_tag","embeddable":true,"href":"https:\/\/oiovape.com\/de\/wp-json\/wp\/v2\/product_tag?post=5796"}],"curies":[{"name":"wp","href":"https:\/\/api.w.org\/{rel}","templated":true}]}}