{"id":5939,"date":"2026-01-23T11:13:20","date_gmt":"2026-01-23T03:13:20","guid":{"rendered":"https:\/\/oiovape.com\/?post_type=product&#038;p=5939"},"modified":"2026-04-15T17:38:18","modified_gmt":"2026-04-15T09:38:18","slug":"fizzy-twins-50000-puffs","status":"publish","type":"product","link":"https:\/\/oiovape.com\/de\/product\/fizzy-twins-50000-puffs\/","title":{"rendered":"Fizzy Twins 50000 PUFFS 2 in 1 Geschmack LED-Anzeige 850mAh Akku wiederaufladbarer Einweg-Vape-Stift"},"content":{"rendered":"<div data-page-id=\"ZVeMfq8uxd7y1ycuKm5cym4LnYd\" data-lark-html-role=\"root\" data-docx-has-block-data=\"false\">\n<div data-page-id=\"Fd41fZ5N9dzRQtcRNoVc2FuDnCh\" data-lark-html-role=\"root\" data-docx-has-block-data=\"true\">\n<div data-page-id=\"BdIJfeeijdk1eucGpS8cDCBBn5c\" data-lark-html-role=\"root\" data-docx-has-block-data=\"false\">\n<div data-page-id=\"Zbg9fWx77dUuh2cIYpic25c8nyd\" data-lark-html-role=\"root\" data-docx-has-block-data=\"false\">\n<div data-page-id=\"KaIvfiurhdlCKdc0kyxcX64cnE6\" data-lark-html-role=\"root\" data-docx-has-block-data=\"true\">\n<div data-page-id=\"PbvFfqxqlddUTScRpEYcY5MHnpf\" data-lark-html-role=\"root\" data-docx-has-block-data=\"true\">\n<div data-page-id=\"GZO2f5JeudwY4jc9iJtcdk9Hnxh\" data-lark-html-role=\"root\" data-docx-has-block-data=\"false\">\n<div data-page-id=\"EZVRf2acFduXLGcseZFc4qH2n6e\" data-lark-html-role=\"root\" data-docx-has-block-data=\"false\">\n<div data-page-id=\"B8rHfcqlqdzmH5cCWCncz17Cntb\" data-lark-html-role=\"root\" data-docx-has-block-data=\"false\">\n<div data-page-id=\"B8rHfcqlqdzmH5cCWCncz17Cntb\" data-lark-html-role=\"root\" data-docx-has-block-data=\"false\">\n<div data-page-id=\"B8rHfcqlqdzmH5cCWCncz17Cntb\" data-lark-html-role=\"root\" data-docx-has-block-data=\"true\">\n<div data-page-id=\"HM70f1aoxdD0bMcxJZBcVc7ynZd\" data-lark-html-role=\"root\" data-docx-has-block-data=\"false\">\n<div data-page-id=\"NSrJfN7Ord22i0c1iwZcsF8yn8b\" data-lark-html-role=\"root\" data-docx-has-block-data=\"false\">\n<div data-page-id=\"RXEff4Mskds8o1cqL5HcGEtUnCh\" data-lark-html-role=\"root\" data-docx-has-block-data=\"false\">\n<div data-page-id=\"KJ7gfqkVndMSRJcMseScmvYwnTc\" data-lark-html-role=\"root\" data-docx-has-block-data=\"false\">\n<div class=\"ace-line ace-line old-record-id-QADAfETPudgmudc05YvcTO5fnxe\">\n<div data-page-id=\"KJ7gfqkVndMSRJcMseScmvYwnTc\" data-lark-html-role=\"root\" data-docx-has-block-data=\"false\">\n<div class=\"ace-line ace-line old-record-id-JoRkfpho8dOkiacEOascDyCOncb\">\n<div data-page-id=\"KJ7gfqkVndMSRJcMseScmvYwnTc\" data-lark-html-role=\"root\" data-docx-has-block-data=\"false\">\n<div data-page-id=\"Ju6ofQ3V4dGmePcVvJvc1gmcnZb\" data-lark-html-role=\"root\" data-docx-has-block-data=\"true\">\n<div data-page-id=\"PR9ife5PLdFabccbFgZcWgZOnTc\" data-lark-html-role=\"root\" data-docx-has-block-data=\"false\">\n<div data-page-id=\"INdrfOIGzdaenXcptrcc1BcznQc\" data-lark-html-role=\"root\" data-docx-has-block-data=\"false\">\n<div class=\"ace-line ace-line old-record-id-P0fIf4YaZdoGkbcxt5ackec2nnb\">\n<div data-page-id=\"INdrfOIGzdaenXcptrcc1BcznQc\" data-lark-html-role=\"root\" data-docx-has-block-data=\"false\">\n<div data-page-id=\"MAzCfUB73dMTQscm8eWcougVn1g\" data-lark-html-role=\"root\" data-docx-has-block-data=\"true\">\n<div data-page-id=\"AXfpf7H1odhDvGcKoUOcErN8nV7\" data-lark-html-role=\"root\" data-docx-has-block-data=\"false\">\n<div data-page-id=\"QYTKf5PvLdUNdbce2nBcW9yfnrh\" data-lark-html-role=\"root\" data-docx-has-block-data=\"false\">\n<div data-page-id=\"Pvu1f1CCBdxbjncA9pgcBTpanph\" data-lark-html-role=\"root\" data-docx-has-block-data=\"true\">\n<div data-page-id=\"Axf3fcmY8dDAhtcjVircBcphnPc\" data-lark-html-role=\"root\" data-docx-has-block-data=\"false\">\n<div data-page-id=\"KKj1f9SPmdLhhMc5E2AcNlLen6f\" data-lark-html-role=\"root\" data-docx-has-block-data=\"true\">\n<div data-page-id=\"Rx61fK1sJdXHjPcBuhZcweNhnwc\" data-lark-html-role=\"root\" data-docx-has-block-data=\"false\">\n<div data-page-id=\"L1H9fkG9Mdz45Fcy4WMc5VKXnRe\" data-lark-html-role=\"root\" data-docx-has-block-data=\"false\">\n<div data-page-id=\"L1H9fkG9Mdz45Fcy4WMc5VKXnRe\" data-lark-html-role=\"root\" data-docx-has-block-data=\"false\">\n<div data-page-id=\"D4XLfVBVrdE8mrcaYizczklLnaf\" data-lark-html-role=\"root\" data-docx-has-block-data=\"false\">\n<div data-page-id=\"WVcifIY44d5mhMcXtyEcTsfenGd\" data-lark-html-role=\"root\" data-docx-has-block-data=\"true\">\n<div data-page-id=\"LRknfa6Whd4DWCcUc0FcNKpJnyh\" data-lark-html-role=\"root\" data-docx-has-block-data=\"false\">\n<div data-page-id=\"LRknfa6Whd4DWCcUc0FcNKpJnyh\" data-lark-html-role=\"root\" data-docx-has-block-data=\"false\">\n<div data-page-id=\"XFRAfkcOEdRWh8cArQ2cJdyRnJf\" data-lark-html-role=\"root\" data-docx-has-block-data=\"true\">\n<div data-page-id=\"OQ3bfjnRddMTDGcC3ouc6xFKnWf\" data-lark-html-role=\"root\" data-docx-has-block-data=\"true\">\n<div data-page-id=\"J0iGfj1hEdjc4rcUdSmc4spMnmZ\" data-lark-html-role=\"root\" data-docx-has-block-data=\"false\">\n<div data-page-id=\"P1o7fFyNlduP8tcfZpQcagzbnIf\" data-lark-html-role=\"root\" data-docx-has-block-data=\"false\">\n<div class=\"ace-line ace-line old-record-id-P1o7fFyNlduP8tcfZpQcagzbnIf\">\n<div data-page-id=\"P1o7fFyNlduP8tcfZpQcagzbnIf\" data-lark-html-role=\"root\" data-docx-has-block-data=\"false\">\n<div data-page-id=\"U4iufW38SdttWKcTstMcTtHRnXc\" data-lark-html-role=\"root\" data-docx-has-block-data=\"true\">\n<div data-page-id=\"ONVMf7VTWddcFtcyATOchCJHnZb\" data-lark-html-role=\"root\" data-docx-has-block-data=\"true\">\n<div data-page-id=\"KoW2fSy0PdLHFlc5kSHcgvWMnYg\" data-lark-html-role=\"root\" data-docx-has-block-data=\"false\">\n<div data-page-id=\"KoW2fSy0PdLHFlc5kSHcgvWMnYg\" data-lark-html-role=\"root\" data-docx-has-block-data=\"false\">\n<div data-page-id=\"OLGhfzxC7d7EFIcLEj9cRT5ynZf\" data-lark-html-role=\"root\" data-docx-has-block-data=\"false\">\n<div data-page-id=\"DdnnfrLjzdqrFIc9Il9c7pA2noc\" data-lark-html-role=\"root\" data-docx-has-block-data=\"true\">\n<div data-page-id=\"KNzcf2o0oddkJOcztTVcqPdlnth\" data-lark-html-role=\"root\" data-docx-has-block-data=\"false\">\n<div data-page-id=\"LBU7fg5SEdkWhecGJoxca3xvnCe\" data-lark-html-role=\"root\" data-docx-has-block-data=\"false\">\n<div data-page-id=\"EB70fooS3d69bMcgWB7c5qb9n8g\" data-lark-html-role=\"root\" data-docx-has-block-data=\"false\">\n<div data-page-id=\"AogwfsZCadB6t0cAvF0cK4JLnvf\" data-lark-html-role=\"root\" data-docx-has-block-data=\"false\">\n<div data-page-id=\"AogwfsZCadB6t0cAvF0cK4JLnvf\" data-lark-html-role=\"root\" data-docx-has-block-data=\"false\">\n<div data-page-id=\"JMZIflNGddQuU0c5JZocSqlvnle\" data-lark-html-role=\"root\" data-docx-has-block-data=\"false\">\n<div data-page-id=\"JMZIflNGddQuU0c5JZocSqlvnle\" data-lark-html-role=\"root\" data-docx-has-block-data=\"true\">\n<div data-page-id=\"HtEafjjRIdPAlMc9zgYcsGy6nOe\" data-lark-html-role=\"root\" data-docx-has-block-data=\"false\">\n<div data-page-id=\"Rhnafz0WTdDeT9c43xxczsbVnJo\" data-lark-html-role=\"root\" data-docx-has-block-data=\"false\">\n<div data-page-id=\"WY0CfKdcTdf4hVcZl67ct5LGncf\" data-lark-html-role=\"root\" data-docx-has-block-data=\"true\">\n<div data-page-id=\"MkB5fF4AVdchovcoPEpc7LqvnOd\" data-lark-html-role=\"root\" data-docx-has-block-data=\"true\">\n<div data-page-id=\"MfbjfZhbhdJdA8cH1dAckqF0n6g\" data-lark-html-role=\"root\" data-docx-has-block-data=\"false\">\n<div class=\"ace-line ace-line old-record-id-W2AHfJLnjd7ugjcRLs1c8BdhnNh\">\n<div data-page-id=\"MfbjfZhbhdJdA8cH1dAckqF0n6g\" data-lark-html-role=\"root\" data-docx-has-block-data=\"false\">\n<div class=\"old-record-id-XXd1feeCZdR2hJc6evocxnh1nOg\">\n<div data-page-id=\"MfbjfZhbhdJdA8cH1dAckqF0n6g\" data-lark-html-role=\"root\" data-docx-has-block-data=\"false\">\n<div data-page-id=\"DE51fYUmxdT3ekcHzc3cGrVQnsc\" data-lark-html-role=\"root\" data-docx-has-block-data=\"false\">\n<div data-page-id=\"YSKdfaZ08dRej3ci5CccQBuOncc\" data-lark-html-role=\"root\" data-docx-has-block-data=\"true\">\n<div data-page-id=\"K6mofQmledamEFcgp1EcVobmnYd\" data-lark-html-role=\"root\" data-docx-has-block-data=\"false\">\n<div data-page-id=\"VTgsfVLdCd9q1ucYcwRcCM0Hnof\" data-lark-html-role=\"root\" data-docx-has-block-data=\"true\">\n<div data-page-id=\"WucKfzp8RdNy8rcMJHncz4Knnac\" data-lark-html-role=\"root\" data-docx-has-block-data=\"true\">\n<h2 data-path-to-node=\"0\">Wer sagt, dass Sie bei Ihren Geschmacksrichtungen treu sein m\u00fcssen?<\/h2>\n<h3 data-path-to-node=\"1\">Fizzy Twins 50000 Puffs: Eintritt in die \u00c4ra der \u201cGeschmacksspaltung\u201d<\/h3>\n<p data-path-to-node=\"2\">Wenn Sie sich immer noch qu\u00e4len, welchen Geschmack Sie sich f\u00fcr Ihre n\u00e4chste Vape vornehmen sollen, die <b data-path-to-node=\"2\" data-index-in-node=\"83\">Fizzy Twins 50000<\/b> <strong>Z\u00fcge<\/strong> hat das Dilemma bereits gel\u00f6st. Warum sollten Sie Ihren Gaumen in die Eint\u00f6nigkeit eines einzigen Profils sperren? Dies ist nicht nur eine Disposable Vape; es ist Ihre tragbare Mixologie-Station, die es Ihren Geschmacksknospen erm\u00f6glicht, zwischen zwei unterschiedlichen sensorischen Festm\u00e4hlern zu h\u00fcpfen. Es ist das \u201cAlter Ego\u201d des Vapings, das Ihre wechselnden Stimmungen wirklich versteht.<\/p>\n<div style=\"width: 1920px;\" class=\"wp-video\"><video class=\"wp-video-shortcode\" id=\"video-5939-1\" width=\"1920\" height=\"1080\" preload=\"metadata\" controls=\"controls\"><source type=\"video\/mp4\" src=\"https:\/\/oiovape.com\/wp-content\/uploads\/2026\/04\/Fizzy-Twins-50K-Video.mp4?_=1\" \/><a href=\"https:\/\/oiovape.com\/wp-content\/uploads\/2026\/04\/Fizzy-Twins-50K-Video.mp4\">https:\/\/oiovape.com\/wp-content\/uploads\/2026\/04\/Fizzy-Twins-50K-Video.mp4<\/a><\/video><\/div>\n<h2 data-path-to-node=\"4\">\ud83c\udfd7\ufe0f Hardware-Ehrgeiz: Ein 50-Kilometer-\u201cMarathon des Geschmacks\u201d<\/h2>\n<p data-path-to-node=\"5\">Die Geburt dieses Ger\u00e4ts f\u00fchlt sich wie eine Herausforderung an die Grenzen der Disposable-Langlebigkeit an. <b data-path-to-node=\"5\" data-index-in-node=\"92\">50000 Z\u00fcgen<\/b> ist nicht nur eine Statistik; es bedeutet, dass das, was Sie in der Hand halten, kein fl\u00fcchtiges Verbrauchsmaterial mehr ist, sondern ein langfristiger Waffenbruder, der Sie wochenlang, wenn nicht monatelang, begleitet.<\/p>\n<h3 data-path-to-node=\"6\">\ud83d\udca7 Dual-Tank-Architektur: Souver\u00e4ne Geschmacksgebiete<\/h3>\n<p data-path-to-node=\"7\">Im Inneren des Fizzy Twins befinden sich zwei v\u00f6llig unabh\u00e4ngige <b data-path-to-node=\"7\" data-index-in-node=\"54\">25ml<\/b> Beh\u00e4lter. Stellen Sie sich vor, Sie h\u00e4tten die knackige Frische eines Fr\u00fchlingsmorgens in Ihrer linken Hand und die reiche Intensit\u00e4t einer Mitternachtsausschweifung in Ihrer rechten Hand. Mit einem Schalter teleportieren Sie sich zwischen zwei v\u00f6llig unterschiedlichen Seelen.<\/p>\n<h4 data-path-to-node=\"8\">1. Die 50ml \u201cTankwagen\u201d-Kapazit\u00e4t<\/h4>\n<p data-path-to-node=\"9\">Mit einer erstaunlichen Gesamtmenge von <b data-path-to-node=\"9\" data-index-in-node=\"27\">50ml<\/b> E-Liquid ist dies effektiv der \u201cTankwagen\u201d der Vaping-Welt. Es beseitigt \u201cNachf\u00fcll-Angst\u201d vollst\u00e4ndig und stellt sicher, dass jeder Zug so herzhaft und aufrichtig ist wie der erste.<\/p>\n<h4 data-path-to-node=\"10\">2. Mesh Coil Technologie: Pr\u00e4zisions-Skulpturierung jeder Wolke<\/h4>\n<p data-path-to-node=\"11\">Ausgestattet mit dualen Mesh Coils, fungiert diese Technologie wie ein Anzug aus Pr\u00e4zisionsr\u00fcstung f\u00fcr Ihr E-Liquid. Durch das Erhitzen der Fl\u00fcssigkeit mit chirurgischer Gleichm\u00e4\u00dfigkeit wird sichergestellt, dass vom Zug #1 bis zum Zug #50.000 der Geschmack lebendig bleibt \u2013 niemals dem frustrierenden verbrannten Geschmack erliegt, wenn der Saft zur Neige geht.<\/p>\n<h2 data-path-to-node=\"13\">\ud83c\udfae Die Kontrollfreak-Fingerspitzen-Fantasie: Tiefe Anpassung<\/h2>\n<p data-path-to-node=\"14\">Was bringt Technologie, wenn man sie nicht befehligen kann? Die Fizzy Twins 50000 Puffs Dual Flavors Disposable Vape gew\u00e4hrt Ihnen totale Souver\u00e4nit\u00e4t \u00fcber Ihr Erlebnis und verwandelt jeden Zug in ein Ritual, das dem Fahren eines High-Performance-Supersportwagens \u00e4hnelt.<\/p>\n<h3 data-path-to-node=\"15\">\ud83c\udfce\ufe0f Leistungsmodi: Von einem \u201cgem\u00fctlichen Spaziergang\u201d bis zu einem \u201cwilden Sprint\u201d<\/h3>\n<p data-path-to-node=\"16\">Dieses Ger\u00e4t verf\u00fcgt \u00fcber einen integrierten <b data-path-to-node=\"16\" data-index-in-node=\"35\">2-Modus-Wechsel<\/b>. Haben Sie das Gef\u00fchl, dass der Dampf mehr \u201cBiss\u201d braucht? Wechseln Sie zu <b data-path-to-node=\"16\" data-index-in-node=\"103\">Boost-Modus<\/b> um das volle Potenzial des Heizelements zu entfesseln und verdoppeln Sie sofort die Wolkendichte und Geschmacksintensit\u00e4t.<\/p>\n<h4 data-path-to-node=\"17\">\ud83c\udf9a\ufe0f Unabh\u00e4ngige Luftstromregelung<\/h4>\n<p data-path-to-node=\"18\">Die Schieber an der Basis sind nicht nur zur Zierde. Magst du den engen, restriktiven Zug (MTL), der eine traditionelle Zigarette nachahmt? Oder m\u00f6chtest du die Tore weit \u00f6ffnen f\u00fcr ein wolkiges DTL-Erlebnis (Direct-to-Lung)? Schiebe den Regler, und der Rhythmus der Luft liegt in deiner Hand.<\/p>\n<h3 data-path-to-node=\"19\">\ud83d\udcca LED Smart Cockpit: Kein \u201cRatespiel\u201d beim Dampfen mehr<\/h3>\n<p data-path-to-node=\"20\">Die Vorderseite des Geh\u00e4uses verf\u00fcgt \u00fcber einen hochaufl\u00f6senden LED-Bildschirm. Dampfen ist kein Ratespiel mehr. Dein <b data-path-to-node=\"20\" data-index-in-node=\"106\">Batterieprozentsatz<\/b>, <b data-path-to-node=\"20\" data-index-in-node=\"126\">aktiver Geschmack<\/b>, <b data-path-to-node=\"20\" data-index-in-node=\"141\">Leistungsmodus<\/b>, und sogar die verbleibende Lebensdauer werden in klarer, digitaler Detailgenauigkeit angezeigt.<\/p>\n<h5 data-path-to-node=\"21\">\ud83d\udd0b Das 850mAh \u201cHerz\u201d mit Type-C Schnellladung<\/h5>\n<p data-path-to-node=\"22\">Angetrieben von einer hochkapazitiven <b data-path-to-node=\"22\" data-index-in-node=\"27\">850mAh<\/b> Lithium-Batterie und einem Standard-Type-C-Anschluss, selbst wenn dir der Saft ausgeht, erreichst du eine \u201cvollst\u00e4ndige Auferstehung\u201d in der Zeit, die du f\u00fcr eine Mittagspause brauchst.<\/p>\n<h2 data-path-to-node=\"24\">\ud83c\udf79 12 Experimente in \u201cKonflikt und Fusion\u201d \u2013 Fizzy Twins 50000 Z\u00fcge<\/h2>\n<p data-path-to-node=\"25\">Wir haben 12 duale Geschmackskombinationen kuratiert, jede ein sorgf\u00e4ltig choreografiertes Duett f\u00fcr deine Sinne.<\/p>\n<ol start=\"1\" data-path-to-node=\"26\">\n<li>\n<p data-path-to-node=\"26,0,0\"><b data-path-to-node=\"26,0,0\" data-index-in-node=\"0\">Wassermelonen-Eis &amp; Erdbeer-Kiwi<\/b> \u2013 Der knackige Biss von gefrorenem Wassermelone trifft auf den s\u00fc\u00dflich-s\u00e4uerlichen Schlag von Erdbeere-Kiwi.<\/p>\n<\/li>\n<li>\n<p data-path-to-node=\"26,1,0\"><b data-path-to-node=\"26,1,0\" data-index-in-node=\"0\">Erdbeer-Kiwi-Granatapfel &amp; Red Bull<\/b> \u2013 Ein Frucht-Trio trifft auf eine chemische Reaktion mit dem ikonischen Energie-Kick.<\/p>\n<\/li>\n<li>\n<p data-path-to-node=\"26,2,0\"><b data-path-to-node=\"26,2,0\" data-index-in-node=\"0\">Heidelbeer-Kokos &amp; Trauben-Eis<\/b> \u2013 Cremige Blaubeere-Kokosnuss wechselt nahtlos in eine kalte, lineare Traubenwelt.<\/p>\n<\/li>\n<li>\n<p data-path-to-node=\"26,3,0\"><b data-path-to-node=\"26,3,0\" data-index-in-node=\"0\">Blaue Razz-Limonade &amp; Triple Melone<\/b> \u2013 Der Geschmack von Blue Razz Limonade verwoben mit einer honigs\u00fc\u00dfen Dreifach-Melonen-Melodie.<\/p>\n<\/li>\n<li>\n<p data-path-to-node=\"26,4,0\"><b data-path-to-node=\"26,4,0\" data-index-in-node=\"0\">Erdbeer-Wassermelone &amp; Heidelbeer-Eis<\/b> \u2013 Eine klassische rosa Romanze trifft auf eine tiefblaue gefrorene Tundra.<\/p>\n<\/li>\n<li>\n<p data-path-to-node=\"26,5,0\"><b data-path-to-node=\"26,5,0\" data-index-in-node=\"0\">Pfirsich-Mango-Wassermelone &amp; Erdbeer-Banane<\/b> \u2013 Ein tropischer Sturm verschmolzen mit der seideigen, cremigen Textur von Erdbeere-Banane.<\/p>\n<\/li>\n<li>\n<p data-path-to-node=\"26,6,0\"><b data-path-to-node=\"26,6,0\" data-index-in-node=\"0\">Himbeer-Wassermelone &amp; Kiwi-Passionsfrucht-Guave<\/b> \u2013 Wilde Beeren-Energie gegen\u00fcber exotischer tropischer Royalit\u00e4t.<\/p>\n<\/li>\n<li>\n<p data-path-to-node=\"26,7,0\"><b data-path-to-node=\"26,7,0\" data-index-in-node=\"0\">Ananas-Pfirsich-Passionsfrucht &amp; Heidelbeer-Himbeere<\/b> \u2013 Sonnenverw\u00f6hnte goldene Fr\u00fcchte blickend auf violette Waldsch\u00e4tze.<\/p>\n<\/li>\n<li>\n<p data-path-to-node=\"26,8,0\"><b data-path-to-node=\"26,8,0\" data-index-in-node=\"0\">Wassermelonen-Eis &amp; Zitronen-Limette<\/b> \u2013 Reine gefrorene Wassermelone gepaart mit einem Weckruf von w\u00fcrziger Zitrone-Limette.<\/p>\n<\/li>\n<li>\n<p data-path-to-node=\"26,9,0\"><b data-path-to-node=\"26,9,0\" data-index-in-node=\"0\">Gemischte Beeren &amp; Pfirsich-Eis<\/b> \u2013 Ein Wildbeeren-Karneval erbl\u00fchend unter einer Schicht s\u00fc\u00dfer, eisiger Pfirsich.<\/p>\n<\/li>\n<li>\n<p data-path-to-node=\"26,10,0\"><b data-path-to-node=\"26,10,0\" data-index-in-node=\"0\">Erdbeer-Eis &amp; Sprudelnde Kirsche<\/b> \u2013 Eisige Erdbeere und kohlens\u00e4urehaltiger Kirsche: im Grunde ein Sommersoda in Dampfform.<\/p>\n<\/li>\n<li>\n<p data-path-to-node=\"26,11,0\"><b data-path-to-node=\"26,11,0\" data-index-in-node=\"0\">Himbeer-Limonade &amp; Erdbeer-Eis<\/b> \u2013 Ein w\u00fcrziger Himbeere-Zitrus-Punch gefolgt von einem sanften, Erdbeere-Eis-Finish.<\/p>\n<\/li>\n<\/ol>\n<h2 data-path-to-node=\"28\">\ud83d\udee0\ufe0f Master-Spezifikationen: Die Referenz des Hardcore-Spielers<\/h2>\n<table data-path-to-node=\"29\">\n<thead>\n<tr>\n<td><strong>Funktion<\/strong><\/td>\n<td><strong>Technische Details<\/strong><\/td>\n<\/tr>\n<\/thead>\n<tbody>\n<tr>\n<td><span data-path-to-node=\"29,1,0,0\"><b data-path-to-node=\"29,1,0,0\" data-index-in-node=\"0\">Gesamtz\u00fcge<\/b><\/span><\/td>\n<td><span data-path-to-node=\"29,1,1,0\">Ca. 50000 Z\u00fcge (Nutzungsabh\u00e4ngig)<\/span><\/td>\n<\/tr>\n<tr>\n<td><span data-path-to-node=\"29,2,0,0\"><b data-path-to-node=\"29,2,0,0\" data-index-in-node=\"0\">Gesamte E-Fl\u00fcssigkeit<\/b><\/span><\/td>\n<td><span data-path-to-node=\"29,2,1,0\">50ml (Dual 25ml Tanks)<\/span><\/td>\n<\/tr>\n<tr>\n<td><span data-path-to-node=\"29,3,0,0\"><b data-path-to-node=\"29,3,0,0\" data-index-in-node=\"0\">Batteriekapazit\u00e4t<\/b><\/span><\/td>\n<td><span data-path-to-node=\"29,3,1,0\">850mAh wiederaufladbar<\/span><\/td>\n<\/tr>\n<tr>\n<td><span data-path-to-node=\"29,4,0,0\"><b data-path-to-node=\"29,4,0,0\" data-index-in-node=\"0\">Nikotinst\u00e4rke<\/b><\/span><\/td>\n<td><span data-path-to-node=\"29,4,1,0\">2% \/ 5% Optionen<\/span><\/td>\n<\/tr>\n<tr>\n<td><span data-path-to-node=\"29,5,0,0\"><b data-path-to-node=\"29,5,0,0\" data-index-in-node=\"0\">Ladeanschluss<\/b><\/span><\/td>\n<td><span data-path-to-node=\"29,5,1,0\">High-Speed Type-C<\/span><\/td>\n<\/tr>\n<tr>\n<td><span data-path-to-node=\"29,6,0,0\"><b data-path-to-node=\"29,6,0,0\" data-index-in-node=\"0\">Heizelement<\/b><\/span><\/td>\n<td><span data-path-to-node=\"29,6,1,0\">Ultimate Dual Mesh Coil<\/span><\/td>\n<\/tr>\n<tr>\n<td><span data-path-to-node=\"29,7,0,0\"><b data-path-to-node=\"29,7,0,0\" data-index-in-node=\"0\">Schnittstelle<\/b><\/span><\/td>\n<td><span data-path-to-node=\"29,7,1,0\">HD Vollfarb-LED Smart Screen<\/span><\/td>\n<\/tr>\n<tr>\n<td><span data-path-to-node=\"29,8,0,0\"><b data-path-to-node=\"29,8,0,0\" data-index-in-node=\"0\">Luftstromkontrolle<\/b><\/span><\/td>\n<td><span data-path-to-node=\"29,8,1,0\">Unabh\u00e4ngige Dual Side-Slider<\/span><\/td>\n<\/tr>\n<\/tbody>\n<\/table>\n<div class=\"mceTemp\"><\/div>\n<p><img decoding=\"async\" class=\"alignnone wp-image-5941 size-full\" title=\"FIZZY Zwillinge 50k Spezifikation\" src=\"https:\/\/oiovape.com\/wp-content\/uploads\/2026\/01\/FIZZY-Twins-50k-specification-scaled.jpg\" alt=\"FIZZY Zwillinge 50k Spezifikation\" width=\"1647\" height=\"2560\" srcset=\"https:\/\/oiovape.com\/wp-content\/uploads\/2026\/01\/FIZZY-Twins-50k-specification-scaled.jpg 1647w, https:\/\/oiovape.com\/wp-content\/uploads\/2026\/01\/FIZZY-Twins-50k-specification-scaled-150x233.jpg 150w, https:\/\/oiovape.com\/wp-content\/uploads\/2026\/01\/FIZZY-Twins-50k-specification-scaled-1200x1865.jpg 1200w, https:\/\/oiovape.com\/wp-content\/uploads\/2026\/01\/FIZZY-Twins-50k-specification-193x300.jpg 193w, https:\/\/oiovape.com\/wp-content\/uploads\/2026\/01\/FIZZY-Twins-50k-specification-659x1024.jpg 659w, https:\/\/oiovape.com\/wp-content\/uploads\/2026\/01\/FIZZY-Twins-50k-specification-768x1194.jpg 768w, https:\/\/oiovape.com\/wp-content\/uploads\/2026\/01\/FIZZY-Twins-50k-specification-988x1536.jpg 988w, https:\/\/oiovape.com\/wp-content\/uploads\/2026\/01\/FIZZY-Twins-50k-specification-1318x2048.jpg 1318w, https:\/\/oiovape.com\/wp-content\/uploads\/2026\/01\/FIZZY-Twins-50k-specification-8x12.jpg 8w\" sizes=\"(max-width: 1647px) 100vw, 1647px\" \/><\/p>\n<h2 data-path-to-node=\"31\">\ud83e\udd14 H\u00e4ufig gestellte Fragen: Alles, was Sie wissen m\u00fcssen<\/h2>\n<h4 data-path-to-node=\"32\">F1: Vermischen sich die Aromen, wenn ich wechsle?<\/h4>\n<p data-path-to-node=\"33\">Absolut nicht. Der Fizzy Twins 50K nutzt vollst\u00e4ndig isolierte Dampfwege und separate Beh\u00e4lter. Sie k\u00f6nnen Kan\u00e4le sofort wechseln und von einem Extrem zum anderen gehen, ohne dass Aromen vermischt werden.<\/p>\n<h4 data-path-to-node=\"34\">F2: K\u00f6nnen 50000 Z\u00fcge wirklich so lange halten?<\/h4>\n<p data-path-to-node=\"35\">Das h\u00e4ngt davon ab, wie sehr Sie es \u201cbelasten\u201d. F\u00fcr einen gelegentlichen Dampfer kann es leicht \u00fcber einen Monat halten; selbst f\u00fcr einen Cloud-Chaser macht seine Ausdauer die meisten Konkurrenten wie Anf\u00e4nger aussehen.<\/p>\n<h4 data-path-to-node=\"36\">F3: Verbraucht der \u201cBoost-Modus\u201d den Saft schneller?<\/h4>\n<p data-path-to-node=\"37\">Ja. Der Boost-Modus bietet einen intensiveren Halsschlag und gr\u00f6\u00dfere Wolken, was nat\u00fcrlich den E-Fl\u00fcssigkeitsverbrauch erh\u00f6ht. Wir empfehlen, ihn zu verwenden, wenn Sie diesen zus\u00e4tzlichen \u201cKick\u201d brauchen, und den Normalmodus f\u00fcr den ganzt\u00e4gigen Betrieb zu nutzen.<\/p>\n<h4 data-path-to-node=\"38\">F4: Ist dieses Ger\u00e4t zu komplex f\u00fcr Anf\u00e4nger?<\/h4>\n<p data-path-to-node=\"39\">Stellen Sie sich es als Luxusauto mit Automatikgetriebe vor. W\u00e4hrend die Funktionen fortgeschritten sind, ist die Bedienung intuitiv. Der zugaktivierte Mechanismus bedeutet, dass Sie nicht einmal einen Knopf dr\u00fccken m\u00fcssen, um zu dampfen. Einfach einatmen und los geht's.<\/p>\n<blockquote data-path-to-node=\"41\">\n<p data-path-to-node=\"41,0\"><b data-path-to-node=\"41,0\" data-index-in-node=\"0\">Fizzy Twins 50000 Z\u00fcge<\/b>: H\u00f6ren Sie auf, Kompromisse einzugehen. Wenn Sie alles haben k\u00f6nnen, warum sich mit der H\u00e4lfte zufriedengeben? Finden Sie heute Ihre \u201cSeelenverwandte\u201d (oder zwei)!<\/p>\n<\/blockquote>\n<\/div>\n<\/div>\n<\/div>\n<\/div>\n<\/div>\n<\/div>\n<\/div>\n<\/div>\n<\/div>\n<\/div>\n<\/div>\n<\/div>\n<\/div>\n<\/div>\n<\/div>\n<\/div>\n<\/div>\n<\/div>\n<\/div>\n<\/div>\n<\/div>\n<\/div>\n<\/div>\n<\/div>\n<\/div>\n<\/div>\n<\/div>\n<\/div>\n<\/div>\n<\/div>\n<\/div>\n<\/div>\n<\/div>\n<\/div>\n<\/div>\n<\/div>\n<\/div>\n<\/div>\n<\/div>\n<\/div>\n<\/div>\n<\/div>\n<\/div>\n<\/div>\n<\/div>\n<\/div>\n<\/div>\n<\/div>\n<\/div>\n<\/div>\n<\/div>\n<\/div>\n<\/div>\n<\/div>\n<\/div>\n<\/div>\n<\/div>\n<\/div>\n<\/div>\n<\/div>\n<\/div>\n<\/div>\n<\/div>\n<\/div>\n<\/div>\n<\/div>\n<\/div>\n<\/div>\n<\/div>\n<\/div>","protected":false},"excerpt":{"rendered":"<div data-page-id=\"RAopf2sw9dtvw4cWYXpcTwo0n8g\" data-lark-html-role=\"root\" data-docx-has-block-data=\"false\">\n<div class=\"ace-line ace-line old-record-id-Uju9f3RXYd8dh2crAJbcBF3Un6M\">Fizzy Twins 50000 Puffs definiert das Dampfen mit dualen Aromen neu und bietet 12 exquisite fruchtige und eisige Mischungen. Es verf\u00fcgt \u00fcber eine Mesh-Spule, 2 Modi, 2 Luftstr\u00f6me und einen wiederaufladbaren 850mAh Akku vom Typ C mit LED-Anzeige. 50ml E-Liquid, 2%\/5% Nikotinalternativen bieten langanhaltenden, anpassbaren und sanften Dampfgenuss f\u00fcr jeden Gaumen.<\/div>\n<\/div>","protected":false},"featured_media":5953,"comment_status":"open","ping_status":"closed","template":"","meta":{"_acf_changed":false,"inline_featured_image":false,"_sitemap_exclude":false,"_sitemap_priority":"","_sitemap_frequency":""},"product_brand":[297],"product_cat":[298,239,243,229],"product_tag":[],"class_list":{"0":"post-5939","1":"product","2":"type-product","3":"status-publish","4":"has-post-thumbnail","6":"product_brand-fizzy","7":"product_cat-fizzy-puff","8":"product_cat-disposable-vape-collection","9":"product_cat-50k-puff","10":"product_cat-ship-from-german","12":"first","13":"instock","14":"sale","15":"shipping-taxable","16":"purchasable","17":"product-type-variable","18":"has-default-attributes"},"acf":[],"tiered_pricing_type":"fixed","tiered_pricing_fixed_rules":{"30":10.85,"60":9.6,"100":8.99,"200":8.37},"tiered_pricing_product_settings":{"layout":"default","base_unit_name":{"singular":null,"plural":null},"default_variation":null},"tiered_pricing_minimum_quantity":null,"tiered_pricing_roles_data":[],"tiered_pricing_percentage_rules":[],"tiered_pricing_maximum_quantity":null,"tiered_pricing_quantity_step":"10","_links":{"self":[{"href":"https:\/\/oiovape.com\/de\/wp-json\/wp\/v2\/product\/5939","targetHints":{"allow":["GET"]}}],"collection":[{"href":"https:\/\/oiovape.com\/de\/wp-json\/wp\/v2\/product"}],"about":[{"href":"https:\/\/oiovape.com\/de\/wp-json\/wp\/v2\/types\/product"}],"replies":[{"embeddable":true,"href":"https:\/\/oiovape.com\/de\/wp-json\/wp\/v2\/comments?post=5939"}],"version-history":[{"count":3,"href":"https:\/\/oiovape.com\/de\/wp-json\/wp\/v2\/product\/5939\/revisions"}],"predecessor-version":[{"id":8373,"href":"https:\/\/oiovape.com\/de\/wp-json\/wp\/v2\/product\/5939\/revisions\/8373"}],"wp:featuredmedia":[{"embeddable":true,"href":"https:\/\/oiovape.com\/de\/wp-json\/wp\/v2\/media\/5953"}],"wp:attachment":[{"href":"https:\/\/oiovape.com\/de\/wp-json\/wp\/v2\/media?parent=5939"}],"wp:term":[{"taxonomy":"product_brand","embeddable":true,"href":"https:\/\/oiovape.com\/de\/wp-json\/wp\/v2\/product_brand?post=5939"},{"taxonomy":"product_cat","embeddable":true,"href":"https:\/\/oiovape.com\/de\/wp-json\/wp\/v2\/product_cat?post=5939"},{"taxonomy":"product_tag","embeddable":true,"href":"https:\/\/oiovape.com\/de\/wp-json\/wp\/v2\/product_tag?post=5939"}],"curies":[{"name":"wp","href":"https:\/\/api.w.org\/{rel}","templated":true}]}}